{"id":63523,"date":"2022-01-23T11:24:22","date_gmt":"2022-01-23T10:24:22","guid":{"rendered":"http:\/\/turismo.benicassim.es\/?post_type=product&#038;p=63523"},"modified":"2022-04-06T13:38:45","modified_gmt":"2022-04-06T11:38:45","slug":"nos-vamos-de-festival-yincana-musical","status":"publish","type":"product","link":"https:\/\/turismo.benicassim.es\/va\/producte\/nos-vamos-de-festival-yincana-musical\/","title":{"rendered":"Ens anem de festival! Gimcana musical. 13 d&#8217;abril &#8211; 11:00 h."},"content":{"rendered":"<p><strong>Dimecres 13 d&#8217;abril (11.00 hores)<\/strong><\/p>\n<p><b>Lloc: <\/b>Pla\u00e7a de les Corts Valencianes https:\/\/goo.gl\/maps\/j9wnyu4tmkch6uer8<\/p>\n<p><b>Duraci\u00f3: <\/b>2 hores.<\/p>\n<p><b>Dist\u00e0ncia:<\/b> 1,5 Km.<\/p>\n<p><b>Dificultat:<\/b> baixa.<\/p>\n<p><b>Preu: <\/b>3 \u20ac (1,5 \u20ac redu\u00efda).<\/p>\n<p><b>Descripci\u00f3:<\/b> Benic\u00e0ssim \u00e9s sin\u00f2nim de m\u00fasica: flamenc, jazz, blues, rock and roll, pop independent, reggae i moltes m\u00e9s es donen cita al llarg de l&#8217;any als seus carrers i en el recinte de festivals de l&#8217;arxiconegut FIB. Amb una emocionant i sonora gimcana, i amb la participaci\u00f3 sorpresa d&#8217;un dels organitzadors del m\u00e9s gran festival que ac\u00ed se celebra, introduirem a grans i xicotets en una de les cultures m\u00e9s sanes que existeixen: la de l&#8217;amor incondicional a la m\u00fasica.<\/p>\n<p><strong>Recomanacions:<\/strong> P\u00fablic familiar. Durant la prestaci\u00f3 del servei no est\u00e0 perm\u00e9s l&#8217;acc\u00e9s amb animals (excepte gossos guia o d&#8217;assist\u00e8ncia).<\/p>\n<p>&nbsp;<\/p>\n","protected":false},"excerpt":{"rendered":"<p>Dimecres 13 d&#8217;abril (11.00 hores) Lloc: Pla\u00e7a de les Corts Valencianes https:\/\/goo.gl\/maps\/j9wnyu4tmkch6uer8 Duraci\u00f3: 2 hores. Dist\u00e0ncia: 1,5 Km. Dificultat: baixa. Preu: 3 \u20ac (1,5 \u20ac redu\u00efda). Descripci\u00f3: Benic\u00e0ssim \u00e9s sin\u00f2nim de m\u00fasica: flamenc, jazz, blues, rock and roll, pop independent, reggae i moltes m\u00e9s es donen cita al llarg de l&#8217;any als seus carrers i [&hellip;]<\/p>\n","protected":false},"featured_media":63534,"template":"","meta":{"_acf_changed":false},"product_brand":[],"product_cat":[376],"product_tag":[339],"class_list":{"0":"post-63523","1":"product","2":"type-product","3":"status-publish","4":"has-post-thumbnail","6":"product_cat-nos-vamos-de-festival-yincana-musical-va","7":"product_tag-programa-oficial-de-visitas-guiadas-va","9":"first","10":"instock","11":"shipping-taxable","12":"purchasable","13":"product-type-variable"},"acf":[],"yoast_head":"<!-- This site is optimized with the Yoast SEO plugin v27.1.1 - https:\/\/yoast.com\/product\/yoast-seo-wordpress\/ -->\n<title>Ens anem de festival! Gimcana musical. 13 d&#039;abril - 11:00 h. - Benic\u00e0ssim Turismo<\/title>\n<meta name=\"robots\" content=\"index, follow, max-snippet:-1, max-image-preview:large, max-video-preview:-1\" \/>\n<link rel=\"canonical\" href=\"https:\/\/turismo.benicassim.es\/va\/producte\/nos-vamos-de-festival-yincana-musical\/\" \/>\n<meta property=\"og:locale\" content=\"en_US\" \/>\n<meta property=\"og:type\" content=\"article\" \/>\n<meta property=\"og:title\" content=\"Ens anem de festival! Gimcana musical. 13 d&#039;abril - 11:00 h. - Benic\u00e0ssim Turismo\" \/>\n<meta property=\"og:description\" content=\"Dimecres 13 d&#8217;abril (11.00 hores) Lloc: Pla\u00e7a de les Corts Valencianes https:\/\/goo.gl\/maps\/j9wnyu4tmkch6uer8 Duraci\u00f3: 2 hores. Dist\u00e0ncia: 1,5 Km. Dificultat: baixa. Preu: 3 \u20ac (1,5 \u20ac redu\u00efda). Descripci\u00f3: Benic\u00e0ssim \u00e9s sin\u00f2nim de m\u00fasica: flamenc, jazz, blues, rock and roll, pop independent, reggae i moltes m\u00e9s es donen cita al llarg de l&#8217;any als seus carrers i [&hellip;]\" \/>\n<meta property=\"og:url\" content=\"https:\/\/turismo.benicassim.es\/va\/producte\/nos-vamos-de-festival-yincana-musical\/\" \/>\n<meta property=\"og:site_name\" content=\"Benic\u00e0ssim Turismo\" \/>\n<meta property=\"article:modified_time\" content=\"2022-04-06T11:38:45+00:00\" \/>\n<meta property=\"og:image\" content=\"https:\/\/turismo.benicassim.es\/wp-content\/uploads\/2022\/01\/ninos-bailando-ninos-ninas-bailando-juntos-alegremente_99715-175.jpg\" \/>\n\t<meta property=\"og:image:width\" content=\"626\" \/>\n\t<meta property=\"og:image:height\" content=\"351\" \/>\n\t<meta property=\"og:image:type\" content=\"image\/jpeg\" \/>\n<meta name=\"twitter:card\" content=\"summary_large_image\" \/>\n<meta name=\"twitter:label1\" content=\"Est. reading time\" \/>\n\t<meta name=\"twitter:data1\" content=\"1 minute\" \/>\n<script type=\"application\/ld+json\" class=\"yoast-schema-graph\">{\"@context\":\"https:\/\/schema.org\",\"@graph\":[{\"@type\":\"WebPage\",\"@id\":\"https:\/\/turismo.benicassim.es\/va\/producte\/nos-vamos-de-festival-yincana-musical\/\",\"url\":\"https:\/\/turismo.benicassim.es\/va\/producte\/nos-vamos-de-festival-yincana-musical\/\",\"name\":\"Ens anem de festival! Gimcana musical. 13 d'abril - 11:00 h. - Benic\u00e0ssim Turismo\",\"isPartOf\":{\"@id\":\"https:\/\/turismo.benicassim.es\/va\/#website\"},\"primaryImageOfPage\":{\"@id\":\"https:\/\/turismo.benicassim.es\/va\/producte\/nos-vamos-de-festival-yincana-musical\/#primaryimage\"},\"image\":{\"@id\":\"https:\/\/turismo.benicassim.es\/va\/producte\/nos-vamos-de-festival-yincana-musical\/#primaryimage\"},\"thumbnailUrl\":\"https:\/\/turismo.benicassim.es\/wp-content\/uploads\/2022\/01\/ninos-bailando-ninos-ninas-bailando-juntos-alegremente_99715-175.jpg\",\"datePublished\":\"2022-01-23T10:24:22+00:00\",\"dateModified\":\"2022-04-06T11:38:45+00:00\",\"breadcrumb\":{\"@id\":\"https:\/\/turismo.benicassim.es\/va\/producte\/nos-vamos-de-festival-yincana-musical\/#breadcrumb\"},\"inLanguage\":\"ca-CA\",\"potentialAction\":[{\"@type\":\"ReadAction\",\"target\":[\"https:\/\/turismo.benicassim.es\/va\/producte\/nos-vamos-de-festival-yincana-musical\/\"]}]},{\"@type\":\"ImageObject\",\"inLanguage\":\"ca-CA\",\"@id\":\"https:\/\/turismo.benicassim.es\/va\/producte\/nos-vamos-de-festival-yincana-musical\/#primaryimage\",\"url\":\"https:\/\/turismo.benicassim.es\/wp-content\/uploads\/2022\/01\/ninos-bailando-ninos-ninas-bailando-juntos-alegremente_99715-175.jpg\",\"contentUrl\":\"https:\/\/turismo.benicassim.es\/wp-content\/uploads\/2022\/01\/ninos-bailando-ninos-ninas-bailando-juntos-alegremente_99715-175.jpg\",\"width\":626,\"height\":351},{\"@type\":\"BreadcrumbList\",\"@id\":\"https:\/\/turismo.benicassim.es\/va\/producte\/nos-vamos-de-festival-yincana-musical\/#breadcrumb\",\"itemListElement\":[{\"@type\":\"ListItem\",\"position\":1,\"name\":\"Inicio\",\"item\":\"https:\/\/turismo.benicassim.es\/va\/\"},{\"@type\":\"ListItem\",\"position\":2,\"name\":\"Tenda\",\"item\":\"https:\/\/turismo.benicassim.es\/va\/tenda\/\"},{\"@type\":\"ListItem\",\"position\":3,\"name\":\"Ens anem de festival! Gimcana musical. 13 d&#8217;abril &#8211; 11:00 h.\"}]},{\"@type\":\"WebSite\",\"@id\":\"https:\/\/turismo.benicassim.es\/va\/#website\",\"url\":\"https:\/\/turismo.benicassim.es\/va\/\",\"name\":\"Benic\u00e0ssim Turismo\",\"description\":\"Web de informaci\u00f3n de Turismo en Benicasim\",\"potentialAction\":[{\"@type\":\"SearchAction\",\"target\":{\"@type\":\"EntryPoint\",\"urlTemplate\":\"https:\/\/turismo.benicassim.es\/va\/?s={search_term_string}\"},\"query-input\":{\"@type\":\"PropertyValueSpecification\",\"valueRequired\":true,\"valueName\":\"search_term_string\"}}],\"inLanguage\":\"ca-CA\"}]}<\/script>\n<!-- \/ Yoast SEO plugin. -->","yoast_head_json":{"title":"Ens anem de festival! Gimcana musical. 13 d'abril - 11:00 h. - Benic\u00e0ssim Turismo","robots":{"index":"index","follow":"follow","max-snippet":"max-snippet:-1","max-image-preview":"max-image-preview:large","max-video-preview":"max-video-preview:-1"},"canonical":"https:\/\/turismo.benicassim.es\/va\/producte\/nos-vamos-de-festival-yincana-musical\/","og_locale":"en_US","og_type":"article","og_title":"Ens anem de festival! Gimcana musical. 13 d'abril - 11:00 h. - Benic\u00e0ssim Turismo","og_description":"Dimecres 13 d&#8217;abril (11.00 hores) Lloc: Pla\u00e7a de les Corts Valencianes https:\/\/goo.gl\/maps\/j9wnyu4tmkch6uer8 Duraci\u00f3: 2 hores. Dist\u00e0ncia: 1,5 Km. Dificultat: baixa. Preu: 3 \u20ac (1,5 \u20ac redu\u00efda). Descripci\u00f3: Benic\u00e0ssim \u00e9s sin\u00f2nim de m\u00fasica: flamenc, jazz, blues, rock and roll, pop independent, reggae i moltes m\u00e9s es donen cita al llarg de l&#8217;any als seus carrers i [&hellip;]","og_url":"https:\/\/turismo.benicassim.es\/va\/producte\/nos-vamos-de-festival-yincana-musical\/","og_site_name":"Benic\u00e0ssim Turismo","article_modified_time":"2022-04-06T11:38:45+00:00","og_image":[{"width":626,"height":351,"url":"https:\/\/turismo.benicassim.es\/wp-content\/uploads\/2022\/01\/ninos-bailando-ninos-ninas-bailando-juntos-alegremente_99715-175.jpg","type":"image\/jpeg"}],"twitter_card":"summary_large_image","twitter_misc":{"Est. reading time":"1 minute"},"schema":{"@context":"https:\/\/schema.org","@graph":[{"@type":"WebPage","@id":"https:\/\/turismo.benicassim.es\/va\/producte\/nos-vamos-de-festival-yincana-musical\/","url":"https:\/\/turismo.benicassim.es\/va\/producte\/nos-vamos-de-festival-yincana-musical\/","name":"Ens anem de festival! Gimcana musical. 13 d'abril - 11:00 h. - Benic\u00e0ssim Turismo","isPartOf":{"@id":"https:\/\/turismo.benicassim.es\/va\/#website"},"primaryImageOfPage":{"@id":"https:\/\/turismo.benicassim.es\/va\/producte\/nos-vamos-de-festival-yincana-musical\/#primaryimage"},"image":{"@id":"https:\/\/turismo.benicassim.es\/va\/producte\/nos-vamos-de-festival-yincana-musical\/#primaryimage"},"thumbnailUrl":"https:\/\/turismo.benicassim.es\/wp-content\/uploads\/2022\/01\/ninos-bailando-ninos-ninas-bailando-juntos-alegremente_99715-175.jpg","datePublished":"2022-01-23T10:24:22+00:00","dateModified":"2022-04-06T11:38:45+00:00","breadcrumb":{"@id":"https:\/\/turismo.benicassim.es\/va\/producte\/nos-vamos-de-festival-yincana-musical\/#breadcrumb"},"inLanguage":"ca-CA","potentialAction":[{"@type":"ReadAction","target":["https:\/\/turismo.benicassim.es\/va\/producte\/nos-vamos-de-festival-yincana-musical\/"]}]},{"@type":"ImageObject","inLanguage":"ca-CA","@id":"https:\/\/turismo.benicassim.es\/va\/producte\/nos-vamos-de-festival-yincana-musical\/#primaryimage","url":"https:\/\/turismo.benicassim.es\/wp-content\/uploads\/2022\/01\/ninos-bailando-ninos-ninas-bailando-juntos-alegremente_99715-175.jpg","contentUrl":"https:\/\/turismo.benicassim.es\/wp-content\/uploads\/2022\/01\/ninos-bailando-ninos-ninas-bailando-juntos-alegremente_99715-175.jpg","width":626,"height":351},{"@type":"BreadcrumbList","@id":"https:\/\/turismo.benicassim.es\/va\/producte\/nos-vamos-de-festival-yincana-musical\/#breadcrumb","itemListElement":[{"@type":"ListItem","position":1,"name":"Inicio","item":"https:\/\/turismo.benicassim.es\/va\/"},{"@type":"ListItem","position":2,"name":"Tenda","item":"https:\/\/turismo.benicassim.es\/va\/tenda\/"},{"@type":"ListItem","position":3,"name":"Ens anem de festival! Gimcana musical. 13 d&#8217;abril &#8211; 11:00 h."}]},{"@type":"WebSite","@id":"https:\/\/turismo.benicassim.es\/va\/#website","url":"https:\/\/turismo.benicassim.es\/va\/","name":"Benic\u00e0ssim Turismo","description":"Web de informaci\u00f3n de Turismo en Benicasim","potentialAction":[{"@type":"SearchAction","target":{"@type":"EntryPoint","urlTemplate":"https:\/\/turismo.benicassim.es\/va\/?s={search_term_string}"},"query-input":{"@type":"PropertyValueSpecification","valueRequired":true,"valueName":"search_term_string"}}],"inLanguage":"ca-CA"}]}},"_links":{"self":[{"href":"https:\/\/turismo.benicassim.es\/va\/wp-json\/wp\/v2\/product\/63523","targetHints":{"allow":["GET"]}}],"collection":[{"href":"https:\/\/turismo.benicassim.es\/va\/wp-json\/wp\/v2\/product"}],"about":[{"href":"https:\/\/turismo.benicassim.es\/va\/wp-json\/wp\/v2\/types\/product"}],"wp:featuredmedia":[{"embeddable":true,"href":"https:\/\/turismo.benicassim.es\/va\/wp-json\/wp\/v2\/media\/63534"}],"wp:attachment":[{"href":"https:\/\/turismo.benicassim.es\/va\/wp-json\/wp\/v2\/media?parent=63523"}],"wp:term":[{"taxonomy":"product_brand","embeddable":true,"href":"https:\/\/turismo.benicassim.es\/va\/wp-json\/wp\/v2\/product_brand?post=63523"},{"taxonomy":"product_cat","embeddable":true,"href":"https:\/\/turismo.benicassim.es\/va\/wp-json\/wp\/v2\/product_cat?post=63523"},{"taxonomy":"product_tag","embeddable":true,"href":"https:\/\/turismo.benicassim.es\/va\/wp-json\/wp\/v2\/product_tag?post=63523"}],"curies":[{"name":"wp","href":"https:\/\/api.w.org\/{rel}","templated":true}]}}