{"id":64036,"date":"2022-01-25T13:33:55","date_gmt":"2022-01-25T12:33:55","guid":{"rendered":"http:\/\/turismo.benicassim.es\/producto\/descubre-todos-los-secretos-de-la-naranja-2-2\/"},"modified":"2022-03-25T14:25:56","modified_gmt":"2022-03-25T13:25:56","slug":"descubre-todos-los-secretos-de-la-naranja-2-2","status":"publish","type":"product","link":"https:\/\/turismo.benicassim.es\/va\/producte\/descubre-todos-los-secretos-de-la-naranja-2-2\/","title":{"rendered":"Descobreix tots els secrets de la taronja"},"content":{"rendered":"<p><strong>Dissabte 16 d&#8217;abril (10.00 hores)<\/strong><\/p>\n<p><b>Lloc:<\/b> Oficina de Turisme Casa Abadia (C\/ Sant Tom\u00e0s, 74)<\/p>\n<p><b>Duraci\u00f3:<\/b> 4 hores.<\/p>\n<p><b>Dist\u00e0ncia:<\/b> 8 Km.<\/p>\n<p><b>Dificultat:<\/b> baixa.<\/p>\n<p><b>Preu:<\/b> 5 \u20ac (2,5 \u20ac redu\u00efda).<\/p>\n<p><b>Descripci\u00f3: <\/b>En aquesta excursi\u00f3 ens mourem pels camins que discorren entre els vessants del Parc Natural del Desert de les Palmes. Amb la mar com a tel\u00f3 de fons, coneixerem, de la m\u00e0 d&#8217;un expert, el producte m\u00e9s important de la nostra regi\u00f3: la taronja. Per si no fos prou, durant la visita tamb\u00e9 degustarem les diferents varietats de taronges i mandarines que existeixen i aprendrem sobre el seu cultiu.<\/p>\n<p><b>Recomanacions: <\/b>sabata d&#8217;esport, gorra i beguda. Durant la prestaci\u00f3 del servei no est\u00e0 perm\u00e9s l&#8217;acc\u00e9s amb animals (excepte gossos guia o d&#8217;assist\u00e8ncia).<\/p>\n<p>&nbsp;<\/p>\n","protected":false},"excerpt":{"rendered":"<p>Dissabte 16 d&#8217;abril (10.00 hores) Lloc: Oficina de Turisme Casa Abadia (C\/ Sant Tom\u00e0s, 74) Duraci\u00f3: 4 hores. Dist\u00e0ncia: 8 Km. Dificultat: baixa. Preu: 5 \u20ac (2,5 \u20ac redu\u00efda). Descripci\u00f3: En aquesta excursi\u00f3 ens mourem pels camins que discorren entre els vessants del Parc Natural del Desert de les Palmes. Amb la mar com a [&hellip;]<\/p>\n","protected":false},"featured_media":63162,"template":"","meta":{"_acf_changed":false},"product_brand":[],"product_cat":[345],"product_tag":[339],"class_list":{"0":"post-64036","1":"product","2":"type-product","3":"status-publish","4":"has-post-thumbnail","6":"product_cat-descubre-todos-los-secretos-de-la-naranja-2-va","7":"product_tag-programa-oficial-de-visitas-guiadas-va","9":"first","10":"outofstock","11":"shipping-taxable","12":"purchasable","13":"product-type-variable"},"acf":[],"yoast_head":"<!-- This site is optimized with the Yoast SEO plugin v27.4 - https:\/\/yoast.com\/product\/yoast-seo-wordpress\/ -->\n<title>Descobreix tots els secrets de la taronja - Benic\u00e0ssim Turismo<\/title>\n<meta name=\"robots\" content=\"index, follow, max-snippet:-1, max-image-preview:large, max-video-preview:-1\" \/>\n<link rel=\"canonical\" href=\"https:\/\/turismo.benicassim.es\/va\/producte\/descubre-todos-los-secretos-de-la-naranja-2-2\/\" \/>\n<meta property=\"og:locale\" content=\"en_US\" \/>\n<meta property=\"og:type\" content=\"article\" \/>\n<meta property=\"og:title\" content=\"Descobreix tots els secrets de la taronja - Benic\u00e0ssim Turismo\" \/>\n<meta property=\"og:description\" content=\"Dissabte 16 d&#8217;abril (10.00 hores) Lloc: Oficina de Turisme Casa Abadia (C\/ Sant Tom\u00e0s, 74) Duraci\u00f3: 4 hores. Dist\u00e0ncia: 8 Km. Dificultat: baixa. Preu: 5 \u20ac (2,5 \u20ac redu\u00efda). Descripci\u00f3: En aquesta excursi\u00f3 ens mourem pels camins que discorren entre els vessants del Parc Natural del Desert de les Palmes. Amb la mar com a [&hellip;]\" \/>\n<meta property=\"og:url\" content=\"https:\/\/turismo.benicassim.es\/va\/producte\/descubre-todos-los-secretos-de-la-naranja-2-2\/\" \/>\n<meta property=\"og:site_name\" content=\"Benic\u00e0ssim Turismo\" \/>\n<meta property=\"article:modified_time\" content=\"2022-03-25T13:25:56+00:00\" \/>\n<meta property=\"og:image\" content=\"https:\/\/turismo.benicassim.es\/wp-content\/uploads\/2022\/01\/IMG_0340.jpg\" \/>\n\t<meta property=\"og:image:width\" content=\"1920\" \/>\n\t<meta property=\"og:image:height\" content=\"1280\" \/>\n\t<meta property=\"og:image:type\" content=\"image\/jpeg\" \/>\n<meta name=\"twitter:card\" content=\"summary_large_image\" \/>\n<meta name=\"twitter:label1\" content=\"Est. reading time\" \/>\n\t<meta name=\"twitter:data1\" content=\"1 minute\" \/>\n<script type=\"application\/ld+json\" class=\"yoast-schema-graph\">{\"@context\":\"https:\\\/\\\/schema.org\",\"@graph\":[{\"@type\":\"WebPage\",\"@id\":\"https:\\\/\\\/turismo.benicassim.es\\\/va\\\/producte\\\/descubre-todos-los-secretos-de-la-naranja-2-2\\\/\",\"url\":\"https:\\\/\\\/turismo.benicassim.es\\\/va\\\/producte\\\/descubre-todos-los-secretos-de-la-naranja-2-2\\\/\",\"name\":\"Descobreix tots els secrets de la taronja - Benic\u00e0ssim Turismo\",\"isPartOf\":{\"@id\":\"https:\\\/\\\/turismo.benicassim.es\\\/va\\\/#website\"},\"primaryImageOfPage\":{\"@id\":\"https:\\\/\\\/turismo.benicassim.es\\\/va\\\/producte\\\/descubre-todos-los-secretos-de-la-naranja-2-2\\\/#primaryimage\"},\"image\":{\"@id\":\"https:\\\/\\\/turismo.benicassim.es\\\/va\\\/producte\\\/descubre-todos-los-secretos-de-la-naranja-2-2\\\/#primaryimage\"},\"thumbnailUrl\":\"https:\\\/\\\/turismo.benicassim.es\\\/wp-content\\\/uploads\\\/2022\\\/01\\\/IMG_0340.jpg\",\"datePublished\":\"2022-01-25T12:33:55+00:00\",\"dateModified\":\"2022-03-25T13:25:56+00:00\",\"breadcrumb\":{\"@id\":\"https:\\\/\\\/turismo.benicassim.es\\\/va\\\/producte\\\/descubre-todos-los-secretos-de-la-naranja-2-2\\\/#breadcrumb\"},\"inLanguage\":\"ca-CA\",\"potentialAction\":[{\"@type\":\"ReadAction\",\"target\":[\"https:\\\/\\\/turismo.benicassim.es\\\/va\\\/producte\\\/descubre-todos-los-secretos-de-la-naranja-2-2\\\/\"]}]},{\"@type\":\"ImageObject\",\"inLanguage\":\"ca-CA\",\"@id\":\"https:\\\/\\\/turismo.benicassim.es\\\/va\\\/producte\\\/descubre-todos-los-secretos-de-la-naranja-2-2\\\/#primaryimage\",\"url\":\"https:\\\/\\\/turismo.benicassim.es\\\/wp-content\\\/uploads\\\/2022\\\/01\\\/IMG_0340.jpg\",\"contentUrl\":\"https:\\\/\\\/turismo.benicassim.es\\\/wp-content\\\/uploads\\\/2022\\\/01\\\/IMG_0340.jpg\",\"width\":1920,\"height\":1280},{\"@type\":\"BreadcrumbList\",\"@id\":\"https:\\\/\\\/turismo.benicassim.es\\\/va\\\/producte\\\/descubre-todos-los-secretos-de-la-naranja-2-2\\\/#breadcrumb\",\"itemListElement\":[{\"@type\":\"ListItem\",\"position\":1,\"name\":\"Inicio\",\"item\":\"https:\\\/\\\/turismo.benicassim.es\\\/va\\\/\"},{\"@type\":\"ListItem\",\"position\":2,\"name\":\"Tenda\",\"item\":\"https:\\\/\\\/turismo.benicassim.es\\\/va\\\/tenda\\\/\"},{\"@type\":\"ListItem\",\"position\":3,\"name\":\"Descobreix tots els secrets de la taronja\"}]},{\"@type\":\"WebSite\",\"@id\":\"https:\\\/\\\/turismo.benicassim.es\\\/va\\\/#website\",\"url\":\"https:\\\/\\\/turismo.benicassim.es\\\/va\\\/\",\"name\":\"Benic\u00e0ssim Turismo\",\"description\":\"Web de informaci\u00f3n de Turismo en Benicasim\",\"potentialAction\":[{\"@type\":\"SearchAction\",\"target\":{\"@type\":\"EntryPoint\",\"urlTemplate\":\"https:\\\/\\\/turismo.benicassim.es\\\/va\\\/?s={search_term_string}\"},\"query-input\":{\"@type\":\"PropertyValueSpecification\",\"valueRequired\":true,\"valueName\":\"search_term_string\"}}],\"inLanguage\":\"ca-CA\"}]}<\/script>\n<!-- \/ Yoast SEO plugin. -->","yoast_head_json":{"title":"Descobreix tots els secrets de la taronja - Benic\u00e0ssim Turismo","robots":{"index":"index","follow":"follow","max-snippet":"max-snippet:-1","max-image-preview":"max-image-preview:large","max-video-preview":"max-video-preview:-1"},"canonical":"https:\/\/turismo.benicassim.es\/va\/producte\/descubre-todos-los-secretos-de-la-naranja-2-2\/","og_locale":"en_US","og_type":"article","og_title":"Descobreix tots els secrets de la taronja - Benic\u00e0ssim Turismo","og_description":"Dissabte 16 d&#8217;abril (10.00 hores) Lloc: Oficina de Turisme Casa Abadia (C\/ Sant Tom\u00e0s, 74) Duraci\u00f3: 4 hores. Dist\u00e0ncia: 8 Km. Dificultat: baixa. Preu: 5 \u20ac (2,5 \u20ac redu\u00efda). Descripci\u00f3: En aquesta excursi\u00f3 ens mourem pels camins que discorren entre els vessants del Parc Natural del Desert de les Palmes. Amb la mar com a [&hellip;]","og_url":"https:\/\/turismo.benicassim.es\/va\/producte\/descubre-todos-los-secretos-de-la-naranja-2-2\/","og_site_name":"Benic\u00e0ssim Turismo","article_modified_time":"2022-03-25T13:25:56+00:00","og_image":[{"width":1920,"height":1280,"url":"https:\/\/turismo.benicassim.es\/wp-content\/uploads\/2022\/01\/IMG_0340.jpg","type":"image\/jpeg"}],"twitter_card":"summary_large_image","twitter_misc":{"Est. reading time":"1 minute"},"schema":{"@context":"https:\/\/schema.org","@graph":[{"@type":"WebPage","@id":"https:\/\/turismo.benicassim.es\/va\/producte\/descubre-todos-los-secretos-de-la-naranja-2-2\/","url":"https:\/\/turismo.benicassim.es\/va\/producte\/descubre-todos-los-secretos-de-la-naranja-2-2\/","name":"Descobreix tots els secrets de la taronja - Benic\u00e0ssim Turismo","isPartOf":{"@id":"https:\/\/turismo.benicassim.es\/va\/#website"},"primaryImageOfPage":{"@id":"https:\/\/turismo.benicassim.es\/va\/producte\/descubre-todos-los-secretos-de-la-naranja-2-2\/#primaryimage"},"image":{"@id":"https:\/\/turismo.benicassim.es\/va\/producte\/descubre-todos-los-secretos-de-la-naranja-2-2\/#primaryimage"},"thumbnailUrl":"https:\/\/turismo.benicassim.es\/wp-content\/uploads\/2022\/01\/IMG_0340.jpg","datePublished":"2022-01-25T12:33:55+00:00","dateModified":"2022-03-25T13:25:56+00:00","breadcrumb":{"@id":"https:\/\/turismo.benicassim.es\/va\/producte\/descubre-todos-los-secretos-de-la-naranja-2-2\/#breadcrumb"},"inLanguage":"ca-CA","potentialAction":[{"@type":"ReadAction","target":["https:\/\/turismo.benicassim.es\/va\/producte\/descubre-todos-los-secretos-de-la-naranja-2-2\/"]}]},{"@type":"ImageObject","inLanguage":"ca-CA","@id":"https:\/\/turismo.benicassim.es\/va\/producte\/descubre-todos-los-secretos-de-la-naranja-2-2\/#primaryimage","url":"https:\/\/turismo.benicassim.es\/wp-content\/uploads\/2022\/01\/IMG_0340.jpg","contentUrl":"https:\/\/turismo.benicassim.es\/wp-content\/uploads\/2022\/01\/IMG_0340.jpg","width":1920,"height":1280},{"@type":"BreadcrumbList","@id":"https:\/\/turismo.benicassim.es\/va\/producte\/descubre-todos-los-secretos-de-la-naranja-2-2\/#breadcrumb","itemListElement":[{"@type":"ListItem","position":1,"name":"Inicio","item":"https:\/\/turismo.benicassim.es\/va\/"},{"@type":"ListItem","position":2,"name":"Tenda","item":"https:\/\/turismo.benicassim.es\/va\/tenda\/"},{"@type":"ListItem","position":3,"name":"Descobreix tots els secrets de la taronja"}]},{"@type":"WebSite","@id":"https:\/\/turismo.benicassim.es\/va\/#website","url":"https:\/\/turismo.benicassim.es\/va\/","name":"Benic\u00e0ssim Turismo","description":"Web de informaci\u00f3n de Turismo en Benicasim","potentialAction":[{"@type":"SearchAction","target":{"@type":"EntryPoint","urlTemplate":"https:\/\/turismo.benicassim.es\/va\/?s={search_term_string}"},"query-input":{"@type":"PropertyValueSpecification","valueRequired":true,"valueName":"search_term_string"}}],"inLanguage":"ca-CA"}]}},"_links":{"self":[{"href":"https:\/\/turismo.benicassim.es\/va\/wp-json\/wp\/v2\/product\/64036","targetHints":{"allow":["GET"]}}],"collection":[{"href":"https:\/\/turismo.benicassim.es\/va\/wp-json\/wp\/v2\/product"}],"about":[{"href":"https:\/\/turismo.benicassim.es\/va\/wp-json\/wp\/v2\/types\/product"}],"wp:featuredmedia":[{"embeddable":true,"href":"https:\/\/turismo.benicassim.es\/va\/wp-json\/wp\/v2\/media\/63162"}],"wp:attachment":[{"href":"https:\/\/turismo.benicassim.es\/va\/wp-json\/wp\/v2\/media?parent=64036"}],"wp:term":[{"taxonomy":"product_brand","embeddable":true,"href":"https:\/\/turismo.benicassim.es\/va\/wp-json\/wp\/v2\/product_brand?post=64036"},{"taxonomy":"product_cat","embeddable":true,"href":"https:\/\/turismo.benicassim.es\/va\/wp-json\/wp\/v2\/product_cat?post=64036"},{"taxonomy":"product_tag","embeddable":true,"href":"https:\/\/turismo.benicassim.es\/va\/wp-json\/wp\/v2\/product_tag?post=64036"}],"curies":[{"name":"wp","href":"https:\/\/api.w.org\/{rel}","templated":true}]}}