{"id":65412,"date":"2022-05-20T16:55:23","date_gmt":"2022-05-20T14:57:54","guid":{"rendered":"http:\/\/turismo.benicassim.es\/?post_type=product&#038;p=65412"},"modified":"2022-05-20T16:57:54","modified_gmt":"2022-05-20T14:57:54","slug":"la-ruta-dels-llunatics-12-de-juliol","status":"publish","type":"product","link":"https:\/\/turismo.benicassim.es\/va\/producte\/la-ruta-dels-llunatics-12-de-juliol\/","title":{"rendered":"La ruta dels llun\u00e0tics. 12 de juliol"},"content":{"rendered":"<p><strong>Dimarts 12 de juliol (21.30 hores)<\/strong><br \/>\n<strong>Lloc:<\/strong> Escola de Vela. Avinguda Ferrandis Salvador, 49 <a href=\"https:\/\/goo.gl\/maps\/xebfzsnsxpsdnsza7\">https:\/\/goo.gl\/maps\/xebfzsnsxpsdnsza7<\/a><br \/>\n<strong>Duraci\u00f3:<\/strong> 1\u20195 hores.<br \/>\n<strong>Dist\u00e0ncia:<\/strong> 1 Km.<br \/>\n<strong>Dificultat:<\/strong> baixa. (Xiquets a partir de 7 anys)<br \/>\n<strong>Preu:<\/strong> 5 \u20ac (2,5 \u20ac redu\u00efda).<br \/>\n<strong>Descripci\u00f3:<\/strong> Hui sabem que la lluna influeix en gran manera en la majoria dels \u00e9ssers vius del planeta Terra. Per\u00f2 si a m\u00e9s es tracta de la lluna plena, els efectes poden ser imprevisibles. De fet, un parell de turistes vinguts de terres llunyanes i disposats a estiuejar a Benic\u00e0ssim s&#8217;han transformat en dos tremends llun\u00e0tics per culpa de (o gr\u00e0cies a) la influ\u00e8ncia del nostre sat\u00e8l\u00b7lit natural.<br \/>\n<strong>Recomanacions:<\/strong> Durant la prestaci\u00f3 del servei no est\u00e0 perm\u00e9s l&#8217;acc\u00e9s amb animals (excepte gossos guia o d&#8217;assist\u00e8ncia).<\/p>\n","protected":false},"excerpt":{"rendered":"<p>Dimarts 12 de juliol (21.30 hores) Lloc: Escola de Vela. Avinguda Ferrandis Salvador, 49 https:\/\/goo.gl\/maps\/xebfzsnsxpsdnsza7 Duraci\u00f3: 1\u20195 hores. Dist\u00e0ncia: 1 Km. Dificultat: baixa. (Xiquets a partir de 7 anys) Preu: 5 \u20ac (2,5 \u20ac redu\u00efda). Descripci\u00f3: Hui sabem que la lluna influeix en gran manera en la majoria dels \u00e9ssers vius del planeta Terra. Per\u00f2 [&hellip;]<\/p>\n","protected":false},"featured_media":65327,"template":"","meta":{"_acf_changed":false},"product_brand":[],"product_cat":[442],"product_tag":[339],"class_list":{"0":"post-65412","1":"product","2":"type-product","3":"status-publish","4":"has-post-thumbnail","6":"product_cat-la-ruta-dels-llunatics-teatralitzada","7":"product_tag-programa-oficial-de-visitas-guiadas-va","9":"first","10":"outofstock","11":"shipping-taxable","12":"purchasable","13":"product-type-variable"},"acf":[],"yoast_head":"<!-- This site is optimized with the Yoast SEO plugin v27.4 - https:\/\/yoast.com\/product\/yoast-seo-wordpress\/ -->\n<title>La ruta dels llun\u00e0tics. 12 de juliol - Benic\u00e0ssim Turismo<\/title>\n<meta name=\"robots\" content=\"index, follow, max-snippet:-1, max-image-preview:large, max-video-preview:-1\" \/>\n<link rel=\"canonical\" href=\"https:\/\/turismo.benicassim.es\/va\/producte\/la-ruta-dels-llunatics-12-de-juliol\/\" \/>\n<meta property=\"og:locale\" content=\"en_US\" \/>\n<meta property=\"og:type\" content=\"article\" \/>\n<meta property=\"og:title\" content=\"La ruta dels llun\u00e0tics. 12 de juliol - Benic\u00e0ssim Turismo\" \/>\n<meta property=\"og:description\" content=\"Dimarts 12 de juliol (21.30 hores) Lloc: Escola de Vela. Avinguda Ferrandis Salvador, 49 https:\/\/goo.gl\/maps\/xebfzsnsxpsdnsza7 Duraci\u00f3: 1\u20195 hores. Dist\u00e0ncia: 1 Km. Dificultat: baixa. (Xiquets a partir de 7 anys) Preu: 5 \u20ac (2,5 \u20ac redu\u00efda). Descripci\u00f3: Hui sabem que la lluna influeix en gran manera en la majoria dels \u00e9ssers vius del planeta Terra. Per\u00f2 [&hellip;]\" \/>\n<meta property=\"og:url\" content=\"https:\/\/turismo.benicassim.es\/va\/producte\/la-ruta-dels-llunatics-12-de-juliol\/\" \/>\n<meta property=\"og:site_name\" content=\"Benic\u00e0ssim Turismo\" \/>\n<meta property=\"og:image\" content=\"https:\/\/turismo.benicassim.es\/wp-content\/uploads\/2022\/05\/foto24.jpg\" \/>\n\t<meta property=\"og:image:width\" content=\"1772\" \/>\n\t<meta property=\"og:image:height\" content=\"1182\" \/>\n\t<meta property=\"og:image:type\" content=\"image\/jpeg\" \/>\n<meta name=\"twitter:card\" content=\"summary_large_image\" \/>\n<meta name=\"twitter:label1\" content=\"Est. reading time\" \/>\n\t<meta name=\"twitter:data1\" content=\"1 minute\" \/>\n<script type=\"application\/ld+json\" class=\"yoast-schema-graph\">{\"@context\":\"https:\\\/\\\/schema.org\",\"@graph\":[{\"@type\":\"WebPage\",\"@id\":\"https:\\\/\\\/turismo.benicassim.es\\\/va\\\/producte\\\/la-ruta-dels-llunatics-12-de-juliol\\\/\",\"url\":\"https:\\\/\\\/turismo.benicassim.es\\\/va\\\/producte\\\/la-ruta-dels-llunatics-12-de-juliol\\\/\",\"name\":\"La ruta dels llun\u00e0tics. 12 de juliol - Benic\u00e0ssim Turismo\",\"isPartOf\":{\"@id\":\"https:\\\/\\\/turismo.benicassim.es\\\/va\\\/#website\"},\"primaryImageOfPage\":{\"@id\":\"https:\\\/\\\/turismo.benicassim.es\\\/va\\\/producte\\\/la-ruta-dels-llunatics-12-de-juliol\\\/#primaryimage\"},\"image\":{\"@id\":\"https:\\\/\\\/turismo.benicassim.es\\\/va\\\/producte\\\/la-ruta-dels-llunatics-12-de-juliol\\\/#primaryimage\"},\"thumbnailUrl\":\"https:\\\/\\\/turismo.benicassim.es\\\/wp-content\\\/uploads\\\/2022\\\/05\\\/foto24.jpg\",\"datePublished\":\"2022-05-20T14:57:54+00:00\",\"breadcrumb\":{\"@id\":\"https:\\\/\\\/turismo.benicassim.es\\\/va\\\/producte\\\/la-ruta-dels-llunatics-12-de-juliol\\\/#breadcrumb\"},\"inLanguage\":\"ca-CA\",\"potentialAction\":[{\"@type\":\"ReadAction\",\"target\":[\"https:\\\/\\\/turismo.benicassim.es\\\/va\\\/producte\\\/la-ruta-dels-llunatics-12-de-juliol\\\/\"]}]},{\"@type\":\"ImageObject\",\"inLanguage\":\"ca-CA\",\"@id\":\"https:\\\/\\\/turismo.benicassim.es\\\/va\\\/producte\\\/la-ruta-dels-llunatics-12-de-juliol\\\/#primaryimage\",\"url\":\"https:\\\/\\\/turismo.benicassim.es\\\/wp-content\\\/uploads\\\/2022\\\/05\\\/foto24.jpg\",\"contentUrl\":\"https:\\\/\\\/turismo.benicassim.es\\\/wp-content\\\/uploads\\\/2022\\\/05\\\/foto24.jpg\",\"width\":1772,\"height\":1182},{\"@type\":\"BreadcrumbList\",\"@id\":\"https:\\\/\\\/turismo.benicassim.es\\\/va\\\/producte\\\/la-ruta-dels-llunatics-12-de-juliol\\\/#breadcrumb\",\"itemListElement\":[{\"@type\":\"ListItem\",\"position\":1,\"name\":\"Inicio\",\"item\":\"https:\\\/\\\/turismo.benicassim.es\\\/va\\\/\"},{\"@type\":\"ListItem\",\"position\":2,\"name\":\"Tenda\",\"item\":\"https:\\\/\\\/turismo.benicassim.es\\\/va\\\/tenda\\\/\"},{\"@type\":\"ListItem\",\"position\":3,\"name\":\"La ruta dels llun\u00e0tics. 12 de juliol\"}]},{\"@type\":\"WebSite\",\"@id\":\"https:\\\/\\\/turismo.benicassim.es\\\/va\\\/#website\",\"url\":\"https:\\\/\\\/turismo.benicassim.es\\\/va\\\/\",\"name\":\"Benic\u00e0ssim Turismo\",\"description\":\"Web de informaci\u00f3n de Turismo en Benicasim\",\"potentialAction\":[{\"@type\":\"SearchAction\",\"target\":{\"@type\":\"EntryPoint\",\"urlTemplate\":\"https:\\\/\\\/turismo.benicassim.es\\\/va\\\/?s={search_term_string}\"},\"query-input\":{\"@type\":\"PropertyValueSpecification\",\"valueRequired\":true,\"valueName\":\"search_term_string\"}}],\"inLanguage\":\"ca-CA\"}]}<\/script>\n<!-- \/ Yoast SEO plugin. -->","yoast_head_json":{"title":"La ruta dels llun\u00e0tics. 12 de juliol - Benic\u00e0ssim Turismo","robots":{"index":"index","follow":"follow","max-snippet":"max-snippet:-1","max-image-preview":"max-image-preview:large","max-video-preview":"max-video-preview:-1"},"canonical":"https:\/\/turismo.benicassim.es\/va\/producte\/la-ruta-dels-llunatics-12-de-juliol\/","og_locale":"en_US","og_type":"article","og_title":"La ruta dels llun\u00e0tics. 12 de juliol - Benic\u00e0ssim Turismo","og_description":"Dimarts 12 de juliol (21.30 hores) Lloc: Escola de Vela. Avinguda Ferrandis Salvador, 49 https:\/\/goo.gl\/maps\/xebfzsnsxpsdnsza7 Duraci\u00f3: 1\u20195 hores. Dist\u00e0ncia: 1 Km. Dificultat: baixa. (Xiquets a partir de 7 anys) Preu: 5 \u20ac (2,5 \u20ac redu\u00efda). Descripci\u00f3: Hui sabem que la lluna influeix en gran manera en la majoria dels \u00e9ssers vius del planeta Terra. Per\u00f2 [&hellip;]","og_url":"https:\/\/turismo.benicassim.es\/va\/producte\/la-ruta-dels-llunatics-12-de-juliol\/","og_site_name":"Benic\u00e0ssim Turismo","og_image":[{"width":1772,"height":1182,"url":"https:\/\/turismo.benicassim.es\/wp-content\/uploads\/2022\/05\/foto24.jpg","type":"image\/jpeg"}],"twitter_card":"summary_large_image","twitter_misc":{"Est. reading time":"1 minute"},"schema":{"@context":"https:\/\/schema.org","@graph":[{"@type":"WebPage","@id":"https:\/\/turismo.benicassim.es\/va\/producte\/la-ruta-dels-llunatics-12-de-juliol\/","url":"https:\/\/turismo.benicassim.es\/va\/producte\/la-ruta-dels-llunatics-12-de-juliol\/","name":"La ruta dels llun\u00e0tics. 12 de juliol - Benic\u00e0ssim Turismo","isPartOf":{"@id":"https:\/\/turismo.benicassim.es\/va\/#website"},"primaryImageOfPage":{"@id":"https:\/\/turismo.benicassim.es\/va\/producte\/la-ruta-dels-llunatics-12-de-juliol\/#primaryimage"},"image":{"@id":"https:\/\/turismo.benicassim.es\/va\/producte\/la-ruta-dels-llunatics-12-de-juliol\/#primaryimage"},"thumbnailUrl":"https:\/\/turismo.benicassim.es\/wp-content\/uploads\/2022\/05\/foto24.jpg","datePublished":"2022-05-20T14:57:54+00:00","breadcrumb":{"@id":"https:\/\/turismo.benicassim.es\/va\/producte\/la-ruta-dels-llunatics-12-de-juliol\/#breadcrumb"},"inLanguage":"ca-CA","potentialAction":[{"@type":"ReadAction","target":["https:\/\/turismo.benicassim.es\/va\/producte\/la-ruta-dels-llunatics-12-de-juliol\/"]}]},{"@type":"ImageObject","inLanguage":"ca-CA","@id":"https:\/\/turismo.benicassim.es\/va\/producte\/la-ruta-dels-llunatics-12-de-juliol\/#primaryimage","url":"https:\/\/turismo.benicassim.es\/wp-content\/uploads\/2022\/05\/foto24.jpg","contentUrl":"https:\/\/turismo.benicassim.es\/wp-content\/uploads\/2022\/05\/foto24.jpg","width":1772,"height":1182},{"@type":"BreadcrumbList","@id":"https:\/\/turismo.benicassim.es\/va\/producte\/la-ruta-dels-llunatics-12-de-juliol\/#breadcrumb","itemListElement":[{"@type":"ListItem","position":1,"name":"Inicio","item":"https:\/\/turismo.benicassim.es\/va\/"},{"@type":"ListItem","position":2,"name":"Tenda","item":"https:\/\/turismo.benicassim.es\/va\/tenda\/"},{"@type":"ListItem","position":3,"name":"La ruta dels llun\u00e0tics. 12 de juliol"}]},{"@type":"WebSite","@id":"https:\/\/turismo.benicassim.es\/va\/#website","url":"https:\/\/turismo.benicassim.es\/va\/","name":"Benic\u00e0ssim Turismo","description":"Web de informaci\u00f3n de Turismo en Benicasim","potentialAction":[{"@type":"SearchAction","target":{"@type":"EntryPoint","urlTemplate":"https:\/\/turismo.benicassim.es\/va\/?s={search_term_string}"},"query-input":{"@type":"PropertyValueSpecification","valueRequired":true,"valueName":"search_term_string"}}],"inLanguage":"ca-CA"}]}},"_links":{"self":[{"href":"https:\/\/turismo.benicassim.es\/va\/wp-json\/wp\/v2\/product\/65412","targetHints":{"allow":["GET"]}}],"collection":[{"href":"https:\/\/turismo.benicassim.es\/va\/wp-json\/wp\/v2\/product"}],"about":[{"href":"https:\/\/turismo.benicassim.es\/va\/wp-json\/wp\/v2\/types\/product"}],"wp:featuredmedia":[{"embeddable":true,"href":"https:\/\/turismo.benicassim.es\/va\/wp-json\/wp\/v2\/media\/65327"}],"wp:attachment":[{"href":"https:\/\/turismo.benicassim.es\/va\/wp-json\/wp\/v2\/media?parent=65412"}],"wp:term":[{"taxonomy":"product_brand","embeddable":true,"href":"https:\/\/turismo.benicassim.es\/va\/wp-json\/wp\/v2\/product_brand?post=65412"},{"taxonomy":"product_cat","embeddable":true,"href":"https:\/\/turismo.benicassim.es\/va\/wp-json\/wp\/v2\/product_cat?post=65412"},{"taxonomy":"product_tag","embeddable":true,"href":"https:\/\/turismo.benicassim.es\/va\/wp-json\/wp\/v2\/product_tag?post=65412"}],"curies":[{"name":"wp","href":"https:\/\/api.w.org\/{rel}","templated":true}]}}