{"id":67736,"date":"2022-08-17T19:18:47","date_gmt":"2022-08-17T17:18:47","guid":{"rendered":"https:\/\/turismo.benicassim.es\/producto\/conociendo-benicassim-sobre-ruedas\/"},"modified":"2022-08-31T12:51:45","modified_gmt":"2022-08-31T10:51:45","slug":"conociendo-benicassim-sobre-ruedas","status":"publish","type":"product","link":"https:\/\/turismo.benicassim.es\/va\/producte\/conociendo-benicassim-sobre-ruedas\/","title":{"rendered":"Coneixent Benic\u00e0ssim&#8230;sobre rodes! &#8211; 15 d&#8217;octubre 2022"},"content":{"rendered":"<p><strong>Dissabte 15 d&#8217;octubre (10.30 hores)<\/strong><br \/>\n<strong>Lloc:<\/strong> enfront de l&#8217;Hotel Voramar<br \/>\n<strong>Duraci\u00f3:<\/strong> 3 hores.<br \/>\n<strong>Dist\u00e0ncia:<\/strong> 19 Km.<br \/>\n<strong>Dificultat:<\/strong> baixa (a partir de 7 anys).<br \/>\n<strong>Preu:<\/strong> 3 \u20ac (1,5 \u20ac redu\u00efda).<br \/>\n<strong>Descripci\u00f3:<\/strong> la ruta ciclotur\u00edstica de Benic\u00e0ssim \u00e9s, sens dubte, una de les m\u00e9s impactants de la Comunitat Valenciana. Es tracta d&#8217;una via de mobilitat ecol\u00f2gica, tranquil\u00b7la i amigable amb el medi ambient que, a m\u00e9s, compta amb diferents \u00e0rees de descans, panells informatius i ens descobreix alguns dels llocs m\u00e9s representatius del municipi. Aix\u00ed que agafeu les vostres bicis, comproveu la pressi\u00f3 de les vostres rodes i, a pedalar!<br \/>\n<strong>Recomanacions:<\/strong> Cal\u00e7at esportiu, gorra, beguda i bicicleta. Durant la prestaci\u00f3 del servei no est\u00e0 perm\u00e9s l&#8217;acc\u00e9s amb animals (excepte gossos guia o d&#8217;assist\u00e8ncia).<\/p>\n","protected":false},"excerpt":{"rendered":"<p>Dissabte 15 d&#8217;octubre (10.30 hores) Lloc: enfront de l&#8217;Hotel Voramar Duraci\u00f3: 3 hores. Dist\u00e0ncia: 19 Km. Dificultat: baixa (a partir de 7 anys). Preu: 3 \u20ac (1,5 \u20ac redu\u00efda). Descripci\u00f3: la ruta ciclotur\u00edstica de Benic\u00e0ssim \u00e9s, sens dubte, una de les m\u00e9s impactants de la Comunitat Valenciana. Es tracta d&#8217;una via de mobilitat ecol\u00f2gica, tranquil\u00b7la [&hellip;]<\/p>\n","protected":false},"featured_media":67737,"template":"","meta":{"_acf_changed":false},"product_brand":[],"product_cat":[483],"product_tag":[339],"class_list":{"0":"post-67736","1":"product","2":"type-product","3":"status-publish","4":"has-post-thumbnail","6":"product_cat-conociendo-benicassim-sobre-ruedas-va","7":"product_tag-programa-oficial-de-visitas-guiadas-va","9":"first","10":"instock","11":"shipping-taxable","12":"purchasable","13":"product-type-variable"},"acf":[],"yoast_head":"<!-- This site is optimized with the Yoast SEO plugin v27.1.1 - https:\/\/yoast.com\/product\/yoast-seo-wordpress\/ -->\n<title>Coneixent Benic\u00e0ssim...sobre rodes! - 15 d&#039;octubre 2022 - Benic\u00e0ssim Turismo<\/title>\n<meta name=\"robots\" content=\"index, follow, max-snippet:-1, max-image-preview:large, max-video-preview:-1\" \/>\n<link rel=\"canonical\" href=\"https:\/\/turismo.benicassim.es\/va\/producte\/conociendo-benicassim-sobre-ruedas\/\" \/>\n<meta property=\"og:locale\" content=\"en_US\" \/>\n<meta property=\"og:type\" content=\"article\" \/>\n<meta property=\"og:title\" content=\"Coneixent Benic\u00e0ssim...sobre rodes! - 15 d&#039;octubre 2022 - Benic\u00e0ssim Turismo\" \/>\n<meta property=\"og:description\" content=\"Dissabte 15 d&#8217;octubre (10.30 hores) Lloc: enfront de l&#8217;Hotel Voramar Duraci\u00f3: 3 hores. Dist\u00e0ncia: 19 Km. Dificultat: baixa (a partir de 7 anys). Preu: 3 \u20ac (1,5 \u20ac redu\u00efda). Descripci\u00f3: la ruta ciclotur\u00edstica de Benic\u00e0ssim \u00e9s, sens dubte, una de les m\u00e9s impactants de la Comunitat Valenciana. Es tracta d&#8217;una via de mobilitat ecol\u00f2gica, tranquil\u00b7la [&hellip;]\" \/>\n<meta property=\"og:url\" content=\"https:\/\/turismo.benicassim.es\/va\/producte\/conociendo-benicassim-sobre-ruedas\/\" \/>\n<meta property=\"og:site_name\" content=\"Benic\u00e0ssim Turismo\" \/>\n<meta property=\"article:modified_time\" content=\"2022-08-31T10:51:45+00:00\" \/>\n<meta property=\"og:image\" content=\"https:\/\/turismo.benicassim.es\/wp-content\/uploads\/2022\/08\/foto31.jpg\" \/>\n\t<meta property=\"og:image:width\" content=\"1772\" \/>\n\t<meta property=\"og:image:height\" content=\"1182\" \/>\n\t<meta property=\"og:image:type\" content=\"image\/jpeg\" \/>\n<meta name=\"twitter:card\" content=\"summary_large_image\" \/>\n<meta name=\"twitter:label1\" content=\"Est. reading time\" \/>\n\t<meta name=\"twitter:data1\" content=\"1 minute\" \/>\n<script type=\"application\/ld+json\" class=\"yoast-schema-graph\">{\"@context\":\"https:\/\/schema.org\",\"@graph\":[{\"@type\":\"WebPage\",\"@id\":\"https:\/\/turismo.benicassim.es\/va\/producte\/conociendo-benicassim-sobre-ruedas\/\",\"url\":\"https:\/\/turismo.benicassim.es\/va\/producte\/conociendo-benicassim-sobre-ruedas\/\",\"name\":\"Coneixent Benic\u00e0ssim...sobre rodes! - 15 d'octubre 2022 - Benic\u00e0ssim Turismo\",\"isPartOf\":{\"@id\":\"https:\/\/turismo.benicassim.es\/va\/#website\"},\"primaryImageOfPage\":{\"@id\":\"https:\/\/turismo.benicassim.es\/va\/producte\/conociendo-benicassim-sobre-ruedas\/#primaryimage\"},\"image\":{\"@id\":\"https:\/\/turismo.benicassim.es\/va\/producte\/conociendo-benicassim-sobre-ruedas\/#primaryimage\"},\"thumbnailUrl\":\"https:\/\/turismo.benicassim.es\/wp-content\/uploads\/2022\/08\/foto31.jpg\",\"datePublished\":\"2022-08-17T17:18:47+00:00\",\"dateModified\":\"2022-08-31T10:51:45+00:00\",\"breadcrumb\":{\"@id\":\"https:\/\/turismo.benicassim.es\/va\/producte\/conociendo-benicassim-sobre-ruedas\/#breadcrumb\"},\"inLanguage\":\"ca-CA\",\"potentialAction\":[{\"@type\":\"ReadAction\",\"target\":[\"https:\/\/turismo.benicassim.es\/va\/producte\/conociendo-benicassim-sobre-ruedas\/\"]}]},{\"@type\":\"ImageObject\",\"inLanguage\":\"ca-CA\",\"@id\":\"https:\/\/turismo.benicassim.es\/va\/producte\/conociendo-benicassim-sobre-ruedas\/#primaryimage\",\"url\":\"https:\/\/turismo.benicassim.es\/wp-content\/uploads\/2022\/08\/foto31.jpg\",\"contentUrl\":\"https:\/\/turismo.benicassim.es\/wp-content\/uploads\/2022\/08\/foto31.jpg\",\"width\":1772,\"height\":1182},{\"@type\":\"BreadcrumbList\",\"@id\":\"https:\/\/turismo.benicassim.es\/va\/producte\/conociendo-benicassim-sobre-ruedas\/#breadcrumb\",\"itemListElement\":[{\"@type\":\"ListItem\",\"position\":1,\"name\":\"Inicio\",\"item\":\"https:\/\/turismo.benicassim.es\/va\/\"},{\"@type\":\"ListItem\",\"position\":2,\"name\":\"Tenda\",\"item\":\"https:\/\/turismo.benicassim.es\/va\/tenda\/\"},{\"@type\":\"ListItem\",\"position\":3,\"name\":\"Coneixent Benic\u00e0ssim&#8230;sobre rodes! &#8211; 15 d&#8217;octubre 2022\"}]},{\"@type\":\"WebSite\",\"@id\":\"https:\/\/turismo.benicassim.es\/va\/#website\",\"url\":\"https:\/\/turismo.benicassim.es\/va\/\",\"name\":\"Benic\u00e0ssim Turismo\",\"description\":\"Web de informaci\u00f3n de Turismo en Benicasim\",\"potentialAction\":[{\"@type\":\"SearchAction\",\"target\":{\"@type\":\"EntryPoint\",\"urlTemplate\":\"https:\/\/turismo.benicassim.es\/va\/?s={search_term_string}\"},\"query-input\":{\"@type\":\"PropertyValueSpecification\",\"valueRequired\":true,\"valueName\":\"search_term_string\"}}],\"inLanguage\":\"ca-CA\"}]}<\/script>\n<!-- \/ Yoast SEO plugin. -->","yoast_head_json":{"title":"Coneixent Benic\u00e0ssim...sobre rodes! - 15 d'octubre 2022 - Benic\u00e0ssim Turismo","robots":{"index":"index","follow":"follow","max-snippet":"max-snippet:-1","max-image-preview":"max-image-preview:large","max-video-preview":"max-video-preview:-1"},"canonical":"https:\/\/turismo.benicassim.es\/va\/producte\/conociendo-benicassim-sobre-ruedas\/","og_locale":"en_US","og_type":"article","og_title":"Coneixent Benic\u00e0ssim...sobre rodes! - 15 d'octubre 2022 - Benic\u00e0ssim Turismo","og_description":"Dissabte 15 d&#8217;octubre (10.30 hores) Lloc: enfront de l&#8217;Hotel Voramar Duraci\u00f3: 3 hores. Dist\u00e0ncia: 19 Km. Dificultat: baixa (a partir de 7 anys). Preu: 3 \u20ac (1,5 \u20ac redu\u00efda). Descripci\u00f3: la ruta ciclotur\u00edstica de Benic\u00e0ssim \u00e9s, sens dubte, una de les m\u00e9s impactants de la Comunitat Valenciana. Es tracta d&#8217;una via de mobilitat ecol\u00f2gica, tranquil\u00b7la [&hellip;]","og_url":"https:\/\/turismo.benicassim.es\/va\/producte\/conociendo-benicassim-sobre-ruedas\/","og_site_name":"Benic\u00e0ssim Turismo","article_modified_time":"2022-08-31T10:51:45+00:00","og_image":[{"width":1772,"height":1182,"url":"https:\/\/turismo.benicassim.es\/wp-content\/uploads\/2022\/08\/foto31.jpg","type":"image\/jpeg"}],"twitter_card":"summary_large_image","twitter_misc":{"Est. reading time":"1 minute"},"schema":{"@context":"https:\/\/schema.org","@graph":[{"@type":"WebPage","@id":"https:\/\/turismo.benicassim.es\/va\/producte\/conociendo-benicassim-sobre-ruedas\/","url":"https:\/\/turismo.benicassim.es\/va\/producte\/conociendo-benicassim-sobre-ruedas\/","name":"Coneixent Benic\u00e0ssim...sobre rodes! - 15 d'octubre 2022 - Benic\u00e0ssim Turismo","isPartOf":{"@id":"https:\/\/turismo.benicassim.es\/va\/#website"},"primaryImageOfPage":{"@id":"https:\/\/turismo.benicassim.es\/va\/producte\/conociendo-benicassim-sobre-ruedas\/#primaryimage"},"image":{"@id":"https:\/\/turismo.benicassim.es\/va\/producte\/conociendo-benicassim-sobre-ruedas\/#primaryimage"},"thumbnailUrl":"https:\/\/turismo.benicassim.es\/wp-content\/uploads\/2022\/08\/foto31.jpg","datePublished":"2022-08-17T17:18:47+00:00","dateModified":"2022-08-31T10:51:45+00:00","breadcrumb":{"@id":"https:\/\/turismo.benicassim.es\/va\/producte\/conociendo-benicassim-sobre-ruedas\/#breadcrumb"},"inLanguage":"ca-CA","potentialAction":[{"@type":"ReadAction","target":["https:\/\/turismo.benicassim.es\/va\/producte\/conociendo-benicassim-sobre-ruedas\/"]}]},{"@type":"ImageObject","inLanguage":"ca-CA","@id":"https:\/\/turismo.benicassim.es\/va\/producte\/conociendo-benicassim-sobre-ruedas\/#primaryimage","url":"https:\/\/turismo.benicassim.es\/wp-content\/uploads\/2022\/08\/foto31.jpg","contentUrl":"https:\/\/turismo.benicassim.es\/wp-content\/uploads\/2022\/08\/foto31.jpg","width":1772,"height":1182},{"@type":"BreadcrumbList","@id":"https:\/\/turismo.benicassim.es\/va\/producte\/conociendo-benicassim-sobre-ruedas\/#breadcrumb","itemListElement":[{"@type":"ListItem","position":1,"name":"Inicio","item":"https:\/\/turismo.benicassim.es\/va\/"},{"@type":"ListItem","position":2,"name":"Tenda","item":"https:\/\/turismo.benicassim.es\/va\/tenda\/"},{"@type":"ListItem","position":3,"name":"Coneixent Benic\u00e0ssim&#8230;sobre rodes! &#8211; 15 d&#8217;octubre 2022"}]},{"@type":"WebSite","@id":"https:\/\/turismo.benicassim.es\/va\/#website","url":"https:\/\/turismo.benicassim.es\/va\/","name":"Benic\u00e0ssim Turismo","description":"Web de informaci\u00f3n de Turismo en Benicasim","potentialAction":[{"@type":"SearchAction","target":{"@type":"EntryPoint","urlTemplate":"https:\/\/turismo.benicassim.es\/va\/?s={search_term_string}"},"query-input":{"@type":"PropertyValueSpecification","valueRequired":true,"valueName":"search_term_string"}}],"inLanguage":"ca-CA"}]}},"_links":{"self":[{"href":"https:\/\/turismo.benicassim.es\/va\/wp-json\/wp\/v2\/product\/67736","targetHints":{"allow":["GET"]}}],"collection":[{"href":"https:\/\/turismo.benicassim.es\/va\/wp-json\/wp\/v2\/product"}],"about":[{"href":"https:\/\/turismo.benicassim.es\/va\/wp-json\/wp\/v2\/types\/product"}],"wp:featuredmedia":[{"embeddable":true,"href":"https:\/\/turismo.benicassim.es\/va\/wp-json\/wp\/v2\/media\/67737"}],"wp:attachment":[{"href":"https:\/\/turismo.benicassim.es\/va\/wp-json\/wp\/v2\/media?parent=67736"}],"wp:term":[{"taxonomy":"product_brand","embeddable":true,"href":"https:\/\/turismo.benicassim.es\/va\/wp-json\/wp\/v2\/product_brand?post=67736"},{"taxonomy":"product_cat","embeddable":true,"href":"https:\/\/turismo.benicassim.es\/va\/wp-json\/wp\/v2\/product_cat?post=67736"},{"taxonomy":"product_tag","embeddable":true,"href":"https:\/\/turismo.benicassim.es\/va\/wp-json\/wp\/v2\/product_tag?post=67736"}],"curies":[{"name":"wp","href":"https:\/\/api.w.org\/{rel}","templated":true}]}}