{"id":68537,"date":"2022-11-10T09:38:55","date_gmt":"2022-11-10T08:38:55","guid":{"rendered":"https:\/\/turismo.benicassim.es\/producto\/ruta-inclusiva-con-sillas-joelette-4-diciembre-1000h\/"},"modified":"2022-11-10T09:41:17","modified_gmt":"2022-11-10T08:41:17","slug":"ruta-inclusiva-con-sillas-joelette-4-diciembre-1000h","status":"publish","type":"product","link":"https:\/\/turismo.benicassim.es\/va\/producte\/ruta-inclusiva-con-sillas-joelette-4-diciembre-1000h\/","title":{"rendered":"Ruta inclusiva amb cadires Jo\u00eblette. 4 desembre &#8211; 10:00h."},"content":{"rendered":"<p><b>Diumenge 4 de desembre (10.00 hores)<\/b><\/p>\n<p><b>Lloc:<\/b> <b>Monestir Pares Carmelites (P.N. Desert de les Palmes) <\/b> <a href=\"https:\/\/goo.gl\/maps\/z5jmxoyxcdcwpma1a\">https:\/\/goo.gl\/maps\/z5jmxoyxcdcwpma1a <\/a><\/p>\n<p><b>Duraci\u00f3:<\/b> 4 hores.<\/p>\n<p><b>Dificultat: <\/b>baixa.<\/p>\n<p><b>Preu: <\/b><b>3<\/b> \u20ac (1,5 \u20ac redu\u00efda).<\/p>\n<p><b>Descripci\u00f3: <\/b> la Jo\u00eblette \u00e9s una cadira tot terreny amb una sola roda que permet a qualsevol persona amb mobilitat redu\u00efda o amb discapacitat practicar el senderisme amb l&#8217;ajuda de, almenys, dos acompanyants. Per part seua, Cazarettos \u00e9s una associaci\u00f3 sense \u00e0nim de lucre que, a trav\u00e9s de les cadires Jo\u00eblette, realitza eixides senderistes adaptades i dedica els diners recaptats a la investigaci\u00f3 de malalties rares com la s\u00edndrome de Rett.<\/p>\n<p><b>Recomanacions: <\/b>sabata d&#8217;esport, gorra, esmorzar i beguda. Durant la prestaci\u00f3 del servei no est\u00e0 perm\u00e9s l&#8217;acc\u00e9s amb animals (excepte gossos guia o d&#8217;assist\u00e8ncia).<\/p>\n<p><span style=\"color: #ff0000;\"><b>Important a tindre en compte:<\/b><\/span><b> <\/b>l&#8217;aforament m\u00e0xim de la ruta \u00e9s de 30 persones, per\u00f2 l&#8217;AFORAMENT DE CADIRES \u00e9s de 6. En el moment de la compra s&#8217;ha d&#8217;indicar en el requadre de comentaris si es necessita cadira jo\u00eblette per a realitzar la ruta.<\/p>\n","protected":false},"excerpt":{"rendered":"<p>Diumenge 4 de desembre (10.00 hores) Lloc: Monestir Pares Carmelites (P.N. Desert de les Palmes) https:\/\/goo.gl\/maps\/z5jmxoyxcdcwpma1a Duraci\u00f3: 4 hores. Dificultat: baixa. Preu: 3 \u20ac (1,5 \u20ac redu\u00efda). Descripci\u00f3: la Jo\u00eblette \u00e9s una cadira tot terreny amb una sola roda que permet a qualsevol persona amb mobilitat redu\u00efda o amb discapacitat practicar el senderisme amb l&#8217;ajuda [&hellip;]<\/p>\n","protected":false},"featured_media":68538,"template":"","meta":{"_acf_changed":false},"product_brand":[],"product_cat":[527],"product_tag":[339],"class_list":{"0":"post-68537","1":"product","2":"type-product","3":"status-publish","4":"has-post-thumbnail","6":"product_cat-ruta-inclusiva-con-sillas-joelette-va","7":"product_tag-programa-oficial-de-visitas-guiadas-va","9":"first","10":"outofstock","11":"shipping-taxable","12":"purchasable","13":"product-type-variable"},"acf":[],"yoast_head":"<!-- This site is optimized with the Yoast SEO plugin v27.1.1 - https:\/\/yoast.com\/product\/yoast-seo-wordpress\/ -->\n<title>Ruta inclusiva amb cadires Jo\u00eblette. 4 desembre - 10:00h. - Benic\u00e0ssim Turismo<\/title>\n<meta name=\"robots\" content=\"index, follow, max-snippet:-1, max-image-preview:large, max-video-preview:-1\" \/>\n<link rel=\"canonical\" href=\"https:\/\/turismo.benicassim.es\/va\/producte\/ruta-inclusiva-con-sillas-joelette-4-diciembre-1000h\/\" \/>\n<meta property=\"og:locale\" content=\"en_US\" \/>\n<meta property=\"og:type\" content=\"article\" \/>\n<meta property=\"og:title\" content=\"Ruta inclusiva amb cadires Jo\u00eblette. 4 desembre - 10:00h. - Benic\u00e0ssim Turismo\" \/>\n<meta property=\"og:description\" content=\"Diumenge 4 de desembre (10.00 hores) Lloc: Monestir Pares Carmelites (P.N. Desert de les Palmes) https:\/\/goo.gl\/maps\/z5jmxoyxcdcwpma1a Duraci\u00f3: 4 hores. Dificultat: baixa. Preu: 3 \u20ac (1,5 \u20ac redu\u00efda). Descripci\u00f3: la Jo\u00eblette \u00e9s una cadira tot terreny amb una sola roda que permet a qualsevol persona amb mobilitat redu\u00efda o amb discapacitat practicar el senderisme amb l&#8217;ajuda [&hellip;]\" \/>\n<meta property=\"og:url\" content=\"https:\/\/turismo.benicassim.es\/va\/producte\/ruta-inclusiva-con-sillas-joelette-4-diciembre-1000h\/\" \/>\n<meta property=\"og:site_name\" content=\"Benic\u00e0ssim Turismo\" \/>\n<meta property=\"article:modified_time\" content=\"2022-11-10T08:41:17+00:00\" \/>\n<meta property=\"og:image\" content=\"https:\/\/turismo.benicassim.es\/wp-content\/uploads\/2022\/11\/foto33.jpg\" \/>\n\t<meta property=\"og:image:width\" content=\"1772\" \/>\n\t<meta property=\"og:image:height\" content=\"1182\" \/>\n\t<meta property=\"og:image:type\" content=\"image\/jpeg\" \/>\n<meta name=\"twitter:card\" content=\"summary_large_image\" \/>\n<meta name=\"twitter:label1\" content=\"Est. reading time\" \/>\n\t<meta name=\"twitter:data1\" content=\"1 minute\" \/>\n<script type=\"application\/ld+json\" class=\"yoast-schema-graph\">{\"@context\":\"https:\/\/schema.org\",\"@graph\":[{\"@type\":\"WebPage\",\"@id\":\"https:\/\/turismo.benicassim.es\/va\/producte\/ruta-inclusiva-con-sillas-joelette-4-diciembre-1000h\/\",\"url\":\"https:\/\/turismo.benicassim.es\/va\/producte\/ruta-inclusiva-con-sillas-joelette-4-diciembre-1000h\/\",\"name\":\"Ruta inclusiva amb cadires Jo\u00eblette. 4 desembre - 10:00h. - Benic\u00e0ssim Turismo\",\"isPartOf\":{\"@id\":\"https:\/\/turismo.benicassim.es\/va\/#website\"},\"primaryImageOfPage\":{\"@id\":\"https:\/\/turismo.benicassim.es\/va\/producte\/ruta-inclusiva-con-sillas-joelette-4-diciembre-1000h\/#primaryimage\"},\"image\":{\"@id\":\"https:\/\/turismo.benicassim.es\/va\/producte\/ruta-inclusiva-con-sillas-joelette-4-diciembre-1000h\/#primaryimage\"},\"thumbnailUrl\":\"https:\/\/turismo.benicassim.es\/wp-content\/uploads\/2022\/11\/foto33.jpg\",\"datePublished\":\"2022-11-10T08:38:55+00:00\",\"dateModified\":\"2022-11-10T08:41:17+00:00\",\"breadcrumb\":{\"@id\":\"https:\/\/turismo.benicassim.es\/va\/producte\/ruta-inclusiva-con-sillas-joelette-4-diciembre-1000h\/#breadcrumb\"},\"inLanguage\":\"ca-CA\",\"potentialAction\":[{\"@type\":\"ReadAction\",\"target\":[\"https:\/\/turismo.benicassim.es\/va\/producte\/ruta-inclusiva-con-sillas-joelette-4-diciembre-1000h\/\"]}]},{\"@type\":\"ImageObject\",\"inLanguage\":\"ca-CA\",\"@id\":\"https:\/\/turismo.benicassim.es\/va\/producte\/ruta-inclusiva-con-sillas-joelette-4-diciembre-1000h\/#primaryimage\",\"url\":\"https:\/\/turismo.benicassim.es\/wp-content\/uploads\/2022\/11\/foto33.jpg\",\"contentUrl\":\"https:\/\/turismo.benicassim.es\/wp-content\/uploads\/2022\/11\/foto33.jpg\",\"width\":1772,\"height\":1182},{\"@type\":\"BreadcrumbList\",\"@id\":\"https:\/\/turismo.benicassim.es\/va\/producte\/ruta-inclusiva-con-sillas-joelette-4-diciembre-1000h\/#breadcrumb\",\"itemListElement\":[{\"@type\":\"ListItem\",\"position\":1,\"name\":\"Inicio\",\"item\":\"https:\/\/turismo.benicassim.es\/va\/\"},{\"@type\":\"ListItem\",\"position\":2,\"name\":\"Tenda\",\"item\":\"https:\/\/turismo.benicassim.es\/va\/tenda\/\"},{\"@type\":\"ListItem\",\"position\":3,\"name\":\"Ruta inclusiva amb cadires Jo\u00eblette. 4 desembre &#8211; 10:00h.\"}]},{\"@type\":\"WebSite\",\"@id\":\"https:\/\/turismo.benicassim.es\/va\/#website\",\"url\":\"https:\/\/turismo.benicassim.es\/va\/\",\"name\":\"Benic\u00e0ssim Turismo\",\"description\":\"Web de informaci\u00f3n de Turismo en Benicasim\",\"potentialAction\":[{\"@type\":\"SearchAction\",\"target\":{\"@type\":\"EntryPoint\",\"urlTemplate\":\"https:\/\/turismo.benicassim.es\/va\/?s={search_term_string}\"},\"query-input\":{\"@type\":\"PropertyValueSpecification\",\"valueRequired\":true,\"valueName\":\"search_term_string\"}}],\"inLanguage\":\"ca-CA\"}]}<\/script>\n<!-- \/ Yoast SEO plugin. -->","yoast_head_json":{"title":"Ruta inclusiva amb cadires Jo\u00eblette. 4 desembre - 10:00h. - Benic\u00e0ssim Turismo","robots":{"index":"index","follow":"follow","max-snippet":"max-snippet:-1","max-image-preview":"max-image-preview:large","max-video-preview":"max-video-preview:-1"},"canonical":"https:\/\/turismo.benicassim.es\/va\/producte\/ruta-inclusiva-con-sillas-joelette-4-diciembre-1000h\/","og_locale":"en_US","og_type":"article","og_title":"Ruta inclusiva amb cadires Jo\u00eblette. 4 desembre - 10:00h. - Benic\u00e0ssim Turismo","og_description":"Diumenge 4 de desembre (10.00 hores) Lloc: Monestir Pares Carmelites (P.N. Desert de les Palmes) https:\/\/goo.gl\/maps\/z5jmxoyxcdcwpma1a Duraci\u00f3: 4 hores. Dificultat: baixa. Preu: 3 \u20ac (1,5 \u20ac redu\u00efda). Descripci\u00f3: la Jo\u00eblette \u00e9s una cadira tot terreny amb una sola roda que permet a qualsevol persona amb mobilitat redu\u00efda o amb discapacitat practicar el senderisme amb l&#8217;ajuda [&hellip;]","og_url":"https:\/\/turismo.benicassim.es\/va\/producte\/ruta-inclusiva-con-sillas-joelette-4-diciembre-1000h\/","og_site_name":"Benic\u00e0ssim Turismo","article_modified_time":"2022-11-10T08:41:17+00:00","og_image":[{"width":1772,"height":1182,"url":"https:\/\/turismo.benicassim.es\/wp-content\/uploads\/2022\/11\/foto33.jpg","type":"image\/jpeg"}],"twitter_card":"summary_large_image","twitter_misc":{"Est. reading time":"1 minute"},"schema":{"@context":"https:\/\/schema.org","@graph":[{"@type":"WebPage","@id":"https:\/\/turismo.benicassim.es\/va\/producte\/ruta-inclusiva-con-sillas-joelette-4-diciembre-1000h\/","url":"https:\/\/turismo.benicassim.es\/va\/producte\/ruta-inclusiva-con-sillas-joelette-4-diciembre-1000h\/","name":"Ruta inclusiva amb cadires Jo\u00eblette. 4 desembre - 10:00h. - Benic\u00e0ssim Turismo","isPartOf":{"@id":"https:\/\/turismo.benicassim.es\/va\/#website"},"primaryImageOfPage":{"@id":"https:\/\/turismo.benicassim.es\/va\/producte\/ruta-inclusiva-con-sillas-joelette-4-diciembre-1000h\/#primaryimage"},"image":{"@id":"https:\/\/turismo.benicassim.es\/va\/producte\/ruta-inclusiva-con-sillas-joelette-4-diciembre-1000h\/#primaryimage"},"thumbnailUrl":"https:\/\/turismo.benicassim.es\/wp-content\/uploads\/2022\/11\/foto33.jpg","datePublished":"2022-11-10T08:38:55+00:00","dateModified":"2022-11-10T08:41:17+00:00","breadcrumb":{"@id":"https:\/\/turismo.benicassim.es\/va\/producte\/ruta-inclusiva-con-sillas-joelette-4-diciembre-1000h\/#breadcrumb"},"inLanguage":"ca-CA","potentialAction":[{"@type":"ReadAction","target":["https:\/\/turismo.benicassim.es\/va\/producte\/ruta-inclusiva-con-sillas-joelette-4-diciembre-1000h\/"]}]},{"@type":"ImageObject","inLanguage":"ca-CA","@id":"https:\/\/turismo.benicassim.es\/va\/producte\/ruta-inclusiva-con-sillas-joelette-4-diciembre-1000h\/#primaryimage","url":"https:\/\/turismo.benicassim.es\/wp-content\/uploads\/2022\/11\/foto33.jpg","contentUrl":"https:\/\/turismo.benicassim.es\/wp-content\/uploads\/2022\/11\/foto33.jpg","width":1772,"height":1182},{"@type":"BreadcrumbList","@id":"https:\/\/turismo.benicassim.es\/va\/producte\/ruta-inclusiva-con-sillas-joelette-4-diciembre-1000h\/#breadcrumb","itemListElement":[{"@type":"ListItem","position":1,"name":"Inicio","item":"https:\/\/turismo.benicassim.es\/va\/"},{"@type":"ListItem","position":2,"name":"Tenda","item":"https:\/\/turismo.benicassim.es\/va\/tenda\/"},{"@type":"ListItem","position":3,"name":"Ruta inclusiva amb cadires Jo\u00eblette. 4 desembre &#8211; 10:00h."}]},{"@type":"WebSite","@id":"https:\/\/turismo.benicassim.es\/va\/#website","url":"https:\/\/turismo.benicassim.es\/va\/","name":"Benic\u00e0ssim Turismo","description":"Web de informaci\u00f3n de Turismo en Benicasim","potentialAction":[{"@type":"SearchAction","target":{"@type":"EntryPoint","urlTemplate":"https:\/\/turismo.benicassim.es\/va\/?s={search_term_string}"},"query-input":{"@type":"PropertyValueSpecification","valueRequired":true,"valueName":"search_term_string"}}],"inLanguage":"ca-CA"}]}},"_links":{"self":[{"href":"https:\/\/turismo.benicassim.es\/va\/wp-json\/wp\/v2\/product\/68537","targetHints":{"allow":["GET"]}}],"collection":[{"href":"https:\/\/turismo.benicassim.es\/va\/wp-json\/wp\/v2\/product"}],"about":[{"href":"https:\/\/turismo.benicassim.es\/va\/wp-json\/wp\/v2\/types\/product"}],"wp:featuredmedia":[{"embeddable":true,"href":"https:\/\/turismo.benicassim.es\/va\/wp-json\/wp\/v2\/media\/68538"}],"wp:attachment":[{"href":"https:\/\/turismo.benicassim.es\/va\/wp-json\/wp\/v2\/media?parent=68537"}],"wp:term":[{"taxonomy":"product_brand","embeddable":true,"href":"https:\/\/turismo.benicassim.es\/va\/wp-json\/wp\/v2\/product_brand?post=68537"},{"taxonomy":"product_cat","embeddable":true,"href":"https:\/\/turismo.benicassim.es\/va\/wp-json\/wp\/v2\/product_cat?post=68537"},{"taxonomy":"product_tag","embeddable":true,"href":"https:\/\/turismo.benicassim.es\/va\/wp-json\/wp\/v2\/product_tag?post=68537"}],"curies":[{"name":"wp","href":"https:\/\/api.w.org\/{rel}","templated":true}]}}