{"id":68562,"date":"2022-11-10T12:37:51","date_gmt":"2022-11-10T11:37:51","guid":{"rendered":"https:\/\/turismo.benicassim.es\/producto\/ruta-inclusiva-por-benicassim-3-de-diciembre-1000h\/"},"modified":"2022-11-14T14:00:12","modified_gmt":"2022-11-14T13:00:12","slug":"ruta-inclusiva-por-benicassim-3-de-diciembre-1000h","status":"publish","type":"product","link":"https:\/\/turismo.benicassim.es\/va\/producte\/ruta-inclusiva-por-benicassim-3-de-diciembre-1000h\/","title":{"rendered":"Ruta inclusiva per Benic\u00e0ssim. 3 de desembre &#8211; 10:00h."},"content":{"rendered":"<p><strong>Dissabte 3 de desembre (10.00 hores)<\/strong><\/p>\n<p><strong>Lloc:<\/strong> Centre d\u2019 Interpretaci\u00f3 La Bartola <a href=\"https:\/\/goo.gl\/maps\/r1mdbmubnxjn2rah9\">https:\/\/goo.gl\/maps\/r1mdbmubnxjn2rah9<\/a><\/p>\n<p><strong>Duraci\u00f3:<\/strong> 3 hores.<\/p>\n<p><strong>Dificultat:<\/strong> baixa.<\/p>\n<p><strong>Preu:<\/strong> 3 \u20ac (1,50 \u20ac redu\u00efda).<\/p>\n<p><strong>Descripci\u00f3:<\/strong> Amb motiu del Dia Internacional de les Persones amb Discapacitat, es realitzar\u00e0 una activitat concebuda per a persones amb diversitat funcional. En el transcurs d&#8217;aquesta visita es coneixeran els dos vessants del nostre municipi: la muntanya, a trav\u00e9s del Centre d&#8217;Interpretaci\u00f3 del P.N. del Desert de les Palmes, i la mar, segles arrere replet de pirates que aguaitaven les nostres costes. En la segona part de l&#8217;activitat es visitar\u00e0 el Centre d\u2019 Interpretaci\u00f3 Torre de Sant Vicent. Les persones que no puguen accedir a l&#8217;interior de la Torre gaudiran de l&#8217;experi\u00e8ncia de realitat virtual en l&#8217;exterior.<\/p>\n<p><strong>Recomanacions:<\/strong> sabata d&#8217;esport, gorra, esmorzar i beguda. Durant la prestaci\u00f3 del servei no est\u00e0 perm\u00e9s l&#8217;acc\u00e9s amb animals (excepte gossos guia o d&#8217;assist\u00e8ncia).<\/p>\n","protected":false},"excerpt":{"rendered":"<p>Dissabte 3 de desembre (10.00 hores) Lloc: Centre d\u2019 Interpretaci\u00f3 La Bartola https:\/\/goo.gl\/maps\/r1mdbmubnxjn2rah9 Duraci\u00f3: 3 hores. Dificultat: baixa. Preu: 3 \u20ac (1,50 \u20ac redu\u00efda). Descripci\u00f3: Amb motiu del Dia Internacional de les Persones amb Discapacitat, es realitzar\u00e0 una activitat concebuda per a persones amb diversitat funcional. En el transcurs d&#8217;aquesta visita es coneixeran els dos [&hellip;]<\/p>\n","protected":false},"featured_media":68563,"template":"","meta":{"_acf_changed":false},"product_brand":[],"product_cat":[529,241],"product_tag":[339],"class_list":{"0":"post-68562","1":"product","2":"type-product","3":"status-publish","4":"has-post-thumbnail","6":"product_cat-ruta-inclusiva-per-benicassim","7":"product_cat-sin-categorizar-va","8":"product_tag-programa-oficial-de-visitas-guiadas-va","10":"first","11":"outofstock","12":"shipping-taxable","13":"purchasable","14":"product-type-variable"},"acf":[],"yoast_head":"<!-- This site is optimized with the Yoast SEO plugin v27.1.1 - https:\/\/yoast.com\/product\/yoast-seo-wordpress\/ -->\n<title>Ruta inclusiva per Benic\u00e0ssim. 3 de desembre - 10:00h. - Benic\u00e0ssim Turismo<\/title>\n<meta name=\"robots\" content=\"index, follow, max-snippet:-1, max-image-preview:large, max-video-preview:-1\" \/>\n<link rel=\"canonical\" href=\"https:\/\/turismo.benicassim.es\/va\/producte\/ruta-inclusiva-por-benicassim-3-de-diciembre-1000h\/\" \/>\n<meta property=\"og:locale\" content=\"en_US\" \/>\n<meta property=\"og:type\" content=\"article\" \/>\n<meta property=\"og:title\" content=\"Ruta inclusiva per Benic\u00e0ssim. 3 de desembre - 10:00h. - Benic\u00e0ssim Turismo\" \/>\n<meta property=\"og:description\" content=\"Dissabte 3 de desembre (10.00 hores) Lloc: Centre d\u2019 Interpretaci\u00f3 La Bartola https:\/\/goo.gl\/maps\/r1mdbmubnxjn2rah9 Duraci\u00f3: 3 hores. Dificultat: baixa. Preu: 3 \u20ac (1,50 \u20ac redu\u00efda). Descripci\u00f3: Amb motiu del Dia Internacional de les Persones amb Discapacitat, es realitzar\u00e0 una activitat concebuda per a persones amb diversitat funcional. En el transcurs d&#8217;aquesta visita es coneixeran els dos [&hellip;]\" \/>\n<meta property=\"og:url\" content=\"https:\/\/turismo.benicassim.es\/va\/producte\/ruta-inclusiva-por-benicassim-3-de-diciembre-1000h\/\" \/>\n<meta property=\"og:site_name\" content=\"Benic\u00e0ssim Turismo\" \/>\n<meta property=\"article:modified_time\" content=\"2022-11-14T13:00:12+00:00\" \/>\n<meta property=\"og:image\" content=\"https:\/\/turismo.benicassim.es\/wp-content\/uploads\/2022\/11\/diversidad-funcional.jpg\" \/>\n\t<meta property=\"og:image:width\" content=\"960\" \/>\n\t<meta property=\"og:image:height\" content=\"447\" \/>\n\t<meta property=\"og:image:type\" content=\"image\/jpeg\" \/>\n<meta name=\"twitter:card\" content=\"summary_large_image\" \/>\n<meta name=\"twitter:label1\" content=\"Est. reading time\" \/>\n\t<meta name=\"twitter:data1\" content=\"1 minute\" \/>\n<script type=\"application\/ld+json\" class=\"yoast-schema-graph\">{\"@context\":\"https:\/\/schema.org\",\"@graph\":[{\"@type\":\"WebPage\",\"@id\":\"https:\/\/turismo.benicassim.es\/va\/producte\/ruta-inclusiva-por-benicassim-3-de-diciembre-1000h\/\",\"url\":\"https:\/\/turismo.benicassim.es\/va\/producte\/ruta-inclusiva-por-benicassim-3-de-diciembre-1000h\/\",\"name\":\"Ruta inclusiva per Benic\u00e0ssim. 3 de desembre - 10:00h. - Benic\u00e0ssim Turismo\",\"isPartOf\":{\"@id\":\"https:\/\/turismo.benicassim.es\/va\/#website\"},\"primaryImageOfPage\":{\"@id\":\"https:\/\/turismo.benicassim.es\/va\/producte\/ruta-inclusiva-por-benicassim-3-de-diciembre-1000h\/#primaryimage\"},\"image\":{\"@id\":\"https:\/\/turismo.benicassim.es\/va\/producte\/ruta-inclusiva-por-benicassim-3-de-diciembre-1000h\/#primaryimage\"},\"thumbnailUrl\":\"https:\/\/turismo.benicassim.es\/wp-content\/uploads\/2022\/11\/diversidad-funcional.jpg\",\"datePublished\":\"2022-11-10T11:37:51+00:00\",\"dateModified\":\"2022-11-14T13:00:12+00:00\",\"breadcrumb\":{\"@id\":\"https:\/\/turismo.benicassim.es\/va\/producte\/ruta-inclusiva-por-benicassim-3-de-diciembre-1000h\/#breadcrumb\"},\"inLanguage\":\"ca-CA\",\"potentialAction\":[{\"@type\":\"ReadAction\",\"target\":[\"https:\/\/turismo.benicassim.es\/va\/producte\/ruta-inclusiva-por-benicassim-3-de-diciembre-1000h\/\"]}]},{\"@type\":\"ImageObject\",\"inLanguage\":\"ca-CA\",\"@id\":\"https:\/\/turismo.benicassim.es\/va\/producte\/ruta-inclusiva-por-benicassim-3-de-diciembre-1000h\/#primaryimage\",\"url\":\"https:\/\/turismo.benicassim.es\/wp-content\/uploads\/2022\/11\/diversidad-funcional.jpg\",\"contentUrl\":\"https:\/\/turismo.benicassim.es\/wp-content\/uploads\/2022\/11\/diversidad-funcional.jpg\",\"width\":960,\"height\":447},{\"@type\":\"BreadcrumbList\",\"@id\":\"https:\/\/turismo.benicassim.es\/va\/producte\/ruta-inclusiva-por-benicassim-3-de-diciembre-1000h\/#breadcrumb\",\"itemListElement\":[{\"@type\":\"ListItem\",\"position\":1,\"name\":\"Inicio\",\"item\":\"https:\/\/turismo.benicassim.es\/va\/\"},{\"@type\":\"ListItem\",\"position\":2,\"name\":\"Tenda\",\"item\":\"https:\/\/turismo.benicassim.es\/va\/tenda\/\"},{\"@type\":\"ListItem\",\"position\":3,\"name\":\"Ruta inclusiva per Benic\u00e0ssim. 3 de desembre &#8211; 10:00h.\"}]},{\"@type\":\"WebSite\",\"@id\":\"https:\/\/turismo.benicassim.es\/va\/#website\",\"url\":\"https:\/\/turismo.benicassim.es\/va\/\",\"name\":\"Benic\u00e0ssim Turismo\",\"description\":\"Web de informaci\u00f3n de Turismo en Benicasim\",\"potentialAction\":[{\"@type\":\"SearchAction\",\"target\":{\"@type\":\"EntryPoint\",\"urlTemplate\":\"https:\/\/turismo.benicassim.es\/va\/?s={search_term_string}\"},\"query-input\":{\"@type\":\"PropertyValueSpecification\",\"valueRequired\":true,\"valueName\":\"search_term_string\"}}],\"inLanguage\":\"ca-CA\"}]}<\/script>\n<!-- \/ Yoast SEO plugin. -->","yoast_head_json":{"title":"Ruta inclusiva per Benic\u00e0ssim. 3 de desembre - 10:00h. - Benic\u00e0ssim Turismo","robots":{"index":"index","follow":"follow","max-snippet":"max-snippet:-1","max-image-preview":"max-image-preview:large","max-video-preview":"max-video-preview:-1"},"canonical":"https:\/\/turismo.benicassim.es\/va\/producte\/ruta-inclusiva-por-benicassim-3-de-diciembre-1000h\/","og_locale":"en_US","og_type":"article","og_title":"Ruta inclusiva per Benic\u00e0ssim. 3 de desembre - 10:00h. - Benic\u00e0ssim Turismo","og_description":"Dissabte 3 de desembre (10.00 hores) Lloc: Centre d\u2019 Interpretaci\u00f3 La Bartola https:\/\/goo.gl\/maps\/r1mdbmubnxjn2rah9 Duraci\u00f3: 3 hores. Dificultat: baixa. Preu: 3 \u20ac (1,50 \u20ac redu\u00efda). Descripci\u00f3: Amb motiu del Dia Internacional de les Persones amb Discapacitat, es realitzar\u00e0 una activitat concebuda per a persones amb diversitat funcional. En el transcurs d&#8217;aquesta visita es coneixeran els dos [&hellip;]","og_url":"https:\/\/turismo.benicassim.es\/va\/producte\/ruta-inclusiva-por-benicassim-3-de-diciembre-1000h\/","og_site_name":"Benic\u00e0ssim Turismo","article_modified_time":"2022-11-14T13:00:12+00:00","og_image":[{"width":960,"height":447,"url":"https:\/\/turismo.benicassim.es\/wp-content\/uploads\/2022\/11\/diversidad-funcional.jpg","type":"image\/jpeg"}],"twitter_card":"summary_large_image","twitter_misc":{"Est. reading time":"1 minute"},"schema":{"@context":"https:\/\/schema.org","@graph":[{"@type":"WebPage","@id":"https:\/\/turismo.benicassim.es\/va\/producte\/ruta-inclusiva-por-benicassim-3-de-diciembre-1000h\/","url":"https:\/\/turismo.benicassim.es\/va\/producte\/ruta-inclusiva-por-benicassim-3-de-diciembre-1000h\/","name":"Ruta inclusiva per Benic\u00e0ssim. 3 de desembre - 10:00h. - Benic\u00e0ssim Turismo","isPartOf":{"@id":"https:\/\/turismo.benicassim.es\/va\/#website"},"primaryImageOfPage":{"@id":"https:\/\/turismo.benicassim.es\/va\/producte\/ruta-inclusiva-por-benicassim-3-de-diciembre-1000h\/#primaryimage"},"image":{"@id":"https:\/\/turismo.benicassim.es\/va\/producte\/ruta-inclusiva-por-benicassim-3-de-diciembre-1000h\/#primaryimage"},"thumbnailUrl":"https:\/\/turismo.benicassim.es\/wp-content\/uploads\/2022\/11\/diversidad-funcional.jpg","datePublished":"2022-11-10T11:37:51+00:00","dateModified":"2022-11-14T13:00:12+00:00","breadcrumb":{"@id":"https:\/\/turismo.benicassim.es\/va\/producte\/ruta-inclusiva-por-benicassim-3-de-diciembre-1000h\/#breadcrumb"},"inLanguage":"ca-CA","potentialAction":[{"@type":"ReadAction","target":["https:\/\/turismo.benicassim.es\/va\/producte\/ruta-inclusiva-por-benicassim-3-de-diciembre-1000h\/"]}]},{"@type":"ImageObject","inLanguage":"ca-CA","@id":"https:\/\/turismo.benicassim.es\/va\/producte\/ruta-inclusiva-por-benicassim-3-de-diciembre-1000h\/#primaryimage","url":"https:\/\/turismo.benicassim.es\/wp-content\/uploads\/2022\/11\/diversidad-funcional.jpg","contentUrl":"https:\/\/turismo.benicassim.es\/wp-content\/uploads\/2022\/11\/diversidad-funcional.jpg","width":960,"height":447},{"@type":"BreadcrumbList","@id":"https:\/\/turismo.benicassim.es\/va\/producte\/ruta-inclusiva-por-benicassim-3-de-diciembre-1000h\/#breadcrumb","itemListElement":[{"@type":"ListItem","position":1,"name":"Inicio","item":"https:\/\/turismo.benicassim.es\/va\/"},{"@type":"ListItem","position":2,"name":"Tenda","item":"https:\/\/turismo.benicassim.es\/va\/tenda\/"},{"@type":"ListItem","position":3,"name":"Ruta inclusiva per Benic\u00e0ssim. 3 de desembre &#8211; 10:00h."}]},{"@type":"WebSite","@id":"https:\/\/turismo.benicassim.es\/va\/#website","url":"https:\/\/turismo.benicassim.es\/va\/","name":"Benic\u00e0ssim Turismo","description":"Web de informaci\u00f3n de Turismo en Benicasim","potentialAction":[{"@type":"SearchAction","target":{"@type":"EntryPoint","urlTemplate":"https:\/\/turismo.benicassim.es\/va\/?s={search_term_string}"},"query-input":{"@type":"PropertyValueSpecification","valueRequired":true,"valueName":"search_term_string"}}],"inLanguage":"ca-CA"}]}},"_links":{"self":[{"href":"https:\/\/turismo.benicassim.es\/va\/wp-json\/wp\/v2\/product\/68562","targetHints":{"allow":["GET"]}}],"collection":[{"href":"https:\/\/turismo.benicassim.es\/va\/wp-json\/wp\/v2\/product"}],"about":[{"href":"https:\/\/turismo.benicassim.es\/va\/wp-json\/wp\/v2\/types\/product"}],"wp:featuredmedia":[{"embeddable":true,"href":"https:\/\/turismo.benicassim.es\/va\/wp-json\/wp\/v2\/media\/68563"}],"wp:attachment":[{"href":"https:\/\/turismo.benicassim.es\/va\/wp-json\/wp\/v2\/media?parent=68562"}],"wp:term":[{"taxonomy":"product_brand","embeddable":true,"href":"https:\/\/turismo.benicassim.es\/va\/wp-json\/wp\/v2\/product_brand?post=68562"},{"taxonomy":"product_cat","embeddable":true,"href":"https:\/\/turismo.benicassim.es\/va\/wp-json\/wp\/v2\/product_cat?post=68562"},{"taxonomy":"product_tag","embeddable":true,"href":"https:\/\/turismo.benicassim.es\/va\/wp-json\/wp\/v2\/product_tag?post=68562"}],"curies":[{"name":"wp","href":"https:\/\/api.w.org\/{rel}","templated":true}]}}