{"id":69822,"date":"2023-02-26T11:01:16","date_gmt":"2023-02-26T10:01:16","guid":{"rendered":"https:\/\/turismo.benicassim.es\/producto\/de-banu-qasi-a-benicassim-historias-de-la-historia-de-nuestro-pueblo-con-visita-a-iglesia-y-bodega-carmelitano-jueves-6-de-abril-2023-1030-h\/"},"modified":"2023-02-26T11:05:50","modified_gmt":"2023-02-26T10:05:50","slug":"de-banu-qasi-a-benicassim-historias-de-la-historia-de-nuestro-pueblo-con-visita-a-iglesia-y-bodega-carmelitano-jueves-6-de-abril-2023-1030-h","status":"publish","type":"product","link":"https:\/\/turismo.benicassim.es\/va\/producte\/de-banu-qasi-a-benicassim-historias-de-la-historia-de-nuestro-pueblo-con-visita-a-iglesia-y-bodega-carmelitano-jueves-6-de-abril-2023-1030-h\/","title":{"rendered":"De Banu Qasi a Benic\u00e0ssim. Hist\u00f2ries de la hist\u00f2ria del nostre poble. Amb visita a l&#8217;esgl\u00e9sia i Bodega Carmelitano. Dijous 6 d&#8217;abril 2023 &#8211; 10:30 h."},"content":{"rendered":"<p><strong>Dijous 6 d&#8217;abril (10:30 hores)<\/strong><br \/>\n<strong>Lloc:<\/strong> Oficina de Turisme Casa Abadia (junt Esgl\u00e9sia de Sant Tom\u00e0s de Villanueva)\u00a0<a href=\"https:\/\/goo.gl\/maps\/2vxfJfg7p1TRzkyP9\">https:\/\/goo.gl\/maps\/2vxfJfg7p1TRzkyP9<\/a><br \/>\n<strong>Duraci\u00f3:<\/strong> 2,5 hores.<br \/>\n<strong>Dist\u00e0ncia:<\/strong> 2,5 Km.<br \/>\n<strong>Dificultat:<\/strong> baixa.<br \/>\n<strong>Preu:<\/strong> 5 \u20ac (2,5 \u20ac redu\u00efda).<br \/>\n<strong>Descripci\u00f3:<\/strong> Habitada potser des de l&#8217;Edat del Bronze, l&#8217;\u00e0rea de Benic\u00e0ssim amaga una quantitat de secrets hist\u00f2rics i culturals tan diversa que excedeix els propis l\u00edmits urbans. Comen\u00e7ant pel seu nucli primigeni al castell del Sentinella, d&#8217;\u00e8poca musulmana tardana, recorrerem els carrers i places que, amb moltes dificultats degudes als continus atacs de corsaris, van donar finalment vida a un poble que, contra tot pron\u00f2stic, va acabar sent pioner en el sector del turisme en tota Espanya i conegut com el Biarritz valenci\u00e0. L&#8217;entrada al fam\u00f3s celler i destil\u00b7leria del Carmelitano posar\u00e0 la guinda del past\u00eds a la visita, en la qual tamb\u00e9 es comentaran els principals esdeveniments culturals i festius que tenen lloc al llarg de l&#8217;any en la localitat (festivals musicals, festes patronals, festa de les Paelles, mostres d&#8217;art, etc.).<br \/>\n<strong>Recomanacions:<\/strong> Durant la prestaci\u00f3 del servei no est\u00e0 perm\u00e9s l&#8217;acc\u00e9s amb animals (excepte gossos guia o d&#8217;assist\u00e8ncia).<\/p>\n","protected":false},"excerpt":{"rendered":"<p>Dijous 6 d&#8217;abril (10:30 hores) Lloc: Oficina de Turisme Casa Abadia (junt Esgl\u00e9sia de Sant Tom\u00e0s de Villanueva)\u00a0https:\/\/goo.gl\/maps\/2vxfJfg7p1TRzkyP9 Duraci\u00f3: 2,5 hores. Dist\u00e0ncia: 2,5 Km. Dificultat: baixa. Preu: 5 \u20ac (2,5 \u20ac redu\u00efda). Descripci\u00f3: Habitada potser des de l&#8217;Edat del Bronze, l&#8217;\u00e0rea de Benic\u00e0ssim amaga una quantitat de secrets hist\u00f2rics i culturals tan diversa que excedeix [&hellip;]<\/p>\n","protected":false},"featured_media":69823,"template":"","meta":{"_acf_changed":false},"product_brand":[],"product_cat":[364],"product_tag":[607,612,613,553,555],"class_list":{"0":"post-69822","1":"product","2":"type-product","3":"status-publish","4":"has-post-thumbnail","6":"product_cat-de-banu-qasi-a-benicassim-historias-de-la-historia-de-nuestro-pueblo-con-visita-de-la-iglesia-de-santo-tomas-de-villanueva-y-bodega-carmelitano-va","7":"product_tag-benicassim-guided-tours-va","8":"product_tag-bodegas-carmelitano-va","9":"product_tag-iglesia-de-santo-tomas-de-villanueva-va","10":"product_tag-visitas-guiadas-benicasim-va","11":"product_tag-visites-guiades-benicassim","13":"first","14":"instock","15":"shipping-taxable","16":"purchasable","17":"product-type-variable"},"acf":[],"yoast_head":"<!-- This site is optimized with the Yoast SEO plugin v27.4 - https:\/\/yoast.com\/product\/yoast-seo-wordpress\/ -->\n<title>De Banu Qasi a Benic\u00e0ssim. Hist\u00f2ries de la hist\u00f2ria del nostre poble. Amb visita a l&#039;esgl\u00e9sia i Bodega Carmelitano. Dijous 6 d&#039;abril 2023 - 10:30 h. - Benic\u00e0ssim Turismo<\/title>\n<meta name=\"robots\" content=\"index, follow, max-snippet:-1, max-image-preview:large, max-video-preview:-1\" \/>\n<link rel=\"canonical\" href=\"https:\/\/turismo.benicassim.es\/va\/producte\/de-banu-qasi-a-benicassim-historias-de-la-historia-de-nuestro-pueblo-con-visita-a-iglesia-y-bodega-carmelitano-jueves-6-de-abril-2023-1030-h\/\" \/>\n<meta property=\"og:locale\" content=\"en_US\" \/>\n<meta property=\"og:type\" content=\"article\" \/>\n<meta property=\"og:title\" content=\"De Banu Qasi a Benic\u00e0ssim. Hist\u00f2ries de la hist\u00f2ria del nostre poble. Amb visita a l&#039;esgl\u00e9sia i Bodega Carmelitano. Dijous 6 d&#039;abril 2023 - 10:30 h. - Benic\u00e0ssim Turismo\" \/>\n<meta property=\"og:description\" content=\"Dijous 6 d&#8217;abril (10:30 hores) Lloc: Oficina de Turisme Casa Abadia (junt Esgl\u00e9sia de Sant Tom\u00e0s de Villanueva)\u00a0https:\/\/goo.gl\/maps\/2vxfJfg7p1TRzkyP9 Duraci\u00f3: 2,5 hores. Dist\u00e0ncia: 2,5 Km. Dificultat: baixa. Preu: 5 \u20ac (2,5 \u20ac redu\u00efda). Descripci\u00f3: Habitada potser des de l&#8217;Edat del Bronze, l&#8217;\u00e0rea de Benic\u00e0ssim amaga una quantitat de secrets hist\u00f2rics i culturals tan diversa que excedeix [&hellip;]\" \/>\n<meta property=\"og:url\" content=\"https:\/\/turismo.benicassim.es\/va\/producte\/de-banu-qasi-a-benicassim-historias-de-la-historia-de-nuestro-pueblo-con-visita-a-iglesia-y-bodega-carmelitano-jueves-6-de-abril-2023-1030-h\/\" \/>\n<meta property=\"og:site_name\" content=\"Benic\u00e0ssim Turismo\" \/>\n<meta property=\"article:modified_time\" content=\"2023-02-26T10:05:50+00:00\" \/>\n<meta property=\"og:image\" content=\"https:\/\/turismo.benicassim.es\/wp-content\/uploads\/2023\/02\/foto10.jpg\" \/>\n\t<meta property=\"og:image:width\" content=\"1772\" \/>\n\t<meta property=\"og:image:height\" content=\"1182\" \/>\n\t<meta property=\"og:image:type\" content=\"image\/jpeg\" \/>\n<meta name=\"twitter:card\" content=\"summary_large_image\" \/>\n<meta name=\"twitter:label1\" content=\"Est. reading time\" \/>\n\t<meta name=\"twitter:data1\" content=\"1 minute\" \/>\n<script type=\"application\/ld+json\" class=\"yoast-schema-graph\">{\"@context\":\"https:\\\/\\\/schema.org\",\"@graph\":[{\"@type\":\"WebPage\",\"@id\":\"https:\\\/\\\/turismo.benicassim.es\\\/va\\\/producte\\\/de-banu-qasi-a-benicassim-historias-de-la-historia-de-nuestro-pueblo-con-visita-a-iglesia-y-bodega-carmelitano-jueves-6-de-abril-2023-1030-h\\\/\",\"url\":\"https:\\\/\\\/turismo.benicassim.es\\\/va\\\/producte\\\/de-banu-qasi-a-benicassim-historias-de-la-historia-de-nuestro-pueblo-con-visita-a-iglesia-y-bodega-carmelitano-jueves-6-de-abril-2023-1030-h\\\/\",\"name\":\"De Banu Qasi a Benic\u00e0ssim. Hist\u00f2ries de la hist\u00f2ria del nostre poble. Amb visita a l'esgl\u00e9sia i Bodega Carmelitano. Dijous 6 d'abril 2023 - 10:30 h. - Benic\u00e0ssim Turismo\",\"isPartOf\":{\"@id\":\"https:\\\/\\\/turismo.benicassim.es\\\/va\\\/#website\"},\"primaryImageOfPage\":{\"@id\":\"https:\\\/\\\/turismo.benicassim.es\\\/va\\\/producte\\\/de-banu-qasi-a-benicassim-historias-de-la-historia-de-nuestro-pueblo-con-visita-a-iglesia-y-bodega-carmelitano-jueves-6-de-abril-2023-1030-h\\\/#primaryimage\"},\"image\":{\"@id\":\"https:\\\/\\\/turismo.benicassim.es\\\/va\\\/producte\\\/de-banu-qasi-a-benicassim-historias-de-la-historia-de-nuestro-pueblo-con-visita-a-iglesia-y-bodega-carmelitano-jueves-6-de-abril-2023-1030-h\\\/#primaryimage\"},\"thumbnailUrl\":\"https:\\\/\\\/turismo.benicassim.es\\\/wp-content\\\/uploads\\\/2023\\\/02\\\/foto10.jpg\",\"datePublished\":\"2023-02-26T10:01:16+00:00\",\"dateModified\":\"2023-02-26T10:05:50+00:00\",\"breadcrumb\":{\"@id\":\"https:\\\/\\\/turismo.benicassim.es\\\/va\\\/producte\\\/de-banu-qasi-a-benicassim-historias-de-la-historia-de-nuestro-pueblo-con-visita-a-iglesia-y-bodega-carmelitano-jueves-6-de-abril-2023-1030-h\\\/#breadcrumb\"},\"inLanguage\":\"ca-CA\",\"potentialAction\":[{\"@type\":\"ReadAction\",\"target\":[\"https:\\\/\\\/turismo.benicassim.es\\\/va\\\/producte\\\/de-banu-qasi-a-benicassim-historias-de-la-historia-de-nuestro-pueblo-con-visita-a-iglesia-y-bodega-carmelitano-jueves-6-de-abril-2023-1030-h\\\/\"]}]},{\"@type\":\"ImageObject\",\"inLanguage\":\"ca-CA\",\"@id\":\"https:\\\/\\\/turismo.benicassim.es\\\/va\\\/producte\\\/de-banu-qasi-a-benicassim-historias-de-la-historia-de-nuestro-pueblo-con-visita-a-iglesia-y-bodega-carmelitano-jueves-6-de-abril-2023-1030-h\\\/#primaryimage\",\"url\":\"https:\\\/\\\/turismo.benicassim.es\\\/wp-content\\\/uploads\\\/2023\\\/02\\\/foto10.jpg\",\"contentUrl\":\"https:\\\/\\\/turismo.benicassim.es\\\/wp-content\\\/uploads\\\/2023\\\/02\\\/foto10.jpg\",\"width\":1772,\"height\":1182},{\"@type\":\"BreadcrumbList\",\"@id\":\"https:\\\/\\\/turismo.benicassim.es\\\/va\\\/producte\\\/de-banu-qasi-a-benicassim-historias-de-la-historia-de-nuestro-pueblo-con-visita-a-iglesia-y-bodega-carmelitano-jueves-6-de-abril-2023-1030-h\\\/#breadcrumb\",\"itemListElement\":[{\"@type\":\"ListItem\",\"position\":1,\"name\":\"Inicio\",\"item\":\"https:\\\/\\\/turismo.benicassim.es\\\/va\\\/\"},{\"@type\":\"ListItem\",\"position\":2,\"name\":\"Tenda\",\"item\":\"https:\\\/\\\/turismo.benicassim.es\\\/va\\\/tenda\\\/\"},{\"@type\":\"ListItem\",\"position\":3,\"name\":\"De Banu Qasi a Benic\u00e0ssim. Hist\u00f2ries de la hist\u00f2ria del nostre poble. Amb visita a l&#8217;esgl\u00e9sia i Bodega Carmelitano. Dijous 6 d&#8217;abril 2023 &#8211; 10:30 h.\"}]},{\"@type\":\"WebSite\",\"@id\":\"https:\\\/\\\/turismo.benicassim.es\\\/va\\\/#website\",\"url\":\"https:\\\/\\\/turismo.benicassim.es\\\/va\\\/\",\"name\":\"Benic\u00e0ssim Turismo\",\"description\":\"Web de informaci\u00f3n de Turismo en Benicasim\",\"potentialAction\":[{\"@type\":\"SearchAction\",\"target\":{\"@type\":\"EntryPoint\",\"urlTemplate\":\"https:\\\/\\\/turismo.benicassim.es\\\/va\\\/?s={search_term_string}\"},\"query-input\":{\"@type\":\"PropertyValueSpecification\",\"valueRequired\":true,\"valueName\":\"search_term_string\"}}],\"inLanguage\":\"ca-CA\"}]}<\/script>\n<!-- \/ Yoast SEO plugin. -->","yoast_head_json":{"title":"De Banu Qasi a Benic\u00e0ssim. Hist\u00f2ries de la hist\u00f2ria del nostre poble. Amb visita a l'esgl\u00e9sia i Bodega Carmelitano. Dijous 6 d'abril 2023 - 10:30 h. - Benic\u00e0ssim Turismo","robots":{"index":"index","follow":"follow","max-snippet":"max-snippet:-1","max-image-preview":"max-image-preview:large","max-video-preview":"max-video-preview:-1"},"canonical":"https:\/\/turismo.benicassim.es\/va\/producte\/de-banu-qasi-a-benicassim-historias-de-la-historia-de-nuestro-pueblo-con-visita-a-iglesia-y-bodega-carmelitano-jueves-6-de-abril-2023-1030-h\/","og_locale":"en_US","og_type":"article","og_title":"De Banu Qasi a Benic\u00e0ssim. Hist\u00f2ries de la hist\u00f2ria del nostre poble. Amb visita a l'esgl\u00e9sia i Bodega Carmelitano. Dijous 6 d'abril 2023 - 10:30 h. - Benic\u00e0ssim Turismo","og_description":"Dijous 6 d&#8217;abril (10:30 hores) Lloc: Oficina de Turisme Casa Abadia (junt Esgl\u00e9sia de Sant Tom\u00e0s de Villanueva)\u00a0https:\/\/goo.gl\/maps\/2vxfJfg7p1TRzkyP9 Duraci\u00f3: 2,5 hores. Dist\u00e0ncia: 2,5 Km. Dificultat: baixa. Preu: 5 \u20ac (2,5 \u20ac redu\u00efda). Descripci\u00f3: Habitada potser des de l&#8217;Edat del Bronze, l&#8217;\u00e0rea de Benic\u00e0ssim amaga una quantitat de secrets hist\u00f2rics i culturals tan diversa que excedeix [&hellip;]","og_url":"https:\/\/turismo.benicassim.es\/va\/producte\/de-banu-qasi-a-benicassim-historias-de-la-historia-de-nuestro-pueblo-con-visita-a-iglesia-y-bodega-carmelitano-jueves-6-de-abril-2023-1030-h\/","og_site_name":"Benic\u00e0ssim Turismo","article_modified_time":"2023-02-26T10:05:50+00:00","og_image":[{"width":1772,"height":1182,"url":"https:\/\/turismo.benicassim.es\/wp-content\/uploads\/2023\/02\/foto10.jpg","type":"image\/jpeg"}],"twitter_card":"summary_large_image","twitter_misc":{"Est. reading time":"1 minute"},"schema":{"@context":"https:\/\/schema.org","@graph":[{"@type":"WebPage","@id":"https:\/\/turismo.benicassim.es\/va\/producte\/de-banu-qasi-a-benicassim-historias-de-la-historia-de-nuestro-pueblo-con-visita-a-iglesia-y-bodega-carmelitano-jueves-6-de-abril-2023-1030-h\/","url":"https:\/\/turismo.benicassim.es\/va\/producte\/de-banu-qasi-a-benicassim-historias-de-la-historia-de-nuestro-pueblo-con-visita-a-iglesia-y-bodega-carmelitano-jueves-6-de-abril-2023-1030-h\/","name":"De Banu Qasi a Benic\u00e0ssim. Hist\u00f2ries de la hist\u00f2ria del nostre poble. Amb visita a l'esgl\u00e9sia i Bodega Carmelitano. Dijous 6 d'abril 2023 - 10:30 h. - Benic\u00e0ssim Turismo","isPartOf":{"@id":"https:\/\/turismo.benicassim.es\/va\/#website"},"primaryImageOfPage":{"@id":"https:\/\/turismo.benicassim.es\/va\/producte\/de-banu-qasi-a-benicassim-historias-de-la-historia-de-nuestro-pueblo-con-visita-a-iglesia-y-bodega-carmelitano-jueves-6-de-abril-2023-1030-h\/#primaryimage"},"image":{"@id":"https:\/\/turismo.benicassim.es\/va\/producte\/de-banu-qasi-a-benicassim-historias-de-la-historia-de-nuestro-pueblo-con-visita-a-iglesia-y-bodega-carmelitano-jueves-6-de-abril-2023-1030-h\/#primaryimage"},"thumbnailUrl":"https:\/\/turismo.benicassim.es\/wp-content\/uploads\/2023\/02\/foto10.jpg","datePublished":"2023-02-26T10:01:16+00:00","dateModified":"2023-02-26T10:05:50+00:00","breadcrumb":{"@id":"https:\/\/turismo.benicassim.es\/va\/producte\/de-banu-qasi-a-benicassim-historias-de-la-historia-de-nuestro-pueblo-con-visita-a-iglesia-y-bodega-carmelitano-jueves-6-de-abril-2023-1030-h\/#breadcrumb"},"inLanguage":"ca-CA","potentialAction":[{"@type":"ReadAction","target":["https:\/\/turismo.benicassim.es\/va\/producte\/de-banu-qasi-a-benicassim-historias-de-la-historia-de-nuestro-pueblo-con-visita-a-iglesia-y-bodega-carmelitano-jueves-6-de-abril-2023-1030-h\/"]}]},{"@type":"ImageObject","inLanguage":"ca-CA","@id":"https:\/\/turismo.benicassim.es\/va\/producte\/de-banu-qasi-a-benicassim-historias-de-la-historia-de-nuestro-pueblo-con-visita-a-iglesia-y-bodega-carmelitano-jueves-6-de-abril-2023-1030-h\/#primaryimage","url":"https:\/\/turismo.benicassim.es\/wp-content\/uploads\/2023\/02\/foto10.jpg","contentUrl":"https:\/\/turismo.benicassim.es\/wp-content\/uploads\/2023\/02\/foto10.jpg","width":1772,"height":1182},{"@type":"BreadcrumbList","@id":"https:\/\/turismo.benicassim.es\/va\/producte\/de-banu-qasi-a-benicassim-historias-de-la-historia-de-nuestro-pueblo-con-visita-a-iglesia-y-bodega-carmelitano-jueves-6-de-abril-2023-1030-h\/#breadcrumb","itemListElement":[{"@type":"ListItem","position":1,"name":"Inicio","item":"https:\/\/turismo.benicassim.es\/va\/"},{"@type":"ListItem","position":2,"name":"Tenda","item":"https:\/\/turismo.benicassim.es\/va\/tenda\/"},{"@type":"ListItem","position":3,"name":"De Banu Qasi a Benic\u00e0ssim. Hist\u00f2ries de la hist\u00f2ria del nostre poble. Amb visita a l&#8217;esgl\u00e9sia i Bodega Carmelitano. Dijous 6 d&#8217;abril 2023 &#8211; 10:30 h."}]},{"@type":"WebSite","@id":"https:\/\/turismo.benicassim.es\/va\/#website","url":"https:\/\/turismo.benicassim.es\/va\/","name":"Benic\u00e0ssim Turismo","description":"Web de informaci\u00f3n de Turismo en Benicasim","potentialAction":[{"@type":"SearchAction","target":{"@type":"EntryPoint","urlTemplate":"https:\/\/turismo.benicassim.es\/va\/?s={search_term_string}"},"query-input":{"@type":"PropertyValueSpecification","valueRequired":true,"valueName":"search_term_string"}}],"inLanguage":"ca-CA"}]}},"_links":{"self":[{"href":"https:\/\/turismo.benicassim.es\/va\/wp-json\/wp\/v2\/product\/69822","targetHints":{"allow":["GET"]}}],"collection":[{"href":"https:\/\/turismo.benicassim.es\/va\/wp-json\/wp\/v2\/product"}],"about":[{"href":"https:\/\/turismo.benicassim.es\/va\/wp-json\/wp\/v2\/types\/product"}],"wp:featuredmedia":[{"embeddable":true,"href":"https:\/\/turismo.benicassim.es\/va\/wp-json\/wp\/v2\/media\/69823"}],"wp:attachment":[{"href":"https:\/\/turismo.benicassim.es\/va\/wp-json\/wp\/v2\/media?parent=69822"}],"wp:term":[{"taxonomy":"product_brand","embeddable":true,"href":"https:\/\/turismo.benicassim.es\/va\/wp-json\/wp\/v2\/product_brand?post=69822"},{"taxonomy":"product_cat","embeddable":true,"href":"https:\/\/turismo.benicassim.es\/va\/wp-json\/wp\/v2\/product_cat?post=69822"},{"taxonomy":"product_tag","embeddable":true,"href":"https:\/\/turismo.benicassim.es\/va\/wp-json\/wp\/v2\/product_tag?post=69822"}],"curies":[{"name":"wp","href":"https:\/\/api.w.org\/{rel}","templated":true}]}}