{"id":69845,"date":"2023-02-26T12:05:09","date_gmt":"2023-02-26T11:05:09","guid":{"rendered":"https:\/\/turismo.benicassim.es\/producto\/la-riqueza-botanica-de-benicassim-viernes-7-de-abril-2023-1000-h\/"},"modified":"2023-02-26T12:13:55","modified_gmt":"2023-02-26T11:13:55","slug":"la-riqueza-botanica-de-benicassim-viernes-7-de-abril-2023-1000-h","status":"publish","type":"product","link":"https:\/\/turismo.benicassim.es\/va\/producte\/la-riqueza-botanica-de-benicassim-viernes-7-de-abril-2023-1000-h\/","title":{"rendered":"La riquesa bot\u00e0nica de Benic\u00e0ssim. Divendres 7 d&#8217;abril 2023 &#8211; 10:00 h."},"content":{"rendered":"<p><b>Divendres 7 d&#8217;abril (10.00 hores)<\/b><\/p>\n<p><b>Lloc:<\/b> P\u00e0rquing rutes Desert (junt pont autopista) <a href=\"https:\/\/goo.gl\/maps\/k75xkfgllut9sqjg9\">https:\/\/goo.gl\/maps\/k75xkfgllut9sqjg9<\/a><\/p>\n<p><b>Duraci\u00f3:<\/b> 3,5 hores.<\/p>\n<p><b>Dist\u00e0ncia:<\/b> 6 Km.<\/p>\n<p><b>Dificultat:<\/b> moderada. (Xiquets a partir de 7 anys).<\/p>\n<p><b>Preu:<\/b> 3 \u20ac (1,5 \u20ac redu\u00efda).<\/p>\n<p><b>Descripci\u00f3:<\/b> Encara que estem molt acostumats a ell, no per aix\u00f2 l&#8217;ecosistema del matoll mediterrani deixa de ser un dels m\u00e9s biodiversos del m\u00f3n, una vertadera joia bot\u00e0nica que sabrem apreciar millor despr\u00e9s de realitzar una senzilla ruta en la qual, per si no fos prou, la nostra particular geologia ens oferir\u00e0 sorpreses bot\u00e0niques dif\u00edcils de trobar en altres llocs de l&#8217;entorn.<\/p>\n<p><b>Recomanacions:<\/b> sabata d&#8217;esport, gorra, esmorzar i beguda. Durant la prestaci\u00f3 del servei no est\u00e0 perm\u00e9s l&#8217;acc\u00e9s amb animals (excepte gossos guia o d&#8217;assist\u00e8ncia).<\/p>\n","protected":false},"excerpt":{"rendered":"<p>Divendres 7 d&#8217;abril (10.00 hores) Lloc: P\u00e0rquing rutes Desert (junt pont autopista) https:\/\/goo.gl\/maps\/k75xkfgllut9sqjg9 Duraci\u00f3: 3,5 hores. Dist\u00e0ncia: 6 Km. Dificultat: moderada. (Xiquets a partir de 7 anys). Preu: 3 \u20ac (1,5 \u20ac redu\u00efda). Descripci\u00f3: Encara que estem molt acostumats a ell, no per aix\u00f2 l&#8217;ecosistema del matoll mediterrani deixa de ser un dels m\u00e9s biodiversos [&hellip;]<\/p>\n","protected":false},"featured_media":69846,"template":"","meta":{"_acf_changed":false},"product_brand":[],"product_cat":[360],"product_tag":[607,622,623,556,553,624],"class_list":{"0":"post-69845","1":"product","2":"type-product","3":"status-publish","4":"has-post-thumbnail","6":"product_cat-la-riqueza-botanica-de-benicassim-va","7":"product_tag-benicassim-guided-tours-va","8":"product_tag-rutas-botanicas-va","9":"product_tag-rutas-guiadas-benicassim-va","10":"product_tag-rutes-guiades-benicassim","11":"product_tag-visitas-guiadas-benicasim-va","12":"product_tag-visites-guiades-en-benicassim-va","14":"first","15":"outofstock","16":"shipping-taxable","17":"purchasable","18":"product-type-variable"},"acf":[],"yoast_head":"<!-- This site is optimized with the Yoast SEO plugin v27.4 - https:\/\/yoast.com\/product\/yoast-seo-wordpress\/ -->\n<title>La riquesa bot\u00e0nica de Benic\u00e0ssim. Divendres 7 d&#039;abril 2023 - 10:00 h. - Benic\u00e0ssim Turismo<\/title>\n<meta name=\"robots\" content=\"index, follow, max-snippet:-1, max-image-preview:large, max-video-preview:-1\" \/>\n<link rel=\"canonical\" href=\"https:\/\/turismo.benicassim.es\/va\/producte\/la-riqueza-botanica-de-benicassim-viernes-7-de-abril-2023-1000-h\/\" \/>\n<meta property=\"og:locale\" content=\"en_US\" \/>\n<meta property=\"og:type\" content=\"article\" \/>\n<meta property=\"og:title\" content=\"La riquesa bot\u00e0nica de Benic\u00e0ssim. Divendres 7 d&#039;abril 2023 - 10:00 h. - Benic\u00e0ssim Turismo\" \/>\n<meta property=\"og:description\" content=\"Divendres 7 d&#8217;abril (10.00 hores) Lloc: P\u00e0rquing rutes Desert (junt pont autopista) https:\/\/goo.gl\/maps\/k75xkfgllut9sqjg9 Duraci\u00f3: 3,5 hores. Dist\u00e0ncia: 6 Km. Dificultat: moderada. (Xiquets a partir de 7 anys). Preu: 3 \u20ac (1,5 \u20ac redu\u00efda). Descripci\u00f3: Encara que estem molt acostumats a ell, no per aix\u00f2 l&#8217;ecosistema del matoll mediterrani deixa de ser un dels m\u00e9s biodiversos [&hellip;]\" \/>\n<meta property=\"og:url\" content=\"https:\/\/turismo.benicassim.es\/va\/producte\/la-riqueza-botanica-de-benicassim-viernes-7-de-abril-2023-1000-h\/\" \/>\n<meta property=\"og:site_name\" content=\"Benic\u00e0ssim Turismo\" \/>\n<meta property=\"article:modified_time\" content=\"2023-02-26T11:13:55+00:00\" \/>\n<meta property=\"og:image\" content=\"https:\/\/turismo.benicassim.es\/wp-content\/uploads\/2023\/02\/foto12.jpg\" \/>\n\t<meta property=\"og:image:width\" content=\"1772\" \/>\n\t<meta property=\"og:image:height\" content=\"1182\" \/>\n\t<meta property=\"og:image:type\" content=\"image\/jpeg\" \/>\n<meta name=\"twitter:card\" content=\"summary_large_image\" \/>\n<meta name=\"twitter:label1\" content=\"Est. reading time\" \/>\n\t<meta name=\"twitter:data1\" content=\"1 minute\" \/>\n<script type=\"application\/ld+json\" class=\"yoast-schema-graph\">{\"@context\":\"https:\\\/\\\/schema.org\",\"@graph\":[{\"@type\":\"WebPage\",\"@id\":\"https:\\\/\\\/turismo.benicassim.es\\\/va\\\/producte\\\/la-riqueza-botanica-de-benicassim-viernes-7-de-abril-2023-1000-h\\\/\",\"url\":\"https:\\\/\\\/turismo.benicassim.es\\\/va\\\/producte\\\/la-riqueza-botanica-de-benicassim-viernes-7-de-abril-2023-1000-h\\\/\",\"name\":\"La riquesa bot\u00e0nica de Benic\u00e0ssim. Divendres 7 d'abril 2023 - 10:00 h. - Benic\u00e0ssim Turismo\",\"isPartOf\":{\"@id\":\"https:\\\/\\\/turismo.benicassim.es\\\/va\\\/#website\"},\"primaryImageOfPage\":{\"@id\":\"https:\\\/\\\/turismo.benicassim.es\\\/va\\\/producte\\\/la-riqueza-botanica-de-benicassim-viernes-7-de-abril-2023-1000-h\\\/#primaryimage\"},\"image\":{\"@id\":\"https:\\\/\\\/turismo.benicassim.es\\\/va\\\/producte\\\/la-riqueza-botanica-de-benicassim-viernes-7-de-abril-2023-1000-h\\\/#primaryimage\"},\"thumbnailUrl\":\"https:\\\/\\\/turismo.benicassim.es\\\/wp-content\\\/uploads\\\/2023\\\/02\\\/foto12.jpg\",\"datePublished\":\"2023-02-26T11:05:09+00:00\",\"dateModified\":\"2023-02-26T11:13:55+00:00\",\"breadcrumb\":{\"@id\":\"https:\\\/\\\/turismo.benicassim.es\\\/va\\\/producte\\\/la-riqueza-botanica-de-benicassim-viernes-7-de-abril-2023-1000-h\\\/#breadcrumb\"},\"inLanguage\":\"ca-CA\",\"potentialAction\":[{\"@type\":\"ReadAction\",\"target\":[\"https:\\\/\\\/turismo.benicassim.es\\\/va\\\/producte\\\/la-riqueza-botanica-de-benicassim-viernes-7-de-abril-2023-1000-h\\\/\"]}]},{\"@type\":\"ImageObject\",\"inLanguage\":\"ca-CA\",\"@id\":\"https:\\\/\\\/turismo.benicassim.es\\\/va\\\/producte\\\/la-riqueza-botanica-de-benicassim-viernes-7-de-abril-2023-1000-h\\\/#primaryimage\",\"url\":\"https:\\\/\\\/turismo.benicassim.es\\\/wp-content\\\/uploads\\\/2023\\\/02\\\/foto12.jpg\",\"contentUrl\":\"https:\\\/\\\/turismo.benicassim.es\\\/wp-content\\\/uploads\\\/2023\\\/02\\\/foto12.jpg\",\"width\":1772,\"height\":1182},{\"@type\":\"BreadcrumbList\",\"@id\":\"https:\\\/\\\/turismo.benicassim.es\\\/va\\\/producte\\\/la-riqueza-botanica-de-benicassim-viernes-7-de-abril-2023-1000-h\\\/#breadcrumb\",\"itemListElement\":[{\"@type\":\"ListItem\",\"position\":1,\"name\":\"Inicio\",\"item\":\"https:\\\/\\\/turismo.benicassim.es\\\/va\\\/\"},{\"@type\":\"ListItem\",\"position\":2,\"name\":\"Tenda\",\"item\":\"https:\\\/\\\/turismo.benicassim.es\\\/va\\\/tenda\\\/\"},{\"@type\":\"ListItem\",\"position\":3,\"name\":\"La riquesa bot\u00e0nica de Benic\u00e0ssim. Divendres 7 d&#8217;abril 2023 &#8211; 10:00 h.\"}]},{\"@type\":\"WebSite\",\"@id\":\"https:\\\/\\\/turismo.benicassim.es\\\/va\\\/#website\",\"url\":\"https:\\\/\\\/turismo.benicassim.es\\\/va\\\/\",\"name\":\"Benic\u00e0ssim Turismo\",\"description\":\"Web de informaci\u00f3n de Turismo en Benicasim\",\"potentialAction\":[{\"@type\":\"SearchAction\",\"target\":{\"@type\":\"EntryPoint\",\"urlTemplate\":\"https:\\\/\\\/turismo.benicassim.es\\\/va\\\/?s={search_term_string}\"},\"query-input\":{\"@type\":\"PropertyValueSpecification\",\"valueRequired\":true,\"valueName\":\"search_term_string\"}}],\"inLanguage\":\"ca-CA\"}]}<\/script>\n<!-- \/ Yoast SEO plugin. -->","yoast_head_json":{"title":"La riquesa bot\u00e0nica de Benic\u00e0ssim. Divendres 7 d'abril 2023 - 10:00 h. - Benic\u00e0ssim Turismo","robots":{"index":"index","follow":"follow","max-snippet":"max-snippet:-1","max-image-preview":"max-image-preview:large","max-video-preview":"max-video-preview:-1"},"canonical":"https:\/\/turismo.benicassim.es\/va\/producte\/la-riqueza-botanica-de-benicassim-viernes-7-de-abril-2023-1000-h\/","og_locale":"en_US","og_type":"article","og_title":"La riquesa bot\u00e0nica de Benic\u00e0ssim. Divendres 7 d'abril 2023 - 10:00 h. - Benic\u00e0ssim Turismo","og_description":"Divendres 7 d&#8217;abril (10.00 hores) Lloc: P\u00e0rquing rutes Desert (junt pont autopista) https:\/\/goo.gl\/maps\/k75xkfgllut9sqjg9 Duraci\u00f3: 3,5 hores. Dist\u00e0ncia: 6 Km. Dificultat: moderada. (Xiquets a partir de 7 anys). Preu: 3 \u20ac (1,5 \u20ac redu\u00efda). Descripci\u00f3: Encara que estem molt acostumats a ell, no per aix\u00f2 l&#8217;ecosistema del matoll mediterrani deixa de ser un dels m\u00e9s biodiversos [&hellip;]","og_url":"https:\/\/turismo.benicassim.es\/va\/producte\/la-riqueza-botanica-de-benicassim-viernes-7-de-abril-2023-1000-h\/","og_site_name":"Benic\u00e0ssim Turismo","article_modified_time":"2023-02-26T11:13:55+00:00","og_image":[{"width":1772,"height":1182,"url":"https:\/\/turismo.benicassim.es\/wp-content\/uploads\/2023\/02\/foto12.jpg","type":"image\/jpeg"}],"twitter_card":"summary_large_image","twitter_misc":{"Est. reading time":"1 minute"},"schema":{"@context":"https:\/\/schema.org","@graph":[{"@type":"WebPage","@id":"https:\/\/turismo.benicassim.es\/va\/producte\/la-riqueza-botanica-de-benicassim-viernes-7-de-abril-2023-1000-h\/","url":"https:\/\/turismo.benicassim.es\/va\/producte\/la-riqueza-botanica-de-benicassim-viernes-7-de-abril-2023-1000-h\/","name":"La riquesa bot\u00e0nica de Benic\u00e0ssim. Divendres 7 d'abril 2023 - 10:00 h. - Benic\u00e0ssim Turismo","isPartOf":{"@id":"https:\/\/turismo.benicassim.es\/va\/#website"},"primaryImageOfPage":{"@id":"https:\/\/turismo.benicassim.es\/va\/producte\/la-riqueza-botanica-de-benicassim-viernes-7-de-abril-2023-1000-h\/#primaryimage"},"image":{"@id":"https:\/\/turismo.benicassim.es\/va\/producte\/la-riqueza-botanica-de-benicassim-viernes-7-de-abril-2023-1000-h\/#primaryimage"},"thumbnailUrl":"https:\/\/turismo.benicassim.es\/wp-content\/uploads\/2023\/02\/foto12.jpg","datePublished":"2023-02-26T11:05:09+00:00","dateModified":"2023-02-26T11:13:55+00:00","breadcrumb":{"@id":"https:\/\/turismo.benicassim.es\/va\/producte\/la-riqueza-botanica-de-benicassim-viernes-7-de-abril-2023-1000-h\/#breadcrumb"},"inLanguage":"ca-CA","potentialAction":[{"@type":"ReadAction","target":["https:\/\/turismo.benicassim.es\/va\/producte\/la-riqueza-botanica-de-benicassim-viernes-7-de-abril-2023-1000-h\/"]}]},{"@type":"ImageObject","inLanguage":"ca-CA","@id":"https:\/\/turismo.benicassim.es\/va\/producte\/la-riqueza-botanica-de-benicassim-viernes-7-de-abril-2023-1000-h\/#primaryimage","url":"https:\/\/turismo.benicassim.es\/wp-content\/uploads\/2023\/02\/foto12.jpg","contentUrl":"https:\/\/turismo.benicassim.es\/wp-content\/uploads\/2023\/02\/foto12.jpg","width":1772,"height":1182},{"@type":"BreadcrumbList","@id":"https:\/\/turismo.benicassim.es\/va\/producte\/la-riqueza-botanica-de-benicassim-viernes-7-de-abril-2023-1000-h\/#breadcrumb","itemListElement":[{"@type":"ListItem","position":1,"name":"Inicio","item":"https:\/\/turismo.benicassim.es\/va\/"},{"@type":"ListItem","position":2,"name":"Tenda","item":"https:\/\/turismo.benicassim.es\/va\/tenda\/"},{"@type":"ListItem","position":3,"name":"La riquesa bot\u00e0nica de Benic\u00e0ssim. Divendres 7 d&#8217;abril 2023 &#8211; 10:00 h."}]},{"@type":"WebSite","@id":"https:\/\/turismo.benicassim.es\/va\/#website","url":"https:\/\/turismo.benicassim.es\/va\/","name":"Benic\u00e0ssim Turismo","description":"Web de informaci\u00f3n de Turismo en Benicasim","potentialAction":[{"@type":"SearchAction","target":{"@type":"EntryPoint","urlTemplate":"https:\/\/turismo.benicassim.es\/va\/?s={search_term_string}"},"query-input":{"@type":"PropertyValueSpecification","valueRequired":true,"valueName":"search_term_string"}}],"inLanguage":"ca-CA"}]}},"_links":{"self":[{"href":"https:\/\/turismo.benicassim.es\/va\/wp-json\/wp\/v2\/product\/69845","targetHints":{"allow":["GET"]}}],"collection":[{"href":"https:\/\/turismo.benicassim.es\/va\/wp-json\/wp\/v2\/product"}],"about":[{"href":"https:\/\/turismo.benicassim.es\/va\/wp-json\/wp\/v2\/types\/product"}],"wp:featuredmedia":[{"embeddable":true,"href":"https:\/\/turismo.benicassim.es\/va\/wp-json\/wp\/v2\/media\/69846"}],"wp:attachment":[{"href":"https:\/\/turismo.benicassim.es\/va\/wp-json\/wp\/v2\/media?parent=69845"}],"wp:term":[{"taxonomy":"product_brand","embeddable":true,"href":"https:\/\/turismo.benicassim.es\/va\/wp-json\/wp\/v2\/product_brand?post=69845"},{"taxonomy":"product_cat","embeddable":true,"href":"https:\/\/turismo.benicassim.es\/va\/wp-json\/wp\/v2\/product_cat?post=69845"},{"taxonomy":"product_tag","embeddable":true,"href":"https:\/\/turismo.benicassim.es\/va\/wp-json\/wp\/v2\/product_tag?post=69845"}],"curies":[{"name":"wp","href":"https:\/\/api.w.org\/{rel}","templated":true}]}}