{"id":70638,"date":"2023-05-02T14:23:42","date_gmt":"2023-05-02T12:23:42","guid":{"rendered":"https:\/\/turismo.benicassim.es\/producto\/la-biodiversidad-de-nuestra-costa-mas-virgen-sabado-3-de-junio-2023\/"},"modified":"2023-05-02T14:27:14","modified_gmt":"2023-05-02T12:27:14","slug":"la-biodiversidad-de-nuestra-costa-mas-virgen-sabado-3-de-junio-2023","status":"publish","type":"product","link":"https:\/\/turismo.benicassim.es\/va\/producte\/la-biodiversidad-de-nuestra-costa-mas-virgen-sabado-3-de-junio-2023\/","title":{"rendered":"La biodiversitat de la nostra costa m\u00e9s verge. Dissabte 3 de juny 2023."},"content":{"rendered":"<p><strong>Dissabte 3 de juny (10.00 hores)<\/strong><br \/>\n<strong>Lloc:<\/strong> Enfront d&#8217;Hotel Voramar (Passeig Pilar Coloma, 1)<br \/>\n<strong>Duraci\u00f3:<\/strong> 3 hores.<br \/>\n<strong>Dist\u00e0ncia:<\/strong> 3,5 Km.<br \/>\n<strong>Desnivell:<\/strong> 50 m.<br \/>\n<strong>Dificultat:<\/strong> baixa. P\u00fablic familiar i general. Xiquets a partir de 6 anys.<br \/>\n<strong>Preu:<\/strong> 3 \u20ac (1,5 \u20ac redu\u00efda).<br \/>\n<strong>Descripci\u00f3:<\/strong> En aquest senzill recorregut natural, mar i muntanya es fonen en un dels \u00faltims trams de costa salvatge que queden en tot el litoral castellonenc. Precisament per aix\u00f2, ens trobarem amb una gran biodiversitat, tant aqu\u00e0tica com terrestre, que aprendrem a interpretar, sentir com a pr\u00f2pia i estimar, per a aix\u00ed voler conservar-la per a tota la vida. Al seu torn, descobrirem alguns dels secrets bot\u00e0nics millor conservats.<br \/>\n<strong>Recomanacions:<\/strong> cal\u00e7at esportiu, gorra, esmorzar i beguda. Durant la prestaci\u00f3 del servei no est\u00e0 perm\u00e9s l&#8217;acc\u00e9s amb animals (excepte gossos guia o d&#8217;assist\u00e8ncia).<\/p>\n","protected":false},"excerpt":{"rendered":"<p>Dissabte 3 de juny (10.00 hores) Lloc: Enfront d&#8217;Hotel Voramar (Passeig Pilar Coloma, 1) Duraci\u00f3: 3 hores. Dist\u00e0ncia: 3,5 Km. Desnivell: 50 m. Dificultat: baixa. P\u00fablic familiar i general. Xiquets a partir de 6 anys. Preu: 3 \u20ac (1,5 \u20ac redu\u00efda). Descripci\u00f3: En aquest senzill recorregut natural, mar i muntanya es fonen en un dels [&hellip;]<\/p>\n","protected":false},"featured_media":70639,"template":"","meta":{"_acf_changed":false},"product_brand":[],"product_cat":[411],"product_tag":[339,593,696],"class_list":{"0":"post-70638","1":"product","2":"type-product","3":"status-publish","4":"has-post-thumbnail","6":"product_cat-la-biodiversitat-de-la-nostra-costa-mes-verge","7":"product_tag-programa-oficial-de-visitas-guiadas-va","8":"product_tag-visitas-benicasim-va","9":"product_tag-visitas-benicassim-va","11":"first","12":"instock","13":"shipping-taxable","14":"purchasable","15":"product-type-variable"},"acf":[],"yoast_head":"<!-- This site is optimized with the Yoast SEO plugin v27.1.1 - https:\/\/yoast.com\/product\/yoast-seo-wordpress\/ -->\n<title>La biodiversitat de la nostra costa m\u00e9s verge. Dissabte 3 de juny 2023. - Benic\u00e0ssim Turismo<\/title>\n<meta name=\"robots\" content=\"index, follow, max-snippet:-1, max-image-preview:large, max-video-preview:-1\" \/>\n<link rel=\"canonical\" href=\"https:\/\/turismo.benicassim.es\/va\/producte\/la-biodiversidad-de-nuestra-costa-mas-virgen-sabado-3-de-junio-2023\/\" \/>\n<meta property=\"og:locale\" content=\"en_US\" \/>\n<meta property=\"og:type\" content=\"article\" \/>\n<meta property=\"og:title\" content=\"La biodiversitat de la nostra costa m\u00e9s verge. Dissabte 3 de juny 2023. - Benic\u00e0ssim Turismo\" \/>\n<meta property=\"og:description\" content=\"Dissabte 3 de juny (10.00 hores) Lloc: Enfront d&#8217;Hotel Voramar (Passeig Pilar Coloma, 1) Duraci\u00f3: 3 hores. Dist\u00e0ncia: 3,5 Km. Desnivell: 50 m. Dificultat: baixa. P\u00fablic familiar i general. Xiquets a partir de 6 anys. Preu: 3 \u20ac (1,5 \u20ac redu\u00efda). Descripci\u00f3: En aquest senzill recorregut natural, mar i muntanya es fonen en un dels [&hellip;]\" \/>\n<meta property=\"og:url\" content=\"https:\/\/turismo.benicassim.es\/va\/producte\/la-biodiversidad-de-nuestra-costa-mas-virgen-sabado-3-de-junio-2023\/\" \/>\n<meta property=\"og:site_name\" content=\"Benic\u00e0ssim Turismo\" \/>\n<meta property=\"article:modified_time\" content=\"2023-05-02T12:27:14+00:00\" \/>\n<meta property=\"og:image\" content=\"https:\/\/turismo.benicassim.es\/wp-content\/uploads\/2023\/05\/c_foto14.jpg\" \/>\n\t<meta property=\"og:image:width\" content=\"1772\" \/>\n\t<meta property=\"og:image:height\" content=\"1182\" \/>\n\t<meta property=\"og:image:type\" content=\"image\/jpeg\" \/>\n<meta name=\"twitter:card\" content=\"summary_large_image\" \/>\n<meta name=\"twitter:label1\" content=\"Est. reading time\" \/>\n\t<meta name=\"twitter:data1\" content=\"1 minute\" \/>\n<script type=\"application\/ld+json\" class=\"yoast-schema-graph\">{\"@context\":\"https:\/\/schema.org\",\"@graph\":[{\"@type\":\"WebPage\",\"@id\":\"https:\/\/turismo.benicassim.es\/va\/producte\/la-biodiversidad-de-nuestra-costa-mas-virgen-sabado-3-de-junio-2023\/\",\"url\":\"https:\/\/turismo.benicassim.es\/va\/producte\/la-biodiversidad-de-nuestra-costa-mas-virgen-sabado-3-de-junio-2023\/\",\"name\":\"La biodiversitat de la nostra costa m\u00e9s verge. Dissabte 3 de juny 2023. - Benic\u00e0ssim Turismo\",\"isPartOf\":{\"@id\":\"https:\/\/turismo.benicassim.es\/va\/#website\"},\"primaryImageOfPage\":{\"@id\":\"https:\/\/turismo.benicassim.es\/va\/producte\/la-biodiversidad-de-nuestra-costa-mas-virgen-sabado-3-de-junio-2023\/#primaryimage\"},\"image\":{\"@id\":\"https:\/\/turismo.benicassim.es\/va\/producte\/la-biodiversidad-de-nuestra-costa-mas-virgen-sabado-3-de-junio-2023\/#primaryimage\"},\"thumbnailUrl\":\"https:\/\/turismo.benicassim.es\/wp-content\/uploads\/2023\/05\/c_foto14.jpg\",\"datePublished\":\"2023-05-02T12:23:42+00:00\",\"dateModified\":\"2023-05-02T12:27:14+00:00\",\"breadcrumb\":{\"@id\":\"https:\/\/turismo.benicassim.es\/va\/producte\/la-biodiversidad-de-nuestra-costa-mas-virgen-sabado-3-de-junio-2023\/#breadcrumb\"},\"inLanguage\":\"ca-CA\",\"potentialAction\":[{\"@type\":\"ReadAction\",\"target\":[\"https:\/\/turismo.benicassim.es\/va\/producte\/la-biodiversidad-de-nuestra-costa-mas-virgen-sabado-3-de-junio-2023\/\"]}]},{\"@type\":\"ImageObject\",\"inLanguage\":\"ca-CA\",\"@id\":\"https:\/\/turismo.benicassim.es\/va\/producte\/la-biodiversidad-de-nuestra-costa-mas-virgen-sabado-3-de-junio-2023\/#primaryimage\",\"url\":\"https:\/\/turismo.benicassim.es\/wp-content\/uploads\/2023\/05\/c_foto14.jpg\",\"contentUrl\":\"https:\/\/turismo.benicassim.es\/wp-content\/uploads\/2023\/05\/c_foto14.jpg\",\"width\":1772,\"height\":1182},{\"@type\":\"BreadcrumbList\",\"@id\":\"https:\/\/turismo.benicassim.es\/va\/producte\/la-biodiversidad-de-nuestra-costa-mas-virgen-sabado-3-de-junio-2023\/#breadcrumb\",\"itemListElement\":[{\"@type\":\"ListItem\",\"position\":1,\"name\":\"Inicio\",\"item\":\"https:\/\/turismo.benicassim.es\/va\/\"},{\"@type\":\"ListItem\",\"position\":2,\"name\":\"Tenda\",\"item\":\"https:\/\/turismo.benicassim.es\/va\/tenda\/\"},{\"@type\":\"ListItem\",\"position\":3,\"name\":\"La biodiversitat de la nostra costa m\u00e9s verge. Dissabte 3 de juny 2023.\"}]},{\"@type\":\"WebSite\",\"@id\":\"https:\/\/turismo.benicassim.es\/va\/#website\",\"url\":\"https:\/\/turismo.benicassim.es\/va\/\",\"name\":\"Benic\u00e0ssim Turismo\",\"description\":\"Web de informaci\u00f3n de Turismo en Benicasim\",\"potentialAction\":[{\"@type\":\"SearchAction\",\"target\":{\"@type\":\"EntryPoint\",\"urlTemplate\":\"https:\/\/turismo.benicassim.es\/va\/?s={search_term_string}\"},\"query-input\":{\"@type\":\"PropertyValueSpecification\",\"valueRequired\":true,\"valueName\":\"search_term_string\"}}],\"inLanguage\":\"ca-CA\"}]}<\/script>\n<!-- \/ Yoast SEO plugin. -->","yoast_head_json":{"title":"La biodiversitat de la nostra costa m\u00e9s verge. Dissabte 3 de juny 2023. - Benic\u00e0ssim Turismo","robots":{"index":"index","follow":"follow","max-snippet":"max-snippet:-1","max-image-preview":"max-image-preview:large","max-video-preview":"max-video-preview:-1"},"canonical":"https:\/\/turismo.benicassim.es\/va\/producte\/la-biodiversidad-de-nuestra-costa-mas-virgen-sabado-3-de-junio-2023\/","og_locale":"en_US","og_type":"article","og_title":"La biodiversitat de la nostra costa m\u00e9s verge. Dissabte 3 de juny 2023. - Benic\u00e0ssim Turismo","og_description":"Dissabte 3 de juny (10.00 hores) Lloc: Enfront d&#8217;Hotel Voramar (Passeig Pilar Coloma, 1) Duraci\u00f3: 3 hores. Dist\u00e0ncia: 3,5 Km. Desnivell: 50 m. Dificultat: baixa. P\u00fablic familiar i general. Xiquets a partir de 6 anys. Preu: 3 \u20ac (1,5 \u20ac redu\u00efda). Descripci\u00f3: En aquest senzill recorregut natural, mar i muntanya es fonen en un dels [&hellip;]","og_url":"https:\/\/turismo.benicassim.es\/va\/producte\/la-biodiversidad-de-nuestra-costa-mas-virgen-sabado-3-de-junio-2023\/","og_site_name":"Benic\u00e0ssim Turismo","article_modified_time":"2023-05-02T12:27:14+00:00","og_image":[{"width":1772,"height":1182,"url":"https:\/\/turismo.benicassim.es\/wp-content\/uploads\/2023\/05\/c_foto14.jpg","type":"image\/jpeg"}],"twitter_card":"summary_large_image","twitter_misc":{"Est. reading time":"1 minute"},"schema":{"@context":"https:\/\/schema.org","@graph":[{"@type":"WebPage","@id":"https:\/\/turismo.benicassim.es\/va\/producte\/la-biodiversidad-de-nuestra-costa-mas-virgen-sabado-3-de-junio-2023\/","url":"https:\/\/turismo.benicassim.es\/va\/producte\/la-biodiversidad-de-nuestra-costa-mas-virgen-sabado-3-de-junio-2023\/","name":"La biodiversitat de la nostra costa m\u00e9s verge. Dissabte 3 de juny 2023. - Benic\u00e0ssim Turismo","isPartOf":{"@id":"https:\/\/turismo.benicassim.es\/va\/#website"},"primaryImageOfPage":{"@id":"https:\/\/turismo.benicassim.es\/va\/producte\/la-biodiversidad-de-nuestra-costa-mas-virgen-sabado-3-de-junio-2023\/#primaryimage"},"image":{"@id":"https:\/\/turismo.benicassim.es\/va\/producte\/la-biodiversidad-de-nuestra-costa-mas-virgen-sabado-3-de-junio-2023\/#primaryimage"},"thumbnailUrl":"https:\/\/turismo.benicassim.es\/wp-content\/uploads\/2023\/05\/c_foto14.jpg","datePublished":"2023-05-02T12:23:42+00:00","dateModified":"2023-05-02T12:27:14+00:00","breadcrumb":{"@id":"https:\/\/turismo.benicassim.es\/va\/producte\/la-biodiversidad-de-nuestra-costa-mas-virgen-sabado-3-de-junio-2023\/#breadcrumb"},"inLanguage":"ca-CA","potentialAction":[{"@type":"ReadAction","target":["https:\/\/turismo.benicassim.es\/va\/producte\/la-biodiversidad-de-nuestra-costa-mas-virgen-sabado-3-de-junio-2023\/"]}]},{"@type":"ImageObject","inLanguage":"ca-CA","@id":"https:\/\/turismo.benicassim.es\/va\/producte\/la-biodiversidad-de-nuestra-costa-mas-virgen-sabado-3-de-junio-2023\/#primaryimage","url":"https:\/\/turismo.benicassim.es\/wp-content\/uploads\/2023\/05\/c_foto14.jpg","contentUrl":"https:\/\/turismo.benicassim.es\/wp-content\/uploads\/2023\/05\/c_foto14.jpg","width":1772,"height":1182},{"@type":"BreadcrumbList","@id":"https:\/\/turismo.benicassim.es\/va\/producte\/la-biodiversidad-de-nuestra-costa-mas-virgen-sabado-3-de-junio-2023\/#breadcrumb","itemListElement":[{"@type":"ListItem","position":1,"name":"Inicio","item":"https:\/\/turismo.benicassim.es\/va\/"},{"@type":"ListItem","position":2,"name":"Tenda","item":"https:\/\/turismo.benicassim.es\/va\/tenda\/"},{"@type":"ListItem","position":3,"name":"La biodiversitat de la nostra costa m\u00e9s verge. Dissabte 3 de juny 2023."}]},{"@type":"WebSite","@id":"https:\/\/turismo.benicassim.es\/va\/#website","url":"https:\/\/turismo.benicassim.es\/va\/","name":"Benic\u00e0ssim Turismo","description":"Web de informaci\u00f3n de Turismo en Benicasim","potentialAction":[{"@type":"SearchAction","target":{"@type":"EntryPoint","urlTemplate":"https:\/\/turismo.benicassim.es\/va\/?s={search_term_string}"},"query-input":{"@type":"PropertyValueSpecification","valueRequired":true,"valueName":"search_term_string"}}],"inLanguage":"ca-CA"}]}},"_links":{"self":[{"href":"https:\/\/turismo.benicassim.es\/va\/wp-json\/wp\/v2\/product\/70638","targetHints":{"allow":["GET"]}}],"collection":[{"href":"https:\/\/turismo.benicassim.es\/va\/wp-json\/wp\/v2\/product"}],"about":[{"href":"https:\/\/turismo.benicassim.es\/va\/wp-json\/wp\/v2\/types\/product"}],"wp:featuredmedia":[{"embeddable":true,"href":"https:\/\/turismo.benicassim.es\/va\/wp-json\/wp\/v2\/media\/70639"}],"wp:attachment":[{"href":"https:\/\/turismo.benicassim.es\/va\/wp-json\/wp\/v2\/media?parent=70638"}],"wp:term":[{"taxonomy":"product_brand","embeddable":true,"href":"https:\/\/turismo.benicassim.es\/va\/wp-json\/wp\/v2\/product_brand?post=70638"},{"taxonomy":"product_cat","embeddable":true,"href":"https:\/\/turismo.benicassim.es\/va\/wp-json\/wp\/v2\/product_cat?post=70638"},{"taxonomy":"product_tag","embeddable":true,"href":"https:\/\/turismo.benicassim.es\/va\/wp-json\/wp\/v2\/product_tag?post=70638"}],"curies":[{"name":"wp","href":"https:\/\/api.w.org\/{rel}","templated":true}]}}