{"id":70729,"date":"2023-05-09T15:00:31","date_gmt":"2023-05-09T13:00:31","guid":{"rendered":"https:\/\/turismo.benicassim.es\/producto\/de-fiesta-loca-en-las-villas-de-benicassim-teatralizada-sabado-1-julio-2023\/"},"modified":"2023-05-09T15:29:31","modified_gmt":"2023-05-09T13:29:31","slug":"de-fiesta-loca-en-las-villas-de-benicassim-teatralizada-sabado-1-julio-2023","status":"publish","type":"product","link":"https:\/\/turismo.benicassim.es\/va\/producte\/de-fiesta-loca-en-las-villas-de-benicassim-teatralizada-sabado-1-julio-2023\/","title":{"rendered":"De festa boja en les Vil\u00b7les de Benic\u00e0ssim (teatralitzada). Dissabte 1 de juliol 2023."},"content":{"rendered":"<p><strong>Dissabte 1 de juliol (19.00 hores)<\/strong><\/p>\n<p><strong>Lloc:<\/strong> Vil\u00b7la Elisa <a href=\"https:\/\/goo.gl\/maps\/434be2uquyx4kkzh7\">https:\/\/goo.gl\/maps\/434be2uquyx4kkzh7<\/a><\/p>\n<p><strong>Duraci\u00f3:<\/strong> 1,5 hores.<\/p>\n<p><strong>Dist\u00e0ncia:<\/strong> 1 Km.<\/p>\n<p><strong>Dificultat:<\/strong> baixa.<\/p>\n<p><strong>Preu:<\/strong> 5 \u20ac (2,5 \u20ac redu\u00efda).<\/p>\n<p><strong>Descripci\u00f3:<\/strong> La zona de les Vil\u00b7les, en particular la coneguda popularment com l&#8217;Infern, era famosa a principis del segle XX per les animades (i llaaaarrrgues) celebracions que organitzaven els seus rics propietaris. Assistirem a la preparaci\u00f3 d&#8217;una d&#8217;aqueixes boges festes de la m\u00e0 d&#8217;un servent que, molt al seu pesar, haur\u00e0 de fer cas als infinits desprop\u00f2sits d&#8217;una mani\u00e0tica mestressa amb \u00ednfules.<\/p>\n<p><strong>Recomanacions:<\/strong> Durant la prestaci\u00f3 del servei no est\u00e0 perm\u00e9s l&#8217;acc\u00e9s amb animals (excepte gossos guia o d&#8217;assist\u00e8ncia).<\/p>\n","protected":false},"excerpt":{"rendered":"<p>Dissabte 1 de juliol (19.00 hores) Lloc: Vil\u00b7la Elisa https:\/\/goo.gl\/maps\/434be2uquyx4kkzh7 Duraci\u00f3: 1,5 hores. Dist\u00e0ncia: 1 Km. Dificultat: baixa. Preu: 5 \u20ac (2,5 \u20ac redu\u00efda). Descripci\u00f3: La zona de les Vil\u00b7les, en particular la coneguda popularment com l&#8217;Infern, era famosa a principis del segle XX per les animades (i llaaaarrrgues) celebracions que organitzaven els seus rics [&hellip;]<\/p>\n","protected":false},"featured_media":70730,"template":"","meta":{"_acf_changed":false},"product_brand":[],"product_cat":[394],"product_tag":[339,553,554,708],"class_list":{"0":"post-70729","1":"product","2":"type-product","3":"status-publish","4":"has-post-thumbnail","6":"product_cat-de-fiesta-loca-en-las-villas-de-benicassim-teatralizada-va","7":"product_tag-programa-oficial-de-visitas-guiadas-va","8":"product_tag-visitas-guiadas-benicasim-va","9":"product_tag-visitas-guiadas-benicassim-va","10":"product_tag-visitas-teatralizadas-benicassim-va","12":"first","13":"instock","14":"shipping-taxable","15":"purchasable","16":"product-type-variable"},"acf":[],"yoast_head":"<!-- This site is optimized with the Yoast SEO plugin v27.4 - https:\/\/yoast.com\/product\/yoast-seo-wordpress\/ -->\n<title>De festa boja en les Vil\u00b7les de Benic\u00e0ssim (teatralitzada). Dissabte 1 de juliol 2023. - Benic\u00e0ssim Turismo<\/title>\n<meta name=\"robots\" content=\"index, follow, max-snippet:-1, max-image-preview:large, max-video-preview:-1\" \/>\n<link rel=\"canonical\" href=\"https:\/\/turismo.benicassim.es\/va\/producte\/de-fiesta-loca-en-las-villas-de-benicassim-teatralizada-sabado-1-julio-2023\/\" \/>\n<meta property=\"og:locale\" content=\"en_US\" \/>\n<meta property=\"og:type\" content=\"article\" \/>\n<meta property=\"og:title\" content=\"De festa boja en les Vil\u00b7les de Benic\u00e0ssim (teatralitzada). Dissabte 1 de juliol 2023. - Benic\u00e0ssim Turismo\" \/>\n<meta property=\"og:description\" content=\"Dissabte 1 de juliol (19.00 hores) Lloc: Vil\u00b7la Elisa https:\/\/goo.gl\/maps\/434be2uquyx4kkzh7 Duraci\u00f3: 1,5 hores. Dist\u00e0ncia: 1 Km. Dificultat: baixa. Preu: 5 \u20ac (2,5 \u20ac redu\u00efda). Descripci\u00f3: La zona de les Vil\u00b7les, en particular la coneguda popularment com l&#8217;Infern, era famosa a principis del segle XX per les animades (i llaaaarrrgues) celebracions que organitzaven els seus rics [&hellip;]\" \/>\n<meta property=\"og:url\" content=\"https:\/\/turismo.benicassim.es\/va\/producte\/de-fiesta-loca-en-las-villas-de-benicassim-teatralizada-sabado-1-julio-2023\/\" \/>\n<meta property=\"og:site_name\" content=\"Benic\u00e0ssim Turismo\" \/>\n<meta property=\"article:modified_time\" content=\"2023-05-09T13:29:31+00:00\" \/>\n<meta property=\"og:image\" content=\"https:\/\/turismo.benicassim.es\/wp-content\/uploads\/2023\/05\/c_foto05-1.jpg\" \/>\n\t<meta property=\"og:image:width\" content=\"1772\" \/>\n\t<meta property=\"og:image:height\" content=\"1182\" \/>\n\t<meta property=\"og:image:type\" content=\"image\/jpeg\" \/>\n<meta name=\"twitter:card\" content=\"summary_large_image\" \/>\n<meta name=\"twitter:label1\" content=\"Est. reading time\" \/>\n\t<meta name=\"twitter:data1\" content=\"1 minute\" \/>\n<script type=\"application\/ld+json\" class=\"yoast-schema-graph\">{\"@context\":\"https:\\\/\\\/schema.org\",\"@graph\":[{\"@type\":\"WebPage\",\"@id\":\"https:\\\/\\\/turismo.benicassim.es\\\/va\\\/producte\\\/de-fiesta-loca-en-las-villas-de-benicassim-teatralizada-sabado-1-julio-2023\\\/\",\"url\":\"https:\\\/\\\/turismo.benicassim.es\\\/va\\\/producte\\\/de-fiesta-loca-en-las-villas-de-benicassim-teatralizada-sabado-1-julio-2023\\\/\",\"name\":\"De festa boja en les Vil\u00b7les de Benic\u00e0ssim (teatralitzada). Dissabte 1 de juliol 2023. - Benic\u00e0ssim Turismo\",\"isPartOf\":{\"@id\":\"https:\\\/\\\/turismo.benicassim.es\\\/va\\\/#website\"},\"primaryImageOfPage\":{\"@id\":\"https:\\\/\\\/turismo.benicassim.es\\\/va\\\/producte\\\/de-fiesta-loca-en-las-villas-de-benicassim-teatralizada-sabado-1-julio-2023\\\/#primaryimage\"},\"image\":{\"@id\":\"https:\\\/\\\/turismo.benicassim.es\\\/va\\\/producte\\\/de-fiesta-loca-en-las-villas-de-benicassim-teatralizada-sabado-1-julio-2023\\\/#primaryimage\"},\"thumbnailUrl\":\"https:\\\/\\\/turismo.benicassim.es\\\/wp-content\\\/uploads\\\/2023\\\/05\\\/c_foto05-1.jpg\",\"datePublished\":\"2023-05-09T13:00:31+00:00\",\"dateModified\":\"2023-05-09T13:29:31+00:00\",\"breadcrumb\":{\"@id\":\"https:\\\/\\\/turismo.benicassim.es\\\/va\\\/producte\\\/de-fiesta-loca-en-las-villas-de-benicassim-teatralizada-sabado-1-julio-2023\\\/#breadcrumb\"},\"inLanguage\":\"ca-CA\",\"potentialAction\":[{\"@type\":\"ReadAction\",\"target\":[\"https:\\\/\\\/turismo.benicassim.es\\\/va\\\/producte\\\/de-fiesta-loca-en-las-villas-de-benicassim-teatralizada-sabado-1-julio-2023\\\/\"]}]},{\"@type\":\"ImageObject\",\"inLanguage\":\"ca-CA\",\"@id\":\"https:\\\/\\\/turismo.benicassim.es\\\/va\\\/producte\\\/de-fiesta-loca-en-las-villas-de-benicassim-teatralizada-sabado-1-julio-2023\\\/#primaryimage\",\"url\":\"https:\\\/\\\/turismo.benicassim.es\\\/wp-content\\\/uploads\\\/2023\\\/05\\\/c_foto05-1.jpg\",\"contentUrl\":\"https:\\\/\\\/turismo.benicassim.es\\\/wp-content\\\/uploads\\\/2023\\\/05\\\/c_foto05-1.jpg\",\"width\":1772,\"height\":1182},{\"@type\":\"BreadcrumbList\",\"@id\":\"https:\\\/\\\/turismo.benicassim.es\\\/va\\\/producte\\\/de-fiesta-loca-en-las-villas-de-benicassim-teatralizada-sabado-1-julio-2023\\\/#breadcrumb\",\"itemListElement\":[{\"@type\":\"ListItem\",\"position\":1,\"name\":\"Inicio\",\"item\":\"https:\\\/\\\/turismo.benicassim.es\\\/va\\\/\"},{\"@type\":\"ListItem\",\"position\":2,\"name\":\"Tenda\",\"item\":\"https:\\\/\\\/turismo.benicassim.es\\\/va\\\/tenda\\\/\"},{\"@type\":\"ListItem\",\"position\":3,\"name\":\"De festa boja en les Vil\u00b7les de Benic\u00e0ssim (teatralitzada). Dissabte 1 de juliol 2023.\"}]},{\"@type\":\"WebSite\",\"@id\":\"https:\\\/\\\/turismo.benicassim.es\\\/va\\\/#website\",\"url\":\"https:\\\/\\\/turismo.benicassim.es\\\/va\\\/\",\"name\":\"Benic\u00e0ssim Turismo\",\"description\":\"Web de informaci\u00f3n de Turismo en Benicasim\",\"potentialAction\":[{\"@type\":\"SearchAction\",\"target\":{\"@type\":\"EntryPoint\",\"urlTemplate\":\"https:\\\/\\\/turismo.benicassim.es\\\/va\\\/?s={search_term_string}\"},\"query-input\":{\"@type\":\"PropertyValueSpecification\",\"valueRequired\":true,\"valueName\":\"search_term_string\"}}],\"inLanguage\":\"ca-CA\"}]}<\/script>\n<!-- \/ Yoast SEO plugin. -->","yoast_head_json":{"title":"De festa boja en les Vil\u00b7les de Benic\u00e0ssim (teatralitzada). Dissabte 1 de juliol 2023. - Benic\u00e0ssim Turismo","robots":{"index":"index","follow":"follow","max-snippet":"max-snippet:-1","max-image-preview":"max-image-preview:large","max-video-preview":"max-video-preview:-1"},"canonical":"https:\/\/turismo.benicassim.es\/va\/producte\/de-fiesta-loca-en-las-villas-de-benicassim-teatralizada-sabado-1-julio-2023\/","og_locale":"en_US","og_type":"article","og_title":"De festa boja en les Vil\u00b7les de Benic\u00e0ssim (teatralitzada). Dissabte 1 de juliol 2023. - Benic\u00e0ssim Turismo","og_description":"Dissabte 1 de juliol (19.00 hores) Lloc: Vil\u00b7la Elisa https:\/\/goo.gl\/maps\/434be2uquyx4kkzh7 Duraci\u00f3: 1,5 hores. Dist\u00e0ncia: 1 Km. Dificultat: baixa. Preu: 5 \u20ac (2,5 \u20ac redu\u00efda). Descripci\u00f3: La zona de les Vil\u00b7les, en particular la coneguda popularment com l&#8217;Infern, era famosa a principis del segle XX per les animades (i llaaaarrrgues) celebracions que organitzaven els seus rics [&hellip;]","og_url":"https:\/\/turismo.benicassim.es\/va\/producte\/de-fiesta-loca-en-las-villas-de-benicassim-teatralizada-sabado-1-julio-2023\/","og_site_name":"Benic\u00e0ssim Turismo","article_modified_time":"2023-05-09T13:29:31+00:00","og_image":[{"width":1772,"height":1182,"url":"https:\/\/turismo.benicassim.es\/wp-content\/uploads\/2023\/05\/c_foto05-1.jpg","type":"image\/jpeg"}],"twitter_card":"summary_large_image","twitter_misc":{"Est. reading time":"1 minute"},"schema":{"@context":"https:\/\/schema.org","@graph":[{"@type":"WebPage","@id":"https:\/\/turismo.benicassim.es\/va\/producte\/de-fiesta-loca-en-las-villas-de-benicassim-teatralizada-sabado-1-julio-2023\/","url":"https:\/\/turismo.benicassim.es\/va\/producte\/de-fiesta-loca-en-las-villas-de-benicassim-teatralizada-sabado-1-julio-2023\/","name":"De festa boja en les Vil\u00b7les de Benic\u00e0ssim (teatralitzada). Dissabte 1 de juliol 2023. - Benic\u00e0ssim Turismo","isPartOf":{"@id":"https:\/\/turismo.benicassim.es\/va\/#website"},"primaryImageOfPage":{"@id":"https:\/\/turismo.benicassim.es\/va\/producte\/de-fiesta-loca-en-las-villas-de-benicassim-teatralizada-sabado-1-julio-2023\/#primaryimage"},"image":{"@id":"https:\/\/turismo.benicassim.es\/va\/producte\/de-fiesta-loca-en-las-villas-de-benicassim-teatralizada-sabado-1-julio-2023\/#primaryimage"},"thumbnailUrl":"https:\/\/turismo.benicassim.es\/wp-content\/uploads\/2023\/05\/c_foto05-1.jpg","datePublished":"2023-05-09T13:00:31+00:00","dateModified":"2023-05-09T13:29:31+00:00","breadcrumb":{"@id":"https:\/\/turismo.benicassim.es\/va\/producte\/de-fiesta-loca-en-las-villas-de-benicassim-teatralizada-sabado-1-julio-2023\/#breadcrumb"},"inLanguage":"ca-CA","potentialAction":[{"@type":"ReadAction","target":["https:\/\/turismo.benicassim.es\/va\/producte\/de-fiesta-loca-en-las-villas-de-benicassim-teatralizada-sabado-1-julio-2023\/"]}]},{"@type":"ImageObject","inLanguage":"ca-CA","@id":"https:\/\/turismo.benicassim.es\/va\/producte\/de-fiesta-loca-en-las-villas-de-benicassim-teatralizada-sabado-1-julio-2023\/#primaryimage","url":"https:\/\/turismo.benicassim.es\/wp-content\/uploads\/2023\/05\/c_foto05-1.jpg","contentUrl":"https:\/\/turismo.benicassim.es\/wp-content\/uploads\/2023\/05\/c_foto05-1.jpg","width":1772,"height":1182},{"@type":"BreadcrumbList","@id":"https:\/\/turismo.benicassim.es\/va\/producte\/de-fiesta-loca-en-las-villas-de-benicassim-teatralizada-sabado-1-julio-2023\/#breadcrumb","itemListElement":[{"@type":"ListItem","position":1,"name":"Inicio","item":"https:\/\/turismo.benicassim.es\/va\/"},{"@type":"ListItem","position":2,"name":"Tenda","item":"https:\/\/turismo.benicassim.es\/va\/tenda\/"},{"@type":"ListItem","position":3,"name":"De festa boja en les Vil\u00b7les de Benic\u00e0ssim (teatralitzada). Dissabte 1 de juliol 2023."}]},{"@type":"WebSite","@id":"https:\/\/turismo.benicassim.es\/va\/#website","url":"https:\/\/turismo.benicassim.es\/va\/","name":"Benic\u00e0ssim Turismo","description":"Web de informaci\u00f3n de Turismo en Benicasim","potentialAction":[{"@type":"SearchAction","target":{"@type":"EntryPoint","urlTemplate":"https:\/\/turismo.benicassim.es\/va\/?s={search_term_string}"},"query-input":{"@type":"PropertyValueSpecification","valueRequired":true,"valueName":"search_term_string"}}],"inLanguage":"ca-CA"}]}},"_links":{"self":[{"href":"https:\/\/turismo.benicassim.es\/va\/wp-json\/wp\/v2\/product\/70729","targetHints":{"allow":["GET"]}}],"collection":[{"href":"https:\/\/turismo.benicassim.es\/va\/wp-json\/wp\/v2\/product"}],"about":[{"href":"https:\/\/turismo.benicassim.es\/va\/wp-json\/wp\/v2\/types\/product"}],"wp:featuredmedia":[{"embeddable":true,"href":"https:\/\/turismo.benicassim.es\/va\/wp-json\/wp\/v2\/media\/70730"}],"wp:attachment":[{"href":"https:\/\/turismo.benicassim.es\/va\/wp-json\/wp\/v2\/media?parent=70729"}],"wp:term":[{"taxonomy":"product_brand","embeddable":true,"href":"https:\/\/turismo.benicassim.es\/va\/wp-json\/wp\/v2\/product_brand?post=70729"},{"taxonomy":"product_cat","embeddable":true,"href":"https:\/\/turismo.benicassim.es\/va\/wp-json\/wp\/v2\/product_cat?post=70729"},{"taxonomy":"product_tag","embeddable":true,"href":"https:\/\/turismo.benicassim.es\/va\/wp-json\/wp\/v2\/product_tag?post=70729"}],"curies":[{"name":"wp","href":"https:\/\/api.w.org\/{rel}","templated":true}]}}