{"id":70941,"date":"2023-06-15T12:36:37","date_gmt":"2023-06-15T10:36:37","guid":{"rendered":"https:\/\/turismo.benicassim.es\/producto\/los-habitantes-nocturnos-de-nuestras-montanas-viernes-30-de-junio-2023-2000-h\/"},"modified":"2023-06-15T14:46:40","modified_gmt":"2023-06-15T12:46:40","slug":"los-habitantes-nocturnos-de-nuestras-montanas-viernes-30-de-junio-2023-2000-h","status":"publish","type":"product","link":"https:\/\/turismo.benicassim.es\/va\/producte\/los-habitantes-nocturnos-de-nuestras-montanas-viernes-30-de-junio-2023-2000-h\/","title":{"rendered":"Els habitants nocturns de les nostres muntanyes. Divendres 30 de juny 2023 &#8211; 19:00 h."},"content":{"rendered":"<p><strong>Divendres\u00a0 30 de juny (19.00 hores)<\/strong><br \/>\n<strong>Lloc:<\/strong> P\u00e0rquing mirador Desert de les Palmes <a href=\"https:\/\/goo.gl\/maps\/xEZLcGjbzczXciSGA\">https:\/\/goo.gl\/maps\/xEZLcGjbzczXciSGA<\/a><br \/>\n<strong>Duraci\u00f3:<\/strong> 3 hores.<br \/>\n<strong>Dist\u00e0ncia:<\/strong> 4,3 Km.<br \/>\n<strong>Desnivell:<\/strong> 150 m.<br \/>\n<strong>Dificultat:<\/strong> baixa. P\u00fablic familiar i general. Xiquets a partir de 7 anys.<br \/>\n<strong>Preu:<\/strong> 3 \u20ac (1,5 \u20ac redu\u00efda).<br \/>\n<strong>Descripci\u00f3:<\/strong> La varietat d&#8217;ambients del Parc Natural del Desert de les Palmes permet l&#8217;exist\u00e8ncia d&#8217;una comunitat faun\u00edstica molt diversa. Per aix\u00f2, en aquesta excursi\u00f3 coneixerem el paratge des d&#8217;un nou punt de vista: el dels seus habitants nocturns. D&#8217;aquesta manera, en cada parada del recorregut ens trobarem amb alguna de les moltes esp\u00e8cies que s&#8217;amaguen al nostre voltant mentre realitzem una senzilla ruta de senderisme.<br \/>\n<strong>Recomanacions:<\/strong> cal\u00e7at esportiu, gorra, llanterna, sopar i beguda. Durant la prestaci\u00f3 del servei no est\u00e0 perm\u00e9s l&#8217;acc\u00e9s amb animals (excepte gossos guia o d&#8217;assist\u00e8ncia).<\/p>\n","protected":false},"excerpt":{"rendered":"<p>Divendres\u00a0 30 de juny (19.00 hores) Lloc: P\u00e0rquing mirador Desert de les Palmes https:\/\/goo.gl\/maps\/xEZLcGjbzczXciSGA Duraci\u00f3: 3 hores. Dist\u00e0ncia: 4,3 Km. Desnivell: 150 m. Dificultat: baixa. P\u00fablic familiar i general. Xiquets a partir de 7 anys. Preu: 3 \u20ac (1,5 \u20ac redu\u00efda). Descripci\u00f3: La varietat d&#8217;ambients del Parc Natural del Desert de les Palmes permet l&#8217;exist\u00e8ncia [&hellip;]<\/p>\n","protected":false},"featured_media":70571,"template":"","meta":{"_acf_changed":false},"product_brand":[],"product_cat":[417],"product_tag":[552,593,553,555],"class_list":{"0":"post-70941","1":"product","2":"type-product","3":"status-publish","4":"has-post-thumbnail","6":"product_cat-els-habitants-nocturns-de-les-nostres-muntanyes","7":"product_tag-programa-oficial-visitas-guiadas-benicassim-va","8":"product_tag-visitas-benicasim-va","9":"product_tag-visitas-guiadas-benicasim-va","10":"product_tag-visites-guiades-benicassim","12":"first","13":"instock","14":"shipping-taxable","15":"purchasable","16":"product-type-variable"},"acf":[],"yoast_head":"<!-- This site is optimized with the Yoast SEO plugin v27.4 - https:\/\/yoast.com\/product\/yoast-seo-wordpress\/ -->\n<title>Els habitants nocturns de les nostres muntanyes. Divendres 30 de juny 2023 - 19:00 h. - Benic\u00e0ssim Turismo<\/title>\n<meta name=\"robots\" content=\"index, follow, max-snippet:-1, max-image-preview:large, max-video-preview:-1\" \/>\n<link rel=\"canonical\" href=\"https:\/\/turismo.benicassim.es\/va\/producte\/los-habitantes-nocturnos-de-nuestras-montanas-viernes-30-de-junio-2023-2000-h\/\" \/>\n<meta property=\"og:locale\" content=\"en_US\" \/>\n<meta property=\"og:type\" content=\"article\" \/>\n<meta property=\"og:title\" content=\"Els habitants nocturns de les nostres muntanyes. Divendres 30 de juny 2023 - 19:00 h. - Benic\u00e0ssim Turismo\" \/>\n<meta property=\"og:description\" content=\"Divendres\u00a0 30 de juny (19.00 hores) Lloc: P\u00e0rquing mirador Desert de les Palmes https:\/\/goo.gl\/maps\/xEZLcGjbzczXciSGA Duraci\u00f3: 3 hores. Dist\u00e0ncia: 4,3 Km. Desnivell: 150 m. Dificultat: baixa. P\u00fablic familiar i general. Xiquets a partir de 7 anys. Preu: 3 \u20ac (1,5 \u20ac redu\u00efda). Descripci\u00f3: La varietat d&#8217;ambients del Parc Natural del Desert de les Palmes permet l&#8217;exist\u00e8ncia [&hellip;]\" \/>\n<meta property=\"og:url\" content=\"https:\/\/turismo.benicassim.es\/va\/producte\/los-habitantes-nocturnos-de-nuestras-montanas-viernes-30-de-junio-2023-2000-h\/\" \/>\n<meta property=\"og:site_name\" content=\"Benic\u00e0ssim Turismo\" \/>\n<meta property=\"article:modified_time\" content=\"2023-06-15T12:46:40+00:00\" \/>\n<meta property=\"og:image\" content=\"https:\/\/turismo.benicassim.es\/wp-content\/uploads\/2023\/04\/c_foto15.jpg\" \/>\n\t<meta property=\"og:image:width\" content=\"1772\" \/>\n\t<meta property=\"og:image:height\" content=\"1182\" \/>\n\t<meta property=\"og:image:type\" content=\"image\/jpeg\" \/>\n<meta name=\"twitter:card\" content=\"summary_large_image\" \/>\n<meta name=\"twitter:label1\" content=\"Est. reading time\" \/>\n\t<meta name=\"twitter:data1\" content=\"1 minute\" \/>\n<script type=\"application\/ld+json\" class=\"yoast-schema-graph\">{\"@context\":\"https:\\\/\\\/schema.org\",\"@graph\":[{\"@type\":\"WebPage\",\"@id\":\"https:\\\/\\\/turismo.benicassim.es\\\/va\\\/producte\\\/los-habitantes-nocturnos-de-nuestras-montanas-viernes-30-de-junio-2023-2000-h\\\/\",\"url\":\"https:\\\/\\\/turismo.benicassim.es\\\/va\\\/producte\\\/los-habitantes-nocturnos-de-nuestras-montanas-viernes-30-de-junio-2023-2000-h\\\/\",\"name\":\"Els habitants nocturns de les nostres muntanyes. Divendres 30 de juny 2023 - 19:00 h. - Benic\u00e0ssim Turismo\",\"isPartOf\":{\"@id\":\"https:\\\/\\\/turismo.benicassim.es\\\/va\\\/#website\"},\"primaryImageOfPage\":{\"@id\":\"https:\\\/\\\/turismo.benicassim.es\\\/va\\\/producte\\\/los-habitantes-nocturnos-de-nuestras-montanas-viernes-30-de-junio-2023-2000-h\\\/#primaryimage\"},\"image\":{\"@id\":\"https:\\\/\\\/turismo.benicassim.es\\\/va\\\/producte\\\/los-habitantes-nocturnos-de-nuestras-montanas-viernes-30-de-junio-2023-2000-h\\\/#primaryimage\"},\"thumbnailUrl\":\"https:\\\/\\\/turismo.benicassim.es\\\/wp-content\\\/uploads\\\/2023\\\/04\\\/c_foto15.jpg\",\"datePublished\":\"2023-06-15T10:36:37+00:00\",\"dateModified\":\"2023-06-15T12:46:40+00:00\",\"breadcrumb\":{\"@id\":\"https:\\\/\\\/turismo.benicassim.es\\\/va\\\/producte\\\/los-habitantes-nocturnos-de-nuestras-montanas-viernes-30-de-junio-2023-2000-h\\\/#breadcrumb\"},\"inLanguage\":\"ca-CA\",\"potentialAction\":[{\"@type\":\"ReadAction\",\"target\":[\"https:\\\/\\\/turismo.benicassim.es\\\/va\\\/producte\\\/los-habitantes-nocturnos-de-nuestras-montanas-viernes-30-de-junio-2023-2000-h\\\/\"]}]},{\"@type\":\"ImageObject\",\"inLanguage\":\"ca-CA\",\"@id\":\"https:\\\/\\\/turismo.benicassim.es\\\/va\\\/producte\\\/los-habitantes-nocturnos-de-nuestras-montanas-viernes-30-de-junio-2023-2000-h\\\/#primaryimage\",\"url\":\"https:\\\/\\\/turismo.benicassim.es\\\/wp-content\\\/uploads\\\/2023\\\/04\\\/c_foto15.jpg\",\"contentUrl\":\"https:\\\/\\\/turismo.benicassim.es\\\/wp-content\\\/uploads\\\/2023\\\/04\\\/c_foto15.jpg\",\"width\":1772,\"height\":1182},{\"@type\":\"BreadcrumbList\",\"@id\":\"https:\\\/\\\/turismo.benicassim.es\\\/va\\\/producte\\\/los-habitantes-nocturnos-de-nuestras-montanas-viernes-30-de-junio-2023-2000-h\\\/#breadcrumb\",\"itemListElement\":[{\"@type\":\"ListItem\",\"position\":1,\"name\":\"Inicio\",\"item\":\"https:\\\/\\\/turismo.benicassim.es\\\/va\\\/\"},{\"@type\":\"ListItem\",\"position\":2,\"name\":\"Tenda\",\"item\":\"https:\\\/\\\/turismo.benicassim.es\\\/va\\\/tenda\\\/\"},{\"@type\":\"ListItem\",\"position\":3,\"name\":\"Els habitants nocturns de les nostres muntanyes. Divendres 30 de juny 2023 &#8211; 19:00 h.\"}]},{\"@type\":\"WebSite\",\"@id\":\"https:\\\/\\\/turismo.benicassim.es\\\/va\\\/#website\",\"url\":\"https:\\\/\\\/turismo.benicassim.es\\\/va\\\/\",\"name\":\"Benic\u00e0ssim Turismo\",\"description\":\"Web de informaci\u00f3n de Turismo en Benicasim\",\"potentialAction\":[{\"@type\":\"SearchAction\",\"target\":{\"@type\":\"EntryPoint\",\"urlTemplate\":\"https:\\\/\\\/turismo.benicassim.es\\\/va\\\/?s={search_term_string}\"},\"query-input\":{\"@type\":\"PropertyValueSpecification\",\"valueRequired\":true,\"valueName\":\"search_term_string\"}}],\"inLanguage\":\"ca-CA\"}]}<\/script>\n<!-- \/ Yoast SEO plugin. -->","yoast_head_json":{"title":"Els habitants nocturns de les nostres muntanyes. Divendres 30 de juny 2023 - 19:00 h. - Benic\u00e0ssim Turismo","robots":{"index":"index","follow":"follow","max-snippet":"max-snippet:-1","max-image-preview":"max-image-preview:large","max-video-preview":"max-video-preview:-1"},"canonical":"https:\/\/turismo.benicassim.es\/va\/producte\/los-habitantes-nocturnos-de-nuestras-montanas-viernes-30-de-junio-2023-2000-h\/","og_locale":"en_US","og_type":"article","og_title":"Els habitants nocturns de les nostres muntanyes. Divendres 30 de juny 2023 - 19:00 h. - Benic\u00e0ssim Turismo","og_description":"Divendres\u00a0 30 de juny (19.00 hores) Lloc: P\u00e0rquing mirador Desert de les Palmes https:\/\/goo.gl\/maps\/xEZLcGjbzczXciSGA Duraci\u00f3: 3 hores. Dist\u00e0ncia: 4,3 Km. Desnivell: 150 m. Dificultat: baixa. P\u00fablic familiar i general. Xiquets a partir de 7 anys. Preu: 3 \u20ac (1,5 \u20ac redu\u00efda). Descripci\u00f3: La varietat d&#8217;ambients del Parc Natural del Desert de les Palmes permet l&#8217;exist\u00e8ncia [&hellip;]","og_url":"https:\/\/turismo.benicassim.es\/va\/producte\/los-habitantes-nocturnos-de-nuestras-montanas-viernes-30-de-junio-2023-2000-h\/","og_site_name":"Benic\u00e0ssim Turismo","article_modified_time":"2023-06-15T12:46:40+00:00","og_image":[{"width":1772,"height":1182,"url":"https:\/\/turismo.benicassim.es\/wp-content\/uploads\/2023\/04\/c_foto15.jpg","type":"image\/jpeg"}],"twitter_card":"summary_large_image","twitter_misc":{"Est. reading time":"1 minute"},"schema":{"@context":"https:\/\/schema.org","@graph":[{"@type":"WebPage","@id":"https:\/\/turismo.benicassim.es\/va\/producte\/los-habitantes-nocturnos-de-nuestras-montanas-viernes-30-de-junio-2023-2000-h\/","url":"https:\/\/turismo.benicassim.es\/va\/producte\/los-habitantes-nocturnos-de-nuestras-montanas-viernes-30-de-junio-2023-2000-h\/","name":"Els habitants nocturns de les nostres muntanyes. Divendres 30 de juny 2023 - 19:00 h. - Benic\u00e0ssim Turismo","isPartOf":{"@id":"https:\/\/turismo.benicassim.es\/va\/#website"},"primaryImageOfPage":{"@id":"https:\/\/turismo.benicassim.es\/va\/producte\/los-habitantes-nocturnos-de-nuestras-montanas-viernes-30-de-junio-2023-2000-h\/#primaryimage"},"image":{"@id":"https:\/\/turismo.benicassim.es\/va\/producte\/los-habitantes-nocturnos-de-nuestras-montanas-viernes-30-de-junio-2023-2000-h\/#primaryimage"},"thumbnailUrl":"https:\/\/turismo.benicassim.es\/wp-content\/uploads\/2023\/04\/c_foto15.jpg","datePublished":"2023-06-15T10:36:37+00:00","dateModified":"2023-06-15T12:46:40+00:00","breadcrumb":{"@id":"https:\/\/turismo.benicassim.es\/va\/producte\/los-habitantes-nocturnos-de-nuestras-montanas-viernes-30-de-junio-2023-2000-h\/#breadcrumb"},"inLanguage":"ca-CA","potentialAction":[{"@type":"ReadAction","target":["https:\/\/turismo.benicassim.es\/va\/producte\/los-habitantes-nocturnos-de-nuestras-montanas-viernes-30-de-junio-2023-2000-h\/"]}]},{"@type":"ImageObject","inLanguage":"ca-CA","@id":"https:\/\/turismo.benicassim.es\/va\/producte\/los-habitantes-nocturnos-de-nuestras-montanas-viernes-30-de-junio-2023-2000-h\/#primaryimage","url":"https:\/\/turismo.benicassim.es\/wp-content\/uploads\/2023\/04\/c_foto15.jpg","contentUrl":"https:\/\/turismo.benicassim.es\/wp-content\/uploads\/2023\/04\/c_foto15.jpg","width":1772,"height":1182},{"@type":"BreadcrumbList","@id":"https:\/\/turismo.benicassim.es\/va\/producte\/los-habitantes-nocturnos-de-nuestras-montanas-viernes-30-de-junio-2023-2000-h\/#breadcrumb","itemListElement":[{"@type":"ListItem","position":1,"name":"Inicio","item":"https:\/\/turismo.benicassim.es\/va\/"},{"@type":"ListItem","position":2,"name":"Tenda","item":"https:\/\/turismo.benicassim.es\/va\/tenda\/"},{"@type":"ListItem","position":3,"name":"Els habitants nocturns de les nostres muntanyes. Divendres 30 de juny 2023 &#8211; 19:00 h."}]},{"@type":"WebSite","@id":"https:\/\/turismo.benicassim.es\/va\/#website","url":"https:\/\/turismo.benicassim.es\/va\/","name":"Benic\u00e0ssim Turismo","description":"Web de informaci\u00f3n de Turismo en Benicasim","potentialAction":[{"@type":"SearchAction","target":{"@type":"EntryPoint","urlTemplate":"https:\/\/turismo.benicassim.es\/va\/?s={search_term_string}"},"query-input":{"@type":"PropertyValueSpecification","valueRequired":true,"valueName":"search_term_string"}}],"inLanguage":"ca-CA"}]}},"_links":{"self":[{"href":"https:\/\/turismo.benicassim.es\/va\/wp-json\/wp\/v2\/product\/70941","targetHints":{"allow":["GET"]}}],"collection":[{"href":"https:\/\/turismo.benicassim.es\/va\/wp-json\/wp\/v2\/product"}],"about":[{"href":"https:\/\/turismo.benicassim.es\/va\/wp-json\/wp\/v2\/types\/product"}],"wp:featuredmedia":[{"embeddable":true,"href":"https:\/\/turismo.benicassim.es\/va\/wp-json\/wp\/v2\/media\/70571"}],"wp:attachment":[{"href":"https:\/\/turismo.benicassim.es\/va\/wp-json\/wp\/v2\/media?parent=70941"}],"wp:term":[{"taxonomy":"product_brand","embeddable":true,"href":"https:\/\/turismo.benicassim.es\/va\/wp-json\/wp\/v2\/product_brand?post=70941"},{"taxonomy":"product_cat","embeddable":true,"href":"https:\/\/turismo.benicassim.es\/va\/wp-json\/wp\/v2\/product_cat?post=70941"},{"taxonomy":"product_tag","embeddable":true,"href":"https:\/\/turismo.benicassim.es\/va\/wp-json\/wp\/v2\/product_tag?post=70941"}],"curies":[{"name":"wp","href":"https:\/\/api.w.org\/{rel}","templated":true}]}}