{"id":71073,"date":"2023-06-24T17:32:08","date_gmt":"2023-06-24T15:32:08","guid":{"rendered":"https:\/\/turismo.benicassim.es\/producto\/atardeder-en-el-desert-de-les-palmes-martes-11-de-julio-1800-horas\/"},"modified":"2023-06-24T17:42:48","modified_gmt":"2023-06-24T15:42:48","slug":"atardeder-en-el-desert-de-les-palmes-martes-11-de-julio-1800-horas","status":"publish","type":"product","link":"https:\/\/turismo.benicassim.es\/va\/producte\/atardeder-en-el-desert-de-les-palmes-martes-11-de-julio-1800-horas\/","title":{"rendered":"Capvespre al Desert de les Palmes. Dimarts 11 de juliol 2023 &#8211; 18:00 hores."},"content":{"rendered":"<p><strong>Data: dimarts 11 de juliol (18.00 hores)<\/strong><br \/>\n<strong>Lloc:<\/strong> P\u00e0rquing Mirador Antic Monestir <a href=\"https:\/\/goo.gl\/maps\/xezlcgjbzczxcisga\">https:\/\/goo.gl\/maps\/xezlcgjbzczxcisga<\/a><br \/>\n<strong>Duraci\u00f3:<\/strong> 3 hores.<br \/>\n<strong>Dist\u00e0ncia:<\/strong> 5 Km (desnivell 90 m)<br \/>\n<strong>Dificultat:<\/strong> baixa. (Xiquets a partir de 6 anys).<br \/>\n<strong>Preu:<\/strong> 3 \u20ac (1,5 \u20ac redu\u00efda).<br \/>\n<strong>Descripci\u00f3.<\/strong> Poc abans del crepuscle, farem una ruta senzilla per\u00f2 amb grans vistes: des de la vall de Miravet sota la imponent cresta de les Agulles de Santa \u00c1gueda fins a la Serra d\u2019Irta coronant el Prat de Cabanes. A m\u00e9s, al llarg del recorregut, veurem algunes sorpreses naturals que ens recordaran la sort que tenim en comptar amb aquest parc natural tan prop de nosaltres.<\/p>\n<p><strong>Recomanacions:<\/strong> sabata d&#8217;esport, gorra i beguda. Durant la prestaci\u00f3 del servei no est\u00e0 perm\u00e9s l&#8217;acc\u00e9s amb animals (excepte gossos guia o d&#8217;assist\u00e8ncia).<\/p>\n","protected":false},"excerpt":{"rendered":"<p>Data: dimarts 11 de juliol (18.00 hores) Lloc: P\u00e0rquing Mirador Antic Monestir https:\/\/goo.gl\/maps\/xezlcgjbzczxcisga Duraci\u00f3: 3 hores. Dist\u00e0ncia: 5 Km (desnivell 90 m) Dificultat: baixa. (Xiquets a partir de 6 anys). Preu: 3 \u20ac (1,5 \u20ac redu\u00efda). Descripci\u00f3. Poc abans del crepuscle, farem una ruta senzilla per\u00f2 amb grans vistes: des de la vall de Miravet [&hellip;]<\/p>\n","protected":false},"featured_media":71074,"template":"","meta":{"_acf_changed":false},"product_brand":[],"product_cat":[430],"product_tag":[729,681,735,736],"class_list":{"0":"post-71073","1":"product","2":"type-product","3":"status-publish","4":"has-post-thumbnail","6":"product_cat-capvespre-al-desert-de-les-palmes","7":"product_tag-programa-oficial-de-visitas-guiadas-benicasim-va","8":"product_tag-rutas-guiadas-benicasim-va","9":"product_tag-senderismo-benicasim-va","10":"product_tag-senderismo-benicassim-va","12":"first","13":"outofstock","14":"shipping-taxable","15":"purchasable","16":"product-type-variable"},"acf":[],"yoast_head":"<!-- This site is optimized with the Yoast SEO plugin v27.4 - https:\/\/yoast.com\/product\/yoast-seo-wordpress\/ -->\n<title>Capvespre al Desert de les Palmes. Dimarts 11 de juliol 2023 - 18:00 hores. - Benic\u00e0ssim Turismo<\/title>\n<meta name=\"robots\" content=\"index, follow, max-snippet:-1, max-image-preview:large, max-video-preview:-1\" \/>\n<link rel=\"canonical\" href=\"https:\/\/turismo.benicassim.es\/va\/producte\/atardeder-en-el-desert-de-les-palmes-martes-11-de-julio-1800-horas\/\" \/>\n<meta property=\"og:locale\" content=\"en_US\" \/>\n<meta property=\"og:type\" content=\"article\" \/>\n<meta property=\"og:title\" content=\"Capvespre al Desert de les Palmes. Dimarts 11 de juliol 2023 - 18:00 hores. - Benic\u00e0ssim Turismo\" \/>\n<meta property=\"og:description\" content=\"Data: dimarts 11 de juliol (18.00 hores) Lloc: P\u00e0rquing Mirador Antic Monestir https:\/\/goo.gl\/maps\/xezlcgjbzczxcisga Duraci\u00f3: 3 hores. Dist\u00e0ncia: 5 Km (desnivell 90 m) Dificultat: baixa. (Xiquets a partir de 6 anys). Preu: 3 \u20ac (1,5 \u20ac redu\u00efda). Descripci\u00f3. Poc abans del crepuscle, farem una ruta senzilla per\u00f2 amb grans vistes: des de la vall de Miravet [&hellip;]\" \/>\n<meta property=\"og:url\" content=\"https:\/\/turismo.benicassim.es\/va\/producte\/atardeder-en-el-desert-de-les-palmes-martes-11-de-julio-1800-horas\/\" \/>\n<meta property=\"og:site_name\" content=\"Benic\u00e0ssim Turismo\" \/>\n<meta property=\"article:modified_time\" content=\"2023-06-24T15:42:48+00:00\" \/>\n<meta property=\"og:image\" content=\"https:\/\/turismo.benicassim.es\/wp-content\/uploads\/2023\/06\/c_foto23.jpg\" \/>\n\t<meta property=\"og:image:width\" content=\"1772\" \/>\n\t<meta property=\"og:image:height\" content=\"1181\" \/>\n\t<meta property=\"og:image:type\" content=\"image\/jpeg\" \/>\n<meta name=\"twitter:card\" content=\"summary_large_image\" \/>\n<meta name=\"twitter:label1\" content=\"Est. reading time\" \/>\n\t<meta name=\"twitter:data1\" content=\"1 minute\" \/>\n<script type=\"application\/ld+json\" class=\"yoast-schema-graph\">{\"@context\":\"https:\\\/\\\/schema.org\",\"@graph\":[{\"@type\":\"WebPage\",\"@id\":\"https:\\\/\\\/turismo.benicassim.es\\\/va\\\/producte\\\/atardeder-en-el-desert-de-les-palmes-martes-11-de-julio-1800-horas\\\/\",\"url\":\"https:\\\/\\\/turismo.benicassim.es\\\/va\\\/producte\\\/atardeder-en-el-desert-de-les-palmes-martes-11-de-julio-1800-horas\\\/\",\"name\":\"Capvespre al Desert de les Palmes. Dimarts 11 de juliol 2023 - 18:00 hores. - Benic\u00e0ssim Turismo\",\"isPartOf\":{\"@id\":\"https:\\\/\\\/turismo.benicassim.es\\\/va\\\/#website\"},\"primaryImageOfPage\":{\"@id\":\"https:\\\/\\\/turismo.benicassim.es\\\/va\\\/producte\\\/atardeder-en-el-desert-de-les-palmes-martes-11-de-julio-1800-horas\\\/#primaryimage\"},\"image\":{\"@id\":\"https:\\\/\\\/turismo.benicassim.es\\\/va\\\/producte\\\/atardeder-en-el-desert-de-les-palmes-martes-11-de-julio-1800-horas\\\/#primaryimage\"},\"thumbnailUrl\":\"https:\\\/\\\/turismo.benicassim.es\\\/wp-content\\\/uploads\\\/2023\\\/06\\\/c_foto23.jpg\",\"datePublished\":\"2023-06-24T15:32:08+00:00\",\"dateModified\":\"2023-06-24T15:42:48+00:00\",\"breadcrumb\":{\"@id\":\"https:\\\/\\\/turismo.benicassim.es\\\/va\\\/producte\\\/atardeder-en-el-desert-de-les-palmes-martes-11-de-julio-1800-horas\\\/#breadcrumb\"},\"inLanguage\":\"ca-CA\",\"potentialAction\":[{\"@type\":\"ReadAction\",\"target\":[\"https:\\\/\\\/turismo.benicassim.es\\\/va\\\/producte\\\/atardeder-en-el-desert-de-les-palmes-martes-11-de-julio-1800-horas\\\/\"]}]},{\"@type\":\"ImageObject\",\"inLanguage\":\"ca-CA\",\"@id\":\"https:\\\/\\\/turismo.benicassim.es\\\/va\\\/producte\\\/atardeder-en-el-desert-de-les-palmes-martes-11-de-julio-1800-horas\\\/#primaryimage\",\"url\":\"https:\\\/\\\/turismo.benicassim.es\\\/wp-content\\\/uploads\\\/2023\\\/06\\\/c_foto23.jpg\",\"contentUrl\":\"https:\\\/\\\/turismo.benicassim.es\\\/wp-content\\\/uploads\\\/2023\\\/06\\\/c_foto23.jpg\",\"width\":1772,\"height\":1181},{\"@type\":\"BreadcrumbList\",\"@id\":\"https:\\\/\\\/turismo.benicassim.es\\\/va\\\/producte\\\/atardeder-en-el-desert-de-les-palmes-martes-11-de-julio-1800-horas\\\/#breadcrumb\",\"itemListElement\":[{\"@type\":\"ListItem\",\"position\":1,\"name\":\"Inicio\",\"item\":\"https:\\\/\\\/turismo.benicassim.es\\\/va\\\/\"},{\"@type\":\"ListItem\",\"position\":2,\"name\":\"Tenda\",\"item\":\"https:\\\/\\\/turismo.benicassim.es\\\/va\\\/tenda\\\/\"},{\"@type\":\"ListItem\",\"position\":3,\"name\":\"Capvespre al Desert de les Palmes. Dimarts 11 de juliol 2023 &#8211; 18:00 hores.\"}]},{\"@type\":\"WebSite\",\"@id\":\"https:\\\/\\\/turismo.benicassim.es\\\/va\\\/#website\",\"url\":\"https:\\\/\\\/turismo.benicassim.es\\\/va\\\/\",\"name\":\"Benic\u00e0ssim Turismo\",\"description\":\"Web de informaci\u00f3n de Turismo en Benicasim\",\"potentialAction\":[{\"@type\":\"SearchAction\",\"target\":{\"@type\":\"EntryPoint\",\"urlTemplate\":\"https:\\\/\\\/turismo.benicassim.es\\\/va\\\/?s={search_term_string}\"},\"query-input\":{\"@type\":\"PropertyValueSpecification\",\"valueRequired\":true,\"valueName\":\"search_term_string\"}}],\"inLanguage\":\"ca-CA\"}]}<\/script>\n<!-- \/ Yoast SEO plugin. -->","yoast_head_json":{"title":"Capvespre al Desert de les Palmes. Dimarts 11 de juliol 2023 - 18:00 hores. - Benic\u00e0ssim Turismo","robots":{"index":"index","follow":"follow","max-snippet":"max-snippet:-1","max-image-preview":"max-image-preview:large","max-video-preview":"max-video-preview:-1"},"canonical":"https:\/\/turismo.benicassim.es\/va\/producte\/atardeder-en-el-desert-de-les-palmes-martes-11-de-julio-1800-horas\/","og_locale":"en_US","og_type":"article","og_title":"Capvespre al Desert de les Palmes. Dimarts 11 de juliol 2023 - 18:00 hores. - Benic\u00e0ssim Turismo","og_description":"Data: dimarts 11 de juliol (18.00 hores) Lloc: P\u00e0rquing Mirador Antic Monestir https:\/\/goo.gl\/maps\/xezlcgjbzczxcisga Duraci\u00f3: 3 hores. Dist\u00e0ncia: 5 Km (desnivell 90 m) Dificultat: baixa. (Xiquets a partir de 6 anys). Preu: 3 \u20ac (1,5 \u20ac redu\u00efda). Descripci\u00f3. Poc abans del crepuscle, farem una ruta senzilla per\u00f2 amb grans vistes: des de la vall de Miravet [&hellip;]","og_url":"https:\/\/turismo.benicassim.es\/va\/producte\/atardeder-en-el-desert-de-les-palmes-martes-11-de-julio-1800-horas\/","og_site_name":"Benic\u00e0ssim Turismo","article_modified_time":"2023-06-24T15:42:48+00:00","og_image":[{"width":1772,"height":1181,"url":"https:\/\/turismo.benicassim.es\/wp-content\/uploads\/2023\/06\/c_foto23.jpg","type":"image\/jpeg"}],"twitter_card":"summary_large_image","twitter_misc":{"Est. reading time":"1 minute"},"schema":{"@context":"https:\/\/schema.org","@graph":[{"@type":"WebPage","@id":"https:\/\/turismo.benicassim.es\/va\/producte\/atardeder-en-el-desert-de-les-palmes-martes-11-de-julio-1800-horas\/","url":"https:\/\/turismo.benicassim.es\/va\/producte\/atardeder-en-el-desert-de-les-palmes-martes-11-de-julio-1800-horas\/","name":"Capvespre al Desert de les Palmes. Dimarts 11 de juliol 2023 - 18:00 hores. - Benic\u00e0ssim Turismo","isPartOf":{"@id":"https:\/\/turismo.benicassim.es\/va\/#website"},"primaryImageOfPage":{"@id":"https:\/\/turismo.benicassim.es\/va\/producte\/atardeder-en-el-desert-de-les-palmes-martes-11-de-julio-1800-horas\/#primaryimage"},"image":{"@id":"https:\/\/turismo.benicassim.es\/va\/producte\/atardeder-en-el-desert-de-les-palmes-martes-11-de-julio-1800-horas\/#primaryimage"},"thumbnailUrl":"https:\/\/turismo.benicassim.es\/wp-content\/uploads\/2023\/06\/c_foto23.jpg","datePublished":"2023-06-24T15:32:08+00:00","dateModified":"2023-06-24T15:42:48+00:00","breadcrumb":{"@id":"https:\/\/turismo.benicassim.es\/va\/producte\/atardeder-en-el-desert-de-les-palmes-martes-11-de-julio-1800-horas\/#breadcrumb"},"inLanguage":"ca-CA","potentialAction":[{"@type":"ReadAction","target":["https:\/\/turismo.benicassim.es\/va\/producte\/atardeder-en-el-desert-de-les-palmes-martes-11-de-julio-1800-horas\/"]}]},{"@type":"ImageObject","inLanguage":"ca-CA","@id":"https:\/\/turismo.benicassim.es\/va\/producte\/atardeder-en-el-desert-de-les-palmes-martes-11-de-julio-1800-horas\/#primaryimage","url":"https:\/\/turismo.benicassim.es\/wp-content\/uploads\/2023\/06\/c_foto23.jpg","contentUrl":"https:\/\/turismo.benicassim.es\/wp-content\/uploads\/2023\/06\/c_foto23.jpg","width":1772,"height":1181},{"@type":"BreadcrumbList","@id":"https:\/\/turismo.benicassim.es\/va\/producte\/atardeder-en-el-desert-de-les-palmes-martes-11-de-julio-1800-horas\/#breadcrumb","itemListElement":[{"@type":"ListItem","position":1,"name":"Inicio","item":"https:\/\/turismo.benicassim.es\/va\/"},{"@type":"ListItem","position":2,"name":"Tenda","item":"https:\/\/turismo.benicassim.es\/va\/tenda\/"},{"@type":"ListItem","position":3,"name":"Capvespre al Desert de les Palmes. Dimarts 11 de juliol 2023 &#8211; 18:00 hores."}]},{"@type":"WebSite","@id":"https:\/\/turismo.benicassim.es\/va\/#website","url":"https:\/\/turismo.benicassim.es\/va\/","name":"Benic\u00e0ssim Turismo","description":"Web de informaci\u00f3n de Turismo en Benicasim","potentialAction":[{"@type":"SearchAction","target":{"@type":"EntryPoint","urlTemplate":"https:\/\/turismo.benicassim.es\/va\/?s={search_term_string}"},"query-input":{"@type":"PropertyValueSpecification","valueRequired":true,"valueName":"search_term_string"}}],"inLanguage":"ca-CA"}]}},"_links":{"self":[{"href":"https:\/\/turismo.benicassim.es\/va\/wp-json\/wp\/v2\/product\/71073","targetHints":{"allow":["GET"]}}],"collection":[{"href":"https:\/\/turismo.benicassim.es\/va\/wp-json\/wp\/v2\/product"}],"about":[{"href":"https:\/\/turismo.benicassim.es\/va\/wp-json\/wp\/v2\/types\/product"}],"wp:featuredmedia":[{"embeddable":true,"href":"https:\/\/turismo.benicassim.es\/va\/wp-json\/wp\/v2\/media\/71074"}],"wp:attachment":[{"href":"https:\/\/turismo.benicassim.es\/va\/wp-json\/wp\/v2\/media?parent=71073"}],"wp:term":[{"taxonomy":"product_brand","embeddable":true,"href":"https:\/\/turismo.benicassim.es\/va\/wp-json\/wp\/v2\/product_brand?post=71073"},{"taxonomy":"product_cat","embeddable":true,"href":"https:\/\/turismo.benicassim.es\/va\/wp-json\/wp\/v2\/product_cat?post=71073"},{"taxonomy":"product_tag","embeddable":true,"href":"https:\/\/turismo.benicassim.es\/va\/wp-json\/wp\/v2\/product_tag?post=71073"}],"curies":[{"name":"wp","href":"https:\/\/api.w.org\/{rel}","templated":true}]}}