{"id":71198,"date":"2023-06-27T11:54:20","date_gmt":"2023-06-27T09:54:20","guid":{"rendered":"https:\/\/turismo.benicassim.es\/producto\/de-banu-qasi-a-benicassim-con-visita-a-la-iglesia-y-bodega-sabado-22-de-julio-2023-1800-horas\/"},"modified":"2023-06-27T12:03:50","modified_gmt":"2023-06-27T10:03:50","slug":"de-banu-qasi-a-benicassim-con-visita-a-la-iglesia-y-bodega-sabado-22-de-julio-2023-1800-horas","status":"publish","type":"product","link":"https:\/\/turismo.benicassim.es\/va\/producte\/de-banu-qasi-a-benicassim-con-visita-a-la-iglesia-y-bodega-sabado-22-de-julio-2023-1800-horas\/","title":{"rendered":"De Banu Qasi a Benic\u00e0ssim (amb visita a l&#8217;esgl\u00e9sia i destil\u00b7leria). Dissabte 22 de juliol 2023 &#8211; 18:00 hores."},"content":{"rendered":"<p><strong>Dissabte 22 de juliol (18:00 hores)<\/strong><br \/>\n<strong>Lloc:<\/strong>\u00a0 Celler i destil\u00b7leria Carmelitano (C\/ Bodolz, 12) <a href=\"https:\/\/goo.gl\/maps\/zbmWfXMxCKpAfwkd9\">https:\/\/goo.gl\/maps\/zbmWfXMxCKpAfwkd9<\/a><br \/>\n<strong>Duraci\u00f3:<\/strong> 2,5 hores.<br \/>\n<strong>Dist\u00e0ncia:<\/strong> 2,5 Km.<br \/>\n<strong>Dificultat:<\/strong> baixa.<br \/>\n<strong>Preu:<\/strong> 5 \u20ac (2,5 \u20ac redu\u00efda).<br \/>\n<strong>Descripci\u00f3:<\/strong> Habitada potser des de l&#8217;Edat del Bronze, l&#8217;\u00e0rea de Benic\u00e0ssim amaga una quantitat de secrets hist\u00f2rics i culturals tan diversa que excedeix els propis l\u00edmits urbans. Comen\u00e7ant pel seu nucli primigeni al castell del Sentinella, d&#8217;\u00e8poca musulmana tardana, recorrerem els carrers i places que, amb moltes dificultats degudes als continus atacs de corsaris, van donar finalment vida a un poble que, contra tot pron\u00f2stic, va acabar sent pioner en el sector del turisme en tota Espanya i conegut com el Biarritz valenci\u00e0. L&#8217;entrada al fam\u00f3s celler i destil\u00b7leria del Carmelitano posar\u00e0 la guinda del past\u00eds a la visita, en la qual tamb\u00e9 es comentaran els principals esdeveniments culturals i festius que tenen lloc al llarg de l&#8217;any en la localitat (festivals musicals, festes patronals, festa de les Paelles, mostres d&#8217;art, etc.).<br \/>\n<strong>Recomanacions:<\/strong> Durant la prestaci\u00f3 del servei no est\u00e0 perm\u00e9s l&#8217;acc\u00e9s amb animals (excepte gossos guia o d&#8217;assist\u00e8ncia).<\/p>\n","protected":false},"excerpt":{"rendered":"<p>Dissabte 22 de juliol (18:00 hores) Lloc:\u00a0 Celler i destil\u00b7leria Carmelitano (C\/ Bodolz, 12) https:\/\/goo.gl\/maps\/zbmWfXMxCKpAfwkd9 Duraci\u00f3: 2,5 hores. Dist\u00e0ncia: 2,5 Km. Dificultat: baixa. Preu: 5 \u20ac (2,5 \u20ac redu\u00efda). Descripci\u00f3: Habitada potser des de l&#8217;Edat del Bronze, l&#8217;\u00e0rea de Benic\u00e0ssim amaga una quantitat de secrets hist\u00f2rics i culturals tan diversa que excedeix els propis l\u00edmits [&hellip;]<\/p>\n","protected":false},"featured_media":71199,"template":"","meta":{"_acf_changed":false},"product_brand":[],"product_cat":[364],"product_tag":[753,754,729,746,553,752],"class_list":{"0":"post-71198","1":"product","2":"type-product","3":"status-publish","4":"has-post-thumbnail","6":"product_cat-de-banu-qasi-a-benicassim-historias-de-la-historia-de-nuestro-pueblo-con-visita-de-la-iglesia-de-santo-tomas-de-villanueva-y-bodega-carmelitano-va","7":"product_tag-bodega-benicasim","8":"product_tag-iglesia-benicasim","9":"product_tag-programa-oficial-de-visitas-guiadas-benicasim-va","10":"product_tag-programa-oficial-visites-guiades-benicassim-va","11":"product_tag-visitas-guiadas-benicasim-va","12":"product_tag-visitas-guiadas-centro-de-benicasim","14":"first","15":"instock","16":"shipping-taxable","17":"purchasable","18":"product-type-variable"},"acf":[],"yoast_head":"<!-- This site is optimized with the Yoast SEO plugin v27.4 - https:\/\/yoast.com\/product\/yoast-seo-wordpress\/ -->\n<title>De Banu Qasi a Benic\u00e0ssim (amb visita a l&#039;esgl\u00e9sia i destil\u00b7leria). Dissabte 22 de juliol 2023 - 18:00 hores. - Benic\u00e0ssim Turismo<\/title>\n<meta name=\"robots\" content=\"index, follow, max-snippet:-1, max-image-preview:large, max-video-preview:-1\" \/>\n<link rel=\"canonical\" href=\"https:\/\/turismo.benicassim.es\/va\/producte\/de-banu-qasi-a-benicassim-con-visita-a-la-iglesia-y-bodega-sabado-22-de-julio-2023-1800-horas\/\" \/>\n<meta property=\"og:locale\" content=\"en_US\" \/>\n<meta property=\"og:type\" content=\"article\" \/>\n<meta property=\"og:title\" content=\"De Banu Qasi a Benic\u00e0ssim (amb visita a l&#039;esgl\u00e9sia i destil\u00b7leria). Dissabte 22 de juliol 2023 - 18:00 hores. - Benic\u00e0ssim Turismo\" \/>\n<meta property=\"og:description\" content=\"Dissabte 22 de juliol (18:00 hores) Lloc:\u00a0 Celler i destil\u00b7leria Carmelitano (C\/ Bodolz, 12) https:\/\/goo.gl\/maps\/zbmWfXMxCKpAfwkd9 Duraci\u00f3: 2,5 hores. Dist\u00e0ncia: 2,5 Km. Dificultat: baixa. Preu: 5 \u20ac (2,5 \u20ac redu\u00efda). Descripci\u00f3: Habitada potser des de l&#8217;Edat del Bronze, l&#8217;\u00e0rea de Benic\u00e0ssim amaga una quantitat de secrets hist\u00f2rics i culturals tan diversa que excedeix els propis l\u00edmits [&hellip;]\" \/>\n<meta property=\"og:url\" content=\"https:\/\/turismo.benicassim.es\/va\/producte\/de-banu-qasi-a-benicassim-con-visita-a-la-iglesia-y-bodega-sabado-22-de-julio-2023-1800-horas\/\" \/>\n<meta property=\"og:site_name\" content=\"Benic\u00e0ssim Turismo\" \/>\n<meta property=\"article:modified_time\" content=\"2023-06-27T10:03:50+00:00\" \/>\n<meta property=\"og:image\" content=\"https:\/\/turismo.benicassim.es\/wp-content\/uploads\/2023\/06\/c_foto10.jpg\" \/>\n\t<meta property=\"og:image:width\" content=\"1772\" \/>\n\t<meta property=\"og:image:height\" content=\"1182\" \/>\n\t<meta property=\"og:image:type\" content=\"image\/jpeg\" \/>\n<meta name=\"twitter:card\" content=\"summary_large_image\" \/>\n<meta name=\"twitter:label1\" content=\"Est. reading time\" \/>\n\t<meta name=\"twitter:data1\" content=\"1 minute\" \/>\n<script type=\"application\/ld+json\" class=\"yoast-schema-graph\">{\"@context\":\"https:\\\/\\\/schema.org\",\"@graph\":[{\"@type\":\"WebPage\",\"@id\":\"https:\\\/\\\/turismo.benicassim.es\\\/va\\\/producte\\\/de-banu-qasi-a-benicassim-con-visita-a-la-iglesia-y-bodega-sabado-22-de-julio-2023-1800-horas\\\/\",\"url\":\"https:\\\/\\\/turismo.benicassim.es\\\/va\\\/producte\\\/de-banu-qasi-a-benicassim-con-visita-a-la-iglesia-y-bodega-sabado-22-de-julio-2023-1800-horas\\\/\",\"name\":\"De Banu Qasi a Benic\u00e0ssim (amb visita a l'esgl\u00e9sia i destil\u00b7leria). Dissabte 22 de juliol 2023 - 18:00 hores. - Benic\u00e0ssim Turismo\",\"isPartOf\":{\"@id\":\"https:\\\/\\\/turismo.benicassim.es\\\/va\\\/#website\"},\"primaryImageOfPage\":{\"@id\":\"https:\\\/\\\/turismo.benicassim.es\\\/va\\\/producte\\\/de-banu-qasi-a-benicassim-con-visita-a-la-iglesia-y-bodega-sabado-22-de-julio-2023-1800-horas\\\/#primaryimage\"},\"image\":{\"@id\":\"https:\\\/\\\/turismo.benicassim.es\\\/va\\\/producte\\\/de-banu-qasi-a-benicassim-con-visita-a-la-iglesia-y-bodega-sabado-22-de-julio-2023-1800-horas\\\/#primaryimage\"},\"thumbnailUrl\":\"https:\\\/\\\/turismo.benicassim.es\\\/wp-content\\\/uploads\\\/2023\\\/06\\\/c_foto10.jpg\",\"datePublished\":\"2023-06-27T09:54:20+00:00\",\"dateModified\":\"2023-06-27T10:03:50+00:00\",\"breadcrumb\":{\"@id\":\"https:\\\/\\\/turismo.benicassim.es\\\/va\\\/producte\\\/de-banu-qasi-a-benicassim-con-visita-a-la-iglesia-y-bodega-sabado-22-de-julio-2023-1800-horas\\\/#breadcrumb\"},\"inLanguage\":\"ca-CA\",\"potentialAction\":[{\"@type\":\"ReadAction\",\"target\":[\"https:\\\/\\\/turismo.benicassim.es\\\/va\\\/producte\\\/de-banu-qasi-a-benicassim-con-visita-a-la-iglesia-y-bodega-sabado-22-de-julio-2023-1800-horas\\\/\"]}]},{\"@type\":\"ImageObject\",\"inLanguage\":\"ca-CA\",\"@id\":\"https:\\\/\\\/turismo.benicassim.es\\\/va\\\/producte\\\/de-banu-qasi-a-benicassim-con-visita-a-la-iglesia-y-bodega-sabado-22-de-julio-2023-1800-horas\\\/#primaryimage\",\"url\":\"https:\\\/\\\/turismo.benicassim.es\\\/wp-content\\\/uploads\\\/2023\\\/06\\\/c_foto10.jpg\",\"contentUrl\":\"https:\\\/\\\/turismo.benicassim.es\\\/wp-content\\\/uploads\\\/2023\\\/06\\\/c_foto10.jpg\",\"width\":1772,\"height\":1182},{\"@type\":\"BreadcrumbList\",\"@id\":\"https:\\\/\\\/turismo.benicassim.es\\\/va\\\/producte\\\/de-banu-qasi-a-benicassim-con-visita-a-la-iglesia-y-bodega-sabado-22-de-julio-2023-1800-horas\\\/#breadcrumb\",\"itemListElement\":[{\"@type\":\"ListItem\",\"position\":1,\"name\":\"Inicio\",\"item\":\"https:\\\/\\\/turismo.benicassim.es\\\/va\\\/\"},{\"@type\":\"ListItem\",\"position\":2,\"name\":\"Tenda\",\"item\":\"https:\\\/\\\/turismo.benicassim.es\\\/va\\\/tenda\\\/\"},{\"@type\":\"ListItem\",\"position\":3,\"name\":\"De Banu Qasi a Benic\u00e0ssim (amb visita a l&#8217;esgl\u00e9sia i destil\u00b7leria). Dissabte 22 de juliol 2023 &#8211; 18:00 hores.\"}]},{\"@type\":\"WebSite\",\"@id\":\"https:\\\/\\\/turismo.benicassim.es\\\/va\\\/#website\",\"url\":\"https:\\\/\\\/turismo.benicassim.es\\\/va\\\/\",\"name\":\"Benic\u00e0ssim Turismo\",\"description\":\"Web de informaci\u00f3n de Turismo en Benicasim\",\"potentialAction\":[{\"@type\":\"SearchAction\",\"target\":{\"@type\":\"EntryPoint\",\"urlTemplate\":\"https:\\\/\\\/turismo.benicassim.es\\\/va\\\/?s={search_term_string}\"},\"query-input\":{\"@type\":\"PropertyValueSpecification\",\"valueRequired\":true,\"valueName\":\"search_term_string\"}}],\"inLanguage\":\"ca-CA\"}]}<\/script>\n<!-- \/ Yoast SEO plugin. -->","yoast_head_json":{"title":"De Banu Qasi a Benic\u00e0ssim (amb visita a l'esgl\u00e9sia i destil\u00b7leria). Dissabte 22 de juliol 2023 - 18:00 hores. - Benic\u00e0ssim Turismo","robots":{"index":"index","follow":"follow","max-snippet":"max-snippet:-1","max-image-preview":"max-image-preview:large","max-video-preview":"max-video-preview:-1"},"canonical":"https:\/\/turismo.benicassim.es\/va\/producte\/de-banu-qasi-a-benicassim-con-visita-a-la-iglesia-y-bodega-sabado-22-de-julio-2023-1800-horas\/","og_locale":"en_US","og_type":"article","og_title":"De Banu Qasi a Benic\u00e0ssim (amb visita a l'esgl\u00e9sia i destil\u00b7leria). Dissabte 22 de juliol 2023 - 18:00 hores. - Benic\u00e0ssim Turismo","og_description":"Dissabte 22 de juliol (18:00 hores) Lloc:\u00a0 Celler i destil\u00b7leria Carmelitano (C\/ Bodolz, 12) https:\/\/goo.gl\/maps\/zbmWfXMxCKpAfwkd9 Duraci\u00f3: 2,5 hores. Dist\u00e0ncia: 2,5 Km. Dificultat: baixa. Preu: 5 \u20ac (2,5 \u20ac redu\u00efda). Descripci\u00f3: Habitada potser des de l&#8217;Edat del Bronze, l&#8217;\u00e0rea de Benic\u00e0ssim amaga una quantitat de secrets hist\u00f2rics i culturals tan diversa que excedeix els propis l\u00edmits [&hellip;]","og_url":"https:\/\/turismo.benicassim.es\/va\/producte\/de-banu-qasi-a-benicassim-con-visita-a-la-iglesia-y-bodega-sabado-22-de-julio-2023-1800-horas\/","og_site_name":"Benic\u00e0ssim Turismo","article_modified_time":"2023-06-27T10:03:50+00:00","og_image":[{"width":1772,"height":1182,"url":"https:\/\/turismo.benicassim.es\/wp-content\/uploads\/2023\/06\/c_foto10.jpg","type":"image\/jpeg"}],"twitter_card":"summary_large_image","twitter_misc":{"Est. reading time":"1 minute"},"schema":{"@context":"https:\/\/schema.org","@graph":[{"@type":"WebPage","@id":"https:\/\/turismo.benicassim.es\/va\/producte\/de-banu-qasi-a-benicassim-con-visita-a-la-iglesia-y-bodega-sabado-22-de-julio-2023-1800-horas\/","url":"https:\/\/turismo.benicassim.es\/va\/producte\/de-banu-qasi-a-benicassim-con-visita-a-la-iglesia-y-bodega-sabado-22-de-julio-2023-1800-horas\/","name":"De Banu Qasi a Benic\u00e0ssim (amb visita a l'esgl\u00e9sia i destil\u00b7leria). Dissabte 22 de juliol 2023 - 18:00 hores. - Benic\u00e0ssim Turismo","isPartOf":{"@id":"https:\/\/turismo.benicassim.es\/va\/#website"},"primaryImageOfPage":{"@id":"https:\/\/turismo.benicassim.es\/va\/producte\/de-banu-qasi-a-benicassim-con-visita-a-la-iglesia-y-bodega-sabado-22-de-julio-2023-1800-horas\/#primaryimage"},"image":{"@id":"https:\/\/turismo.benicassim.es\/va\/producte\/de-banu-qasi-a-benicassim-con-visita-a-la-iglesia-y-bodega-sabado-22-de-julio-2023-1800-horas\/#primaryimage"},"thumbnailUrl":"https:\/\/turismo.benicassim.es\/wp-content\/uploads\/2023\/06\/c_foto10.jpg","datePublished":"2023-06-27T09:54:20+00:00","dateModified":"2023-06-27T10:03:50+00:00","breadcrumb":{"@id":"https:\/\/turismo.benicassim.es\/va\/producte\/de-banu-qasi-a-benicassim-con-visita-a-la-iglesia-y-bodega-sabado-22-de-julio-2023-1800-horas\/#breadcrumb"},"inLanguage":"ca-CA","potentialAction":[{"@type":"ReadAction","target":["https:\/\/turismo.benicassim.es\/va\/producte\/de-banu-qasi-a-benicassim-con-visita-a-la-iglesia-y-bodega-sabado-22-de-julio-2023-1800-horas\/"]}]},{"@type":"ImageObject","inLanguage":"ca-CA","@id":"https:\/\/turismo.benicassim.es\/va\/producte\/de-banu-qasi-a-benicassim-con-visita-a-la-iglesia-y-bodega-sabado-22-de-julio-2023-1800-horas\/#primaryimage","url":"https:\/\/turismo.benicassim.es\/wp-content\/uploads\/2023\/06\/c_foto10.jpg","contentUrl":"https:\/\/turismo.benicassim.es\/wp-content\/uploads\/2023\/06\/c_foto10.jpg","width":1772,"height":1182},{"@type":"BreadcrumbList","@id":"https:\/\/turismo.benicassim.es\/va\/producte\/de-banu-qasi-a-benicassim-con-visita-a-la-iglesia-y-bodega-sabado-22-de-julio-2023-1800-horas\/#breadcrumb","itemListElement":[{"@type":"ListItem","position":1,"name":"Inicio","item":"https:\/\/turismo.benicassim.es\/va\/"},{"@type":"ListItem","position":2,"name":"Tenda","item":"https:\/\/turismo.benicassim.es\/va\/tenda\/"},{"@type":"ListItem","position":3,"name":"De Banu Qasi a Benic\u00e0ssim (amb visita a l&#8217;esgl\u00e9sia i destil\u00b7leria). Dissabte 22 de juliol 2023 &#8211; 18:00 hores."}]},{"@type":"WebSite","@id":"https:\/\/turismo.benicassim.es\/va\/#website","url":"https:\/\/turismo.benicassim.es\/va\/","name":"Benic\u00e0ssim Turismo","description":"Web de informaci\u00f3n de Turismo en Benicasim","potentialAction":[{"@type":"SearchAction","target":{"@type":"EntryPoint","urlTemplate":"https:\/\/turismo.benicassim.es\/va\/?s={search_term_string}"},"query-input":{"@type":"PropertyValueSpecification","valueRequired":true,"valueName":"search_term_string"}}],"inLanguage":"ca-CA"}]}},"_links":{"self":[{"href":"https:\/\/turismo.benicassim.es\/va\/wp-json\/wp\/v2\/product\/71198","targetHints":{"allow":["GET"]}}],"collection":[{"href":"https:\/\/turismo.benicassim.es\/va\/wp-json\/wp\/v2\/product"}],"about":[{"href":"https:\/\/turismo.benicassim.es\/va\/wp-json\/wp\/v2\/types\/product"}],"wp:featuredmedia":[{"embeddable":true,"href":"https:\/\/turismo.benicassim.es\/va\/wp-json\/wp\/v2\/media\/71199"}],"wp:attachment":[{"href":"https:\/\/turismo.benicassim.es\/va\/wp-json\/wp\/v2\/media?parent=71198"}],"wp:term":[{"taxonomy":"product_brand","embeddable":true,"href":"https:\/\/turismo.benicassim.es\/va\/wp-json\/wp\/v2\/product_brand?post=71198"},{"taxonomy":"product_cat","embeddable":true,"href":"https:\/\/turismo.benicassim.es\/va\/wp-json\/wp\/v2\/product_cat?post=71198"},{"taxonomy":"product_tag","embeddable":true,"href":"https:\/\/turismo.benicassim.es\/va\/wp-json\/wp\/v2\/product_tag?post=71198"}],"curies":[{"name":"wp","href":"https:\/\/api.w.org\/{rel}","templated":true}]}}