{"id":72848,"date":"2023-08-16T12:54:07","date_gmt":"2023-08-16T10:54:07","guid":{"rendered":"https:\/\/turismo.benicassim.es\/producto\/benicassim-a-vista-de-pajaro-por-las-crestas-del-desert-de-les-palmes-sabado-30-de-septiembre-2023-900-h\/"},"modified":"2023-08-16T13:08:20","modified_gmt":"2023-08-16T11:08:20","slug":"benicassim-a-vista-de-pajaro-por-las-crestas-del-desert-de-les-palmes-sabado-30-de-septiembre-2023-900-h","status":"publish","type":"product","link":"https:\/\/turismo.benicassim.es\/va\/producte\/benicassim-a-vista-de-pajaro-por-las-crestas-del-desert-de-les-palmes-sabado-30-de-septiembre-2023-900-h\/","title":{"rendered":"Benic\u00e0ssim a vista d&#8217;ocell: per les crestes del Desert de les Palmes. Dissabte 30 de setembre 2023 &#8211; 9:00 h."},"content":{"rendered":"<p><strong>Dissabte 30 de setembre (9:00 hores)<\/strong><\/p>\n<p><strong>Lloc:<\/strong> P\u00e0rquing Monestir Carmelita <a href=\"https:\/\/goo.gl\/maps\/z5jmxoyxcdcwpma1a\">https:\/\/goo.gl\/maps\/z5jmxoyxcdcwpma1a<\/a><\/p>\n<p><strong>Duraci\u00f3:<\/strong> 4,5 hores.<\/p>\n<p><strong>Dist\u00e0ncia:<\/strong> 7 Km.<\/p>\n<p><strong>Dificultat:<\/strong> moderada &#8211; alta.<\/p>\n<p><strong>Preu:<\/strong> 3 \u20ac (1,5 \u20ac redu\u00efda).<\/p>\n<p><strong>Descripci\u00f3:<\/strong> realitzarem una fascinant e ruta senderista absolutament plena de sorpreses naturals i amb les millors vistes, no sols de la costa de Benic\u00e0ssim i bona part de la de tota la prov\u00edncia, sin\u00f3 tamb\u00e9 de l&#8217;escarpat i verd territori de les comarques<br \/>\ninteriors castellonenques i el lluny\u00e0 pic de Penyagolosa, el m\u00edtic Gegant de Pedra. Culminarem la ruta ascendint a la<br \/>\nmuntanya Bartolo, cim del parc natural.<\/p>\n<p><strong>Recomanacions:<\/strong> sabata d&#8217;esport, gorra, esmorzar i beguda. Durant la prestaci\u00f3 del servei no est\u00e0 perm\u00e9s l&#8217;acc\u00e9s amb animals (excepte gossos guia o d&#8217;assist\u00e8ncia).<\/p>\n","protected":false},"excerpt":{"rendered":"<p>Dissabte 30 de setembre (9:00 hores) Lloc: P\u00e0rquing Monestir Carmelita https:\/\/goo.gl\/maps\/z5jmxoyxcdcwpma1a Duraci\u00f3: 4,5 hores. Dist\u00e0ncia: 7 Km. Dificultat: moderada &#8211; alta. Preu: 3 \u20ac (1,5 \u20ac redu\u00efda). Descripci\u00f3: realitzarem una fascinant e ruta senderista absolutament plena de sorpreses naturals i amb les millors vistes, no sols de la costa de Benic\u00e0ssim i bona part de [&hellip;]<\/p>\n","protected":false},"featured_media":72849,"template":"","meta":{"_acf_changed":false},"product_brand":[],"product_cat":[299],"product_tag":[339,865,598],"class_list":{"0":"post-72848","1":"product","2":"type-product","3":"status-publish","4":"has-post-thumbnail","6":"product_cat-benicassim-a-vista-de-pajaro-las-crestas-del-desert-de-les-palmes-va","7":"product_tag-programa-oficial-de-visitas-guiadas-va","8":"product_tag-rutas-de-senderismo-benicasim-va","9":"product_tag-rutas-senderismo-benicassim-va","11":"first","12":"instock","13":"shipping-taxable","14":"purchasable","15":"product-type-variable"},"acf":[],"yoast_head":"<!-- This site is optimized with the Yoast SEO plugin v27.1.1 - https:\/\/yoast.com\/product\/yoast-seo-wordpress\/ -->\n<title>Benic\u00e0ssim a vista d&#039;ocell: per les crestes del Desert de les Palmes. Dissabte 30 de setembre 2023 - 9:00 h. - Benic\u00e0ssim Turismo<\/title>\n<meta name=\"robots\" content=\"index, follow, max-snippet:-1, max-image-preview:large, max-video-preview:-1\" \/>\n<link rel=\"canonical\" href=\"https:\/\/turismo.benicassim.es\/va\/producte\/benicassim-a-vista-de-pajaro-por-las-crestas-del-desert-de-les-palmes-sabado-30-de-septiembre-2023-900-h\/\" \/>\n<meta property=\"og:locale\" content=\"en_US\" \/>\n<meta property=\"og:type\" content=\"article\" \/>\n<meta property=\"og:title\" content=\"Benic\u00e0ssim a vista d&#039;ocell: per les crestes del Desert de les Palmes. Dissabte 30 de setembre 2023 - 9:00 h. - Benic\u00e0ssim Turismo\" \/>\n<meta property=\"og:description\" content=\"Dissabte 30 de setembre (9:00 hores) Lloc: P\u00e0rquing Monestir Carmelita https:\/\/goo.gl\/maps\/z5jmxoyxcdcwpma1a Duraci\u00f3: 4,5 hores. Dist\u00e0ncia: 7 Km. Dificultat: moderada &#8211; alta. Preu: 3 \u20ac (1,5 \u20ac redu\u00efda). Descripci\u00f3: realitzarem una fascinant e ruta senderista absolutament plena de sorpreses naturals i amb les millors vistes, no sols de la costa de Benic\u00e0ssim i bona part de [&hellip;]\" \/>\n<meta property=\"og:url\" content=\"https:\/\/turismo.benicassim.es\/va\/producte\/benicassim-a-vista-de-pajaro-por-las-crestas-del-desert-de-les-palmes-sabado-30-de-septiembre-2023-900-h\/\" \/>\n<meta property=\"og:site_name\" content=\"Benic\u00e0ssim Turismo\" \/>\n<meta property=\"article:modified_time\" content=\"2023-08-16T11:08:20+00:00\" \/>\n<meta property=\"og:image\" content=\"https:\/\/turismo.benicassim.es\/wp-content\/uploads\/2023\/08\/c_foto25.jpg\" \/>\n\t<meta property=\"og:image:width\" content=\"1772\" \/>\n\t<meta property=\"og:image:height\" content=\"1182\" \/>\n\t<meta property=\"og:image:type\" content=\"image\/jpeg\" \/>\n<meta name=\"twitter:card\" content=\"summary_large_image\" \/>\n<meta name=\"twitter:label1\" content=\"Est. reading time\" \/>\n\t<meta name=\"twitter:data1\" content=\"1 minute\" \/>\n<script type=\"application\/ld+json\" class=\"yoast-schema-graph\">{\"@context\":\"https:\/\/schema.org\",\"@graph\":[{\"@type\":\"WebPage\",\"@id\":\"https:\/\/turismo.benicassim.es\/va\/producte\/benicassim-a-vista-de-pajaro-por-las-crestas-del-desert-de-les-palmes-sabado-30-de-septiembre-2023-900-h\/\",\"url\":\"https:\/\/turismo.benicassim.es\/va\/producte\/benicassim-a-vista-de-pajaro-por-las-crestas-del-desert-de-les-palmes-sabado-30-de-septiembre-2023-900-h\/\",\"name\":\"Benic\u00e0ssim a vista d'ocell: per les crestes del Desert de les Palmes. Dissabte 30 de setembre 2023 - 9:00 h. - Benic\u00e0ssim Turismo\",\"isPartOf\":{\"@id\":\"https:\/\/turismo.benicassim.es\/va\/#website\"},\"primaryImageOfPage\":{\"@id\":\"https:\/\/turismo.benicassim.es\/va\/producte\/benicassim-a-vista-de-pajaro-por-las-crestas-del-desert-de-les-palmes-sabado-30-de-septiembre-2023-900-h\/#primaryimage\"},\"image\":{\"@id\":\"https:\/\/turismo.benicassim.es\/va\/producte\/benicassim-a-vista-de-pajaro-por-las-crestas-del-desert-de-les-palmes-sabado-30-de-septiembre-2023-900-h\/#primaryimage\"},\"thumbnailUrl\":\"https:\/\/turismo.benicassim.es\/wp-content\/uploads\/2023\/08\/c_foto25.jpg\",\"datePublished\":\"2023-08-16T10:54:07+00:00\",\"dateModified\":\"2023-08-16T11:08:20+00:00\",\"breadcrumb\":{\"@id\":\"https:\/\/turismo.benicassim.es\/va\/producte\/benicassim-a-vista-de-pajaro-por-las-crestas-del-desert-de-les-palmes-sabado-30-de-septiembre-2023-900-h\/#breadcrumb\"},\"inLanguage\":\"ca-CA\",\"potentialAction\":[{\"@type\":\"ReadAction\",\"target\":[\"https:\/\/turismo.benicassim.es\/va\/producte\/benicassim-a-vista-de-pajaro-por-las-crestas-del-desert-de-les-palmes-sabado-30-de-septiembre-2023-900-h\/\"]}]},{\"@type\":\"ImageObject\",\"inLanguage\":\"ca-CA\",\"@id\":\"https:\/\/turismo.benicassim.es\/va\/producte\/benicassim-a-vista-de-pajaro-por-las-crestas-del-desert-de-les-palmes-sabado-30-de-septiembre-2023-900-h\/#primaryimage\",\"url\":\"https:\/\/turismo.benicassim.es\/wp-content\/uploads\/2023\/08\/c_foto25.jpg\",\"contentUrl\":\"https:\/\/turismo.benicassim.es\/wp-content\/uploads\/2023\/08\/c_foto25.jpg\",\"width\":1772,\"height\":1182},{\"@type\":\"BreadcrumbList\",\"@id\":\"https:\/\/turismo.benicassim.es\/va\/producte\/benicassim-a-vista-de-pajaro-por-las-crestas-del-desert-de-les-palmes-sabado-30-de-septiembre-2023-900-h\/#breadcrumb\",\"itemListElement\":[{\"@type\":\"ListItem\",\"position\":1,\"name\":\"Inicio\",\"item\":\"https:\/\/turismo.benicassim.es\/va\/\"},{\"@type\":\"ListItem\",\"position\":2,\"name\":\"Tenda\",\"item\":\"https:\/\/turismo.benicassim.es\/va\/tenda\/\"},{\"@type\":\"ListItem\",\"position\":3,\"name\":\"Benic\u00e0ssim a vista d&#8217;ocell: per les crestes del Desert de les Palmes. Dissabte 30 de setembre 2023 &#8211; 9:00 h.\"}]},{\"@type\":\"WebSite\",\"@id\":\"https:\/\/turismo.benicassim.es\/va\/#website\",\"url\":\"https:\/\/turismo.benicassim.es\/va\/\",\"name\":\"Benic\u00e0ssim Turismo\",\"description\":\"Web de informaci\u00f3n de Turismo en Benicasim\",\"potentialAction\":[{\"@type\":\"SearchAction\",\"target\":{\"@type\":\"EntryPoint\",\"urlTemplate\":\"https:\/\/turismo.benicassim.es\/va\/?s={search_term_string}\"},\"query-input\":{\"@type\":\"PropertyValueSpecification\",\"valueRequired\":true,\"valueName\":\"search_term_string\"}}],\"inLanguage\":\"ca-CA\"}]}<\/script>\n<!-- \/ Yoast SEO plugin. -->","yoast_head_json":{"title":"Benic\u00e0ssim a vista d'ocell: per les crestes del Desert de les Palmes. Dissabte 30 de setembre 2023 - 9:00 h. - Benic\u00e0ssim Turismo","robots":{"index":"index","follow":"follow","max-snippet":"max-snippet:-1","max-image-preview":"max-image-preview:large","max-video-preview":"max-video-preview:-1"},"canonical":"https:\/\/turismo.benicassim.es\/va\/producte\/benicassim-a-vista-de-pajaro-por-las-crestas-del-desert-de-les-palmes-sabado-30-de-septiembre-2023-900-h\/","og_locale":"en_US","og_type":"article","og_title":"Benic\u00e0ssim a vista d'ocell: per les crestes del Desert de les Palmes. Dissabte 30 de setembre 2023 - 9:00 h. - Benic\u00e0ssim Turismo","og_description":"Dissabte 30 de setembre (9:00 hores) Lloc: P\u00e0rquing Monestir Carmelita https:\/\/goo.gl\/maps\/z5jmxoyxcdcwpma1a Duraci\u00f3: 4,5 hores. Dist\u00e0ncia: 7 Km. Dificultat: moderada &#8211; alta. Preu: 3 \u20ac (1,5 \u20ac redu\u00efda). Descripci\u00f3: realitzarem una fascinant e ruta senderista absolutament plena de sorpreses naturals i amb les millors vistes, no sols de la costa de Benic\u00e0ssim i bona part de [&hellip;]","og_url":"https:\/\/turismo.benicassim.es\/va\/producte\/benicassim-a-vista-de-pajaro-por-las-crestas-del-desert-de-les-palmes-sabado-30-de-septiembre-2023-900-h\/","og_site_name":"Benic\u00e0ssim Turismo","article_modified_time":"2023-08-16T11:08:20+00:00","og_image":[{"width":1772,"height":1182,"url":"https:\/\/turismo.benicassim.es\/wp-content\/uploads\/2023\/08\/c_foto25.jpg","type":"image\/jpeg"}],"twitter_card":"summary_large_image","twitter_misc":{"Est. reading time":"1 minute"},"schema":{"@context":"https:\/\/schema.org","@graph":[{"@type":"WebPage","@id":"https:\/\/turismo.benicassim.es\/va\/producte\/benicassim-a-vista-de-pajaro-por-las-crestas-del-desert-de-les-palmes-sabado-30-de-septiembre-2023-900-h\/","url":"https:\/\/turismo.benicassim.es\/va\/producte\/benicassim-a-vista-de-pajaro-por-las-crestas-del-desert-de-les-palmes-sabado-30-de-septiembre-2023-900-h\/","name":"Benic\u00e0ssim a vista d'ocell: per les crestes del Desert de les Palmes. Dissabte 30 de setembre 2023 - 9:00 h. - Benic\u00e0ssim Turismo","isPartOf":{"@id":"https:\/\/turismo.benicassim.es\/va\/#website"},"primaryImageOfPage":{"@id":"https:\/\/turismo.benicassim.es\/va\/producte\/benicassim-a-vista-de-pajaro-por-las-crestas-del-desert-de-les-palmes-sabado-30-de-septiembre-2023-900-h\/#primaryimage"},"image":{"@id":"https:\/\/turismo.benicassim.es\/va\/producte\/benicassim-a-vista-de-pajaro-por-las-crestas-del-desert-de-les-palmes-sabado-30-de-septiembre-2023-900-h\/#primaryimage"},"thumbnailUrl":"https:\/\/turismo.benicassim.es\/wp-content\/uploads\/2023\/08\/c_foto25.jpg","datePublished":"2023-08-16T10:54:07+00:00","dateModified":"2023-08-16T11:08:20+00:00","breadcrumb":{"@id":"https:\/\/turismo.benicassim.es\/va\/producte\/benicassim-a-vista-de-pajaro-por-las-crestas-del-desert-de-les-palmes-sabado-30-de-septiembre-2023-900-h\/#breadcrumb"},"inLanguage":"ca-CA","potentialAction":[{"@type":"ReadAction","target":["https:\/\/turismo.benicassim.es\/va\/producte\/benicassim-a-vista-de-pajaro-por-las-crestas-del-desert-de-les-palmes-sabado-30-de-septiembre-2023-900-h\/"]}]},{"@type":"ImageObject","inLanguage":"ca-CA","@id":"https:\/\/turismo.benicassim.es\/va\/producte\/benicassim-a-vista-de-pajaro-por-las-crestas-del-desert-de-les-palmes-sabado-30-de-septiembre-2023-900-h\/#primaryimage","url":"https:\/\/turismo.benicassim.es\/wp-content\/uploads\/2023\/08\/c_foto25.jpg","contentUrl":"https:\/\/turismo.benicassim.es\/wp-content\/uploads\/2023\/08\/c_foto25.jpg","width":1772,"height":1182},{"@type":"BreadcrumbList","@id":"https:\/\/turismo.benicassim.es\/va\/producte\/benicassim-a-vista-de-pajaro-por-las-crestas-del-desert-de-les-palmes-sabado-30-de-septiembre-2023-900-h\/#breadcrumb","itemListElement":[{"@type":"ListItem","position":1,"name":"Inicio","item":"https:\/\/turismo.benicassim.es\/va\/"},{"@type":"ListItem","position":2,"name":"Tenda","item":"https:\/\/turismo.benicassim.es\/va\/tenda\/"},{"@type":"ListItem","position":3,"name":"Benic\u00e0ssim a vista d&#8217;ocell: per les crestes del Desert de les Palmes. Dissabte 30 de setembre 2023 &#8211; 9:00 h."}]},{"@type":"WebSite","@id":"https:\/\/turismo.benicassim.es\/va\/#website","url":"https:\/\/turismo.benicassim.es\/va\/","name":"Benic\u00e0ssim Turismo","description":"Web de informaci\u00f3n de Turismo en Benicasim","potentialAction":[{"@type":"SearchAction","target":{"@type":"EntryPoint","urlTemplate":"https:\/\/turismo.benicassim.es\/va\/?s={search_term_string}"},"query-input":{"@type":"PropertyValueSpecification","valueRequired":true,"valueName":"search_term_string"}}],"inLanguage":"ca-CA"}]}},"_links":{"self":[{"href":"https:\/\/turismo.benicassim.es\/va\/wp-json\/wp\/v2\/product\/72848","targetHints":{"allow":["GET"]}}],"collection":[{"href":"https:\/\/turismo.benicassim.es\/va\/wp-json\/wp\/v2\/product"}],"about":[{"href":"https:\/\/turismo.benicassim.es\/va\/wp-json\/wp\/v2\/types\/product"}],"wp:featuredmedia":[{"embeddable":true,"href":"https:\/\/turismo.benicassim.es\/va\/wp-json\/wp\/v2\/media\/72849"}],"wp:attachment":[{"href":"https:\/\/turismo.benicassim.es\/va\/wp-json\/wp\/v2\/media?parent=72848"}],"wp:term":[{"taxonomy":"product_brand","embeddable":true,"href":"https:\/\/turismo.benicassim.es\/va\/wp-json\/wp\/v2\/product_brand?post=72848"},{"taxonomy":"product_cat","embeddable":true,"href":"https:\/\/turismo.benicassim.es\/va\/wp-json\/wp\/v2\/product_cat?post=72848"},{"taxonomy":"product_tag","embeddable":true,"href":"https:\/\/turismo.benicassim.es\/va\/wp-json\/wp\/v2\/product_tag?post=72848"}],"curies":[{"name":"wp","href":"https:\/\/api.w.org\/{rel}","templated":true}]}}