{"id":74823,"date":"2024-02-23T12:30:52","date_gmt":"2024-02-23T11:34:10","guid":{"rendered":"https:\/\/turismo.benicassim.es\/?post_type=product&#038;p=74823"},"modified":"2024-02-23T12:34:11","modified_gmt":"2024-02-23T11:34:11","slug":"el-tresor-de-la-torre-de-sant-vicent-divendres-29-de-marc-2023-1230-h","status":"publish","type":"product","link":"https:\/\/turismo.benicassim.es\/va\/producte\/el-tresor-de-la-torre-de-sant-vicent-divendres-29-de-marc-2023-1230-h\/","title":{"rendered":"El Tresor de la Torre de Sant Vicent. Divendres 29 de mar\u00e7 2023 &#8211; 12:30 h."},"content":{"rendered":"<p><strong>Divendres 29 de mar\u00e7 a les 12.30 h.<\/strong><\/p>\n<p><strong>Lloc:<\/strong> Torre de Sant Vicent<a href=\"https:\/\/goo.gl\/maps\/vzxsk1ysj4o9ms617\"> https:\/\/goo.gl\/maps\/vzxsk1ysj4o9ms617<\/a><\/p>\n<p><strong>Duraci\u00f3:<\/strong> 1 hora.<\/p>\n<p><strong>Dist\u00e0ncia:<\/strong> voltants de la Torre.<\/p>\n<p><strong>Dificultat:<\/strong> baixa. (Recomanada per a xiquets entre 5 i 10 anys).<\/p>\n<p><strong>Preu redu\u00eft:<\/strong> 2,5 \u20ac. A l&#8217;activitat nom\u00e9s han d&#8217;inscriure&#8217;s els xiquets.<\/p>\n<p><strong>Descripci\u00f3:<\/strong> Est\u00e0s preparat per a gaudir d&#8217;una aut\u00e8ntica aventura pirata? Si \u00e9s aix\u00ed, no et perdes aquesta fant\u00e0stica activitat dissenyada per als m\u00e9s xicotets de la casa. un joc en el qual, a m\u00e9s de con\u00e9ixer la hist\u00f2ria i caracter\u00edstiques de la Torre de Sant Vicent, ens divertirem desxifrant els plans per a trobar un valu\u00f3s tresor. Per\u00f2, tranquils! Perqu\u00e8, per a aix\u00f2, comptarem amb l&#8217;ajuda d&#8217;una parella de pirates que, despr\u00e9s de diversos segles, creuen haver descobert la clau per a recuperar el bot\u00ed. No t&#8217;ho perdes!<\/p>\n<p><strong>Recomanacions:<\/strong> Xiquets a partir de 5 anys. Els pares no participen en l&#8217;activitat.<\/p>\n","protected":false},"excerpt":{"rendered":"<p>Divendres 29 de mar\u00e7 a les 12.30 h. Lloc: Torre de Sant Vicent https:\/\/goo.gl\/maps\/vzxsk1ysj4o9ms617 Duraci\u00f3: 1 hora. Dist\u00e0ncia: voltants de la Torre. Dificultat: baixa. (Recomanada per a xiquets entre 5 i 10 anys). Preu redu\u00eft: 2,5 \u20ac. A l&#8217;activitat nom\u00e9s han d&#8217;inscriure&#8217;s els xiquets. Descripci\u00f3: Est\u00e0s preparat per a gaudir d&#8217;una aut\u00e8ntica aventura pirata? Si [&hellip;]<\/p>\n","protected":false},"featured_media":74792,"template":"","meta":{"_acf_changed":false},"product_brand":[],"product_cat":[387],"product_tag":[647,649,496,497,311,1083,1084,1085,1069,1072,1073,1086,982],"class_list":{"0":"post-74823","1":"product","2":"type-product","3":"status-publish","4":"has-post-thumbnail","6":"product_cat-el-tesoro-de-la-torre-de-sant-vicent-va","7":"product_tag-actividades-con-ninos-en-benicasim-va","8":"product_tag-activitats-amb-xiquets-a-benicassim-va","9":"product_tag-benicasim-va","10":"product_tag-benicassim-va","11":"product_tag-benicassim-kids-va","12":"product_tag-easter-in-benicassim-va","13":"product_tag-pascua-en-benicasim-va","14":"product_tag-pascua-en-benicassim-va","15":"product_tag-pasqua-a-benicassim-va","16":"product_tag-semana-santa-en-benicasim-va","17":"product_tag-semana-santa-en-benicassim-va","18":"product_tag-setmana-santa-a-benicassim-va","19":"product_tag-torre-de-sant-vicent-va","21":"first","22":"outofstock","23":"shipping-taxable","24":"purchasable","25":"product-type-variable"},"acf":[],"yoast_head":"<!-- This site is optimized with the Yoast SEO plugin v27.4 - https:\/\/yoast.com\/product\/yoast-seo-wordpress\/ -->\n<title>El Tresor de la Torre de Sant Vicent. Divendres 29 de mar\u00e7 2023 - 12:30 h. - Benic\u00e0ssim Turismo<\/title>\n<meta name=\"robots\" content=\"index, follow, max-snippet:-1, max-image-preview:large, max-video-preview:-1\" \/>\n<link rel=\"canonical\" href=\"https:\/\/turismo.benicassim.es\/va\/producte\/el-tresor-de-la-torre-de-sant-vicent-divendres-29-de-marc-2023-1230-h\/\" \/>\n<meta property=\"og:locale\" content=\"en_US\" \/>\n<meta property=\"og:type\" content=\"article\" \/>\n<meta property=\"og:title\" content=\"El Tresor de la Torre de Sant Vicent. Divendres 29 de mar\u00e7 2023 - 12:30 h. - Benic\u00e0ssim Turismo\" \/>\n<meta property=\"og:description\" content=\"Divendres 29 de mar\u00e7 a les 12.30 h. Lloc: Torre de Sant Vicent https:\/\/goo.gl\/maps\/vzxsk1ysj4o9ms617 Duraci\u00f3: 1 hora. Dist\u00e0ncia: voltants de la Torre. Dificultat: baixa. (Recomanada per a xiquets entre 5 i 10 anys). Preu redu\u00eft: 2,5 \u20ac. A l&#8217;activitat nom\u00e9s han d&#8217;inscriure&#8217;s els xiquets. Descripci\u00f3: Est\u00e0s preparat per a gaudir d&#8217;una aut\u00e8ntica aventura pirata? Si [&hellip;]\" \/>\n<meta property=\"og:url\" content=\"https:\/\/turismo.benicassim.es\/va\/producte\/el-tresor-de-la-torre-de-sant-vicent-divendres-29-de-marc-2023-1230-h\/\" \/>\n<meta property=\"og:site_name\" content=\"Benic\u00e0ssim Turismo\" \/>\n<meta property=\"article:modified_time\" content=\"2024-02-23T11:34:11+00:00\" \/>\n<meta property=\"og:image\" content=\"https:\/\/turismo.benicassim.es\/wp-content\/uploads\/2024\/02\/29web.jpg\" \/>\n\t<meta property=\"og:image:width\" content=\"2339\" \/>\n\t<meta property=\"og:image:height\" content=\"2290\" \/>\n\t<meta property=\"og:image:type\" content=\"image\/jpeg\" \/>\n<meta name=\"twitter:card\" content=\"summary_large_image\" \/>\n<meta name=\"twitter:label1\" content=\"Est. reading time\" \/>\n\t<meta name=\"twitter:data1\" content=\"1 minute\" \/>\n<script type=\"application\/ld+json\" class=\"yoast-schema-graph\">{\"@context\":\"https:\\\/\\\/schema.org\",\"@graph\":[{\"@type\":\"WebPage\",\"@id\":\"https:\\\/\\\/turismo.benicassim.es\\\/va\\\/producte\\\/el-tresor-de-la-torre-de-sant-vicent-divendres-29-de-marc-2023-1230-h\\\/\",\"url\":\"https:\\\/\\\/turismo.benicassim.es\\\/va\\\/producte\\\/el-tresor-de-la-torre-de-sant-vicent-divendres-29-de-marc-2023-1230-h\\\/\",\"name\":\"El Tresor de la Torre de Sant Vicent. Divendres 29 de mar\u00e7 2023 - 12:30 h. - Benic\u00e0ssim Turismo\",\"isPartOf\":{\"@id\":\"https:\\\/\\\/turismo.benicassim.es\\\/va\\\/#website\"},\"primaryImageOfPage\":{\"@id\":\"https:\\\/\\\/turismo.benicassim.es\\\/va\\\/producte\\\/el-tresor-de-la-torre-de-sant-vicent-divendres-29-de-marc-2023-1230-h\\\/#primaryimage\"},\"image\":{\"@id\":\"https:\\\/\\\/turismo.benicassim.es\\\/va\\\/producte\\\/el-tresor-de-la-torre-de-sant-vicent-divendres-29-de-marc-2023-1230-h\\\/#primaryimage\"},\"thumbnailUrl\":\"https:\\\/\\\/turismo.benicassim.es\\\/wp-content\\\/uploads\\\/2024\\\/02\\\/29web.jpg\",\"datePublished\":\"2024-02-23T11:34:10+00:00\",\"dateModified\":\"2024-02-23T11:34:11+00:00\",\"breadcrumb\":{\"@id\":\"https:\\\/\\\/turismo.benicassim.es\\\/va\\\/producte\\\/el-tresor-de-la-torre-de-sant-vicent-divendres-29-de-marc-2023-1230-h\\\/#breadcrumb\"},\"inLanguage\":\"ca-CA\",\"potentialAction\":[{\"@type\":\"ReadAction\",\"target\":[\"https:\\\/\\\/turismo.benicassim.es\\\/va\\\/producte\\\/el-tresor-de-la-torre-de-sant-vicent-divendres-29-de-marc-2023-1230-h\\\/\"]}]},{\"@type\":\"ImageObject\",\"inLanguage\":\"ca-CA\",\"@id\":\"https:\\\/\\\/turismo.benicassim.es\\\/va\\\/producte\\\/el-tresor-de-la-torre-de-sant-vicent-divendres-29-de-marc-2023-1230-h\\\/#primaryimage\",\"url\":\"https:\\\/\\\/turismo.benicassim.es\\\/wp-content\\\/uploads\\\/2024\\\/02\\\/29web.jpg\",\"contentUrl\":\"https:\\\/\\\/turismo.benicassim.es\\\/wp-content\\\/uploads\\\/2024\\\/02\\\/29web.jpg\",\"width\":2339,\"height\":2290},{\"@type\":\"BreadcrumbList\",\"@id\":\"https:\\\/\\\/turismo.benicassim.es\\\/va\\\/producte\\\/el-tresor-de-la-torre-de-sant-vicent-divendres-29-de-marc-2023-1230-h\\\/#breadcrumb\",\"itemListElement\":[{\"@type\":\"ListItem\",\"position\":1,\"name\":\"Inicio\",\"item\":\"https:\\\/\\\/turismo.benicassim.es\\\/va\\\/\"},{\"@type\":\"ListItem\",\"position\":2,\"name\":\"Tenda\",\"item\":\"https:\\\/\\\/turismo.benicassim.es\\\/va\\\/tenda\\\/\"},{\"@type\":\"ListItem\",\"position\":3,\"name\":\"El Tresor de la Torre de Sant Vicent. Divendres 29 de mar\u00e7 2023 &#8211; 12:30 h.\"}]},{\"@type\":\"WebSite\",\"@id\":\"https:\\\/\\\/turismo.benicassim.es\\\/va\\\/#website\",\"url\":\"https:\\\/\\\/turismo.benicassim.es\\\/va\\\/\",\"name\":\"Benic\u00e0ssim Turismo\",\"description\":\"Web de informaci\u00f3n de Turismo en Benicasim\",\"potentialAction\":[{\"@type\":\"SearchAction\",\"target\":{\"@type\":\"EntryPoint\",\"urlTemplate\":\"https:\\\/\\\/turismo.benicassim.es\\\/va\\\/?s={search_term_string}\"},\"query-input\":{\"@type\":\"PropertyValueSpecification\",\"valueRequired\":true,\"valueName\":\"search_term_string\"}}],\"inLanguage\":\"ca-CA\"}]}<\/script>\n<!-- \/ Yoast SEO plugin. -->","yoast_head_json":{"title":"El Tresor de la Torre de Sant Vicent. Divendres 29 de mar\u00e7 2023 - 12:30 h. - Benic\u00e0ssim Turismo","robots":{"index":"index","follow":"follow","max-snippet":"max-snippet:-1","max-image-preview":"max-image-preview:large","max-video-preview":"max-video-preview:-1"},"canonical":"https:\/\/turismo.benicassim.es\/va\/producte\/el-tresor-de-la-torre-de-sant-vicent-divendres-29-de-marc-2023-1230-h\/","og_locale":"en_US","og_type":"article","og_title":"El Tresor de la Torre de Sant Vicent. Divendres 29 de mar\u00e7 2023 - 12:30 h. - Benic\u00e0ssim Turismo","og_description":"Divendres 29 de mar\u00e7 a les 12.30 h. Lloc: Torre de Sant Vicent https:\/\/goo.gl\/maps\/vzxsk1ysj4o9ms617 Duraci\u00f3: 1 hora. Dist\u00e0ncia: voltants de la Torre. Dificultat: baixa. (Recomanada per a xiquets entre 5 i 10 anys). Preu redu\u00eft: 2,5 \u20ac. A l&#8217;activitat nom\u00e9s han d&#8217;inscriure&#8217;s els xiquets. Descripci\u00f3: Est\u00e0s preparat per a gaudir d&#8217;una aut\u00e8ntica aventura pirata? Si [&hellip;]","og_url":"https:\/\/turismo.benicassim.es\/va\/producte\/el-tresor-de-la-torre-de-sant-vicent-divendres-29-de-marc-2023-1230-h\/","og_site_name":"Benic\u00e0ssim Turismo","article_modified_time":"2024-02-23T11:34:11+00:00","og_image":[{"width":2339,"height":2290,"url":"https:\/\/turismo.benicassim.es\/wp-content\/uploads\/2024\/02\/29web.jpg","type":"image\/jpeg"}],"twitter_card":"summary_large_image","twitter_misc":{"Est. reading time":"1 minute"},"schema":{"@context":"https:\/\/schema.org","@graph":[{"@type":"WebPage","@id":"https:\/\/turismo.benicassim.es\/va\/producte\/el-tresor-de-la-torre-de-sant-vicent-divendres-29-de-marc-2023-1230-h\/","url":"https:\/\/turismo.benicassim.es\/va\/producte\/el-tresor-de-la-torre-de-sant-vicent-divendres-29-de-marc-2023-1230-h\/","name":"El Tresor de la Torre de Sant Vicent. Divendres 29 de mar\u00e7 2023 - 12:30 h. - Benic\u00e0ssim Turismo","isPartOf":{"@id":"https:\/\/turismo.benicassim.es\/va\/#website"},"primaryImageOfPage":{"@id":"https:\/\/turismo.benicassim.es\/va\/producte\/el-tresor-de-la-torre-de-sant-vicent-divendres-29-de-marc-2023-1230-h\/#primaryimage"},"image":{"@id":"https:\/\/turismo.benicassim.es\/va\/producte\/el-tresor-de-la-torre-de-sant-vicent-divendres-29-de-marc-2023-1230-h\/#primaryimage"},"thumbnailUrl":"https:\/\/turismo.benicassim.es\/wp-content\/uploads\/2024\/02\/29web.jpg","datePublished":"2024-02-23T11:34:10+00:00","dateModified":"2024-02-23T11:34:11+00:00","breadcrumb":{"@id":"https:\/\/turismo.benicassim.es\/va\/producte\/el-tresor-de-la-torre-de-sant-vicent-divendres-29-de-marc-2023-1230-h\/#breadcrumb"},"inLanguage":"ca-CA","potentialAction":[{"@type":"ReadAction","target":["https:\/\/turismo.benicassim.es\/va\/producte\/el-tresor-de-la-torre-de-sant-vicent-divendres-29-de-marc-2023-1230-h\/"]}]},{"@type":"ImageObject","inLanguage":"ca-CA","@id":"https:\/\/turismo.benicassim.es\/va\/producte\/el-tresor-de-la-torre-de-sant-vicent-divendres-29-de-marc-2023-1230-h\/#primaryimage","url":"https:\/\/turismo.benicassim.es\/wp-content\/uploads\/2024\/02\/29web.jpg","contentUrl":"https:\/\/turismo.benicassim.es\/wp-content\/uploads\/2024\/02\/29web.jpg","width":2339,"height":2290},{"@type":"BreadcrumbList","@id":"https:\/\/turismo.benicassim.es\/va\/producte\/el-tresor-de-la-torre-de-sant-vicent-divendres-29-de-marc-2023-1230-h\/#breadcrumb","itemListElement":[{"@type":"ListItem","position":1,"name":"Inicio","item":"https:\/\/turismo.benicassim.es\/va\/"},{"@type":"ListItem","position":2,"name":"Tenda","item":"https:\/\/turismo.benicassim.es\/va\/tenda\/"},{"@type":"ListItem","position":3,"name":"El Tresor de la Torre de Sant Vicent. Divendres 29 de mar\u00e7 2023 &#8211; 12:30 h."}]},{"@type":"WebSite","@id":"https:\/\/turismo.benicassim.es\/va\/#website","url":"https:\/\/turismo.benicassim.es\/va\/","name":"Benic\u00e0ssim Turismo","description":"Web de informaci\u00f3n de Turismo en Benicasim","potentialAction":[{"@type":"SearchAction","target":{"@type":"EntryPoint","urlTemplate":"https:\/\/turismo.benicassim.es\/va\/?s={search_term_string}"},"query-input":{"@type":"PropertyValueSpecification","valueRequired":true,"valueName":"search_term_string"}}],"inLanguage":"ca-CA"}]}},"_links":{"self":[{"href":"https:\/\/turismo.benicassim.es\/va\/wp-json\/wp\/v2\/product\/74823","targetHints":{"allow":["GET"]}}],"collection":[{"href":"https:\/\/turismo.benicassim.es\/va\/wp-json\/wp\/v2\/product"}],"about":[{"href":"https:\/\/turismo.benicassim.es\/va\/wp-json\/wp\/v2\/types\/product"}],"wp:featuredmedia":[{"embeddable":true,"href":"https:\/\/turismo.benicassim.es\/va\/wp-json\/wp\/v2\/media\/74792"}],"wp:attachment":[{"href":"https:\/\/turismo.benicassim.es\/va\/wp-json\/wp\/v2\/media?parent=74823"}],"wp:term":[{"taxonomy":"product_brand","embeddable":true,"href":"https:\/\/turismo.benicassim.es\/va\/wp-json\/wp\/v2\/product_brand?post=74823"},{"taxonomy":"product_cat","embeddable":true,"href":"https:\/\/turismo.benicassim.es\/va\/wp-json\/wp\/v2\/product_cat?post=74823"},{"taxonomy":"product_tag","embeddable":true,"href":"https:\/\/turismo.benicassim.es\/va\/wp-json\/wp\/v2\/product_tag?post=74823"}],"curies":[{"name":"wp","href":"https:\/\/api.w.org\/{rel}","templated":true}]}}