{"id":74895,"date":"2024-02-28T11:09:28","date_gmt":"2024-02-28T10:09:28","guid":{"rendered":"https:\/\/turismo.benicassim.es\/?post_type=product&#038;p=74895"},"modified":"2024-02-28T13:08:33","modified_gmt":"2024-02-28T12:08:33","slug":"benicassim-y-sus-plantas-medicinales-domingo-10-de-marzo-de-2024-1000-h","status":"publish","type":"product","link":"https:\/\/turismo.benicassim.es\/va\/producte\/benicassim-y-sus-plantas-medicinales-domingo-10-de-marzo-de-2024-1000-h\/","title":{"rendered":"Benic\u00e0ssim i els seus boscos comestibles: Plantes medicinals. Diumenge 10 de mar\u00e7 de 2024 &#8211; 10:00 h"},"content":{"rendered":"<p><b>Data: <\/b>Diumenge 10 de mar\u00e7 (10.00 hores)<\/p>\n<p><b>Lloc:<\/b> P\u00e0rquing Monestir Carmelita <a href=\"https:\/\/goo.gl\/maps\/pkyhn3xpnog61qwh6\">https:\/\/goo.gl\/maps\/pkyhn3xpnog61qwh6<\/a><\/p>\n<p><b>Duraci\u00f3:<\/b> 3 hores.<\/p>\n<p><b>Dist\u00e0ncia:<\/b> 4 Km.<\/p>\n<p><b>Dificultat:<\/b> baixa-moderada. Recomanat per a fam\u00edlies senderistes.<\/p>\n<p><b>Preu: <\/b>3 \u20ac (1,5 \u20ac redu\u00efda).<\/p>\n<p><b>Descripci\u00f3:<\/b> La muntanya mediterr\u00e0nia \u00e9s un punt calent de biodiversitat a nivell mundial. Aix\u00f2 es tradueix en multitud d&#8217;usos de les plantes: medicinals, construcci\u00f3, manufactures, menjar&#8230; Podent arribar a dir que tenim uns boscos comestibles que ens ofereixen multitud de serveis, alguns fins i tot desconeguts. Recupereu amb nosaltres una saviesa ancestral quasi oblidada!<\/p>\n<p><b>Recomanacions:<\/b> sabata d&#8217;esport, gorra, esmorzar i beguda. Durant la prestaci\u00f3 del servei no est\u00e0 perm\u00e9s l&#8217;acc\u00e9s amb animals (excepte gossos guia o d&#8217;assist\u00e8ncia).<\/p>\n","protected":false},"excerpt":{"rendered":"<p>Data: Diumenge 10 de mar\u00e7 (10.00 hores) Lloc: P\u00e0rquing Monestir Carmelita https:\/\/goo.gl\/maps\/pkyhn3xpnog61qwh6 Duraci\u00f3: 3 hores. Dist\u00e0ncia: 4 Km. Dificultat: baixa-moderada. Recomanat per a fam\u00edlies senderistes. Preu: 3 \u20ac (1,5 \u20ac redu\u00efda). Descripci\u00f3: La muntanya mediterr\u00e0nia \u00e9s un punt calent de biodiversitat a nivell mundial. Aix\u00f2 es tradueix en multitud d&#8217;usos de les plantes: medicinals, construcci\u00f3, [&hellip;]<\/p>\n","protected":false},"featured_media":74896,"template":"","meta":{"_acf_changed":false},"product_brand":[],"product_cat":[1095],"product_tag":[607,339,760,739,551,681,623,556,555],"class_list":{"0":"post-74895","1":"product","2":"type-product","3":"status-publish","4":"has-post-thumbnail","6":"product_cat-benicassim-y-sus-plantas-medicinales-va","7":"product_tag-benicassim-guided-tours-va","8":"product_tag-programa-oficial-de-visitas-guiadas-va","9":"product_tag-programa-oficial-de-visitas-guiadas-benicassim-va","10":"product_tag-programa-oficial-de-visites-guiades-benicassim-va","11":"product_tag-programa-oficial-visitas-guiadas-benicasim-va","12":"product_tag-rutas-guiadas-benicasim-va","13":"product_tag-rutas-guiadas-benicassim-va","14":"product_tag-rutes-guiades-benicassim","15":"product_tag-visites-guiades-benicassim","17":"first","18":"instock","19":"shipping-taxable","20":"purchasable","21":"product-type-variable"},"acf":[],"yoast_head":"<!-- This site is optimized with the Yoast SEO plugin v27.1.1 - https:\/\/yoast.com\/product\/yoast-seo-wordpress\/ -->\n<title>Benic\u00e0ssim i els seus boscos comestibles: Plantes medicinals. Diumenge 10 de mar\u00e7 de 2024 - 10:00 h - Benic\u00e0ssim Turismo<\/title>\n<meta name=\"robots\" content=\"index, follow, max-snippet:-1, max-image-preview:large, max-video-preview:-1\" \/>\n<link rel=\"canonical\" href=\"https:\/\/turismo.benicassim.es\/va\/producte\/benicassim-y-sus-plantas-medicinales-domingo-10-de-marzo-de-2024-1000-h\/\" \/>\n<meta property=\"og:locale\" content=\"en_US\" \/>\n<meta property=\"og:type\" content=\"article\" \/>\n<meta property=\"og:title\" content=\"Benic\u00e0ssim i els seus boscos comestibles: Plantes medicinals. Diumenge 10 de mar\u00e7 de 2024 - 10:00 h - Benic\u00e0ssim Turismo\" \/>\n<meta property=\"og:description\" content=\"Data: Diumenge 10 de mar\u00e7 (10.00 hores) Lloc: P\u00e0rquing Monestir Carmelita https:\/\/goo.gl\/maps\/pkyhn3xpnog61qwh6 Duraci\u00f3: 3 hores. Dist\u00e0ncia: 4 Km. Dificultat: baixa-moderada. Recomanat per a fam\u00edlies senderistes. Preu: 3 \u20ac (1,5 \u20ac redu\u00efda). Descripci\u00f3: La muntanya mediterr\u00e0nia \u00e9s un punt calent de biodiversitat a nivell mundial. Aix\u00f2 es tradueix en multitud d&#8217;usos de les plantes: medicinals, construcci\u00f3, [&hellip;]\" \/>\n<meta property=\"og:url\" content=\"https:\/\/turismo.benicassim.es\/va\/producte\/benicassim-y-sus-plantas-medicinales-domingo-10-de-marzo-de-2024-1000-h\/\" \/>\n<meta property=\"og:site_name\" content=\"Benic\u00e0ssim Turismo\" \/>\n<meta property=\"article:modified_time\" content=\"2024-02-28T12:08:33+00:00\" \/>\n<meta property=\"og:image\" content=\"https:\/\/turismo.benicassim.es\/wp-content\/uploads\/2024\/02\/foto08.jpg\" \/>\n\t<meta property=\"og:image:width\" content=\"1772\" \/>\n\t<meta property=\"og:image:height\" content=\"1181\" \/>\n\t<meta property=\"og:image:type\" content=\"image\/jpeg\" \/>\n<meta name=\"twitter:card\" content=\"summary_large_image\" \/>\n<meta name=\"twitter:label1\" content=\"Est. reading time\" \/>\n\t<meta name=\"twitter:data1\" content=\"1 minute\" \/>\n<script type=\"application\/ld+json\" class=\"yoast-schema-graph\">{\"@context\":\"https:\/\/schema.org\",\"@graph\":[{\"@type\":\"WebPage\",\"@id\":\"https:\/\/turismo.benicassim.es\/va\/producte\/benicassim-y-sus-plantas-medicinales-domingo-10-de-marzo-de-2024-1000-h\/\",\"url\":\"https:\/\/turismo.benicassim.es\/va\/producte\/benicassim-y-sus-plantas-medicinales-domingo-10-de-marzo-de-2024-1000-h\/\",\"name\":\"Benic\u00e0ssim i els seus boscos comestibles: Plantes medicinals. Diumenge 10 de mar\u00e7 de 2024 - 10:00 h - Benic\u00e0ssim Turismo\",\"isPartOf\":{\"@id\":\"https:\/\/turismo.benicassim.es\/va\/#website\"},\"primaryImageOfPage\":{\"@id\":\"https:\/\/turismo.benicassim.es\/va\/producte\/benicassim-y-sus-plantas-medicinales-domingo-10-de-marzo-de-2024-1000-h\/#primaryimage\"},\"image\":{\"@id\":\"https:\/\/turismo.benicassim.es\/va\/producte\/benicassim-y-sus-plantas-medicinales-domingo-10-de-marzo-de-2024-1000-h\/#primaryimage\"},\"thumbnailUrl\":\"https:\/\/turismo.benicassim.es\/wp-content\/uploads\/2024\/02\/foto08.jpg\",\"datePublished\":\"2024-02-28T10:09:28+00:00\",\"dateModified\":\"2024-02-28T12:08:33+00:00\",\"breadcrumb\":{\"@id\":\"https:\/\/turismo.benicassim.es\/va\/producte\/benicassim-y-sus-plantas-medicinales-domingo-10-de-marzo-de-2024-1000-h\/#breadcrumb\"},\"inLanguage\":\"ca-CA\",\"potentialAction\":[{\"@type\":\"ReadAction\",\"target\":[\"https:\/\/turismo.benicassim.es\/va\/producte\/benicassim-y-sus-plantas-medicinales-domingo-10-de-marzo-de-2024-1000-h\/\"]}]},{\"@type\":\"ImageObject\",\"inLanguage\":\"ca-CA\",\"@id\":\"https:\/\/turismo.benicassim.es\/va\/producte\/benicassim-y-sus-plantas-medicinales-domingo-10-de-marzo-de-2024-1000-h\/#primaryimage\",\"url\":\"https:\/\/turismo.benicassim.es\/wp-content\/uploads\/2024\/02\/foto08.jpg\",\"contentUrl\":\"https:\/\/turismo.benicassim.es\/wp-content\/uploads\/2024\/02\/foto08.jpg\",\"width\":1772,\"height\":1181},{\"@type\":\"BreadcrumbList\",\"@id\":\"https:\/\/turismo.benicassim.es\/va\/producte\/benicassim-y-sus-plantas-medicinales-domingo-10-de-marzo-de-2024-1000-h\/#breadcrumb\",\"itemListElement\":[{\"@type\":\"ListItem\",\"position\":1,\"name\":\"Inicio\",\"item\":\"https:\/\/turismo.benicassim.es\/va\/\"},{\"@type\":\"ListItem\",\"position\":2,\"name\":\"Tenda\",\"item\":\"https:\/\/turismo.benicassim.es\/va\/tenda\/\"},{\"@type\":\"ListItem\",\"position\":3,\"name\":\"Benic\u00e0ssim i els seus boscos comestibles: Plantes medicinals. Diumenge 10 de mar\u00e7 de 2024 &#8211; 10:00 h\"}]},{\"@type\":\"WebSite\",\"@id\":\"https:\/\/turismo.benicassim.es\/va\/#website\",\"url\":\"https:\/\/turismo.benicassim.es\/va\/\",\"name\":\"Benic\u00e0ssim Turismo\",\"description\":\"Web de informaci\u00f3n de Turismo en Benicasim\",\"potentialAction\":[{\"@type\":\"SearchAction\",\"target\":{\"@type\":\"EntryPoint\",\"urlTemplate\":\"https:\/\/turismo.benicassim.es\/va\/?s={search_term_string}\"},\"query-input\":{\"@type\":\"PropertyValueSpecification\",\"valueRequired\":true,\"valueName\":\"search_term_string\"}}],\"inLanguage\":\"ca-CA\"}]}<\/script>\n<!-- \/ Yoast SEO plugin. -->","yoast_head_json":{"title":"Benic\u00e0ssim i els seus boscos comestibles: Plantes medicinals. Diumenge 10 de mar\u00e7 de 2024 - 10:00 h - Benic\u00e0ssim Turismo","robots":{"index":"index","follow":"follow","max-snippet":"max-snippet:-1","max-image-preview":"max-image-preview:large","max-video-preview":"max-video-preview:-1"},"canonical":"https:\/\/turismo.benicassim.es\/va\/producte\/benicassim-y-sus-plantas-medicinales-domingo-10-de-marzo-de-2024-1000-h\/","og_locale":"en_US","og_type":"article","og_title":"Benic\u00e0ssim i els seus boscos comestibles: Plantes medicinals. Diumenge 10 de mar\u00e7 de 2024 - 10:00 h - Benic\u00e0ssim Turismo","og_description":"Data: Diumenge 10 de mar\u00e7 (10.00 hores) Lloc: P\u00e0rquing Monestir Carmelita https:\/\/goo.gl\/maps\/pkyhn3xpnog61qwh6 Duraci\u00f3: 3 hores. Dist\u00e0ncia: 4 Km. Dificultat: baixa-moderada. Recomanat per a fam\u00edlies senderistes. Preu: 3 \u20ac (1,5 \u20ac redu\u00efda). Descripci\u00f3: La muntanya mediterr\u00e0nia \u00e9s un punt calent de biodiversitat a nivell mundial. Aix\u00f2 es tradueix en multitud d&#8217;usos de les plantes: medicinals, construcci\u00f3, [&hellip;]","og_url":"https:\/\/turismo.benicassim.es\/va\/producte\/benicassim-y-sus-plantas-medicinales-domingo-10-de-marzo-de-2024-1000-h\/","og_site_name":"Benic\u00e0ssim Turismo","article_modified_time":"2024-02-28T12:08:33+00:00","og_image":[{"width":1772,"height":1181,"url":"https:\/\/turismo.benicassim.es\/wp-content\/uploads\/2024\/02\/foto08.jpg","type":"image\/jpeg"}],"twitter_card":"summary_large_image","twitter_misc":{"Est. reading time":"1 minute"},"schema":{"@context":"https:\/\/schema.org","@graph":[{"@type":"WebPage","@id":"https:\/\/turismo.benicassim.es\/va\/producte\/benicassim-y-sus-plantas-medicinales-domingo-10-de-marzo-de-2024-1000-h\/","url":"https:\/\/turismo.benicassim.es\/va\/producte\/benicassim-y-sus-plantas-medicinales-domingo-10-de-marzo-de-2024-1000-h\/","name":"Benic\u00e0ssim i els seus boscos comestibles: Plantes medicinals. Diumenge 10 de mar\u00e7 de 2024 - 10:00 h - Benic\u00e0ssim Turismo","isPartOf":{"@id":"https:\/\/turismo.benicassim.es\/va\/#website"},"primaryImageOfPage":{"@id":"https:\/\/turismo.benicassim.es\/va\/producte\/benicassim-y-sus-plantas-medicinales-domingo-10-de-marzo-de-2024-1000-h\/#primaryimage"},"image":{"@id":"https:\/\/turismo.benicassim.es\/va\/producte\/benicassim-y-sus-plantas-medicinales-domingo-10-de-marzo-de-2024-1000-h\/#primaryimage"},"thumbnailUrl":"https:\/\/turismo.benicassim.es\/wp-content\/uploads\/2024\/02\/foto08.jpg","datePublished":"2024-02-28T10:09:28+00:00","dateModified":"2024-02-28T12:08:33+00:00","breadcrumb":{"@id":"https:\/\/turismo.benicassim.es\/va\/producte\/benicassim-y-sus-plantas-medicinales-domingo-10-de-marzo-de-2024-1000-h\/#breadcrumb"},"inLanguage":"ca-CA","potentialAction":[{"@type":"ReadAction","target":["https:\/\/turismo.benicassim.es\/va\/producte\/benicassim-y-sus-plantas-medicinales-domingo-10-de-marzo-de-2024-1000-h\/"]}]},{"@type":"ImageObject","inLanguage":"ca-CA","@id":"https:\/\/turismo.benicassim.es\/va\/producte\/benicassim-y-sus-plantas-medicinales-domingo-10-de-marzo-de-2024-1000-h\/#primaryimage","url":"https:\/\/turismo.benicassim.es\/wp-content\/uploads\/2024\/02\/foto08.jpg","contentUrl":"https:\/\/turismo.benicassim.es\/wp-content\/uploads\/2024\/02\/foto08.jpg","width":1772,"height":1181},{"@type":"BreadcrumbList","@id":"https:\/\/turismo.benicassim.es\/va\/producte\/benicassim-y-sus-plantas-medicinales-domingo-10-de-marzo-de-2024-1000-h\/#breadcrumb","itemListElement":[{"@type":"ListItem","position":1,"name":"Inicio","item":"https:\/\/turismo.benicassim.es\/va\/"},{"@type":"ListItem","position":2,"name":"Tenda","item":"https:\/\/turismo.benicassim.es\/va\/tenda\/"},{"@type":"ListItem","position":3,"name":"Benic\u00e0ssim i els seus boscos comestibles: Plantes medicinals. Diumenge 10 de mar\u00e7 de 2024 &#8211; 10:00 h"}]},{"@type":"WebSite","@id":"https:\/\/turismo.benicassim.es\/va\/#website","url":"https:\/\/turismo.benicassim.es\/va\/","name":"Benic\u00e0ssim Turismo","description":"Web de informaci\u00f3n de Turismo en Benicasim","potentialAction":[{"@type":"SearchAction","target":{"@type":"EntryPoint","urlTemplate":"https:\/\/turismo.benicassim.es\/va\/?s={search_term_string}"},"query-input":{"@type":"PropertyValueSpecification","valueRequired":true,"valueName":"search_term_string"}}],"inLanguage":"ca-CA"}]}},"_links":{"self":[{"href":"https:\/\/turismo.benicassim.es\/va\/wp-json\/wp\/v2\/product\/74895","targetHints":{"allow":["GET"]}}],"collection":[{"href":"https:\/\/turismo.benicassim.es\/va\/wp-json\/wp\/v2\/product"}],"about":[{"href":"https:\/\/turismo.benicassim.es\/va\/wp-json\/wp\/v2\/types\/product"}],"wp:featuredmedia":[{"embeddable":true,"href":"https:\/\/turismo.benicassim.es\/va\/wp-json\/wp\/v2\/media\/74896"}],"wp:attachment":[{"href":"https:\/\/turismo.benicassim.es\/va\/wp-json\/wp\/v2\/media?parent=74895"}],"wp:term":[{"taxonomy":"product_brand","embeddable":true,"href":"https:\/\/turismo.benicassim.es\/va\/wp-json\/wp\/v2\/product_brand?post=74895"},{"taxonomy":"product_cat","embeddable":true,"href":"https:\/\/turismo.benicassim.es\/va\/wp-json\/wp\/v2\/product_cat?post=74895"},{"taxonomy":"product_tag","embeddable":true,"href":"https:\/\/turismo.benicassim.es\/va\/wp-json\/wp\/v2\/product_tag?post=74895"}],"curies":[{"name":"wp","href":"https:\/\/api.w.org\/{rel}","templated":true}]}}