{"id":74991,"date":"2024-03-01T14:06:28","date_gmt":"2024-03-01T13:06:28","guid":{"rendered":"https:\/\/turismo.benicassim.es\/producto\/geocaching-ambiental-en-el-centro-de-interpretacion-la-bartola-martes-26-de-marzo-de-2024-1100-h\/"},"modified":"2024-03-01T14:15:04","modified_gmt":"2024-03-01T13:15:04","slug":"geocaching-ambiental-en-el-centro-de-interpretacion-la-bartola-martes-26-de-marzo-de-2024-1100-h","status":"publish","type":"product","link":"https:\/\/turismo.benicassim.es\/va\/producte\/geocaching-ambiental-en-el-centro-de-interpretacion-la-bartola-martes-26-de-marzo-de-2024-1100-h\/","title":{"rendered":"Geocaching ambiental en el Centre d&#8217;Interpretaci\u00f3 La Bartola. Dimarts 26 de mar\u00e7 de 2024 &#8211; 11:00 h"},"content":{"rendered":"<p><b>Data:<\/b> Dimarts 26 de mar\u00e7<b> <\/b>(11.00 hores)<\/p>\n<p><b>Lloc:<\/b> <strong>Centre d\u2019Interpretaci\u00f3 \u201cLa Bartola\u201d<\/strong> <a href=\"https:\/\/goo.gl\/maps\/1RprkAbuCJV9vuc7A\">https:\/\/goo.gl\/maps\/1RprkAbuCJV9vuc7A<\/a><\/p>\n<p><b>Duraci\u00f3:<\/b> 2 hores.<\/p>\n<p><b>Dificultat:<\/b> Baixa. Recomanat p\u00fablic familiar.<\/p>\n<p><b>Preu:<\/b> 3 \u20ac (1,5 \u20ac redu\u00efda).<\/p>\n<p><b>Descripci\u00f3: <\/b>El geocaching \u00e9s una de les maneres m\u00e9s divertides que els nostres xicotets es llancen amb ganes al medi natural que els envolta: mitjan\u00e7ant un dispositiu amb GPS i unes coordenades que han d&#8217;anar guanyant en fam\u00edlia, aniran arribant a diferents punts en els quals descobriran, en aquest cas, curiositats sobre el ric patrimoni natural al voltant del centre d&#8217;interpretaci\u00f3 del P.N. del Desert de les Palmes. A jugar!<\/p>\n<p><b>Recomanacions:<\/b> sabata d&#8217;esport, gorra i beguda. Durant la prestaci\u00f3 del servei no est\u00e0 perm\u00e9s l&#8217;acc\u00e9s amb animals (excepte gossos guia o d&#8217;assist\u00e8ncia)<\/p>\n","protected":false},"excerpt":{"rendered":"<p>Data: Dimarts 26 de mar\u00e7 (11.00 hores) Lloc: Centre d\u2019Interpretaci\u00f3 \u201cLa Bartola\u201d https:\/\/goo.gl\/maps\/1RprkAbuCJV9vuc7A Duraci\u00f3: 2 hores. Dificultat: Baixa. Recomanat p\u00fablic familiar. Preu: 3 \u20ac (1,5 \u20ac redu\u00efda). Descripci\u00f3: El geocaching \u00e9s una de les maneres m\u00e9s divertides que els nostres xicotets es llancen amb ganes al medi natural que els envolta: mitjan\u00e7ant un dispositiu amb [&hellip;]<\/p>\n","protected":false},"featured_media":74992,"template":"","meta":{"_acf_changed":false},"product_brand":[],"product_cat":[399],"product_tag":[647,1088,649,607,1104,1083,1084,1069,339,729,739,1070,1071,1072,1073,554,555],"class_list":{"0":"post-74991","1":"product","2":"type-product","3":"status-publish","4":"has-post-thumbnail","6":"product_cat-geocaching-ambiental-en-el-centre-dinterpretacio-la-bartola","7":"product_tag-actividades-con-ninos-en-benicasim-va","8":"product_tag-actividades-familiares-en-benicasim-va","9":"product_tag-activitats-amb-xiquets-a-benicassim-va","10":"product_tag-benicassim-guided-tours-va","11":"product_tag-desert-de-les-palmes-va","12":"product_tag-easter-in-benicassim-va","13":"product_tag-pascua-en-benicasim-va","14":"product_tag-pasqua-a-benicassim-va","15":"product_tag-programa-oficial-de-visitas-guiadas-va","16":"product_tag-programa-oficial-de-visitas-guiadas-benicasim-va","17":"product_tag-programa-oficial-de-visites-guiades-benicassim-va","18":"product_tag-que-hacer-en-benicasim-con-ninos-en-pascua-va","19":"product_tag-que-hacer-en-benicassim-con-ninos-en-pascua-va","20":"product_tag-semana-santa-en-benicasim-va","21":"product_tag-semana-santa-en-benicassim-va","22":"product_tag-visitas-guiadas-benicassim-va","23":"product_tag-visites-guiades-benicassim","25":"first","26":"instock","27":"shipping-taxable","28":"purchasable","29":"product-type-variable"},"acf":[],"yoast_head":"<!-- This site is optimized with the Yoast SEO plugin v27.4 - https:\/\/yoast.com\/product\/yoast-seo-wordpress\/ -->\n<title>Geocaching ambiental en el Centre d&#039;Interpretaci\u00f3 La Bartola. Dimarts 26 de mar\u00e7 de 2024 - 11:00 h - Benic\u00e0ssim Turismo<\/title>\n<meta name=\"robots\" content=\"index, follow, max-snippet:-1, max-image-preview:large, max-video-preview:-1\" \/>\n<link rel=\"canonical\" href=\"https:\/\/turismo.benicassim.es\/va\/producte\/geocaching-ambiental-en-el-centro-de-interpretacion-la-bartola-martes-26-de-marzo-de-2024-1100-h\/\" \/>\n<meta property=\"og:locale\" content=\"en_US\" \/>\n<meta property=\"og:type\" content=\"article\" \/>\n<meta property=\"og:title\" content=\"Geocaching ambiental en el Centre d&#039;Interpretaci\u00f3 La Bartola. Dimarts 26 de mar\u00e7 de 2024 - 11:00 h - Benic\u00e0ssim Turismo\" \/>\n<meta property=\"og:description\" content=\"Data: Dimarts 26 de mar\u00e7 (11.00 hores) Lloc: Centre d\u2019Interpretaci\u00f3 \u201cLa Bartola\u201d https:\/\/goo.gl\/maps\/1RprkAbuCJV9vuc7A Duraci\u00f3: 2 hores. Dificultat: Baixa. Recomanat p\u00fablic familiar. Preu: 3 \u20ac (1,5 \u20ac redu\u00efda). Descripci\u00f3: El geocaching \u00e9s una de les maneres m\u00e9s divertides que els nostres xicotets es llancen amb ganes al medi natural que els envolta: mitjan\u00e7ant un dispositiu amb [&hellip;]\" \/>\n<meta property=\"og:url\" content=\"https:\/\/turismo.benicassim.es\/va\/producte\/geocaching-ambiental-en-el-centro-de-interpretacion-la-bartola-martes-26-de-marzo-de-2024-1100-h\/\" \/>\n<meta property=\"og:site_name\" content=\"Benic\u00e0ssim Turismo\" \/>\n<meta property=\"article:modified_time\" content=\"2024-03-01T13:15:04+00:00\" \/>\n<meta property=\"og:image\" content=\"https:\/\/turismo.benicassim.es\/wp-content\/uploads\/2024\/03\/foto13.jpg\" \/>\n\t<meta property=\"og:image:width\" content=\"1772\" \/>\n\t<meta property=\"og:image:height\" content=\"1182\" \/>\n\t<meta property=\"og:image:type\" content=\"image\/jpeg\" \/>\n<meta name=\"twitter:card\" content=\"summary_large_image\" \/>\n<meta name=\"twitter:label1\" content=\"Est. reading time\" \/>\n\t<meta name=\"twitter:data1\" content=\"1 minute\" \/>\n<script type=\"application\/ld+json\" class=\"yoast-schema-graph\">{\"@context\":\"https:\\\/\\\/schema.org\",\"@graph\":[{\"@type\":\"WebPage\",\"@id\":\"https:\\\/\\\/turismo.benicassim.es\\\/va\\\/producte\\\/geocaching-ambiental-en-el-centro-de-interpretacion-la-bartola-martes-26-de-marzo-de-2024-1100-h\\\/\",\"url\":\"https:\\\/\\\/turismo.benicassim.es\\\/va\\\/producte\\\/geocaching-ambiental-en-el-centro-de-interpretacion-la-bartola-martes-26-de-marzo-de-2024-1100-h\\\/\",\"name\":\"Geocaching ambiental en el Centre d'Interpretaci\u00f3 La Bartola. Dimarts 26 de mar\u00e7 de 2024 - 11:00 h - Benic\u00e0ssim Turismo\",\"isPartOf\":{\"@id\":\"https:\\\/\\\/turismo.benicassim.es\\\/va\\\/#website\"},\"primaryImageOfPage\":{\"@id\":\"https:\\\/\\\/turismo.benicassim.es\\\/va\\\/producte\\\/geocaching-ambiental-en-el-centro-de-interpretacion-la-bartola-martes-26-de-marzo-de-2024-1100-h\\\/#primaryimage\"},\"image\":{\"@id\":\"https:\\\/\\\/turismo.benicassim.es\\\/va\\\/producte\\\/geocaching-ambiental-en-el-centro-de-interpretacion-la-bartola-martes-26-de-marzo-de-2024-1100-h\\\/#primaryimage\"},\"thumbnailUrl\":\"https:\\\/\\\/turismo.benicassim.es\\\/wp-content\\\/uploads\\\/2024\\\/03\\\/foto13.jpg\",\"datePublished\":\"2024-03-01T13:06:28+00:00\",\"dateModified\":\"2024-03-01T13:15:04+00:00\",\"breadcrumb\":{\"@id\":\"https:\\\/\\\/turismo.benicassim.es\\\/va\\\/producte\\\/geocaching-ambiental-en-el-centro-de-interpretacion-la-bartola-martes-26-de-marzo-de-2024-1100-h\\\/#breadcrumb\"},\"inLanguage\":\"ca-CA\",\"potentialAction\":[{\"@type\":\"ReadAction\",\"target\":[\"https:\\\/\\\/turismo.benicassim.es\\\/va\\\/producte\\\/geocaching-ambiental-en-el-centro-de-interpretacion-la-bartola-martes-26-de-marzo-de-2024-1100-h\\\/\"]}]},{\"@type\":\"ImageObject\",\"inLanguage\":\"ca-CA\",\"@id\":\"https:\\\/\\\/turismo.benicassim.es\\\/va\\\/producte\\\/geocaching-ambiental-en-el-centro-de-interpretacion-la-bartola-martes-26-de-marzo-de-2024-1100-h\\\/#primaryimage\",\"url\":\"https:\\\/\\\/turismo.benicassim.es\\\/wp-content\\\/uploads\\\/2024\\\/03\\\/foto13.jpg\",\"contentUrl\":\"https:\\\/\\\/turismo.benicassim.es\\\/wp-content\\\/uploads\\\/2024\\\/03\\\/foto13.jpg\",\"width\":1772,\"height\":1182},{\"@type\":\"BreadcrumbList\",\"@id\":\"https:\\\/\\\/turismo.benicassim.es\\\/va\\\/producte\\\/geocaching-ambiental-en-el-centro-de-interpretacion-la-bartola-martes-26-de-marzo-de-2024-1100-h\\\/#breadcrumb\",\"itemListElement\":[{\"@type\":\"ListItem\",\"position\":1,\"name\":\"Inicio\",\"item\":\"https:\\\/\\\/turismo.benicassim.es\\\/va\\\/\"},{\"@type\":\"ListItem\",\"position\":2,\"name\":\"Tenda\",\"item\":\"https:\\\/\\\/turismo.benicassim.es\\\/va\\\/tenda\\\/\"},{\"@type\":\"ListItem\",\"position\":3,\"name\":\"Geocaching ambiental en el Centre d&#8217;Interpretaci\u00f3 La Bartola. Dimarts 26 de mar\u00e7 de 2024 &#8211; 11:00 h\"}]},{\"@type\":\"WebSite\",\"@id\":\"https:\\\/\\\/turismo.benicassim.es\\\/va\\\/#website\",\"url\":\"https:\\\/\\\/turismo.benicassim.es\\\/va\\\/\",\"name\":\"Benic\u00e0ssim Turismo\",\"description\":\"Web de informaci\u00f3n de Turismo en Benicasim\",\"potentialAction\":[{\"@type\":\"SearchAction\",\"target\":{\"@type\":\"EntryPoint\",\"urlTemplate\":\"https:\\\/\\\/turismo.benicassim.es\\\/va\\\/?s={search_term_string}\"},\"query-input\":{\"@type\":\"PropertyValueSpecification\",\"valueRequired\":true,\"valueName\":\"search_term_string\"}}],\"inLanguage\":\"ca-CA\"}]}<\/script>\n<!-- \/ Yoast SEO plugin. -->","yoast_head_json":{"title":"Geocaching ambiental en el Centre d'Interpretaci\u00f3 La Bartola. Dimarts 26 de mar\u00e7 de 2024 - 11:00 h - Benic\u00e0ssim Turismo","robots":{"index":"index","follow":"follow","max-snippet":"max-snippet:-1","max-image-preview":"max-image-preview:large","max-video-preview":"max-video-preview:-1"},"canonical":"https:\/\/turismo.benicassim.es\/va\/producte\/geocaching-ambiental-en-el-centro-de-interpretacion-la-bartola-martes-26-de-marzo-de-2024-1100-h\/","og_locale":"en_US","og_type":"article","og_title":"Geocaching ambiental en el Centre d'Interpretaci\u00f3 La Bartola. Dimarts 26 de mar\u00e7 de 2024 - 11:00 h - Benic\u00e0ssim Turismo","og_description":"Data: Dimarts 26 de mar\u00e7 (11.00 hores) Lloc: Centre d\u2019Interpretaci\u00f3 \u201cLa Bartola\u201d https:\/\/goo.gl\/maps\/1RprkAbuCJV9vuc7A Duraci\u00f3: 2 hores. Dificultat: Baixa. Recomanat p\u00fablic familiar. Preu: 3 \u20ac (1,5 \u20ac redu\u00efda). Descripci\u00f3: El geocaching \u00e9s una de les maneres m\u00e9s divertides que els nostres xicotets es llancen amb ganes al medi natural que els envolta: mitjan\u00e7ant un dispositiu amb [&hellip;]","og_url":"https:\/\/turismo.benicassim.es\/va\/producte\/geocaching-ambiental-en-el-centro-de-interpretacion-la-bartola-martes-26-de-marzo-de-2024-1100-h\/","og_site_name":"Benic\u00e0ssim Turismo","article_modified_time":"2024-03-01T13:15:04+00:00","og_image":[{"width":1772,"height":1182,"url":"https:\/\/turismo.benicassim.es\/wp-content\/uploads\/2024\/03\/foto13.jpg","type":"image\/jpeg"}],"twitter_card":"summary_large_image","twitter_misc":{"Est. reading time":"1 minute"},"schema":{"@context":"https:\/\/schema.org","@graph":[{"@type":"WebPage","@id":"https:\/\/turismo.benicassim.es\/va\/producte\/geocaching-ambiental-en-el-centro-de-interpretacion-la-bartola-martes-26-de-marzo-de-2024-1100-h\/","url":"https:\/\/turismo.benicassim.es\/va\/producte\/geocaching-ambiental-en-el-centro-de-interpretacion-la-bartola-martes-26-de-marzo-de-2024-1100-h\/","name":"Geocaching ambiental en el Centre d'Interpretaci\u00f3 La Bartola. Dimarts 26 de mar\u00e7 de 2024 - 11:00 h - Benic\u00e0ssim Turismo","isPartOf":{"@id":"https:\/\/turismo.benicassim.es\/va\/#website"},"primaryImageOfPage":{"@id":"https:\/\/turismo.benicassim.es\/va\/producte\/geocaching-ambiental-en-el-centro-de-interpretacion-la-bartola-martes-26-de-marzo-de-2024-1100-h\/#primaryimage"},"image":{"@id":"https:\/\/turismo.benicassim.es\/va\/producte\/geocaching-ambiental-en-el-centro-de-interpretacion-la-bartola-martes-26-de-marzo-de-2024-1100-h\/#primaryimage"},"thumbnailUrl":"https:\/\/turismo.benicassim.es\/wp-content\/uploads\/2024\/03\/foto13.jpg","datePublished":"2024-03-01T13:06:28+00:00","dateModified":"2024-03-01T13:15:04+00:00","breadcrumb":{"@id":"https:\/\/turismo.benicassim.es\/va\/producte\/geocaching-ambiental-en-el-centro-de-interpretacion-la-bartola-martes-26-de-marzo-de-2024-1100-h\/#breadcrumb"},"inLanguage":"ca-CA","potentialAction":[{"@type":"ReadAction","target":["https:\/\/turismo.benicassim.es\/va\/producte\/geocaching-ambiental-en-el-centro-de-interpretacion-la-bartola-martes-26-de-marzo-de-2024-1100-h\/"]}]},{"@type":"ImageObject","inLanguage":"ca-CA","@id":"https:\/\/turismo.benicassim.es\/va\/producte\/geocaching-ambiental-en-el-centro-de-interpretacion-la-bartola-martes-26-de-marzo-de-2024-1100-h\/#primaryimage","url":"https:\/\/turismo.benicassim.es\/wp-content\/uploads\/2024\/03\/foto13.jpg","contentUrl":"https:\/\/turismo.benicassim.es\/wp-content\/uploads\/2024\/03\/foto13.jpg","width":1772,"height":1182},{"@type":"BreadcrumbList","@id":"https:\/\/turismo.benicassim.es\/va\/producte\/geocaching-ambiental-en-el-centro-de-interpretacion-la-bartola-martes-26-de-marzo-de-2024-1100-h\/#breadcrumb","itemListElement":[{"@type":"ListItem","position":1,"name":"Inicio","item":"https:\/\/turismo.benicassim.es\/va\/"},{"@type":"ListItem","position":2,"name":"Tenda","item":"https:\/\/turismo.benicassim.es\/va\/tenda\/"},{"@type":"ListItem","position":3,"name":"Geocaching ambiental en el Centre d&#8217;Interpretaci\u00f3 La Bartola. Dimarts 26 de mar\u00e7 de 2024 &#8211; 11:00 h"}]},{"@type":"WebSite","@id":"https:\/\/turismo.benicassim.es\/va\/#website","url":"https:\/\/turismo.benicassim.es\/va\/","name":"Benic\u00e0ssim Turismo","description":"Web de informaci\u00f3n de Turismo en Benicasim","potentialAction":[{"@type":"SearchAction","target":{"@type":"EntryPoint","urlTemplate":"https:\/\/turismo.benicassim.es\/va\/?s={search_term_string}"},"query-input":{"@type":"PropertyValueSpecification","valueRequired":true,"valueName":"search_term_string"}}],"inLanguage":"ca-CA"}]}},"_links":{"self":[{"href":"https:\/\/turismo.benicassim.es\/va\/wp-json\/wp\/v2\/product\/74991","targetHints":{"allow":["GET"]}}],"collection":[{"href":"https:\/\/turismo.benicassim.es\/va\/wp-json\/wp\/v2\/product"}],"about":[{"href":"https:\/\/turismo.benicassim.es\/va\/wp-json\/wp\/v2\/types\/product"}],"wp:featuredmedia":[{"embeddable":true,"href":"https:\/\/turismo.benicassim.es\/va\/wp-json\/wp\/v2\/media\/74992"}],"wp:attachment":[{"href":"https:\/\/turismo.benicassim.es\/va\/wp-json\/wp\/v2\/media?parent=74991"}],"wp:term":[{"taxonomy":"product_brand","embeddable":true,"href":"https:\/\/turismo.benicassim.es\/va\/wp-json\/wp\/v2\/product_brand?post=74991"},{"taxonomy":"product_cat","embeddable":true,"href":"https:\/\/turismo.benicassim.es\/va\/wp-json\/wp\/v2\/product_cat?post=74991"},{"taxonomy":"product_tag","embeddable":true,"href":"https:\/\/turismo.benicassim.es\/va\/wp-json\/wp\/v2\/product_tag?post=74991"}],"curies":[{"name":"wp","href":"https:\/\/api.w.org\/{rel}","templated":true}]}}