{"id":75051,"date":"2024-03-01T20:21:18","date_gmt":"2024-03-01T19:21:18","guid":{"rendered":"https:\/\/turismo.benicassim.es\/producto\/benicassim-desde-las-alturas-sabado-30-de-marzo-de-2024-1000-h\/"},"modified":"2024-03-05T16:38:18","modified_gmt":"2024-03-05T15:38:18","slug":"benicassim-desde-las-alturas-sabado-30-de-marzo-de-2024-1000-h","status":"publish","type":"product","link":"https:\/\/turismo.benicassim.es\/va\/producte\/benicassim-desde-las-alturas-sabado-30-de-marzo-de-2024-1000-h\/","title":{"rendered":"Benic\u00e0ssim desde les altures. Dissabte 30 de mar\u00e7 de 2024 &#8211; 10:00 h"},"content":{"rendered":"<p><strong>Data:<\/strong> Dissabte 30 de mar\u00e7 (10.00 hores)<\/p>\n<p><strong>Lloc:<\/strong> P\u00e0rquing Monestir Carmelita https:\/\/goo.gl\/maps\/pkyhn3xpnog61qwh6<\/p>\n<p><strong>Duraci\u00f3:<\/strong> 3 hores.<\/p>\n<p><strong>Dist\u00e0ncia:<\/strong> 4 Km.<\/p>\n<p><strong>Dificultat:<\/strong> baixa-moderada. Recomanat per a fam\u00edlies senderistes.<\/p>\n<p><strong>Preu:<\/strong> 3 \u20ac (1,5 \u20ac redu\u00efda).<\/p>\n<p><strong>Descripci\u00f3:<\/strong> Ens endinsarem en el P.N. del Desert de les Palmes de la m\u00e0 d&#8217;un int\u00e8rpret del paisatge que, en un senzill recorregut senderista, ens descobrir\u00e0 els secrets naturals i culturals del m\u00e9s emblem\u00e0tic espai protegit benicassut. Per si no fos prou, les vistes m\u00e9s espectaculars de les valls i muntanyes del Desert ens acompanyaran durant tot el recorregut.<\/p>\n<p><strong>Recomanacions:<\/strong> sabata d&#8217;esport, gorra, esmorzar i beguda. Durant la prestaci\u00f3 del servei no est\u00e0 perm\u00e9s l&#8217;acc\u00e9s amb animals (excepte gossos guia o d&#8217;assist\u00e8ncia).<\/p>\n","protected":false},"excerpt":{"rendered":"<p>Data: Dissabte 30 de mar\u00e7 (10.00 hores) Lloc: P\u00e0rquing Monestir Carmelita https:\/\/goo.gl\/maps\/pkyhn3xpnog61qwh6 Duraci\u00f3: 3 hores. Dist\u00e0ncia: 4 Km. Dificultat: baixa-moderada. Recomanat per a fam\u00edlies senderistes. Preu: 3 \u20ac (1,5 \u20ac redu\u00efda). Descripci\u00f3: Ens endinsarem en el P.N. del Desert de les Palmes de la m\u00e0 d&#8217;un int\u00e8rpret del paisatge que, en un senzill recorregut senderista, [&hellip;]<\/p>\n","protected":false},"featured_media":75052,"template":"","meta":{"_acf_changed":false},"product_brand":[],"product_cat":[380],"product_tag":[496,607,1083,1084,1085,1069,339,760,739,623,556,1072,735,555,624],"class_list":{"0":"post-75051","1":"product","2":"type-product","3":"status-publish","4":"has-post-thumbnail","6":"product_cat-benicassim-desde-las-alturas-va","7":"product_tag-benicasim-va","8":"product_tag-benicassim-guided-tours-va","9":"product_tag-easter-in-benicassim-va","10":"product_tag-pascua-en-benicasim-va","11":"product_tag-pascua-en-benicassim-va","12":"product_tag-pasqua-a-benicassim-va","13":"product_tag-programa-oficial-de-visitas-guiadas-va","14":"product_tag-programa-oficial-de-visitas-guiadas-benicassim-va","15":"product_tag-programa-oficial-de-visites-guiades-benicassim-va","16":"product_tag-rutas-guiadas-benicassim-va","17":"product_tag-rutes-guiades-benicassim","18":"product_tag-semana-santa-en-benicasim-va","19":"product_tag-senderismo-benicasim-va","20":"product_tag-visites-guiades-benicassim","21":"product_tag-visites-guiades-en-benicassim-va","23":"first","24":"instock","25":"shipping-taxable","26":"purchasable","27":"product-type-variable"},"acf":[],"yoast_head":"<!-- This site is optimized with the Yoast SEO plugin v27.1.1 - https:\/\/yoast.com\/product\/yoast-seo-wordpress\/ -->\n<title>Benic\u00e0ssim desde les altures. Dissabte 30 de mar\u00e7 de 2024 - 10:00 h - Benic\u00e0ssim Turismo<\/title>\n<meta name=\"robots\" content=\"index, follow, max-snippet:-1, max-image-preview:large, max-video-preview:-1\" \/>\n<link rel=\"canonical\" href=\"https:\/\/turismo.benicassim.es\/va\/producte\/benicassim-desde-las-alturas-sabado-30-de-marzo-de-2024-1000-h\/\" \/>\n<meta property=\"og:locale\" content=\"en_US\" \/>\n<meta property=\"og:type\" content=\"article\" \/>\n<meta property=\"og:title\" content=\"Benic\u00e0ssim desde les altures. Dissabte 30 de mar\u00e7 de 2024 - 10:00 h - Benic\u00e0ssim Turismo\" \/>\n<meta property=\"og:description\" content=\"Data: Dissabte 30 de mar\u00e7 (10.00 hores) Lloc: P\u00e0rquing Monestir Carmelita https:\/\/goo.gl\/maps\/pkyhn3xpnog61qwh6 Duraci\u00f3: 3 hores. Dist\u00e0ncia: 4 Km. Dificultat: baixa-moderada. Recomanat per a fam\u00edlies senderistes. Preu: 3 \u20ac (1,5 \u20ac redu\u00efda). Descripci\u00f3: Ens endinsarem en el P.N. del Desert de les Palmes de la m\u00e0 d&#8217;un int\u00e8rpret del paisatge que, en un senzill recorregut senderista, [&hellip;]\" \/>\n<meta property=\"og:url\" content=\"https:\/\/turismo.benicassim.es\/va\/producte\/benicassim-desde-las-alturas-sabado-30-de-marzo-de-2024-1000-h\/\" \/>\n<meta property=\"og:site_name\" content=\"Benic\u00e0ssim Turismo\" \/>\n<meta property=\"article:modified_time\" content=\"2024-03-05T15:38:18+00:00\" \/>\n<meta property=\"og:image\" content=\"https:\/\/turismo.benicassim.es\/wp-content\/uploads\/2024\/03\/foto06.jpg\" \/>\n\t<meta property=\"og:image:width\" content=\"1772\" \/>\n\t<meta property=\"og:image:height\" content=\"1182\" \/>\n\t<meta property=\"og:image:type\" content=\"image\/jpeg\" \/>\n<meta name=\"twitter:card\" content=\"summary_large_image\" \/>\n<meta name=\"twitter:label1\" content=\"Est. reading time\" \/>\n\t<meta name=\"twitter:data1\" content=\"1 minute\" \/>\n<script type=\"application\/ld+json\" class=\"yoast-schema-graph\">{\"@context\":\"https:\/\/schema.org\",\"@graph\":[{\"@type\":\"WebPage\",\"@id\":\"https:\/\/turismo.benicassim.es\/va\/producte\/benicassim-desde-las-alturas-sabado-30-de-marzo-de-2024-1000-h\/\",\"url\":\"https:\/\/turismo.benicassim.es\/va\/producte\/benicassim-desde-las-alturas-sabado-30-de-marzo-de-2024-1000-h\/\",\"name\":\"Benic\u00e0ssim desde les altures. Dissabte 30 de mar\u00e7 de 2024 - 10:00 h - Benic\u00e0ssim Turismo\",\"isPartOf\":{\"@id\":\"https:\/\/turismo.benicassim.es\/va\/#website\"},\"primaryImageOfPage\":{\"@id\":\"https:\/\/turismo.benicassim.es\/va\/producte\/benicassim-desde-las-alturas-sabado-30-de-marzo-de-2024-1000-h\/#primaryimage\"},\"image\":{\"@id\":\"https:\/\/turismo.benicassim.es\/va\/producte\/benicassim-desde-las-alturas-sabado-30-de-marzo-de-2024-1000-h\/#primaryimage\"},\"thumbnailUrl\":\"https:\/\/turismo.benicassim.es\/wp-content\/uploads\/2024\/03\/foto06.jpg\",\"datePublished\":\"2024-03-01T19:21:18+00:00\",\"dateModified\":\"2024-03-05T15:38:18+00:00\",\"breadcrumb\":{\"@id\":\"https:\/\/turismo.benicassim.es\/va\/producte\/benicassim-desde-las-alturas-sabado-30-de-marzo-de-2024-1000-h\/#breadcrumb\"},\"inLanguage\":\"ca-CA\",\"potentialAction\":[{\"@type\":\"ReadAction\",\"target\":[\"https:\/\/turismo.benicassim.es\/va\/producte\/benicassim-desde-las-alturas-sabado-30-de-marzo-de-2024-1000-h\/\"]}]},{\"@type\":\"ImageObject\",\"inLanguage\":\"ca-CA\",\"@id\":\"https:\/\/turismo.benicassim.es\/va\/producte\/benicassim-desde-las-alturas-sabado-30-de-marzo-de-2024-1000-h\/#primaryimage\",\"url\":\"https:\/\/turismo.benicassim.es\/wp-content\/uploads\/2024\/03\/foto06.jpg\",\"contentUrl\":\"https:\/\/turismo.benicassim.es\/wp-content\/uploads\/2024\/03\/foto06.jpg\",\"width\":1772,\"height\":1182},{\"@type\":\"BreadcrumbList\",\"@id\":\"https:\/\/turismo.benicassim.es\/va\/producte\/benicassim-desde-las-alturas-sabado-30-de-marzo-de-2024-1000-h\/#breadcrumb\",\"itemListElement\":[{\"@type\":\"ListItem\",\"position\":1,\"name\":\"Inicio\",\"item\":\"https:\/\/turismo.benicassim.es\/va\/\"},{\"@type\":\"ListItem\",\"position\":2,\"name\":\"Tenda\",\"item\":\"https:\/\/turismo.benicassim.es\/va\/tenda\/\"},{\"@type\":\"ListItem\",\"position\":3,\"name\":\"Benic\u00e0ssim desde les altures. Dissabte 30 de mar\u00e7 de 2024 &#8211; 10:00 h\"}]},{\"@type\":\"WebSite\",\"@id\":\"https:\/\/turismo.benicassim.es\/va\/#website\",\"url\":\"https:\/\/turismo.benicassim.es\/va\/\",\"name\":\"Benic\u00e0ssim Turismo\",\"description\":\"Web de informaci\u00f3n de Turismo en Benicasim\",\"potentialAction\":[{\"@type\":\"SearchAction\",\"target\":{\"@type\":\"EntryPoint\",\"urlTemplate\":\"https:\/\/turismo.benicassim.es\/va\/?s={search_term_string}\"},\"query-input\":{\"@type\":\"PropertyValueSpecification\",\"valueRequired\":true,\"valueName\":\"search_term_string\"}}],\"inLanguage\":\"ca-CA\"}]}<\/script>\n<!-- \/ Yoast SEO plugin. -->","yoast_head_json":{"title":"Benic\u00e0ssim desde les altures. Dissabte 30 de mar\u00e7 de 2024 - 10:00 h - Benic\u00e0ssim Turismo","robots":{"index":"index","follow":"follow","max-snippet":"max-snippet:-1","max-image-preview":"max-image-preview:large","max-video-preview":"max-video-preview:-1"},"canonical":"https:\/\/turismo.benicassim.es\/va\/producte\/benicassim-desde-las-alturas-sabado-30-de-marzo-de-2024-1000-h\/","og_locale":"en_US","og_type":"article","og_title":"Benic\u00e0ssim desde les altures. Dissabte 30 de mar\u00e7 de 2024 - 10:00 h - Benic\u00e0ssim Turismo","og_description":"Data: Dissabte 30 de mar\u00e7 (10.00 hores) Lloc: P\u00e0rquing Monestir Carmelita https:\/\/goo.gl\/maps\/pkyhn3xpnog61qwh6 Duraci\u00f3: 3 hores. Dist\u00e0ncia: 4 Km. Dificultat: baixa-moderada. Recomanat per a fam\u00edlies senderistes. Preu: 3 \u20ac (1,5 \u20ac redu\u00efda). Descripci\u00f3: Ens endinsarem en el P.N. del Desert de les Palmes de la m\u00e0 d&#8217;un int\u00e8rpret del paisatge que, en un senzill recorregut senderista, [&hellip;]","og_url":"https:\/\/turismo.benicassim.es\/va\/producte\/benicassim-desde-las-alturas-sabado-30-de-marzo-de-2024-1000-h\/","og_site_name":"Benic\u00e0ssim Turismo","article_modified_time":"2024-03-05T15:38:18+00:00","og_image":[{"width":1772,"height":1182,"url":"https:\/\/turismo.benicassim.es\/wp-content\/uploads\/2024\/03\/foto06.jpg","type":"image\/jpeg"}],"twitter_card":"summary_large_image","twitter_misc":{"Est. reading time":"1 minute"},"schema":{"@context":"https:\/\/schema.org","@graph":[{"@type":"WebPage","@id":"https:\/\/turismo.benicassim.es\/va\/producte\/benicassim-desde-las-alturas-sabado-30-de-marzo-de-2024-1000-h\/","url":"https:\/\/turismo.benicassim.es\/va\/producte\/benicassim-desde-las-alturas-sabado-30-de-marzo-de-2024-1000-h\/","name":"Benic\u00e0ssim desde les altures. Dissabte 30 de mar\u00e7 de 2024 - 10:00 h - Benic\u00e0ssim Turismo","isPartOf":{"@id":"https:\/\/turismo.benicassim.es\/va\/#website"},"primaryImageOfPage":{"@id":"https:\/\/turismo.benicassim.es\/va\/producte\/benicassim-desde-las-alturas-sabado-30-de-marzo-de-2024-1000-h\/#primaryimage"},"image":{"@id":"https:\/\/turismo.benicassim.es\/va\/producte\/benicassim-desde-las-alturas-sabado-30-de-marzo-de-2024-1000-h\/#primaryimage"},"thumbnailUrl":"https:\/\/turismo.benicassim.es\/wp-content\/uploads\/2024\/03\/foto06.jpg","datePublished":"2024-03-01T19:21:18+00:00","dateModified":"2024-03-05T15:38:18+00:00","breadcrumb":{"@id":"https:\/\/turismo.benicassim.es\/va\/producte\/benicassim-desde-las-alturas-sabado-30-de-marzo-de-2024-1000-h\/#breadcrumb"},"inLanguage":"ca-CA","potentialAction":[{"@type":"ReadAction","target":["https:\/\/turismo.benicassim.es\/va\/producte\/benicassim-desde-las-alturas-sabado-30-de-marzo-de-2024-1000-h\/"]}]},{"@type":"ImageObject","inLanguage":"ca-CA","@id":"https:\/\/turismo.benicassim.es\/va\/producte\/benicassim-desde-las-alturas-sabado-30-de-marzo-de-2024-1000-h\/#primaryimage","url":"https:\/\/turismo.benicassim.es\/wp-content\/uploads\/2024\/03\/foto06.jpg","contentUrl":"https:\/\/turismo.benicassim.es\/wp-content\/uploads\/2024\/03\/foto06.jpg","width":1772,"height":1182},{"@type":"BreadcrumbList","@id":"https:\/\/turismo.benicassim.es\/va\/producte\/benicassim-desde-las-alturas-sabado-30-de-marzo-de-2024-1000-h\/#breadcrumb","itemListElement":[{"@type":"ListItem","position":1,"name":"Inicio","item":"https:\/\/turismo.benicassim.es\/va\/"},{"@type":"ListItem","position":2,"name":"Tenda","item":"https:\/\/turismo.benicassim.es\/va\/tenda\/"},{"@type":"ListItem","position":3,"name":"Benic\u00e0ssim desde les altures. Dissabte 30 de mar\u00e7 de 2024 &#8211; 10:00 h"}]},{"@type":"WebSite","@id":"https:\/\/turismo.benicassim.es\/va\/#website","url":"https:\/\/turismo.benicassim.es\/va\/","name":"Benic\u00e0ssim Turismo","description":"Web de informaci\u00f3n de Turismo en Benicasim","potentialAction":[{"@type":"SearchAction","target":{"@type":"EntryPoint","urlTemplate":"https:\/\/turismo.benicassim.es\/va\/?s={search_term_string}"},"query-input":{"@type":"PropertyValueSpecification","valueRequired":true,"valueName":"search_term_string"}}],"inLanguage":"ca-CA"}]}},"_links":{"self":[{"href":"https:\/\/turismo.benicassim.es\/va\/wp-json\/wp\/v2\/product\/75051","targetHints":{"allow":["GET"]}}],"collection":[{"href":"https:\/\/turismo.benicassim.es\/va\/wp-json\/wp\/v2\/product"}],"about":[{"href":"https:\/\/turismo.benicassim.es\/va\/wp-json\/wp\/v2\/types\/product"}],"wp:featuredmedia":[{"embeddable":true,"href":"https:\/\/turismo.benicassim.es\/va\/wp-json\/wp\/v2\/media\/75052"}],"wp:attachment":[{"href":"https:\/\/turismo.benicassim.es\/va\/wp-json\/wp\/v2\/media?parent=75051"}],"wp:term":[{"taxonomy":"product_brand","embeddable":true,"href":"https:\/\/turismo.benicassim.es\/va\/wp-json\/wp\/v2\/product_brand?post=75051"},{"taxonomy":"product_cat","embeddable":true,"href":"https:\/\/turismo.benicassim.es\/va\/wp-json\/wp\/v2\/product_cat?post=75051"},{"taxonomy":"product_tag","embeddable":true,"href":"https:\/\/turismo.benicassim.es\/va\/wp-json\/wp\/v2\/product_tag?post=75051"}],"curies":[{"name":"wp","href":"https:\/\/api.w.org\/{rel}","templated":true}]}}