{"id":75076,"date":"2024-03-01T17:23:09","date_gmt":"2024-03-01T16:23:09","guid":{"rendered":"https:\/\/turismo.benicassim.es\/producto\/de-banu-qasi-a-benicassim-con-visita-a-la-iglesia-y-bodega-incluye-interprete-en-lengua-de-signos\/"},"modified":"2024-03-27T15:05:05","modified_gmt":"2024-03-27T14:05:05","slug":"de-banu-qasi-a-benicassim-con-visita-a-la-iglesia-y-bodega-incluye-interprete-en-lengua-de-signos","status":"publish","type":"product","link":"https:\/\/turismo.benicassim.es\/va\/producte\/de-banu-qasi-a-benicassim-con-visita-a-la-iglesia-y-bodega-incluye-interprete-en-lengua-de-signos\/","title":{"rendered":"De Banu Qasi a Benic\u00e0ssim (amb visita a l&#8217;esgl\u00e9sia i celler) Inclou int\u00e8rpret en llengua de signes. Dijous 28 de mar\u00e7 de 2024 &#8211; 10:30 h"},"content":{"rendered":"<p><strong><span style=\"color: #333333;\"><span style=\"font-family: Liberation Serif, serif;\"><span style=\"font-size: medium;\"><b>Data<\/b><\/span><\/span><\/span><\/strong><strong><span style=\"color: #333333;\"><span style=\"font-family: Liberation Serif, serif;\"><span style=\"font-size: medium;\">: <\/span><\/span><\/span><\/strong><span style=\"color: #333333;\"><span style=\"font-family: Liberation Serif, serif;\"><span style=\"font-size: medium;\">Dijous 28 de mar\u00e7 <\/span><\/span><\/span><span style=\"color: #373737;\"><span style=\"font-family: Liberation Serif, serif;\"><span style=\"font-size: medium;\">(10.30 h)<\/span><\/span><\/span><strong><span style=\"color: #333333;\"><span style=\"font-family: Liberation Serif, serif;\"><span style=\"font-size: medium;\"><br \/>\n<\/span><\/span><\/span><\/strong><strong><span style=\"color: #373737;\"><span style=\"font-family: Liberation Serif, serif;\"><span style=\"font-size: medium;\"><b>Lloc<\/b><\/span><\/span><\/span><\/strong><strong><span style=\"color: #373737;\"><span style=\"font-family: Liberation Serif, serif;\"><span style=\"font-size: medium;\">: <\/span><\/span><\/span><\/strong><span style=\"color: #373737;\"><span style=\"font-family: Liberation Serif, serif;\"><span style=\"font-size: medium;\">Oficina de Turisme Casa Abadia (al costat de l&#8217;Esgl\u00e9sia de Sant<\/span><\/span><\/span><span style=\"color: #373737;\"><span style=\"font-family: Liberation Serif, serif;\"><span style=\"font-size: medium;\">o<\/span><\/span><\/span><span style=\"color: #373737;\"><span style=\"font-family: Liberation Serif, serif;\"><span style=\"font-size: medium;\"> Tom<\/span><\/span><\/span><span style=\"color: #373737;\"><span style=\"font-family: Liberation Serif, serif;\"><span style=\"font-size: medium;\">\u00e1<\/span><\/span><\/span><span style=\"color: #373737;\"><span style=\"font-family: Liberation Serif, serif;\"><span style=\"font-size: medium;\">s de Villanueva) https:\/\/goo.gl\/maps\/2vxfjfg7p1trzkyp9<\/span><\/span><\/span><strong><span style=\"color: #333333;\"><span style=\"font-family: Liberation Serif, serif;\"><span style=\"font-size: medium;\"><br \/>\n<\/span><\/span><\/span><\/strong><strong><span style=\"color: #373737;\"><span style=\"font-family: Liberation Serif, serif;\"><span style=\"font-size: medium;\"><b>Duraci\u00f3<\/b><\/span><\/span><\/span><\/strong><strong><span style=\"color: #373737;\"><span style=\"font-family: Liberation Serif, serif;\"><span style=\"font-size: medium;\">: <\/span><\/span><\/span><\/strong><span style=\"color: #373737;\"><span style=\"font-family: Liberation Serif, serif;\"><span style=\"font-size: medium;\">2 h<\/span><\/span><\/span><strong><span style=\"color: #333333;\"><span style=\"font-family: Liberation Serif, serif;\"><span style=\"font-size: medium;\"><br \/>\n<\/span><\/span><\/span><\/strong><strong><span style=\"color: #373737;\"><span style=\"font-family: Liberation Serif, serif;\"><span style=\"font-size: medium;\"><b>Dist\u00e0ncia<\/b><\/span><\/span><\/span><\/strong><strong><span style=\"color: #373737;\"><span style=\"font-family: Liberation Serif, serif;\"><span style=\"font-size: medium;\">:<\/span><\/span><\/span><\/strong><span style=\"color: #373737;\"><span style=\"font-family: Liberation Serif, serif;\"><span style=\"font-size: medium;\"> 2,5 km<\/span><\/span><\/span><strong><span style=\"color: #333333;\"><span style=\"font-family: Liberation Serif, serif;\"><span style=\"font-size: medium;\"><br \/>\n<\/span><\/span><\/span><\/strong><strong><span style=\"color: #373737;\"><span style=\"font-family: Liberation Serif, serif;\"><span style=\"font-size: medium;\"><b>Dificultat<\/b><\/span><\/span><\/span><\/strong><strong><span style=\"color: #373737;\"><span style=\"font-family: Liberation Serif, serif;\"><span style=\"font-size: medium;\">:<\/span><\/span><\/span><\/strong><span style=\"color: #373737;\"><span style=\"font-family: Liberation Serif, serif;\"><span style=\"font-size: medium;\"> Baixa<\/span><\/span><\/span><strong><span style=\"color: #333333;\"><span style=\"font-family: Liberation Serif, serif;\"><span style=\"font-size: medium;\"><br \/>\n<\/span><\/span><\/span><\/strong><strong><span style=\"color: #373737;\"><span style=\"font-family: Liberation Serif, serif;\"><span style=\"font-size: medium;\"><b>Preu<\/b><\/span><\/span><\/span><\/strong><strong><span style=\"color: #373737;\"><span style=\"font-family: Liberation Serif, serif;\"><span style=\"font-size: medium;\">: <\/span><\/span><\/span><\/strong><span style=\"color: #373737;\"><span style=\"font-family: Liberation Serif, serif;\"><span style=\"font-size: medium;\">5 \u20ac (2.5 \u20ac redu\u00efda)<\/span><\/span><\/span><strong><span style=\"color: #333333;\"><span style=\"font-family: Liberation Serif, serif;\"><span style=\"font-size: medium;\"><br \/>\n<\/span><\/span><\/span><\/strong><strong><span style=\"color: #373737;\"><span style=\"font-family: Liberation Serif, serif;\"><span style=\"font-size: medium;\"><b>Descripci\u00f3<\/b><\/span><\/span><\/span><\/strong><strong><span style=\"color: #373737;\"><span style=\"font-family: Liberation Serif, serif;\"><span style=\"font-size: medium;\">: <\/span><\/span><\/span><\/strong><span style=\"color: #373737;\"><span style=\"font-family: Liberation Serif, serif;\"><span style=\"font-size: medium;\">Descobreix la bellesa hist\u00f2rica de Benic\u00e0ssim a trav\u00e9s del seu castell de la Sentinella, el seu patrimoni modernista, els seus carrers i places, el Museu Celler Carmelitano o l&#8217;Esgl\u00e9sia de Sant<\/span><\/span><\/span><span style=\"color: #373737;\"><span style=\"font-family: Liberation Serif, serif;\"><span style=\"font-size: medium;\">o<\/span><\/span><\/span><span style=\"color: #373737;\"><span style=\"font-family: Liberation Serif, serif;\"><span style=\"font-size: medium;\"> Tom<\/span><\/span><\/span><span style=\"color: #373737;\"><span style=\"font-family: Liberation Serif, serif;\"><span style=\"font-size: medium;\">\u00e1<\/span><\/span><\/span><span style=\"color: #373737;\"><span style=\"font-family: Liberation Serif, serif;\"><span style=\"font-size: medium;\">s de Villanueva. Una ruta en la qual, a m\u00e9s, coneixerem un poble amb molta tradici\u00f3 en la cultura dels arrossars, el ra\u00efm moscatell i, per descomptat, la taronja.\u00a0<\/span><\/span><\/span><span style=\"color: #000000;\"><span style=\"font-family: Liberation Serif, serif;\"><span style=\"font-size: medium;\">La necessitat de disposar d\u2019aquest servei d&#8217;int\u00e8rpret en llengua de signes s\u2019haur\u00e0 de confirmar 24 hores abans de la visita. <\/span><\/span><\/span><\/p>\n<p><strong><span style=\"color: #333333;\"><span style=\"font-family: Liberation Serif, serif;\"><span style=\"font-size: medium;\"><br \/>\n<\/span><\/span><\/span><\/strong><strong><span style=\"color: #373737;\"><span style=\"font-family: Liberation Serif, serif;\"><span style=\"font-size: medium;\"><b>Recomanacions<\/b><\/span><\/span><\/span><\/strong><strong><span style=\"color: #373737;\"><span style=\"font-family: Liberation Serif, serif;\"><span style=\"font-size: medium;\">: <\/span><\/span><\/span><\/strong><span style=\"color: #373737;\"><span style=\"font-family: Liberation Serif, serif;\"><span style=\"font-size: medium;\">no est\u00e0 perm\u00e9s l&#8217;acc\u00e9s amb animals (excepte gossos-guia o d&#8217;assist\u00e8ncia)<\/span><\/span><\/span><\/p>\n","protected":false},"excerpt":{"rendered":"<p>Data: Dijous 28 de mar\u00e7 (10.30 h) Lloc: Oficina de Turisme Casa Abadia (al costat de l&#8217;Esgl\u00e9sia de Santo Tom\u00e1s de Villanueva) https:\/\/goo.gl\/maps\/2vxfjfg7p1trzkyp9 Duraci\u00f3: 2 h Dist\u00e0ncia: 2,5 km Dificultat: Baixa Preu: 5 \u20ac (2.5 \u20ac redu\u00efda) Descripci\u00f3: Descobreix la bellesa hist\u00f2rica de Benic\u00e0ssim a trav\u00e9s del seu castell de la Sentinella, el seu patrimoni [&hellip;]<\/p>\n","protected":false},"featured_media":75077,"template":"","meta":{"_acf_changed":false},"product_brand":[],"product_cat":[1035],"product_tag":[496,497,607,612,1083,1038,1084,1085,339,729,760,739,681,623,1072,1073,1086,1041,555],"class_list":{"0":"post-75076","1":"product","2":"type-product","3":"status-publish","4":"has-post-thumbnail","6":"product_cat-de-banu-qasi-a-benicassim-con-visita-a-la-iglesia-y-bodega-incluye-interprete-en-lengua-de-signos-va","7":"product_tag-benicasim-va","8":"product_tag-benicassim-va","9":"product_tag-benicassim-guided-tours-va","10":"product_tag-bodegas-carmelitano-va","11":"product_tag-easter-in-benicassim-va","12":"product_tag-lengua-de-signos-va","13":"product_tag-pascua-en-benicasim-va","14":"product_tag-pascua-en-benicassim-va","15":"product_tag-programa-oficial-de-visitas-guiadas-va","16":"product_tag-programa-oficial-de-visitas-guiadas-benicasim-va","17":"product_tag-programa-oficial-de-visitas-guiadas-benicassim-va","18":"product_tag-programa-oficial-de-visites-guiades-benicassim-va","19":"product_tag-rutas-guiadas-benicasim-va","20":"product_tag-rutas-guiadas-benicassim-va","21":"product_tag-semana-santa-en-benicasim-va","22":"product_tag-semana-santa-en-benicassim-va","23":"product_tag-setmana-santa-a-benicassim-va","24":"product_tag-visita-lengua-de-signos-va","25":"product_tag-visites-guiades-benicassim","27":"first","28":"instock","29":"shipping-taxable","30":"purchasable","31":"product-type-variable"},"acf":[],"yoast_head":"<!-- This site is optimized with the Yoast SEO plugin v27.1.1 - https:\/\/yoast.com\/product\/yoast-seo-wordpress\/ -->\n<title>De Banu Qasi a Benic\u00e0ssim (amb visita a l&#039;esgl\u00e9sia i celler) Inclou int\u00e8rpret en llengua de signes. Dijous 28 de mar\u00e7 de 2024 - 10:30 h - Benic\u00e0ssim Turismo<\/title>\n<meta name=\"robots\" content=\"index, follow, max-snippet:-1, max-image-preview:large, max-video-preview:-1\" \/>\n<link rel=\"canonical\" href=\"https:\/\/turismo.benicassim.es\/va\/producte\/de-banu-qasi-a-benicassim-con-visita-a-la-iglesia-y-bodega-incluye-interprete-en-lengua-de-signos\/\" \/>\n<meta property=\"og:locale\" content=\"en_US\" \/>\n<meta property=\"og:type\" content=\"article\" \/>\n<meta property=\"og:title\" content=\"De Banu Qasi a Benic\u00e0ssim (amb visita a l&#039;esgl\u00e9sia i celler) Inclou int\u00e8rpret en llengua de signes. Dijous 28 de mar\u00e7 de 2024 - 10:30 h - Benic\u00e0ssim Turismo\" \/>\n<meta property=\"og:description\" content=\"Data: Dijous 28 de mar\u00e7 (10.30 h) Lloc: Oficina de Turisme Casa Abadia (al costat de l&#8217;Esgl\u00e9sia de Santo Tom\u00e1s de Villanueva) https:\/\/goo.gl\/maps\/2vxfjfg7p1trzkyp9 Duraci\u00f3: 2 h Dist\u00e0ncia: 2,5 km Dificultat: Baixa Preu: 5 \u20ac (2.5 \u20ac redu\u00efda) Descripci\u00f3: Descobreix la bellesa hist\u00f2rica de Benic\u00e0ssim a trav\u00e9s del seu castell de la Sentinella, el seu patrimoni [&hellip;]\" \/>\n<meta property=\"og:url\" content=\"https:\/\/turismo.benicassim.es\/va\/producte\/de-banu-qasi-a-benicassim-con-visita-a-la-iglesia-y-bodega-incluye-interprete-en-lengua-de-signos\/\" \/>\n<meta property=\"og:site_name\" content=\"Benic\u00e0ssim Turismo\" \/>\n<meta property=\"article:modified_time\" content=\"2024-03-27T14:05:05+00:00\" \/>\n<meta property=\"og:image\" content=\"https:\/\/turismo.benicassim.es\/wp-content\/uploads\/2024\/03\/foto10.jpg\" \/>\n\t<meta property=\"og:image:width\" content=\"1772\" \/>\n\t<meta property=\"og:image:height\" content=\"1182\" \/>\n\t<meta property=\"og:image:type\" content=\"image\/jpeg\" \/>\n<meta name=\"twitter:card\" content=\"summary_large_image\" \/>\n<meta name=\"twitter:label1\" content=\"Est. reading time\" \/>\n\t<meta name=\"twitter:data1\" content=\"1 minute\" \/>\n<script type=\"application\/ld+json\" class=\"yoast-schema-graph\">{\"@context\":\"https:\/\/schema.org\",\"@graph\":[{\"@type\":\"WebPage\",\"@id\":\"https:\/\/turismo.benicassim.es\/va\/producte\/de-banu-qasi-a-benicassim-con-visita-a-la-iglesia-y-bodega-incluye-interprete-en-lengua-de-signos\/\",\"url\":\"https:\/\/turismo.benicassim.es\/va\/producte\/de-banu-qasi-a-benicassim-con-visita-a-la-iglesia-y-bodega-incluye-interprete-en-lengua-de-signos\/\",\"name\":\"De Banu Qasi a Benic\u00e0ssim (amb visita a l'esgl\u00e9sia i celler) Inclou int\u00e8rpret en llengua de signes. Dijous 28 de mar\u00e7 de 2024 - 10:30 h - Benic\u00e0ssim Turismo\",\"isPartOf\":{\"@id\":\"https:\/\/turismo.benicassim.es\/va\/#website\"},\"primaryImageOfPage\":{\"@id\":\"https:\/\/turismo.benicassim.es\/va\/producte\/de-banu-qasi-a-benicassim-con-visita-a-la-iglesia-y-bodega-incluye-interprete-en-lengua-de-signos\/#primaryimage\"},\"image\":{\"@id\":\"https:\/\/turismo.benicassim.es\/va\/producte\/de-banu-qasi-a-benicassim-con-visita-a-la-iglesia-y-bodega-incluye-interprete-en-lengua-de-signos\/#primaryimage\"},\"thumbnailUrl\":\"https:\/\/turismo.benicassim.es\/wp-content\/uploads\/2024\/03\/foto10.jpg\",\"datePublished\":\"2024-03-01T16:23:09+00:00\",\"dateModified\":\"2024-03-27T14:05:05+00:00\",\"breadcrumb\":{\"@id\":\"https:\/\/turismo.benicassim.es\/va\/producte\/de-banu-qasi-a-benicassim-con-visita-a-la-iglesia-y-bodega-incluye-interprete-en-lengua-de-signos\/#breadcrumb\"},\"inLanguage\":\"ca-CA\",\"potentialAction\":[{\"@type\":\"ReadAction\",\"target\":[\"https:\/\/turismo.benicassim.es\/va\/producte\/de-banu-qasi-a-benicassim-con-visita-a-la-iglesia-y-bodega-incluye-interprete-en-lengua-de-signos\/\"]}]},{\"@type\":\"ImageObject\",\"inLanguage\":\"ca-CA\",\"@id\":\"https:\/\/turismo.benicassim.es\/va\/producte\/de-banu-qasi-a-benicassim-con-visita-a-la-iglesia-y-bodega-incluye-interprete-en-lengua-de-signos\/#primaryimage\",\"url\":\"https:\/\/turismo.benicassim.es\/wp-content\/uploads\/2024\/03\/foto10.jpg\",\"contentUrl\":\"https:\/\/turismo.benicassim.es\/wp-content\/uploads\/2024\/03\/foto10.jpg\",\"width\":1772,\"height\":1182},{\"@type\":\"BreadcrumbList\",\"@id\":\"https:\/\/turismo.benicassim.es\/va\/producte\/de-banu-qasi-a-benicassim-con-visita-a-la-iglesia-y-bodega-incluye-interprete-en-lengua-de-signos\/#breadcrumb\",\"itemListElement\":[{\"@type\":\"ListItem\",\"position\":1,\"name\":\"Inicio\",\"item\":\"https:\/\/turismo.benicassim.es\/va\/\"},{\"@type\":\"ListItem\",\"position\":2,\"name\":\"Tenda\",\"item\":\"https:\/\/turismo.benicassim.es\/va\/tenda\/\"},{\"@type\":\"ListItem\",\"position\":3,\"name\":\"De Banu Qasi a Benic\u00e0ssim (amb visita a l&#8217;esgl\u00e9sia i celler) Inclou int\u00e8rpret en llengua de signes. Dijous 28 de mar\u00e7 de 2024 &#8211; 10:30 h\"}]},{\"@type\":\"WebSite\",\"@id\":\"https:\/\/turismo.benicassim.es\/va\/#website\",\"url\":\"https:\/\/turismo.benicassim.es\/va\/\",\"name\":\"Benic\u00e0ssim Turismo\",\"description\":\"Web de informaci\u00f3n de Turismo en Benicasim\",\"potentialAction\":[{\"@type\":\"SearchAction\",\"target\":{\"@type\":\"EntryPoint\",\"urlTemplate\":\"https:\/\/turismo.benicassim.es\/va\/?s={search_term_string}\"},\"query-input\":{\"@type\":\"PropertyValueSpecification\",\"valueRequired\":true,\"valueName\":\"search_term_string\"}}],\"inLanguage\":\"ca-CA\"}]}<\/script>\n<!-- \/ Yoast SEO plugin. -->","yoast_head_json":{"title":"De Banu Qasi a Benic\u00e0ssim (amb visita a l'esgl\u00e9sia i celler) Inclou int\u00e8rpret en llengua de signes. Dijous 28 de mar\u00e7 de 2024 - 10:30 h - Benic\u00e0ssim Turismo","robots":{"index":"index","follow":"follow","max-snippet":"max-snippet:-1","max-image-preview":"max-image-preview:large","max-video-preview":"max-video-preview:-1"},"canonical":"https:\/\/turismo.benicassim.es\/va\/producte\/de-banu-qasi-a-benicassim-con-visita-a-la-iglesia-y-bodega-incluye-interprete-en-lengua-de-signos\/","og_locale":"en_US","og_type":"article","og_title":"De Banu Qasi a Benic\u00e0ssim (amb visita a l'esgl\u00e9sia i celler) Inclou int\u00e8rpret en llengua de signes. Dijous 28 de mar\u00e7 de 2024 - 10:30 h - Benic\u00e0ssim Turismo","og_description":"Data: Dijous 28 de mar\u00e7 (10.30 h) Lloc: Oficina de Turisme Casa Abadia (al costat de l&#8217;Esgl\u00e9sia de Santo Tom\u00e1s de Villanueva) https:\/\/goo.gl\/maps\/2vxfjfg7p1trzkyp9 Duraci\u00f3: 2 h Dist\u00e0ncia: 2,5 km Dificultat: Baixa Preu: 5 \u20ac (2.5 \u20ac redu\u00efda) Descripci\u00f3: Descobreix la bellesa hist\u00f2rica de Benic\u00e0ssim a trav\u00e9s del seu castell de la Sentinella, el seu patrimoni [&hellip;]","og_url":"https:\/\/turismo.benicassim.es\/va\/producte\/de-banu-qasi-a-benicassim-con-visita-a-la-iglesia-y-bodega-incluye-interprete-en-lengua-de-signos\/","og_site_name":"Benic\u00e0ssim Turismo","article_modified_time":"2024-03-27T14:05:05+00:00","og_image":[{"width":1772,"height":1182,"url":"https:\/\/turismo.benicassim.es\/wp-content\/uploads\/2024\/03\/foto10.jpg","type":"image\/jpeg"}],"twitter_card":"summary_large_image","twitter_misc":{"Est. reading time":"1 minute"},"schema":{"@context":"https:\/\/schema.org","@graph":[{"@type":"WebPage","@id":"https:\/\/turismo.benicassim.es\/va\/producte\/de-banu-qasi-a-benicassim-con-visita-a-la-iglesia-y-bodega-incluye-interprete-en-lengua-de-signos\/","url":"https:\/\/turismo.benicassim.es\/va\/producte\/de-banu-qasi-a-benicassim-con-visita-a-la-iglesia-y-bodega-incluye-interprete-en-lengua-de-signos\/","name":"De Banu Qasi a Benic\u00e0ssim (amb visita a l'esgl\u00e9sia i celler) Inclou int\u00e8rpret en llengua de signes. Dijous 28 de mar\u00e7 de 2024 - 10:30 h - Benic\u00e0ssim Turismo","isPartOf":{"@id":"https:\/\/turismo.benicassim.es\/va\/#website"},"primaryImageOfPage":{"@id":"https:\/\/turismo.benicassim.es\/va\/producte\/de-banu-qasi-a-benicassim-con-visita-a-la-iglesia-y-bodega-incluye-interprete-en-lengua-de-signos\/#primaryimage"},"image":{"@id":"https:\/\/turismo.benicassim.es\/va\/producte\/de-banu-qasi-a-benicassim-con-visita-a-la-iglesia-y-bodega-incluye-interprete-en-lengua-de-signos\/#primaryimage"},"thumbnailUrl":"https:\/\/turismo.benicassim.es\/wp-content\/uploads\/2024\/03\/foto10.jpg","datePublished":"2024-03-01T16:23:09+00:00","dateModified":"2024-03-27T14:05:05+00:00","breadcrumb":{"@id":"https:\/\/turismo.benicassim.es\/va\/producte\/de-banu-qasi-a-benicassim-con-visita-a-la-iglesia-y-bodega-incluye-interprete-en-lengua-de-signos\/#breadcrumb"},"inLanguage":"ca-CA","potentialAction":[{"@type":"ReadAction","target":["https:\/\/turismo.benicassim.es\/va\/producte\/de-banu-qasi-a-benicassim-con-visita-a-la-iglesia-y-bodega-incluye-interprete-en-lengua-de-signos\/"]}]},{"@type":"ImageObject","inLanguage":"ca-CA","@id":"https:\/\/turismo.benicassim.es\/va\/producte\/de-banu-qasi-a-benicassim-con-visita-a-la-iglesia-y-bodega-incluye-interprete-en-lengua-de-signos\/#primaryimage","url":"https:\/\/turismo.benicassim.es\/wp-content\/uploads\/2024\/03\/foto10.jpg","contentUrl":"https:\/\/turismo.benicassim.es\/wp-content\/uploads\/2024\/03\/foto10.jpg","width":1772,"height":1182},{"@type":"BreadcrumbList","@id":"https:\/\/turismo.benicassim.es\/va\/producte\/de-banu-qasi-a-benicassim-con-visita-a-la-iglesia-y-bodega-incluye-interprete-en-lengua-de-signos\/#breadcrumb","itemListElement":[{"@type":"ListItem","position":1,"name":"Inicio","item":"https:\/\/turismo.benicassim.es\/va\/"},{"@type":"ListItem","position":2,"name":"Tenda","item":"https:\/\/turismo.benicassim.es\/va\/tenda\/"},{"@type":"ListItem","position":3,"name":"De Banu Qasi a Benic\u00e0ssim (amb visita a l&#8217;esgl\u00e9sia i celler) Inclou int\u00e8rpret en llengua de signes. Dijous 28 de mar\u00e7 de 2024 &#8211; 10:30 h"}]},{"@type":"WebSite","@id":"https:\/\/turismo.benicassim.es\/va\/#website","url":"https:\/\/turismo.benicassim.es\/va\/","name":"Benic\u00e0ssim Turismo","description":"Web de informaci\u00f3n de Turismo en Benicasim","potentialAction":[{"@type":"SearchAction","target":{"@type":"EntryPoint","urlTemplate":"https:\/\/turismo.benicassim.es\/va\/?s={search_term_string}"},"query-input":{"@type":"PropertyValueSpecification","valueRequired":true,"valueName":"search_term_string"}}],"inLanguage":"ca-CA"}]}},"_links":{"self":[{"href":"https:\/\/turismo.benicassim.es\/va\/wp-json\/wp\/v2\/product\/75076","targetHints":{"allow":["GET"]}}],"collection":[{"href":"https:\/\/turismo.benicassim.es\/va\/wp-json\/wp\/v2\/product"}],"about":[{"href":"https:\/\/turismo.benicassim.es\/va\/wp-json\/wp\/v2\/types\/product"}],"wp:featuredmedia":[{"embeddable":true,"href":"https:\/\/turismo.benicassim.es\/va\/wp-json\/wp\/v2\/media\/75077"}],"wp:attachment":[{"href":"https:\/\/turismo.benicassim.es\/va\/wp-json\/wp\/v2\/media?parent=75076"}],"wp:term":[{"taxonomy":"product_brand","embeddable":true,"href":"https:\/\/turismo.benicassim.es\/va\/wp-json\/wp\/v2\/product_brand?post=75076"},{"taxonomy":"product_cat","embeddable":true,"href":"https:\/\/turismo.benicassim.es\/va\/wp-json\/wp\/v2\/product_cat?post=75076"},{"taxonomy":"product_tag","embeddable":true,"href":"https:\/\/turismo.benicassim.es\/va\/wp-json\/wp\/v2\/product_tag?post=75076"}],"curies":[{"name":"wp","href":"https:\/\/api.w.org\/{rel}","templated":true}]}}