{"id":75204,"date":"2024-03-12T10:25:39","date_gmt":"2024-03-12T09:25:39","guid":{"rendered":"https:\/\/turismo.benicassim.es\/?post_type=product&#038;p=75204"},"modified":"2024-04-25T14:42:53","modified_gmt":"2024-04-25T12:42:53","slug":"benicassim-una-ruta-de-cine-con-interprete-en-lengua-de-signos-sabado-20-de-abril-de-2024-1730-h","status":"publish","type":"product","link":"https:\/\/turismo.benicassim.es\/va\/producte\/benicassim-una-ruta-de-cine-con-interprete-en-lengua-de-signos-sabado-20-de-abril-de-2024-1730-h\/","title":{"rendered":"Benic\u00e0ssim: una ruta de cinema (Amb int\u00e8rpret en llengua de signes). Dimecres 1 de maig de 2024 &#8211; 11:00 h"},"content":{"rendered":"<p><b>Data:<\/b> Dimecres 1 de maig (11.00 h)<\/p>\n<p><b>Lloc: <\/b>Torre de Sant Vicent. (Av. Ferrandis Salvador, 1) <a href=\"https:\/\/goo.gl\/maps\/PV2LMappNn6ZjvCRA\"><span style=\"color: #333333;\"><span style=\"font-family: Montserrat, sans-serif;\"><span style=\"font-size: small;\">https:\/\/goo.gl\/maps\/PV2LMappNn6ZjvCRA<\/span><\/span><\/span><\/a><\/p>\n<p><b>Duraci\u00f3:<\/b> 1 hora i 30 min.<\/p>\n<p><b>Dist\u00e0ncia:<\/b> 2,5 km.<\/p>\n<p><b>Dificultat:<\/b> Baixa (adults).<\/p>\n<p><b>Preu:<\/b> 3 \u20ac (1,5 \u20ac redu\u00efda).<\/p>\n<p align=\"justify\"><b>Descripci\u00f3: <\/b>Luis Garc\u00eda Berlanga, el director de cinema valenci\u00e0 m\u00e9s internacional, va decidir que el nostre litoral i els seus paisatges havien de ser l&#8217;escenari d&#8217;una de les seues primeres i m\u00e9s belles pel\u00b7l\u00edcules: <i>Novio<\/i><i> a la vista<\/i>. Per aix\u00f2, et proposem un passeig on recorrerem els escenaris de Berlanga i d&#8217;altres directors que van portar a la pantalla gran alguns dels paisatges benicassuts m\u00e9s reconeguts. <span style=\"color: #000000;\"><span style=\"font-family: Liberation Serif, serif;\"><span style=\"font-size: medium;\">A m\u00e9s, en aquesta visita ens acompanyar\u00e0 un int\u00e8rpret en <\/span><\/span><\/span><span style=\"color: #000000;\"><span style=\"font-family: Liberation Serif, serif;\"><span style=\"font-size: medium;\"><b>llengua de signes<\/b><\/span><\/span><\/span><span style=\"color: #000000;\"><span style=\"font-family: Liberation Serif, serif;\"><span style=\"font-size: medium;\">, amb la finalitat d&#8217;afavorir la comunicaci\u00f3 entre les persones sordes, amb discapacitat auditiva i sordcegues i les persones o\u00efdores.\u00a0<\/span><\/span><\/span><span style=\"color: #000000;\"><span style=\"font-family: Liberation Serif, serif;\"><span style=\"font-size: medium;\">La neces<\/span><\/span><\/span><span style=\"color: #000000;\"><span style=\"font-family: Liberation Serif, serif;\"><span style=\"font-size: medium;\">sitat de disposar d\u2019aquest servei s\u2019haur\u00e0 de <\/span><\/span><\/span><span style=\"color: #000000;\"><span style=\"font-family: Liberation Serif, serif;\"><span style=\"font-size: medium;\">confirmar 24 hor<\/span><\/span><\/span><span style=\"color: #000000;\"><span style=\"font-family: Liberation Serif, serif;\"><span style=\"font-size: medium;\">e<\/span><\/span><\/span><span style=\"color: #000000;\"><span style=\"font-family: Liberation Serif, serif;\"><span style=\"font-size: medium;\">s a<\/span><\/span><\/span><span style=\"color: #000000;\"><span style=\"font-family: Liberation Serif, serif;\"><span style=\"font-size: medium;\">ban<\/span><\/span><\/span><span style=\"color: #000000;\"><span style=\"font-family: Liberation Serif, serif;\"><span style=\"font-size: medium;\">s de la visita. <\/span><\/span><\/span><\/p>\n<p><b>Recomanacions:<\/b> Durant la prestaci\u00f3 del servei no est\u00e0 perm\u00e9s l&#8217;acc\u00e9s amb animals (excepte gossos guia o d&#8217;assist\u00e8ncia).<\/p>\n","protected":false},"excerpt":{"rendered":"<p>Data: Dimecres 1 de maig (11.00 h) Lloc: Torre de Sant Vicent. (Av. Ferrandis Salvador, 1) https:\/\/goo.gl\/maps\/PV2LMappNn6ZjvCRA Duraci\u00f3: 1 hora i 30 min. Dist\u00e0ncia: 2,5 km. Dificultat: Baixa (adults). Preu: 3 \u20ac (1,5 \u20ac redu\u00efda). Descripci\u00f3: Luis Garc\u00eda Berlanga, el director de cinema valenci\u00e0 m\u00e9s internacional, va decidir que el nostre litoral i els seus [&hellip;]<\/p>\n","protected":false},"featured_media":74930,"template":"","meta":{"_acf_changed":false},"product_brand":[],"product_cat":[1108],"product_tag":[496,497,607,1101,1102,1115,1116,339,729,760,1117,681,623,556,553,554],"class_list":{"0":"post-75204","1":"product","2":"type-product","3":"status-publish","4":"has-post-thumbnail","6":"product_cat-benicassim-una-ruta-de-cinema-amb-interpret-de-llengua-de-signes","7":"product_tag-benicasim-va","8":"product_tag-benicassim-va","9":"product_tag-benicassim-guided-tours-va","10":"product_tag-berlanga-va","11":"product_tag-cine-va","12":"product_tag-cinema-benicassim-va","13":"product_tag-film-benicassim-va","14":"product_tag-programa-oficial-de-visitas-guiadas-va","15":"product_tag-programa-oficial-de-visitas-guiadas-benicasim-va","16":"product_tag-programa-oficial-de-visitas-guiadas-benicassim-va","17":"product_tag-rutas-guiadas-va","18":"product_tag-rutas-guiadas-benicasim-va","19":"product_tag-rutas-guiadas-benicassim-va","20":"product_tag-rutes-guiades-benicassim","21":"product_tag-visitas-guiadas-benicasim-va","22":"product_tag-visitas-guiadas-benicassim-va","24":"first","25":"instock","26":"shipping-taxable","27":"purchasable","28":"product-type-variable"},"acf":[],"yoast_head":"<!-- This site is optimized with the Yoast SEO plugin v27.1.1 - https:\/\/yoast.com\/product\/yoast-seo-wordpress\/ -->\n<title>Benic\u00e0ssim: una ruta de cinema (Amb int\u00e8rpret en llengua de signes). Dimecres 1 de maig de 2024 - 11:00 h - Benic\u00e0ssim Turismo<\/title>\n<meta name=\"robots\" content=\"index, follow, max-snippet:-1, max-image-preview:large, max-video-preview:-1\" \/>\n<link rel=\"canonical\" href=\"https:\/\/turismo.benicassim.es\/va\/producte\/benicassim-una-ruta-de-cine-con-interprete-en-lengua-de-signos-sabado-20-de-abril-de-2024-1730-h\/\" \/>\n<meta property=\"og:locale\" content=\"en_US\" \/>\n<meta property=\"og:type\" content=\"article\" \/>\n<meta property=\"og:title\" content=\"Benic\u00e0ssim: una ruta de cinema (Amb int\u00e8rpret en llengua de signes). Dimecres 1 de maig de 2024 - 11:00 h - Benic\u00e0ssim Turismo\" \/>\n<meta property=\"og:description\" content=\"Data: Dimecres 1 de maig (11.00 h) Lloc: Torre de Sant Vicent. (Av. Ferrandis Salvador, 1) https:\/\/goo.gl\/maps\/PV2LMappNn6ZjvCRA Duraci\u00f3: 1 hora i 30 min. Dist\u00e0ncia: 2,5 km. Dificultat: Baixa (adults). Preu: 3 \u20ac (1,5 \u20ac redu\u00efda). Descripci\u00f3: Luis Garc\u00eda Berlanga, el director de cinema valenci\u00e0 m\u00e9s internacional, va decidir que el nostre litoral i els seus [&hellip;]\" \/>\n<meta property=\"og:url\" content=\"https:\/\/turismo.benicassim.es\/va\/producte\/benicassim-una-ruta-de-cine-con-interprete-en-lengua-de-signos-sabado-20-de-abril-de-2024-1730-h\/\" \/>\n<meta property=\"og:site_name\" content=\"Benic\u00e0ssim Turismo\" \/>\n<meta property=\"article:modified_time\" content=\"2024-04-25T12:42:53+00:00\" \/>\n<meta property=\"og:image\" content=\"https:\/\/turismo.benicassim.es\/wp-content\/uploads\/2024\/02\/foto24.jpg\" \/>\n\t<meta property=\"og:image:width\" content=\"1772\" \/>\n\t<meta property=\"og:image:height\" content=\"1182\" \/>\n\t<meta property=\"og:image:type\" content=\"image\/jpeg\" \/>\n<meta name=\"twitter:card\" content=\"summary_large_image\" \/>\n<meta name=\"twitter:label1\" content=\"Est. reading time\" \/>\n\t<meta name=\"twitter:data1\" content=\"1 minute\" \/>\n<script type=\"application\/ld+json\" class=\"yoast-schema-graph\">{\"@context\":\"https:\/\/schema.org\",\"@graph\":[{\"@type\":\"WebPage\",\"@id\":\"https:\/\/turismo.benicassim.es\/va\/producte\/benicassim-una-ruta-de-cine-con-interprete-en-lengua-de-signos-sabado-20-de-abril-de-2024-1730-h\/\",\"url\":\"https:\/\/turismo.benicassim.es\/va\/producte\/benicassim-una-ruta-de-cine-con-interprete-en-lengua-de-signos-sabado-20-de-abril-de-2024-1730-h\/\",\"name\":\"Benic\u00e0ssim: una ruta de cinema (Amb int\u00e8rpret en llengua de signes). Dimecres 1 de maig de 2024 - 11:00 h - Benic\u00e0ssim Turismo\",\"isPartOf\":{\"@id\":\"https:\/\/turismo.benicassim.es\/va\/#website\"},\"primaryImageOfPage\":{\"@id\":\"https:\/\/turismo.benicassim.es\/va\/producte\/benicassim-una-ruta-de-cine-con-interprete-en-lengua-de-signos-sabado-20-de-abril-de-2024-1730-h\/#primaryimage\"},\"image\":{\"@id\":\"https:\/\/turismo.benicassim.es\/va\/producte\/benicassim-una-ruta-de-cine-con-interprete-en-lengua-de-signos-sabado-20-de-abril-de-2024-1730-h\/#primaryimage\"},\"thumbnailUrl\":\"https:\/\/turismo.benicassim.es\/wp-content\/uploads\/2024\/02\/foto24.jpg\",\"datePublished\":\"2024-03-12T09:25:39+00:00\",\"dateModified\":\"2024-04-25T12:42:53+00:00\",\"breadcrumb\":{\"@id\":\"https:\/\/turismo.benicassim.es\/va\/producte\/benicassim-una-ruta-de-cine-con-interprete-en-lengua-de-signos-sabado-20-de-abril-de-2024-1730-h\/#breadcrumb\"},\"inLanguage\":\"ca-CA\",\"potentialAction\":[{\"@type\":\"ReadAction\",\"target\":[\"https:\/\/turismo.benicassim.es\/va\/producte\/benicassim-una-ruta-de-cine-con-interprete-en-lengua-de-signos-sabado-20-de-abril-de-2024-1730-h\/\"]}]},{\"@type\":\"ImageObject\",\"inLanguage\":\"ca-CA\",\"@id\":\"https:\/\/turismo.benicassim.es\/va\/producte\/benicassim-una-ruta-de-cine-con-interprete-en-lengua-de-signos-sabado-20-de-abril-de-2024-1730-h\/#primaryimage\",\"url\":\"https:\/\/turismo.benicassim.es\/wp-content\/uploads\/2024\/02\/foto24.jpg\",\"contentUrl\":\"https:\/\/turismo.benicassim.es\/wp-content\/uploads\/2024\/02\/foto24.jpg\",\"width\":1772,\"height\":1182},{\"@type\":\"BreadcrumbList\",\"@id\":\"https:\/\/turismo.benicassim.es\/va\/producte\/benicassim-una-ruta-de-cine-con-interprete-en-lengua-de-signos-sabado-20-de-abril-de-2024-1730-h\/#breadcrumb\",\"itemListElement\":[{\"@type\":\"ListItem\",\"position\":1,\"name\":\"Inicio\",\"item\":\"https:\/\/turismo.benicassim.es\/va\/\"},{\"@type\":\"ListItem\",\"position\":2,\"name\":\"Tenda\",\"item\":\"https:\/\/turismo.benicassim.es\/va\/tenda\/\"},{\"@type\":\"ListItem\",\"position\":3,\"name\":\"Benic\u00e0ssim: una ruta de cinema (Amb int\u00e8rpret en llengua de signes). Dimecres 1 de maig de 2024 &#8211; 11:00 h\"}]},{\"@type\":\"WebSite\",\"@id\":\"https:\/\/turismo.benicassim.es\/va\/#website\",\"url\":\"https:\/\/turismo.benicassim.es\/va\/\",\"name\":\"Benic\u00e0ssim Turismo\",\"description\":\"Web de informaci\u00f3n de Turismo en Benicasim\",\"potentialAction\":[{\"@type\":\"SearchAction\",\"target\":{\"@type\":\"EntryPoint\",\"urlTemplate\":\"https:\/\/turismo.benicassim.es\/va\/?s={search_term_string}\"},\"query-input\":{\"@type\":\"PropertyValueSpecification\",\"valueRequired\":true,\"valueName\":\"search_term_string\"}}],\"inLanguage\":\"ca-CA\"}]}<\/script>\n<!-- \/ Yoast SEO plugin. -->","yoast_head_json":{"title":"Benic\u00e0ssim: una ruta de cinema (Amb int\u00e8rpret en llengua de signes). Dimecres 1 de maig de 2024 - 11:00 h - Benic\u00e0ssim Turismo","robots":{"index":"index","follow":"follow","max-snippet":"max-snippet:-1","max-image-preview":"max-image-preview:large","max-video-preview":"max-video-preview:-1"},"canonical":"https:\/\/turismo.benicassim.es\/va\/producte\/benicassim-una-ruta-de-cine-con-interprete-en-lengua-de-signos-sabado-20-de-abril-de-2024-1730-h\/","og_locale":"en_US","og_type":"article","og_title":"Benic\u00e0ssim: una ruta de cinema (Amb int\u00e8rpret en llengua de signes). Dimecres 1 de maig de 2024 - 11:00 h - Benic\u00e0ssim Turismo","og_description":"Data: Dimecres 1 de maig (11.00 h) Lloc: Torre de Sant Vicent. (Av. Ferrandis Salvador, 1) https:\/\/goo.gl\/maps\/PV2LMappNn6ZjvCRA Duraci\u00f3: 1 hora i 30 min. Dist\u00e0ncia: 2,5 km. Dificultat: Baixa (adults). Preu: 3 \u20ac (1,5 \u20ac redu\u00efda). Descripci\u00f3: Luis Garc\u00eda Berlanga, el director de cinema valenci\u00e0 m\u00e9s internacional, va decidir que el nostre litoral i els seus [&hellip;]","og_url":"https:\/\/turismo.benicassim.es\/va\/producte\/benicassim-una-ruta-de-cine-con-interprete-en-lengua-de-signos-sabado-20-de-abril-de-2024-1730-h\/","og_site_name":"Benic\u00e0ssim Turismo","article_modified_time":"2024-04-25T12:42:53+00:00","og_image":[{"width":1772,"height":1182,"url":"https:\/\/turismo.benicassim.es\/wp-content\/uploads\/2024\/02\/foto24.jpg","type":"image\/jpeg"}],"twitter_card":"summary_large_image","twitter_misc":{"Est. reading time":"1 minute"},"schema":{"@context":"https:\/\/schema.org","@graph":[{"@type":"WebPage","@id":"https:\/\/turismo.benicassim.es\/va\/producte\/benicassim-una-ruta-de-cine-con-interprete-en-lengua-de-signos-sabado-20-de-abril-de-2024-1730-h\/","url":"https:\/\/turismo.benicassim.es\/va\/producte\/benicassim-una-ruta-de-cine-con-interprete-en-lengua-de-signos-sabado-20-de-abril-de-2024-1730-h\/","name":"Benic\u00e0ssim: una ruta de cinema (Amb int\u00e8rpret en llengua de signes). Dimecres 1 de maig de 2024 - 11:00 h - Benic\u00e0ssim Turismo","isPartOf":{"@id":"https:\/\/turismo.benicassim.es\/va\/#website"},"primaryImageOfPage":{"@id":"https:\/\/turismo.benicassim.es\/va\/producte\/benicassim-una-ruta-de-cine-con-interprete-en-lengua-de-signos-sabado-20-de-abril-de-2024-1730-h\/#primaryimage"},"image":{"@id":"https:\/\/turismo.benicassim.es\/va\/producte\/benicassim-una-ruta-de-cine-con-interprete-en-lengua-de-signos-sabado-20-de-abril-de-2024-1730-h\/#primaryimage"},"thumbnailUrl":"https:\/\/turismo.benicassim.es\/wp-content\/uploads\/2024\/02\/foto24.jpg","datePublished":"2024-03-12T09:25:39+00:00","dateModified":"2024-04-25T12:42:53+00:00","breadcrumb":{"@id":"https:\/\/turismo.benicassim.es\/va\/producte\/benicassim-una-ruta-de-cine-con-interprete-en-lengua-de-signos-sabado-20-de-abril-de-2024-1730-h\/#breadcrumb"},"inLanguage":"ca-CA","potentialAction":[{"@type":"ReadAction","target":["https:\/\/turismo.benicassim.es\/va\/producte\/benicassim-una-ruta-de-cine-con-interprete-en-lengua-de-signos-sabado-20-de-abril-de-2024-1730-h\/"]}]},{"@type":"ImageObject","inLanguage":"ca-CA","@id":"https:\/\/turismo.benicassim.es\/va\/producte\/benicassim-una-ruta-de-cine-con-interprete-en-lengua-de-signos-sabado-20-de-abril-de-2024-1730-h\/#primaryimage","url":"https:\/\/turismo.benicassim.es\/wp-content\/uploads\/2024\/02\/foto24.jpg","contentUrl":"https:\/\/turismo.benicassim.es\/wp-content\/uploads\/2024\/02\/foto24.jpg","width":1772,"height":1182},{"@type":"BreadcrumbList","@id":"https:\/\/turismo.benicassim.es\/va\/producte\/benicassim-una-ruta-de-cine-con-interprete-en-lengua-de-signos-sabado-20-de-abril-de-2024-1730-h\/#breadcrumb","itemListElement":[{"@type":"ListItem","position":1,"name":"Inicio","item":"https:\/\/turismo.benicassim.es\/va\/"},{"@type":"ListItem","position":2,"name":"Tenda","item":"https:\/\/turismo.benicassim.es\/va\/tenda\/"},{"@type":"ListItem","position":3,"name":"Benic\u00e0ssim: una ruta de cinema (Amb int\u00e8rpret en llengua de signes). Dimecres 1 de maig de 2024 &#8211; 11:00 h"}]},{"@type":"WebSite","@id":"https:\/\/turismo.benicassim.es\/va\/#website","url":"https:\/\/turismo.benicassim.es\/va\/","name":"Benic\u00e0ssim Turismo","description":"Web de informaci\u00f3n de Turismo en Benicasim","potentialAction":[{"@type":"SearchAction","target":{"@type":"EntryPoint","urlTemplate":"https:\/\/turismo.benicassim.es\/va\/?s={search_term_string}"},"query-input":{"@type":"PropertyValueSpecification","valueRequired":true,"valueName":"search_term_string"}}],"inLanguage":"ca-CA"}]}},"_links":{"self":[{"href":"https:\/\/turismo.benicassim.es\/va\/wp-json\/wp\/v2\/product\/75204","targetHints":{"allow":["GET"]}}],"collection":[{"href":"https:\/\/turismo.benicassim.es\/va\/wp-json\/wp\/v2\/product"}],"about":[{"href":"https:\/\/turismo.benicassim.es\/va\/wp-json\/wp\/v2\/types\/product"}],"wp:featuredmedia":[{"embeddable":true,"href":"https:\/\/turismo.benicassim.es\/va\/wp-json\/wp\/v2\/media\/74930"}],"wp:attachment":[{"href":"https:\/\/turismo.benicassim.es\/va\/wp-json\/wp\/v2\/media?parent=75204"}],"wp:term":[{"taxonomy":"product_brand","embeddable":true,"href":"https:\/\/turismo.benicassim.es\/va\/wp-json\/wp\/v2\/product_brand?post=75204"},{"taxonomy":"product_cat","embeddable":true,"href":"https:\/\/turismo.benicassim.es\/va\/wp-json\/wp\/v2\/product_cat?post=75204"},{"taxonomy":"product_tag","embeddable":true,"href":"https:\/\/turismo.benicassim.es\/va\/wp-json\/wp\/v2\/product_tag?post=75204"}],"curies":[{"name":"wp","href":"https:\/\/api.w.org\/{rel}","templated":true}]}}