{"id":75227,"date":"2024-03-12T12:31:56","date_gmt":"2024-03-12T11:31:56","guid":{"rendered":"https:\/\/turismo.benicassim.es\/?post_type=product&#038;p=75227"},"modified":"2024-03-12T12:52:54","modified_gmt":"2024-03-12T11:52:54","slug":"a-vista-de-pajaro-por-las-crestas-del-desert-de-les-palmes-domingo-21-de-abril-de-2024-900-h","status":"publish","type":"product","link":"https:\/\/turismo.benicassim.es\/va\/producte\/a-vista-de-pajaro-por-las-crestas-del-desert-de-les-palmes-domingo-21-de-abril-de-2024-900-h\/","title":{"rendered":"A vista d&#8217;ocell: per les Crestes del Desert de les Palmes. Diumenge 21 d&#8217;abril de 2024 &#8211; 9:00 h"},"content":{"rendered":"<p><b>Dat<\/b><b>a<\/b>: Diumenge 21 d&#8217;abril (9.00 hores)<\/p>\n<p><b>Lloc<\/b>: P\u00e0rquing Monestir Carmelita https:\/\/goo.gl\/maps\/z5jmxoyxcdcwpma1a<\/p>\n<p><b>Duraci\u00f3<\/b>: 4,5 hores.<\/p>\n<p><b>Dist\u00e0ncia<\/b>: 7 km.<\/p>\n<p><b>Dificultat<\/b>: Moderada &#8211; alta.<\/p>\n<p><b>Preu<\/b>: 3 \u20ac (1,5 \u20ac redu\u00efda).<\/p>\n<p align=\"justify\"><b>Descripci\u00f3<\/b>: realitzarem una fascinant e ruta senderista absolutament plena de sorpreses naturals i amb les millors vistes, no sols de la costa de Benic\u00e0ssim i bona part de la de tota la prov\u00edncia, sin\u00f3 tamb\u00e9 de l&#8217;escarpat i verd territori de les comarques interiors castellonenques i el lluny\u00e0 pic de Penyagolosa, el m\u00edtic Gegant de Pedra. Culminarem la ruta ascendint a la muntanya Bartolo, cim del parc natural.<\/p>\n<p><b>Recomanacions<\/b>: sabata d&#8217;esport, gorra, esmorzar i beguda. Durant la prestaci\u00f3 del servei no est\u00e0 perm\u00e9s l&#8217;acc\u00e9s amb animals (excepte gossos guia o d&#8217;assist\u00e8ncia).<\/p>\n","protected":false},"excerpt":{"rendered":"<p>Data: Diumenge 21 d&#8217;abril (9.00 hores) Lloc: P\u00e0rquing Monestir Carmelita https:\/\/goo.gl\/maps\/z5jmxoyxcdcwpma1a Duraci\u00f3: 4,5 hores. Dist\u00e0ncia: 7 km. Dificultat: Moderada &#8211; alta. Preu: 3 \u20ac (1,5 \u20ac redu\u00efda). Descripci\u00f3: realitzarem una fascinant e ruta senderista absolutament plena de sorpreses naturals i amb les millors vistes, no sols de la costa de Benic\u00e0ssim i bona part de [&hellip;]<\/p>\n","protected":false},"featured_media":75233,"template":"","meta":{"_acf_changed":false},"product_brand":[],"product_cat":[299],"product_tag":[496,607,1128,1104,303,1129,1130,1131,339,729,760,739,551,623,556,735,555,624],"class_list":{"0":"post-75227","1":"product","2":"type-product","3":"status-publish","4":"has-post-thumbnail","6":"product_cat-benicassim-a-vista-de-pajaro-las-crestas-del-desert-de-les-palmes-va","7":"product_tag-benicasim-va","8":"product_tag-benicassim-guided-tours-va","9":"product_tag-crestas-va","10":"product_tag-desert-de-les-palmes-va","11":"product_tag-desierto-de-las-palmas-va","12":"product_tag-parc-natural-va","13":"product_tag-parc-natural-desert-de-les-palmes-va","14":"product_tag-parque-natural-va","15":"product_tag-programa-oficial-de-visitas-guiadas-va","16":"product_tag-programa-oficial-de-visitas-guiadas-benicasim-va","17":"product_tag-programa-oficial-de-visitas-guiadas-benicassim-va","18":"product_tag-programa-oficial-de-visites-guiades-benicassim-va","19":"product_tag-programa-oficial-visitas-guiadas-benicasim-va","20":"product_tag-rutas-guiadas-benicassim-va","21":"product_tag-rutes-guiades-benicassim","22":"product_tag-senderismo-benicasim-va","23":"product_tag-visites-guiades-benicassim","24":"product_tag-visites-guiades-en-benicassim-va","26":"first","27":"instock","28":"shipping-taxable","29":"purchasable","30":"product-type-variable"},"acf":[],"yoast_head":"<!-- This site is optimized with the Yoast SEO plugin v27.4 - https:\/\/yoast.com\/product\/yoast-seo-wordpress\/ -->\n<title>A vista d&#039;ocell: per les Crestes del Desert de les Palmes. Diumenge 21 d&#039;abril de 2024 - 9:00 h - Benic\u00e0ssim Turismo<\/title>\n<meta name=\"robots\" content=\"index, follow, max-snippet:-1, max-image-preview:large, max-video-preview:-1\" \/>\n<link rel=\"canonical\" href=\"https:\/\/turismo.benicassim.es\/va\/producte\/a-vista-de-pajaro-por-las-crestas-del-desert-de-les-palmes-domingo-21-de-abril-de-2024-900-h\/\" \/>\n<meta property=\"og:locale\" content=\"en_US\" \/>\n<meta property=\"og:type\" content=\"article\" \/>\n<meta property=\"og:title\" content=\"A vista d&#039;ocell: per les Crestes del Desert de les Palmes. Diumenge 21 d&#039;abril de 2024 - 9:00 h - Benic\u00e0ssim Turismo\" \/>\n<meta property=\"og:description\" content=\"Data: Diumenge 21 d&#8217;abril (9.00 hores) Lloc: P\u00e0rquing Monestir Carmelita https:\/\/goo.gl\/maps\/z5jmxoyxcdcwpma1a Duraci\u00f3: 4,5 hores. Dist\u00e0ncia: 7 km. Dificultat: Moderada &#8211; alta. Preu: 3 \u20ac (1,5 \u20ac redu\u00efda). Descripci\u00f3: realitzarem una fascinant e ruta senderista absolutament plena de sorpreses naturals i amb les millors vistes, no sols de la costa de Benic\u00e0ssim i bona part de [&hellip;]\" \/>\n<meta property=\"og:url\" content=\"https:\/\/turismo.benicassim.es\/va\/producte\/a-vista-de-pajaro-por-las-crestas-del-desert-de-les-palmes-domingo-21-de-abril-de-2024-900-h\/\" \/>\n<meta property=\"og:site_name\" content=\"Benic\u00e0ssim Turismo\" \/>\n<meta property=\"article:modified_time\" content=\"2024-03-12T11:52:54+00:00\" \/>\n<meta property=\"og:image\" content=\"https:\/\/turismo.benicassim.es\/wp-content\/uploads\/2024\/03\/foto25.jpg\" \/>\n\t<meta property=\"og:image:width\" content=\"1772\" \/>\n\t<meta property=\"og:image:height\" content=\"1182\" \/>\n\t<meta property=\"og:image:type\" content=\"image\/jpeg\" \/>\n<meta name=\"twitter:card\" content=\"summary_large_image\" \/>\n<meta name=\"twitter:label1\" content=\"Est. reading time\" \/>\n\t<meta name=\"twitter:data1\" content=\"1 minute\" \/>\n<script type=\"application\/ld+json\" class=\"yoast-schema-graph\">{\"@context\":\"https:\\\/\\\/schema.org\",\"@graph\":[{\"@type\":\"WebPage\",\"@id\":\"https:\\\/\\\/turismo.benicassim.es\\\/va\\\/producte\\\/a-vista-de-pajaro-por-las-crestas-del-desert-de-les-palmes-domingo-21-de-abril-de-2024-900-h\\\/\",\"url\":\"https:\\\/\\\/turismo.benicassim.es\\\/va\\\/producte\\\/a-vista-de-pajaro-por-las-crestas-del-desert-de-les-palmes-domingo-21-de-abril-de-2024-900-h\\\/\",\"name\":\"A vista d'ocell: per les Crestes del Desert de les Palmes. Diumenge 21 d'abril de 2024 - 9:00 h - Benic\u00e0ssim Turismo\",\"isPartOf\":{\"@id\":\"https:\\\/\\\/turismo.benicassim.es\\\/va\\\/#website\"},\"primaryImageOfPage\":{\"@id\":\"https:\\\/\\\/turismo.benicassim.es\\\/va\\\/producte\\\/a-vista-de-pajaro-por-las-crestas-del-desert-de-les-palmes-domingo-21-de-abril-de-2024-900-h\\\/#primaryimage\"},\"image\":{\"@id\":\"https:\\\/\\\/turismo.benicassim.es\\\/va\\\/producte\\\/a-vista-de-pajaro-por-las-crestas-del-desert-de-les-palmes-domingo-21-de-abril-de-2024-900-h\\\/#primaryimage\"},\"thumbnailUrl\":\"https:\\\/\\\/turismo.benicassim.es\\\/wp-content\\\/uploads\\\/2024\\\/03\\\/foto25.jpg\",\"datePublished\":\"2024-03-12T11:31:56+00:00\",\"dateModified\":\"2024-03-12T11:52:54+00:00\",\"breadcrumb\":{\"@id\":\"https:\\\/\\\/turismo.benicassim.es\\\/va\\\/producte\\\/a-vista-de-pajaro-por-las-crestas-del-desert-de-les-palmes-domingo-21-de-abril-de-2024-900-h\\\/#breadcrumb\"},\"inLanguage\":\"ca-CA\",\"potentialAction\":[{\"@type\":\"ReadAction\",\"target\":[\"https:\\\/\\\/turismo.benicassim.es\\\/va\\\/producte\\\/a-vista-de-pajaro-por-las-crestas-del-desert-de-les-palmes-domingo-21-de-abril-de-2024-900-h\\\/\"]}]},{\"@type\":\"ImageObject\",\"inLanguage\":\"ca-CA\",\"@id\":\"https:\\\/\\\/turismo.benicassim.es\\\/va\\\/producte\\\/a-vista-de-pajaro-por-las-crestas-del-desert-de-les-palmes-domingo-21-de-abril-de-2024-900-h\\\/#primaryimage\",\"url\":\"https:\\\/\\\/turismo.benicassim.es\\\/wp-content\\\/uploads\\\/2024\\\/03\\\/foto25.jpg\",\"contentUrl\":\"https:\\\/\\\/turismo.benicassim.es\\\/wp-content\\\/uploads\\\/2024\\\/03\\\/foto25.jpg\",\"width\":1772,\"height\":1182},{\"@type\":\"BreadcrumbList\",\"@id\":\"https:\\\/\\\/turismo.benicassim.es\\\/va\\\/producte\\\/a-vista-de-pajaro-por-las-crestas-del-desert-de-les-palmes-domingo-21-de-abril-de-2024-900-h\\\/#breadcrumb\",\"itemListElement\":[{\"@type\":\"ListItem\",\"position\":1,\"name\":\"Inicio\",\"item\":\"https:\\\/\\\/turismo.benicassim.es\\\/va\\\/\"},{\"@type\":\"ListItem\",\"position\":2,\"name\":\"Tenda\",\"item\":\"https:\\\/\\\/turismo.benicassim.es\\\/va\\\/tenda\\\/\"},{\"@type\":\"ListItem\",\"position\":3,\"name\":\"A vista d&#8217;ocell: per les Crestes del Desert de les Palmes. Diumenge 21 d&#8217;abril de 2024 &#8211; 9:00 h\"}]},{\"@type\":\"WebSite\",\"@id\":\"https:\\\/\\\/turismo.benicassim.es\\\/va\\\/#website\",\"url\":\"https:\\\/\\\/turismo.benicassim.es\\\/va\\\/\",\"name\":\"Benic\u00e0ssim Turismo\",\"description\":\"Web de informaci\u00f3n de Turismo en Benicasim\",\"potentialAction\":[{\"@type\":\"SearchAction\",\"target\":{\"@type\":\"EntryPoint\",\"urlTemplate\":\"https:\\\/\\\/turismo.benicassim.es\\\/va\\\/?s={search_term_string}\"},\"query-input\":{\"@type\":\"PropertyValueSpecification\",\"valueRequired\":true,\"valueName\":\"search_term_string\"}}],\"inLanguage\":\"ca-CA\"}]}<\/script>\n<!-- \/ Yoast SEO plugin. -->","yoast_head_json":{"title":"A vista d'ocell: per les Crestes del Desert de les Palmes. Diumenge 21 d'abril de 2024 - 9:00 h - Benic\u00e0ssim Turismo","robots":{"index":"index","follow":"follow","max-snippet":"max-snippet:-1","max-image-preview":"max-image-preview:large","max-video-preview":"max-video-preview:-1"},"canonical":"https:\/\/turismo.benicassim.es\/va\/producte\/a-vista-de-pajaro-por-las-crestas-del-desert-de-les-palmes-domingo-21-de-abril-de-2024-900-h\/","og_locale":"en_US","og_type":"article","og_title":"A vista d'ocell: per les Crestes del Desert de les Palmes. Diumenge 21 d'abril de 2024 - 9:00 h - Benic\u00e0ssim Turismo","og_description":"Data: Diumenge 21 d&#8217;abril (9.00 hores) Lloc: P\u00e0rquing Monestir Carmelita https:\/\/goo.gl\/maps\/z5jmxoyxcdcwpma1a Duraci\u00f3: 4,5 hores. Dist\u00e0ncia: 7 km. Dificultat: Moderada &#8211; alta. Preu: 3 \u20ac (1,5 \u20ac redu\u00efda). Descripci\u00f3: realitzarem una fascinant e ruta senderista absolutament plena de sorpreses naturals i amb les millors vistes, no sols de la costa de Benic\u00e0ssim i bona part de [&hellip;]","og_url":"https:\/\/turismo.benicassim.es\/va\/producte\/a-vista-de-pajaro-por-las-crestas-del-desert-de-les-palmes-domingo-21-de-abril-de-2024-900-h\/","og_site_name":"Benic\u00e0ssim Turismo","article_modified_time":"2024-03-12T11:52:54+00:00","og_image":[{"width":1772,"height":1182,"url":"https:\/\/turismo.benicassim.es\/wp-content\/uploads\/2024\/03\/foto25.jpg","type":"image\/jpeg"}],"twitter_card":"summary_large_image","twitter_misc":{"Est. reading time":"1 minute"},"schema":{"@context":"https:\/\/schema.org","@graph":[{"@type":"WebPage","@id":"https:\/\/turismo.benicassim.es\/va\/producte\/a-vista-de-pajaro-por-las-crestas-del-desert-de-les-palmes-domingo-21-de-abril-de-2024-900-h\/","url":"https:\/\/turismo.benicassim.es\/va\/producte\/a-vista-de-pajaro-por-las-crestas-del-desert-de-les-palmes-domingo-21-de-abril-de-2024-900-h\/","name":"A vista d'ocell: per les Crestes del Desert de les Palmes. Diumenge 21 d'abril de 2024 - 9:00 h - Benic\u00e0ssim Turismo","isPartOf":{"@id":"https:\/\/turismo.benicassim.es\/va\/#website"},"primaryImageOfPage":{"@id":"https:\/\/turismo.benicassim.es\/va\/producte\/a-vista-de-pajaro-por-las-crestas-del-desert-de-les-palmes-domingo-21-de-abril-de-2024-900-h\/#primaryimage"},"image":{"@id":"https:\/\/turismo.benicassim.es\/va\/producte\/a-vista-de-pajaro-por-las-crestas-del-desert-de-les-palmes-domingo-21-de-abril-de-2024-900-h\/#primaryimage"},"thumbnailUrl":"https:\/\/turismo.benicassim.es\/wp-content\/uploads\/2024\/03\/foto25.jpg","datePublished":"2024-03-12T11:31:56+00:00","dateModified":"2024-03-12T11:52:54+00:00","breadcrumb":{"@id":"https:\/\/turismo.benicassim.es\/va\/producte\/a-vista-de-pajaro-por-las-crestas-del-desert-de-les-palmes-domingo-21-de-abril-de-2024-900-h\/#breadcrumb"},"inLanguage":"ca-CA","potentialAction":[{"@type":"ReadAction","target":["https:\/\/turismo.benicassim.es\/va\/producte\/a-vista-de-pajaro-por-las-crestas-del-desert-de-les-palmes-domingo-21-de-abril-de-2024-900-h\/"]}]},{"@type":"ImageObject","inLanguage":"ca-CA","@id":"https:\/\/turismo.benicassim.es\/va\/producte\/a-vista-de-pajaro-por-las-crestas-del-desert-de-les-palmes-domingo-21-de-abril-de-2024-900-h\/#primaryimage","url":"https:\/\/turismo.benicassim.es\/wp-content\/uploads\/2024\/03\/foto25.jpg","contentUrl":"https:\/\/turismo.benicassim.es\/wp-content\/uploads\/2024\/03\/foto25.jpg","width":1772,"height":1182},{"@type":"BreadcrumbList","@id":"https:\/\/turismo.benicassim.es\/va\/producte\/a-vista-de-pajaro-por-las-crestas-del-desert-de-les-palmes-domingo-21-de-abril-de-2024-900-h\/#breadcrumb","itemListElement":[{"@type":"ListItem","position":1,"name":"Inicio","item":"https:\/\/turismo.benicassim.es\/va\/"},{"@type":"ListItem","position":2,"name":"Tenda","item":"https:\/\/turismo.benicassim.es\/va\/tenda\/"},{"@type":"ListItem","position":3,"name":"A vista d&#8217;ocell: per les Crestes del Desert de les Palmes. Diumenge 21 d&#8217;abril de 2024 &#8211; 9:00 h"}]},{"@type":"WebSite","@id":"https:\/\/turismo.benicassim.es\/va\/#website","url":"https:\/\/turismo.benicassim.es\/va\/","name":"Benic\u00e0ssim Turismo","description":"Web de informaci\u00f3n de Turismo en Benicasim","potentialAction":[{"@type":"SearchAction","target":{"@type":"EntryPoint","urlTemplate":"https:\/\/turismo.benicassim.es\/va\/?s={search_term_string}"},"query-input":{"@type":"PropertyValueSpecification","valueRequired":true,"valueName":"search_term_string"}}],"inLanguage":"ca-CA"}]}},"_links":{"self":[{"href":"https:\/\/turismo.benicassim.es\/va\/wp-json\/wp\/v2\/product\/75227","targetHints":{"allow":["GET"]}}],"collection":[{"href":"https:\/\/turismo.benicassim.es\/va\/wp-json\/wp\/v2\/product"}],"about":[{"href":"https:\/\/turismo.benicassim.es\/va\/wp-json\/wp\/v2\/types\/product"}],"wp:featuredmedia":[{"embeddable":true,"href":"https:\/\/turismo.benicassim.es\/va\/wp-json\/wp\/v2\/media\/75233"}],"wp:attachment":[{"href":"https:\/\/turismo.benicassim.es\/va\/wp-json\/wp\/v2\/media?parent=75227"}],"wp:term":[{"taxonomy":"product_brand","embeddable":true,"href":"https:\/\/turismo.benicassim.es\/va\/wp-json\/wp\/v2\/product_brand?post=75227"},{"taxonomy":"product_cat","embeddable":true,"href":"https:\/\/turismo.benicassim.es\/va\/wp-json\/wp\/v2\/product_cat?post=75227"},{"taxonomy":"product_tag","embeddable":true,"href":"https:\/\/turismo.benicassim.es\/va\/wp-json\/wp\/v2\/product_tag?post=75227"}],"curies":[{"name":"wp","href":"https:\/\/api.w.org\/{rel}","templated":true}]}}