{"id":75272,"date":"2024-03-13T13:37:23","date_gmt":"2024-03-13T12:37:23","guid":{"rendered":"https:\/\/turismo.benicassim.es\/?post_type=product&#038;p=75272"},"modified":"2024-04-05T11:29:03","modified_gmt":"2024-04-05T09:29:03","slug":"benicassim-y-los-bosques-comestibles-sabado-6-de-abril-de-2024-1000-h","status":"publish","type":"product","link":"https:\/\/turismo.benicassim.es\/va\/producte\/benicassim-y-los-bosques-comestibles-sabado-6-de-abril-de-2024-1000-h\/","title":{"rendered":"Benic\u00e0ssim i els seus boscos comestibles. Dissabte 6 d&#8217;abril de 2024 &#8211; 10:00 h"},"content":{"rendered":"<p><span style=\"font-family: Liberation Serif, serif;\"><span style=\"font-size: medium;\"><b>Dissabte 6 d&#8217;abril (10.00 h).<\/b><\/span><\/span><\/p>\n<p><span style=\"font-family: Liberation Serif, serif;\"><span style=\"font-size: medium;\"><b>Lloc:<\/b><\/span><\/span><span style=\"font-family: Liberation Serif, serif;\"><span style=\"font-size: medium;\"> P\u00e0rquing rutes Desert <\/span><\/span><span style=\"font-family: Liberation Serif, serif;\"><span style=\"font-size: medium;\"><a href=\"https:\/\/goo.gl\/maps\/dPjiuTGK6GHBcZiG9\">https:\/\/goo.gl\/maps\/dPjiuTGK6GHBcZiG9<\/a> <\/span><\/span><\/p>\n<p><span style=\"font-family: Liberation Serif, serif;\"><span style=\"font-size: medium;\"><b>Duraci\u00f3: <\/b><\/span><\/span><span style=\"font-family: Liberation Serif, serif;\"><span style=\"font-size: medium;\">3 hores<\/span><\/span><\/p>\n<p><span style=\"font-family: Liberation Serif, serif;\"><span style=\"font-size: medium;\"><b>Dist\u00e0ncia:<\/b><\/span><\/span><span style=\"font-family: Liberation Serif, serif;\"><span style=\"font-size: medium;\"> 4 <\/span><\/span><span style=\"font-family: Liberation Serif, serif;\"><span style=\"font-size: medium;\">k<\/span><\/span><span style=\"font-family: Liberation Serif, serif;\"><span style=\"font-size: medium;\">m. <\/span><\/span><\/p>\n<p><span style=\"font-family: Liberation Serif, serif;\"><span style=\"font-size: medium;\"><b>Dificultat:<\/b><\/span><\/span> <span style=\"font-family: Liberation Serif, serif;\"><span style=\"font-size: medium;\">B<\/span><\/span><span style=\"font-family: Liberation Serif, serif;\"><span style=\"font-size: medium;\">aixa (senderistes). <\/span><\/span><\/p>\n<p><span style=\"font-family: Liberation Serif, serif;\"><span style=\"font-size: medium;\"><b>Preu:<\/b><\/span><\/span> <span style=\"font-family: Liberation Serif, serif;\"><span style=\"font-size: medium;\">3 <\/span><\/span><span style=\"font-family: Liberation Serif, serif;\"><span style=\"font-size: medium;\">\u20ac (<\/span><\/span><span style=\"font-family: Liberation Serif, serif;\"><span style=\"font-size: medium;\">1<\/span><\/span><span style=\"font-family: Liberation Serif, serif;\"><span style=\"font-size: medium;\">,5 \u20ac redu\u00efda).<\/span><\/span><\/p>\n<p><span style=\"font-family: Liberation Serif, serif;\"><span style=\"font-size: medium;\"><b>Descripci\u00f3:<\/b><\/span><\/span><span style=\"font-family: Liberation Serif, serif;\"><span style=\"font-size: medium;\"> La muntanya mediterr\u00e0nia \u00e9s un punt calent de biodiversitat a nivell mundial. Aix\u00f2 es tradueix en multitud d&#8217;usos de les plantes: medicinals, construcci\u00f3, manufactures, menjar&#8230; Podent arribar a dir que tenim uns boscos comestibles que ens ofereixen multitud de serveis, alguns fins i tot desconeguts. Recupereu amb nosaltres una saviesa ancestral quasi oblidada! <\/span><\/span><\/p>\n<p><span style=\"font-family: Liberation Serif, serif;\"><span style=\"font-size: medium;\"><b>Recomanacions:<\/b><\/span><\/span><span style=\"font-family: Liberation Serif, serif;\"><span style=\"font-size: medium;\"> cal\u00e7at esportiu, gorra, beguda, i esmorzar. Durant la prestaci\u00f3 del servei no est\u00e0 perm\u00e9s l&#8217;acc\u00e9s amb animals (excepte gossos guia o d&#8217;assist\u00e8ncia).<\/span><\/span><\/p>\n","protected":false},"excerpt":{"rendered":"<p>Dissabte 6 d&#8217;abril (10.00 h). Lloc: P\u00e0rquing rutes Desert https:\/\/goo.gl\/maps\/dPjiuTGK6GHBcZiG9 Duraci\u00f3: 3 hores Dist\u00e0ncia: 4 km. Dificultat: Baixa (senderistes). Preu: 3 \u20ac (1,5 \u20ac redu\u00efda). Descripci\u00f3: La muntanya mediterr\u00e0nia \u00e9s un punt calent de biodiversitat a nivell mundial. Aix\u00f2 es tradueix en multitud d&#8217;usos de les plantes: medicinals, construcci\u00f3, manufactures, menjar&#8230; Podent arribar a dir [&hellip;]<\/p>\n","protected":false},"featured_media":74896,"template":"","meta":{"_acf_changed":false},"product_brand":[],"product_cat":[481],"product_tag":[607,1104,1083,1084,1085,1069,339,729,760,1144,1145,681,623,1146,1072,1073,1147,1148,1149],"class_list":{"0":"post-75272","1":"product","2":"type-product","3":"status-publish","4":"has-post-thumbnail","6":"product_cat-benicassim-y-sus-bosques-comestibles-va","7":"product_tag-benicassim-guided-tours-va","8":"product_tag-desert-de-les-palmes-va","9":"product_tag-easter-in-benicassim-va","10":"product_tag-pascua-en-benicasim-va","11":"product_tag-pascua-en-benicassim-va","12":"product_tag-pasqua-a-benicassim-va","13":"product_tag-programa-oficial-de-visitas-guiadas-va","14":"product_tag-programa-oficial-de-visitas-guiadas-benicasim-va","15":"product_tag-programa-oficial-de-visitas-guiadas-benicassim-va","16":"product_tag-rutas-benicasim-va","17":"product_tag-rutas-benicassim-va","18":"product_tag-rutas-guiadas-benicasim-va","19":"product_tag-rutas-guiadas-benicassim-va","20":"product_tag-rutes-benicassim-va","21":"product_tag-semana-santa-en-benicasim-va","22":"product_tag-semana-santa-en-benicassim-va","23":"product_tag-senderisme-va","24":"product_tag-senderismo-va","25":"product_tag-trekking-va","27":"first","28":"instock","29":"shipping-taxable","30":"purchasable","31":"product-type-variable"},"acf":[],"yoast_head":"<!-- This site is optimized with the Yoast SEO plugin v27.4 - https:\/\/yoast.com\/product\/yoast-seo-wordpress\/ -->\n<title>Benic\u00e0ssim i els seus boscos comestibles. Dissabte 6 d&#039;abril de 2024 - 10:00 h - Benic\u00e0ssim Turismo<\/title>\n<meta name=\"robots\" content=\"index, follow, max-snippet:-1, max-image-preview:large, max-video-preview:-1\" \/>\n<link rel=\"canonical\" href=\"https:\/\/turismo.benicassim.es\/va\/producte\/benicassim-y-los-bosques-comestibles-sabado-6-de-abril-de-2024-1000-h\/\" \/>\n<meta property=\"og:locale\" content=\"en_US\" \/>\n<meta property=\"og:type\" content=\"article\" \/>\n<meta property=\"og:title\" content=\"Benic\u00e0ssim i els seus boscos comestibles. Dissabte 6 d&#039;abril de 2024 - 10:00 h - Benic\u00e0ssim Turismo\" \/>\n<meta property=\"og:description\" content=\"Dissabte 6 d&#8217;abril (10.00 h). Lloc: P\u00e0rquing rutes Desert https:\/\/goo.gl\/maps\/dPjiuTGK6GHBcZiG9 Duraci\u00f3: 3 hores Dist\u00e0ncia: 4 km. Dificultat: Baixa (senderistes). Preu: 3 \u20ac (1,5 \u20ac redu\u00efda). Descripci\u00f3: La muntanya mediterr\u00e0nia \u00e9s un punt calent de biodiversitat a nivell mundial. Aix\u00f2 es tradueix en multitud d&#8217;usos de les plantes: medicinals, construcci\u00f3, manufactures, menjar&#8230; Podent arribar a dir [&hellip;]\" \/>\n<meta property=\"og:url\" content=\"https:\/\/turismo.benicassim.es\/va\/producte\/benicassim-y-los-bosques-comestibles-sabado-6-de-abril-de-2024-1000-h\/\" \/>\n<meta property=\"og:site_name\" content=\"Benic\u00e0ssim Turismo\" \/>\n<meta property=\"article:modified_time\" content=\"2024-04-05T09:29:03+00:00\" \/>\n<meta property=\"og:image\" content=\"https:\/\/turismo.benicassim.es\/wp-content\/uploads\/2024\/02\/foto08.jpg\" \/>\n\t<meta property=\"og:image:width\" content=\"1772\" \/>\n\t<meta property=\"og:image:height\" content=\"1181\" \/>\n\t<meta property=\"og:image:type\" content=\"image\/jpeg\" \/>\n<meta name=\"twitter:card\" content=\"summary_large_image\" \/>\n<meta name=\"twitter:label1\" content=\"Est. reading time\" \/>\n\t<meta name=\"twitter:data1\" content=\"1 minute\" \/>\n<script type=\"application\/ld+json\" class=\"yoast-schema-graph\">{\"@context\":\"https:\\\/\\\/schema.org\",\"@graph\":[{\"@type\":\"WebPage\",\"@id\":\"https:\\\/\\\/turismo.benicassim.es\\\/va\\\/producte\\\/benicassim-y-los-bosques-comestibles-sabado-6-de-abril-de-2024-1000-h\\\/\",\"url\":\"https:\\\/\\\/turismo.benicassim.es\\\/va\\\/producte\\\/benicassim-y-los-bosques-comestibles-sabado-6-de-abril-de-2024-1000-h\\\/\",\"name\":\"Benic\u00e0ssim i els seus boscos comestibles. Dissabte 6 d'abril de 2024 - 10:00 h - Benic\u00e0ssim Turismo\",\"isPartOf\":{\"@id\":\"https:\\\/\\\/turismo.benicassim.es\\\/va\\\/#website\"},\"primaryImageOfPage\":{\"@id\":\"https:\\\/\\\/turismo.benicassim.es\\\/va\\\/producte\\\/benicassim-y-los-bosques-comestibles-sabado-6-de-abril-de-2024-1000-h\\\/#primaryimage\"},\"image\":{\"@id\":\"https:\\\/\\\/turismo.benicassim.es\\\/va\\\/producte\\\/benicassim-y-los-bosques-comestibles-sabado-6-de-abril-de-2024-1000-h\\\/#primaryimage\"},\"thumbnailUrl\":\"https:\\\/\\\/turismo.benicassim.es\\\/wp-content\\\/uploads\\\/2024\\\/02\\\/foto08.jpg\",\"datePublished\":\"2024-03-13T12:37:23+00:00\",\"dateModified\":\"2024-04-05T09:29:03+00:00\",\"breadcrumb\":{\"@id\":\"https:\\\/\\\/turismo.benicassim.es\\\/va\\\/producte\\\/benicassim-y-los-bosques-comestibles-sabado-6-de-abril-de-2024-1000-h\\\/#breadcrumb\"},\"inLanguage\":\"ca-CA\",\"potentialAction\":[{\"@type\":\"ReadAction\",\"target\":[\"https:\\\/\\\/turismo.benicassim.es\\\/va\\\/producte\\\/benicassim-y-los-bosques-comestibles-sabado-6-de-abril-de-2024-1000-h\\\/\"]}]},{\"@type\":\"ImageObject\",\"inLanguage\":\"ca-CA\",\"@id\":\"https:\\\/\\\/turismo.benicassim.es\\\/va\\\/producte\\\/benicassim-y-los-bosques-comestibles-sabado-6-de-abril-de-2024-1000-h\\\/#primaryimage\",\"url\":\"https:\\\/\\\/turismo.benicassim.es\\\/wp-content\\\/uploads\\\/2024\\\/02\\\/foto08.jpg\",\"contentUrl\":\"https:\\\/\\\/turismo.benicassim.es\\\/wp-content\\\/uploads\\\/2024\\\/02\\\/foto08.jpg\",\"width\":1772,\"height\":1181},{\"@type\":\"BreadcrumbList\",\"@id\":\"https:\\\/\\\/turismo.benicassim.es\\\/va\\\/producte\\\/benicassim-y-los-bosques-comestibles-sabado-6-de-abril-de-2024-1000-h\\\/#breadcrumb\",\"itemListElement\":[{\"@type\":\"ListItem\",\"position\":1,\"name\":\"Inicio\",\"item\":\"https:\\\/\\\/turismo.benicassim.es\\\/va\\\/\"},{\"@type\":\"ListItem\",\"position\":2,\"name\":\"Tenda\",\"item\":\"https:\\\/\\\/turismo.benicassim.es\\\/va\\\/tenda\\\/\"},{\"@type\":\"ListItem\",\"position\":3,\"name\":\"Benic\u00e0ssim i els seus boscos comestibles. Dissabte 6 d&#8217;abril de 2024 &#8211; 10:00 h\"}]},{\"@type\":\"WebSite\",\"@id\":\"https:\\\/\\\/turismo.benicassim.es\\\/va\\\/#website\",\"url\":\"https:\\\/\\\/turismo.benicassim.es\\\/va\\\/\",\"name\":\"Benic\u00e0ssim Turismo\",\"description\":\"Web de informaci\u00f3n de Turismo en Benicasim\",\"potentialAction\":[{\"@type\":\"SearchAction\",\"target\":{\"@type\":\"EntryPoint\",\"urlTemplate\":\"https:\\\/\\\/turismo.benicassim.es\\\/va\\\/?s={search_term_string}\"},\"query-input\":{\"@type\":\"PropertyValueSpecification\",\"valueRequired\":true,\"valueName\":\"search_term_string\"}}],\"inLanguage\":\"ca-CA\"}]}<\/script>\n<!-- \/ Yoast SEO plugin. -->","yoast_head_json":{"title":"Benic\u00e0ssim i els seus boscos comestibles. Dissabte 6 d'abril de 2024 - 10:00 h - Benic\u00e0ssim Turismo","robots":{"index":"index","follow":"follow","max-snippet":"max-snippet:-1","max-image-preview":"max-image-preview:large","max-video-preview":"max-video-preview:-1"},"canonical":"https:\/\/turismo.benicassim.es\/va\/producte\/benicassim-y-los-bosques-comestibles-sabado-6-de-abril-de-2024-1000-h\/","og_locale":"en_US","og_type":"article","og_title":"Benic\u00e0ssim i els seus boscos comestibles. Dissabte 6 d'abril de 2024 - 10:00 h - Benic\u00e0ssim Turismo","og_description":"Dissabte 6 d&#8217;abril (10.00 h). Lloc: P\u00e0rquing rutes Desert https:\/\/goo.gl\/maps\/dPjiuTGK6GHBcZiG9 Duraci\u00f3: 3 hores Dist\u00e0ncia: 4 km. Dificultat: Baixa (senderistes). Preu: 3 \u20ac (1,5 \u20ac redu\u00efda). Descripci\u00f3: La muntanya mediterr\u00e0nia \u00e9s un punt calent de biodiversitat a nivell mundial. Aix\u00f2 es tradueix en multitud d&#8217;usos de les plantes: medicinals, construcci\u00f3, manufactures, menjar&#8230; Podent arribar a dir [&hellip;]","og_url":"https:\/\/turismo.benicassim.es\/va\/producte\/benicassim-y-los-bosques-comestibles-sabado-6-de-abril-de-2024-1000-h\/","og_site_name":"Benic\u00e0ssim Turismo","article_modified_time":"2024-04-05T09:29:03+00:00","og_image":[{"width":1772,"height":1181,"url":"https:\/\/turismo.benicassim.es\/wp-content\/uploads\/2024\/02\/foto08.jpg","type":"image\/jpeg"}],"twitter_card":"summary_large_image","twitter_misc":{"Est. reading time":"1 minute"},"schema":{"@context":"https:\/\/schema.org","@graph":[{"@type":"WebPage","@id":"https:\/\/turismo.benicassim.es\/va\/producte\/benicassim-y-los-bosques-comestibles-sabado-6-de-abril-de-2024-1000-h\/","url":"https:\/\/turismo.benicassim.es\/va\/producte\/benicassim-y-los-bosques-comestibles-sabado-6-de-abril-de-2024-1000-h\/","name":"Benic\u00e0ssim i els seus boscos comestibles. Dissabte 6 d'abril de 2024 - 10:00 h - Benic\u00e0ssim Turismo","isPartOf":{"@id":"https:\/\/turismo.benicassim.es\/va\/#website"},"primaryImageOfPage":{"@id":"https:\/\/turismo.benicassim.es\/va\/producte\/benicassim-y-los-bosques-comestibles-sabado-6-de-abril-de-2024-1000-h\/#primaryimage"},"image":{"@id":"https:\/\/turismo.benicassim.es\/va\/producte\/benicassim-y-los-bosques-comestibles-sabado-6-de-abril-de-2024-1000-h\/#primaryimage"},"thumbnailUrl":"https:\/\/turismo.benicassim.es\/wp-content\/uploads\/2024\/02\/foto08.jpg","datePublished":"2024-03-13T12:37:23+00:00","dateModified":"2024-04-05T09:29:03+00:00","breadcrumb":{"@id":"https:\/\/turismo.benicassim.es\/va\/producte\/benicassim-y-los-bosques-comestibles-sabado-6-de-abril-de-2024-1000-h\/#breadcrumb"},"inLanguage":"ca-CA","potentialAction":[{"@type":"ReadAction","target":["https:\/\/turismo.benicassim.es\/va\/producte\/benicassim-y-los-bosques-comestibles-sabado-6-de-abril-de-2024-1000-h\/"]}]},{"@type":"ImageObject","inLanguage":"ca-CA","@id":"https:\/\/turismo.benicassim.es\/va\/producte\/benicassim-y-los-bosques-comestibles-sabado-6-de-abril-de-2024-1000-h\/#primaryimage","url":"https:\/\/turismo.benicassim.es\/wp-content\/uploads\/2024\/02\/foto08.jpg","contentUrl":"https:\/\/turismo.benicassim.es\/wp-content\/uploads\/2024\/02\/foto08.jpg","width":1772,"height":1181},{"@type":"BreadcrumbList","@id":"https:\/\/turismo.benicassim.es\/va\/producte\/benicassim-y-los-bosques-comestibles-sabado-6-de-abril-de-2024-1000-h\/#breadcrumb","itemListElement":[{"@type":"ListItem","position":1,"name":"Inicio","item":"https:\/\/turismo.benicassim.es\/va\/"},{"@type":"ListItem","position":2,"name":"Tenda","item":"https:\/\/turismo.benicassim.es\/va\/tenda\/"},{"@type":"ListItem","position":3,"name":"Benic\u00e0ssim i els seus boscos comestibles. Dissabte 6 d&#8217;abril de 2024 &#8211; 10:00 h"}]},{"@type":"WebSite","@id":"https:\/\/turismo.benicassim.es\/va\/#website","url":"https:\/\/turismo.benicassim.es\/va\/","name":"Benic\u00e0ssim Turismo","description":"Web de informaci\u00f3n de Turismo en Benicasim","potentialAction":[{"@type":"SearchAction","target":{"@type":"EntryPoint","urlTemplate":"https:\/\/turismo.benicassim.es\/va\/?s={search_term_string}"},"query-input":{"@type":"PropertyValueSpecification","valueRequired":true,"valueName":"search_term_string"}}],"inLanguage":"ca-CA"}]}},"_links":{"self":[{"href":"https:\/\/turismo.benicassim.es\/va\/wp-json\/wp\/v2\/product\/75272","targetHints":{"allow":["GET"]}}],"collection":[{"href":"https:\/\/turismo.benicassim.es\/va\/wp-json\/wp\/v2\/product"}],"about":[{"href":"https:\/\/turismo.benicassim.es\/va\/wp-json\/wp\/v2\/types\/product"}],"wp:featuredmedia":[{"embeddable":true,"href":"https:\/\/turismo.benicassim.es\/va\/wp-json\/wp\/v2\/media\/74896"}],"wp:attachment":[{"href":"https:\/\/turismo.benicassim.es\/va\/wp-json\/wp\/v2\/media?parent=75272"}],"wp:term":[{"taxonomy":"product_brand","embeddable":true,"href":"https:\/\/turismo.benicassim.es\/va\/wp-json\/wp\/v2\/product_brand?post=75272"},{"taxonomy":"product_cat","embeddable":true,"href":"https:\/\/turismo.benicassim.es\/va\/wp-json\/wp\/v2\/product_cat?post=75272"},{"taxonomy":"product_tag","embeddable":true,"href":"https:\/\/turismo.benicassim.es\/va\/wp-json\/wp\/v2\/product_tag?post=75272"}],"curies":[{"name":"wp","href":"https:\/\/api.w.org\/{rel}","templated":true}]}}