{"id":75755,"date":"2024-04-25T12:27:55","date_gmt":"2024-04-25T10:27:58","guid":{"rendered":"https:\/\/turismo.benicassim.es\/?post_type=product&#038;p=75755"},"modified":"2024-04-25T12:41:03","modified_gmt":"2024-04-25T10:41:03","slug":"de-fiesta-loca-en-las-villas-de-benicassim-sabado-18-de-mayo-de-2024-1100-h","status":"publish","type":"product","link":"https:\/\/turismo.benicassim.es\/va\/producte\/de-fiesta-loca-en-las-villas-de-benicassim-sabado-18-de-mayo-de-2024-1100-h\/","title":{"rendered":"De festa boja a les Vil\u00b7les de Benic\u00e0ssim. Dissabte 18 de maig de 2024 &#8211; 11:00 h"},"content":{"rendered":"<p align=\"left\"><span style=\"font-family: Liberation Serif, serif;\"><span style=\"font-size: medium;\"><b>Data<\/b>: Dissabte 18 de maig (11:00 hores)<\/span><\/span><\/p>\n<p align=\"left\"><span style=\"font-family: Liberation Serif, serif;\"><span style=\"font-size: medium;\"><b>Lloc:<\/b> Vil\u00b7la Elisa https:\/\/goo.gl\/maps\/434be2uquyx4kkzh7<\/span><\/span><\/p>\n<p align=\"left\"><span style=\"font-family: Liberation Serif, serif;\"><span style=\"font-size: medium;\"><b>Duraci\u00f3:<\/b> 1:30 hores.<\/span><\/span><\/p>\n<p align=\"left\"><span style=\"font-family: Liberation Serif, serif;\"><span style=\"font-size: medium;\"><b>Dist\u00e0ncia:<\/b> 1 km.<\/span><\/span><\/p>\n<p align=\"left\"><span style=\"font-family: Liberation Serif, serif;\"><span style=\"font-size: medium;\"><b>Dificultat:<\/b> Baixa.<\/span><\/span><\/p>\n<p align=\"left\"><span style=\"font-family: Liberation Serif, serif;\"><span style=\"font-size: medium;\"><b>Preu:<\/b> 5 \u20ac (2,5 \u20ac redu\u00efda).<\/span><\/span><\/p>\n<p align=\"left\"><span style=\"font-family: Liberation Serif, serif;\"><span style=\"font-size: medium;\"><b>Descripci\u00f3:<\/b> La zona de les Vil\u00b7les, en particular la coneguda popularment com l&#8217;Infern, era famosa a principis del segle XX per les animades (i llaaaarrrgues) celebracions que organitzaven els seus rics propietaris. Assistirem a la preparaci\u00f3 d&#8217;una d&#8217;aqueixes boges festes de la m\u00e0 d&#8217;un servent que, molt al seu pesar, haur\u00e0 de fer cas als infinits desprop\u00f2sits d&#8217;una mani\u00e0tica mestressa amb \u00ednfules.<\/span><\/span><\/p>\n<p align=\"left\"><span style=\"font-family: Liberation Serif, serif;\"><span style=\"font-size: medium;\"><b>Recomanacions: <\/b>Durant la prestaci\u00f3 del servei no est\u00e0 perm\u00e9s l&#8217;acc\u00e9s amb animals (excepte gossos guia o d&#8217;assist\u00e8ncia)<\/span><\/span><\/p>\n","protected":false},"excerpt":{"rendered":"<p>Data: Dissabte 18 de maig (11:00 hores) Lloc: Vil\u00b7la Elisa https:\/\/goo.gl\/maps\/434be2uquyx4kkzh7 Duraci\u00f3: 1:30 hores. Dist\u00e0ncia: 1 km. Dificultat: Baixa. Preu: 5 \u20ac (2,5 \u20ac redu\u00efda). Descripci\u00f3: La zona de les Vil\u00b7les, en particular la coneguda popularment com l&#8217;Infern, era famosa a principis del segle XX per les animades (i llaaaarrrgues) celebracions que organitzaven els seus [&hellip;]<\/p>\n","protected":false},"featured_media":73951,"template":"","meta":{"_acf_changed":false},"product_brand":[],"product_cat":[394],"product_tag":[496,607,339,729,739,681,623,708,555],"class_list":{"0":"post-75755","1":"product","2":"type-product","3":"status-publish","4":"has-post-thumbnail","6":"product_cat-de-fiesta-loca-en-las-villas-de-benicassim-teatralizada-va","7":"product_tag-benicasim-va","8":"product_tag-benicassim-guided-tours-va","9":"product_tag-programa-oficial-de-visitas-guiadas-va","10":"product_tag-programa-oficial-de-visitas-guiadas-benicasim-va","11":"product_tag-programa-oficial-de-visites-guiades-benicassim-va","12":"product_tag-rutas-guiadas-benicasim-va","13":"product_tag-rutas-guiadas-benicassim-va","14":"product_tag-visitas-teatralizadas-benicassim-va","15":"product_tag-visites-guiades-benicassim","17":"first","18":"instock","19":"shipping-taxable","20":"purchasable","21":"product-type-variable"},"acf":[],"yoast_head":"<!-- This site is optimized with the Yoast SEO plugin v27.1.1 - https:\/\/yoast.com\/product\/yoast-seo-wordpress\/ -->\n<title>De festa boja a les Vil\u00b7les de Benic\u00e0ssim. Dissabte 18 de maig de 2024 - 11:00 h - Benic\u00e0ssim Turismo<\/title>\n<meta name=\"robots\" content=\"index, follow, max-snippet:-1, max-image-preview:large, max-video-preview:-1\" \/>\n<link rel=\"canonical\" href=\"https:\/\/turismo.benicassim.es\/va\/producte\/de-fiesta-loca-en-las-villas-de-benicassim-sabado-18-de-mayo-de-2024-1100-h\/\" \/>\n<meta property=\"og:locale\" content=\"en_US\" \/>\n<meta property=\"og:type\" content=\"article\" \/>\n<meta property=\"og:title\" content=\"De festa boja a les Vil\u00b7les de Benic\u00e0ssim. Dissabte 18 de maig de 2024 - 11:00 h - Benic\u00e0ssim Turismo\" \/>\n<meta property=\"og:description\" content=\"Data: Dissabte 18 de maig (11:00 hores) Lloc: Vil\u00b7la Elisa https:\/\/goo.gl\/maps\/434be2uquyx4kkzh7 Duraci\u00f3: 1:30 hores. Dist\u00e0ncia: 1 km. Dificultat: Baixa. Preu: 5 \u20ac (2,5 \u20ac redu\u00efda). Descripci\u00f3: La zona de les Vil\u00b7les, en particular la coneguda popularment com l&#8217;Infern, era famosa a principis del segle XX per les animades (i llaaaarrrgues) celebracions que organitzaven els seus [&hellip;]\" \/>\n<meta property=\"og:url\" content=\"https:\/\/turismo.benicassim.es\/va\/producte\/de-fiesta-loca-en-las-villas-de-benicassim-sabado-18-de-mayo-de-2024-1100-h\/\" \/>\n<meta property=\"og:site_name\" content=\"Benic\u00e0ssim Turismo\" \/>\n<meta property=\"article:modified_time\" content=\"2024-04-25T10:41:03+00:00\" \/>\n<meta property=\"og:image\" content=\"https:\/\/turismo.benicassim.es\/wp-content\/uploads\/2023\/11\/c_foto05.jpg\" \/>\n\t<meta property=\"og:image:width\" content=\"1772\" \/>\n\t<meta property=\"og:image:height\" content=\"1182\" \/>\n\t<meta property=\"og:image:type\" content=\"image\/jpeg\" \/>\n<meta name=\"twitter:card\" content=\"summary_large_image\" \/>\n<meta name=\"twitter:label1\" content=\"Est. reading time\" \/>\n\t<meta name=\"twitter:data1\" content=\"1 minute\" \/>\n<script type=\"application\/ld+json\" class=\"yoast-schema-graph\">{\"@context\":\"https:\/\/schema.org\",\"@graph\":[{\"@type\":\"WebPage\",\"@id\":\"https:\/\/turismo.benicassim.es\/va\/producte\/de-fiesta-loca-en-las-villas-de-benicassim-sabado-18-de-mayo-de-2024-1100-h\/\",\"url\":\"https:\/\/turismo.benicassim.es\/va\/producte\/de-fiesta-loca-en-las-villas-de-benicassim-sabado-18-de-mayo-de-2024-1100-h\/\",\"name\":\"De festa boja a les Vil\u00b7les de Benic\u00e0ssim. Dissabte 18 de maig de 2024 - 11:00 h - Benic\u00e0ssim Turismo\",\"isPartOf\":{\"@id\":\"https:\/\/turismo.benicassim.es\/va\/#website\"},\"primaryImageOfPage\":{\"@id\":\"https:\/\/turismo.benicassim.es\/va\/producte\/de-fiesta-loca-en-las-villas-de-benicassim-sabado-18-de-mayo-de-2024-1100-h\/#primaryimage\"},\"image\":{\"@id\":\"https:\/\/turismo.benicassim.es\/va\/producte\/de-fiesta-loca-en-las-villas-de-benicassim-sabado-18-de-mayo-de-2024-1100-h\/#primaryimage\"},\"thumbnailUrl\":\"https:\/\/turismo.benicassim.es\/wp-content\/uploads\/2023\/11\/c_foto05.jpg\",\"datePublished\":\"2024-04-25T10:27:58+00:00\",\"dateModified\":\"2024-04-25T10:41:03+00:00\",\"breadcrumb\":{\"@id\":\"https:\/\/turismo.benicassim.es\/va\/producte\/de-fiesta-loca-en-las-villas-de-benicassim-sabado-18-de-mayo-de-2024-1100-h\/#breadcrumb\"},\"inLanguage\":\"ca-CA\",\"potentialAction\":[{\"@type\":\"ReadAction\",\"target\":[\"https:\/\/turismo.benicassim.es\/va\/producte\/de-fiesta-loca-en-las-villas-de-benicassim-sabado-18-de-mayo-de-2024-1100-h\/\"]}]},{\"@type\":\"ImageObject\",\"inLanguage\":\"ca-CA\",\"@id\":\"https:\/\/turismo.benicassim.es\/va\/producte\/de-fiesta-loca-en-las-villas-de-benicassim-sabado-18-de-mayo-de-2024-1100-h\/#primaryimage\",\"url\":\"https:\/\/turismo.benicassim.es\/wp-content\/uploads\/2023\/11\/c_foto05.jpg\",\"contentUrl\":\"https:\/\/turismo.benicassim.es\/wp-content\/uploads\/2023\/11\/c_foto05.jpg\",\"width\":1772,\"height\":1182},{\"@type\":\"BreadcrumbList\",\"@id\":\"https:\/\/turismo.benicassim.es\/va\/producte\/de-fiesta-loca-en-las-villas-de-benicassim-sabado-18-de-mayo-de-2024-1100-h\/#breadcrumb\",\"itemListElement\":[{\"@type\":\"ListItem\",\"position\":1,\"name\":\"Inicio\",\"item\":\"https:\/\/turismo.benicassim.es\/va\/\"},{\"@type\":\"ListItem\",\"position\":2,\"name\":\"Tenda\",\"item\":\"https:\/\/turismo.benicassim.es\/va\/tenda\/\"},{\"@type\":\"ListItem\",\"position\":3,\"name\":\"De festa boja a les Vil\u00b7les de Benic\u00e0ssim. Dissabte 18 de maig de 2024 &#8211; 11:00 h\"}]},{\"@type\":\"WebSite\",\"@id\":\"https:\/\/turismo.benicassim.es\/va\/#website\",\"url\":\"https:\/\/turismo.benicassim.es\/va\/\",\"name\":\"Benic\u00e0ssim Turismo\",\"description\":\"Web de informaci\u00f3n de Turismo en Benicasim\",\"potentialAction\":[{\"@type\":\"SearchAction\",\"target\":{\"@type\":\"EntryPoint\",\"urlTemplate\":\"https:\/\/turismo.benicassim.es\/va\/?s={search_term_string}\"},\"query-input\":{\"@type\":\"PropertyValueSpecification\",\"valueRequired\":true,\"valueName\":\"search_term_string\"}}],\"inLanguage\":\"ca-CA\"}]}<\/script>\n<!-- \/ Yoast SEO plugin. -->","yoast_head_json":{"title":"De festa boja a les Vil\u00b7les de Benic\u00e0ssim. Dissabte 18 de maig de 2024 - 11:00 h - Benic\u00e0ssim Turismo","robots":{"index":"index","follow":"follow","max-snippet":"max-snippet:-1","max-image-preview":"max-image-preview:large","max-video-preview":"max-video-preview:-1"},"canonical":"https:\/\/turismo.benicassim.es\/va\/producte\/de-fiesta-loca-en-las-villas-de-benicassim-sabado-18-de-mayo-de-2024-1100-h\/","og_locale":"en_US","og_type":"article","og_title":"De festa boja a les Vil\u00b7les de Benic\u00e0ssim. Dissabte 18 de maig de 2024 - 11:00 h - Benic\u00e0ssim Turismo","og_description":"Data: Dissabte 18 de maig (11:00 hores) Lloc: Vil\u00b7la Elisa https:\/\/goo.gl\/maps\/434be2uquyx4kkzh7 Duraci\u00f3: 1:30 hores. Dist\u00e0ncia: 1 km. Dificultat: Baixa. Preu: 5 \u20ac (2,5 \u20ac redu\u00efda). Descripci\u00f3: La zona de les Vil\u00b7les, en particular la coneguda popularment com l&#8217;Infern, era famosa a principis del segle XX per les animades (i llaaaarrrgues) celebracions que organitzaven els seus [&hellip;]","og_url":"https:\/\/turismo.benicassim.es\/va\/producte\/de-fiesta-loca-en-las-villas-de-benicassim-sabado-18-de-mayo-de-2024-1100-h\/","og_site_name":"Benic\u00e0ssim Turismo","article_modified_time":"2024-04-25T10:41:03+00:00","og_image":[{"width":1772,"height":1182,"url":"https:\/\/turismo.benicassim.es\/wp-content\/uploads\/2023\/11\/c_foto05.jpg","type":"image\/jpeg"}],"twitter_card":"summary_large_image","twitter_misc":{"Est. reading time":"1 minute"},"schema":{"@context":"https:\/\/schema.org","@graph":[{"@type":"WebPage","@id":"https:\/\/turismo.benicassim.es\/va\/producte\/de-fiesta-loca-en-las-villas-de-benicassim-sabado-18-de-mayo-de-2024-1100-h\/","url":"https:\/\/turismo.benicassim.es\/va\/producte\/de-fiesta-loca-en-las-villas-de-benicassim-sabado-18-de-mayo-de-2024-1100-h\/","name":"De festa boja a les Vil\u00b7les de Benic\u00e0ssim. Dissabte 18 de maig de 2024 - 11:00 h - Benic\u00e0ssim Turismo","isPartOf":{"@id":"https:\/\/turismo.benicassim.es\/va\/#website"},"primaryImageOfPage":{"@id":"https:\/\/turismo.benicassim.es\/va\/producte\/de-fiesta-loca-en-las-villas-de-benicassim-sabado-18-de-mayo-de-2024-1100-h\/#primaryimage"},"image":{"@id":"https:\/\/turismo.benicassim.es\/va\/producte\/de-fiesta-loca-en-las-villas-de-benicassim-sabado-18-de-mayo-de-2024-1100-h\/#primaryimage"},"thumbnailUrl":"https:\/\/turismo.benicassim.es\/wp-content\/uploads\/2023\/11\/c_foto05.jpg","datePublished":"2024-04-25T10:27:58+00:00","dateModified":"2024-04-25T10:41:03+00:00","breadcrumb":{"@id":"https:\/\/turismo.benicassim.es\/va\/producte\/de-fiesta-loca-en-las-villas-de-benicassim-sabado-18-de-mayo-de-2024-1100-h\/#breadcrumb"},"inLanguage":"ca-CA","potentialAction":[{"@type":"ReadAction","target":["https:\/\/turismo.benicassim.es\/va\/producte\/de-fiesta-loca-en-las-villas-de-benicassim-sabado-18-de-mayo-de-2024-1100-h\/"]}]},{"@type":"ImageObject","inLanguage":"ca-CA","@id":"https:\/\/turismo.benicassim.es\/va\/producte\/de-fiesta-loca-en-las-villas-de-benicassim-sabado-18-de-mayo-de-2024-1100-h\/#primaryimage","url":"https:\/\/turismo.benicassim.es\/wp-content\/uploads\/2023\/11\/c_foto05.jpg","contentUrl":"https:\/\/turismo.benicassim.es\/wp-content\/uploads\/2023\/11\/c_foto05.jpg","width":1772,"height":1182},{"@type":"BreadcrumbList","@id":"https:\/\/turismo.benicassim.es\/va\/producte\/de-fiesta-loca-en-las-villas-de-benicassim-sabado-18-de-mayo-de-2024-1100-h\/#breadcrumb","itemListElement":[{"@type":"ListItem","position":1,"name":"Inicio","item":"https:\/\/turismo.benicassim.es\/va\/"},{"@type":"ListItem","position":2,"name":"Tenda","item":"https:\/\/turismo.benicassim.es\/va\/tenda\/"},{"@type":"ListItem","position":3,"name":"De festa boja a les Vil\u00b7les de Benic\u00e0ssim. Dissabte 18 de maig de 2024 &#8211; 11:00 h"}]},{"@type":"WebSite","@id":"https:\/\/turismo.benicassim.es\/va\/#website","url":"https:\/\/turismo.benicassim.es\/va\/","name":"Benic\u00e0ssim Turismo","description":"Web de informaci\u00f3n de Turismo en Benicasim","potentialAction":[{"@type":"SearchAction","target":{"@type":"EntryPoint","urlTemplate":"https:\/\/turismo.benicassim.es\/va\/?s={search_term_string}"},"query-input":{"@type":"PropertyValueSpecification","valueRequired":true,"valueName":"search_term_string"}}],"inLanguage":"ca-CA"}]}},"_links":{"self":[{"href":"https:\/\/turismo.benicassim.es\/va\/wp-json\/wp\/v2\/product\/75755","targetHints":{"allow":["GET"]}}],"collection":[{"href":"https:\/\/turismo.benicassim.es\/va\/wp-json\/wp\/v2\/product"}],"about":[{"href":"https:\/\/turismo.benicassim.es\/va\/wp-json\/wp\/v2\/types\/product"}],"wp:featuredmedia":[{"embeddable":true,"href":"https:\/\/turismo.benicassim.es\/va\/wp-json\/wp\/v2\/media\/73951"}],"wp:attachment":[{"href":"https:\/\/turismo.benicassim.es\/va\/wp-json\/wp\/v2\/media?parent=75755"}],"wp:term":[{"taxonomy":"product_brand","embeddable":true,"href":"https:\/\/turismo.benicassim.es\/va\/wp-json\/wp\/v2\/product_brand?post=75755"},{"taxonomy":"product_cat","embeddable":true,"href":"https:\/\/turismo.benicassim.es\/va\/wp-json\/wp\/v2\/product_cat?post=75755"},{"taxonomy":"product_tag","embeddable":true,"href":"https:\/\/turismo.benicassim.es\/va\/wp-json\/wp\/v2\/product_tag?post=75755"}],"curies":[{"name":"wp","href":"https:\/\/api.w.org\/{rel}","templated":true}]}}