{"id":75773,"date":"2024-04-25T14:03:06","date_gmt":"2024-04-25T12:03:09","guid":{"rendered":"https:\/\/turismo.benicassim.es\/?post_type=product&#038;p=75773"},"modified":"2024-04-25T14:07:27","modified_gmt":"2024-04-25T12:07:27","slug":"adorando-a-la-diosa-luna-viernes-24-de-mayo-de-2024-2200-h","status":"publish","type":"product","link":"https:\/\/turismo.benicassim.es\/va\/producte\/adorando-a-la-diosa-luna-viernes-24-de-mayo-de-2024-2200-h\/","title":{"rendered":"Adorant a la deesa LLuna. Divendres 24 de maig de 2024 &#8211; 22:00 h"},"content":{"rendered":"<p><b>Data: <\/b>Divendres 24 de maig (22.00 hores)<\/p>\n<p><b>Lloc:<\/b> Hotel Voramar<\/p>\n<p><b>Duraci\u00f3:<\/b> 2:30 hores.<\/p>\n<p><b>Dist\u00e0ncia: <\/b>5 Km.<\/p>\n<p><b>Dificultat:<\/b> Baixa. P\u00fablic familiar.<\/p>\n<p><b>Preu:<\/b> 3 \u20ac (1,5 \u20ac redu\u00efda).<\/p>\n<p align=\"justify\"><b>Descripci\u00f3:<\/b> Al llarg d&#8217;una senzilla caminada per la costa de Benic\u00e0ssim i amb les primeres llums del fosquejar, ens convertirem en seguidors d&#8217;una nova religi\u00f3 lunar que ens tornar\u00e0 a connectar amb els ritmes de la naturalesa. Aix\u00ed, biologia, astronomia, mitologia i folklore es mesclaran en un peculiar ritu d&#8217;iniciaci\u00f3 on la deessa Selene ser\u00e0 la nostra mestra i companya.<\/p>\n<p align=\"justify\"><b>Recomanacions:<\/b> Durant la prestaci\u00f3 del servei no est\u00e0 perm\u00e9s l&#8217;acc\u00e9s amb animals (excepte gossos guia o d&#8217;assist\u00e8ncia).<\/p>\n","protected":false},"excerpt":{"rendered":"<p>Data: Divendres 24 de maig (22.00 hores) Lloc: Hotel Voramar Duraci\u00f3: 2:30 hores. Dist\u00e0ncia: 5 Km. Dificultat: Baixa. P\u00fablic familiar. Preu: 3 \u20ac (1,5 \u20ac redu\u00efda). Descripci\u00f3: Al llarg d&#8217;una senzilla caminada per la costa de Benic\u00e0ssim i amb les primeres llums del fosquejar, ens convertirem en seguidors d&#8217;una nova religi\u00f3 lunar que ens tornar\u00e0 [&hellip;]<\/p>\n","protected":false},"featured_media":71782,"template":"","meta":{"_acf_changed":false},"product_brand":[],"product_cat":[448],"product_tag":[647,1088,649,496,607,339,729,739,681,623,556,1152,554,555],"class_list":{"0":"post-75773","1":"product","2":"type-product","3":"status-publish","4":"has-post-thumbnail","6":"product_cat-adorant-a-la-deessa-lluna","7":"product_tag-actividades-con-ninos-en-benicasim-va","8":"product_tag-actividades-familiares-en-benicasim-va","9":"product_tag-activitats-amb-xiquets-a-benicassim-va","10":"product_tag-benicasim-va","11":"product_tag-benicassim-guided-tours-va","12":"product_tag-programa-oficial-de-visitas-guiadas-va","13":"product_tag-programa-oficial-de-visitas-guiadas-benicasim-va","14":"product_tag-programa-oficial-de-visites-guiades-benicassim-va","15":"product_tag-rutas-guiadas-benicasim-va","16":"product_tag-rutas-guiadas-benicassim-va","17":"product_tag-rutes-guiades-benicassim","18":"product_tag-via-verde-del-mar-va","19":"product_tag-visitas-guiadas-benicassim-va","20":"product_tag-visites-guiades-benicassim","22":"first","23":"instock","24":"shipping-taxable","25":"purchasable","26":"product-type-variable"},"acf":[],"yoast_head":"<!-- This site is optimized with the Yoast SEO plugin v27.4 - https:\/\/yoast.com\/product\/yoast-seo-wordpress\/ -->\n<title>Adorant a la deesa LLuna. Divendres 24 de maig de 2024 - 22:00 h - Benic\u00e0ssim Turismo<\/title>\n<meta name=\"robots\" content=\"index, follow, max-snippet:-1, max-image-preview:large, max-video-preview:-1\" \/>\n<link rel=\"canonical\" href=\"https:\/\/turismo.benicassim.es\/va\/producte\/adorando-a-la-diosa-luna-viernes-24-de-mayo-de-2024-2200-h\/\" \/>\n<meta property=\"og:locale\" content=\"en_US\" \/>\n<meta property=\"og:type\" content=\"article\" \/>\n<meta property=\"og:title\" content=\"Adorant a la deesa LLuna. Divendres 24 de maig de 2024 - 22:00 h - Benic\u00e0ssim Turismo\" \/>\n<meta property=\"og:description\" content=\"Data: Divendres 24 de maig (22.00 hores) Lloc: Hotel Voramar Duraci\u00f3: 2:30 hores. Dist\u00e0ncia: 5 Km. Dificultat: Baixa. P\u00fablic familiar. Preu: 3 \u20ac (1,5 \u20ac redu\u00efda). Descripci\u00f3: Al llarg d&#8217;una senzilla caminada per la costa de Benic\u00e0ssim i amb les primeres llums del fosquejar, ens convertirem en seguidors d&#8217;una nova religi\u00f3 lunar que ens tornar\u00e0 [&hellip;]\" \/>\n<meta property=\"og:url\" content=\"https:\/\/turismo.benicassim.es\/va\/producte\/adorando-a-la-diosa-luna-viernes-24-de-mayo-de-2024-2200-h\/\" \/>\n<meta property=\"og:site_name\" content=\"Benic\u00e0ssim Turismo\" \/>\n<meta property=\"article:modified_time\" content=\"2024-04-25T12:07:27+00:00\" \/>\n<meta property=\"og:image\" content=\"https:\/\/turismo.benicassim.es\/wp-content\/uploads\/2023\/07\/c_foto20.jpg\" \/>\n\t<meta property=\"og:image:width\" content=\"1772\" \/>\n\t<meta property=\"og:image:height\" content=\"1182\" \/>\n\t<meta property=\"og:image:type\" content=\"image\/jpeg\" \/>\n<meta name=\"twitter:card\" content=\"summary_large_image\" \/>\n<meta name=\"twitter:label1\" content=\"Est. reading time\" \/>\n\t<meta name=\"twitter:data1\" content=\"1 minute\" \/>\n<script type=\"application\/ld+json\" class=\"yoast-schema-graph\">{\"@context\":\"https:\\\/\\\/schema.org\",\"@graph\":[{\"@type\":\"WebPage\",\"@id\":\"https:\\\/\\\/turismo.benicassim.es\\\/va\\\/producte\\\/adorando-a-la-diosa-luna-viernes-24-de-mayo-de-2024-2200-h\\\/\",\"url\":\"https:\\\/\\\/turismo.benicassim.es\\\/va\\\/producte\\\/adorando-a-la-diosa-luna-viernes-24-de-mayo-de-2024-2200-h\\\/\",\"name\":\"Adorant a la deesa LLuna. Divendres 24 de maig de 2024 - 22:00 h - Benic\u00e0ssim Turismo\",\"isPartOf\":{\"@id\":\"https:\\\/\\\/turismo.benicassim.es\\\/va\\\/#website\"},\"primaryImageOfPage\":{\"@id\":\"https:\\\/\\\/turismo.benicassim.es\\\/va\\\/producte\\\/adorando-a-la-diosa-luna-viernes-24-de-mayo-de-2024-2200-h\\\/#primaryimage\"},\"image\":{\"@id\":\"https:\\\/\\\/turismo.benicassim.es\\\/va\\\/producte\\\/adorando-a-la-diosa-luna-viernes-24-de-mayo-de-2024-2200-h\\\/#primaryimage\"},\"thumbnailUrl\":\"https:\\\/\\\/turismo.benicassim.es\\\/wp-content\\\/uploads\\\/2023\\\/07\\\/c_foto20.jpg\",\"datePublished\":\"2024-04-25T12:03:09+00:00\",\"dateModified\":\"2024-04-25T12:07:27+00:00\",\"breadcrumb\":{\"@id\":\"https:\\\/\\\/turismo.benicassim.es\\\/va\\\/producte\\\/adorando-a-la-diosa-luna-viernes-24-de-mayo-de-2024-2200-h\\\/#breadcrumb\"},\"inLanguage\":\"ca-CA\",\"potentialAction\":[{\"@type\":\"ReadAction\",\"target\":[\"https:\\\/\\\/turismo.benicassim.es\\\/va\\\/producte\\\/adorando-a-la-diosa-luna-viernes-24-de-mayo-de-2024-2200-h\\\/\"]}]},{\"@type\":\"ImageObject\",\"inLanguage\":\"ca-CA\",\"@id\":\"https:\\\/\\\/turismo.benicassim.es\\\/va\\\/producte\\\/adorando-a-la-diosa-luna-viernes-24-de-mayo-de-2024-2200-h\\\/#primaryimage\",\"url\":\"https:\\\/\\\/turismo.benicassim.es\\\/wp-content\\\/uploads\\\/2023\\\/07\\\/c_foto20.jpg\",\"contentUrl\":\"https:\\\/\\\/turismo.benicassim.es\\\/wp-content\\\/uploads\\\/2023\\\/07\\\/c_foto20.jpg\",\"width\":1772,\"height\":1182},{\"@type\":\"BreadcrumbList\",\"@id\":\"https:\\\/\\\/turismo.benicassim.es\\\/va\\\/producte\\\/adorando-a-la-diosa-luna-viernes-24-de-mayo-de-2024-2200-h\\\/#breadcrumb\",\"itemListElement\":[{\"@type\":\"ListItem\",\"position\":1,\"name\":\"Inicio\",\"item\":\"https:\\\/\\\/turismo.benicassim.es\\\/va\\\/\"},{\"@type\":\"ListItem\",\"position\":2,\"name\":\"Tenda\",\"item\":\"https:\\\/\\\/turismo.benicassim.es\\\/va\\\/tenda\\\/\"},{\"@type\":\"ListItem\",\"position\":3,\"name\":\"Adorant a la deesa LLuna. Divendres 24 de maig de 2024 &#8211; 22:00 h\"}]},{\"@type\":\"WebSite\",\"@id\":\"https:\\\/\\\/turismo.benicassim.es\\\/va\\\/#website\",\"url\":\"https:\\\/\\\/turismo.benicassim.es\\\/va\\\/\",\"name\":\"Benic\u00e0ssim Turismo\",\"description\":\"Web de informaci\u00f3n de Turismo en Benicasim\",\"potentialAction\":[{\"@type\":\"SearchAction\",\"target\":{\"@type\":\"EntryPoint\",\"urlTemplate\":\"https:\\\/\\\/turismo.benicassim.es\\\/va\\\/?s={search_term_string}\"},\"query-input\":{\"@type\":\"PropertyValueSpecification\",\"valueRequired\":true,\"valueName\":\"search_term_string\"}}],\"inLanguage\":\"ca-CA\"}]}<\/script>\n<!-- \/ Yoast SEO plugin. -->","yoast_head_json":{"title":"Adorant a la deesa LLuna. Divendres 24 de maig de 2024 - 22:00 h - Benic\u00e0ssim Turismo","robots":{"index":"index","follow":"follow","max-snippet":"max-snippet:-1","max-image-preview":"max-image-preview:large","max-video-preview":"max-video-preview:-1"},"canonical":"https:\/\/turismo.benicassim.es\/va\/producte\/adorando-a-la-diosa-luna-viernes-24-de-mayo-de-2024-2200-h\/","og_locale":"en_US","og_type":"article","og_title":"Adorant a la deesa LLuna. Divendres 24 de maig de 2024 - 22:00 h - Benic\u00e0ssim Turismo","og_description":"Data: Divendres 24 de maig (22.00 hores) Lloc: Hotel Voramar Duraci\u00f3: 2:30 hores. Dist\u00e0ncia: 5 Km. Dificultat: Baixa. P\u00fablic familiar. Preu: 3 \u20ac (1,5 \u20ac redu\u00efda). Descripci\u00f3: Al llarg d&#8217;una senzilla caminada per la costa de Benic\u00e0ssim i amb les primeres llums del fosquejar, ens convertirem en seguidors d&#8217;una nova religi\u00f3 lunar que ens tornar\u00e0 [&hellip;]","og_url":"https:\/\/turismo.benicassim.es\/va\/producte\/adorando-a-la-diosa-luna-viernes-24-de-mayo-de-2024-2200-h\/","og_site_name":"Benic\u00e0ssim Turismo","article_modified_time":"2024-04-25T12:07:27+00:00","og_image":[{"width":1772,"height":1182,"url":"https:\/\/turismo.benicassim.es\/wp-content\/uploads\/2023\/07\/c_foto20.jpg","type":"image\/jpeg"}],"twitter_card":"summary_large_image","twitter_misc":{"Est. reading time":"1 minute"},"schema":{"@context":"https:\/\/schema.org","@graph":[{"@type":"WebPage","@id":"https:\/\/turismo.benicassim.es\/va\/producte\/adorando-a-la-diosa-luna-viernes-24-de-mayo-de-2024-2200-h\/","url":"https:\/\/turismo.benicassim.es\/va\/producte\/adorando-a-la-diosa-luna-viernes-24-de-mayo-de-2024-2200-h\/","name":"Adorant a la deesa LLuna. Divendres 24 de maig de 2024 - 22:00 h - Benic\u00e0ssim Turismo","isPartOf":{"@id":"https:\/\/turismo.benicassim.es\/va\/#website"},"primaryImageOfPage":{"@id":"https:\/\/turismo.benicassim.es\/va\/producte\/adorando-a-la-diosa-luna-viernes-24-de-mayo-de-2024-2200-h\/#primaryimage"},"image":{"@id":"https:\/\/turismo.benicassim.es\/va\/producte\/adorando-a-la-diosa-luna-viernes-24-de-mayo-de-2024-2200-h\/#primaryimage"},"thumbnailUrl":"https:\/\/turismo.benicassim.es\/wp-content\/uploads\/2023\/07\/c_foto20.jpg","datePublished":"2024-04-25T12:03:09+00:00","dateModified":"2024-04-25T12:07:27+00:00","breadcrumb":{"@id":"https:\/\/turismo.benicassim.es\/va\/producte\/adorando-a-la-diosa-luna-viernes-24-de-mayo-de-2024-2200-h\/#breadcrumb"},"inLanguage":"ca-CA","potentialAction":[{"@type":"ReadAction","target":["https:\/\/turismo.benicassim.es\/va\/producte\/adorando-a-la-diosa-luna-viernes-24-de-mayo-de-2024-2200-h\/"]}]},{"@type":"ImageObject","inLanguage":"ca-CA","@id":"https:\/\/turismo.benicassim.es\/va\/producte\/adorando-a-la-diosa-luna-viernes-24-de-mayo-de-2024-2200-h\/#primaryimage","url":"https:\/\/turismo.benicassim.es\/wp-content\/uploads\/2023\/07\/c_foto20.jpg","contentUrl":"https:\/\/turismo.benicassim.es\/wp-content\/uploads\/2023\/07\/c_foto20.jpg","width":1772,"height":1182},{"@type":"BreadcrumbList","@id":"https:\/\/turismo.benicassim.es\/va\/producte\/adorando-a-la-diosa-luna-viernes-24-de-mayo-de-2024-2200-h\/#breadcrumb","itemListElement":[{"@type":"ListItem","position":1,"name":"Inicio","item":"https:\/\/turismo.benicassim.es\/va\/"},{"@type":"ListItem","position":2,"name":"Tenda","item":"https:\/\/turismo.benicassim.es\/va\/tenda\/"},{"@type":"ListItem","position":3,"name":"Adorant a la deesa LLuna. Divendres 24 de maig de 2024 &#8211; 22:00 h"}]},{"@type":"WebSite","@id":"https:\/\/turismo.benicassim.es\/va\/#website","url":"https:\/\/turismo.benicassim.es\/va\/","name":"Benic\u00e0ssim Turismo","description":"Web de informaci\u00f3n de Turismo en Benicasim","potentialAction":[{"@type":"SearchAction","target":{"@type":"EntryPoint","urlTemplate":"https:\/\/turismo.benicassim.es\/va\/?s={search_term_string}"},"query-input":{"@type":"PropertyValueSpecification","valueRequired":true,"valueName":"search_term_string"}}],"inLanguage":"ca-CA"}]}},"_links":{"self":[{"href":"https:\/\/turismo.benicassim.es\/va\/wp-json\/wp\/v2\/product\/75773","targetHints":{"allow":["GET"]}}],"collection":[{"href":"https:\/\/turismo.benicassim.es\/va\/wp-json\/wp\/v2\/product"}],"about":[{"href":"https:\/\/turismo.benicassim.es\/va\/wp-json\/wp\/v2\/types\/product"}],"wp:featuredmedia":[{"embeddable":true,"href":"https:\/\/turismo.benicassim.es\/va\/wp-json\/wp\/v2\/media\/71782"}],"wp:attachment":[{"href":"https:\/\/turismo.benicassim.es\/va\/wp-json\/wp\/v2\/media?parent=75773"}],"wp:term":[{"taxonomy":"product_brand","embeddable":true,"href":"https:\/\/turismo.benicassim.es\/va\/wp-json\/wp\/v2\/product_brand?post=75773"},{"taxonomy":"product_cat","embeddable":true,"href":"https:\/\/turismo.benicassim.es\/va\/wp-json\/wp\/v2\/product_cat?post=75773"},{"taxonomy":"product_tag","embeddable":true,"href":"https:\/\/turismo.benicassim.es\/va\/wp-json\/wp\/v2\/product_tag?post=75773"}],"curies":[{"name":"wp","href":"https:\/\/api.w.org\/{rel}","templated":true}]}}