{"id":75800,"date":"2024-04-25T17:53:52","date_gmt":"2024-04-25T15:53:52","guid":{"rendered":"https:\/\/turismo.benicassim.es\/producto\/la-vuelta-a-las-agujas-de-santa-agueda-domingo-12-de-mayo-de-2024-930-h\/"},"modified":"2024-05-11T13:58:47","modified_gmt":"2024-05-11T11:58:47","slug":"la-vuelta-a-las-agujas-de-santa-agueda-domingo-12-de-mayo-de-2024-930-h","status":"publish","type":"product","link":"https:\/\/turismo.benicassim.es\/va\/producte\/la-vuelta-a-las-agujas-de-santa-agueda-domingo-12-de-mayo-de-2024-930-h\/","title":{"rendered":"Desert de les Palmes: el Pa\u00eds del Gres Roig. Diumenge 12 de maig de 2024 &#8211; 9:30 h"},"content":{"rendered":"<p><b>Dat<\/b><b>a<\/b><b>:<\/b> Diumenge 12 de maig (9.30 hores)<\/p>\n<p><b>Lloc:<\/b> P\u00e0rquing Mirador Antic Monestir https:\/\/goo.gl\/maps\/xezlcgjbzczxcisga<\/p>\n<p><b>Duraci\u00f3:<\/b> 4 hores.<\/p>\n<p><b>Dist\u00e0ncia:<\/b> 5 Km.<\/p>\n<p><b>Dificultat:<\/b> moderada. (Xiquets a partir de 7 anys).<\/p>\n<p><b>Preu:<\/b> 3 \u20ac (1,5 \u20ac redu\u00efda).<\/p>\n<p><b>Descripci\u00f3: <\/b>La peculiar geologia arenisca del territori de Benic\u00e0ssim no sols influeix en l&#8217;aigua de les nostres fonts o en la vegetaci\u00f3 que cobreix les muntanyes, sin\u00f3 que, a m\u00e9s, genera les m\u00e9s belles postals en les quals el verd, el roig i el blau dels elements naturals es funden d&#8217;una manera tan poc habitual com sorprenent.<\/p>\n<p><b>Recomanacions:<\/b> sabata d&#8217;esport, gorra, esmorzar i beguda. Durant la prestaci\u00f3 del servei no est\u00e0 perm\u00e9s l&#8217;acc\u00e9s amb animals (excepte gossos guia o d&#8217;assist\u00e8ncia).<\/p>\n","protected":false},"excerpt":{"rendered":"<p>Data: Diumenge 12 de maig (9.30 hores) Lloc: P\u00e0rquing Mirador Antic Monestir https:\/\/goo.gl\/maps\/xezlcgjbzczxcisga Duraci\u00f3: 4 hores. Dist\u00e0ncia: 5 Km. Dificultat: moderada. (Xiquets a partir de 7 anys). Preu: 3 \u20ac (1,5 \u20ac redu\u00efda). Descripci\u00f3: La peculiar geologia arenisca del territori de Benic\u00e0ssim no sols influeix en l&#8217;aigua de les nostres fonts o en la vegetaci\u00f3 [&hellip;]<\/p>\n","protected":false},"featured_media":75860,"template":"","meta":{"_acf_changed":false},"product_brand":[],"product_cat":[1155],"product_tag":[496,497,607,339,729,739,681,623,556,735,555],"class_list":{"0":"post-75800","1":"product","2":"type-product","3":"status-publish","4":"has-post-thumbnail","6":"product_cat-desert-de-les-palmes-el-pais-del-gres-roig","7":"product_tag-benicasim-va","8":"product_tag-benicassim-va","9":"product_tag-benicassim-guided-tours-va","10":"product_tag-programa-oficial-de-visitas-guiadas-va","11":"product_tag-programa-oficial-de-visitas-guiadas-benicasim-va","12":"product_tag-programa-oficial-de-visites-guiades-benicassim-va","13":"product_tag-rutas-guiadas-benicasim-va","14":"product_tag-rutas-guiadas-benicassim-va","15":"product_tag-rutes-guiades-benicassim","16":"product_tag-senderismo-benicasim-va","17":"product_tag-visites-guiades-benicassim","19":"first","20":"instock","21":"shipping-taxable","22":"purchasable","23":"product-type-variable"},"acf":[],"yoast_head":"<!-- This site is optimized with the Yoast SEO plugin v27.4 - https:\/\/yoast.com\/product\/yoast-seo-wordpress\/ -->\n<title>Desert de les Palmes: el Pa\u00eds del Gres Roig. Diumenge 12 de maig de 2024 - 9:30 h - Benic\u00e0ssim Turismo<\/title>\n<meta name=\"robots\" content=\"index, follow, max-snippet:-1, max-image-preview:large, max-video-preview:-1\" \/>\n<link rel=\"canonical\" href=\"https:\/\/turismo.benicassim.es\/va\/producte\/la-vuelta-a-las-agujas-de-santa-agueda-domingo-12-de-mayo-de-2024-930-h\/\" \/>\n<meta property=\"og:locale\" content=\"en_US\" \/>\n<meta property=\"og:type\" content=\"article\" \/>\n<meta property=\"og:title\" content=\"Desert de les Palmes: el Pa\u00eds del Gres Roig. Diumenge 12 de maig de 2024 - 9:30 h - Benic\u00e0ssim Turismo\" \/>\n<meta property=\"og:description\" content=\"Data: Diumenge 12 de maig (9.30 hores) Lloc: P\u00e0rquing Mirador Antic Monestir https:\/\/goo.gl\/maps\/xezlcgjbzczxcisga Duraci\u00f3: 4 hores. Dist\u00e0ncia: 5 Km. Dificultat: moderada. (Xiquets a partir de 7 anys). Preu: 3 \u20ac (1,5 \u20ac redu\u00efda). Descripci\u00f3: La peculiar geologia arenisca del territori de Benic\u00e0ssim no sols influeix en l&#8217;aigua de les nostres fonts o en la vegetaci\u00f3 [&hellip;]\" \/>\n<meta property=\"og:url\" content=\"https:\/\/turismo.benicassim.es\/va\/producte\/la-vuelta-a-las-agujas-de-santa-agueda-domingo-12-de-mayo-de-2024-930-h\/\" \/>\n<meta property=\"og:site_name\" content=\"Benic\u00e0ssim Turismo\" \/>\n<meta property=\"article:modified_time\" content=\"2024-05-11T11:58:47+00:00\" \/>\n<meta property=\"og:image\" content=\"https:\/\/turismo.benicassim.es\/wp-content\/uploads\/2024\/04\/Bonita_Martin.jpg\" \/>\n\t<meta property=\"og:image:width\" content=\"2048\" \/>\n\t<meta property=\"og:image:height\" content=\"1365\" \/>\n\t<meta property=\"og:image:type\" content=\"image\/jpeg\" \/>\n<meta name=\"twitter:card\" content=\"summary_large_image\" \/>\n<meta name=\"twitter:label1\" content=\"Est. reading time\" \/>\n\t<meta name=\"twitter:data1\" content=\"1 minute\" \/>\n<script type=\"application\/ld+json\" class=\"yoast-schema-graph\">{\"@context\":\"https:\\\/\\\/schema.org\",\"@graph\":[{\"@type\":\"WebPage\",\"@id\":\"https:\\\/\\\/turismo.benicassim.es\\\/va\\\/producte\\\/la-vuelta-a-las-agujas-de-santa-agueda-domingo-12-de-mayo-de-2024-930-h\\\/\",\"url\":\"https:\\\/\\\/turismo.benicassim.es\\\/va\\\/producte\\\/la-vuelta-a-las-agujas-de-santa-agueda-domingo-12-de-mayo-de-2024-930-h\\\/\",\"name\":\"Desert de les Palmes: el Pa\u00eds del Gres Roig. Diumenge 12 de maig de 2024 - 9:30 h - Benic\u00e0ssim Turismo\",\"isPartOf\":{\"@id\":\"https:\\\/\\\/turismo.benicassim.es\\\/va\\\/#website\"},\"primaryImageOfPage\":{\"@id\":\"https:\\\/\\\/turismo.benicassim.es\\\/va\\\/producte\\\/la-vuelta-a-las-agujas-de-santa-agueda-domingo-12-de-mayo-de-2024-930-h\\\/#primaryimage\"},\"image\":{\"@id\":\"https:\\\/\\\/turismo.benicassim.es\\\/va\\\/producte\\\/la-vuelta-a-las-agujas-de-santa-agueda-domingo-12-de-mayo-de-2024-930-h\\\/#primaryimage\"},\"thumbnailUrl\":\"https:\\\/\\\/turismo.benicassim.es\\\/wp-content\\\/uploads\\\/2024\\\/04\\\/Bonita_Martin.jpg\",\"datePublished\":\"2024-04-25T15:53:52+00:00\",\"dateModified\":\"2024-05-11T11:58:47+00:00\",\"breadcrumb\":{\"@id\":\"https:\\\/\\\/turismo.benicassim.es\\\/va\\\/producte\\\/la-vuelta-a-las-agujas-de-santa-agueda-domingo-12-de-mayo-de-2024-930-h\\\/#breadcrumb\"},\"inLanguage\":\"ca-CA\",\"potentialAction\":[{\"@type\":\"ReadAction\",\"target\":[\"https:\\\/\\\/turismo.benicassim.es\\\/va\\\/producte\\\/la-vuelta-a-las-agujas-de-santa-agueda-domingo-12-de-mayo-de-2024-930-h\\\/\"]}]},{\"@type\":\"ImageObject\",\"inLanguage\":\"ca-CA\",\"@id\":\"https:\\\/\\\/turismo.benicassim.es\\\/va\\\/producte\\\/la-vuelta-a-las-agujas-de-santa-agueda-domingo-12-de-mayo-de-2024-930-h\\\/#primaryimage\",\"url\":\"https:\\\/\\\/turismo.benicassim.es\\\/wp-content\\\/uploads\\\/2024\\\/04\\\/Bonita_Martin.jpg\",\"contentUrl\":\"https:\\\/\\\/turismo.benicassim.es\\\/wp-content\\\/uploads\\\/2024\\\/04\\\/Bonita_Martin.jpg\",\"width\":2048,\"height\":1365},{\"@type\":\"BreadcrumbList\",\"@id\":\"https:\\\/\\\/turismo.benicassim.es\\\/va\\\/producte\\\/la-vuelta-a-las-agujas-de-santa-agueda-domingo-12-de-mayo-de-2024-930-h\\\/#breadcrumb\",\"itemListElement\":[{\"@type\":\"ListItem\",\"position\":1,\"name\":\"Inicio\",\"item\":\"https:\\\/\\\/turismo.benicassim.es\\\/va\\\/\"},{\"@type\":\"ListItem\",\"position\":2,\"name\":\"Tenda\",\"item\":\"https:\\\/\\\/turismo.benicassim.es\\\/va\\\/tenda\\\/\"},{\"@type\":\"ListItem\",\"position\":3,\"name\":\"Desert de les Palmes: el Pa\u00eds del Gres Roig. Diumenge 12 de maig de 2024 &#8211; 9:30 h\"}]},{\"@type\":\"WebSite\",\"@id\":\"https:\\\/\\\/turismo.benicassim.es\\\/va\\\/#website\",\"url\":\"https:\\\/\\\/turismo.benicassim.es\\\/va\\\/\",\"name\":\"Benic\u00e0ssim Turismo\",\"description\":\"Web de informaci\u00f3n de Turismo en Benicasim\",\"potentialAction\":[{\"@type\":\"SearchAction\",\"target\":{\"@type\":\"EntryPoint\",\"urlTemplate\":\"https:\\\/\\\/turismo.benicassim.es\\\/va\\\/?s={search_term_string}\"},\"query-input\":{\"@type\":\"PropertyValueSpecification\",\"valueRequired\":true,\"valueName\":\"search_term_string\"}}],\"inLanguage\":\"ca-CA\"}]}<\/script>\n<!-- \/ Yoast SEO plugin. -->","yoast_head_json":{"title":"Desert de les Palmes: el Pa\u00eds del Gres Roig. Diumenge 12 de maig de 2024 - 9:30 h - Benic\u00e0ssim Turismo","robots":{"index":"index","follow":"follow","max-snippet":"max-snippet:-1","max-image-preview":"max-image-preview:large","max-video-preview":"max-video-preview:-1"},"canonical":"https:\/\/turismo.benicassim.es\/va\/producte\/la-vuelta-a-las-agujas-de-santa-agueda-domingo-12-de-mayo-de-2024-930-h\/","og_locale":"en_US","og_type":"article","og_title":"Desert de les Palmes: el Pa\u00eds del Gres Roig. Diumenge 12 de maig de 2024 - 9:30 h - Benic\u00e0ssim Turismo","og_description":"Data: Diumenge 12 de maig (9.30 hores) Lloc: P\u00e0rquing Mirador Antic Monestir https:\/\/goo.gl\/maps\/xezlcgjbzczxcisga Duraci\u00f3: 4 hores. Dist\u00e0ncia: 5 Km. Dificultat: moderada. (Xiquets a partir de 7 anys). Preu: 3 \u20ac (1,5 \u20ac redu\u00efda). Descripci\u00f3: La peculiar geologia arenisca del territori de Benic\u00e0ssim no sols influeix en l&#8217;aigua de les nostres fonts o en la vegetaci\u00f3 [&hellip;]","og_url":"https:\/\/turismo.benicassim.es\/va\/producte\/la-vuelta-a-las-agujas-de-santa-agueda-domingo-12-de-mayo-de-2024-930-h\/","og_site_name":"Benic\u00e0ssim Turismo","article_modified_time":"2024-05-11T11:58:47+00:00","og_image":[{"width":2048,"height":1365,"url":"https:\/\/turismo.benicassim.es\/wp-content\/uploads\/2024\/04\/Bonita_Martin.jpg","type":"image\/jpeg"}],"twitter_card":"summary_large_image","twitter_misc":{"Est. reading time":"1 minute"},"schema":{"@context":"https:\/\/schema.org","@graph":[{"@type":"WebPage","@id":"https:\/\/turismo.benicassim.es\/va\/producte\/la-vuelta-a-las-agujas-de-santa-agueda-domingo-12-de-mayo-de-2024-930-h\/","url":"https:\/\/turismo.benicassim.es\/va\/producte\/la-vuelta-a-las-agujas-de-santa-agueda-domingo-12-de-mayo-de-2024-930-h\/","name":"Desert de les Palmes: el Pa\u00eds del Gres Roig. Diumenge 12 de maig de 2024 - 9:30 h - Benic\u00e0ssim Turismo","isPartOf":{"@id":"https:\/\/turismo.benicassim.es\/va\/#website"},"primaryImageOfPage":{"@id":"https:\/\/turismo.benicassim.es\/va\/producte\/la-vuelta-a-las-agujas-de-santa-agueda-domingo-12-de-mayo-de-2024-930-h\/#primaryimage"},"image":{"@id":"https:\/\/turismo.benicassim.es\/va\/producte\/la-vuelta-a-las-agujas-de-santa-agueda-domingo-12-de-mayo-de-2024-930-h\/#primaryimage"},"thumbnailUrl":"https:\/\/turismo.benicassim.es\/wp-content\/uploads\/2024\/04\/Bonita_Martin.jpg","datePublished":"2024-04-25T15:53:52+00:00","dateModified":"2024-05-11T11:58:47+00:00","breadcrumb":{"@id":"https:\/\/turismo.benicassim.es\/va\/producte\/la-vuelta-a-las-agujas-de-santa-agueda-domingo-12-de-mayo-de-2024-930-h\/#breadcrumb"},"inLanguage":"ca-CA","potentialAction":[{"@type":"ReadAction","target":["https:\/\/turismo.benicassim.es\/va\/producte\/la-vuelta-a-las-agujas-de-santa-agueda-domingo-12-de-mayo-de-2024-930-h\/"]}]},{"@type":"ImageObject","inLanguage":"ca-CA","@id":"https:\/\/turismo.benicassim.es\/va\/producte\/la-vuelta-a-las-agujas-de-santa-agueda-domingo-12-de-mayo-de-2024-930-h\/#primaryimage","url":"https:\/\/turismo.benicassim.es\/wp-content\/uploads\/2024\/04\/Bonita_Martin.jpg","contentUrl":"https:\/\/turismo.benicassim.es\/wp-content\/uploads\/2024\/04\/Bonita_Martin.jpg","width":2048,"height":1365},{"@type":"BreadcrumbList","@id":"https:\/\/turismo.benicassim.es\/va\/producte\/la-vuelta-a-las-agujas-de-santa-agueda-domingo-12-de-mayo-de-2024-930-h\/#breadcrumb","itemListElement":[{"@type":"ListItem","position":1,"name":"Inicio","item":"https:\/\/turismo.benicassim.es\/va\/"},{"@type":"ListItem","position":2,"name":"Tenda","item":"https:\/\/turismo.benicassim.es\/va\/tenda\/"},{"@type":"ListItem","position":3,"name":"Desert de les Palmes: el Pa\u00eds del Gres Roig. Diumenge 12 de maig de 2024 &#8211; 9:30 h"}]},{"@type":"WebSite","@id":"https:\/\/turismo.benicassim.es\/va\/#website","url":"https:\/\/turismo.benicassim.es\/va\/","name":"Benic\u00e0ssim Turismo","description":"Web de informaci\u00f3n de Turismo en Benicasim","potentialAction":[{"@type":"SearchAction","target":{"@type":"EntryPoint","urlTemplate":"https:\/\/turismo.benicassim.es\/va\/?s={search_term_string}"},"query-input":{"@type":"PropertyValueSpecification","valueRequired":true,"valueName":"search_term_string"}}],"inLanguage":"ca-CA"}]}},"_links":{"self":[{"href":"https:\/\/turismo.benicassim.es\/va\/wp-json\/wp\/v2\/product\/75800","targetHints":{"allow":["GET"]}}],"collection":[{"href":"https:\/\/turismo.benicassim.es\/va\/wp-json\/wp\/v2\/product"}],"about":[{"href":"https:\/\/turismo.benicassim.es\/va\/wp-json\/wp\/v2\/types\/product"}],"wp:featuredmedia":[{"embeddable":true,"href":"https:\/\/turismo.benicassim.es\/va\/wp-json\/wp\/v2\/media\/75860"}],"wp:attachment":[{"href":"https:\/\/turismo.benicassim.es\/va\/wp-json\/wp\/v2\/media?parent=75800"}],"wp:term":[{"taxonomy":"product_brand","embeddable":true,"href":"https:\/\/turismo.benicassim.es\/va\/wp-json\/wp\/v2\/product_brand?post=75800"},{"taxonomy":"product_cat","embeddable":true,"href":"https:\/\/turismo.benicassim.es\/va\/wp-json\/wp\/v2\/product_cat?post=75800"},{"taxonomy":"product_tag","embeddable":true,"href":"https:\/\/turismo.benicassim.es\/va\/wp-json\/wp\/v2\/product_tag?post=75800"}],"curies":[{"name":"wp","href":"https:\/\/api.w.org\/{rel}","templated":true}]}}