{"id":76047,"date":"2024-05-27T13:44:32","date_gmt":"2024-05-27T11:44:32","guid":{"rendered":"https:\/\/turismo.benicassim.es\/producto\/senderismo-a-la-luz-de-las-estrellas-sabado-22-de-junio-de-2024-2130-h\/"},"modified":"2024-06-13T19:06:16","modified_gmt":"2024-06-13T17:06:16","slug":"senderismo-a-la-luz-de-las-estrellas-sabado-22-de-junio-de-2024-2130-h","status":"publish","type":"product","link":"https:\/\/turismo.benicassim.es\/va\/producte\/senderismo-a-la-luz-de-las-estrellas-sabado-22-de-junio-de-2024-2130-h\/","title":{"rendered":"Senderisme a la llum dels estels. Dissabte 22 de juny de 2024 &#8211; 21:30 h"},"content":{"rendered":"<p><span style=\"font-family: Liberation Serif, serif;\"><span style=\"font-size: medium;\"><b>Data:<\/b> Dissabte 22 de juny (21:30 h)\u00a0 \u00a0<span style=\"color: #ff0000;\"><strong>VISITA COMPLETA<\/strong><\/span><\/span><\/span><\/p>\n<p><span style=\"font-family: Liberation Serif, serif;\"><span style=\"font-size: medium;\"><b>Lloc: <\/b><\/span><\/span><span style=\"font-family: Liberation Serif, serif;\"><span style=\"font-size: medium;\">P\u00e0rquing Centre d&#8217;Interpretaci\u00f3 \u201cLa Bartola\u201d <a href=\"https:\/\/goo.gl\/maps\/1rprkabucjv9vuc7a\">https:\/\/goo.gl\/maps\/1rprkabucjv9vuc7a<\/a><\/span><\/span><\/p>\n<p><span style=\"font-family: Liberation Serif, serif;\"><span style=\"font-size: medium;\"><b>Duraci\u00f3: <\/b>2:30 hores<\/span><\/span><\/p>\n<p><span style=\"font-family: Liberation Serif, serif;\"><span style=\"font-size: medium;\"><b>Dificultat:<\/b> Baixa. (Xiquets a partir de 7 anys)<\/span><\/span><\/p>\n<p><span style=\"font-family: Liberation Serif, serif;\"><span style=\"font-size: medium;\"><b>Preu: <\/b>3 \u20ac (1,5 \u20ac redu\u00efda).<\/span><\/span><\/p>\n<p align=\"justify\"><span style=\"font-family: Liberation Serif, serif;\"><span style=\"font-size: medium;\"><b>Descripci\u00f3:<\/b> Al voltant de l&#8217;estrela polar giren infinitat d&#8217;estreles organitzades en constel\u00b7lacions que van canviant amb el pas dels mesos. Per aix\u00f2, amb l&#8217;ajuda del nostre guia, armat amb un potent l\u00e0ser, aprendrem a orientar-nos mirant al cel, coneixerem els principals asterismes de l&#8217;\u00e8poca estival i bussejarem entres els mites que envolten als planetes del nostre sistema solar.<\/span><\/span><\/p>\n<p><span style=\"font-family: Liberation Serif, serif;\"><span style=\"font-size: medium;\"><b>Recomanacions:<\/b> sabata d&#8217;esport, gorra, beguda i llanterna. Durant la prestaci\u00f3 del servei no est\u00e0 perm\u00e9s l&#8217;acc\u00e9s amb animals (excepte gossos guia o d&#8217;assist\u00e8ncia).<\/span><\/span><\/p>\n","protected":false},"excerpt":{"rendered":"<p>Data: Dissabte 22 de juny (21:30 h)\u00a0 \u00a0VISITA COMPLETA Lloc: P\u00e0rquing Centre d&#8217;Interpretaci\u00f3 \u201cLa Bartola\u201d https:\/\/goo.gl\/maps\/1rprkabucjv9vuc7a Duraci\u00f3: 2:30 hores Dificultat: Baixa. (Xiquets a partir de 7 anys) Preu: 3 \u20ac (1,5 \u20ac redu\u00efda). Descripci\u00f3: Al voltant de l&#8217;estrela polar giren infinitat d&#8217;estreles organitzades en constel\u00b7lacions que van canviant amb el pas dels mesos. Per aix\u00f2, [&hellip;]<\/p>\n","protected":false},"featured_media":71153,"template":"","meta":{"_acf_changed":false},"product_brand":[],"product_cat":[436],"product_tag":[496,497,607,1104,339,729,760,739,681,556,735],"class_list":{"0":"post-76047","1":"product","2":"type-product","3":"status-publish","4":"has-post-thumbnail","6":"product_cat-senderisme-a-la-llum-dels-estels","7":"product_tag-benicasim-va","8":"product_tag-benicassim-va","9":"product_tag-benicassim-guided-tours-va","10":"product_tag-desert-de-les-palmes-va","11":"product_tag-programa-oficial-de-visitas-guiadas-va","12":"product_tag-programa-oficial-de-visitas-guiadas-benicasim-va","13":"product_tag-programa-oficial-de-visitas-guiadas-benicassim-va","14":"product_tag-programa-oficial-de-visites-guiades-benicassim-va","15":"product_tag-rutas-guiadas-benicasim-va","16":"product_tag-rutes-guiades-benicassim","17":"product_tag-senderismo-benicasim-va","19":"first","20":"outofstock","21":"shipping-taxable","22":"purchasable","23":"product-type-variable"},"acf":[],"yoast_head":"<!-- This site is optimized with the Yoast SEO plugin v27.4 - https:\/\/yoast.com\/product\/yoast-seo-wordpress\/ -->\n<title>Senderisme a la llum dels estels. Dissabte 22 de juny de 2024 - 21:30 h - Benic\u00e0ssim Turismo<\/title>\n<meta name=\"robots\" content=\"index, follow, max-snippet:-1, max-image-preview:large, max-video-preview:-1\" \/>\n<link rel=\"canonical\" href=\"https:\/\/turismo.benicassim.es\/va\/producte\/senderismo-a-la-luz-de-las-estrellas-sabado-22-de-junio-de-2024-2130-h\/\" \/>\n<meta property=\"og:locale\" content=\"en_US\" \/>\n<meta property=\"og:type\" content=\"article\" \/>\n<meta property=\"og:title\" content=\"Senderisme a la llum dels estels. Dissabte 22 de juny de 2024 - 21:30 h - Benic\u00e0ssim Turismo\" \/>\n<meta property=\"og:description\" content=\"Data: Dissabte 22 de juny (21:30 h)\u00a0 \u00a0VISITA COMPLETA Lloc: P\u00e0rquing Centre d&#8217;Interpretaci\u00f3 \u201cLa Bartola\u201d https:\/\/goo.gl\/maps\/1rprkabucjv9vuc7a Duraci\u00f3: 2:30 hores Dificultat: Baixa. (Xiquets a partir de 7 anys) Preu: 3 \u20ac (1,5 \u20ac redu\u00efda). Descripci\u00f3: Al voltant de l&#8217;estrela polar giren infinitat d&#8217;estreles organitzades en constel\u00b7lacions que van canviant amb el pas dels mesos. Per aix\u00f2, [&hellip;]\" \/>\n<meta property=\"og:url\" content=\"https:\/\/turismo.benicassim.es\/va\/producte\/senderismo-a-la-luz-de-las-estrellas-sabado-22-de-junio-de-2024-2130-h\/\" \/>\n<meta property=\"og:site_name\" content=\"Benic\u00e0ssim Turismo\" \/>\n<meta property=\"article:modified_time\" content=\"2024-06-13T17:06:16+00:00\" \/>\n<meta property=\"og:image\" content=\"https:\/\/turismo.benicassim.es\/wp-content\/uploads\/2023\/06\/foto18.jpg\" \/>\n\t<meta property=\"og:image:width\" content=\"1772\" \/>\n\t<meta property=\"og:image:height\" content=\"1180\" \/>\n\t<meta property=\"og:image:type\" content=\"image\/jpeg\" \/>\n<meta name=\"twitter:card\" content=\"summary_large_image\" \/>\n<meta name=\"twitter:label1\" content=\"Est. reading time\" \/>\n\t<meta name=\"twitter:data1\" content=\"1 minute\" \/>\n<script type=\"application\/ld+json\" class=\"yoast-schema-graph\">{\"@context\":\"https:\\\/\\\/schema.org\",\"@graph\":[{\"@type\":\"WebPage\",\"@id\":\"https:\\\/\\\/turismo.benicassim.es\\\/va\\\/producte\\\/senderismo-a-la-luz-de-las-estrellas-sabado-22-de-junio-de-2024-2130-h\\\/\",\"url\":\"https:\\\/\\\/turismo.benicassim.es\\\/va\\\/producte\\\/senderismo-a-la-luz-de-las-estrellas-sabado-22-de-junio-de-2024-2130-h\\\/\",\"name\":\"Senderisme a la llum dels estels. Dissabte 22 de juny de 2024 - 21:30 h - Benic\u00e0ssim Turismo\",\"isPartOf\":{\"@id\":\"https:\\\/\\\/turismo.benicassim.es\\\/va\\\/#website\"},\"primaryImageOfPage\":{\"@id\":\"https:\\\/\\\/turismo.benicassim.es\\\/va\\\/producte\\\/senderismo-a-la-luz-de-las-estrellas-sabado-22-de-junio-de-2024-2130-h\\\/#primaryimage\"},\"image\":{\"@id\":\"https:\\\/\\\/turismo.benicassim.es\\\/va\\\/producte\\\/senderismo-a-la-luz-de-las-estrellas-sabado-22-de-junio-de-2024-2130-h\\\/#primaryimage\"},\"thumbnailUrl\":\"https:\\\/\\\/turismo.benicassim.es\\\/wp-content\\\/uploads\\\/2023\\\/06\\\/foto18.jpg\",\"datePublished\":\"2024-05-27T11:44:32+00:00\",\"dateModified\":\"2024-06-13T17:06:16+00:00\",\"breadcrumb\":{\"@id\":\"https:\\\/\\\/turismo.benicassim.es\\\/va\\\/producte\\\/senderismo-a-la-luz-de-las-estrellas-sabado-22-de-junio-de-2024-2130-h\\\/#breadcrumb\"},\"inLanguage\":\"ca-CA\",\"potentialAction\":[{\"@type\":\"ReadAction\",\"target\":[\"https:\\\/\\\/turismo.benicassim.es\\\/va\\\/producte\\\/senderismo-a-la-luz-de-las-estrellas-sabado-22-de-junio-de-2024-2130-h\\\/\"]}]},{\"@type\":\"ImageObject\",\"inLanguage\":\"ca-CA\",\"@id\":\"https:\\\/\\\/turismo.benicassim.es\\\/va\\\/producte\\\/senderismo-a-la-luz-de-las-estrellas-sabado-22-de-junio-de-2024-2130-h\\\/#primaryimage\",\"url\":\"https:\\\/\\\/turismo.benicassim.es\\\/wp-content\\\/uploads\\\/2023\\\/06\\\/foto18.jpg\",\"contentUrl\":\"https:\\\/\\\/turismo.benicassim.es\\\/wp-content\\\/uploads\\\/2023\\\/06\\\/foto18.jpg\",\"width\":1772,\"height\":1180},{\"@type\":\"BreadcrumbList\",\"@id\":\"https:\\\/\\\/turismo.benicassim.es\\\/va\\\/producte\\\/senderismo-a-la-luz-de-las-estrellas-sabado-22-de-junio-de-2024-2130-h\\\/#breadcrumb\",\"itemListElement\":[{\"@type\":\"ListItem\",\"position\":1,\"name\":\"Inicio\",\"item\":\"https:\\\/\\\/turismo.benicassim.es\\\/va\\\/\"},{\"@type\":\"ListItem\",\"position\":2,\"name\":\"Tenda\",\"item\":\"https:\\\/\\\/turismo.benicassim.es\\\/va\\\/tenda\\\/\"},{\"@type\":\"ListItem\",\"position\":3,\"name\":\"Senderisme a la llum dels estels. Dissabte 22 de juny de 2024 &#8211; 21:30 h\"}]},{\"@type\":\"WebSite\",\"@id\":\"https:\\\/\\\/turismo.benicassim.es\\\/va\\\/#website\",\"url\":\"https:\\\/\\\/turismo.benicassim.es\\\/va\\\/\",\"name\":\"Benic\u00e0ssim Turismo\",\"description\":\"Web de informaci\u00f3n de Turismo en Benicasim\",\"potentialAction\":[{\"@type\":\"SearchAction\",\"target\":{\"@type\":\"EntryPoint\",\"urlTemplate\":\"https:\\\/\\\/turismo.benicassim.es\\\/va\\\/?s={search_term_string}\"},\"query-input\":{\"@type\":\"PropertyValueSpecification\",\"valueRequired\":true,\"valueName\":\"search_term_string\"}}],\"inLanguage\":\"ca-CA\"}]}<\/script>\n<!-- \/ Yoast SEO plugin. -->","yoast_head_json":{"title":"Senderisme a la llum dels estels. Dissabte 22 de juny de 2024 - 21:30 h - Benic\u00e0ssim Turismo","robots":{"index":"index","follow":"follow","max-snippet":"max-snippet:-1","max-image-preview":"max-image-preview:large","max-video-preview":"max-video-preview:-1"},"canonical":"https:\/\/turismo.benicassim.es\/va\/producte\/senderismo-a-la-luz-de-las-estrellas-sabado-22-de-junio-de-2024-2130-h\/","og_locale":"en_US","og_type":"article","og_title":"Senderisme a la llum dels estels. Dissabte 22 de juny de 2024 - 21:30 h - Benic\u00e0ssim Turismo","og_description":"Data: Dissabte 22 de juny (21:30 h)\u00a0 \u00a0VISITA COMPLETA Lloc: P\u00e0rquing Centre d&#8217;Interpretaci\u00f3 \u201cLa Bartola\u201d https:\/\/goo.gl\/maps\/1rprkabucjv9vuc7a Duraci\u00f3: 2:30 hores Dificultat: Baixa. (Xiquets a partir de 7 anys) Preu: 3 \u20ac (1,5 \u20ac redu\u00efda). Descripci\u00f3: Al voltant de l&#8217;estrela polar giren infinitat d&#8217;estreles organitzades en constel\u00b7lacions que van canviant amb el pas dels mesos. Per aix\u00f2, [&hellip;]","og_url":"https:\/\/turismo.benicassim.es\/va\/producte\/senderismo-a-la-luz-de-las-estrellas-sabado-22-de-junio-de-2024-2130-h\/","og_site_name":"Benic\u00e0ssim Turismo","article_modified_time":"2024-06-13T17:06:16+00:00","og_image":[{"width":1772,"height":1180,"url":"https:\/\/turismo.benicassim.es\/wp-content\/uploads\/2023\/06\/foto18.jpg","type":"image\/jpeg"}],"twitter_card":"summary_large_image","twitter_misc":{"Est. reading time":"1 minute"},"schema":{"@context":"https:\/\/schema.org","@graph":[{"@type":"WebPage","@id":"https:\/\/turismo.benicassim.es\/va\/producte\/senderismo-a-la-luz-de-las-estrellas-sabado-22-de-junio-de-2024-2130-h\/","url":"https:\/\/turismo.benicassim.es\/va\/producte\/senderismo-a-la-luz-de-las-estrellas-sabado-22-de-junio-de-2024-2130-h\/","name":"Senderisme a la llum dels estels. Dissabte 22 de juny de 2024 - 21:30 h - Benic\u00e0ssim Turismo","isPartOf":{"@id":"https:\/\/turismo.benicassim.es\/va\/#website"},"primaryImageOfPage":{"@id":"https:\/\/turismo.benicassim.es\/va\/producte\/senderismo-a-la-luz-de-las-estrellas-sabado-22-de-junio-de-2024-2130-h\/#primaryimage"},"image":{"@id":"https:\/\/turismo.benicassim.es\/va\/producte\/senderismo-a-la-luz-de-las-estrellas-sabado-22-de-junio-de-2024-2130-h\/#primaryimage"},"thumbnailUrl":"https:\/\/turismo.benicassim.es\/wp-content\/uploads\/2023\/06\/foto18.jpg","datePublished":"2024-05-27T11:44:32+00:00","dateModified":"2024-06-13T17:06:16+00:00","breadcrumb":{"@id":"https:\/\/turismo.benicassim.es\/va\/producte\/senderismo-a-la-luz-de-las-estrellas-sabado-22-de-junio-de-2024-2130-h\/#breadcrumb"},"inLanguage":"ca-CA","potentialAction":[{"@type":"ReadAction","target":["https:\/\/turismo.benicassim.es\/va\/producte\/senderismo-a-la-luz-de-las-estrellas-sabado-22-de-junio-de-2024-2130-h\/"]}]},{"@type":"ImageObject","inLanguage":"ca-CA","@id":"https:\/\/turismo.benicassim.es\/va\/producte\/senderismo-a-la-luz-de-las-estrellas-sabado-22-de-junio-de-2024-2130-h\/#primaryimage","url":"https:\/\/turismo.benicassim.es\/wp-content\/uploads\/2023\/06\/foto18.jpg","contentUrl":"https:\/\/turismo.benicassim.es\/wp-content\/uploads\/2023\/06\/foto18.jpg","width":1772,"height":1180},{"@type":"BreadcrumbList","@id":"https:\/\/turismo.benicassim.es\/va\/producte\/senderismo-a-la-luz-de-las-estrellas-sabado-22-de-junio-de-2024-2130-h\/#breadcrumb","itemListElement":[{"@type":"ListItem","position":1,"name":"Inicio","item":"https:\/\/turismo.benicassim.es\/va\/"},{"@type":"ListItem","position":2,"name":"Tenda","item":"https:\/\/turismo.benicassim.es\/va\/tenda\/"},{"@type":"ListItem","position":3,"name":"Senderisme a la llum dels estels. Dissabte 22 de juny de 2024 &#8211; 21:30 h"}]},{"@type":"WebSite","@id":"https:\/\/turismo.benicassim.es\/va\/#website","url":"https:\/\/turismo.benicassim.es\/va\/","name":"Benic\u00e0ssim Turismo","description":"Web de informaci\u00f3n de Turismo en Benicasim","potentialAction":[{"@type":"SearchAction","target":{"@type":"EntryPoint","urlTemplate":"https:\/\/turismo.benicassim.es\/va\/?s={search_term_string}"},"query-input":{"@type":"PropertyValueSpecification","valueRequired":true,"valueName":"search_term_string"}}],"inLanguage":"ca-CA"}]}},"_links":{"self":[{"href":"https:\/\/turismo.benicassim.es\/va\/wp-json\/wp\/v2\/product\/76047","targetHints":{"allow":["GET"]}}],"collection":[{"href":"https:\/\/turismo.benicassim.es\/va\/wp-json\/wp\/v2\/product"}],"about":[{"href":"https:\/\/turismo.benicassim.es\/va\/wp-json\/wp\/v2\/types\/product"}],"wp:featuredmedia":[{"embeddable":true,"href":"https:\/\/turismo.benicassim.es\/va\/wp-json\/wp\/v2\/media\/71153"}],"wp:attachment":[{"href":"https:\/\/turismo.benicassim.es\/va\/wp-json\/wp\/v2\/media?parent=76047"}],"wp:term":[{"taxonomy":"product_brand","embeddable":true,"href":"https:\/\/turismo.benicassim.es\/va\/wp-json\/wp\/v2\/product_brand?post=76047"},{"taxonomy":"product_cat","embeddable":true,"href":"https:\/\/turismo.benicassim.es\/va\/wp-json\/wp\/v2\/product_cat?post=76047"},{"taxonomy":"product_tag","embeddable":true,"href":"https:\/\/turismo.benicassim.es\/va\/wp-json\/wp\/v2\/product_tag?post=76047"}],"curies":[{"name":"wp","href":"https:\/\/api.w.org\/{rel}","templated":true}]}}