{"id":76798,"date":"2024-06-30T13:13:39","date_gmt":"2024-06-30T11:13:39","guid":{"rendered":"https:\/\/turismo.benicassim.es\/producto\/por-la-semana-mundial-del-espacio-astronomia-en-el-desert-martes-30-de-julio-1930-h\/"},"modified":"2024-07-10T17:00:34","modified_gmt":"2024-07-10T15:00:34","slug":"por-la-semana-mundial-del-espacio-astronomia-en-el-desert-martes-30-de-julio-1930-h","status":"publish","type":"product","link":"https:\/\/turismo.benicassim.es\/va\/producte\/por-la-semana-mundial-del-espacio-astronomia-en-el-desert-martes-30-de-julio-1930-h\/","title":{"rendered":"PER LA SETMANA MUNDIAL DE L&#8217;ESPAI&#8230; ASTRONOMIA EN EL DESERT!"},"content":{"rendered":"<ul>\n<li lang=\"ca-ES-valencia\"><span style=\"color: #000000;\"><span style=\"font-family: Montserrat, sans-serif;\"><span style=\"font-size: small;\"><strong>Dimarts<\/strong>, 30 de juliol (19:30h \u2013 00:30h)<\/span><\/span><\/span><\/li>\n<li lang=\"ca-ES-valencia\"><span style=\"color: #000000;\"><span style=\"font-family: Montserrat, sans-serif;\"><span style=\"font-size: small;\"><strong>Lloc:<\/strong> P\u00e0rquing del Monestir del Desert de les Palmes. <\/span><\/span><\/span><\/li>\n<li lang=\"ca-ES-valencia\"><span style=\"color: #000000;\"><span style=\"font-family: Montserrat, sans-serif;\"><span style=\"font-size: small;\"><strong>Dificultat<\/strong>: (7 km) moderada. (Recomanat a partir de 10 anys).<\/span><\/span><\/span><\/li>\n<li lang=\"ca-ES-valencia\"><span style=\"color: #000000;\"><span style=\"font-family: Montserrat, sans-serif;\"><span style=\"font-size: small;\"><strong>Preu<\/strong>: 5 \u20ac (2,5 \u20ac redu\u00efda).<\/span><\/span><\/span><\/li>\n<li lang=\"ca-ES-valencia\"><span style=\"color: #000000;\"><span style=\"font-family: Montserrat, sans-serif;\"><span style=\"font-size: small;\"><strong>Descripci\u00f3<\/strong>: Des del Convent dels Carmelites del Desert de les Palmes, ascendirem admirant unes vistes impressionants. Anir\u00e0 fent-se de nit de manera que, en la creu de l&#8217;Alt del Bartolo, soparem. Ser\u00e0 ac\u00ed, en un dels punts culminants d&#8217;esta fabulosa serra litoral, on coneixerem a l&#8217;astr\u00f2nom que, armat amb l\u00e0ser i telescopi, ens iniciar\u00e0 a grans i xicotets en els secrets del cosmos. Baixarem a plena llum de les estreles ajudats per llanternes i frontals, gaudint de les millors vistes de La Plana i acabant aix\u00ed una experi\u00e8ncia literalment impossible d&#8217;oblidar. <\/span><\/span><\/span><\/li>\n<li lang=\"ca-ES-valencia\"><span style=\"color: #000000;\"><span style=\"font-family: Montserrat, sans-serif;\"><span style=\"font-size: small;\"><strong>Recomanacions<\/strong>: Cal\u00e7at i roba esportiva, m\u00e0nega llarga, aigua en abund\u00e0ncia, sopar, llanterna. <\/span><\/span><\/span><\/li>\n<\/ul>\n","protected":false},"excerpt":{"rendered":"<p>Dimarts, 30 de juliol (19:30h \u2013 00:30h) Lloc: P\u00e0rquing del Monestir del Desert de les Palmes. Dificultat: (7 km) moderada. (Recomanat a partir de 10 anys). Preu: 5 \u20ac (2,5 \u20ac redu\u00efda). Descripci\u00f3: Des del Convent dels Carmelites del Desert de les Palmes, ascendirem admirant unes vistes impressionants. Anir\u00e0 fent-se de nit de manera que, [&hellip;]<\/p>\n","protected":false},"featured_media":76799,"template":"","meta":{"_acf_changed":false},"product_brand":[],"product_cat":[1235],"product_tag":[1236,496,497,607,1237,339,729,760,739,1238,681,623,556,1148,553,554,555],"class_list":{"0":"post-76798","1":"product","2":"type-product","3":"status-publish","4":"has-post-thumbnail","6":"product_cat-astronomia-en-el-desert-va","7":"product_tag-astronomia-va","8":"product_tag-benicasim-va","9":"product_tag-benicassim-va","10":"product_tag-benicassim-guided-tours-va","11":"product_tag-desert-de-les-palem-va","12":"product_tag-programa-oficial-de-visitas-guiadas-va","13":"product_tag-programa-oficial-de-visitas-guiadas-benicasim-va","14":"product_tag-programa-oficial-de-visitas-guiadas-benicassim-va","15":"product_tag-programa-oficial-de-visites-guiades-benicassim-va","16":"product_tag-ruta-nocturna-va","17":"product_tag-rutas-guiadas-benicasim-va","18":"product_tag-rutas-guiadas-benicassim-va","19":"product_tag-rutes-guiades-benicassim","20":"product_tag-senderismo-va","21":"product_tag-visitas-guiadas-benicasim-va","22":"product_tag-visitas-guiadas-benicassim-va","23":"product_tag-visites-guiades-benicassim","25":"first","26":"outofstock","27":"shipping-taxable","28":"purchasable","29":"product-type-variable"},"acf":[],"yoast_head":"<!-- This site is optimized with the Yoast SEO plugin v27.4 - https:\/\/yoast.com\/product\/yoast-seo-wordpress\/ -->\n<title>PER LA SETMANA MUNDIAL DE L&#039;ESPAI... ASTRONOMIA EN EL DESERT! - Benic\u00e0ssim Turismo<\/title>\n<meta name=\"robots\" content=\"index, follow, max-snippet:-1, max-image-preview:large, max-video-preview:-1\" \/>\n<link rel=\"canonical\" href=\"https:\/\/turismo.benicassim.es\/va\/producte\/por-la-semana-mundial-del-espacio-astronomia-en-el-desert-martes-30-de-julio-1930-h\/\" \/>\n<meta property=\"og:locale\" content=\"en_US\" \/>\n<meta property=\"og:type\" content=\"article\" \/>\n<meta property=\"og:title\" content=\"PER LA SETMANA MUNDIAL DE L&#039;ESPAI... ASTRONOMIA EN EL DESERT! - Benic\u00e0ssim Turismo\" \/>\n<meta property=\"og:description\" content=\"Dimarts, 30 de juliol (19:30h \u2013 00:30h) Lloc: P\u00e0rquing del Monestir del Desert de les Palmes. Dificultat: (7 km) moderada. (Recomanat a partir de 10 anys). Preu: 5 \u20ac (2,5 \u20ac redu\u00efda). Descripci\u00f3: Des del Convent dels Carmelites del Desert de les Palmes, ascendirem admirant unes vistes impressionants. Anir\u00e0 fent-se de nit de manera que, [&hellip;]\" \/>\n<meta property=\"og:url\" content=\"https:\/\/turismo.benicassim.es\/va\/producte\/por-la-semana-mundial-del-espacio-astronomia-en-el-desert-martes-30-de-julio-1930-h\/\" \/>\n<meta property=\"og:site_name\" content=\"Benic\u00e0ssim Turismo\" \/>\n<meta property=\"article:modified_time\" content=\"2024-07-10T15:00:34+00:00\" \/>\n<meta property=\"og:image\" content=\"https:\/\/turismo.benicassim.es\/wp-content\/uploads\/2024\/06\/30-Astronomia.png\" \/>\n\t<meta property=\"og:image:width\" content=\"513\" \/>\n\t<meta property=\"og:image:height\" content=\"617\" \/>\n\t<meta property=\"og:image:type\" content=\"image\/png\" \/>\n<meta name=\"twitter:card\" content=\"summary_large_image\" \/>\n<meta name=\"twitter:label1\" content=\"Est. reading time\" \/>\n\t<meta name=\"twitter:data1\" content=\"1 minute\" \/>\n<script type=\"application\/ld+json\" class=\"yoast-schema-graph\">{\"@context\":\"https:\\\/\\\/schema.org\",\"@graph\":[{\"@type\":\"WebPage\",\"@id\":\"https:\\\/\\\/turismo.benicassim.es\\\/va\\\/producte\\\/por-la-semana-mundial-del-espacio-astronomia-en-el-desert-martes-30-de-julio-1930-h\\\/\",\"url\":\"https:\\\/\\\/turismo.benicassim.es\\\/va\\\/producte\\\/por-la-semana-mundial-del-espacio-astronomia-en-el-desert-martes-30-de-julio-1930-h\\\/\",\"name\":\"PER LA SETMANA MUNDIAL DE L'ESPAI... ASTRONOMIA EN EL DESERT! - Benic\u00e0ssim Turismo\",\"isPartOf\":{\"@id\":\"https:\\\/\\\/turismo.benicassim.es\\\/va\\\/#website\"},\"primaryImageOfPage\":{\"@id\":\"https:\\\/\\\/turismo.benicassim.es\\\/va\\\/producte\\\/por-la-semana-mundial-del-espacio-astronomia-en-el-desert-martes-30-de-julio-1930-h\\\/#primaryimage\"},\"image\":{\"@id\":\"https:\\\/\\\/turismo.benicassim.es\\\/va\\\/producte\\\/por-la-semana-mundial-del-espacio-astronomia-en-el-desert-martes-30-de-julio-1930-h\\\/#primaryimage\"},\"thumbnailUrl\":\"https:\\\/\\\/turismo.benicassim.es\\\/wp-content\\\/uploads\\\/2024\\\/06\\\/30-Astronomia.png\",\"datePublished\":\"2024-06-30T11:13:39+00:00\",\"dateModified\":\"2024-07-10T15:00:34+00:00\",\"breadcrumb\":{\"@id\":\"https:\\\/\\\/turismo.benicassim.es\\\/va\\\/producte\\\/por-la-semana-mundial-del-espacio-astronomia-en-el-desert-martes-30-de-julio-1930-h\\\/#breadcrumb\"},\"inLanguage\":\"ca-CA\",\"potentialAction\":[{\"@type\":\"ReadAction\",\"target\":[\"https:\\\/\\\/turismo.benicassim.es\\\/va\\\/producte\\\/por-la-semana-mundial-del-espacio-astronomia-en-el-desert-martes-30-de-julio-1930-h\\\/\"]}]},{\"@type\":\"ImageObject\",\"inLanguage\":\"ca-CA\",\"@id\":\"https:\\\/\\\/turismo.benicassim.es\\\/va\\\/producte\\\/por-la-semana-mundial-del-espacio-astronomia-en-el-desert-martes-30-de-julio-1930-h\\\/#primaryimage\",\"url\":\"https:\\\/\\\/turismo.benicassim.es\\\/wp-content\\\/uploads\\\/2024\\\/06\\\/30-Astronomia.png\",\"contentUrl\":\"https:\\\/\\\/turismo.benicassim.es\\\/wp-content\\\/uploads\\\/2024\\\/06\\\/30-Astronomia.png\",\"width\":513,\"height\":617},{\"@type\":\"BreadcrumbList\",\"@id\":\"https:\\\/\\\/turismo.benicassim.es\\\/va\\\/producte\\\/por-la-semana-mundial-del-espacio-astronomia-en-el-desert-martes-30-de-julio-1930-h\\\/#breadcrumb\",\"itemListElement\":[{\"@type\":\"ListItem\",\"position\":1,\"name\":\"Inicio\",\"item\":\"https:\\\/\\\/turismo.benicassim.es\\\/va\\\/\"},{\"@type\":\"ListItem\",\"position\":2,\"name\":\"Tenda\",\"item\":\"https:\\\/\\\/turismo.benicassim.es\\\/va\\\/tenda\\\/\"},{\"@type\":\"ListItem\",\"position\":3,\"name\":\"PER LA SETMANA MUNDIAL DE L&#8217;ESPAI&#8230; ASTRONOMIA EN EL DESERT!\"}]},{\"@type\":\"WebSite\",\"@id\":\"https:\\\/\\\/turismo.benicassim.es\\\/va\\\/#website\",\"url\":\"https:\\\/\\\/turismo.benicassim.es\\\/va\\\/\",\"name\":\"Benic\u00e0ssim Turismo\",\"description\":\"Web de informaci\u00f3n de Turismo en Benicasim\",\"potentialAction\":[{\"@type\":\"SearchAction\",\"target\":{\"@type\":\"EntryPoint\",\"urlTemplate\":\"https:\\\/\\\/turismo.benicassim.es\\\/va\\\/?s={search_term_string}\"},\"query-input\":{\"@type\":\"PropertyValueSpecification\",\"valueRequired\":true,\"valueName\":\"search_term_string\"}}],\"inLanguage\":\"ca-CA\"}]}<\/script>\n<!-- \/ Yoast SEO plugin. -->","yoast_head_json":{"title":"PER LA SETMANA MUNDIAL DE L'ESPAI... ASTRONOMIA EN EL DESERT! - Benic\u00e0ssim Turismo","robots":{"index":"index","follow":"follow","max-snippet":"max-snippet:-1","max-image-preview":"max-image-preview:large","max-video-preview":"max-video-preview:-1"},"canonical":"https:\/\/turismo.benicassim.es\/va\/producte\/por-la-semana-mundial-del-espacio-astronomia-en-el-desert-martes-30-de-julio-1930-h\/","og_locale":"en_US","og_type":"article","og_title":"PER LA SETMANA MUNDIAL DE L'ESPAI... ASTRONOMIA EN EL DESERT! - Benic\u00e0ssim Turismo","og_description":"Dimarts, 30 de juliol (19:30h \u2013 00:30h) Lloc: P\u00e0rquing del Monestir del Desert de les Palmes. Dificultat: (7 km) moderada. (Recomanat a partir de 10 anys). Preu: 5 \u20ac (2,5 \u20ac redu\u00efda). Descripci\u00f3: Des del Convent dels Carmelites del Desert de les Palmes, ascendirem admirant unes vistes impressionants. Anir\u00e0 fent-se de nit de manera que, [&hellip;]","og_url":"https:\/\/turismo.benicassim.es\/va\/producte\/por-la-semana-mundial-del-espacio-astronomia-en-el-desert-martes-30-de-julio-1930-h\/","og_site_name":"Benic\u00e0ssim Turismo","article_modified_time":"2024-07-10T15:00:34+00:00","og_image":[{"width":513,"height":617,"url":"https:\/\/turismo.benicassim.es\/wp-content\/uploads\/2024\/06\/30-Astronomia.png","type":"image\/png"}],"twitter_card":"summary_large_image","twitter_misc":{"Est. reading time":"1 minute"},"schema":{"@context":"https:\/\/schema.org","@graph":[{"@type":"WebPage","@id":"https:\/\/turismo.benicassim.es\/va\/producte\/por-la-semana-mundial-del-espacio-astronomia-en-el-desert-martes-30-de-julio-1930-h\/","url":"https:\/\/turismo.benicassim.es\/va\/producte\/por-la-semana-mundial-del-espacio-astronomia-en-el-desert-martes-30-de-julio-1930-h\/","name":"PER LA SETMANA MUNDIAL DE L'ESPAI... ASTRONOMIA EN EL DESERT! - Benic\u00e0ssim Turismo","isPartOf":{"@id":"https:\/\/turismo.benicassim.es\/va\/#website"},"primaryImageOfPage":{"@id":"https:\/\/turismo.benicassim.es\/va\/producte\/por-la-semana-mundial-del-espacio-astronomia-en-el-desert-martes-30-de-julio-1930-h\/#primaryimage"},"image":{"@id":"https:\/\/turismo.benicassim.es\/va\/producte\/por-la-semana-mundial-del-espacio-astronomia-en-el-desert-martes-30-de-julio-1930-h\/#primaryimage"},"thumbnailUrl":"https:\/\/turismo.benicassim.es\/wp-content\/uploads\/2024\/06\/30-Astronomia.png","datePublished":"2024-06-30T11:13:39+00:00","dateModified":"2024-07-10T15:00:34+00:00","breadcrumb":{"@id":"https:\/\/turismo.benicassim.es\/va\/producte\/por-la-semana-mundial-del-espacio-astronomia-en-el-desert-martes-30-de-julio-1930-h\/#breadcrumb"},"inLanguage":"ca-CA","potentialAction":[{"@type":"ReadAction","target":["https:\/\/turismo.benicassim.es\/va\/producte\/por-la-semana-mundial-del-espacio-astronomia-en-el-desert-martes-30-de-julio-1930-h\/"]}]},{"@type":"ImageObject","inLanguage":"ca-CA","@id":"https:\/\/turismo.benicassim.es\/va\/producte\/por-la-semana-mundial-del-espacio-astronomia-en-el-desert-martes-30-de-julio-1930-h\/#primaryimage","url":"https:\/\/turismo.benicassim.es\/wp-content\/uploads\/2024\/06\/30-Astronomia.png","contentUrl":"https:\/\/turismo.benicassim.es\/wp-content\/uploads\/2024\/06\/30-Astronomia.png","width":513,"height":617},{"@type":"BreadcrumbList","@id":"https:\/\/turismo.benicassim.es\/va\/producte\/por-la-semana-mundial-del-espacio-astronomia-en-el-desert-martes-30-de-julio-1930-h\/#breadcrumb","itemListElement":[{"@type":"ListItem","position":1,"name":"Inicio","item":"https:\/\/turismo.benicassim.es\/va\/"},{"@type":"ListItem","position":2,"name":"Tenda","item":"https:\/\/turismo.benicassim.es\/va\/tenda\/"},{"@type":"ListItem","position":3,"name":"PER LA SETMANA MUNDIAL DE L&#8217;ESPAI&#8230; ASTRONOMIA EN EL DESERT!"}]},{"@type":"WebSite","@id":"https:\/\/turismo.benicassim.es\/va\/#website","url":"https:\/\/turismo.benicassim.es\/va\/","name":"Benic\u00e0ssim Turismo","description":"Web de informaci\u00f3n de Turismo en Benicasim","potentialAction":[{"@type":"SearchAction","target":{"@type":"EntryPoint","urlTemplate":"https:\/\/turismo.benicassim.es\/va\/?s={search_term_string}"},"query-input":{"@type":"PropertyValueSpecification","valueRequired":true,"valueName":"search_term_string"}}],"inLanguage":"ca-CA"}]}},"_links":{"self":[{"href":"https:\/\/turismo.benicassim.es\/va\/wp-json\/wp\/v2\/product\/76798","targetHints":{"allow":["GET"]}}],"collection":[{"href":"https:\/\/turismo.benicassim.es\/va\/wp-json\/wp\/v2\/product"}],"about":[{"href":"https:\/\/turismo.benicassim.es\/va\/wp-json\/wp\/v2\/types\/product"}],"wp:featuredmedia":[{"embeddable":true,"href":"https:\/\/turismo.benicassim.es\/va\/wp-json\/wp\/v2\/media\/76799"}],"wp:attachment":[{"href":"https:\/\/turismo.benicassim.es\/va\/wp-json\/wp\/v2\/media?parent=76798"}],"wp:term":[{"taxonomy":"product_brand","embeddable":true,"href":"https:\/\/turismo.benicassim.es\/va\/wp-json\/wp\/v2\/product_brand?post=76798"},{"taxonomy":"product_cat","embeddable":true,"href":"https:\/\/turismo.benicassim.es\/va\/wp-json\/wp\/v2\/product_cat?post=76798"},{"taxonomy":"product_tag","embeddable":true,"href":"https:\/\/turismo.benicassim.es\/va\/wp-json\/wp\/v2\/product_tag?post=76798"}],"curies":[{"name":"wp","href":"https:\/\/api.w.org\/{rel}","templated":true}]}}