{"id":77244,"date":"2024-07-22T12:28:05","date_gmt":"2024-07-22T10:28:05","guid":{"rendered":"https:\/\/turismo.benicassim.es\/?post_type=product&#038;p=77244"},"modified":"2024-08-13T14:42:36","modified_gmt":"2024-08-13T12:42:36","slug":"astronomia-en-el-desert-martes-13-de-agosto-de-2024-1930-h","status":"publish","type":"product","link":"https:\/\/turismo.benicassim.es\/va\/producte\/astronomia-en-el-desert-martes-13-de-agosto-de-2024-1930-h\/","title":{"rendered":"Astronomia en el Desert! AJORNADA al 15 d&#8217;agost de 2024 &#8211; 19:00 h"},"content":{"rendered":"<h2 align=\"left\"><span style=\"font-family: 'Liberation Serif', serif; color: #ff0000;\"><span style=\"font-size: medium;\"><b>AJORNADA<\/b><\/span><\/span><span style=\"color: #000000;\"><span style=\"font-family: Liberation Serif, serif;\"><span style=\"font-size: medium;\"><b> AL DIJOUS 15 d&#8217;agost (19.00 h)<\/b><br \/>\n<b>Lloc<\/b>: P\u00e0rquing del Monestir del Desert de les Palmes km 8<br \/>\n<b>Duraci\u00f3<\/b>: 5.30 h<br \/>\n<b>Dificultat<\/b>: Moderada<br \/>\n<b>Dist\u00e0ncia<\/b>: 7,5 km (circular)<br \/>\n<b>Preu<\/b>: 5 \u20ac (2,5 \u20ac redu\u00efda).<br \/>\n<b>Descripci\u00f3<\/b>: Des del Convent dels Carmelites del Desert de les Palmes, ascendirem admirant unes vistes impressionants. Anir\u00e0 fent-se de nit de manera que, en la creu de l&#8217;Alt del Bartolo, soparem. Ser\u00e0 ac\u00ed, en un dels punts culminants d&#8217;aquesta fabulosa serra litoral, on coneixerem a l&#8217;astr\u00f2nom que, armat amb l\u00e0ser i telescopi, ens iniciar\u00e0 a grans i xicotets en els secrets del cosmos. Baixarem a plena llum de les estreles ajudats per llanternes i frontals, gaudint de les millors vistes de La Plana i acabant aix\u00ed una experi\u00e8ncia literalment impossible d&#8217;oblidar.<br \/>\n<b>Recomanacions<\/b>: Cal\u00e7at i roba esportiva, m\u00e0nega llarga, aigua en abund\u00e0ncia, sopar i llanterna.<br \/>\n<b>P\u00fablic recomanat:<\/b> tem\u00e0tica per a adults, xiquets a partir de 8 anys. <\/span><\/span><\/span><\/h2>\n","protected":false},"excerpt":{"rendered":"<p>AJORNADA AL DIJOUS 15 d&#8217;agost (19.00 h) Lloc: P\u00e0rquing del Monestir del Desert de les Palmes km 8 Duraci\u00f3: 5.30 h Dificultat: Moderada Dist\u00e0ncia: 7,5 km (circular) Preu: 5 \u20ac (2,5 \u20ac redu\u00efda). Descripci\u00f3: Des del Convent dels Carmelites del Desert de les Palmes, ascendirem admirant unes vistes impressionants. Anir\u00e0 fent-se de nit de manera [&hellip;]<\/p>\n","protected":false},"featured_media":77290,"template":"","meta":{"_acf_changed":false},"product_brand":[],"product_cat":[1235],"product_tag":[496,497,607,1104,339,729,760,739,681,623,555,624],"class_list":{"0":"post-77244","1":"product","2":"type-product","3":"status-publish","4":"has-post-thumbnail","6":"product_cat-astronomia-en-el-desert-va","7":"product_tag-benicasim-va","8":"product_tag-benicassim-va","9":"product_tag-benicassim-guided-tours-va","10":"product_tag-desert-de-les-palmes-va","11":"product_tag-programa-oficial-de-visitas-guiadas-va","12":"product_tag-programa-oficial-de-visitas-guiadas-benicasim-va","13":"product_tag-programa-oficial-de-visitas-guiadas-benicassim-va","14":"product_tag-programa-oficial-de-visites-guiades-benicassim-va","15":"product_tag-rutas-guiadas-benicasim-va","16":"product_tag-rutas-guiadas-benicassim-va","17":"product_tag-visites-guiades-benicassim","18":"product_tag-visites-guiades-en-benicassim-va","20":"first","21":"outofstock","22":"shipping-taxable","23":"purchasable","24":"product-type-variable"},"acf":[],"yoast_head":"<!-- This site is optimized with the Yoast SEO plugin v27.4 - https:\/\/yoast.com\/product\/yoast-seo-wordpress\/ -->\n<title>Astronomia en el Desert! AJORNADA al 15 d&#039;agost de 2024 - 19:00 h - Benic\u00e0ssim Turismo<\/title>\n<meta name=\"robots\" content=\"index, follow, max-snippet:-1, max-image-preview:large, max-video-preview:-1\" \/>\n<link rel=\"canonical\" href=\"https:\/\/turismo.benicassim.es\/va\/producte\/astronomia-en-el-desert-martes-13-de-agosto-de-2024-1930-h\/\" \/>\n<meta property=\"og:locale\" content=\"en_US\" \/>\n<meta property=\"og:type\" content=\"article\" \/>\n<meta property=\"og:title\" content=\"Astronomia en el Desert! AJORNADA al 15 d&#039;agost de 2024 - 19:00 h - Benic\u00e0ssim Turismo\" \/>\n<meta property=\"og:description\" content=\"AJORNADA AL DIJOUS 15 d&#8217;agost (19.00 h) Lloc: P\u00e0rquing del Monestir del Desert de les Palmes km 8 Duraci\u00f3: 5.30 h Dificultat: Moderada Dist\u00e0ncia: 7,5 km (circular) Preu: 5 \u20ac (2,5 \u20ac redu\u00efda). Descripci\u00f3: Des del Convent dels Carmelites del Desert de les Palmes, ascendirem admirant unes vistes impressionants. Anir\u00e0 fent-se de nit de manera [&hellip;]\" \/>\n<meta property=\"og:url\" content=\"https:\/\/turismo.benicassim.es\/va\/producte\/astronomia-en-el-desert-martes-13-de-agosto-de-2024-1930-h\/\" \/>\n<meta property=\"og:site_name\" content=\"Benic\u00e0ssim Turismo\" \/>\n<meta property=\"article:modified_time\" content=\"2024-08-13T12:42:36+00:00\" \/>\n<meta property=\"og:image\" content=\"https:\/\/turismo.benicassim.es\/wp-content\/uploads\/2024\/07\/Astronomia-en-el-Desert-scaled.jpg\" \/>\n\t<meta property=\"og:image:width\" content=\"2560\" \/>\n\t<meta property=\"og:image:height\" content=\"1707\" \/>\n\t<meta property=\"og:image:type\" content=\"image\/jpeg\" \/>\n<meta name=\"twitter:card\" content=\"summary_large_image\" \/>\n<meta name=\"twitter:label1\" content=\"Est. reading time\" \/>\n\t<meta name=\"twitter:data1\" content=\"1 minute\" \/>\n<script type=\"application\/ld+json\" class=\"yoast-schema-graph\">{\"@context\":\"https:\\\/\\\/schema.org\",\"@graph\":[{\"@type\":\"WebPage\",\"@id\":\"https:\\\/\\\/turismo.benicassim.es\\\/va\\\/producte\\\/astronomia-en-el-desert-martes-13-de-agosto-de-2024-1930-h\\\/\",\"url\":\"https:\\\/\\\/turismo.benicassim.es\\\/va\\\/producte\\\/astronomia-en-el-desert-martes-13-de-agosto-de-2024-1930-h\\\/\",\"name\":\"Astronomia en el Desert! AJORNADA al 15 d'agost de 2024 - 19:00 h - Benic\u00e0ssim Turismo\",\"isPartOf\":{\"@id\":\"https:\\\/\\\/turismo.benicassim.es\\\/va\\\/#website\"},\"primaryImageOfPage\":{\"@id\":\"https:\\\/\\\/turismo.benicassim.es\\\/va\\\/producte\\\/astronomia-en-el-desert-martes-13-de-agosto-de-2024-1930-h\\\/#primaryimage\"},\"image\":{\"@id\":\"https:\\\/\\\/turismo.benicassim.es\\\/va\\\/producte\\\/astronomia-en-el-desert-martes-13-de-agosto-de-2024-1930-h\\\/#primaryimage\"},\"thumbnailUrl\":\"https:\\\/\\\/turismo.benicassim.es\\\/wp-content\\\/uploads\\\/2024\\\/07\\\/Astronomia-en-el-Desert-scaled.jpg\",\"datePublished\":\"2024-07-22T10:28:05+00:00\",\"dateModified\":\"2024-08-13T12:42:36+00:00\",\"breadcrumb\":{\"@id\":\"https:\\\/\\\/turismo.benicassim.es\\\/va\\\/producte\\\/astronomia-en-el-desert-martes-13-de-agosto-de-2024-1930-h\\\/#breadcrumb\"},\"inLanguage\":\"ca-CA\",\"potentialAction\":[{\"@type\":\"ReadAction\",\"target\":[\"https:\\\/\\\/turismo.benicassim.es\\\/va\\\/producte\\\/astronomia-en-el-desert-martes-13-de-agosto-de-2024-1930-h\\\/\"]}]},{\"@type\":\"ImageObject\",\"inLanguage\":\"ca-CA\",\"@id\":\"https:\\\/\\\/turismo.benicassim.es\\\/va\\\/producte\\\/astronomia-en-el-desert-martes-13-de-agosto-de-2024-1930-h\\\/#primaryimage\",\"url\":\"https:\\\/\\\/turismo.benicassim.es\\\/wp-content\\\/uploads\\\/2024\\\/07\\\/Astronomia-en-el-Desert-scaled.jpg\",\"contentUrl\":\"https:\\\/\\\/turismo.benicassim.es\\\/wp-content\\\/uploads\\\/2024\\\/07\\\/Astronomia-en-el-Desert-scaled.jpg\",\"width\":2560,\"height\":1707},{\"@type\":\"BreadcrumbList\",\"@id\":\"https:\\\/\\\/turismo.benicassim.es\\\/va\\\/producte\\\/astronomia-en-el-desert-martes-13-de-agosto-de-2024-1930-h\\\/#breadcrumb\",\"itemListElement\":[{\"@type\":\"ListItem\",\"position\":1,\"name\":\"Inicio\",\"item\":\"https:\\\/\\\/turismo.benicassim.es\\\/va\\\/\"},{\"@type\":\"ListItem\",\"position\":2,\"name\":\"Tenda\",\"item\":\"https:\\\/\\\/turismo.benicassim.es\\\/va\\\/tenda\\\/\"},{\"@type\":\"ListItem\",\"position\":3,\"name\":\"Astronomia en el Desert! AJORNADA al 15 d&#8217;agost de 2024 &#8211; 19:00 h\"}]},{\"@type\":\"WebSite\",\"@id\":\"https:\\\/\\\/turismo.benicassim.es\\\/va\\\/#website\",\"url\":\"https:\\\/\\\/turismo.benicassim.es\\\/va\\\/\",\"name\":\"Benic\u00e0ssim Turismo\",\"description\":\"Web de informaci\u00f3n de Turismo en Benicasim\",\"potentialAction\":[{\"@type\":\"SearchAction\",\"target\":{\"@type\":\"EntryPoint\",\"urlTemplate\":\"https:\\\/\\\/turismo.benicassim.es\\\/va\\\/?s={search_term_string}\"},\"query-input\":{\"@type\":\"PropertyValueSpecification\",\"valueRequired\":true,\"valueName\":\"search_term_string\"}}],\"inLanguage\":\"ca-CA\"}]}<\/script>\n<!-- \/ Yoast SEO plugin. -->","yoast_head_json":{"title":"Astronomia en el Desert! AJORNADA al 15 d'agost de 2024 - 19:00 h - Benic\u00e0ssim Turismo","robots":{"index":"index","follow":"follow","max-snippet":"max-snippet:-1","max-image-preview":"max-image-preview:large","max-video-preview":"max-video-preview:-1"},"canonical":"https:\/\/turismo.benicassim.es\/va\/producte\/astronomia-en-el-desert-martes-13-de-agosto-de-2024-1930-h\/","og_locale":"en_US","og_type":"article","og_title":"Astronomia en el Desert! AJORNADA al 15 d'agost de 2024 - 19:00 h - Benic\u00e0ssim Turismo","og_description":"AJORNADA AL DIJOUS 15 d&#8217;agost (19.00 h) Lloc: P\u00e0rquing del Monestir del Desert de les Palmes km 8 Duraci\u00f3: 5.30 h Dificultat: Moderada Dist\u00e0ncia: 7,5 km (circular) Preu: 5 \u20ac (2,5 \u20ac redu\u00efda). Descripci\u00f3: Des del Convent dels Carmelites del Desert de les Palmes, ascendirem admirant unes vistes impressionants. Anir\u00e0 fent-se de nit de manera [&hellip;]","og_url":"https:\/\/turismo.benicassim.es\/va\/producte\/astronomia-en-el-desert-martes-13-de-agosto-de-2024-1930-h\/","og_site_name":"Benic\u00e0ssim Turismo","article_modified_time":"2024-08-13T12:42:36+00:00","og_image":[{"width":2560,"height":1707,"url":"https:\/\/turismo.benicassim.es\/wp-content\/uploads\/2024\/07\/Astronomia-en-el-Desert-scaled.jpg","type":"image\/jpeg"}],"twitter_card":"summary_large_image","twitter_misc":{"Est. reading time":"1 minute"},"schema":{"@context":"https:\/\/schema.org","@graph":[{"@type":"WebPage","@id":"https:\/\/turismo.benicassim.es\/va\/producte\/astronomia-en-el-desert-martes-13-de-agosto-de-2024-1930-h\/","url":"https:\/\/turismo.benicassim.es\/va\/producte\/astronomia-en-el-desert-martes-13-de-agosto-de-2024-1930-h\/","name":"Astronomia en el Desert! AJORNADA al 15 d'agost de 2024 - 19:00 h - Benic\u00e0ssim Turismo","isPartOf":{"@id":"https:\/\/turismo.benicassim.es\/va\/#website"},"primaryImageOfPage":{"@id":"https:\/\/turismo.benicassim.es\/va\/producte\/astronomia-en-el-desert-martes-13-de-agosto-de-2024-1930-h\/#primaryimage"},"image":{"@id":"https:\/\/turismo.benicassim.es\/va\/producte\/astronomia-en-el-desert-martes-13-de-agosto-de-2024-1930-h\/#primaryimage"},"thumbnailUrl":"https:\/\/turismo.benicassim.es\/wp-content\/uploads\/2024\/07\/Astronomia-en-el-Desert-scaled.jpg","datePublished":"2024-07-22T10:28:05+00:00","dateModified":"2024-08-13T12:42:36+00:00","breadcrumb":{"@id":"https:\/\/turismo.benicassim.es\/va\/producte\/astronomia-en-el-desert-martes-13-de-agosto-de-2024-1930-h\/#breadcrumb"},"inLanguage":"ca-CA","potentialAction":[{"@type":"ReadAction","target":["https:\/\/turismo.benicassim.es\/va\/producte\/astronomia-en-el-desert-martes-13-de-agosto-de-2024-1930-h\/"]}]},{"@type":"ImageObject","inLanguage":"ca-CA","@id":"https:\/\/turismo.benicassim.es\/va\/producte\/astronomia-en-el-desert-martes-13-de-agosto-de-2024-1930-h\/#primaryimage","url":"https:\/\/turismo.benicassim.es\/wp-content\/uploads\/2024\/07\/Astronomia-en-el-Desert-scaled.jpg","contentUrl":"https:\/\/turismo.benicassim.es\/wp-content\/uploads\/2024\/07\/Astronomia-en-el-Desert-scaled.jpg","width":2560,"height":1707},{"@type":"BreadcrumbList","@id":"https:\/\/turismo.benicassim.es\/va\/producte\/astronomia-en-el-desert-martes-13-de-agosto-de-2024-1930-h\/#breadcrumb","itemListElement":[{"@type":"ListItem","position":1,"name":"Inicio","item":"https:\/\/turismo.benicassim.es\/va\/"},{"@type":"ListItem","position":2,"name":"Tenda","item":"https:\/\/turismo.benicassim.es\/va\/tenda\/"},{"@type":"ListItem","position":3,"name":"Astronomia en el Desert! AJORNADA al 15 d&#8217;agost de 2024 &#8211; 19:00 h"}]},{"@type":"WebSite","@id":"https:\/\/turismo.benicassim.es\/va\/#website","url":"https:\/\/turismo.benicassim.es\/va\/","name":"Benic\u00e0ssim Turismo","description":"Web de informaci\u00f3n de Turismo en Benicasim","potentialAction":[{"@type":"SearchAction","target":{"@type":"EntryPoint","urlTemplate":"https:\/\/turismo.benicassim.es\/va\/?s={search_term_string}"},"query-input":{"@type":"PropertyValueSpecification","valueRequired":true,"valueName":"search_term_string"}}],"inLanguage":"ca-CA"}]}},"_links":{"self":[{"href":"https:\/\/turismo.benicassim.es\/va\/wp-json\/wp\/v2\/product\/77244","targetHints":{"allow":["GET"]}}],"collection":[{"href":"https:\/\/turismo.benicassim.es\/va\/wp-json\/wp\/v2\/product"}],"about":[{"href":"https:\/\/turismo.benicassim.es\/va\/wp-json\/wp\/v2\/types\/product"}],"wp:featuredmedia":[{"embeddable":true,"href":"https:\/\/turismo.benicassim.es\/va\/wp-json\/wp\/v2\/media\/77290"}],"wp:attachment":[{"href":"https:\/\/turismo.benicassim.es\/va\/wp-json\/wp\/v2\/media?parent=77244"}],"wp:term":[{"taxonomy":"product_brand","embeddable":true,"href":"https:\/\/turismo.benicassim.es\/va\/wp-json\/wp\/v2\/product_brand?post=77244"},{"taxonomy":"product_cat","embeddable":true,"href":"https:\/\/turismo.benicassim.es\/va\/wp-json\/wp\/v2\/product_cat?post=77244"},{"taxonomy":"product_tag","embeddable":true,"href":"https:\/\/turismo.benicassim.es\/va\/wp-json\/wp\/v2\/product_tag?post=77244"}],"curies":[{"name":"wp","href":"https:\/\/api.w.org\/{rel}","templated":true}]}}