{"id":77302,"date":"2024-07-23T10:15:40","date_gmt":"2024-07-23T08:15:40","guid":{"rendered":"https:\/\/turismo.benicassim.es\/producto\/cuando-unos-duermen-otros-despiertan-sabado-3-de-agosto-de-2024-1900-h\/"},"modified":"2024-07-26T12:36:58","modified_gmt":"2024-07-26T10:36:58","slug":"cuando-unos-duermen-otros-despiertan-sabado-3-de-agosto-de-2024-1900-h","status":"publish","type":"product","link":"https:\/\/turismo.benicassim.es\/va\/producte\/cuando-unos-duermen-otros-despiertan-sabado-3-de-agosto-de-2024-1900-h\/","title":{"rendered":"Quan uns dormen, uns altres desperten. Dissabte 3 d&#8217;agost de 2024 &#8211; 19:00 h"},"content":{"rendered":"<p align=\"left\"><strong><span style=\"color: #000000;\"><span style=\"font-family: Liberation Serif, serif;\"><span style=\"font-size: medium;\"><span lang=\"es-ES\"><b>Dissabte 3 d&#8217;agost (19.00 h)<\/b><\/span><\/span><\/span><\/span><\/strong><strong><span style=\"color: #000000;\"><span style=\"font-family: Liberation Serif, serif;\"><span style=\"font-size: medium;\"><span lang=\"es-ES\"><br \/>\n<\/span><\/span><\/span><\/span><\/strong><strong><span style=\"color: #000000;\"><span style=\"font-family: Liberation Serif, serif;\"><span style=\"font-size: medium;\"><span lang=\"es-ES\"><b>Lloc<\/b><\/span><\/span><\/span><\/span><\/strong><strong><span style=\"color: #000000;\"><span style=\"font-family: Liberation Serif, serif;\"><span style=\"font-size: medium;\"><span lang=\"es-ES\">:<\/span><\/span><\/span><\/span><\/strong><span style=\"color: #000000;\"><span style=\"font-family: Liberation Serif, serif;\"><span style=\"font-size: medium;\"><span lang=\"es-ES\"> P\u00e0rquing mirador Monestir Antic P.N. Desert de les Palmes<\/span><\/span><\/span><\/span><strong><span style=\"color: #000000;\"><span style=\"font-family: Liberation Serif, serif;\"><span style=\"font-size: medium;\"><span lang=\"es-ES\"><br \/>\n<\/span><\/span><\/span><\/span><\/strong><strong><span style=\"color: #000000;\"><span style=\"font-family: Liberation Serif, serif;\"><span style=\"font-size: medium;\"><span lang=\"es-ES\"><b>Duraci\u00f3<\/b><\/span><\/span><\/span><\/span><\/strong><strong><span style=\"color: #000000;\"><span style=\"font-family: Liberation Serif, serif;\"><span style=\"font-size: medium;\"><span lang=\"es-ES\">: <\/span><\/span><\/span><\/span><\/strong><span style=\"color: #000000;\"><span style=\"font-family: Liberation Serif, serif;\"><span style=\"font-size: medium;\"><span lang=\"es-ES\">3.30 h<\/span><\/span><\/span><\/span><strong><span style=\"color: #000000;\"><span style=\"font-family: Liberation Serif, serif;\"><span style=\"font-size: medium;\"><span lang=\"es-ES\"><br \/>\n<\/span><\/span><\/span><\/span><\/strong><strong><span style=\"color: #000000;\"><span style=\"font-family: Liberation Serif, serif;\"><span style=\"font-size: medium;\"><span lang=\"es-ES\"><b>Dificultat<\/b><\/span><\/span><\/span><\/span><\/strong><strong><span style=\"color: #000000;\"><span style=\"font-family: Liberation Serif, serif;\"><span style=\"font-size: medium;\"><span lang=\"es-ES\">: <\/span><\/span><\/span><\/span><\/strong><span style=\"color: #000000;\"><span style=\"font-family: Liberation Serif, serif;\"><span style=\"font-size: medium;\"><span lang=\"es-ES\">Moderada\/baixa.<\/span><\/span><\/span><\/span><strong><span style=\"color: #000000;\"><span style=\"font-family: Liberation Serif, serif;\"><span style=\"font-size: medium;\"><span lang=\"es-ES\"><br \/>\n<\/span><\/span><\/span><\/span><\/strong><strong><span style=\"color: #000000;\"><span style=\"font-family: Liberation Serif, serif;\"><span style=\"font-size: medium;\"><span lang=\"es-ES\"><b>Dist\u00e0ncia<\/b><\/span><\/span><\/span><\/span><\/strong><strong><span style=\"color: #000000;\"><span style=\"font-family: Liberation Serif, serif;\"><span style=\"font-size: medium;\"><span lang=\"es-ES\">: <\/span><\/span><\/span><\/span><\/strong><span style=\"color: #000000;\"><span style=\"font-family: Liberation Serif, serif;\"><span style=\"font-size: medium;\"><span lang=\"es-ES\">6 km (circular)<\/span><\/span><\/span><\/span><strong><span style=\"color: #000000;\"><span style=\"font-family: Liberation Serif, serif;\"><span style=\"font-size: medium;\"><span lang=\"es-ES\"><br \/>\n<\/span><\/span><\/span><\/span><\/strong><strong><span style=\"color: #000000;\"><span style=\"font-family: Liberation Serif, serif;\"><span style=\"font-size: medium;\"><span lang=\"es-ES\"><b>Preu<\/b><\/span><\/span><\/span><\/span><\/strong><strong><span style=\"color: #000000;\"><span style=\"font-family: Liberation Serif, serif;\"><span style=\"font-size: medium;\"><span lang=\"es-ES\">:<\/span><\/span><\/span><\/span><\/strong><span style=\"color: #000000;\"><span style=\"font-family: Liberation Serif, serif;\"><span style=\"font-size: medium;\"><span lang=\"es-ES\"> 3 \u20ac (1,5 \u20ac redu\u00efda).<\/span><\/span><\/span><\/span><strong><span style=\"color: #000000;\"><span style=\"font-family: Liberation Serif, serif;\"><span style=\"font-size: medium;\"><span lang=\"es-ES\"><br \/>\n<\/span><\/span><\/span><\/span><\/strong><strong><span style=\"color: #000000;\"><span style=\"font-family: Liberation Serif, serif;\"><span style=\"font-size: medium;\"><span lang=\"es-ES\"><b>Descripci\u00f3<\/b><\/span><\/span><\/span><\/span><\/strong><strong><span style=\"color: #000000;\"><span style=\"font-family: Liberation Serif, serif;\"><span style=\"font-size: medium;\"><span lang=\"es-ES\">: <\/span><\/span><\/span><\/span><\/strong><span style=\"color: #000000;\"><span style=\"font-family: Liberation Serif, serif;\"><span style=\"font-size: medium;\"><span lang=\"es-ES\">Coneixerem el Desert de les Palmes des d&#8217;un nou punt de vista: el dels seus habitants nocturns. A cada parada en el recorregut ens donarem cita amb un h\u00e0bitat diferent en el qual viuen molt\u00edssims animals que, pel seu car\u00e0cter nocturn i malgrat la seua bellesa, passen completament desapercebuts per a la majoria de nosaltres. Per\u00f2 no ho oblides: encara que tu no els veges, ells s\u00f3n ac\u00ed.<\/span><\/span><\/span><\/span><strong><span style=\"color: #000000;\"><span style=\"font-family: Liberation Serif, serif;\"><span style=\"font-size: medium;\"><span lang=\"es-ES\"><br \/>\n<\/span><\/span><\/span><\/span><\/strong><strong><span style=\"color: #000000;\"><span style=\"font-family: Liberation Serif, serif;\"><span style=\"font-size: medium;\"><span lang=\"es-ES\"><b>Recomanacions<\/b><\/span><\/span><\/span><\/span><\/strong><strong><span style=\"color: #000000;\"><span style=\"font-family: Liberation Serif, serif;\"><span style=\"font-size: medium;\"><span lang=\"es-ES\">: <\/span><\/span><\/span><\/span><\/strong><span style=\"color: #000000;\"><span style=\"font-family: Liberation Serif, serif;\"><span style=\"font-size: medium;\"><span lang=\"es-ES\">Cal\u00e7at i roba esportiva lleugera, m\u00e0nega llarga, aigua en abund\u00e0ncia, sopar i llanterna.<\/span><\/span><\/span><\/span><strong><span style=\"color: #000000;\"><span style=\"font-family: Liberation Serif, serif;\"><span style=\"font-size: medium;\"><span lang=\"es-ES\"><br \/>\n<\/span><\/span><\/span><\/span><\/strong><strong><span style=\"color: #000000;\"><span style=\"font-family: Liberation Serif, serif;\"><span style=\"font-size: medium;\"><span lang=\"es-ES\"><b>P\u00fablic recomanat<\/b><\/span><\/span><\/span><\/span><\/strong><strong><span style=\"color: #000000;\"><span style=\"font-family: Liberation Serif, serif;\"><span style=\"font-size: medium;\"><span lang=\"es-ES\">: <\/span><\/span><\/span><\/span><\/strong><span style=\"color: #000000;\"><span style=\"font-family: Liberation Serif, serif;\"><span style=\"font-size: medium;\"><span lang=\"es-ES\">tem\u00e0tica per a fam\u00edlies, xiquets a partir de 6 anys. Lleugera experi\u00e8ncia senderista pr\u00e8via.<\/span><\/span><\/span><\/span><\/p>\n","protected":false},"excerpt":{"rendered":"<p>Dissabte 3 d&#8217;agost (19.00 h) Lloc: P\u00e0rquing mirador Monestir Antic P.N. Desert de les Palmes Duraci\u00f3: 3.30 h Dificultat: Moderada\/baixa. Dist\u00e0ncia: 6 km (circular) Preu: 3 \u20ac (1,5 \u20ac redu\u00efda). Descripci\u00f3: Coneixerem el Desert de les Palmes des d&#8217;un nou punt de vista: el dels seus habitants nocturns. A cada parada en el recorregut ens [&hellip;]<\/p>\n","protected":false},"featured_media":0,"template":"","meta":{"_acf_changed":false},"product_brand":[],"product_cat":[1227],"product_tag":[647,1088,649,496,497,607,1104,339,729,760,739,1171,1163,1170,1238,681,623,556,624,1164],"class_list":{"0":"post-77302","1":"product","2":"type-product","3":"status-publish","5":"product_cat-cuando-unos-duermen-otros-despiertan-va","6":"product_tag-actividades-con-ninos-en-benicasim-va","7":"product_tag-actividades-familiares-en-benicasim-va","8":"product_tag-activitats-amb-xiquets-a-benicassim-va","9":"product_tag-benicasim-va","10":"product_tag-benicassim-va","11":"product_tag-benicassim-guided-tours-va","12":"product_tag-desert-de-les-palmes-va","13":"product_tag-programa-oficial-de-visitas-guiadas-va","14":"product_tag-programa-oficial-de-visitas-guiadas-benicasim-va","15":"product_tag-programa-oficial-de-visitas-guiadas-benicassim-va","16":"product_tag-programa-oficial-de-visites-guiades-benicassim-va","17":"product_tag-que-fer-amb-nens-a-lestiu-a-benicassim-va-2","18":"product_tag-que-hacer-con-ninos-en-benicassim-va","19":"product_tag-que-hacer-en-benicassim-con-ninos-en-verano-va","20":"product_tag-ruta-nocturna-va","21":"product_tag-rutas-guiadas-benicasim-va","22":"product_tag-rutas-guiadas-benicassim-va","23":"product_tag-rutes-guiades-benicassim","24":"product_tag-visites-guiades-en-benicassim-va","25":"product_tag-what-can-i-do-with-children-in-benicasim-va","27":"first","28":"outofstock","29":"shipping-taxable","30":"purchasable","31":"product-type-variable"},"acf":[],"yoast_head":"<!-- This site is optimized with the Yoast SEO plugin v27.4 - https:\/\/yoast.com\/product\/yoast-seo-wordpress\/ -->\n<title>Quan uns dormen, uns altres desperten. Dissabte 3 d&#039;agost de 2024 - 19:00 h - Benic\u00e0ssim Turismo<\/title>\n<meta name=\"robots\" content=\"index, follow, max-snippet:-1, max-image-preview:large, max-video-preview:-1\" \/>\n<link rel=\"canonical\" href=\"https:\/\/turismo.benicassim.es\/va\/producte\/cuando-unos-duermen-otros-despiertan-sabado-3-de-agosto-de-2024-1900-h\/\" \/>\n<meta property=\"og:locale\" content=\"en_US\" \/>\n<meta property=\"og:type\" content=\"article\" \/>\n<meta property=\"og:title\" content=\"Quan uns dormen, uns altres desperten. Dissabte 3 d&#039;agost de 2024 - 19:00 h - Benic\u00e0ssim Turismo\" \/>\n<meta property=\"og:description\" content=\"Dissabte 3 d&#8217;agost (19.00 h) Lloc: P\u00e0rquing mirador Monestir Antic P.N. Desert de les Palmes Duraci\u00f3: 3.30 h Dificultat: Moderada\/baixa. Dist\u00e0ncia: 6 km (circular) Preu: 3 \u20ac (1,5 \u20ac redu\u00efda). Descripci\u00f3: Coneixerem el Desert de les Palmes des d&#8217;un nou punt de vista: el dels seus habitants nocturns. A cada parada en el recorregut ens [&hellip;]\" \/>\n<meta property=\"og:url\" content=\"https:\/\/turismo.benicassim.es\/va\/producte\/cuando-unos-duermen-otros-despiertan-sabado-3-de-agosto-de-2024-1900-h\/\" \/>\n<meta property=\"og:site_name\" content=\"Benic\u00e0ssim Turismo\" \/>\n<meta property=\"article:modified_time\" content=\"2024-07-26T10:36:58+00:00\" \/>\n<meta property=\"og:image\" content=\"https:\/\/turismo.benicassim.es\/wp-content\/uploads\/2024\/07\/Cuando-unos-duermen-scaled.jpg\" \/>\n\t<meta property=\"og:image:width\" content=\"1440\" \/>\n\t<meta property=\"og:image:height\" content=\"2560\" \/>\n\t<meta property=\"og:image:type\" content=\"image\/jpeg\" \/>\n<meta name=\"twitter:card\" content=\"summary_large_image\" \/>\n<meta name=\"twitter:label1\" content=\"Est. reading time\" \/>\n\t<meta name=\"twitter:data1\" content=\"1 minute\" \/>\n<script type=\"application\/ld+json\" class=\"yoast-schema-graph\">{\"@context\":\"https:\\\/\\\/schema.org\",\"@graph\":[{\"@type\":\"WebPage\",\"@id\":\"https:\\\/\\\/turismo.benicassim.es\\\/va\\\/producte\\\/cuando-unos-duermen-otros-despiertan-sabado-3-de-agosto-de-2024-1900-h\\\/\",\"url\":\"https:\\\/\\\/turismo.benicassim.es\\\/va\\\/producte\\\/cuando-unos-duermen-otros-despiertan-sabado-3-de-agosto-de-2024-1900-h\\\/\",\"name\":\"Quan uns dormen, uns altres desperten. Dissabte 3 d'agost de 2024 - 19:00 h - Benic\u00e0ssim Turismo\",\"isPartOf\":{\"@id\":\"https:\\\/\\\/turismo.benicassim.es\\\/va\\\/#website\"},\"datePublished\":\"2024-07-23T08:15:40+00:00\",\"dateModified\":\"2024-07-26T10:36:58+00:00\",\"breadcrumb\":{\"@id\":\"https:\\\/\\\/turismo.benicassim.es\\\/va\\\/producte\\\/cuando-unos-duermen-otros-despiertan-sabado-3-de-agosto-de-2024-1900-h\\\/#breadcrumb\"},\"inLanguage\":\"ca-CA\",\"potentialAction\":[{\"@type\":\"ReadAction\",\"target\":[\"https:\\\/\\\/turismo.benicassim.es\\\/va\\\/producte\\\/cuando-unos-duermen-otros-despiertan-sabado-3-de-agosto-de-2024-1900-h\\\/\"]}]},{\"@type\":\"BreadcrumbList\",\"@id\":\"https:\\\/\\\/turismo.benicassim.es\\\/va\\\/producte\\\/cuando-unos-duermen-otros-despiertan-sabado-3-de-agosto-de-2024-1900-h\\\/#breadcrumb\",\"itemListElement\":[{\"@type\":\"ListItem\",\"position\":1,\"name\":\"Inicio\",\"item\":\"https:\\\/\\\/turismo.benicassim.es\\\/va\\\/\"},{\"@type\":\"ListItem\",\"position\":2,\"name\":\"Tenda\",\"item\":\"https:\\\/\\\/turismo.benicassim.es\\\/va\\\/tenda\\\/\"},{\"@type\":\"ListItem\",\"position\":3,\"name\":\"Quan uns dormen, uns altres desperten. Dissabte 3 d&#8217;agost de 2024 &#8211; 19:00 h\"}]},{\"@type\":\"WebSite\",\"@id\":\"https:\\\/\\\/turismo.benicassim.es\\\/va\\\/#website\",\"url\":\"https:\\\/\\\/turismo.benicassim.es\\\/va\\\/\",\"name\":\"Benic\u00e0ssim Turismo\",\"description\":\"Web de informaci\u00f3n de Turismo en Benicasim\",\"potentialAction\":[{\"@type\":\"SearchAction\",\"target\":{\"@type\":\"EntryPoint\",\"urlTemplate\":\"https:\\\/\\\/turismo.benicassim.es\\\/va\\\/?s={search_term_string}\"},\"query-input\":{\"@type\":\"PropertyValueSpecification\",\"valueRequired\":true,\"valueName\":\"search_term_string\"}}],\"inLanguage\":\"ca-CA\"}]}<\/script>\n<!-- \/ Yoast SEO plugin. -->","yoast_head_json":{"title":"Quan uns dormen, uns altres desperten. Dissabte 3 d'agost de 2024 - 19:00 h - Benic\u00e0ssim Turismo","robots":{"index":"index","follow":"follow","max-snippet":"max-snippet:-1","max-image-preview":"max-image-preview:large","max-video-preview":"max-video-preview:-1"},"canonical":"https:\/\/turismo.benicassim.es\/va\/producte\/cuando-unos-duermen-otros-despiertan-sabado-3-de-agosto-de-2024-1900-h\/","og_locale":"en_US","og_type":"article","og_title":"Quan uns dormen, uns altres desperten. Dissabte 3 d'agost de 2024 - 19:00 h - Benic\u00e0ssim Turismo","og_description":"Dissabte 3 d&#8217;agost (19.00 h) Lloc: P\u00e0rquing mirador Monestir Antic P.N. Desert de les Palmes Duraci\u00f3: 3.30 h Dificultat: Moderada\/baixa. Dist\u00e0ncia: 6 km (circular) Preu: 3 \u20ac (1,5 \u20ac redu\u00efda). Descripci\u00f3: Coneixerem el Desert de les Palmes des d&#8217;un nou punt de vista: el dels seus habitants nocturns. A cada parada en el recorregut ens [&hellip;]","og_url":"https:\/\/turismo.benicassim.es\/va\/producte\/cuando-unos-duermen-otros-despiertan-sabado-3-de-agosto-de-2024-1900-h\/","og_site_name":"Benic\u00e0ssim Turismo","article_modified_time":"2024-07-26T10:36:58+00:00","og_image":[{"width":1440,"height":2560,"url":"https:\/\/turismo.benicassim.es\/wp-content\/uploads\/2024\/07\/Cuando-unos-duermen-scaled.jpg","type":"image\/jpeg"}],"twitter_card":"summary_large_image","twitter_misc":{"Est. reading time":"1 minute"},"schema":{"@context":"https:\/\/schema.org","@graph":[{"@type":"WebPage","@id":"https:\/\/turismo.benicassim.es\/va\/producte\/cuando-unos-duermen-otros-despiertan-sabado-3-de-agosto-de-2024-1900-h\/","url":"https:\/\/turismo.benicassim.es\/va\/producte\/cuando-unos-duermen-otros-despiertan-sabado-3-de-agosto-de-2024-1900-h\/","name":"Quan uns dormen, uns altres desperten. Dissabte 3 d'agost de 2024 - 19:00 h - Benic\u00e0ssim Turismo","isPartOf":{"@id":"https:\/\/turismo.benicassim.es\/va\/#website"},"datePublished":"2024-07-23T08:15:40+00:00","dateModified":"2024-07-26T10:36:58+00:00","breadcrumb":{"@id":"https:\/\/turismo.benicassim.es\/va\/producte\/cuando-unos-duermen-otros-despiertan-sabado-3-de-agosto-de-2024-1900-h\/#breadcrumb"},"inLanguage":"ca-CA","potentialAction":[{"@type":"ReadAction","target":["https:\/\/turismo.benicassim.es\/va\/producte\/cuando-unos-duermen-otros-despiertan-sabado-3-de-agosto-de-2024-1900-h\/"]}]},{"@type":"BreadcrumbList","@id":"https:\/\/turismo.benicassim.es\/va\/producte\/cuando-unos-duermen-otros-despiertan-sabado-3-de-agosto-de-2024-1900-h\/#breadcrumb","itemListElement":[{"@type":"ListItem","position":1,"name":"Inicio","item":"https:\/\/turismo.benicassim.es\/va\/"},{"@type":"ListItem","position":2,"name":"Tenda","item":"https:\/\/turismo.benicassim.es\/va\/tenda\/"},{"@type":"ListItem","position":3,"name":"Quan uns dormen, uns altres desperten. Dissabte 3 d&#8217;agost de 2024 &#8211; 19:00 h"}]},{"@type":"WebSite","@id":"https:\/\/turismo.benicassim.es\/va\/#website","url":"https:\/\/turismo.benicassim.es\/va\/","name":"Benic\u00e0ssim Turismo","description":"Web de informaci\u00f3n de Turismo en Benicasim","potentialAction":[{"@type":"SearchAction","target":{"@type":"EntryPoint","urlTemplate":"https:\/\/turismo.benicassim.es\/va\/?s={search_term_string}"},"query-input":{"@type":"PropertyValueSpecification","valueRequired":true,"valueName":"search_term_string"}}],"inLanguage":"ca-CA"}]}},"_links":{"self":[{"href":"https:\/\/turismo.benicassim.es\/va\/wp-json\/wp\/v2\/product\/77302","targetHints":{"allow":["GET"]}}],"collection":[{"href":"https:\/\/turismo.benicassim.es\/va\/wp-json\/wp\/v2\/product"}],"about":[{"href":"https:\/\/turismo.benicassim.es\/va\/wp-json\/wp\/v2\/types\/product"}],"wp:attachment":[{"href":"https:\/\/turismo.benicassim.es\/va\/wp-json\/wp\/v2\/media?parent=77302"}],"wp:term":[{"taxonomy":"product_brand","embeddable":true,"href":"https:\/\/turismo.benicassim.es\/va\/wp-json\/wp\/v2\/product_brand?post=77302"},{"taxonomy":"product_cat","embeddable":true,"href":"https:\/\/turismo.benicassim.es\/va\/wp-json\/wp\/v2\/product_cat?post=77302"},{"taxonomy":"product_tag","embeddable":true,"href":"https:\/\/turismo.benicassim.es\/va\/wp-json\/wp\/v2\/product_tag?post=77302"}],"curies":[{"name":"wp","href":"https:\/\/api.w.org\/{rel}","templated":true}]}}