{"id":77959,"date":"2024-08-25T14:38:32","date_gmt":"2024-08-25T12:38:32","guid":{"rendered":"https:\/\/turismo.benicassim.es\/producto\/benicassim-capital-del-moscatel-incluye-entrada-a-las-bodegas-carmelitano-sabado-14-de-septiembre-de-2024-1800-h\/"},"modified":"2024-09-14T14:30:21","modified_gmt":"2024-09-14T12:30:21","slug":"benicassim-capital-del-moscatel-incluye-entrada-a-las-bodegas-carmelitano-sabado-14-de-septiembre-de-2024-1800-h","status":"publish","type":"product","link":"https:\/\/turismo.benicassim.es\/va\/producte\/benicassim-capital-del-moscatel-incluye-entrada-a-las-bodegas-carmelitano-sabado-14-de-septiembre-de-2024-1800-h\/","title":{"rendered":"Benic\u00e0ssim, capital del Moscatell (inclou entrada al celler Carmelitano) Dissabte 14 de setembre de 2024 &#8211; 18:00 h"},"content":{"rendered":"<p align=\"left\"><span style=\"color: #000000;\"><span style=\"font-family: Liberation Sans, sans-serif;\"><span style=\"font-size: medium;\"><b>Dia<\/b>: Dissabte 14 de setembre de 2024<br \/>\n<b>Horari aprox.:<\/b> 18:00h \u2013 20:30h<br \/>\n<b>Lloc<\/b>: Celler Carmelitano C\/ Bodolz, 12<br \/>\n<b>Dist\u00e0ncia<\/b>: 2 km<br \/>\n<b>Dificultat<\/b>: Baixa<br \/>\n<b>Preu<\/b>: 5 \u20ac<br \/>\n<b>Recomanacions<\/b>: Cal\u00e7at i roba c\u00f2moda, aigua. P\u00fablic adult<\/p>\n<p>Abans de ser una poblaci\u00f3 pr\u00f2spera com la que \u00e9s hui, Benic\u00e0ssim va patir la pirateria, epid\u00e8mies, fams, males collites i tot tipus d&#8217;inconvenients que li impedien desenvolupar-se i la mantenien pr\u00e0cticament deshabitada. Un dels moments decisius que van fer canviar la seua sort va ser la introducci\u00f3 d&#8217;una varietat de ra\u00efm perfecte per als durs terrenys sota els nostres peus. Seguirem els passos del moscatell des del segle XIX a trav\u00e9s de l&#8217;urbanisme benicassut, i ens portaran fins a la famosa destil\u00b7leria del Carmelitano, sens dubte la que millor va saber aprofitar les bondats de tan dol\u00e7 fruit. <\/span><\/span><\/span><\/p>\n","protected":false},"excerpt":{"rendered":"<p>Dia: Dissabte 14 de setembre de 2024 Horari aprox.: 18:00h \u2013 20:30h Lloc: Celler Carmelitano C\/ Bodolz, 12 Dist\u00e0ncia: 2 km Dificultat: Baixa Preu: 5 \u20ac Recomanacions: Cal\u00e7at i roba c\u00f2moda, aigua. P\u00fablic adult Abans de ser una poblaci\u00f3 pr\u00f2spera com la que \u00e9s hui, Benic\u00e0ssim va patir la pirateria, epid\u00e8mies, fams, males collites i [&hellip;]<\/p>\n","protected":false},"featured_media":77960,"template":"","meta":{"_acf_changed":false},"product_brand":[],"product_cat":[1285],"product_tag":[496,497,607,612,1303,1304,1305,1306,1307,1308,1309,1310,339,729,760,739,551,681,623,556],"class_list":{"0":"post-77959","1":"product","2":"type-product","3":"status-publish","4":"has-post-thumbnail","6":"product_cat-benicassim-capital-del-moscatell-amb-entrada-al-celler-carmelitano","7":"product_tag-benicasim-va","8":"product_tag-benicassim-va","9":"product_tag-benicassim-guided-tours-va","10":"product_tag-bodegas-carmelitano-va","11":"product_tag-carmelitano-va","12":"product_tag-cellar-va","13":"product_tag-celler-va","14":"product_tag-destileria-va","15":"product_tag-destilery-va","16":"product_tag-licor-va","17":"product_tag-moscatel-va","18":"product_tag-moscatell-va","19":"product_tag-programa-oficial-de-visitas-guiadas-va","20":"product_tag-programa-oficial-de-visitas-guiadas-benicasim-va","21":"product_tag-programa-oficial-de-visitas-guiadas-benicassim-va","22":"product_tag-programa-oficial-de-visites-guiades-benicassim-va","23":"product_tag-programa-oficial-visitas-guiadas-benicasim-va","24":"product_tag-rutas-guiadas-benicasim-va","25":"product_tag-rutas-guiadas-benicassim-va","26":"product_tag-rutes-guiades-benicassim","28":"first","29":"instock","30":"shipping-taxable","31":"purchasable","32":"product-type-variable"},"acf":[],"yoast_head":"<!-- This site is optimized with the Yoast SEO plugin v27.4 - https:\/\/yoast.com\/product\/yoast-seo-wordpress\/ -->\n<title>Benic\u00e0ssim, capital del Moscatell (inclou entrada al celler Carmelitano) Dissabte 14 de setembre de 2024 - 18:00 h - Benic\u00e0ssim Turismo<\/title>\n<meta name=\"robots\" content=\"index, follow, max-snippet:-1, max-image-preview:large, max-video-preview:-1\" \/>\n<link rel=\"canonical\" href=\"https:\/\/turismo.benicassim.es\/va\/producte\/benicassim-capital-del-moscatel-incluye-entrada-a-las-bodegas-carmelitano-sabado-14-de-septiembre-de-2024-1800-h\/\" \/>\n<meta property=\"og:locale\" content=\"en_US\" \/>\n<meta property=\"og:type\" content=\"article\" \/>\n<meta property=\"og:title\" content=\"Benic\u00e0ssim, capital del Moscatell (inclou entrada al celler Carmelitano) Dissabte 14 de setembre de 2024 - 18:00 h - Benic\u00e0ssim Turismo\" \/>\n<meta property=\"og:description\" content=\"Dia: Dissabte 14 de setembre de 2024 Horari aprox.: 18:00h \u2013 20:30h Lloc: Celler Carmelitano C\/ Bodolz, 12 Dist\u00e0ncia: 2 km Dificultat: Baixa Preu: 5 \u20ac Recomanacions: Cal\u00e7at i roba c\u00f2moda, aigua. P\u00fablic adult Abans de ser una poblaci\u00f3 pr\u00f2spera com la que \u00e9s hui, Benic\u00e0ssim va patir la pirateria, epid\u00e8mies, fams, males collites i [&hellip;]\" \/>\n<meta property=\"og:url\" content=\"https:\/\/turismo.benicassim.es\/va\/producte\/benicassim-capital-del-moscatel-incluye-entrada-a-las-bodegas-carmelitano-sabado-14-de-septiembre-de-2024-1800-h\/\" \/>\n<meta property=\"og:site_name\" content=\"Benic\u00e0ssim Turismo\" \/>\n<meta property=\"article:modified_time\" content=\"2024-09-14T12:30:21+00:00\" \/>\n<meta property=\"og:image\" content=\"https:\/\/turismo.benicassim.es\/wp-content\/uploads\/2024\/08\/moscatel-1024x776.png\" \/>\n\t<meta property=\"og:image:width\" content=\"1024\" \/>\n\t<meta property=\"og:image:height\" content=\"776\" \/>\n\t<meta property=\"og:image:type\" content=\"image\/png\" \/>\n<meta name=\"twitter:card\" content=\"summary_large_image\" \/>\n<meta name=\"twitter:label1\" content=\"Est. reading time\" \/>\n\t<meta name=\"twitter:data1\" content=\"1 minute\" \/>\n<script type=\"application\/ld+json\" class=\"yoast-schema-graph\">{\"@context\":\"https:\\\/\\\/schema.org\",\"@graph\":[{\"@type\":\"WebPage\",\"@id\":\"https:\\\/\\\/turismo.benicassim.es\\\/va\\\/producte\\\/benicassim-capital-del-moscatel-incluye-entrada-a-las-bodegas-carmelitano-sabado-14-de-septiembre-de-2024-1800-h\\\/\",\"url\":\"https:\\\/\\\/turismo.benicassim.es\\\/va\\\/producte\\\/benicassim-capital-del-moscatel-incluye-entrada-a-las-bodegas-carmelitano-sabado-14-de-septiembre-de-2024-1800-h\\\/\",\"name\":\"Benic\u00e0ssim, capital del Moscatell (inclou entrada al celler Carmelitano) Dissabte 14 de setembre de 2024 - 18:00 h - Benic\u00e0ssim Turismo\",\"isPartOf\":{\"@id\":\"https:\\\/\\\/turismo.benicassim.es\\\/va\\\/#website\"},\"primaryImageOfPage\":{\"@id\":\"https:\\\/\\\/turismo.benicassim.es\\\/va\\\/producte\\\/benicassim-capital-del-moscatel-incluye-entrada-a-las-bodegas-carmelitano-sabado-14-de-septiembre-de-2024-1800-h\\\/#primaryimage\"},\"image\":{\"@id\":\"https:\\\/\\\/turismo.benicassim.es\\\/va\\\/producte\\\/benicassim-capital-del-moscatel-incluye-entrada-a-las-bodegas-carmelitano-sabado-14-de-septiembre-de-2024-1800-h\\\/#primaryimage\"},\"thumbnailUrl\":\"https:\\\/\\\/turismo.benicassim.es\\\/wp-content\\\/uploads\\\/2024\\\/08\\\/moscatel.png\",\"datePublished\":\"2024-08-25T12:38:32+00:00\",\"dateModified\":\"2024-09-14T12:30:21+00:00\",\"breadcrumb\":{\"@id\":\"https:\\\/\\\/turismo.benicassim.es\\\/va\\\/producte\\\/benicassim-capital-del-moscatel-incluye-entrada-a-las-bodegas-carmelitano-sabado-14-de-septiembre-de-2024-1800-h\\\/#breadcrumb\"},\"inLanguage\":\"ca-CA\",\"potentialAction\":[{\"@type\":\"ReadAction\",\"target\":[\"https:\\\/\\\/turismo.benicassim.es\\\/va\\\/producte\\\/benicassim-capital-del-moscatel-incluye-entrada-a-las-bodegas-carmelitano-sabado-14-de-septiembre-de-2024-1800-h\\\/\"]}]},{\"@type\":\"ImageObject\",\"inLanguage\":\"ca-CA\",\"@id\":\"https:\\\/\\\/turismo.benicassim.es\\\/va\\\/producte\\\/benicassim-capital-del-moscatel-incluye-entrada-a-las-bodegas-carmelitano-sabado-14-de-septiembre-de-2024-1800-h\\\/#primaryimage\",\"url\":\"https:\\\/\\\/turismo.benicassim.es\\\/wp-content\\\/uploads\\\/2024\\\/08\\\/moscatel.png\",\"contentUrl\":\"https:\\\/\\\/turismo.benicassim.es\\\/wp-content\\\/uploads\\\/2024\\\/08\\\/moscatel.png\",\"width\":1228,\"height\":930},{\"@type\":\"BreadcrumbList\",\"@id\":\"https:\\\/\\\/turismo.benicassim.es\\\/va\\\/producte\\\/benicassim-capital-del-moscatel-incluye-entrada-a-las-bodegas-carmelitano-sabado-14-de-septiembre-de-2024-1800-h\\\/#breadcrumb\",\"itemListElement\":[{\"@type\":\"ListItem\",\"position\":1,\"name\":\"Inicio\",\"item\":\"https:\\\/\\\/turismo.benicassim.es\\\/va\\\/\"},{\"@type\":\"ListItem\",\"position\":2,\"name\":\"Tenda\",\"item\":\"https:\\\/\\\/turismo.benicassim.es\\\/va\\\/tenda\\\/\"},{\"@type\":\"ListItem\",\"position\":3,\"name\":\"Benic\u00e0ssim, capital del Moscatell (inclou entrada al celler Carmelitano) Dissabte 14 de setembre de 2024 &#8211; 18:00 h\"}]},{\"@type\":\"WebSite\",\"@id\":\"https:\\\/\\\/turismo.benicassim.es\\\/va\\\/#website\",\"url\":\"https:\\\/\\\/turismo.benicassim.es\\\/va\\\/\",\"name\":\"Benic\u00e0ssim Turismo\",\"description\":\"Web de informaci\u00f3n de Turismo en Benicasim\",\"potentialAction\":[{\"@type\":\"SearchAction\",\"target\":{\"@type\":\"EntryPoint\",\"urlTemplate\":\"https:\\\/\\\/turismo.benicassim.es\\\/va\\\/?s={search_term_string}\"},\"query-input\":{\"@type\":\"PropertyValueSpecification\",\"valueRequired\":true,\"valueName\":\"search_term_string\"}}],\"inLanguage\":\"ca-CA\"}]}<\/script>\n<!-- \/ Yoast SEO plugin. -->","yoast_head_json":{"title":"Benic\u00e0ssim, capital del Moscatell (inclou entrada al celler Carmelitano) Dissabte 14 de setembre de 2024 - 18:00 h - Benic\u00e0ssim Turismo","robots":{"index":"index","follow":"follow","max-snippet":"max-snippet:-1","max-image-preview":"max-image-preview:large","max-video-preview":"max-video-preview:-1"},"canonical":"https:\/\/turismo.benicassim.es\/va\/producte\/benicassim-capital-del-moscatel-incluye-entrada-a-las-bodegas-carmelitano-sabado-14-de-septiembre-de-2024-1800-h\/","og_locale":"en_US","og_type":"article","og_title":"Benic\u00e0ssim, capital del Moscatell (inclou entrada al celler Carmelitano) Dissabte 14 de setembre de 2024 - 18:00 h - Benic\u00e0ssim Turismo","og_description":"Dia: Dissabte 14 de setembre de 2024 Horari aprox.: 18:00h \u2013 20:30h Lloc: Celler Carmelitano C\/ Bodolz, 12 Dist\u00e0ncia: 2 km Dificultat: Baixa Preu: 5 \u20ac Recomanacions: Cal\u00e7at i roba c\u00f2moda, aigua. P\u00fablic adult Abans de ser una poblaci\u00f3 pr\u00f2spera com la que \u00e9s hui, Benic\u00e0ssim va patir la pirateria, epid\u00e8mies, fams, males collites i [&hellip;]","og_url":"https:\/\/turismo.benicassim.es\/va\/producte\/benicassim-capital-del-moscatel-incluye-entrada-a-las-bodegas-carmelitano-sabado-14-de-septiembre-de-2024-1800-h\/","og_site_name":"Benic\u00e0ssim Turismo","article_modified_time":"2024-09-14T12:30:21+00:00","og_image":[{"width":1024,"height":776,"url":"https:\/\/turismo.benicassim.es\/wp-content\/uploads\/2024\/08\/moscatel-1024x776.png","type":"image\/png"}],"twitter_card":"summary_large_image","twitter_misc":{"Est. reading time":"1 minute"},"schema":{"@context":"https:\/\/schema.org","@graph":[{"@type":"WebPage","@id":"https:\/\/turismo.benicassim.es\/va\/producte\/benicassim-capital-del-moscatel-incluye-entrada-a-las-bodegas-carmelitano-sabado-14-de-septiembre-de-2024-1800-h\/","url":"https:\/\/turismo.benicassim.es\/va\/producte\/benicassim-capital-del-moscatel-incluye-entrada-a-las-bodegas-carmelitano-sabado-14-de-septiembre-de-2024-1800-h\/","name":"Benic\u00e0ssim, capital del Moscatell (inclou entrada al celler Carmelitano) Dissabte 14 de setembre de 2024 - 18:00 h - Benic\u00e0ssim Turismo","isPartOf":{"@id":"https:\/\/turismo.benicassim.es\/va\/#website"},"primaryImageOfPage":{"@id":"https:\/\/turismo.benicassim.es\/va\/producte\/benicassim-capital-del-moscatel-incluye-entrada-a-las-bodegas-carmelitano-sabado-14-de-septiembre-de-2024-1800-h\/#primaryimage"},"image":{"@id":"https:\/\/turismo.benicassim.es\/va\/producte\/benicassim-capital-del-moscatel-incluye-entrada-a-las-bodegas-carmelitano-sabado-14-de-septiembre-de-2024-1800-h\/#primaryimage"},"thumbnailUrl":"https:\/\/turismo.benicassim.es\/wp-content\/uploads\/2024\/08\/moscatel.png","datePublished":"2024-08-25T12:38:32+00:00","dateModified":"2024-09-14T12:30:21+00:00","breadcrumb":{"@id":"https:\/\/turismo.benicassim.es\/va\/producte\/benicassim-capital-del-moscatel-incluye-entrada-a-las-bodegas-carmelitano-sabado-14-de-septiembre-de-2024-1800-h\/#breadcrumb"},"inLanguage":"ca-CA","potentialAction":[{"@type":"ReadAction","target":["https:\/\/turismo.benicassim.es\/va\/producte\/benicassim-capital-del-moscatel-incluye-entrada-a-las-bodegas-carmelitano-sabado-14-de-septiembre-de-2024-1800-h\/"]}]},{"@type":"ImageObject","inLanguage":"ca-CA","@id":"https:\/\/turismo.benicassim.es\/va\/producte\/benicassim-capital-del-moscatel-incluye-entrada-a-las-bodegas-carmelitano-sabado-14-de-septiembre-de-2024-1800-h\/#primaryimage","url":"https:\/\/turismo.benicassim.es\/wp-content\/uploads\/2024\/08\/moscatel.png","contentUrl":"https:\/\/turismo.benicassim.es\/wp-content\/uploads\/2024\/08\/moscatel.png","width":1228,"height":930},{"@type":"BreadcrumbList","@id":"https:\/\/turismo.benicassim.es\/va\/producte\/benicassim-capital-del-moscatel-incluye-entrada-a-las-bodegas-carmelitano-sabado-14-de-septiembre-de-2024-1800-h\/#breadcrumb","itemListElement":[{"@type":"ListItem","position":1,"name":"Inicio","item":"https:\/\/turismo.benicassim.es\/va\/"},{"@type":"ListItem","position":2,"name":"Tenda","item":"https:\/\/turismo.benicassim.es\/va\/tenda\/"},{"@type":"ListItem","position":3,"name":"Benic\u00e0ssim, capital del Moscatell (inclou entrada al celler Carmelitano) Dissabte 14 de setembre de 2024 &#8211; 18:00 h"}]},{"@type":"WebSite","@id":"https:\/\/turismo.benicassim.es\/va\/#website","url":"https:\/\/turismo.benicassim.es\/va\/","name":"Benic\u00e0ssim Turismo","description":"Web de informaci\u00f3n de Turismo en Benicasim","potentialAction":[{"@type":"SearchAction","target":{"@type":"EntryPoint","urlTemplate":"https:\/\/turismo.benicassim.es\/va\/?s={search_term_string}"},"query-input":{"@type":"PropertyValueSpecification","valueRequired":true,"valueName":"search_term_string"}}],"inLanguage":"ca-CA"}]}},"_links":{"self":[{"href":"https:\/\/turismo.benicassim.es\/va\/wp-json\/wp\/v2\/product\/77959","targetHints":{"allow":["GET"]}}],"collection":[{"href":"https:\/\/turismo.benicassim.es\/va\/wp-json\/wp\/v2\/product"}],"about":[{"href":"https:\/\/turismo.benicassim.es\/va\/wp-json\/wp\/v2\/types\/product"}],"wp:featuredmedia":[{"embeddable":true,"href":"https:\/\/turismo.benicassim.es\/va\/wp-json\/wp\/v2\/media\/77960"}],"wp:attachment":[{"href":"https:\/\/turismo.benicassim.es\/va\/wp-json\/wp\/v2\/media?parent=77959"}],"wp:term":[{"taxonomy":"product_brand","embeddable":true,"href":"https:\/\/turismo.benicassim.es\/va\/wp-json\/wp\/v2\/product_brand?post=77959"},{"taxonomy":"product_cat","embeddable":true,"href":"https:\/\/turismo.benicassim.es\/va\/wp-json\/wp\/v2\/product_cat?post=77959"},{"taxonomy":"product_tag","embeddable":true,"href":"https:\/\/turismo.benicassim.es\/va\/wp-json\/wp\/v2\/product_tag?post=77959"}],"curies":[{"name":"wp","href":"https:\/\/api.w.org\/{rel}","templated":true}]}}