{"id":78242,"date":"2024-09-21T18:53:40","date_gmt":"2024-09-21T16:53:40","guid":{"rendered":"https:\/\/turismo.benicassim.es\/?post_type=product&#038;p=78242"},"modified":"2024-09-30T13:56:31","modified_gmt":"2024-09-30T11:56:31","slug":"una-locura-de-fiesta-en-las-villas-de-benicassim-viernes-11-de-octubre-de-2024-1730-h","status":"publish","type":"product","link":"https:\/\/turismo.benicassim.es\/va\/producte\/una-locura-de-fiesta-en-las-villas-de-benicassim-viernes-11-de-octubre-de-2024-1730-h\/","title":{"rendered":"Una bogeria de festa en les Vil\u00b7les de Benic\u00e0ssim. Divendres 11 d&#8217;octubre de 2024 &#8211; 17:30 h"},"content":{"rendered":"<p><span style=\"font-family: Liberation Serif, serif;\"><span style=\"font-size: medium;\"><span style=\"color: #373737;\"><b>Dia<\/b><\/span><span style=\"color: #373737;\">: Divendres 11 d&#8217;octubre de 2024<\/span><br \/>\n<span style=\"color: #373737;\"><b>Horari aprox.:<\/b><\/span><span style=\"color: #373737;\"> 17.30-19.00 h<\/span><br \/>\n<span style=\"color: #373737;\"><b>Lloc<\/b><\/span><span style=\"color: #373737;\">: Vil<\/span><span style=\"color: #373737;\">\u00b7l<\/span><span style=\"color: #373737;\">a Elisa https:\/\/goo.gl\/maps\/434be2uquyx4kkzh7<\/span><br \/>\n<span style=\"color: #373737;\"><b>Dist\u00e0ncia:<\/b><\/span><span style=\"color: #373737;\"> 1 km<\/span><br \/>\n<span style=\"color: #373737;\"><b>Dificultat<\/b><\/span><span style=\"color: #373737;\">: Baixa<\/span><br \/>\n<span style=\"color: #373737;\"><b>P\u00fablic recomanat:<\/b><\/span><span style=\"color: #373737;\"> Tots els p\u00fablics.<\/span><br \/>\n<span style=\"color: #373737;\"><b>Preu<\/b><\/span><span style=\"color: #373737;\">: 5 \u20ac (2,5 \u20ac redu\u00efda).<\/span><br \/>\n<span style=\"color: #373737;\"><b>Descripci\u00f3<\/b><\/span><span style=\"color: #373737;\">: La zona de les Vil<\/span><span style=\"color: #373737;\">\u00b7l<\/span><span style=\"color: #373737;\">es, en particular la coneguda popularment com l&#8217;Infern, era famosa a principis del segle XX per les animades celebracions que organitzaven els seus rics propietaris. Assistirem a la preparaci\u00f3 d&#8217;una d&#8217;eixes boges festes de la m\u00e0 d&#8217;un servent que, molt al seu pesar, haur\u00e0 de fer cas a les infinites <\/span><span style=\"color: #373737;\">bogeries<\/span><span style=\"color: #373737;\"> d&#8217;una mani\u00e0tica mestressa amb \u00ednfules, propiet\u00e0ria de Vil<\/span><span style=\"color: #373737;\">\u00b7l<\/span><span style=\"color: #373737;\">a Elisa, on tindran lloc diverses de les escenes.<\/span><br \/>\n<span style=\"color: #373737;\"><b>Recomanacions<\/b><\/span><span style=\"color: #373737;\">: Durant la prestaci\u00f3 del servei no est\u00e0 perm\u00e9s l&#8217;acc\u00e9s amb animals (excepte gossos guia o d&#8217;assist\u00e8ncia).<\/span> <\/span><\/span><\/p>\n","protected":false},"excerpt":{"rendered":"<p>Dia: Divendres 11 d&#8217;octubre de 2024 Horari aprox.: 17.30-19.00 h Lloc: Vil\u00b7la Elisa https:\/\/goo.gl\/maps\/434be2uquyx4kkzh7 Dist\u00e0ncia: 1 km Dificultat: Baixa P\u00fablic recomanat: Tots els p\u00fablics. Preu: 5 \u20ac (2,5 \u20ac redu\u00efda). Descripci\u00f3: La zona de les Vil\u00b7les, en particular la coneguda popularment com l&#8217;Infern, era famosa a principis del segle XX per les animades celebracions que [&hellip;]<\/p>\n","protected":false},"featured_media":78243,"template":"","meta":{"_acf_changed":false},"product_brand":[],"product_cat":[241,1335],"product_tag":[496,497,607,339,729,760,739,551,632,681,623,1333,553,555,624],"class_list":{"0":"post-78242","1":"product","2":"type-product","3":"status-publish","4":"has-post-thumbnail","6":"product_cat-sin-categorizar-va","7":"product_cat-una-locura-de-fiesta-en-las-villas-de-benicassim-va","8":"product_tag-benicasim-va","9":"product_tag-benicassim-va","10":"product_tag-benicassim-guided-tours-va","11":"product_tag-programa-oficial-de-visitas-guiadas-va","12":"product_tag-programa-oficial-de-visitas-guiadas-benicasim-va","13":"product_tag-programa-oficial-de-visitas-guiadas-benicassim-va","14":"product_tag-programa-oficial-de-visites-guiades-benicassim-va","15":"product_tag-programa-oficial-visitas-guiadas-benicasim-va","16":"product_tag-ruta-de-las-villas-va","17":"product_tag-rutas-guiadas-benicasim-va","18":"product_tag-rutas-guiadas-benicassim-va","19":"product_tag-villa-elisa-va","20":"product_tag-visitas-guiadas-benicasim-va","21":"product_tag-visites-guiades-benicassim","22":"product_tag-visites-guiades-en-benicassim-va","24":"first","25":"outofstock","26":"shipping-taxable","27":"purchasable","28":"product-type-variable"},"acf":[],"yoast_head":"<!-- This site is optimized with the Yoast SEO plugin v27.4 - https:\/\/yoast.com\/product\/yoast-seo-wordpress\/ -->\n<title>Una bogeria de festa en les Vil\u00b7les de Benic\u00e0ssim. Divendres 11 d&#039;octubre de 2024 - 17:30 h - Benic\u00e0ssim Turismo<\/title>\n<meta name=\"robots\" content=\"index, follow, max-snippet:-1, max-image-preview:large, max-video-preview:-1\" \/>\n<link rel=\"canonical\" href=\"https:\/\/turismo.benicassim.es\/va\/producte\/una-locura-de-fiesta-en-las-villas-de-benicassim-viernes-11-de-octubre-de-2024-1730-h\/\" \/>\n<meta property=\"og:locale\" content=\"en_US\" \/>\n<meta property=\"og:type\" content=\"article\" \/>\n<meta property=\"og:title\" content=\"Una bogeria de festa en les Vil\u00b7les de Benic\u00e0ssim. Divendres 11 d&#039;octubre de 2024 - 17:30 h - Benic\u00e0ssim Turismo\" \/>\n<meta property=\"og:description\" content=\"Dia: Divendres 11 d&#8217;octubre de 2024 Horari aprox.: 17.30-19.00 h Lloc: Vil\u00b7la Elisa https:\/\/goo.gl\/maps\/434be2uquyx4kkzh7 Dist\u00e0ncia: 1 km Dificultat: Baixa P\u00fablic recomanat: Tots els p\u00fablics. Preu: 5 \u20ac (2,5 \u20ac redu\u00efda). Descripci\u00f3: La zona de les Vil\u00b7les, en particular la coneguda popularment com l&#8217;Infern, era famosa a principis del segle XX per les animades celebracions que [&hellip;]\" \/>\n<meta property=\"og:url\" content=\"https:\/\/turismo.benicassim.es\/va\/producte\/una-locura-de-fiesta-en-las-villas-de-benicassim-viernes-11-de-octubre-de-2024-1730-h\/\" \/>\n<meta property=\"og:site_name\" content=\"Benic\u00e0ssim Turismo\" \/>\n<meta property=\"article:modified_time\" content=\"2024-09-30T11:56:31+00:00\" \/>\n<meta property=\"og:image\" content=\"https:\/\/turismo.benicassim.es\/wp-content\/uploads\/2024\/09\/11.-Una-locura-de-fiesta-2-scaled.jpg\" \/>\n\t<meta property=\"og:image:width\" content=\"2560\" \/>\n\t<meta property=\"og:image:height\" content=\"2560\" \/>\n\t<meta property=\"og:image:type\" content=\"image\/jpeg\" \/>\n<meta name=\"twitter:card\" content=\"summary_large_image\" \/>\n<meta name=\"twitter:label1\" content=\"Est. reading time\" \/>\n\t<meta name=\"twitter:data1\" content=\"1 minute\" \/>\n<script type=\"application\/ld+json\" class=\"yoast-schema-graph\">{\"@context\":\"https:\\\/\\\/schema.org\",\"@graph\":[{\"@type\":\"WebPage\",\"@id\":\"https:\\\/\\\/turismo.benicassim.es\\\/va\\\/producte\\\/una-locura-de-fiesta-en-las-villas-de-benicassim-viernes-11-de-octubre-de-2024-1730-h\\\/\",\"url\":\"https:\\\/\\\/turismo.benicassim.es\\\/va\\\/producte\\\/una-locura-de-fiesta-en-las-villas-de-benicassim-viernes-11-de-octubre-de-2024-1730-h\\\/\",\"name\":\"Una bogeria de festa en les Vil\u00b7les de Benic\u00e0ssim. Divendres 11 d'octubre de 2024 - 17:30 h - Benic\u00e0ssim Turismo\",\"isPartOf\":{\"@id\":\"https:\\\/\\\/turismo.benicassim.es\\\/va\\\/#website\"},\"primaryImageOfPage\":{\"@id\":\"https:\\\/\\\/turismo.benicassim.es\\\/va\\\/producte\\\/una-locura-de-fiesta-en-las-villas-de-benicassim-viernes-11-de-octubre-de-2024-1730-h\\\/#primaryimage\"},\"image\":{\"@id\":\"https:\\\/\\\/turismo.benicassim.es\\\/va\\\/producte\\\/una-locura-de-fiesta-en-las-villas-de-benicassim-viernes-11-de-octubre-de-2024-1730-h\\\/#primaryimage\"},\"thumbnailUrl\":\"https:\\\/\\\/turismo.benicassim.es\\\/wp-content\\\/uploads\\\/2024\\\/09\\\/11.-Una-locura-de-fiesta-2-scaled.jpg\",\"datePublished\":\"2024-09-21T16:53:40+00:00\",\"dateModified\":\"2024-09-30T11:56:31+00:00\",\"breadcrumb\":{\"@id\":\"https:\\\/\\\/turismo.benicassim.es\\\/va\\\/producte\\\/una-locura-de-fiesta-en-las-villas-de-benicassim-viernes-11-de-octubre-de-2024-1730-h\\\/#breadcrumb\"},\"inLanguage\":\"ca-CA\",\"potentialAction\":[{\"@type\":\"ReadAction\",\"target\":[\"https:\\\/\\\/turismo.benicassim.es\\\/va\\\/producte\\\/una-locura-de-fiesta-en-las-villas-de-benicassim-viernes-11-de-octubre-de-2024-1730-h\\\/\"]}]},{\"@type\":\"ImageObject\",\"inLanguage\":\"ca-CA\",\"@id\":\"https:\\\/\\\/turismo.benicassim.es\\\/va\\\/producte\\\/una-locura-de-fiesta-en-las-villas-de-benicassim-viernes-11-de-octubre-de-2024-1730-h\\\/#primaryimage\",\"url\":\"https:\\\/\\\/turismo.benicassim.es\\\/wp-content\\\/uploads\\\/2024\\\/09\\\/11.-Una-locura-de-fiesta-2-scaled.jpg\",\"contentUrl\":\"https:\\\/\\\/turismo.benicassim.es\\\/wp-content\\\/uploads\\\/2024\\\/09\\\/11.-Una-locura-de-fiesta-2-scaled.jpg\",\"width\":2560,\"height\":2560},{\"@type\":\"BreadcrumbList\",\"@id\":\"https:\\\/\\\/turismo.benicassim.es\\\/va\\\/producte\\\/una-locura-de-fiesta-en-las-villas-de-benicassim-viernes-11-de-octubre-de-2024-1730-h\\\/#breadcrumb\",\"itemListElement\":[{\"@type\":\"ListItem\",\"position\":1,\"name\":\"Inicio\",\"item\":\"https:\\\/\\\/turismo.benicassim.es\\\/va\\\/\"},{\"@type\":\"ListItem\",\"position\":2,\"name\":\"Tenda\",\"item\":\"https:\\\/\\\/turismo.benicassim.es\\\/va\\\/tenda\\\/\"},{\"@type\":\"ListItem\",\"position\":3,\"name\":\"Una bogeria de festa en les Vil\u00b7les de Benic\u00e0ssim. Divendres 11 d&#8217;octubre de 2024 &#8211; 17:30 h\"}]},{\"@type\":\"WebSite\",\"@id\":\"https:\\\/\\\/turismo.benicassim.es\\\/va\\\/#website\",\"url\":\"https:\\\/\\\/turismo.benicassim.es\\\/va\\\/\",\"name\":\"Benic\u00e0ssim Turismo\",\"description\":\"Web de informaci\u00f3n de Turismo en Benicasim\",\"potentialAction\":[{\"@type\":\"SearchAction\",\"target\":{\"@type\":\"EntryPoint\",\"urlTemplate\":\"https:\\\/\\\/turismo.benicassim.es\\\/va\\\/?s={search_term_string}\"},\"query-input\":{\"@type\":\"PropertyValueSpecification\",\"valueRequired\":true,\"valueName\":\"search_term_string\"}}],\"inLanguage\":\"ca-CA\"}]}<\/script>\n<!-- \/ Yoast SEO plugin. -->","yoast_head_json":{"title":"Una bogeria de festa en les Vil\u00b7les de Benic\u00e0ssim. Divendres 11 d'octubre de 2024 - 17:30 h - Benic\u00e0ssim Turismo","robots":{"index":"index","follow":"follow","max-snippet":"max-snippet:-1","max-image-preview":"max-image-preview:large","max-video-preview":"max-video-preview:-1"},"canonical":"https:\/\/turismo.benicassim.es\/va\/producte\/una-locura-de-fiesta-en-las-villas-de-benicassim-viernes-11-de-octubre-de-2024-1730-h\/","og_locale":"en_US","og_type":"article","og_title":"Una bogeria de festa en les Vil\u00b7les de Benic\u00e0ssim. Divendres 11 d'octubre de 2024 - 17:30 h - Benic\u00e0ssim Turismo","og_description":"Dia: Divendres 11 d&#8217;octubre de 2024 Horari aprox.: 17.30-19.00 h Lloc: Vil\u00b7la Elisa https:\/\/goo.gl\/maps\/434be2uquyx4kkzh7 Dist\u00e0ncia: 1 km Dificultat: Baixa P\u00fablic recomanat: Tots els p\u00fablics. Preu: 5 \u20ac (2,5 \u20ac redu\u00efda). Descripci\u00f3: La zona de les Vil\u00b7les, en particular la coneguda popularment com l&#8217;Infern, era famosa a principis del segle XX per les animades celebracions que [&hellip;]","og_url":"https:\/\/turismo.benicassim.es\/va\/producte\/una-locura-de-fiesta-en-las-villas-de-benicassim-viernes-11-de-octubre-de-2024-1730-h\/","og_site_name":"Benic\u00e0ssim Turismo","article_modified_time":"2024-09-30T11:56:31+00:00","og_image":[{"width":2560,"height":2560,"url":"https:\/\/turismo.benicassim.es\/wp-content\/uploads\/2024\/09\/11.-Una-locura-de-fiesta-2-scaled.jpg","type":"image\/jpeg"}],"twitter_card":"summary_large_image","twitter_misc":{"Est. reading time":"1 minute"},"schema":{"@context":"https:\/\/schema.org","@graph":[{"@type":"WebPage","@id":"https:\/\/turismo.benicassim.es\/va\/producte\/una-locura-de-fiesta-en-las-villas-de-benicassim-viernes-11-de-octubre-de-2024-1730-h\/","url":"https:\/\/turismo.benicassim.es\/va\/producte\/una-locura-de-fiesta-en-las-villas-de-benicassim-viernes-11-de-octubre-de-2024-1730-h\/","name":"Una bogeria de festa en les Vil\u00b7les de Benic\u00e0ssim. Divendres 11 d'octubre de 2024 - 17:30 h - Benic\u00e0ssim Turismo","isPartOf":{"@id":"https:\/\/turismo.benicassim.es\/va\/#website"},"primaryImageOfPage":{"@id":"https:\/\/turismo.benicassim.es\/va\/producte\/una-locura-de-fiesta-en-las-villas-de-benicassim-viernes-11-de-octubre-de-2024-1730-h\/#primaryimage"},"image":{"@id":"https:\/\/turismo.benicassim.es\/va\/producte\/una-locura-de-fiesta-en-las-villas-de-benicassim-viernes-11-de-octubre-de-2024-1730-h\/#primaryimage"},"thumbnailUrl":"https:\/\/turismo.benicassim.es\/wp-content\/uploads\/2024\/09\/11.-Una-locura-de-fiesta-2-scaled.jpg","datePublished":"2024-09-21T16:53:40+00:00","dateModified":"2024-09-30T11:56:31+00:00","breadcrumb":{"@id":"https:\/\/turismo.benicassim.es\/va\/producte\/una-locura-de-fiesta-en-las-villas-de-benicassim-viernes-11-de-octubre-de-2024-1730-h\/#breadcrumb"},"inLanguage":"ca-CA","potentialAction":[{"@type":"ReadAction","target":["https:\/\/turismo.benicassim.es\/va\/producte\/una-locura-de-fiesta-en-las-villas-de-benicassim-viernes-11-de-octubre-de-2024-1730-h\/"]}]},{"@type":"ImageObject","inLanguage":"ca-CA","@id":"https:\/\/turismo.benicassim.es\/va\/producte\/una-locura-de-fiesta-en-las-villas-de-benicassim-viernes-11-de-octubre-de-2024-1730-h\/#primaryimage","url":"https:\/\/turismo.benicassim.es\/wp-content\/uploads\/2024\/09\/11.-Una-locura-de-fiesta-2-scaled.jpg","contentUrl":"https:\/\/turismo.benicassim.es\/wp-content\/uploads\/2024\/09\/11.-Una-locura-de-fiesta-2-scaled.jpg","width":2560,"height":2560},{"@type":"BreadcrumbList","@id":"https:\/\/turismo.benicassim.es\/va\/producte\/una-locura-de-fiesta-en-las-villas-de-benicassim-viernes-11-de-octubre-de-2024-1730-h\/#breadcrumb","itemListElement":[{"@type":"ListItem","position":1,"name":"Inicio","item":"https:\/\/turismo.benicassim.es\/va\/"},{"@type":"ListItem","position":2,"name":"Tenda","item":"https:\/\/turismo.benicassim.es\/va\/tenda\/"},{"@type":"ListItem","position":3,"name":"Una bogeria de festa en les Vil\u00b7les de Benic\u00e0ssim. Divendres 11 d&#8217;octubre de 2024 &#8211; 17:30 h"}]},{"@type":"WebSite","@id":"https:\/\/turismo.benicassim.es\/va\/#website","url":"https:\/\/turismo.benicassim.es\/va\/","name":"Benic\u00e0ssim Turismo","description":"Web de informaci\u00f3n de Turismo en Benicasim","potentialAction":[{"@type":"SearchAction","target":{"@type":"EntryPoint","urlTemplate":"https:\/\/turismo.benicassim.es\/va\/?s={search_term_string}"},"query-input":{"@type":"PropertyValueSpecification","valueRequired":true,"valueName":"search_term_string"}}],"inLanguage":"ca-CA"}]}},"_links":{"self":[{"href":"https:\/\/turismo.benicassim.es\/va\/wp-json\/wp\/v2\/product\/78242","targetHints":{"allow":["GET"]}}],"collection":[{"href":"https:\/\/turismo.benicassim.es\/va\/wp-json\/wp\/v2\/product"}],"about":[{"href":"https:\/\/turismo.benicassim.es\/va\/wp-json\/wp\/v2\/types\/product"}],"wp:featuredmedia":[{"embeddable":true,"href":"https:\/\/turismo.benicassim.es\/va\/wp-json\/wp\/v2\/media\/78243"}],"wp:attachment":[{"href":"https:\/\/turismo.benicassim.es\/va\/wp-json\/wp\/v2\/media?parent=78242"}],"wp:term":[{"taxonomy":"product_brand","embeddable":true,"href":"https:\/\/turismo.benicassim.es\/va\/wp-json\/wp\/v2\/product_brand?post=78242"},{"taxonomy":"product_cat","embeddable":true,"href":"https:\/\/turismo.benicassim.es\/va\/wp-json\/wp\/v2\/product_cat?post=78242"},{"taxonomy":"product_tag","embeddable":true,"href":"https:\/\/turismo.benicassim.es\/va\/wp-json\/wp\/v2\/product_tag?post=78242"}],"curies":[{"name":"wp","href":"https:\/\/api.w.org\/{rel}","templated":true}]}}