{"id":78328,"date":"2024-09-23T13:56:19","date_gmt":"2024-09-23T11:56:19","guid":{"rendered":"https:\/\/turismo.benicassim.es\/producto\/el-misteri-del-parc-del-trenet-sabado-12-de-octubre-de-2024-1700-h\/"},"modified":"2025-03-18T16:18:54","modified_gmt":"2025-03-18T15:18:54","slug":"el-misteri-del-parc-del-trenet-sabado-12-de-octubre-de-2024-1700-h","status":"publish","type":"product","link":"https:\/\/turismo.benicassim.es\/va\/producte\/el-misteri-del-parc-del-trenet-sabado-12-de-octubre-de-2024-1700-h\/","title":{"rendered":"El Misteri del Parc del Trenet. Dissabte12 d&#8217;octubre de 2024 -17:00 h"},"content":{"rendered":"<p><span style=\"font-family: Liberation Serif, serif;\"><span style=\"font-size: medium;\"><span style=\"color: #373737;\"><b>Dissabte 12 d&#8217;octubre a les 17:00 i 18:30 h<\/b><\/span><br \/>\n<span style=\"color: #373737;\"><b>Lloc<\/b><\/span><span style=\"color: #373737;\">: Parc del Trenet https:\/\/goo.gl\/maps\/r7iypv3g1qj6gz477<\/span><br \/>\n<span style=\"color: #373737;\"><b>Duraci\u00f3<\/b><\/span><span style=\"color: #373737;\">: 45 min.<\/span><br \/>\n<span style=\"color: #373737;\"><b>Dificultat<\/b><\/span><span style=\"color: #373737;\">: Baixa.<\/span><br \/>\n<span style=\"color: #373737;\"><b>Preu redu\u00eft: <\/b><\/span><span style=\"color: #373737;\">2,50 \u20ac. A l&#8217;activitat nom\u00e9s han d&#8217;inscriure&#8217;s els xiquets.<\/span><br \/>\n<span style=\"color: #373737;\"><b>Descripci\u00f3<\/b><\/span><span style=\"color: #373737;\">: T&#8217;agradaria ser el protagonista d&#8217;una incre\u00efble hist\u00f2ria de detecti<\/span><span style=\"color: #373737;\">u<\/span><span style=\"color: #373737;\">s? En eixe cas, no et perdes aquesta fant\u00e0stica activitat dissenyada per als m\u00e9s xicotets de la casa. Un joc en el qual, a m\u00e9s de con\u00e9ixer la import\u00e0ncia i evoluci\u00f3 del ferrocarril en el nostre municipi, ens divertirem desxifrant les pistes per a resoldre un misteri\u00f3s succ\u00e9s. Encara que, tranquils! Perqu\u00e8, per a aix\u00f2, comptarem amb l&#8217;ajuda del Cap d&#8217;Estaci\u00f3 i d&#8217;una peculiar passatgera que no descansaran fins a arribar al final de la seua investigaci\u00f3. T&#8217;esperem!<\/span><br \/>\n<span style=\"color: #373737;\"><b>Observacions<\/b><\/span><span style=\"color: #373737;\">:<\/span> <span style=\"color: #c9211e;\"><b>Xiquets entre 5 i 10 anys. A l&#8217;activitat nom\u00e9s s&#8217;han d&#8217;inscriure els xiquets. Els pares NO participen en l&#8217;activitat.<\/b><\/span><b> <\/b><\/span><\/span><\/p>\n","protected":false},"excerpt":{"rendered":"<p>Dissabte 12 d&#8217;octubre a les 17:00 i 18:30 h Lloc: Parc del Trenet https:\/\/goo.gl\/maps\/r7iypv3g1qj6gz477 Duraci\u00f3: 45 min. Dificultat: Baixa. Preu redu\u00eft: 2,50 \u20ac. A l&#8217;activitat nom\u00e9s han d&#8217;inscriure&#8217;s els xiquets. Descripci\u00f3: T&#8217;agradaria ser el protagonista d&#8217;una incre\u00efble hist\u00f2ria de detectius? En eixe cas, no et perdes aquesta fant\u00e0stica activitat dissenyada per als m\u00e9s xicotets de [&hellip;]<\/p>\n","protected":false},"featured_media":78329,"template":"","meta":{"_acf_changed":false},"product_brand":[],"product_cat":[310],"product_tag":[647,1088,779,649,496,497,311,1091,1347],"class_list":{"0":"post-78328","1":"product","2":"type-product","3":"status-publish","4":"has-post-thumbnail","6":"product_cat-el-misterio-del-parc-del-trenet-va","7":"product_tag-actividades-con-ninos-en-benicasim-va","8":"product_tag-actividades-familiares-en-benicasim-va","9":"product_tag-actividades-infantiles-benicassim-va","10":"product_tag-activitats-amb-xiquets-a-benicassim-va","11":"product_tag-benicasim-va","12":"product_tag-benicassim-va","13":"product_tag-benicassim-kids-va","14":"product_tag-parc-del-trenet-va","15":"product_tag-trenet-va","17":"first","18":"instock","19":"shipping-taxable","20":"purchasable","21":"product-type-variable"},"acf":[],"yoast_head":"<!-- This site is optimized with the Yoast SEO plugin v27.4 - https:\/\/yoast.com\/product\/yoast-seo-wordpress\/ -->\n<title>El Misteri del Parc del Trenet. Dissabte12 d&#039;octubre de 2024 -17:00 h - Benic\u00e0ssim Turismo<\/title>\n<meta name=\"robots\" content=\"index, follow, max-snippet:-1, max-image-preview:large, max-video-preview:-1\" \/>\n<link rel=\"canonical\" href=\"https:\/\/turismo.benicassim.es\/va\/producte\/el-misteri-del-parc-del-trenet-sabado-12-de-octubre-de-2024-1700-h\/\" \/>\n<meta property=\"og:locale\" content=\"en_US\" \/>\n<meta property=\"og:type\" content=\"article\" \/>\n<meta property=\"og:title\" content=\"El Misteri del Parc del Trenet. Dissabte12 d&#039;octubre de 2024 -17:00 h - Benic\u00e0ssim Turismo\" \/>\n<meta property=\"og:description\" content=\"Dissabte 12 d&#8217;octubre a les 17:00 i 18:30 h Lloc: Parc del Trenet https:\/\/goo.gl\/maps\/r7iypv3g1qj6gz477 Duraci\u00f3: 45 min. Dificultat: Baixa. Preu redu\u00eft: 2,50 \u20ac. A l&#8217;activitat nom\u00e9s han d&#8217;inscriure&#8217;s els xiquets. Descripci\u00f3: T&#8217;agradaria ser el protagonista d&#8217;una incre\u00efble hist\u00f2ria de detectius? En eixe cas, no et perdes aquesta fant\u00e0stica activitat dissenyada per als m\u00e9s xicotets de [&hellip;]\" \/>\n<meta property=\"og:url\" content=\"https:\/\/turismo.benicassim.es\/va\/producte\/el-misteri-del-parc-del-trenet-sabado-12-de-octubre-de-2024-1700-h\/\" \/>\n<meta property=\"og:site_name\" content=\"Benic\u00e0ssim Turismo\" \/>\n<meta property=\"article:modified_time\" content=\"2025-03-18T15:18:54+00:00\" \/>\n<meta property=\"og:image\" content=\"https:\/\/turismo.benicassim.es\/wp-content\/uploads\/2024\/09\/octWEB_2.jpg\" \/>\n\t<meta property=\"og:image:width\" content=\"2339\" \/>\n\t<meta property=\"og:image:height\" content=\"2290\" \/>\n\t<meta property=\"og:image:type\" content=\"image\/jpeg\" \/>\n<meta name=\"twitter:card\" content=\"summary_large_image\" \/>\n<meta name=\"twitter:label1\" content=\"Est. reading time\" \/>\n\t<meta name=\"twitter:data1\" content=\"1 minute\" \/>\n<script type=\"application\/ld+json\" class=\"yoast-schema-graph\">{\"@context\":\"https:\\\/\\\/schema.org\",\"@graph\":[{\"@type\":\"WebPage\",\"@id\":\"https:\\\/\\\/turismo.benicassim.es\\\/va\\\/producte\\\/el-misteri-del-parc-del-trenet-sabado-12-de-octubre-de-2024-1700-h\\\/\",\"url\":\"https:\\\/\\\/turismo.benicassim.es\\\/va\\\/producte\\\/el-misteri-del-parc-del-trenet-sabado-12-de-octubre-de-2024-1700-h\\\/\",\"name\":\"El Misteri del Parc del Trenet. Dissabte12 d'octubre de 2024 -17:00 h - Benic\u00e0ssim Turismo\",\"isPartOf\":{\"@id\":\"https:\\\/\\\/turismo.benicassim.es\\\/va\\\/#website\"},\"primaryImageOfPage\":{\"@id\":\"https:\\\/\\\/turismo.benicassim.es\\\/va\\\/producte\\\/el-misteri-del-parc-del-trenet-sabado-12-de-octubre-de-2024-1700-h\\\/#primaryimage\"},\"image\":{\"@id\":\"https:\\\/\\\/turismo.benicassim.es\\\/va\\\/producte\\\/el-misteri-del-parc-del-trenet-sabado-12-de-octubre-de-2024-1700-h\\\/#primaryimage\"},\"thumbnailUrl\":\"https:\\\/\\\/turismo.benicassim.es\\\/wp-content\\\/uploads\\\/2024\\\/09\\\/octWEB_2.jpg\",\"datePublished\":\"2024-09-23T11:56:19+00:00\",\"dateModified\":\"2025-03-18T15:18:54+00:00\",\"breadcrumb\":{\"@id\":\"https:\\\/\\\/turismo.benicassim.es\\\/va\\\/producte\\\/el-misteri-del-parc-del-trenet-sabado-12-de-octubre-de-2024-1700-h\\\/#breadcrumb\"},\"inLanguage\":\"ca-CA\",\"potentialAction\":[{\"@type\":\"ReadAction\",\"target\":[\"https:\\\/\\\/turismo.benicassim.es\\\/va\\\/producte\\\/el-misteri-del-parc-del-trenet-sabado-12-de-octubre-de-2024-1700-h\\\/\"]}]},{\"@type\":\"ImageObject\",\"inLanguage\":\"ca-CA\",\"@id\":\"https:\\\/\\\/turismo.benicassim.es\\\/va\\\/producte\\\/el-misteri-del-parc-del-trenet-sabado-12-de-octubre-de-2024-1700-h\\\/#primaryimage\",\"url\":\"https:\\\/\\\/turismo.benicassim.es\\\/wp-content\\\/uploads\\\/2024\\\/09\\\/octWEB_2.jpg\",\"contentUrl\":\"https:\\\/\\\/turismo.benicassim.es\\\/wp-content\\\/uploads\\\/2024\\\/09\\\/octWEB_2.jpg\",\"width\":2339,\"height\":2290},{\"@type\":\"BreadcrumbList\",\"@id\":\"https:\\\/\\\/turismo.benicassim.es\\\/va\\\/producte\\\/el-misteri-del-parc-del-trenet-sabado-12-de-octubre-de-2024-1700-h\\\/#breadcrumb\",\"itemListElement\":[{\"@type\":\"ListItem\",\"position\":1,\"name\":\"Inicio\",\"item\":\"https:\\\/\\\/turismo.benicassim.es\\\/va\\\/\"},{\"@type\":\"ListItem\",\"position\":2,\"name\":\"Tenda\",\"item\":\"https:\\\/\\\/turismo.benicassim.es\\\/va\\\/tenda\\\/\"},{\"@type\":\"ListItem\",\"position\":3,\"name\":\"El Misteri del Parc del Trenet. Dissabte12 d&#8217;octubre de 2024 -17:00 h\"}]},{\"@type\":\"WebSite\",\"@id\":\"https:\\\/\\\/turismo.benicassim.es\\\/va\\\/#website\",\"url\":\"https:\\\/\\\/turismo.benicassim.es\\\/va\\\/\",\"name\":\"Benic\u00e0ssim Turismo\",\"description\":\"Web de informaci\u00f3n de Turismo en Benicasim\",\"potentialAction\":[{\"@type\":\"SearchAction\",\"target\":{\"@type\":\"EntryPoint\",\"urlTemplate\":\"https:\\\/\\\/turismo.benicassim.es\\\/va\\\/?s={search_term_string}\"},\"query-input\":{\"@type\":\"PropertyValueSpecification\",\"valueRequired\":true,\"valueName\":\"search_term_string\"}}],\"inLanguage\":\"ca-CA\"}]}<\/script>\n<!-- \/ Yoast SEO plugin. -->","yoast_head_json":{"title":"El Misteri del Parc del Trenet. Dissabte12 d'octubre de 2024 -17:00 h - Benic\u00e0ssim Turismo","robots":{"index":"index","follow":"follow","max-snippet":"max-snippet:-1","max-image-preview":"max-image-preview:large","max-video-preview":"max-video-preview:-1"},"canonical":"https:\/\/turismo.benicassim.es\/va\/producte\/el-misteri-del-parc-del-trenet-sabado-12-de-octubre-de-2024-1700-h\/","og_locale":"en_US","og_type":"article","og_title":"El Misteri del Parc del Trenet. Dissabte12 d'octubre de 2024 -17:00 h - Benic\u00e0ssim Turismo","og_description":"Dissabte 12 d&#8217;octubre a les 17:00 i 18:30 h Lloc: Parc del Trenet https:\/\/goo.gl\/maps\/r7iypv3g1qj6gz477 Duraci\u00f3: 45 min. Dificultat: Baixa. Preu redu\u00eft: 2,50 \u20ac. A l&#8217;activitat nom\u00e9s han d&#8217;inscriure&#8217;s els xiquets. Descripci\u00f3: T&#8217;agradaria ser el protagonista d&#8217;una incre\u00efble hist\u00f2ria de detectius? En eixe cas, no et perdes aquesta fant\u00e0stica activitat dissenyada per als m\u00e9s xicotets de [&hellip;]","og_url":"https:\/\/turismo.benicassim.es\/va\/producte\/el-misteri-del-parc-del-trenet-sabado-12-de-octubre-de-2024-1700-h\/","og_site_name":"Benic\u00e0ssim Turismo","article_modified_time":"2025-03-18T15:18:54+00:00","og_image":[{"width":2339,"height":2290,"url":"https:\/\/turismo.benicassim.es\/wp-content\/uploads\/2024\/09\/octWEB_2.jpg","type":"image\/jpeg"}],"twitter_card":"summary_large_image","twitter_misc":{"Est. reading time":"1 minute"},"schema":{"@context":"https:\/\/schema.org","@graph":[{"@type":"WebPage","@id":"https:\/\/turismo.benicassim.es\/va\/producte\/el-misteri-del-parc-del-trenet-sabado-12-de-octubre-de-2024-1700-h\/","url":"https:\/\/turismo.benicassim.es\/va\/producte\/el-misteri-del-parc-del-trenet-sabado-12-de-octubre-de-2024-1700-h\/","name":"El Misteri del Parc del Trenet. Dissabte12 d'octubre de 2024 -17:00 h - Benic\u00e0ssim Turismo","isPartOf":{"@id":"https:\/\/turismo.benicassim.es\/va\/#website"},"primaryImageOfPage":{"@id":"https:\/\/turismo.benicassim.es\/va\/producte\/el-misteri-del-parc-del-trenet-sabado-12-de-octubre-de-2024-1700-h\/#primaryimage"},"image":{"@id":"https:\/\/turismo.benicassim.es\/va\/producte\/el-misteri-del-parc-del-trenet-sabado-12-de-octubre-de-2024-1700-h\/#primaryimage"},"thumbnailUrl":"https:\/\/turismo.benicassim.es\/wp-content\/uploads\/2024\/09\/octWEB_2.jpg","datePublished":"2024-09-23T11:56:19+00:00","dateModified":"2025-03-18T15:18:54+00:00","breadcrumb":{"@id":"https:\/\/turismo.benicassim.es\/va\/producte\/el-misteri-del-parc-del-trenet-sabado-12-de-octubre-de-2024-1700-h\/#breadcrumb"},"inLanguage":"ca-CA","potentialAction":[{"@type":"ReadAction","target":["https:\/\/turismo.benicassim.es\/va\/producte\/el-misteri-del-parc-del-trenet-sabado-12-de-octubre-de-2024-1700-h\/"]}]},{"@type":"ImageObject","inLanguage":"ca-CA","@id":"https:\/\/turismo.benicassim.es\/va\/producte\/el-misteri-del-parc-del-trenet-sabado-12-de-octubre-de-2024-1700-h\/#primaryimage","url":"https:\/\/turismo.benicassim.es\/wp-content\/uploads\/2024\/09\/octWEB_2.jpg","contentUrl":"https:\/\/turismo.benicassim.es\/wp-content\/uploads\/2024\/09\/octWEB_2.jpg","width":2339,"height":2290},{"@type":"BreadcrumbList","@id":"https:\/\/turismo.benicassim.es\/va\/producte\/el-misteri-del-parc-del-trenet-sabado-12-de-octubre-de-2024-1700-h\/#breadcrumb","itemListElement":[{"@type":"ListItem","position":1,"name":"Inicio","item":"https:\/\/turismo.benicassim.es\/va\/"},{"@type":"ListItem","position":2,"name":"Tenda","item":"https:\/\/turismo.benicassim.es\/va\/tenda\/"},{"@type":"ListItem","position":3,"name":"El Misteri del Parc del Trenet. Dissabte12 d&#8217;octubre de 2024 -17:00 h"}]},{"@type":"WebSite","@id":"https:\/\/turismo.benicassim.es\/va\/#website","url":"https:\/\/turismo.benicassim.es\/va\/","name":"Benic\u00e0ssim Turismo","description":"Web de informaci\u00f3n de Turismo en Benicasim","potentialAction":[{"@type":"SearchAction","target":{"@type":"EntryPoint","urlTemplate":"https:\/\/turismo.benicassim.es\/va\/?s={search_term_string}"},"query-input":{"@type":"PropertyValueSpecification","valueRequired":true,"valueName":"search_term_string"}}],"inLanguage":"ca-CA"}]}},"_links":{"self":[{"href":"https:\/\/turismo.benicassim.es\/va\/wp-json\/wp\/v2\/product\/78328","targetHints":{"allow":["GET"]}}],"collection":[{"href":"https:\/\/turismo.benicassim.es\/va\/wp-json\/wp\/v2\/product"}],"about":[{"href":"https:\/\/turismo.benicassim.es\/va\/wp-json\/wp\/v2\/types\/product"}],"wp:featuredmedia":[{"embeddable":true,"href":"https:\/\/turismo.benicassim.es\/va\/wp-json\/wp\/v2\/media\/78329"}],"wp:attachment":[{"href":"https:\/\/turismo.benicassim.es\/va\/wp-json\/wp\/v2\/media?parent=78328"}],"wp:term":[{"taxonomy":"product_brand","embeddable":true,"href":"https:\/\/turismo.benicassim.es\/va\/wp-json\/wp\/v2\/product_brand?post=78328"},{"taxonomy":"product_cat","embeddable":true,"href":"https:\/\/turismo.benicassim.es\/va\/wp-json\/wp\/v2\/product_cat?post=78328"},{"taxonomy":"product_tag","embeddable":true,"href":"https:\/\/turismo.benicassim.es\/va\/wp-json\/wp\/v2\/product_tag?post=78328"}],"curies":[{"name":"wp","href":"https:\/\/api.w.org\/{rel}","templated":true}]}}