{"id":78870,"date":"2024-11-09T12:09:12","date_gmt":"2024-11-09T11:09:12","guid":{"rendered":"https:\/\/turismo.benicassim.es\/producto\/el-fantasma-de-pierre-mechain-y-el-meridiano-de-paris-domingo-24-de-noviembre-de-2024-1000-h\/"},"modified":"2024-11-13T12:00:48","modified_gmt":"2024-11-13T11:00:48","slug":"el-fantasma-de-pierre-mechain-y-el-meridiano-de-paris-domingo-24-de-noviembre-de-2024-1000-h","status":"publish","type":"product","link":"https:\/\/turismo.benicassim.es\/va\/producte\/el-fantasma-de-pierre-mechain-y-el-meridiano-de-paris-domingo-24-de-noviembre-de-2024-1000-h\/","title":{"rendered":"El fantasma de Pierre M\u00e9chain y el meridiano de Par\u00eds. Domingo 24 de noviembre de 2024 &#8211; 10:00 h"},"content":{"rendered":"<p lang=\"ca-ES-valencia\"><b>Dia: <\/b>Diumenge 24 de novembre de 2024 (2 sessions: 10 h, 12 h)<\/p>\n<p lang=\"ca-ES-valencia\"><b>Lloc:<\/b> P\u00e0rquing Monestir Desert de les Palmes <a href=\"https:\/\/goo.gl\/maps\/pkyhn3xpnog61qwh6\">https:\/\/goo.gl\/maps\/pkyhn3xpnog61qwh6<\/a><\/p>\n<p lang=\"ca-ES-valencia\"><b>Duraci\u00f3:<\/b> 2 hores.<\/p>\n<p lang=\"ca-ES-valencia\"><b>Dist<\/b><b>\u00e0<\/b><b>ncia:<\/b> 4 km<\/p>\n<p lang=\"ca-ES-valencia\"><b>Dificultat:<\/b> Baixa.<\/p>\n<p lang=\"ca-ES-valencia\"><strong><b>P\u00fablic recom<\/b><\/strong><strong><b>anat<\/b><\/strong><strong><b>:<\/b><\/strong> p\u00fablic familiar amb lleugera experi\u00e8ncia senderista pr\u00e8via<\/p>\n<p lang=\"ca-ES-valencia\"><b>Preu:<\/b> 5 \u20ac (2,5 \u20ac redu\u00efda)<\/p>\n<p lang=\"ca-ES-valencia\"><b>Descripci\u00f3: <\/b>Poca gent ho sap, per\u00f2 un dels art\u00edfexs del sistema m\u00e8tric, l\u2019astr\u00f2nom Pierre M\u00e9chain va desenvolupar les seues teories al Parc Natural del Desert de les Palmes. A m\u00e9s, va morir d&#8217;una malaltia transmesa per un mosquit de la zona, i va ser enterrat a Castell\u00f3. No obstant aix\u00f2, es rumoreja que el seu fantasma, continua visitant les muntanyes de Benic\u00e0ssim, intentant travessar-les per a tornar a Fran\u00e7a, la seua terra natal.<\/p>\n<p lang=\"ca-ES-valencia\"><b>Recomanacions:<\/b> sabata i roba d&#8217;esport lleugera, gorra i beguda.<\/p>\n","protected":false},"excerpt":{"rendered":"<p>Dia: Diumenge 24 de novembre de 2024 (2 sessions: 10 h, 12 h) Lloc: P\u00e0rquing Monestir Desert de les Palmes https:\/\/goo.gl\/maps\/pkyhn3xpnog61qwh6 Duraci\u00f3: 2 hores. Dist\u00e0ncia: 4 km Dificultat: Baixa. P\u00fablic recomanat: p\u00fablic familiar amb lleugera experi\u00e8ncia senderista pr\u00e8via Preu: 5 \u20ac (2,5 \u20ac redu\u00efda) Descripci\u00f3: Poca gent ho sap, per\u00f2 un dels art\u00edfexs del sistema [&hellip;]<\/p>\n","protected":false},"featured_media":77453,"template":"","meta":{"_acf_changed":false},"product_brand":[],"product_cat":[384],"product_tag":[647,1088,649,496,497,607,1104,339,729,760,739,1356,623,708],"class_list":{"0":"post-78870","1":"product","2":"type-product","3":"status-publish","4":"has-post-thumbnail","6":"product_cat-el-fantasma-de-pierre-mechain-y-el-meridiano-de-greenwich-teatralizada-va","7":"product_tag-actividades-con-ninos-en-benicasim-va","8":"product_tag-actividades-familiares-en-benicasim-va","9":"product_tag-activitats-amb-xiquets-a-benicassim-va","10":"product_tag-benicasim-va","11":"product_tag-benicassim-va","12":"product_tag-benicassim-guided-tours-va","13":"product_tag-desert-de-les-palmes-va","14":"product_tag-programa-oficial-de-visitas-guiadas-va","15":"product_tag-programa-oficial-de-visitas-guiadas-benicasim-va","16":"product_tag-programa-oficial-de-visitas-guiadas-benicassim-va","17":"product_tag-programa-oficial-de-visites-guiades-benicassim-va","18":"product_tag-ruta-teatralizada-va","19":"product_tag-rutas-guiadas-benicassim-va","20":"product_tag-visitas-teatralizadas-benicassim-va","22":"first","23":"instock","24":"shipping-taxable","25":"purchasable","26":"product-type-variable"},"acf":[],"yoast_head":"<!-- This site is optimized with the Yoast SEO plugin v27.4 - https:\/\/yoast.com\/product\/yoast-seo-wordpress\/ -->\n<title>El fantasma de Pierre M\u00e9chain y el meridiano de Par\u00eds. Domingo 24 de noviembre de 2024 - 10:00 h - Benic\u00e0ssim Turismo<\/title>\n<meta name=\"robots\" content=\"index, follow, max-snippet:-1, max-image-preview:large, max-video-preview:-1\" \/>\n<link rel=\"canonical\" href=\"https:\/\/turismo.benicassim.es\/va\/producte\/el-fantasma-de-pierre-mechain-y-el-meridiano-de-paris-domingo-24-de-noviembre-de-2024-1000-h\/\" \/>\n<meta property=\"og:locale\" content=\"en_US\" \/>\n<meta property=\"og:type\" content=\"article\" \/>\n<meta property=\"og:title\" content=\"El fantasma de Pierre M\u00e9chain y el meridiano de Par\u00eds. Domingo 24 de noviembre de 2024 - 10:00 h - Benic\u00e0ssim Turismo\" \/>\n<meta property=\"og:description\" content=\"Dia: Diumenge 24 de novembre de 2024 (2 sessions: 10 h, 12 h) Lloc: P\u00e0rquing Monestir Desert de les Palmes https:\/\/goo.gl\/maps\/pkyhn3xpnog61qwh6 Duraci\u00f3: 2 hores. Dist\u00e0ncia: 4 km Dificultat: Baixa. P\u00fablic recomanat: p\u00fablic familiar amb lleugera experi\u00e8ncia senderista pr\u00e8via Preu: 5 \u20ac (2,5 \u20ac redu\u00efda) Descripci\u00f3: Poca gent ho sap, per\u00f2 un dels art\u00edfexs del sistema [&hellip;]\" \/>\n<meta property=\"og:url\" content=\"https:\/\/turismo.benicassim.es\/va\/producte\/el-fantasma-de-pierre-mechain-y-el-meridiano-de-paris-domingo-24-de-noviembre-de-2024-1000-h\/\" \/>\n<meta property=\"og:site_name\" content=\"Benic\u00e0ssim Turismo\" \/>\n<meta property=\"article:modified_time\" content=\"2024-11-13T11:00:48+00:00\" \/>\n<meta property=\"og:image\" content=\"https:\/\/turismo.benicassim.es\/wp-content\/uploads\/2024\/07\/Fantasma-Mechain.jpg\" \/>\n\t<meta property=\"og:image:width\" content=\"1772\" \/>\n\t<meta property=\"og:image:height\" content=\"1182\" \/>\n\t<meta property=\"og:image:type\" content=\"image\/jpeg\" \/>\n<meta name=\"twitter:card\" content=\"summary_large_image\" \/>\n<meta name=\"twitter:label1\" content=\"Est. reading time\" \/>\n\t<meta name=\"twitter:data1\" content=\"1 minute\" \/>\n<script type=\"application\/ld+json\" class=\"yoast-schema-graph\">{\"@context\":\"https:\\\/\\\/schema.org\",\"@graph\":[{\"@type\":\"WebPage\",\"@id\":\"https:\\\/\\\/turismo.benicassim.es\\\/va\\\/producte\\\/el-fantasma-de-pierre-mechain-y-el-meridiano-de-paris-domingo-24-de-noviembre-de-2024-1000-h\\\/\",\"url\":\"https:\\\/\\\/turismo.benicassim.es\\\/va\\\/producte\\\/el-fantasma-de-pierre-mechain-y-el-meridiano-de-paris-domingo-24-de-noviembre-de-2024-1000-h\\\/\",\"name\":\"El fantasma de Pierre M\u00e9chain y el meridiano de Par\u00eds. Domingo 24 de noviembre de 2024 - 10:00 h - Benic\u00e0ssim Turismo\",\"isPartOf\":{\"@id\":\"https:\\\/\\\/turismo.benicassim.es\\\/va\\\/#website\"},\"primaryImageOfPage\":{\"@id\":\"https:\\\/\\\/turismo.benicassim.es\\\/va\\\/producte\\\/el-fantasma-de-pierre-mechain-y-el-meridiano-de-paris-domingo-24-de-noviembre-de-2024-1000-h\\\/#primaryimage\"},\"image\":{\"@id\":\"https:\\\/\\\/turismo.benicassim.es\\\/va\\\/producte\\\/el-fantasma-de-pierre-mechain-y-el-meridiano-de-paris-domingo-24-de-noviembre-de-2024-1000-h\\\/#primaryimage\"},\"thumbnailUrl\":\"https:\\\/\\\/turismo.benicassim.es\\\/wp-content\\\/uploads\\\/2024\\\/07\\\/Fantasma-Mechain.jpg\",\"datePublished\":\"2024-11-09T11:09:12+00:00\",\"dateModified\":\"2024-11-13T11:00:48+00:00\",\"breadcrumb\":{\"@id\":\"https:\\\/\\\/turismo.benicassim.es\\\/va\\\/producte\\\/el-fantasma-de-pierre-mechain-y-el-meridiano-de-paris-domingo-24-de-noviembre-de-2024-1000-h\\\/#breadcrumb\"},\"inLanguage\":\"ca-CA\",\"potentialAction\":[{\"@type\":\"ReadAction\",\"target\":[\"https:\\\/\\\/turismo.benicassim.es\\\/va\\\/producte\\\/el-fantasma-de-pierre-mechain-y-el-meridiano-de-paris-domingo-24-de-noviembre-de-2024-1000-h\\\/\"]}]},{\"@type\":\"ImageObject\",\"inLanguage\":\"ca-CA\",\"@id\":\"https:\\\/\\\/turismo.benicassim.es\\\/va\\\/producte\\\/el-fantasma-de-pierre-mechain-y-el-meridiano-de-paris-domingo-24-de-noviembre-de-2024-1000-h\\\/#primaryimage\",\"url\":\"https:\\\/\\\/turismo.benicassim.es\\\/wp-content\\\/uploads\\\/2024\\\/07\\\/Fantasma-Mechain.jpg\",\"contentUrl\":\"https:\\\/\\\/turismo.benicassim.es\\\/wp-content\\\/uploads\\\/2024\\\/07\\\/Fantasma-Mechain.jpg\",\"width\":1772,\"height\":1182},{\"@type\":\"BreadcrumbList\",\"@id\":\"https:\\\/\\\/turismo.benicassim.es\\\/va\\\/producte\\\/el-fantasma-de-pierre-mechain-y-el-meridiano-de-paris-domingo-24-de-noviembre-de-2024-1000-h\\\/#breadcrumb\",\"itemListElement\":[{\"@type\":\"ListItem\",\"position\":1,\"name\":\"Inicio\",\"item\":\"https:\\\/\\\/turismo.benicassim.es\\\/va\\\/\"},{\"@type\":\"ListItem\",\"position\":2,\"name\":\"Tenda\",\"item\":\"https:\\\/\\\/turismo.benicassim.es\\\/va\\\/tenda\\\/\"},{\"@type\":\"ListItem\",\"position\":3,\"name\":\"El fantasma de Pierre M\u00e9chain y el meridiano de Par\u00eds. Domingo 24 de noviembre de 2024 &#8211; 10:00 h\"}]},{\"@type\":\"WebSite\",\"@id\":\"https:\\\/\\\/turismo.benicassim.es\\\/va\\\/#website\",\"url\":\"https:\\\/\\\/turismo.benicassim.es\\\/va\\\/\",\"name\":\"Benic\u00e0ssim Turismo\",\"description\":\"Web de informaci\u00f3n de Turismo en Benicasim\",\"potentialAction\":[{\"@type\":\"SearchAction\",\"target\":{\"@type\":\"EntryPoint\",\"urlTemplate\":\"https:\\\/\\\/turismo.benicassim.es\\\/va\\\/?s={search_term_string}\"},\"query-input\":{\"@type\":\"PropertyValueSpecification\",\"valueRequired\":true,\"valueName\":\"search_term_string\"}}],\"inLanguage\":\"ca-CA\"}]}<\/script>\n<!-- \/ Yoast SEO plugin. -->","yoast_head_json":{"title":"El fantasma de Pierre M\u00e9chain y el meridiano de Par\u00eds. Domingo 24 de noviembre de 2024 - 10:00 h - Benic\u00e0ssim Turismo","robots":{"index":"index","follow":"follow","max-snippet":"max-snippet:-1","max-image-preview":"max-image-preview:large","max-video-preview":"max-video-preview:-1"},"canonical":"https:\/\/turismo.benicassim.es\/va\/producte\/el-fantasma-de-pierre-mechain-y-el-meridiano-de-paris-domingo-24-de-noviembre-de-2024-1000-h\/","og_locale":"en_US","og_type":"article","og_title":"El fantasma de Pierre M\u00e9chain y el meridiano de Par\u00eds. Domingo 24 de noviembre de 2024 - 10:00 h - Benic\u00e0ssim Turismo","og_description":"Dia: Diumenge 24 de novembre de 2024 (2 sessions: 10 h, 12 h) Lloc: P\u00e0rquing Monestir Desert de les Palmes https:\/\/goo.gl\/maps\/pkyhn3xpnog61qwh6 Duraci\u00f3: 2 hores. Dist\u00e0ncia: 4 km Dificultat: Baixa. P\u00fablic recomanat: p\u00fablic familiar amb lleugera experi\u00e8ncia senderista pr\u00e8via Preu: 5 \u20ac (2,5 \u20ac redu\u00efda) Descripci\u00f3: Poca gent ho sap, per\u00f2 un dels art\u00edfexs del sistema [&hellip;]","og_url":"https:\/\/turismo.benicassim.es\/va\/producte\/el-fantasma-de-pierre-mechain-y-el-meridiano-de-paris-domingo-24-de-noviembre-de-2024-1000-h\/","og_site_name":"Benic\u00e0ssim Turismo","article_modified_time":"2024-11-13T11:00:48+00:00","og_image":[{"width":1772,"height":1182,"url":"https:\/\/turismo.benicassim.es\/wp-content\/uploads\/2024\/07\/Fantasma-Mechain.jpg","type":"image\/jpeg"}],"twitter_card":"summary_large_image","twitter_misc":{"Est. reading time":"1 minute"},"schema":{"@context":"https:\/\/schema.org","@graph":[{"@type":"WebPage","@id":"https:\/\/turismo.benicassim.es\/va\/producte\/el-fantasma-de-pierre-mechain-y-el-meridiano-de-paris-domingo-24-de-noviembre-de-2024-1000-h\/","url":"https:\/\/turismo.benicassim.es\/va\/producte\/el-fantasma-de-pierre-mechain-y-el-meridiano-de-paris-domingo-24-de-noviembre-de-2024-1000-h\/","name":"El fantasma de Pierre M\u00e9chain y el meridiano de Par\u00eds. Domingo 24 de noviembre de 2024 - 10:00 h - Benic\u00e0ssim Turismo","isPartOf":{"@id":"https:\/\/turismo.benicassim.es\/va\/#website"},"primaryImageOfPage":{"@id":"https:\/\/turismo.benicassim.es\/va\/producte\/el-fantasma-de-pierre-mechain-y-el-meridiano-de-paris-domingo-24-de-noviembre-de-2024-1000-h\/#primaryimage"},"image":{"@id":"https:\/\/turismo.benicassim.es\/va\/producte\/el-fantasma-de-pierre-mechain-y-el-meridiano-de-paris-domingo-24-de-noviembre-de-2024-1000-h\/#primaryimage"},"thumbnailUrl":"https:\/\/turismo.benicassim.es\/wp-content\/uploads\/2024\/07\/Fantasma-Mechain.jpg","datePublished":"2024-11-09T11:09:12+00:00","dateModified":"2024-11-13T11:00:48+00:00","breadcrumb":{"@id":"https:\/\/turismo.benicassim.es\/va\/producte\/el-fantasma-de-pierre-mechain-y-el-meridiano-de-paris-domingo-24-de-noviembre-de-2024-1000-h\/#breadcrumb"},"inLanguage":"ca-CA","potentialAction":[{"@type":"ReadAction","target":["https:\/\/turismo.benicassim.es\/va\/producte\/el-fantasma-de-pierre-mechain-y-el-meridiano-de-paris-domingo-24-de-noviembre-de-2024-1000-h\/"]}]},{"@type":"ImageObject","inLanguage":"ca-CA","@id":"https:\/\/turismo.benicassim.es\/va\/producte\/el-fantasma-de-pierre-mechain-y-el-meridiano-de-paris-domingo-24-de-noviembre-de-2024-1000-h\/#primaryimage","url":"https:\/\/turismo.benicassim.es\/wp-content\/uploads\/2024\/07\/Fantasma-Mechain.jpg","contentUrl":"https:\/\/turismo.benicassim.es\/wp-content\/uploads\/2024\/07\/Fantasma-Mechain.jpg","width":1772,"height":1182},{"@type":"BreadcrumbList","@id":"https:\/\/turismo.benicassim.es\/va\/producte\/el-fantasma-de-pierre-mechain-y-el-meridiano-de-paris-domingo-24-de-noviembre-de-2024-1000-h\/#breadcrumb","itemListElement":[{"@type":"ListItem","position":1,"name":"Inicio","item":"https:\/\/turismo.benicassim.es\/va\/"},{"@type":"ListItem","position":2,"name":"Tenda","item":"https:\/\/turismo.benicassim.es\/va\/tenda\/"},{"@type":"ListItem","position":3,"name":"El fantasma de Pierre M\u00e9chain y el meridiano de Par\u00eds. Domingo 24 de noviembre de 2024 &#8211; 10:00 h"}]},{"@type":"WebSite","@id":"https:\/\/turismo.benicassim.es\/va\/#website","url":"https:\/\/turismo.benicassim.es\/va\/","name":"Benic\u00e0ssim Turismo","description":"Web de informaci\u00f3n de Turismo en Benicasim","potentialAction":[{"@type":"SearchAction","target":{"@type":"EntryPoint","urlTemplate":"https:\/\/turismo.benicassim.es\/va\/?s={search_term_string}"},"query-input":{"@type":"PropertyValueSpecification","valueRequired":true,"valueName":"search_term_string"}}],"inLanguage":"ca-CA"}]}},"_links":{"self":[{"href":"https:\/\/turismo.benicassim.es\/va\/wp-json\/wp\/v2\/product\/78870","targetHints":{"allow":["GET"]}}],"collection":[{"href":"https:\/\/turismo.benicassim.es\/va\/wp-json\/wp\/v2\/product"}],"about":[{"href":"https:\/\/turismo.benicassim.es\/va\/wp-json\/wp\/v2\/types\/product"}],"wp:featuredmedia":[{"embeddable":true,"href":"https:\/\/turismo.benicassim.es\/va\/wp-json\/wp\/v2\/media\/77453"}],"wp:attachment":[{"href":"https:\/\/turismo.benicassim.es\/va\/wp-json\/wp\/v2\/media?parent=78870"}],"wp:term":[{"taxonomy":"product_brand","embeddable":true,"href":"https:\/\/turismo.benicassim.es\/va\/wp-json\/wp\/v2\/product_brand?post=78870"},{"taxonomy":"product_cat","embeddable":true,"href":"https:\/\/turismo.benicassim.es\/va\/wp-json\/wp\/v2\/product_cat?post=78870"},{"taxonomy":"product_tag","embeddable":true,"href":"https:\/\/turismo.benicassim.es\/va\/wp-json\/wp\/v2\/product_tag?post=78870"}],"curies":[{"name":"wp","href":"https:\/\/api.w.org\/{rel}","templated":true}]}}