{"id":78898,"date":"2024-11-10T10:03:21","date_gmt":"2024-11-10T09:03:21","guid":{"rendered":"https:\/\/turismo.benicassim.es\/producto\/paisajes-silenciosos-de-santos-y-eremitas-viernes-6-de-diciembre-de-2024-1000-h\/"},"modified":"2024-11-13T12:56:55","modified_gmt":"2024-11-13T11:56:55","slug":"paisajes-silenciosos-de-santos-y-eremitas-viernes-6-de-diciembre-de-2024-1000-h","status":"publish","type":"product","link":"https:\/\/turismo.benicassim.es\/va\/producte\/paisajes-silenciosos-de-santos-y-eremitas-viernes-6-de-diciembre-de-2024-1000-h\/","title":{"rendered":"Paisatges silenciosos de sants i eremites. Divendres 6 de desembre de 2024 &#8211; 10:00 h"},"content":{"rendered":"<p lang=\"ca-ES\"><span style=\"color: #000000;\"><span style=\"font-family: Liberation Serif, serif;\"><span style=\"font-size: medium;\"><b>Dia<\/b>: Divendres 6 de desembre de 2024<\/span><\/span><\/span><\/p>\n<p lang=\"ca-ES\"><span style=\"color: #000000;\"><span style=\"font-family: Liberation Serif, serif;\"><span style=\"font-size: medium;\"><b>Horari<\/b>: 10 h \u2013 13 h<\/span><\/span><\/span><\/p>\n<p lang=\"ca-ES\"><span style=\"color: #000000;\"><span style=\"font-family: Liberation Serif, serif;\"><span style=\"font-size: medium;\"><b>Lloc<\/b><\/span><\/span><\/span><span style=\"color: #000000;\"><span style=\"font-family: Liberation Serif, serif;\"><span style=\"font-size: medium;\">: P\u00e0rquing Mirador Antic Monestir <a href=\"https:\/\/goo.gl\/maps\/xEZLcGjbzczXciSGA\">https:\/\/goo.gl\/maps\/xEZLcGjbzczXciSGA<\/a> <\/span><\/span><\/span><\/p>\n<p lang=\"ca-ES\"><span style=\"color: #000000;\"><span style=\"font-family: Liberation Serif, serif;\"><span style=\"font-size: medium;\"><b>Dist\u00e0ncia<\/b>: 5 km<\/span><\/span><\/span><\/p>\n<p lang=\"ca-ES\"><span style=\"color: #000000;\"><span style=\"font-family: Liberation Serif, serif;\"><span style=\"font-size: medium;\"><b>Dificultat<\/b>: Moderada<\/span><\/span><\/span><\/p>\n<p lang=\"ca-ES\"><span style=\"color: #000000;\"><span style=\"font-family: Liberation Serif, serif;\"><span style=\"font-size: medium;\"><b>Preu<\/b>: 3\u20ac (1,5\u20ac, redu\u00efda)<\/span><\/span><\/span><\/p>\n<p lang=\"ca-ES\"><span style=\"color: #000000;\"><span style=\"font-family: Liberation Serif, serif;\"><span style=\"font-size: medium;\"><b>P\u00fablic recomanat<\/b>: Experi\u00e8ncia senderista pr\u00e8via. Xiquets a partir de 7 anys.<\/span><\/span><\/span><\/p>\n<p lang=\"ca-ES\"><span style=\"color: #000000;\"><span style=\"font-family: Liberation Serif, serif;\"><span style=\"font-size: medium;\"><b>Descripci\u00f3<\/b>: Els paisatges brillantment vermells i verds de les muntanyes de Benic\u00e0ssim creen les m\u00e9s belles postals que van captivar, fa m\u00e9s de tres segles, els austers i erem\u00edtics pares Carmelites. Les roques roges sagrades seran les protagonistes d&#8217;una ruta que comen\u00e7ar\u00e0 i acabar\u00e0 amb l&#8217;esperit\u00a0<\/span><\/span><\/span><span style=\"color: #000000;\"><span style=\"font-family: Liberation Serif, serif;\"><span style=\"font-size: medium;\">carmelit\u00e0 sobrevolant els nostres caps.\u00a0<\/span><\/span><\/span><span style=\"color: #000000;\"><span style=\"font-family: Liberation Serif, serif;\"><span style=\"font-size: medium;\"><span style=\"color: #373737;\">A m\u00e9s, en aquesta visita ens acompanyar\u00e0 un <\/span><span style=\"color: #373737;\"><b>int\u00e8rpret en llengua de signes<\/b><\/span><span style=\"color: #373737;\">, amb la finalitat d&#8217;afavorir la comunicaci\u00f3 entre les persones sordes, amb discapacitat auditiva i sordcegues i les persones o\u00efdores. La necessitat de disposar d&#8217;<\/span><span style=\"color: #373737;\"><b>aquest servei haur\u00e0 de confirmar-se 48 hores abans de la visita.<\/b><\/span><\/span><\/span><\/span><\/p>\n<p lang=\"ca-ES\"><span style=\"color: #000000;\"><span style=\"font-family: Liberation Serif, serif;\"><span style=\"font-size: medium;\"><b>Recomanacions<\/b>: Roba abrigada i cal\u00e7at de muntanya, esmorzar i aigua. No assistir si\u00a0<\/span><\/span><\/span><span style=\"color: #000000;\"><span style=\"font-family: Liberation Serif, serif;\"><span style=\"font-size: medium;\">es t\u00e9 una lesi\u00f3 o malaltia greu o si se n&#8217;est\u00e0 recuperant.<\/span><\/span><\/span><\/p>\n","protected":false},"excerpt":{"rendered":"<p>Dia: Divendres 6 de desembre de 2024 Horari: 10 h \u2013 13 h Lloc: P\u00e0rquing Mirador Antic Monestir https:\/\/goo.gl\/maps\/xEZLcGjbzczXciSGA Dist\u00e0ncia: 5 km Dificultat: Moderada Preu: 3\u20ac (1,5\u20ac, redu\u00efda) P\u00fablic recomanat: Experi\u00e8ncia senderista pr\u00e8via. Xiquets a partir de 7 anys. Descripci\u00f3: Els paisatges brillantment vermells i verds de les muntanyes de Benic\u00e0ssim creen les m\u00e9s belles [&hellip;]<\/p>\n","protected":false},"featured_media":77977,"template":"","meta":{"_acf_changed":false},"product_brand":[],"product_cat":[1312],"product_tag":[496,497,607,1104,729,760,739,551,681,623,1148,1041,624],"class_list":{"0":"post-78898","1":"product","2":"type-product","3":"status-publish","4":"has-post-thumbnail","6":"product_cat-paisatges-silenciosos-de-sants-i-eremites","7":"product_tag-benicasim-va","8":"product_tag-benicassim-va","9":"product_tag-benicassim-guided-tours-va","10":"product_tag-desert-de-les-palmes-va","11":"product_tag-programa-oficial-de-visitas-guiadas-benicasim-va","12":"product_tag-programa-oficial-de-visitas-guiadas-benicassim-va","13":"product_tag-programa-oficial-de-visites-guiades-benicassim-va","14":"product_tag-programa-oficial-visitas-guiadas-benicasim-va","15":"product_tag-rutas-guiadas-benicasim-va","16":"product_tag-rutas-guiadas-benicassim-va","17":"product_tag-senderismo-va","18":"product_tag-visita-lengua-de-signos-va","19":"product_tag-visites-guiades-en-benicassim-va","21":"first","22":"instock","23":"shipping-taxable","24":"purchasable","25":"product-type-variable"},"acf":[],"yoast_head":"<!-- This site is optimized with the Yoast SEO plugin v27.4 - https:\/\/yoast.com\/product\/yoast-seo-wordpress\/ -->\n<title>Paisatges silenciosos de sants i eremites. Divendres 6 de desembre de 2024 - 10:00 h - Benic\u00e0ssim Turismo<\/title>\n<meta name=\"robots\" content=\"index, follow, max-snippet:-1, max-image-preview:large, max-video-preview:-1\" \/>\n<link rel=\"canonical\" href=\"https:\/\/turismo.benicassim.es\/va\/producte\/paisajes-silenciosos-de-santos-y-eremitas-viernes-6-de-diciembre-de-2024-1000-h\/\" \/>\n<meta property=\"og:locale\" content=\"en_US\" \/>\n<meta property=\"og:type\" content=\"article\" \/>\n<meta property=\"og:title\" content=\"Paisatges silenciosos de sants i eremites. Divendres 6 de desembre de 2024 - 10:00 h - Benic\u00e0ssim Turismo\" \/>\n<meta property=\"og:description\" content=\"Dia: Divendres 6 de desembre de 2024 Horari: 10 h \u2013 13 h Lloc: P\u00e0rquing Mirador Antic Monestir https:\/\/goo.gl\/maps\/xEZLcGjbzczXciSGA Dist\u00e0ncia: 5 km Dificultat: Moderada Preu: 3\u20ac (1,5\u20ac, redu\u00efda) P\u00fablic recomanat: Experi\u00e8ncia senderista pr\u00e8via. Xiquets a partir de 7 anys. Descripci\u00f3: Els paisatges brillantment vermells i verds de les muntanyes de Benic\u00e0ssim creen les m\u00e9s belles [&hellip;]\" \/>\n<meta property=\"og:url\" content=\"https:\/\/turismo.benicassim.es\/va\/producte\/paisajes-silenciosos-de-santos-y-eremitas-viernes-6-de-diciembre-de-2024-1000-h\/\" \/>\n<meta property=\"og:site_name\" content=\"Benic\u00e0ssim Turismo\" \/>\n<meta property=\"article:modified_time\" content=\"2024-11-13T11:56:55+00:00\" \/>\n<meta property=\"og:image\" content=\"https:\/\/turismo.benicassim.es\/wp-content\/uploads\/2024\/08\/28.-Paisajes-silenciosos-de-santos-y-eremitas-scaled.jpg\" \/>\n\t<meta property=\"og:image:width\" content=\"2560\" \/>\n\t<meta property=\"og:image:height\" content=\"1707\" \/>\n\t<meta property=\"og:image:type\" content=\"image\/jpeg\" \/>\n<meta name=\"twitter:card\" content=\"summary_large_image\" \/>\n<meta name=\"twitter:label1\" content=\"Est. reading time\" \/>\n\t<meta name=\"twitter:data1\" content=\"1 minute\" \/>\n<script type=\"application\/ld+json\" class=\"yoast-schema-graph\">{\"@context\":\"https:\\\/\\\/schema.org\",\"@graph\":[{\"@type\":\"WebPage\",\"@id\":\"https:\\\/\\\/turismo.benicassim.es\\\/va\\\/producte\\\/paisajes-silenciosos-de-santos-y-eremitas-viernes-6-de-diciembre-de-2024-1000-h\\\/\",\"url\":\"https:\\\/\\\/turismo.benicassim.es\\\/va\\\/producte\\\/paisajes-silenciosos-de-santos-y-eremitas-viernes-6-de-diciembre-de-2024-1000-h\\\/\",\"name\":\"Paisatges silenciosos de sants i eremites. Divendres 6 de desembre de 2024 - 10:00 h - Benic\u00e0ssim Turismo\",\"isPartOf\":{\"@id\":\"https:\\\/\\\/turismo.benicassim.es\\\/va\\\/#website\"},\"primaryImageOfPage\":{\"@id\":\"https:\\\/\\\/turismo.benicassim.es\\\/va\\\/producte\\\/paisajes-silenciosos-de-santos-y-eremitas-viernes-6-de-diciembre-de-2024-1000-h\\\/#primaryimage\"},\"image\":{\"@id\":\"https:\\\/\\\/turismo.benicassim.es\\\/va\\\/producte\\\/paisajes-silenciosos-de-santos-y-eremitas-viernes-6-de-diciembre-de-2024-1000-h\\\/#primaryimage\"},\"thumbnailUrl\":\"https:\\\/\\\/turismo.benicassim.es\\\/wp-content\\\/uploads\\\/2024\\\/08\\\/28.-Paisajes-silenciosos-de-santos-y-eremitas-scaled.jpg\",\"datePublished\":\"2024-11-10T09:03:21+00:00\",\"dateModified\":\"2024-11-13T11:56:55+00:00\",\"breadcrumb\":{\"@id\":\"https:\\\/\\\/turismo.benicassim.es\\\/va\\\/producte\\\/paisajes-silenciosos-de-santos-y-eremitas-viernes-6-de-diciembre-de-2024-1000-h\\\/#breadcrumb\"},\"inLanguage\":\"ca-CA\",\"potentialAction\":[{\"@type\":\"ReadAction\",\"target\":[\"https:\\\/\\\/turismo.benicassim.es\\\/va\\\/producte\\\/paisajes-silenciosos-de-santos-y-eremitas-viernes-6-de-diciembre-de-2024-1000-h\\\/\"]}]},{\"@type\":\"ImageObject\",\"inLanguage\":\"ca-CA\",\"@id\":\"https:\\\/\\\/turismo.benicassim.es\\\/va\\\/producte\\\/paisajes-silenciosos-de-santos-y-eremitas-viernes-6-de-diciembre-de-2024-1000-h\\\/#primaryimage\",\"url\":\"https:\\\/\\\/turismo.benicassim.es\\\/wp-content\\\/uploads\\\/2024\\\/08\\\/28.-Paisajes-silenciosos-de-santos-y-eremitas-scaled.jpg\",\"contentUrl\":\"https:\\\/\\\/turismo.benicassim.es\\\/wp-content\\\/uploads\\\/2024\\\/08\\\/28.-Paisajes-silenciosos-de-santos-y-eremitas-scaled.jpg\",\"width\":2560,\"height\":1707},{\"@type\":\"BreadcrumbList\",\"@id\":\"https:\\\/\\\/turismo.benicassim.es\\\/va\\\/producte\\\/paisajes-silenciosos-de-santos-y-eremitas-viernes-6-de-diciembre-de-2024-1000-h\\\/#breadcrumb\",\"itemListElement\":[{\"@type\":\"ListItem\",\"position\":1,\"name\":\"Inicio\",\"item\":\"https:\\\/\\\/turismo.benicassim.es\\\/va\\\/\"},{\"@type\":\"ListItem\",\"position\":2,\"name\":\"Tenda\",\"item\":\"https:\\\/\\\/turismo.benicassim.es\\\/va\\\/tenda\\\/\"},{\"@type\":\"ListItem\",\"position\":3,\"name\":\"Paisatges silenciosos de sants i eremites. Divendres 6 de desembre de 2024 &#8211; 10:00 h\"}]},{\"@type\":\"WebSite\",\"@id\":\"https:\\\/\\\/turismo.benicassim.es\\\/va\\\/#website\",\"url\":\"https:\\\/\\\/turismo.benicassim.es\\\/va\\\/\",\"name\":\"Benic\u00e0ssim Turismo\",\"description\":\"Web de informaci\u00f3n de Turismo en Benicasim\",\"potentialAction\":[{\"@type\":\"SearchAction\",\"target\":{\"@type\":\"EntryPoint\",\"urlTemplate\":\"https:\\\/\\\/turismo.benicassim.es\\\/va\\\/?s={search_term_string}\"},\"query-input\":{\"@type\":\"PropertyValueSpecification\",\"valueRequired\":true,\"valueName\":\"search_term_string\"}}],\"inLanguage\":\"ca-CA\"}]}<\/script>\n<!-- \/ Yoast SEO plugin. -->","yoast_head_json":{"title":"Paisatges silenciosos de sants i eremites. Divendres 6 de desembre de 2024 - 10:00 h - Benic\u00e0ssim Turismo","robots":{"index":"index","follow":"follow","max-snippet":"max-snippet:-1","max-image-preview":"max-image-preview:large","max-video-preview":"max-video-preview:-1"},"canonical":"https:\/\/turismo.benicassim.es\/va\/producte\/paisajes-silenciosos-de-santos-y-eremitas-viernes-6-de-diciembre-de-2024-1000-h\/","og_locale":"en_US","og_type":"article","og_title":"Paisatges silenciosos de sants i eremites. Divendres 6 de desembre de 2024 - 10:00 h - Benic\u00e0ssim Turismo","og_description":"Dia: Divendres 6 de desembre de 2024 Horari: 10 h \u2013 13 h Lloc: P\u00e0rquing Mirador Antic Monestir https:\/\/goo.gl\/maps\/xEZLcGjbzczXciSGA Dist\u00e0ncia: 5 km Dificultat: Moderada Preu: 3\u20ac (1,5\u20ac, redu\u00efda) P\u00fablic recomanat: Experi\u00e8ncia senderista pr\u00e8via. Xiquets a partir de 7 anys. Descripci\u00f3: Els paisatges brillantment vermells i verds de les muntanyes de Benic\u00e0ssim creen les m\u00e9s belles [&hellip;]","og_url":"https:\/\/turismo.benicassim.es\/va\/producte\/paisajes-silenciosos-de-santos-y-eremitas-viernes-6-de-diciembre-de-2024-1000-h\/","og_site_name":"Benic\u00e0ssim Turismo","article_modified_time":"2024-11-13T11:56:55+00:00","og_image":[{"width":2560,"height":1707,"url":"https:\/\/turismo.benicassim.es\/wp-content\/uploads\/2024\/08\/28.-Paisajes-silenciosos-de-santos-y-eremitas-scaled.jpg","type":"image\/jpeg"}],"twitter_card":"summary_large_image","twitter_misc":{"Est. reading time":"1 minute"},"schema":{"@context":"https:\/\/schema.org","@graph":[{"@type":"WebPage","@id":"https:\/\/turismo.benicassim.es\/va\/producte\/paisajes-silenciosos-de-santos-y-eremitas-viernes-6-de-diciembre-de-2024-1000-h\/","url":"https:\/\/turismo.benicassim.es\/va\/producte\/paisajes-silenciosos-de-santos-y-eremitas-viernes-6-de-diciembre-de-2024-1000-h\/","name":"Paisatges silenciosos de sants i eremites. Divendres 6 de desembre de 2024 - 10:00 h - Benic\u00e0ssim Turismo","isPartOf":{"@id":"https:\/\/turismo.benicassim.es\/va\/#website"},"primaryImageOfPage":{"@id":"https:\/\/turismo.benicassim.es\/va\/producte\/paisajes-silenciosos-de-santos-y-eremitas-viernes-6-de-diciembre-de-2024-1000-h\/#primaryimage"},"image":{"@id":"https:\/\/turismo.benicassim.es\/va\/producte\/paisajes-silenciosos-de-santos-y-eremitas-viernes-6-de-diciembre-de-2024-1000-h\/#primaryimage"},"thumbnailUrl":"https:\/\/turismo.benicassim.es\/wp-content\/uploads\/2024\/08\/28.-Paisajes-silenciosos-de-santos-y-eremitas-scaled.jpg","datePublished":"2024-11-10T09:03:21+00:00","dateModified":"2024-11-13T11:56:55+00:00","breadcrumb":{"@id":"https:\/\/turismo.benicassim.es\/va\/producte\/paisajes-silenciosos-de-santos-y-eremitas-viernes-6-de-diciembre-de-2024-1000-h\/#breadcrumb"},"inLanguage":"ca-CA","potentialAction":[{"@type":"ReadAction","target":["https:\/\/turismo.benicassim.es\/va\/producte\/paisajes-silenciosos-de-santos-y-eremitas-viernes-6-de-diciembre-de-2024-1000-h\/"]}]},{"@type":"ImageObject","inLanguage":"ca-CA","@id":"https:\/\/turismo.benicassim.es\/va\/producte\/paisajes-silenciosos-de-santos-y-eremitas-viernes-6-de-diciembre-de-2024-1000-h\/#primaryimage","url":"https:\/\/turismo.benicassim.es\/wp-content\/uploads\/2024\/08\/28.-Paisajes-silenciosos-de-santos-y-eremitas-scaled.jpg","contentUrl":"https:\/\/turismo.benicassim.es\/wp-content\/uploads\/2024\/08\/28.-Paisajes-silenciosos-de-santos-y-eremitas-scaled.jpg","width":2560,"height":1707},{"@type":"BreadcrumbList","@id":"https:\/\/turismo.benicassim.es\/va\/producte\/paisajes-silenciosos-de-santos-y-eremitas-viernes-6-de-diciembre-de-2024-1000-h\/#breadcrumb","itemListElement":[{"@type":"ListItem","position":1,"name":"Inicio","item":"https:\/\/turismo.benicassim.es\/va\/"},{"@type":"ListItem","position":2,"name":"Tenda","item":"https:\/\/turismo.benicassim.es\/va\/tenda\/"},{"@type":"ListItem","position":3,"name":"Paisatges silenciosos de sants i eremites. Divendres 6 de desembre de 2024 &#8211; 10:00 h"}]},{"@type":"WebSite","@id":"https:\/\/turismo.benicassim.es\/va\/#website","url":"https:\/\/turismo.benicassim.es\/va\/","name":"Benic\u00e0ssim Turismo","description":"Web de informaci\u00f3n de Turismo en Benicasim","potentialAction":[{"@type":"SearchAction","target":{"@type":"EntryPoint","urlTemplate":"https:\/\/turismo.benicassim.es\/va\/?s={search_term_string}"},"query-input":{"@type":"PropertyValueSpecification","valueRequired":true,"valueName":"search_term_string"}}],"inLanguage":"ca-CA"}]}},"_links":{"self":[{"href":"https:\/\/turismo.benicassim.es\/va\/wp-json\/wp\/v2\/product\/78898","targetHints":{"allow":["GET"]}}],"collection":[{"href":"https:\/\/turismo.benicassim.es\/va\/wp-json\/wp\/v2\/product"}],"about":[{"href":"https:\/\/turismo.benicassim.es\/va\/wp-json\/wp\/v2\/types\/product"}],"wp:featuredmedia":[{"embeddable":true,"href":"https:\/\/turismo.benicassim.es\/va\/wp-json\/wp\/v2\/media\/77977"}],"wp:attachment":[{"href":"https:\/\/turismo.benicassim.es\/va\/wp-json\/wp\/v2\/media?parent=78898"}],"wp:term":[{"taxonomy":"product_brand","embeddable":true,"href":"https:\/\/turismo.benicassim.es\/va\/wp-json\/wp\/v2\/product_brand?post=78898"},{"taxonomy":"product_cat","embeddable":true,"href":"https:\/\/turismo.benicassim.es\/va\/wp-json\/wp\/v2\/product_cat?post=78898"},{"taxonomy":"product_tag","embeddable":true,"href":"https:\/\/turismo.benicassim.es\/va\/wp-json\/wp\/v2\/product_tag?post=78898"}],"curies":[{"name":"wp","href":"https:\/\/api.w.org\/{rel}","templated":true}]}}