{"id":79177,"date":"2024-11-25T14:10:27","date_gmt":"2024-11-25T13:10:27","guid":{"rendered":"https:\/\/turismo.benicassim.es\/producto\/el-tesoro-de-la-torre-de-sant-vicent-sabado-28-de-diciembre-de-2024-1200-h\/"},"modified":"2024-11-26T11:26:02","modified_gmt":"2024-11-26T10:26:02","slug":"el-tesoro-de-la-torre-de-sant-vicent-sabado-28-de-diciembre-de-2024-1200-h","status":"publish","type":"product","link":"https:\/\/turismo.benicassim.es\/va\/producte\/el-tesoro-de-la-torre-de-sant-vicent-sabado-28-de-diciembre-de-2024-1200-h\/","title":{"rendered":"El Tresor de la Torre de Sant Vicent. Dissabte 28 de desembre de 2024 &#8211; 12:00 h"},"content":{"rendered":"<p><span style=\"font-family: Liberation Serif, serif;\"><span style=\"font-size: medium;\"><span style=\"color: #373737;\"><b>Dissabte 28 de desembre a les 12:00 h<\/b><\/span><\/span><\/span><\/p>\n<p><span style=\"font-family: Liberation Serif, serif;\"><span style=\"font-size: medium;\"><span style=\"color: #373737;\"><b>Lloc<\/b><\/span><span style=\"color: #373737;\">: Torre de Sant Vicent https:\/\/goo.gl\/maps\/vzxsk1ysj4o9ms617<\/span><br \/>\n<span style=\"color: #373737;\"><b>Duraci\u00f3<\/b><\/span><span style=\"color: #373737;\">: 45 minuts.<\/span><br \/>\n<span style=\"color: #373737;\"><b>Dist\u00e0ncia<\/b><\/span><span style=\"color: #373737;\">: Voltants de la Torre.<\/span><br \/>\n<span style=\"color: #373737;\"><b>Dificultat<\/b><\/span><span style=\"color: #373737;\">: Baixa.<\/span><br \/>\n<span style=\"color: #373737;\"><b>Preu redu\u00eft: <\/b><\/span><span style=\"color: #373737;\">2,50 \u20ac<\/span><br \/>\n<span style=\"color: #373737;\"><b>Descripci\u00f3<\/b><\/span><span style=\"color: #373737;\">: Est\u00e0s preparat per a gaudir d&#8217;una aut\u00e8ntica aventura pirata? Si \u00e9s aix\u00ed, no et perdes aquesta fant\u00e0stica activitat dissenyada per als m\u00e9s xicotets de la casa. Un joc en el qual, a m\u00e9s de con\u00e9ixer la hist\u00f2ria i caracter\u00edstiques de la Torre de Sant Vicent, ens divertirem desxifrant els plans per a trobar un valu\u00f3s tresor. Per\u00f2, tranquils! Perqu\u00e8, per a aix\u00f2, comptarem amb l&#8217;ajuda d&#8217;una parella de pirates que, despr\u00e9s de diversos segles, creuen haver descobert la clau per a recuperar el bot\u00ed. No t&#8217;ho perdes!<\/span><br \/>\n<span style=\"color: #373737;\"><b>Observacions<\/b><\/span><span style=\"color: #373737;\">: <\/span><span style=\"color: #f44336;\"><b>Xiquets entre 5 i 10 anys. A l&#8217;activitat nom\u00e9s s&#8217;han d&#8217;inscriure els xiquets. Els pares NO participen en l&#8217;activitat.<\/b><\/span><\/span><\/span><\/p>\n","protected":false},"excerpt":{"rendered":"<p>Dissabte 28 de desembre a les 12:00 h Lloc: Torre de Sant Vicent https:\/\/goo.gl\/maps\/vzxsk1ysj4o9ms617 Duraci\u00f3: 45 minuts. Dist\u00e0ncia: Voltants de la Torre. Dificultat: Baixa. Preu redu\u00eft: 2,50 \u20ac Descripci\u00f3: Est\u00e0s preparat per a gaudir d&#8217;una aut\u00e8ntica aventura pirata? Si \u00e9s aix\u00ed, no et perdes aquesta fant\u00e0stica activitat dissenyada per als m\u00e9s xicotets de la casa. [&hellip;]<\/p>\n","protected":false},"featured_media":79178,"template":"","meta":{"_acf_changed":false},"product_brand":[],"product_cat":[387],"product_tag":[647,1088,649,496,497,311,1392,1393,1394,982],"class_list":{"0":"post-79177","1":"product","2":"type-product","3":"status-publish","4":"has-post-thumbnail","6":"product_cat-el-tesoro-de-la-torre-de-sant-vicent-va","7":"product_tag-actividades-con-ninos-en-benicasim-va","8":"product_tag-actividades-familiares-en-benicasim-va","9":"product_tag-activitats-amb-xiquets-a-benicassim-va","10":"product_tag-benicasim-va","11":"product_tag-benicassim-va","12":"product_tag-benicassim-kids-va","13":"product_tag-christmas-va","14":"product_tag-nadal-va","15":"product_tag-navidad-va","16":"product_tag-torre-de-sant-vicent-va","18":"first","19":"instock","20":"shipping-taxable","21":"purchasable","22":"product-type-variable"},"acf":[],"yoast_head":"<!-- This site is optimized with the Yoast SEO plugin v27.4 - https:\/\/yoast.com\/product\/yoast-seo-wordpress\/ -->\n<title>El Tresor de la Torre de Sant Vicent. Dissabte 28 de desembre de 2024 - 12:00 h - Benic\u00e0ssim Turismo<\/title>\n<meta name=\"robots\" content=\"index, follow, max-snippet:-1, max-image-preview:large, max-video-preview:-1\" \/>\n<link rel=\"canonical\" href=\"https:\/\/turismo.benicassim.es\/va\/producte\/el-tesoro-de-la-torre-de-sant-vicent-sabado-28-de-diciembre-de-2024-1200-h\/\" \/>\n<meta property=\"og:locale\" content=\"en_US\" \/>\n<meta property=\"og:type\" content=\"article\" \/>\n<meta property=\"og:title\" content=\"El Tresor de la Torre de Sant Vicent. Dissabte 28 de desembre de 2024 - 12:00 h - Benic\u00e0ssim Turismo\" \/>\n<meta property=\"og:description\" content=\"Dissabte 28 de desembre a les 12:00 h Lloc: Torre de Sant Vicent https:\/\/goo.gl\/maps\/vzxsk1ysj4o9ms617 Duraci\u00f3: 45 minuts. Dist\u00e0ncia: Voltants de la Torre. Dificultat: Baixa. Preu redu\u00eft: 2,50 \u20ac Descripci\u00f3: Est\u00e0s preparat per a gaudir d&#8217;una aut\u00e8ntica aventura pirata? Si \u00e9s aix\u00ed, no et perdes aquesta fant\u00e0stica activitat dissenyada per als m\u00e9s xicotets de la casa. [&hellip;]\" \/>\n<meta property=\"og:url\" content=\"https:\/\/turismo.benicassim.es\/va\/producte\/el-tesoro-de-la-torre-de-sant-vicent-sabado-28-de-diciembre-de-2024-1200-h\/\" \/>\n<meta property=\"og:site_name\" content=\"Benic\u00e0ssim Turismo\" \/>\n<meta property=\"article:modified_time\" content=\"2024-11-26T10:26:02+00:00\" \/>\n<meta property=\"og:image\" content=\"https:\/\/turismo.benicassim.es\/wp-content\/uploads\/2024\/11\/PIRATAS-28-DE-DICIEMBRE-scaled.jpg\" \/>\n\t<meta property=\"og:image:width\" content=\"1811\" \/>\n\t<meta property=\"og:image:height\" content=\"2560\" \/>\n\t<meta property=\"og:image:type\" content=\"image\/jpeg\" \/>\n<meta name=\"twitter:card\" content=\"summary_large_image\" \/>\n<meta name=\"twitter:label1\" content=\"Est. reading time\" \/>\n\t<meta name=\"twitter:data1\" content=\"1 minute\" \/>\n<script type=\"application\/ld+json\" class=\"yoast-schema-graph\">{\"@context\":\"https:\\\/\\\/schema.org\",\"@graph\":[{\"@type\":\"WebPage\",\"@id\":\"https:\\\/\\\/turismo.benicassim.es\\\/va\\\/producte\\\/el-tesoro-de-la-torre-de-sant-vicent-sabado-28-de-diciembre-de-2024-1200-h\\\/\",\"url\":\"https:\\\/\\\/turismo.benicassim.es\\\/va\\\/producte\\\/el-tesoro-de-la-torre-de-sant-vicent-sabado-28-de-diciembre-de-2024-1200-h\\\/\",\"name\":\"El Tresor de la Torre de Sant Vicent. Dissabte 28 de desembre de 2024 - 12:00 h - Benic\u00e0ssim Turismo\",\"isPartOf\":{\"@id\":\"https:\\\/\\\/turismo.benicassim.es\\\/va\\\/#website\"},\"primaryImageOfPage\":{\"@id\":\"https:\\\/\\\/turismo.benicassim.es\\\/va\\\/producte\\\/el-tesoro-de-la-torre-de-sant-vicent-sabado-28-de-diciembre-de-2024-1200-h\\\/#primaryimage\"},\"image\":{\"@id\":\"https:\\\/\\\/turismo.benicassim.es\\\/va\\\/producte\\\/el-tesoro-de-la-torre-de-sant-vicent-sabado-28-de-diciembre-de-2024-1200-h\\\/#primaryimage\"},\"thumbnailUrl\":\"https:\\\/\\\/turismo.benicassim.es\\\/wp-content\\\/uploads\\\/2024\\\/11\\\/PIRATAS-28-DE-DICIEMBRE-scaled.jpg\",\"datePublished\":\"2024-11-25T13:10:27+00:00\",\"dateModified\":\"2024-11-26T10:26:02+00:00\",\"breadcrumb\":{\"@id\":\"https:\\\/\\\/turismo.benicassim.es\\\/va\\\/producte\\\/el-tesoro-de-la-torre-de-sant-vicent-sabado-28-de-diciembre-de-2024-1200-h\\\/#breadcrumb\"},\"inLanguage\":\"ca-CA\",\"potentialAction\":[{\"@type\":\"ReadAction\",\"target\":[\"https:\\\/\\\/turismo.benicassim.es\\\/va\\\/producte\\\/el-tesoro-de-la-torre-de-sant-vicent-sabado-28-de-diciembre-de-2024-1200-h\\\/\"]}]},{\"@type\":\"ImageObject\",\"inLanguage\":\"ca-CA\",\"@id\":\"https:\\\/\\\/turismo.benicassim.es\\\/va\\\/producte\\\/el-tesoro-de-la-torre-de-sant-vicent-sabado-28-de-diciembre-de-2024-1200-h\\\/#primaryimage\",\"url\":\"https:\\\/\\\/turismo.benicassim.es\\\/wp-content\\\/uploads\\\/2024\\\/11\\\/PIRATAS-28-DE-DICIEMBRE-scaled.jpg\",\"contentUrl\":\"https:\\\/\\\/turismo.benicassim.es\\\/wp-content\\\/uploads\\\/2024\\\/11\\\/PIRATAS-28-DE-DICIEMBRE-scaled.jpg\",\"width\":1811,\"height\":2560},{\"@type\":\"BreadcrumbList\",\"@id\":\"https:\\\/\\\/turismo.benicassim.es\\\/va\\\/producte\\\/el-tesoro-de-la-torre-de-sant-vicent-sabado-28-de-diciembre-de-2024-1200-h\\\/#breadcrumb\",\"itemListElement\":[{\"@type\":\"ListItem\",\"position\":1,\"name\":\"Inicio\",\"item\":\"https:\\\/\\\/turismo.benicassim.es\\\/va\\\/\"},{\"@type\":\"ListItem\",\"position\":2,\"name\":\"Tenda\",\"item\":\"https:\\\/\\\/turismo.benicassim.es\\\/va\\\/tenda\\\/\"},{\"@type\":\"ListItem\",\"position\":3,\"name\":\"El Tresor de la Torre de Sant Vicent. Dissabte 28 de desembre de 2024 &#8211; 12:00 h\"}]},{\"@type\":\"WebSite\",\"@id\":\"https:\\\/\\\/turismo.benicassim.es\\\/va\\\/#website\",\"url\":\"https:\\\/\\\/turismo.benicassim.es\\\/va\\\/\",\"name\":\"Benic\u00e0ssim Turismo\",\"description\":\"Web de informaci\u00f3n de Turismo en Benicasim\",\"potentialAction\":[{\"@type\":\"SearchAction\",\"target\":{\"@type\":\"EntryPoint\",\"urlTemplate\":\"https:\\\/\\\/turismo.benicassim.es\\\/va\\\/?s={search_term_string}\"},\"query-input\":{\"@type\":\"PropertyValueSpecification\",\"valueRequired\":true,\"valueName\":\"search_term_string\"}}],\"inLanguage\":\"ca-CA\"}]}<\/script>\n<!-- \/ Yoast SEO plugin. -->","yoast_head_json":{"title":"El Tresor de la Torre de Sant Vicent. Dissabte 28 de desembre de 2024 - 12:00 h - Benic\u00e0ssim Turismo","robots":{"index":"index","follow":"follow","max-snippet":"max-snippet:-1","max-image-preview":"max-image-preview:large","max-video-preview":"max-video-preview:-1"},"canonical":"https:\/\/turismo.benicassim.es\/va\/producte\/el-tesoro-de-la-torre-de-sant-vicent-sabado-28-de-diciembre-de-2024-1200-h\/","og_locale":"en_US","og_type":"article","og_title":"El Tresor de la Torre de Sant Vicent. Dissabte 28 de desembre de 2024 - 12:00 h - Benic\u00e0ssim Turismo","og_description":"Dissabte 28 de desembre a les 12:00 h Lloc: Torre de Sant Vicent https:\/\/goo.gl\/maps\/vzxsk1ysj4o9ms617 Duraci\u00f3: 45 minuts. Dist\u00e0ncia: Voltants de la Torre. Dificultat: Baixa. Preu redu\u00eft: 2,50 \u20ac Descripci\u00f3: Est\u00e0s preparat per a gaudir d&#8217;una aut\u00e8ntica aventura pirata? Si \u00e9s aix\u00ed, no et perdes aquesta fant\u00e0stica activitat dissenyada per als m\u00e9s xicotets de la casa. [&hellip;]","og_url":"https:\/\/turismo.benicassim.es\/va\/producte\/el-tesoro-de-la-torre-de-sant-vicent-sabado-28-de-diciembre-de-2024-1200-h\/","og_site_name":"Benic\u00e0ssim Turismo","article_modified_time":"2024-11-26T10:26:02+00:00","og_image":[{"width":1811,"height":2560,"url":"https:\/\/turismo.benicassim.es\/wp-content\/uploads\/2024\/11\/PIRATAS-28-DE-DICIEMBRE-scaled.jpg","type":"image\/jpeg"}],"twitter_card":"summary_large_image","twitter_misc":{"Est. reading time":"1 minute"},"schema":{"@context":"https:\/\/schema.org","@graph":[{"@type":"WebPage","@id":"https:\/\/turismo.benicassim.es\/va\/producte\/el-tesoro-de-la-torre-de-sant-vicent-sabado-28-de-diciembre-de-2024-1200-h\/","url":"https:\/\/turismo.benicassim.es\/va\/producte\/el-tesoro-de-la-torre-de-sant-vicent-sabado-28-de-diciembre-de-2024-1200-h\/","name":"El Tresor de la Torre de Sant Vicent. Dissabte 28 de desembre de 2024 - 12:00 h - Benic\u00e0ssim Turismo","isPartOf":{"@id":"https:\/\/turismo.benicassim.es\/va\/#website"},"primaryImageOfPage":{"@id":"https:\/\/turismo.benicassim.es\/va\/producte\/el-tesoro-de-la-torre-de-sant-vicent-sabado-28-de-diciembre-de-2024-1200-h\/#primaryimage"},"image":{"@id":"https:\/\/turismo.benicassim.es\/va\/producte\/el-tesoro-de-la-torre-de-sant-vicent-sabado-28-de-diciembre-de-2024-1200-h\/#primaryimage"},"thumbnailUrl":"https:\/\/turismo.benicassim.es\/wp-content\/uploads\/2024\/11\/PIRATAS-28-DE-DICIEMBRE-scaled.jpg","datePublished":"2024-11-25T13:10:27+00:00","dateModified":"2024-11-26T10:26:02+00:00","breadcrumb":{"@id":"https:\/\/turismo.benicassim.es\/va\/producte\/el-tesoro-de-la-torre-de-sant-vicent-sabado-28-de-diciembre-de-2024-1200-h\/#breadcrumb"},"inLanguage":"ca-CA","potentialAction":[{"@type":"ReadAction","target":["https:\/\/turismo.benicassim.es\/va\/producte\/el-tesoro-de-la-torre-de-sant-vicent-sabado-28-de-diciembre-de-2024-1200-h\/"]}]},{"@type":"ImageObject","inLanguage":"ca-CA","@id":"https:\/\/turismo.benicassim.es\/va\/producte\/el-tesoro-de-la-torre-de-sant-vicent-sabado-28-de-diciembre-de-2024-1200-h\/#primaryimage","url":"https:\/\/turismo.benicassim.es\/wp-content\/uploads\/2024\/11\/PIRATAS-28-DE-DICIEMBRE-scaled.jpg","contentUrl":"https:\/\/turismo.benicassim.es\/wp-content\/uploads\/2024\/11\/PIRATAS-28-DE-DICIEMBRE-scaled.jpg","width":1811,"height":2560},{"@type":"BreadcrumbList","@id":"https:\/\/turismo.benicassim.es\/va\/producte\/el-tesoro-de-la-torre-de-sant-vicent-sabado-28-de-diciembre-de-2024-1200-h\/#breadcrumb","itemListElement":[{"@type":"ListItem","position":1,"name":"Inicio","item":"https:\/\/turismo.benicassim.es\/va\/"},{"@type":"ListItem","position":2,"name":"Tenda","item":"https:\/\/turismo.benicassim.es\/va\/tenda\/"},{"@type":"ListItem","position":3,"name":"El Tresor de la Torre de Sant Vicent. Dissabte 28 de desembre de 2024 &#8211; 12:00 h"}]},{"@type":"WebSite","@id":"https:\/\/turismo.benicassim.es\/va\/#website","url":"https:\/\/turismo.benicassim.es\/va\/","name":"Benic\u00e0ssim Turismo","description":"Web de informaci\u00f3n de Turismo en Benicasim","potentialAction":[{"@type":"SearchAction","target":{"@type":"EntryPoint","urlTemplate":"https:\/\/turismo.benicassim.es\/va\/?s={search_term_string}"},"query-input":{"@type":"PropertyValueSpecification","valueRequired":true,"valueName":"search_term_string"}}],"inLanguage":"ca-CA"}]}},"_links":{"self":[{"href":"https:\/\/turismo.benicassim.es\/va\/wp-json\/wp\/v2\/product\/79177","targetHints":{"allow":["GET"]}}],"collection":[{"href":"https:\/\/turismo.benicassim.es\/va\/wp-json\/wp\/v2\/product"}],"about":[{"href":"https:\/\/turismo.benicassim.es\/va\/wp-json\/wp\/v2\/types\/product"}],"wp:featuredmedia":[{"embeddable":true,"href":"https:\/\/turismo.benicassim.es\/va\/wp-json\/wp\/v2\/media\/79178"}],"wp:attachment":[{"href":"https:\/\/turismo.benicassim.es\/va\/wp-json\/wp\/v2\/media?parent=79177"}],"wp:term":[{"taxonomy":"product_brand","embeddable":true,"href":"https:\/\/turismo.benicassim.es\/va\/wp-json\/wp\/v2\/product_brand?post=79177"},{"taxonomy":"product_cat","embeddable":true,"href":"https:\/\/turismo.benicassim.es\/va\/wp-json\/wp\/v2\/product_cat?post=79177"},{"taxonomy":"product_tag","embeddable":true,"href":"https:\/\/turismo.benicassim.es\/va\/wp-json\/wp\/v2\/product_tag?post=79177"}],"curies":[{"name":"wp","href":"https:\/\/api.w.org\/{rel}","templated":true}]}}