{"id":80290,"date":"2025-02-24T14:45:59","date_gmt":"2025-02-24T13:45:59","guid":{"rendered":"https:\/\/turismo.benicassim.es\/producto\/un-gran-abrazo-a-las-agujas-de-santa-agueda-sabado-8-de-marzo-de-2025\/"},"modified":"2025-03-06T16:52:09","modified_gmt":"2025-03-06T15:52:09","slug":"un-gran-abrazo-a-las-agujas-de-santa-agueda-sabado-8-de-marzo-de-2025","status":"publish","type":"product","link":"https:\/\/turismo.benicassim.es\/va\/producte\/un-gran-abrazo-a-las-agujas-de-santa-agueda-sabado-8-de-marzo-de-2025\/","title":{"rendered":"Una gran abra\u00e7ada a les Agulles de Santa \u00c0gueda. Dissabte 29 de mar\u00e7 de 2025"},"content":{"rendered":"<p>&nbsp;<\/p>\n<p><span style=\"color: #000000;\"><span style=\"font-family: Liberation Serif, serif;\"><span style=\"font-size: medium;\"><b>Dia<\/b>: Dissabte 29 de mar\u00e7 de 2025<br \/>\n<b>Horari aprox.:<\/b> 9:00 a 14:00 h<br \/>\n<b>Lloc<\/b>: Aparcament del Mes de Saland\u00f3 (despr\u00e9s de pont sobre l&#8217;AP-7)<br \/>\n<b>Dist\u00e0ncia<\/b>: 6,5 km (circular)<br \/>\n<b>Dificultat<\/b>: Moderada-alta.<\/span><\/span><\/span><\/p>\n<p><span style=\"color: #000000;\"><span style=\"font-family: Liberation Serif, serif;\"><span style=\"font-size: medium;\"><b>P\u00fablic recomanat:<\/b> Senderista.<br \/>\n<b>Preu<\/b>: 3 \u20ac (1,50 \u20ac redu\u00efda).<br \/>\n<b>Descripci\u00f3:<\/b> Un dels relleus m\u00e9s m\u00edtics no sols de la Plana Alta, sin\u00f3 de tota la prov\u00edncia de Castell\u00f3, \u00e9s el de les inconfusibles Agulles. Pel fet que l&#8217;ascens fins als seus cims \u00e9s nom\u00e9s apte per a senderistes molt experimentats, la millor manera de comen\u00e7ar a estimar-les ser\u00e0 donant-los una gran abra\u00e7ada per a con\u00e9ixer-les en les seues dues cares, tan diferents i tan fabuloses ambdues, tant pel que fa a la seua riqu\u00edssima biodiversitat com a les enlluernadores vistes cap a tota la plana valenciana i al frond\u00f3s i humida vall de Miravet.<\/span><\/span><\/span><\/p>\n<p><span style=\"color: #000000;\"><span style=\"font-family: Liberation Serif, serif;\"><span style=\"font-size: medium;\"><b>Recomanacions<\/b>: cal\u00e7at i roba esportiva i fresca, aigua en abund\u00e0ncia. <span lang=\"ca-ES\">No assistir si es t\u00e9 una lesi\u00f3 o malaltia greu o si s&#8217;est\u00e0 recuperant d&#8217;ella. <\/span><\/span><\/span><\/span><\/p>\n<p>&nbsp;<\/p>\n","protected":false},"excerpt":{"rendered":"<p>&nbsp; Dia: Dissabte 29 de mar\u00e7 de 2025 Horari aprox.: 9:00 a 14:00 h Lloc: Aparcament del Mes de Saland\u00f3 (despr\u00e9s de pont sobre l&#8217;AP-7) Dist\u00e0ncia: 6,5 km (circular) Dificultat: Moderada-alta. P\u00fablic recomanat: Senderista. Preu: 3 \u20ac (1,50 \u20ac redu\u00efda). Descripci\u00f3: Un dels relleus m\u00e9s m\u00edtics no sols de la Plana Alta, sin\u00f3 de tota [&hellip;]<\/p>\n","protected":false},"featured_media":77945,"template":"","meta":{"_acf_changed":false},"product_brand":[],"product_cat":[1282],"product_tag":[496,497,607,729,556],"class_list":{"0":"post-80290","1":"product","2":"type-product","3":"status-publish","4":"has-post-thumbnail","6":"product_cat-una-gran-abraca-a-les-agulles-de-santa-agueda","7":"product_tag-benicasim-va","8":"product_tag-benicassim-va","9":"product_tag-benicassim-guided-tours-va","10":"product_tag-programa-oficial-de-visitas-guiadas-benicasim-va","11":"product_tag-rutes-guiades-benicassim","13":"first","14":"instock","15":"shipping-taxable","16":"purchasable","17":"product-type-variable"},"acf":[],"yoast_head":"<!-- This site is optimized with the Yoast SEO plugin v27.4 - https:\/\/yoast.com\/product\/yoast-seo-wordpress\/ -->\n<title>Una gran abra\u00e7ada a les Agulles de Santa \u00c0gueda. Dissabte 29 de mar\u00e7 de 2025 - Benic\u00e0ssim Turismo<\/title>\n<meta name=\"robots\" content=\"index, follow, max-snippet:-1, max-image-preview:large, max-video-preview:-1\" \/>\n<link rel=\"canonical\" href=\"https:\/\/turismo.benicassim.es\/va\/producte\/un-gran-abrazo-a-las-agujas-de-santa-agueda-sabado-8-de-marzo-de-2025\/\" \/>\n<meta property=\"og:locale\" content=\"en_US\" \/>\n<meta property=\"og:type\" content=\"article\" \/>\n<meta property=\"og:title\" content=\"Una gran abra\u00e7ada a les Agulles de Santa \u00c0gueda. Dissabte 29 de mar\u00e7 de 2025 - Benic\u00e0ssim Turismo\" \/>\n<meta property=\"og:description\" content=\"&nbsp; Dia: Dissabte 29 de mar\u00e7 de 2025 Horari aprox.: 9:00 a 14:00 h Lloc: Aparcament del Mes de Saland\u00f3 (despr\u00e9s de pont sobre l&#8217;AP-7) Dist\u00e0ncia: 6,5 km (circular) Dificultat: Moderada-alta. P\u00fablic recomanat: Senderista. Preu: 3 \u20ac (1,50 \u20ac redu\u00efda). Descripci\u00f3: Un dels relleus m\u00e9s m\u00edtics no sols de la Plana Alta, sin\u00f3 de tota [&hellip;]\" \/>\n<meta property=\"og:url\" content=\"https:\/\/turismo.benicassim.es\/va\/producte\/un-gran-abrazo-a-las-agujas-de-santa-agueda-sabado-8-de-marzo-de-2025\/\" \/>\n<meta property=\"og:site_name\" content=\"Benic\u00e0ssim Turismo\" \/>\n<meta property=\"article:modified_time\" content=\"2025-03-06T15:52:09+00:00\" \/>\n<meta property=\"og:image\" content=\"https:\/\/turismo.benicassim.es\/wp-content\/uploads\/2024\/08\/3.-Un-gran-abrazo-a-las-Agujas-scaled.jpg\" \/>\n\t<meta property=\"og:image:width\" content=\"2560\" \/>\n\t<meta property=\"og:image:height\" content=\"1707\" \/>\n\t<meta property=\"og:image:type\" content=\"image\/jpeg\" \/>\n<meta name=\"twitter:card\" content=\"summary_large_image\" \/>\n<meta name=\"twitter:label1\" content=\"Est. reading time\" \/>\n\t<meta name=\"twitter:data1\" content=\"1 minute\" \/>\n<script type=\"application\/ld+json\" class=\"yoast-schema-graph\">{\"@context\":\"https:\\\/\\\/schema.org\",\"@graph\":[{\"@type\":\"WebPage\",\"@id\":\"https:\\\/\\\/turismo.benicassim.es\\\/va\\\/producte\\\/un-gran-abrazo-a-las-agujas-de-santa-agueda-sabado-8-de-marzo-de-2025\\\/\",\"url\":\"https:\\\/\\\/turismo.benicassim.es\\\/va\\\/producte\\\/un-gran-abrazo-a-las-agujas-de-santa-agueda-sabado-8-de-marzo-de-2025\\\/\",\"name\":\"Una gran abra\u00e7ada a les Agulles de Santa \u00c0gueda. Dissabte 29 de mar\u00e7 de 2025 - Benic\u00e0ssim Turismo\",\"isPartOf\":{\"@id\":\"https:\\\/\\\/turismo.benicassim.es\\\/va\\\/#website\"},\"primaryImageOfPage\":{\"@id\":\"https:\\\/\\\/turismo.benicassim.es\\\/va\\\/producte\\\/un-gran-abrazo-a-las-agujas-de-santa-agueda-sabado-8-de-marzo-de-2025\\\/#primaryimage\"},\"image\":{\"@id\":\"https:\\\/\\\/turismo.benicassim.es\\\/va\\\/producte\\\/un-gran-abrazo-a-las-agujas-de-santa-agueda-sabado-8-de-marzo-de-2025\\\/#primaryimage\"},\"thumbnailUrl\":\"https:\\\/\\\/turismo.benicassim.es\\\/wp-content\\\/uploads\\\/2024\\\/08\\\/3.-Un-gran-abrazo-a-las-Agujas-scaled.jpg\",\"datePublished\":\"2025-02-24T13:45:59+00:00\",\"dateModified\":\"2025-03-06T15:52:09+00:00\",\"breadcrumb\":{\"@id\":\"https:\\\/\\\/turismo.benicassim.es\\\/va\\\/producte\\\/un-gran-abrazo-a-las-agujas-de-santa-agueda-sabado-8-de-marzo-de-2025\\\/#breadcrumb\"},\"inLanguage\":\"ca-CA\",\"potentialAction\":[{\"@type\":\"ReadAction\",\"target\":[\"https:\\\/\\\/turismo.benicassim.es\\\/va\\\/producte\\\/un-gran-abrazo-a-las-agujas-de-santa-agueda-sabado-8-de-marzo-de-2025\\\/\"]}]},{\"@type\":\"ImageObject\",\"inLanguage\":\"ca-CA\",\"@id\":\"https:\\\/\\\/turismo.benicassim.es\\\/va\\\/producte\\\/un-gran-abrazo-a-las-agujas-de-santa-agueda-sabado-8-de-marzo-de-2025\\\/#primaryimage\",\"url\":\"https:\\\/\\\/turismo.benicassim.es\\\/wp-content\\\/uploads\\\/2024\\\/08\\\/3.-Un-gran-abrazo-a-las-Agujas-scaled.jpg\",\"contentUrl\":\"https:\\\/\\\/turismo.benicassim.es\\\/wp-content\\\/uploads\\\/2024\\\/08\\\/3.-Un-gran-abrazo-a-las-Agujas-scaled.jpg\",\"width\":2560,\"height\":1707},{\"@type\":\"BreadcrumbList\",\"@id\":\"https:\\\/\\\/turismo.benicassim.es\\\/va\\\/producte\\\/un-gran-abrazo-a-las-agujas-de-santa-agueda-sabado-8-de-marzo-de-2025\\\/#breadcrumb\",\"itemListElement\":[{\"@type\":\"ListItem\",\"position\":1,\"name\":\"Inicio\",\"item\":\"https:\\\/\\\/turismo.benicassim.es\\\/va\\\/\"},{\"@type\":\"ListItem\",\"position\":2,\"name\":\"Tenda\",\"item\":\"https:\\\/\\\/turismo.benicassim.es\\\/va\\\/tenda\\\/\"},{\"@type\":\"ListItem\",\"position\":3,\"name\":\"Una gran abra\u00e7ada a les Agulles de Santa \u00c0gueda. Dissabte 29 de mar\u00e7 de 2025\"}]},{\"@type\":\"WebSite\",\"@id\":\"https:\\\/\\\/turismo.benicassim.es\\\/va\\\/#website\",\"url\":\"https:\\\/\\\/turismo.benicassim.es\\\/va\\\/\",\"name\":\"Benic\u00e0ssim Turismo\",\"description\":\"Web de informaci\u00f3n de Turismo en Benicasim\",\"potentialAction\":[{\"@type\":\"SearchAction\",\"target\":{\"@type\":\"EntryPoint\",\"urlTemplate\":\"https:\\\/\\\/turismo.benicassim.es\\\/va\\\/?s={search_term_string}\"},\"query-input\":{\"@type\":\"PropertyValueSpecification\",\"valueRequired\":true,\"valueName\":\"search_term_string\"}}],\"inLanguage\":\"ca-CA\"}]}<\/script>\n<!-- \/ Yoast SEO plugin. -->","yoast_head_json":{"title":"Una gran abra\u00e7ada a les Agulles de Santa \u00c0gueda. Dissabte 29 de mar\u00e7 de 2025 - Benic\u00e0ssim Turismo","robots":{"index":"index","follow":"follow","max-snippet":"max-snippet:-1","max-image-preview":"max-image-preview:large","max-video-preview":"max-video-preview:-1"},"canonical":"https:\/\/turismo.benicassim.es\/va\/producte\/un-gran-abrazo-a-las-agujas-de-santa-agueda-sabado-8-de-marzo-de-2025\/","og_locale":"en_US","og_type":"article","og_title":"Una gran abra\u00e7ada a les Agulles de Santa \u00c0gueda. Dissabte 29 de mar\u00e7 de 2025 - Benic\u00e0ssim Turismo","og_description":"&nbsp; Dia: Dissabte 29 de mar\u00e7 de 2025 Horari aprox.: 9:00 a 14:00 h Lloc: Aparcament del Mes de Saland\u00f3 (despr\u00e9s de pont sobre l&#8217;AP-7) Dist\u00e0ncia: 6,5 km (circular) Dificultat: Moderada-alta. P\u00fablic recomanat: Senderista. Preu: 3 \u20ac (1,50 \u20ac redu\u00efda). Descripci\u00f3: Un dels relleus m\u00e9s m\u00edtics no sols de la Plana Alta, sin\u00f3 de tota [&hellip;]","og_url":"https:\/\/turismo.benicassim.es\/va\/producte\/un-gran-abrazo-a-las-agujas-de-santa-agueda-sabado-8-de-marzo-de-2025\/","og_site_name":"Benic\u00e0ssim Turismo","article_modified_time":"2025-03-06T15:52:09+00:00","og_image":[{"width":2560,"height":1707,"url":"https:\/\/turismo.benicassim.es\/wp-content\/uploads\/2024\/08\/3.-Un-gran-abrazo-a-las-Agujas-scaled.jpg","type":"image\/jpeg"}],"twitter_card":"summary_large_image","twitter_misc":{"Est. reading time":"1 minute"},"schema":{"@context":"https:\/\/schema.org","@graph":[{"@type":"WebPage","@id":"https:\/\/turismo.benicassim.es\/va\/producte\/un-gran-abrazo-a-las-agujas-de-santa-agueda-sabado-8-de-marzo-de-2025\/","url":"https:\/\/turismo.benicassim.es\/va\/producte\/un-gran-abrazo-a-las-agujas-de-santa-agueda-sabado-8-de-marzo-de-2025\/","name":"Una gran abra\u00e7ada a les Agulles de Santa \u00c0gueda. Dissabte 29 de mar\u00e7 de 2025 - Benic\u00e0ssim Turismo","isPartOf":{"@id":"https:\/\/turismo.benicassim.es\/va\/#website"},"primaryImageOfPage":{"@id":"https:\/\/turismo.benicassim.es\/va\/producte\/un-gran-abrazo-a-las-agujas-de-santa-agueda-sabado-8-de-marzo-de-2025\/#primaryimage"},"image":{"@id":"https:\/\/turismo.benicassim.es\/va\/producte\/un-gran-abrazo-a-las-agujas-de-santa-agueda-sabado-8-de-marzo-de-2025\/#primaryimage"},"thumbnailUrl":"https:\/\/turismo.benicassim.es\/wp-content\/uploads\/2024\/08\/3.-Un-gran-abrazo-a-las-Agujas-scaled.jpg","datePublished":"2025-02-24T13:45:59+00:00","dateModified":"2025-03-06T15:52:09+00:00","breadcrumb":{"@id":"https:\/\/turismo.benicassim.es\/va\/producte\/un-gran-abrazo-a-las-agujas-de-santa-agueda-sabado-8-de-marzo-de-2025\/#breadcrumb"},"inLanguage":"ca-CA","potentialAction":[{"@type":"ReadAction","target":["https:\/\/turismo.benicassim.es\/va\/producte\/un-gran-abrazo-a-las-agujas-de-santa-agueda-sabado-8-de-marzo-de-2025\/"]}]},{"@type":"ImageObject","inLanguage":"ca-CA","@id":"https:\/\/turismo.benicassim.es\/va\/producte\/un-gran-abrazo-a-las-agujas-de-santa-agueda-sabado-8-de-marzo-de-2025\/#primaryimage","url":"https:\/\/turismo.benicassim.es\/wp-content\/uploads\/2024\/08\/3.-Un-gran-abrazo-a-las-Agujas-scaled.jpg","contentUrl":"https:\/\/turismo.benicassim.es\/wp-content\/uploads\/2024\/08\/3.-Un-gran-abrazo-a-las-Agujas-scaled.jpg","width":2560,"height":1707},{"@type":"BreadcrumbList","@id":"https:\/\/turismo.benicassim.es\/va\/producte\/un-gran-abrazo-a-las-agujas-de-santa-agueda-sabado-8-de-marzo-de-2025\/#breadcrumb","itemListElement":[{"@type":"ListItem","position":1,"name":"Inicio","item":"https:\/\/turismo.benicassim.es\/va\/"},{"@type":"ListItem","position":2,"name":"Tenda","item":"https:\/\/turismo.benicassim.es\/va\/tenda\/"},{"@type":"ListItem","position":3,"name":"Una gran abra\u00e7ada a les Agulles de Santa \u00c0gueda. Dissabte 29 de mar\u00e7 de 2025"}]},{"@type":"WebSite","@id":"https:\/\/turismo.benicassim.es\/va\/#website","url":"https:\/\/turismo.benicassim.es\/va\/","name":"Benic\u00e0ssim Turismo","description":"Web de informaci\u00f3n de Turismo en Benicasim","potentialAction":[{"@type":"SearchAction","target":{"@type":"EntryPoint","urlTemplate":"https:\/\/turismo.benicassim.es\/va\/?s={search_term_string}"},"query-input":{"@type":"PropertyValueSpecification","valueRequired":true,"valueName":"search_term_string"}}],"inLanguage":"ca-CA"}]}},"_links":{"self":[{"href":"https:\/\/turismo.benicassim.es\/va\/wp-json\/wp\/v2\/product\/80290","targetHints":{"allow":["GET"]}}],"collection":[{"href":"https:\/\/turismo.benicassim.es\/va\/wp-json\/wp\/v2\/product"}],"about":[{"href":"https:\/\/turismo.benicassim.es\/va\/wp-json\/wp\/v2\/types\/product"}],"wp:featuredmedia":[{"embeddable":true,"href":"https:\/\/turismo.benicassim.es\/va\/wp-json\/wp\/v2\/media\/77945"}],"wp:attachment":[{"href":"https:\/\/turismo.benicassim.es\/va\/wp-json\/wp\/v2\/media?parent=80290"}],"wp:term":[{"taxonomy":"product_brand","embeddable":true,"href":"https:\/\/turismo.benicassim.es\/va\/wp-json\/wp\/v2\/product_brand?post=80290"},{"taxonomy":"product_cat","embeddable":true,"href":"https:\/\/turismo.benicassim.es\/va\/wp-json\/wp\/v2\/product_cat?post=80290"},{"taxonomy":"product_tag","embeddable":true,"href":"https:\/\/turismo.benicassim.es\/va\/wp-json\/wp\/v2\/product_tag?post=80290"}],"curies":[{"name":"wp","href":"https:\/\/api.w.org\/{rel}","templated":true}]}}