{"id":80593,"date":"2025-03-18T10:54:23","date_gmt":"2025-03-18T09:54:23","guid":{"rendered":"https:\/\/turismo.benicassim.es\/producto\/benicassim-capital-del-moscatel-con-entrada-a-la-bodega-carmelitano-jueves-17-abril-2025-1030-h\/"},"modified":"2025-03-18T11:07:06","modified_gmt":"2025-03-18T10:07:06","slug":"benicassim-capital-del-moscatel-con-entrada-a-la-bodega-carmelitano-jueves-17-abril-2025-1030-h","status":"publish","type":"product","link":"https:\/\/turismo.benicassim.es\/va\/producte\/benicassim-capital-del-moscatel-con-entrada-a-la-bodega-carmelitano-jueves-17-abril-2025-1030-h\/","title":{"rendered":"Benic\u00e0ssim, capital del moscatell (amb entrada al Celler Carmelitano).Dijous 17 abril de 2025 &#8211; 10:30 h"},"content":{"rendered":"<p align=\"left\"><span style=\"color: #000000;\"><span style=\"font-family: Liberation Sans, sans-serif;\"><span style=\"font-size: medium;\"><span style=\"font-family: Liberation Serif, serif;\"><span lang=\"ca-ES\"><b>Dia<\/b><\/span><\/span><span style=\"font-family: Liberation Serif, serif;\"><span lang=\"ca-ES\">: Di<\/span><\/span><span style=\"font-family: Liberation Serif, serif;\"><span lang=\"ca-ES\">jous<\/span><\/span><span style=\"font-family: Liberation Serif, serif;\"><span lang=\"ca-ES\"> 1<\/span><\/span><span style=\"font-family: Liberation Serif, serif;\"><span lang=\"ca-ES\">7<\/span><\/span><span style=\"font-family: Liberation Serif, serif;\"><span lang=\"ca-ES\"> d<\/span><\/span><span style=\"font-family: Liberation Serif, serif;\"><span lang=\"ca-ES\">\u2019<\/span><\/span><span style=\"font-family: Liberation Serif, serif;\"><span lang=\"ca-ES\">abril<\/span><\/span><span style=\"font-family: Liberation Serif, serif;\"><span lang=\"ca-ES\"> de 202<\/span><\/span><span style=\"font-family: Liberation Serif, serif;\"><span lang=\"ca-ES\">5<\/span><\/span><span style=\"font-family: Liberation Serif, serif;\"><span lang=\"ca-ES\"><br \/>\n<\/span><\/span><span style=\"font-family: Liberation Serif, serif;\"><span lang=\"ca-ES\"><b>Horari aprox.:<\/b><\/span><\/span><span style=\"font-family: Liberation Serif, serif;\"><span lang=\"ca-ES\"> 1<\/span><\/span><span style=\"font-family: Liberation Serif, serif;\"><span lang=\"ca-ES\">0<\/span><\/span><span style=\"font-family: Liberation Serif, serif;\"><span lang=\"ca-ES\">:<\/span><\/span><span style=\"font-family: Liberation Serif, serif;\"><span lang=\"ca-ES\">3<\/span><\/span><span style=\"font-family: Liberation Serif, serif;\"><span lang=\"ca-ES\">0 h \u2013 <\/span><\/span><span style=\"font-family: Liberation Serif, serif;\"><span lang=\"ca-ES\">13<\/span><\/span><span style=\"font-family: Liberation Serif, serif;\"><span lang=\"ca-ES\">:<\/span><\/span><span style=\"font-family: Liberation Serif, serif;\"><span lang=\"ca-ES\">0<\/span><\/span><span style=\"font-family: Liberation Serif, serif;\"><span lang=\"ca-ES\">0 h<br \/>\n<\/span><\/span><span style=\"font-family: Liberation Serif, serif;\"><span lang=\"ca-ES\"><b>Lloc<\/b><\/span><\/span><span style=\"font-family: Liberation Serif, serif;\"><span lang=\"ca-ES\">: Celler Carmelitano C\/ Bodolz, 12 <\/span><\/span><a href=\"https:\/\/maps.app.goo.gl\/ewQWdfTBxHR7RzSb7\"><span style=\"font-family: Liberation Serif, serif;\">https:\/\/maps.app.goo.gl\/ewQWdfTBxHR7RzSb7<\/span><\/a><span style=\"font-family: Liberation Serif, serif;\"><span lang=\"ca-ES\"><br \/>\n<\/span><\/span><span style=\"font-family: Liberation Serif, serif;\"><span lang=\"ca-ES\"><b>Dist\u00e0ncia<\/b><\/span><\/span><span style=\"font-family: Liberation Serif, serif;\"><span lang=\"ca-ES\">: 2 km<br \/>\n<\/span><\/span><span style=\"font-family: Liberation Serif, serif;\"><span lang=\"ca-ES\"><b>Dificultat<\/b><\/span><\/span><span style=\"font-family: Liberation Serif, serif;\"><span lang=\"ca-ES\">: Baixa<br \/>\n<\/span><\/span><span style=\"font-family: Liberation Serif, serif;\"><span lang=\"ca-ES\"><b>Preu<\/b><\/span><\/span><span style=\"font-family: Liberation Serif, serif;\"><span lang=\"ca-ES\">: 5 \u20ac <\/span><\/span><span style=\"font-family: Montserrat, sans-serif;\"><span style=\"font-size: small;\"><span lang=\"ca-ES\">(<\/span><\/span><\/span><span style=\"font-family: Montserrat, sans-serif;\"><span style=\"font-size: small;\"><span lang=\"ca-ES\">2<\/span><\/span><\/span><span style=\"font-family: Montserrat, sans-serif;\"><span style=\"font-size: small;\"><span lang=\"ca-ES\">,5 \u20ac reducida)<\/span><\/span><\/span><span style=\"font-family: Liberation Serif, serif;\"><span lang=\"ca-ES\"><br \/>\n<\/span><\/span><span style=\"font-family: Liberation Serif, serif;\"><span lang=\"ca-ES\"><b>P\u00fablic recomanat<\/b><\/span><\/span><span style=\"font-family: Liberation Serif, serif;\"><span lang=\"ca-ES\">: Adults<\/span><\/span><span style=\"font-family: Liberation Serif, serif;\"><span lang=\"ca-ES\"><br \/>\n<\/span><\/span><span style=\"font-family: Liberation Serif, serif;\"><span lang=\"ca-ES\"><b>Descripci\u00f3<\/b><\/span><\/span><span style=\"font-family: Liberation Serif, serif;\"><span lang=\"ca-ES\">: <\/span><\/span><span style=\"font-family: Liberation Serif, serif;\"><span lang=\"ca-ES\">Abans de ser una poblaci\u00f3 pr\u00f2spera com la que \u00e9s hui, Benic\u00e0ssim va patir la pirateria, epid\u00e8mies, fams, males collites i tot tipus d&#8217;inconvenients que li impedien desenvolupar-se i la mantenien pr\u00e0cticament deshabitada. Un dels moments decisius que van fer canviar la seua sort va ser la introducci\u00f3 d&#8217;una varietat de ra\u00efm perfecte per als durs terrenys sota els nostres peus. Seguirem els passos del moscatell des del segle XIX a trav\u00e9s de l&#8217;urbanisme benic<\/span><\/span><span style=\"font-family: Liberation Serif, serif;\"><span lang=\"ca-ES\">assut<\/span><\/span><span style=\"font-family: Liberation Serif, serif;\"><span lang=\"ca-ES\">, i ens portaran fins a la famosa destil\u00b7leria del Carmelitano, sens dubte la que millor va saber aprofitar les bondats de tan dol\u00e7 fruit. <\/span><\/span><\/span><\/span><\/span><\/p>\n<p align=\"left\"><span style=\"color: #000000;\"><span style=\"font-family: Liberation Serif, serif;\"><span style=\"font-size: medium;\"><span lang=\"ca-ES\"><b>Recomanacions<\/b><\/span><span lang=\"ca-ES\">: Cal\u00e7at i roba c\u00f2moda, aigua. <\/span><\/span><\/span><\/span><\/p>\n","protected":false},"excerpt":{"rendered":"<p>Dia: Dijous 17 d\u2019abril de 2025 Horari aprox.: 10:30 h \u2013 13:00 h Lloc: Celler Carmelitano C\/ Bodolz, 12 https:\/\/maps.app.goo.gl\/ewQWdfTBxHR7RzSb7 Dist\u00e0ncia: 2 km Dificultat: Baixa Preu: 5 \u20ac (2,5 \u20ac reducida) P\u00fablic recomanat: Adults Descripci\u00f3: Abans de ser una poblaci\u00f3 pr\u00f2spera com la que \u00e9s hui, Benic\u00e0ssim va patir la pirateria, epid\u00e8mies, fams, males collites [&hellip;]<\/p>\n","protected":false},"featured_media":79382,"template":"","meta":{"_acf_changed":false},"product_brand":[],"product_cat":[1285],"product_tag":[496,497,607,339,739],"class_list":{"0":"post-80593","1":"product","2":"type-product","3":"status-publish","4":"has-post-thumbnail","6":"product_cat-benicassim-capital-del-moscatell-amb-entrada-al-celler-carmelitano","7":"product_tag-benicasim-va","8":"product_tag-benicassim-va","9":"product_tag-benicassim-guided-tours-va","10":"product_tag-programa-oficial-de-visitas-guiadas-va","11":"product_tag-programa-oficial-de-visites-guiades-benicassim-va","13":"first","14":"instock","15":"shipping-taxable","16":"purchasable","17":"product-type-variable"},"acf":[],"yoast_head":"<!-- This site is optimized with the Yoast SEO plugin v27.4 - https:\/\/yoast.com\/product\/yoast-seo-wordpress\/ -->\n<title>Benic\u00e0ssim, capital del moscatell (amb entrada al Celler Carmelitano).Dijous 17 abril de 2025 - 10:30 h - Benic\u00e0ssim Turismo<\/title>\n<meta name=\"robots\" content=\"index, follow, max-snippet:-1, max-image-preview:large, max-video-preview:-1\" \/>\n<link rel=\"canonical\" href=\"https:\/\/turismo.benicassim.es\/va\/producte\/benicassim-capital-del-moscatel-con-entrada-a-la-bodega-carmelitano-jueves-17-abril-2025-1030-h\/\" \/>\n<meta property=\"og:locale\" content=\"en_US\" \/>\n<meta property=\"og:type\" content=\"article\" \/>\n<meta property=\"og:title\" content=\"Benic\u00e0ssim, capital del moscatell (amb entrada al Celler Carmelitano).Dijous 17 abril de 2025 - 10:30 h - Benic\u00e0ssim Turismo\" \/>\n<meta property=\"og:description\" content=\"Dia: Dijous 17 d\u2019abril de 2025 Horari aprox.: 10:30 h \u2013 13:00 h Lloc: Celler Carmelitano C\/ Bodolz, 12 https:\/\/maps.app.goo.gl\/ewQWdfTBxHR7RzSb7 Dist\u00e0ncia: 2 km Dificultat: Baixa Preu: 5 \u20ac (2,5 \u20ac reducida) P\u00fablic recomanat: Adults Descripci\u00f3: Abans de ser una poblaci\u00f3 pr\u00f2spera com la que \u00e9s hui, Benic\u00e0ssim va patir la pirateria, epid\u00e8mies, fams, males collites [&hellip;]\" \/>\n<meta property=\"og:url\" content=\"https:\/\/turismo.benicassim.es\/va\/producte\/benicassim-capital-del-moscatel-con-entrada-a-la-bodega-carmelitano-jueves-17-abril-2025-1030-h\/\" \/>\n<meta property=\"og:site_name\" content=\"Benic\u00e0ssim Turismo\" \/>\n<meta property=\"article:modified_time\" content=\"2025-03-18T10:07:06+00:00\" \/>\n<meta property=\"og:image\" content=\"https:\/\/turismo.benicassim.es\/wp-content\/uploads\/2024\/11\/Capital-del-moscatel-2-scaled.jpg\" \/>\n\t<meta property=\"og:image:width\" content=\"2560\" \/>\n\t<meta property=\"og:image:height\" content=\"1707\" \/>\n\t<meta property=\"og:image:type\" content=\"image\/jpeg\" \/>\n<meta name=\"twitter:card\" content=\"summary_large_image\" \/>\n<meta name=\"twitter:label1\" content=\"Est. reading time\" \/>\n\t<meta name=\"twitter:data1\" content=\"1 minute\" \/>\n<script type=\"application\/ld+json\" class=\"yoast-schema-graph\">{\"@context\":\"https:\\\/\\\/schema.org\",\"@graph\":[{\"@type\":\"WebPage\",\"@id\":\"https:\\\/\\\/turismo.benicassim.es\\\/va\\\/producte\\\/benicassim-capital-del-moscatel-con-entrada-a-la-bodega-carmelitano-jueves-17-abril-2025-1030-h\\\/\",\"url\":\"https:\\\/\\\/turismo.benicassim.es\\\/va\\\/producte\\\/benicassim-capital-del-moscatel-con-entrada-a-la-bodega-carmelitano-jueves-17-abril-2025-1030-h\\\/\",\"name\":\"Benic\u00e0ssim, capital del moscatell (amb entrada al Celler Carmelitano).Dijous 17 abril de 2025 - 10:30 h - Benic\u00e0ssim Turismo\",\"isPartOf\":{\"@id\":\"https:\\\/\\\/turismo.benicassim.es\\\/va\\\/#website\"},\"primaryImageOfPage\":{\"@id\":\"https:\\\/\\\/turismo.benicassim.es\\\/va\\\/producte\\\/benicassim-capital-del-moscatel-con-entrada-a-la-bodega-carmelitano-jueves-17-abril-2025-1030-h\\\/#primaryimage\"},\"image\":{\"@id\":\"https:\\\/\\\/turismo.benicassim.es\\\/va\\\/producte\\\/benicassim-capital-del-moscatel-con-entrada-a-la-bodega-carmelitano-jueves-17-abril-2025-1030-h\\\/#primaryimage\"},\"thumbnailUrl\":\"https:\\\/\\\/turismo.benicassim.es\\\/wp-content\\\/uploads\\\/2024\\\/11\\\/Capital-del-moscatel-2-scaled.jpg\",\"datePublished\":\"2025-03-18T09:54:23+00:00\",\"dateModified\":\"2025-03-18T10:07:06+00:00\",\"breadcrumb\":{\"@id\":\"https:\\\/\\\/turismo.benicassim.es\\\/va\\\/producte\\\/benicassim-capital-del-moscatel-con-entrada-a-la-bodega-carmelitano-jueves-17-abril-2025-1030-h\\\/#breadcrumb\"},\"inLanguage\":\"ca-CA\",\"potentialAction\":[{\"@type\":\"ReadAction\",\"target\":[\"https:\\\/\\\/turismo.benicassim.es\\\/va\\\/producte\\\/benicassim-capital-del-moscatel-con-entrada-a-la-bodega-carmelitano-jueves-17-abril-2025-1030-h\\\/\"]}]},{\"@type\":\"ImageObject\",\"inLanguage\":\"ca-CA\",\"@id\":\"https:\\\/\\\/turismo.benicassim.es\\\/va\\\/producte\\\/benicassim-capital-del-moscatel-con-entrada-a-la-bodega-carmelitano-jueves-17-abril-2025-1030-h\\\/#primaryimage\",\"url\":\"https:\\\/\\\/turismo.benicassim.es\\\/wp-content\\\/uploads\\\/2024\\\/11\\\/Capital-del-moscatel-2-scaled.jpg\",\"contentUrl\":\"https:\\\/\\\/turismo.benicassim.es\\\/wp-content\\\/uploads\\\/2024\\\/11\\\/Capital-del-moscatel-2-scaled.jpg\",\"width\":2560,\"height\":1707},{\"@type\":\"BreadcrumbList\",\"@id\":\"https:\\\/\\\/turismo.benicassim.es\\\/va\\\/producte\\\/benicassim-capital-del-moscatel-con-entrada-a-la-bodega-carmelitano-jueves-17-abril-2025-1030-h\\\/#breadcrumb\",\"itemListElement\":[{\"@type\":\"ListItem\",\"position\":1,\"name\":\"Inicio\",\"item\":\"https:\\\/\\\/turismo.benicassim.es\\\/va\\\/\"},{\"@type\":\"ListItem\",\"position\":2,\"name\":\"Tenda\",\"item\":\"https:\\\/\\\/turismo.benicassim.es\\\/va\\\/tenda\\\/\"},{\"@type\":\"ListItem\",\"position\":3,\"name\":\"Benic\u00e0ssim, capital del moscatell (amb entrada al Celler Carmelitano).Dijous 17 abril de 2025 &#8211; 10:30 h\"}]},{\"@type\":\"WebSite\",\"@id\":\"https:\\\/\\\/turismo.benicassim.es\\\/va\\\/#website\",\"url\":\"https:\\\/\\\/turismo.benicassim.es\\\/va\\\/\",\"name\":\"Benic\u00e0ssim Turismo\",\"description\":\"Web de informaci\u00f3n de Turismo en Benicasim\",\"potentialAction\":[{\"@type\":\"SearchAction\",\"target\":{\"@type\":\"EntryPoint\",\"urlTemplate\":\"https:\\\/\\\/turismo.benicassim.es\\\/va\\\/?s={search_term_string}\"},\"query-input\":{\"@type\":\"PropertyValueSpecification\",\"valueRequired\":true,\"valueName\":\"search_term_string\"}}],\"inLanguage\":\"ca-CA\"}]}<\/script>\n<!-- \/ Yoast SEO plugin. -->","yoast_head_json":{"title":"Benic\u00e0ssim, capital del moscatell (amb entrada al Celler Carmelitano).Dijous 17 abril de 2025 - 10:30 h - Benic\u00e0ssim Turismo","robots":{"index":"index","follow":"follow","max-snippet":"max-snippet:-1","max-image-preview":"max-image-preview:large","max-video-preview":"max-video-preview:-1"},"canonical":"https:\/\/turismo.benicassim.es\/va\/producte\/benicassim-capital-del-moscatel-con-entrada-a-la-bodega-carmelitano-jueves-17-abril-2025-1030-h\/","og_locale":"en_US","og_type":"article","og_title":"Benic\u00e0ssim, capital del moscatell (amb entrada al Celler Carmelitano).Dijous 17 abril de 2025 - 10:30 h - Benic\u00e0ssim Turismo","og_description":"Dia: Dijous 17 d\u2019abril de 2025 Horari aprox.: 10:30 h \u2013 13:00 h Lloc: Celler Carmelitano C\/ Bodolz, 12 https:\/\/maps.app.goo.gl\/ewQWdfTBxHR7RzSb7 Dist\u00e0ncia: 2 km Dificultat: Baixa Preu: 5 \u20ac (2,5 \u20ac reducida) P\u00fablic recomanat: Adults Descripci\u00f3: Abans de ser una poblaci\u00f3 pr\u00f2spera com la que \u00e9s hui, Benic\u00e0ssim va patir la pirateria, epid\u00e8mies, fams, males collites [&hellip;]","og_url":"https:\/\/turismo.benicassim.es\/va\/producte\/benicassim-capital-del-moscatel-con-entrada-a-la-bodega-carmelitano-jueves-17-abril-2025-1030-h\/","og_site_name":"Benic\u00e0ssim Turismo","article_modified_time":"2025-03-18T10:07:06+00:00","og_image":[{"width":2560,"height":1707,"url":"https:\/\/turismo.benicassim.es\/wp-content\/uploads\/2024\/11\/Capital-del-moscatel-2-scaled.jpg","type":"image\/jpeg"}],"twitter_card":"summary_large_image","twitter_misc":{"Est. reading time":"1 minute"},"schema":{"@context":"https:\/\/schema.org","@graph":[{"@type":"WebPage","@id":"https:\/\/turismo.benicassim.es\/va\/producte\/benicassim-capital-del-moscatel-con-entrada-a-la-bodega-carmelitano-jueves-17-abril-2025-1030-h\/","url":"https:\/\/turismo.benicassim.es\/va\/producte\/benicassim-capital-del-moscatel-con-entrada-a-la-bodega-carmelitano-jueves-17-abril-2025-1030-h\/","name":"Benic\u00e0ssim, capital del moscatell (amb entrada al Celler Carmelitano).Dijous 17 abril de 2025 - 10:30 h - Benic\u00e0ssim Turismo","isPartOf":{"@id":"https:\/\/turismo.benicassim.es\/va\/#website"},"primaryImageOfPage":{"@id":"https:\/\/turismo.benicassim.es\/va\/producte\/benicassim-capital-del-moscatel-con-entrada-a-la-bodega-carmelitano-jueves-17-abril-2025-1030-h\/#primaryimage"},"image":{"@id":"https:\/\/turismo.benicassim.es\/va\/producte\/benicassim-capital-del-moscatel-con-entrada-a-la-bodega-carmelitano-jueves-17-abril-2025-1030-h\/#primaryimage"},"thumbnailUrl":"https:\/\/turismo.benicassim.es\/wp-content\/uploads\/2024\/11\/Capital-del-moscatel-2-scaled.jpg","datePublished":"2025-03-18T09:54:23+00:00","dateModified":"2025-03-18T10:07:06+00:00","breadcrumb":{"@id":"https:\/\/turismo.benicassim.es\/va\/producte\/benicassim-capital-del-moscatel-con-entrada-a-la-bodega-carmelitano-jueves-17-abril-2025-1030-h\/#breadcrumb"},"inLanguage":"ca-CA","potentialAction":[{"@type":"ReadAction","target":["https:\/\/turismo.benicassim.es\/va\/producte\/benicassim-capital-del-moscatel-con-entrada-a-la-bodega-carmelitano-jueves-17-abril-2025-1030-h\/"]}]},{"@type":"ImageObject","inLanguage":"ca-CA","@id":"https:\/\/turismo.benicassim.es\/va\/producte\/benicassim-capital-del-moscatel-con-entrada-a-la-bodega-carmelitano-jueves-17-abril-2025-1030-h\/#primaryimage","url":"https:\/\/turismo.benicassim.es\/wp-content\/uploads\/2024\/11\/Capital-del-moscatel-2-scaled.jpg","contentUrl":"https:\/\/turismo.benicassim.es\/wp-content\/uploads\/2024\/11\/Capital-del-moscatel-2-scaled.jpg","width":2560,"height":1707},{"@type":"BreadcrumbList","@id":"https:\/\/turismo.benicassim.es\/va\/producte\/benicassim-capital-del-moscatel-con-entrada-a-la-bodega-carmelitano-jueves-17-abril-2025-1030-h\/#breadcrumb","itemListElement":[{"@type":"ListItem","position":1,"name":"Inicio","item":"https:\/\/turismo.benicassim.es\/va\/"},{"@type":"ListItem","position":2,"name":"Tenda","item":"https:\/\/turismo.benicassim.es\/va\/tenda\/"},{"@type":"ListItem","position":3,"name":"Benic\u00e0ssim, capital del moscatell (amb entrada al Celler Carmelitano).Dijous 17 abril de 2025 &#8211; 10:30 h"}]},{"@type":"WebSite","@id":"https:\/\/turismo.benicassim.es\/va\/#website","url":"https:\/\/turismo.benicassim.es\/va\/","name":"Benic\u00e0ssim Turismo","description":"Web de informaci\u00f3n de Turismo en Benicasim","potentialAction":[{"@type":"SearchAction","target":{"@type":"EntryPoint","urlTemplate":"https:\/\/turismo.benicassim.es\/va\/?s={search_term_string}"},"query-input":{"@type":"PropertyValueSpecification","valueRequired":true,"valueName":"search_term_string"}}],"inLanguage":"ca-CA"}]}},"_links":{"self":[{"href":"https:\/\/turismo.benicassim.es\/va\/wp-json\/wp\/v2\/product\/80593","targetHints":{"allow":["GET"]}}],"collection":[{"href":"https:\/\/turismo.benicassim.es\/va\/wp-json\/wp\/v2\/product"}],"about":[{"href":"https:\/\/turismo.benicassim.es\/va\/wp-json\/wp\/v2\/types\/product"}],"wp:featuredmedia":[{"embeddable":true,"href":"https:\/\/turismo.benicassim.es\/va\/wp-json\/wp\/v2\/media\/79382"}],"wp:attachment":[{"href":"https:\/\/turismo.benicassim.es\/va\/wp-json\/wp\/v2\/media?parent=80593"}],"wp:term":[{"taxonomy":"product_brand","embeddable":true,"href":"https:\/\/turismo.benicassim.es\/va\/wp-json\/wp\/v2\/product_brand?post=80593"},{"taxonomy":"product_cat","embeddable":true,"href":"https:\/\/turismo.benicassim.es\/va\/wp-json\/wp\/v2\/product_cat?post=80593"},{"taxonomy":"product_tag","embeddable":true,"href":"https:\/\/turismo.benicassim.es\/va\/wp-json\/wp\/v2\/product_tag?post=80593"}],"curies":[{"name":"wp","href":"https:\/\/api.w.org\/{rel}","templated":true}]}}