{"id":80659,"date":"2025-03-20T09:15:45","date_gmt":"2025-03-20T08:15:45","guid":{"rendered":"https:\/\/turismo.benicassim.es\/producto\/el-misterio-del-parc-del-trenet-sabado-3-de-mayo-de-2025-1830-h\/"},"modified":"2025-03-20T09:22:33","modified_gmt":"2025-03-20T08:22:33","slug":"el-misterio-del-parc-del-trenet-sabado-3-de-mayo-de-2025-1830-h","status":"publish","type":"product","link":"https:\/\/turismo.benicassim.es\/va\/producte\/el-misterio-del-parc-del-trenet-sabado-3-de-mayo-de-2025-1830-h\/","title":{"rendered":"El Misteri del Parc del Trenet. Dissabte 3 de maig de 2025 &#8211; 18:30 h"},"content":{"rendered":"<p lang=\"en-US\" align=\"left\"><strong style=\"font-size: medium; font-family: 'Liberation Serif', serif; color: #373737;\">Dissabte, 3 maig de 2025 <\/strong><strong style=\"font-size: medium; font-family: 'Liberation Serif', serif; color: #373737;\">a les <\/strong><strong style=\"font-size: medium; font-family: 'Liberation Serif', serif; color: #373737;\">18:30 y 20:00 h<\/strong><\/p>\n<p lang=\"en-US\" align=\"left\"><span style=\"color: #373737;\"><span style=\"font-family: Liberation Serif, serif;\"><span style=\"font-size: medium;\"><strong>Lloc:<\/strong> Parc del Trenet https:\/\/goo.gl\/maps\/r7iypv3g1qj6gz477<strong><br \/>\n<\/strong><strong>Duraci\u00f3<\/strong><strong>: <\/strong>45 min.<strong><br \/>\n<\/strong><strong>Dificultat<\/strong><strong>: <\/strong>Baixa.<strong><br \/>\nPreu redu\u00eft:<\/strong> 2,50 \u20ac. A l&#8217;activitat nom\u00e9s han d&#8217;inscriure&#8217;s els xiquets.<strong><br \/>\nDescripci\u00f3<\/strong>: T&#8217;agradaria ser el protagonista d&#8217;una incre\u00efble hist\u00f2ria de detectius? En eixe cas, no et perdes aquesta fant\u00e0stica activitat dissenyada per als m\u00e9s xicotets de la casa. Un joc en el qual, a m\u00e9s de con\u00e9ixer la import\u00e0ncia i evoluci\u00f3 del ferrocarril en el nostre municipi, ens divertirem desxifrant les pistes per a resoldre un misteri\u00f3s succ\u00e9s. Encara que, tranquils! Perqu\u00e8, per a aix\u00f2, comptarem amb l&#8217;ajuda del Cap d&#8217;Estaci\u00f3 i d&#8217;una peculiar passatgera que no descansaran fins a arribar al final de la seua investigaci\u00f3. T&#8217;esperem!<strong><br \/>\n<\/strong><strong>Observacions:<\/strong> <strong><span style=\"color: #ff4000;\">Xiquets entre 5 i 10 anys. A l&#8217;activitat nom\u00e9s s&#8217;han d&#8217;inscriure els xiquets. Els pares NO participen en l&#8217;activitat.<\/span><\/strong> <\/span><\/span><\/span><\/p>\n<p lang=\"en-US\" align=\"left\">\n","protected":false},"excerpt":{"rendered":"<p>Dissabte, 3 maig de 2025 a les 18:30 y 20:00 h Lloc: Parc del Trenet https:\/\/goo.gl\/maps\/r7iypv3g1qj6gz477 Duraci\u00f3: 45 min. Dificultat: Baixa. Preu redu\u00eft: 2,50 \u20ac. A l&#8217;activitat nom\u00e9s han d&#8217;inscriure&#8217;s els xiquets. Descripci\u00f3: T&#8217;agradaria ser el protagonista d&#8217;una incre\u00efble hist\u00f2ria de detectius? En eixe cas, no et perdes aquesta fant\u00e0stica activitat dissenyada per als m\u00e9s [&hellip;]<\/p>\n","protected":false},"featured_media":80660,"template":"","meta":{"_acf_changed":false},"product_brand":[],"product_cat":[310],"product_tag":[647,496,497,607,339,624],"class_list":{"0":"post-80659","1":"product","2":"type-product","3":"status-publish","4":"has-post-thumbnail","6":"product_cat-el-misterio-del-parc-del-trenet-va","7":"product_tag-actividades-con-ninos-en-benicasim-va","8":"product_tag-benicasim-va","9":"product_tag-benicassim-va","10":"product_tag-benicassim-guided-tours-va","11":"product_tag-programa-oficial-de-visitas-guiadas-va","12":"product_tag-visites-guiades-en-benicassim-va","14":"first","15":"outofstock","16":"shipping-taxable","17":"purchasable","18":"product-type-variable"},"acf":[],"yoast_head":"<!-- This site is optimized with the Yoast SEO plugin v27.4 - https:\/\/yoast.com\/product\/yoast-seo-wordpress\/ -->\n<title>El Misteri del Parc del Trenet. Dissabte 3 de maig de 2025 - 18:30 h - Benic\u00e0ssim Turismo<\/title>\n<meta name=\"robots\" content=\"index, follow, max-snippet:-1, max-image-preview:large, max-video-preview:-1\" \/>\n<link rel=\"canonical\" href=\"https:\/\/turismo.benicassim.es\/va\/producte\/el-misterio-del-parc-del-trenet-sabado-3-de-mayo-de-2025-1830-h\/\" \/>\n<meta property=\"og:locale\" content=\"en_US\" \/>\n<meta property=\"og:type\" content=\"article\" \/>\n<meta property=\"og:title\" content=\"El Misteri del Parc del Trenet. Dissabte 3 de maig de 2025 - 18:30 h - Benic\u00e0ssim Turismo\" \/>\n<meta property=\"og:description\" content=\"Dissabte, 3 maig de 2025 a les 18:30 y 20:00 h Lloc: Parc del Trenet https:\/\/goo.gl\/maps\/r7iypv3g1qj6gz477 Duraci\u00f3: 45 min. Dificultat: Baixa. Preu redu\u00eft: 2,50 \u20ac. A l&#8217;activitat nom\u00e9s han d&#8217;inscriure&#8217;s els xiquets. Descripci\u00f3: T&#8217;agradaria ser el protagonista d&#8217;una incre\u00efble hist\u00f2ria de detectius? En eixe cas, no et perdes aquesta fant\u00e0stica activitat dissenyada per als m\u00e9s [&hellip;]\" \/>\n<meta property=\"og:url\" content=\"https:\/\/turismo.benicassim.es\/va\/producte\/el-misterio-del-parc-del-trenet-sabado-3-de-mayo-de-2025-1830-h\/\" \/>\n<meta property=\"og:site_name\" content=\"Benic\u00e0ssim Turismo\" \/>\n<meta property=\"article:modified_time\" content=\"2025-03-20T08:22:33+00:00\" \/>\n<meta property=\"og:image\" content=\"https:\/\/turismo.benicassim.es\/wp-content\/uploads\/2025\/03\/cartel3-scaled.jpg\" \/>\n\t<meta property=\"og:image:width\" content=\"1811\" \/>\n\t<meta property=\"og:image:height\" content=\"2560\" \/>\n\t<meta property=\"og:image:type\" content=\"image\/jpeg\" \/>\n<meta name=\"twitter:card\" content=\"summary_large_image\" \/>\n<meta name=\"twitter:label1\" content=\"Est. reading time\" \/>\n\t<meta name=\"twitter:data1\" content=\"1 minute\" \/>\n<script type=\"application\/ld+json\" class=\"yoast-schema-graph\">{\"@context\":\"https:\\\/\\\/schema.org\",\"@graph\":[{\"@type\":\"WebPage\",\"@id\":\"https:\\\/\\\/turismo.benicassim.es\\\/va\\\/producte\\\/el-misterio-del-parc-del-trenet-sabado-3-de-mayo-de-2025-1830-h\\\/\",\"url\":\"https:\\\/\\\/turismo.benicassim.es\\\/va\\\/producte\\\/el-misterio-del-parc-del-trenet-sabado-3-de-mayo-de-2025-1830-h\\\/\",\"name\":\"El Misteri del Parc del Trenet. Dissabte 3 de maig de 2025 - 18:30 h - Benic\u00e0ssim Turismo\",\"isPartOf\":{\"@id\":\"https:\\\/\\\/turismo.benicassim.es\\\/va\\\/#website\"},\"primaryImageOfPage\":{\"@id\":\"https:\\\/\\\/turismo.benicassim.es\\\/va\\\/producte\\\/el-misterio-del-parc-del-trenet-sabado-3-de-mayo-de-2025-1830-h\\\/#primaryimage\"},\"image\":{\"@id\":\"https:\\\/\\\/turismo.benicassim.es\\\/va\\\/producte\\\/el-misterio-del-parc-del-trenet-sabado-3-de-mayo-de-2025-1830-h\\\/#primaryimage\"},\"thumbnailUrl\":\"https:\\\/\\\/turismo.benicassim.es\\\/wp-content\\\/uploads\\\/2025\\\/03\\\/cartel3-scaled.jpg\",\"datePublished\":\"2025-03-20T08:15:45+00:00\",\"dateModified\":\"2025-03-20T08:22:33+00:00\",\"breadcrumb\":{\"@id\":\"https:\\\/\\\/turismo.benicassim.es\\\/va\\\/producte\\\/el-misterio-del-parc-del-trenet-sabado-3-de-mayo-de-2025-1830-h\\\/#breadcrumb\"},\"inLanguage\":\"ca-CA\",\"potentialAction\":[{\"@type\":\"ReadAction\",\"target\":[\"https:\\\/\\\/turismo.benicassim.es\\\/va\\\/producte\\\/el-misterio-del-parc-del-trenet-sabado-3-de-mayo-de-2025-1830-h\\\/\"]}]},{\"@type\":\"ImageObject\",\"inLanguage\":\"ca-CA\",\"@id\":\"https:\\\/\\\/turismo.benicassim.es\\\/va\\\/producte\\\/el-misterio-del-parc-del-trenet-sabado-3-de-mayo-de-2025-1830-h\\\/#primaryimage\",\"url\":\"https:\\\/\\\/turismo.benicassim.es\\\/wp-content\\\/uploads\\\/2025\\\/03\\\/cartel3-scaled.jpg\",\"contentUrl\":\"https:\\\/\\\/turismo.benicassim.es\\\/wp-content\\\/uploads\\\/2025\\\/03\\\/cartel3-scaled.jpg\",\"width\":1811,\"height\":2560},{\"@type\":\"BreadcrumbList\",\"@id\":\"https:\\\/\\\/turismo.benicassim.es\\\/va\\\/producte\\\/el-misterio-del-parc-del-trenet-sabado-3-de-mayo-de-2025-1830-h\\\/#breadcrumb\",\"itemListElement\":[{\"@type\":\"ListItem\",\"position\":1,\"name\":\"Inicio\",\"item\":\"https:\\\/\\\/turismo.benicassim.es\\\/va\\\/\"},{\"@type\":\"ListItem\",\"position\":2,\"name\":\"Tenda\",\"item\":\"https:\\\/\\\/turismo.benicassim.es\\\/va\\\/tenda\\\/\"},{\"@type\":\"ListItem\",\"position\":3,\"name\":\"El Misteri del Parc del Trenet. Dissabte 3 de maig de 2025 &#8211; 18:30 h\"}]},{\"@type\":\"WebSite\",\"@id\":\"https:\\\/\\\/turismo.benicassim.es\\\/va\\\/#website\",\"url\":\"https:\\\/\\\/turismo.benicassim.es\\\/va\\\/\",\"name\":\"Benic\u00e0ssim Turismo\",\"description\":\"Web de informaci\u00f3n de Turismo en Benicasim\",\"potentialAction\":[{\"@type\":\"SearchAction\",\"target\":{\"@type\":\"EntryPoint\",\"urlTemplate\":\"https:\\\/\\\/turismo.benicassim.es\\\/va\\\/?s={search_term_string}\"},\"query-input\":{\"@type\":\"PropertyValueSpecification\",\"valueRequired\":true,\"valueName\":\"search_term_string\"}}],\"inLanguage\":\"ca-CA\"}]}<\/script>\n<!-- \/ Yoast SEO plugin. -->","yoast_head_json":{"title":"El Misteri del Parc del Trenet. Dissabte 3 de maig de 2025 - 18:30 h - Benic\u00e0ssim Turismo","robots":{"index":"index","follow":"follow","max-snippet":"max-snippet:-1","max-image-preview":"max-image-preview:large","max-video-preview":"max-video-preview:-1"},"canonical":"https:\/\/turismo.benicassim.es\/va\/producte\/el-misterio-del-parc-del-trenet-sabado-3-de-mayo-de-2025-1830-h\/","og_locale":"en_US","og_type":"article","og_title":"El Misteri del Parc del Trenet. Dissabte 3 de maig de 2025 - 18:30 h - Benic\u00e0ssim Turismo","og_description":"Dissabte, 3 maig de 2025 a les 18:30 y 20:00 h Lloc: Parc del Trenet https:\/\/goo.gl\/maps\/r7iypv3g1qj6gz477 Duraci\u00f3: 45 min. Dificultat: Baixa. Preu redu\u00eft: 2,50 \u20ac. A l&#8217;activitat nom\u00e9s han d&#8217;inscriure&#8217;s els xiquets. Descripci\u00f3: T&#8217;agradaria ser el protagonista d&#8217;una incre\u00efble hist\u00f2ria de detectius? En eixe cas, no et perdes aquesta fant\u00e0stica activitat dissenyada per als m\u00e9s [&hellip;]","og_url":"https:\/\/turismo.benicassim.es\/va\/producte\/el-misterio-del-parc-del-trenet-sabado-3-de-mayo-de-2025-1830-h\/","og_site_name":"Benic\u00e0ssim Turismo","article_modified_time":"2025-03-20T08:22:33+00:00","og_image":[{"width":1811,"height":2560,"url":"https:\/\/turismo.benicassim.es\/wp-content\/uploads\/2025\/03\/cartel3-scaled.jpg","type":"image\/jpeg"}],"twitter_card":"summary_large_image","twitter_misc":{"Est. reading time":"1 minute"},"schema":{"@context":"https:\/\/schema.org","@graph":[{"@type":"WebPage","@id":"https:\/\/turismo.benicassim.es\/va\/producte\/el-misterio-del-parc-del-trenet-sabado-3-de-mayo-de-2025-1830-h\/","url":"https:\/\/turismo.benicassim.es\/va\/producte\/el-misterio-del-parc-del-trenet-sabado-3-de-mayo-de-2025-1830-h\/","name":"El Misteri del Parc del Trenet. Dissabte 3 de maig de 2025 - 18:30 h - Benic\u00e0ssim Turismo","isPartOf":{"@id":"https:\/\/turismo.benicassim.es\/va\/#website"},"primaryImageOfPage":{"@id":"https:\/\/turismo.benicassim.es\/va\/producte\/el-misterio-del-parc-del-trenet-sabado-3-de-mayo-de-2025-1830-h\/#primaryimage"},"image":{"@id":"https:\/\/turismo.benicassim.es\/va\/producte\/el-misterio-del-parc-del-trenet-sabado-3-de-mayo-de-2025-1830-h\/#primaryimage"},"thumbnailUrl":"https:\/\/turismo.benicassim.es\/wp-content\/uploads\/2025\/03\/cartel3-scaled.jpg","datePublished":"2025-03-20T08:15:45+00:00","dateModified":"2025-03-20T08:22:33+00:00","breadcrumb":{"@id":"https:\/\/turismo.benicassim.es\/va\/producte\/el-misterio-del-parc-del-trenet-sabado-3-de-mayo-de-2025-1830-h\/#breadcrumb"},"inLanguage":"ca-CA","potentialAction":[{"@type":"ReadAction","target":["https:\/\/turismo.benicassim.es\/va\/producte\/el-misterio-del-parc-del-trenet-sabado-3-de-mayo-de-2025-1830-h\/"]}]},{"@type":"ImageObject","inLanguage":"ca-CA","@id":"https:\/\/turismo.benicassim.es\/va\/producte\/el-misterio-del-parc-del-trenet-sabado-3-de-mayo-de-2025-1830-h\/#primaryimage","url":"https:\/\/turismo.benicassim.es\/wp-content\/uploads\/2025\/03\/cartel3-scaled.jpg","contentUrl":"https:\/\/turismo.benicassim.es\/wp-content\/uploads\/2025\/03\/cartel3-scaled.jpg","width":1811,"height":2560},{"@type":"BreadcrumbList","@id":"https:\/\/turismo.benicassim.es\/va\/producte\/el-misterio-del-parc-del-trenet-sabado-3-de-mayo-de-2025-1830-h\/#breadcrumb","itemListElement":[{"@type":"ListItem","position":1,"name":"Inicio","item":"https:\/\/turismo.benicassim.es\/va\/"},{"@type":"ListItem","position":2,"name":"Tenda","item":"https:\/\/turismo.benicassim.es\/va\/tenda\/"},{"@type":"ListItem","position":3,"name":"El Misteri del Parc del Trenet. Dissabte 3 de maig de 2025 &#8211; 18:30 h"}]},{"@type":"WebSite","@id":"https:\/\/turismo.benicassim.es\/va\/#website","url":"https:\/\/turismo.benicassim.es\/va\/","name":"Benic\u00e0ssim Turismo","description":"Web de informaci\u00f3n de Turismo en Benicasim","potentialAction":[{"@type":"SearchAction","target":{"@type":"EntryPoint","urlTemplate":"https:\/\/turismo.benicassim.es\/va\/?s={search_term_string}"},"query-input":{"@type":"PropertyValueSpecification","valueRequired":true,"valueName":"search_term_string"}}],"inLanguage":"ca-CA"}]}},"_links":{"self":[{"href":"https:\/\/turismo.benicassim.es\/va\/wp-json\/wp\/v2\/product\/80659","targetHints":{"allow":["GET"]}}],"collection":[{"href":"https:\/\/turismo.benicassim.es\/va\/wp-json\/wp\/v2\/product"}],"about":[{"href":"https:\/\/turismo.benicassim.es\/va\/wp-json\/wp\/v2\/types\/product"}],"wp:featuredmedia":[{"embeddable":true,"href":"https:\/\/turismo.benicassim.es\/va\/wp-json\/wp\/v2\/media\/80660"}],"wp:attachment":[{"href":"https:\/\/turismo.benicassim.es\/va\/wp-json\/wp\/v2\/media?parent=80659"}],"wp:term":[{"taxonomy":"product_brand","embeddable":true,"href":"https:\/\/turismo.benicassim.es\/va\/wp-json\/wp\/v2\/product_brand?post=80659"},{"taxonomy":"product_cat","embeddable":true,"href":"https:\/\/turismo.benicassim.es\/va\/wp-json\/wp\/v2\/product_cat?post=80659"},{"taxonomy":"product_tag","embeddable":true,"href":"https:\/\/turismo.benicassim.es\/va\/wp-json\/wp\/v2\/product_tag?post=80659"}],"curies":[{"name":"wp","href":"https:\/\/api.w.org\/{rel}","templated":true}]}}