{"id":80681,"date":"2025-03-20T10:52:49","date_gmt":"2025-03-20T09:52:49","guid":{"rendered":"https:\/\/turismo.benicassim.es\/producto\/de-agricultores-pobres-a-pequenos-burgueses-teatralizada-domingo-19-de-abril-de-2025-1030-h\/"},"modified":"2025-03-20T10:57:27","modified_gmt":"2025-03-20T09:57:27","slug":"de-agricultores-pobres-a-pequenos-burgueses-teatralizada-domingo-19-de-abril-de-2025-1030-h","status":"publish","type":"product","link":"https:\/\/turismo.benicassim.es\/va\/producte\/de-agricultores-pobres-a-pequenos-burgueses-teatralizada-domingo-19-de-abril-de-2025-1030-h\/","title":{"rendered":"D&#8217;agricultors pobres a petits burgesos (teatralitzada). Diumenge 6 d\u2019 abril de 2025- 10:30 h"},"content":{"rendered":"<blockquote lang=\"ca-ES\"><p><span style=\"font-family: Liberation Serif, serif;\"><span style=\"font-size: medium;\"><b>Dia<\/b>: Diumenge 6 d\u2019 abril de 2025<\/span><\/span><\/p><\/blockquote>\n<blockquote lang=\"ca-ES\"><p><span style=\"font-family: Liberation Serif, serif;\"><span style=\"font-size: medium;\"><b>Horari<\/b>: 10:30 h \u2013 12:00 h<\/span><\/span><\/p><\/blockquote>\n<blockquote lang=\"ca-ES\"><p><span style=\"font-family: Liberation Serif, serif;\"><span style=\"font-size: medium;\"><b>Lloc<\/b>: Oficina de Turisme Casa Abadia<\/span><\/span><\/p><\/blockquote>\n<blockquote lang=\"ca-ES\"><p><span style=\"font-family: Liberation Serif, serif;\"><span style=\"font-size: medium;\"><b>Dist\u00e0ncia<\/b>: 1 km<\/span><\/span><\/p><\/blockquote>\n<blockquote lang=\"ca-ES\"><p><span style=\"font-family: Liberation Serif, serif;\"><span style=\"font-size: medium;\"><b>Dificultat<\/b>: Baixa<\/span><\/span><\/p><\/blockquote>\n<blockquote lang=\"ca-ES\"><p><span style=\"font-family: Liberation Serif, serif;\"><span style=\"font-size: medium;\"><b>Preu<\/b>: 5 \u20ac (2,5 \u20ac, redu\u00efda)<\/span><\/span><\/p><\/blockquote>\n<blockquote lang=\"ca-ES\"><p><span style=\"font-family: Liberation Serif, serif;\"><span style=\"font-size: medium;\"><b>P\u00fablic recomana<\/b>t: Tots els p\u00fablics<\/span><\/span><\/p><\/blockquote>\n<blockquote lang=\"ca-ES\"><p><span style=\"font-family: Liberation Serif, serif;\"><span style=\"font-size: medium;\"><b>Descripci\u00f3<\/b>: El territori de Benic\u00e0ssim mai va ser bo per a l&#8217;agricultura. O almenys per a una agricultura que permeta viure d\u2019aquesta a les fam\u00edlies locals. Oliveres i garroferes creixien amb prou feines entre els pedregosos bancals. Ni tan sols l&#8217;il\u00b7lustrat P\u00e9rez B\u00e1yer va aconseguir revertir la situaci\u00f3 malgrat els seus esfor\u00e7os. Per\u00f2 tot canviar\u00e0 a partir del 1850 amb l&#8217;arribada del ra\u00efm moscatell, primer, i del tren, despr\u00e9s. Personatges diversos, molt diferents i divertits ens faran reviure diversos moments de canvis hist\u00f2rics, des de l&#8217;\u00e8poca musulmana, amb la incertesa que produeix llan\u00e7ar-se a un m\u00f3n nou sense saber qu\u00e8 hi trobaran, per\u00f2 amb el convenciment de deixar als seus descendents una vida millor. <\/span><\/span><\/p><\/blockquote>\n","protected":false},"excerpt":{"rendered":"<p>Dia: Diumenge 6 d\u2019 abril de 2025 Horari: 10:30 h \u2013 12:00 h Lloc: Oficina de Turisme Casa Abadia Dist\u00e0ncia: 1 km Dificultat: Baixa Preu: 5 \u20ac (2,5 \u20ac, redu\u00efda) P\u00fablic recomanat: Tots els p\u00fablics Descripci\u00f3: El territori de Benic\u00e0ssim mai va ser bo per a l&#8217;agricultura. O almenys per a una agricultura que permeta [&hellip;]<\/p>\n","protected":false},"featured_media":78913,"template":"","meta":{"_acf_changed":false},"product_brand":[],"product_cat":[1359],"product_tag":[496,497,607,339,739],"class_list":{"0":"post-80681","1":"product","2":"type-product","3":"status-publish","4":"has-post-thumbnail","6":"product_cat-de-agricultores-pobres-a-pequenos-burgueses-teatralizada-va","7":"product_tag-benicasim-va","8":"product_tag-benicassim-va","9":"product_tag-benicassim-guided-tours-va","10":"product_tag-programa-oficial-de-visitas-guiadas-va","11":"product_tag-programa-oficial-de-visites-guiades-benicassim-va","13":"first","14":"instock","15":"shipping-taxable","16":"purchasable","17":"product-type-variable"},"acf":[],"yoast_head":"<!-- This site is optimized with the Yoast SEO plugin v27.4 - https:\/\/yoast.com\/product\/yoast-seo-wordpress\/ -->\n<title>D&#039;agricultors pobres a petits burgesos (teatralitzada). Diumenge 6 d\u2019 abril de 2025- 10:30 h - Benic\u00e0ssim Turismo<\/title>\n<meta name=\"robots\" content=\"index, follow, max-snippet:-1, max-image-preview:large, max-video-preview:-1\" \/>\n<link rel=\"canonical\" href=\"https:\/\/turismo.benicassim.es\/va\/producte\/de-agricultores-pobres-a-pequenos-burgueses-teatralizada-domingo-19-de-abril-de-2025-1030-h\/\" \/>\n<meta property=\"og:locale\" content=\"en_US\" \/>\n<meta property=\"og:type\" content=\"article\" \/>\n<meta property=\"og:title\" content=\"D&#039;agricultors pobres a petits burgesos (teatralitzada). Diumenge 6 d\u2019 abril de 2025- 10:30 h - Benic\u00e0ssim Turismo\" \/>\n<meta property=\"og:description\" content=\"Dia: Diumenge 6 d\u2019 abril de 2025 Horari: 10:30 h \u2013 12:00 h Lloc: Oficina de Turisme Casa Abadia Dist\u00e0ncia: 1 km Dificultat: Baixa Preu: 5 \u20ac (2,5 \u20ac, redu\u00efda) P\u00fablic recomanat: Tots els p\u00fablics Descripci\u00f3: El territori de Benic\u00e0ssim mai va ser bo per a l&#8217;agricultura. O almenys per a una agricultura que permeta [&hellip;]\" \/>\n<meta property=\"og:url\" content=\"https:\/\/turismo.benicassim.es\/va\/producte\/de-agricultores-pobres-a-pequenos-burgueses-teatralizada-domingo-19-de-abril-de-2025-1030-h\/\" \/>\n<meta property=\"og:site_name\" content=\"Benic\u00e0ssim Turismo\" \/>\n<meta property=\"article:modified_time\" content=\"2025-03-20T09:57:27+00:00\" \/>\n<meta property=\"og:image\" content=\"https:\/\/turismo.benicassim.es\/wp-content\/uploads\/2024\/11\/De-agricultores-pobres-a-pequenos-burgueses-scaled.jpg\" \/>\n\t<meta property=\"og:image:width\" content=\"1707\" \/>\n\t<meta property=\"og:image:height\" content=\"2560\" \/>\n\t<meta property=\"og:image:type\" content=\"image\/jpeg\" \/>\n<meta name=\"twitter:card\" content=\"summary_large_image\" \/>\n<meta name=\"twitter:label1\" content=\"Est. reading time\" \/>\n\t<meta name=\"twitter:data1\" content=\"1 minute\" \/>\n<script type=\"application\/ld+json\" class=\"yoast-schema-graph\">{\"@context\":\"https:\\\/\\\/schema.org\",\"@graph\":[{\"@type\":\"WebPage\",\"@id\":\"https:\\\/\\\/turismo.benicassim.es\\\/va\\\/producte\\\/de-agricultores-pobres-a-pequenos-burgueses-teatralizada-domingo-19-de-abril-de-2025-1030-h\\\/\",\"url\":\"https:\\\/\\\/turismo.benicassim.es\\\/va\\\/producte\\\/de-agricultores-pobres-a-pequenos-burgueses-teatralizada-domingo-19-de-abril-de-2025-1030-h\\\/\",\"name\":\"D'agricultors pobres a petits burgesos (teatralitzada). Diumenge 6 d\u2019 abril de 2025- 10:30 h - Benic\u00e0ssim Turismo\",\"isPartOf\":{\"@id\":\"https:\\\/\\\/turismo.benicassim.es\\\/va\\\/#website\"},\"primaryImageOfPage\":{\"@id\":\"https:\\\/\\\/turismo.benicassim.es\\\/va\\\/producte\\\/de-agricultores-pobres-a-pequenos-burgueses-teatralizada-domingo-19-de-abril-de-2025-1030-h\\\/#primaryimage\"},\"image\":{\"@id\":\"https:\\\/\\\/turismo.benicassim.es\\\/va\\\/producte\\\/de-agricultores-pobres-a-pequenos-burgueses-teatralizada-domingo-19-de-abril-de-2025-1030-h\\\/#primaryimage\"},\"thumbnailUrl\":\"https:\\\/\\\/turismo.benicassim.es\\\/wp-content\\\/uploads\\\/2024\\\/11\\\/De-agricultores-pobres-a-pequenos-burgueses-scaled.jpg\",\"datePublished\":\"2025-03-20T09:52:49+00:00\",\"dateModified\":\"2025-03-20T09:57:27+00:00\",\"breadcrumb\":{\"@id\":\"https:\\\/\\\/turismo.benicassim.es\\\/va\\\/producte\\\/de-agricultores-pobres-a-pequenos-burgueses-teatralizada-domingo-19-de-abril-de-2025-1030-h\\\/#breadcrumb\"},\"inLanguage\":\"ca-CA\",\"potentialAction\":[{\"@type\":\"ReadAction\",\"target\":[\"https:\\\/\\\/turismo.benicassim.es\\\/va\\\/producte\\\/de-agricultores-pobres-a-pequenos-burgueses-teatralizada-domingo-19-de-abril-de-2025-1030-h\\\/\"]}]},{\"@type\":\"ImageObject\",\"inLanguage\":\"ca-CA\",\"@id\":\"https:\\\/\\\/turismo.benicassim.es\\\/va\\\/producte\\\/de-agricultores-pobres-a-pequenos-burgueses-teatralizada-domingo-19-de-abril-de-2025-1030-h\\\/#primaryimage\",\"url\":\"https:\\\/\\\/turismo.benicassim.es\\\/wp-content\\\/uploads\\\/2024\\\/11\\\/De-agricultores-pobres-a-pequenos-burgueses-scaled.jpg\",\"contentUrl\":\"https:\\\/\\\/turismo.benicassim.es\\\/wp-content\\\/uploads\\\/2024\\\/11\\\/De-agricultores-pobres-a-pequenos-burgueses-scaled.jpg\",\"width\":1707,\"height\":2560},{\"@type\":\"BreadcrumbList\",\"@id\":\"https:\\\/\\\/turismo.benicassim.es\\\/va\\\/producte\\\/de-agricultores-pobres-a-pequenos-burgueses-teatralizada-domingo-19-de-abril-de-2025-1030-h\\\/#breadcrumb\",\"itemListElement\":[{\"@type\":\"ListItem\",\"position\":1,\"name\":\"Inicio\",\"item\":\"https:\\\/\\\/turismo.benicassim.es\\\/va\\\/\"},{\"@type\":\"ListItem\",\"position\":2,\"name\":\"Tenda\",\"item\":\"https:\\\/\\\/turismo.benicassim.es\\\/va\\\/tenda\\\/\"},{\"@type\":\"ListItem\",\"position\":3,\"name\":\"D&#8217;agricultors pobres a petits burgesos (teatralitzada). Diumenge 6 d\u2019 abril de 2025- 10:30 h\"}]},{\"@type\":\"WebSite\",\"@id\":\"https:\\\/\\\/turismo.benicassim.es\\\/va\\\/#website\",\"url\":\"https:\\\/\\\/turismo.benicassim.es\\\/va\\\/\",\"name\":\"Benic\u00e0ssim Turismo\",\"description\":\"Web de informaci\u00f3n de Turismo en Benicasim\",\"potentialAction\":[{\"@type\":\"SearchAction\",\"target\":{\"@type\":\"EntryPoint\",\"urlTemplate\":\"https:\\\/\\\/turismo.benicassim.es\\\/va\\\/?s={search_term_string}\"},\"query-input\":{\"@type\":\"PropertyValueSpecification\",\"valueRequired\":true,\"valueName\":\"search_term_string\"}}],\"inLanguage\":\"ca-CA\"}]}<\/script>\n<!-- \/ Yoast SEO plugin. -->","yoast_head_json":{"title":"D'agricultors pobres a petits burgesos (teatralitzada). Diumenge 6 d\u2019 abril de 2025- 10:30 h - Benic\u00e0ssim Turismo","robots":{"index":"index","follow":"follow","max-snippet":"max-snippet:-1","max-image-preview":"max-image-preview:large","max-video-preview":"max-video-preview:-1"},"canonical":"https:\/\/turismo.benicassim.es\/va\/producte\/de-agricultores-pobres-a-pequenos-burgueses-teatralizada-domingo-19-de-abril-de-2025-1030-h\/","og_locale":"en_US","og_type":"article","og_title":"D'agricultors pobres a petits burgesos (teatralitzada). Diumenge 6 d\u2019 abril de 2025- 10:30 h - Benic\u00e0ssim Turismo","og_description":"Dia: Diumenge 6 d\u2019 abril de 2025 Horari: 10:30 h \u2013 12:00 h Lloc: Oficina de Turisme Casa Abadia Dist\u00e0ncia: 1 km Dificultat: Baixa Preu: 5 \u20ac (2,5 \u20ac, redu\u00efda) P\u00fablic recomanat: Tots els p\u00fablics Descripci\u00f3: El territori de Benic\u00e0ssim mai va ser bo per a l&#8217;agricultura. O almenys per a una agricultura que permeta [&hellip;]","og_url":"https:\/\/turismo.benicassim.es\/va\/producte\/de-agricultores-pobres-a-pequenos-burgueses-teatralizada-domingo-19-de-abril-de-2025-1030-h\/","og_site_name":"Benic\u00e0ssim Turismo","article_modified_time":"2025-03-20T09:57:27+00:00","og_image":[{"width":1707,"height":2560,"url":"https:\/\/turismo.benicassim.es\/wp-content\/uploads\/2024\/11\/De-agricultores-pobres-a-pequenos-burgueses-scaled.jpg","type":"image\/jpeg"}],"twitter_card":"summary_large_image","twitter_misc":{"Est. reading time":"1 minute"},"schema":{"@context":"https:\/\/schema.org","@graph":[{"@type":"WebPage","@id":"https:\/\/turismo.benicassim.es\/va\/producte\/de-agricultores-pobres-a-pequenos-burgueses-teatralizada-domingo-19-de-abril-de-2025-1030-h\/","url":"https:\/\/turismo.benicassim.es\/va\/producte\/de-agricultores-pobres-a-pequenos-burgueses-teatralizada-domingo-19-de-abril-de-2025-1030-h\/","name":"D'agricultors pobres a petits burgesos (teatralitzada). Diumenge 6 d\u2019 abril de 2025- 10:30 h - Benic\u00e0ssim Turismo","isPartOf":{"@id":"https:\/\/turismo.benicassim.es\/va\/#website"},"primaryImageOfPage":{"@id":"https:\/\/turismo.benicassim.es\/va\/producte\/de-agricultores-pobres-a-pequenos-burgueses-teatralizada-domingo-19-de-abril-de-2025-1030-h\/#primaryimage"},"image":{"@id":"https:\/\/turismo.benicassim.es\/va\/producte\/de-agricultores-pobres-a-pequenos-burgueses-teatralizada-domingo-19-de-abril-de-2025-1030-h\/#primaryimage"},"thumbnailUrl":"https:\/\/turismo.benicassim.es\/wp-content\/uploads\/2024\/11\/De-agricultores-pobres-a-pequenos-burgueses-scaled.jpg","datePublished":"2025-03-20T09:52:49+00:00","dateModified":"2025-03-20T09:57:27+00:00","breadcrumb":{"@id":"https:\/\/turismo.benicassim.es\/va\/producte\/de-agricultores-pobres-a-pequenos-burgueses-teatralizada-domingo-19-de-abril-de-2025-1030-h\/#breadcrumb"},"inLanguage":"ca-CA","potentialAction":[{"@type":"ReadAction","target":["https:\/\/turismo.benicassim.es\/va\/producte\/de-agricultores-pobres-a-pequenos-burgueses-teatralizada-domingo-19-de-abril-de-2025-1030-h\/"]}]},{"@type":"ImageObject","inLanguage":"ca-CA","@id":"https:\/\/turismo.benicassim.es\/va\/producte\/de-agricultores-pobres-a-pequenos-burgueses-teatralizada-domingo-19-de-abril-de-2025-1030-h\/#primaryimage","url":"https:\/\/turismo.benicassim.es\/wp-content\/uploads\/2024\/11\/De-agricultores-pobres-a-pequenos-burgueses-scaled.jpg","contentUrl":"https:\/\/turismo.benicassim.es\/wp-content\/uploads\/2024\/11\/De-agricultores-pobres-a-pequenos-burgueses-scaled.jpg","width":1707,"height":2560},{"@type":"BreadcrumbList","@id":"https:\/\/turismo.benicassim.es\/va\/producte\/de-agricultores-pobres-a-pequenos-burgueses-teatralizada-domingo-19-de-abril-de-2025-1030-h\/#breadcrumb","itemListElement":[{"@type":"ListItem","position":1,"name":"Inicio","item":"https:\/\/turismo.benicassim.es\/va\/"},{"@type":"ListItem","position":2,"name":"Tenda","item":"https:\/\/turismo.benicassim.es\/va\/tenda\/"},{"@type":"ListItem","position":3,"name":"D&#8217;agricultors pobres a petits burgesos (teatralitzada). Diumenge 6 d\u2019 abril de 2025- 10:30 h"}]},{"@type":"WebSite","@id":"https:\/\/turismo.benicassim.es\/va\/#website","url":"https:\/\/turismo.benicassim.es\/va\/","name":"Benic\u00e0ssim Turismo","description":"Web de informaci\u00f3n de Turismo en Benicasim","potentialAction":[{"@type":"SearchAction","target":{"@type":"EntryPoint","urlTemplate":"https:\/\/turismo.benicassim.es\/va\/?s={search_term_string}"},"query-input":{"@type":"PropertyValueSpecification","valueRequired":true,"valueName":"search_term_string"}}],"inLanguage":"ca-CA"}]}},"_links":{"self":[{"href":"https:\/\/turismo.benicassim.es\/va\/wp-json\/wp\/v2\/product\/80681","targetHints":{"allow":["GET"]}}],"collection":[{"href":"https:\/\/turismo.benicassim.es\/va\/wp-json\/wp\/v2\/product"}],"about":[{"href":"https:\/\/turismo.benicassim.es\/va\/wp-json\/wp\/v2\/types\/product"}],"wp:featuredmedia":[{"embeddable":true,"href":"https:\/\/turismo.benicassim.es\/va\/wp-json\/wp\/v2\/media\/78913"}],"wp:attachment":[{"href":"https:\/\/turismo.benicassim.es\/va\/wp-json\/wp\/v2\/media?parent=80681"}],"wp:term":[{"taxonomy":"product_brand","embeddable":true,"href":"https:\/\/turismo.benicassim.es\/va\/wp-json\/wp\/v2\/product_brand?post=80681"},{"taxonomy":"product_cat","embeddable":true,"href":"https:\/\/turismo.benicassim.es\/va\/wp-json\/wp\/v2\/product_cat?post=80681"},{"taxonomy":"product_tag","embeddable":true,"href":"https:\/\/turismo.benicassim.es\/va\/wp-json\/wp\/v2\/product_tag?post=80681"}],"curies":[{"name":"wp","href":"https:\/\/api.w.org\/{rel}","templated":true}]}}