{"id":82589,"date":"2025-07-07T14:36:10","date_gmt":"2025-07-07T12:36:10","guid":{"rendered":"https:\/\/turismo.benicassim.es\/?post_type=product&#038;p=82589"},"modified":"2025-07-07T14:38:49","modified_gmt":"2025-07-07T12:38:49","slug":"explorant-la-torre-de-sant-vicent-dimarts-29-de-juliol-a-les-2000-h","status":"publish","type":"product","link":"https:\/\/turismo.benicassim.es\/va\/producte\/explorant-la-torre-de-sant-vicent-dimarts-29-de-juliol-a-les-2000-h\/","title":{"rendered":"Explorant la Torre de Sant Vicent. Dimarts 29 de juliol a les 20:00 h"},"content":{"rendered":"<p>Est\u00e0s preparat per a gaudir d&#8217;una aut\u00e8ntica aventura pirata? Si \u00e9s aix\u00ed, no et perdes aquesta fant\u00e0stica activitat dissenyada per als m\u00e9s xicotets de la casa. Un joc en el qual, a m\u00e9s de con\u00e9ixer la hist\u00f2ria i caracter\u00edstiques de la Torre de Sant Vicent, ens divertirem desxifrant els plans per a trobar un valu\u00f3s tresor. Per\u00f2, tranquils! Perqu\u00e8, per a aix\u00f2, comptarem amb l&#8217;ajuda d&#8217;una parella de pirates que, despr\u00e9s de diversos segles, creuen haver descobert la clau per a recuperar el bot\u00ed.<\/p>\n<p><strong>Tots els dimarts de l&#8217;1 de juliol al 26 d&#8217;agost.<br \/>\n<\/strong>Dos sessions:\u00a0a les 18:30 h\u00a0i a les\u00a020:00 h.<br \/>\nDuraci\u00f3:\u00a045 minuts.<br \/>\nLloc:\u00a0Torre de Sant Vicent\u00a0<a href=\"https:\/\/goo.gl\/maps\/vzXSk1YSj4o9Ms617\" target=\"_blank\" rel=\"noopener\">https:\/\/goo.gl\/maps\/vzXSk1YSj4o9Ms617<\/a><br \/>\nDificultat:\u00a0baixa.<br \/>\nActivitat participativa per a xiquets de 5\u00a0a 10 anys.<br \/>\n* Els pares no participen a l&#8217;activitat.<br \/>\n* Els tickets no es poden comprar directament a l&#8217;activitat.<\/p>\n<p>\u00c9s imprescindible portar el ticket (2,50\u20ac) que es pot adquirir a les Oficines de Turisme de Benic\u00e0ssim o seleccionant les entrades i l&#8217;horari al calendari :<\/p>\n<p>&nbsp;<\/p>\n","protected":false},"excerpt":{"rendered":"<p>Est\u00e0s preparat per a gaudir d&#8217;una aut\u00e8ntica aventura pirata? Si \u00e9s aix\u00ed, no et perdes aquesta fant\u00e0stica activitat dissenyada per als m\u00e9s xicotets de la casa. Un joc en el qual, a m\u00e9s de con\u00e9ixer la hist\u00f2ria i caracter\u00edstiques de la Torre de Sant Vicent, ens divertirem desxifrant els plans per a trobar un valu\u00f3s [&hellip;]<\/p>\n","protected":false},"featured_media":82048,"template":"","meta":{"_acf_changed":false},"product_brand":[],"product_cat":[1496],"product_tag":[674,496,497,311],"class_list":{"0":"post-82589","1":"product","2":"type-product","3":"status-publish","4":"has-post-thumbnail","6":"product_cat-explorant-la-torre-de-sant-vicent","7":"product_tag-actividades-infantiles-va","8":"product_tag-benicasim-va","9":"product_tag-benicassim-va","10":"product_tag-benicassim-kids-va","12":"first","13":"outofstock","14":"shipping-taxable","15":"purchasable","16":"product-type-variable"},"acf":[],"yoast_head":"<!-- This site is optimized with the Yoast SEO plugin v27.4 - https:\/\/yoast.com\/product\/yoast-seo-wordpress\/ -->\n<title>Explorant la Torre de Sant Vicent. Dimarts 29 de juliol a les 20:00 h - Benic\u00e0ssim Turismo<\/title>\n<meta name=\"robots\" content=\"index, follow, max-snippet:-1, max-image-preview:large, max-video-preview:-1\" \/>\n<link rel=\"canonical\" href=\"https:\/\/turismo.benicassim.es\/va\/producte\/explorant-la-torre-de-sant-vicent-dimarts-29-de-juliol-a-les-2000-h\/\" \/>\n<meta property=\"og:locale\" content=\"en_US\" \/>\n<meta property=\"og:type\" content=\"article\" \/>\n<meta property=\"og:title\" content=\"Explorant la Torre de Sant Vicent. Dimarts 29 de juliol a les 20:00 h - Benic\u00e0ssim Turismo\" \/>\n<meta property=\"og:description\" content=\"Est\u00e0s preparat per a gaudir d&#8217;una aut\u00e8ntica aventura pirata? Si \u00e9s aix\u00ed, no et perdes aquesta fant\u00e0stica activitat dissenyada per als m\u00e9s xicotets de la casa. Un joc en el qual, a m\u00e9s de con\u00e9ixer la hist\u00f2ria i caracter\u00edstiques de la Torre de Sant Vicent, ens divertirem desxifrant els plans per a trobar un valu\u00f3s [&hellip;]\" \/>\n<meta property=\"og:url\" content=\"https:\/\/turismo.benicassim.es\/va\/producte\/explorant-la-torre-de-sant-vicent-dimarts-29-de-juliol-a-les-2000-h\/\" \/>\n<meta property=\"og:site_name\" content=\"Benic\u00e0ssim Turismo\" \/>\n<meta property=\"article:modified_time\" content=\"2025-07-07T12:38:49+00:00\" \/>\n<meta property=\"og:image\" content=\"https:\/\/turismo.benicassim.es\/wp-content\/uploads\/2025\/06\/kids25_web-Torre-San-Vicent.jpg\" \/>\n\t<meta property=\"og:image:width\" content=\"2362\" \/>\n\t<meta property=\"og:image:height\" content=\"1205\" \/>\n\t<meta property=\"og:image:type\" content=\"image\/jpeg\" \/>\n<meta name=\"twitter:card\" content=\"summary_large_image\" \/>\n<meta name=\"twitter:label1\" content=\"Est. reading time\" \/>\n\t<meta name=\"twitter:data1\" content=\"1 minute\" \/>\n<script type=\"application\/ld+json\" class=\"yoast-schema-graph\">{\"@context\":\"https:\\\/\\\/schema.org\",\"@graph\":[{\"@type\":\"WebPage\",\"@id\":\"https:\\\/\\\/turismo.benicassim.es\\\/va\\\/producte\\\/explorant-la-torre-de-sant-vicent-dimarts-29-de-juliol-a-les-2000-h\\\/\",\"url\":\"https:\\\/\\\/turismo.benicassim.es\\\/va\\\/producte\\\/explorant-la-torre-de-sant-vicent-dimarts-29-de-juliol-a-les-2000-h\\\/\",\"name\":\"Explorant la Torre de Sant Vicent. Dimarts 29 de juliol a les 20:00 h - Benic\u00e0ssim Turismo\",\"isPartOf\":{\"@id\":\"https:\\\/\\\/turismo.benicassim.es\\\/va\\\/#website\"},\"primaryImageOfPage\":{\"@id\":\"https:\\\/\\\/turismo.benicassim.es\\\/va\\\/producte\\\/explorant-la-torre-de-sant-vicent-dimarts-29-de-juliol-a-les-2000-h\\\/#primaryimage\"},\"image\":{\"@id\":\"https:\\\/\\\/turismo.benicassim.es\\\/va\\\/producte\\\/explorant-la-torre-de-sant-vicent-dimarts-29-de-juliol-a-les-2000-h\\\/#primaryimage\"},\"thumbnailUrl\":\"https:\\\/\\\/turismo.benicassim.es\\\/wp-content\\\/uploads\\\/2025\\\/06\\\/kids25_web-Torre-San-Vicent.jpg\",\"datePublished\":\"2025-07-07T12:36:10+00:00\",\"dateModified\":\"2025-07-07T12:38:49+00:00\",\"breadcrumb\":{\"@id\":\"https:\\\/\\\/turismo.benicassim.es\\\/va\\\/producte\\\/explorant-la-torre-de-sant-vicent-dimarts-29-de-juliol-a-les-2000-h\\\/#breadcrumb\"},\"inLanguage\":\"ca-CA\",\"potentialAction\":[{\"@type\":\"ReadAction\",\"target\":[\"https:\\\/\\\/turismo.benicassim.es\\\/va\\\/producte\\\/explorant-la-torre-de-sant-vicent-dimarts-29-de-juliol-a-les-2000-h\\\/\"]}]},{\"@type\":\"ImageObject\",\"inLanguage\":\"ca-CA\",\"@id\":\"https:\\\/\\\/turismo.benicassim.es\\\/va\\\/producte\\\/explorant-la-torre-de-sant-vicent-dimarts-29-de-juliol-a-les-2000-h\\\/#primaryimage\",\"url\":\"https:\\\/\\\/turismo.benicassim.es\\\/wp-content\\\/uploads\\\/2025\\\/06\\\/kids25_web-Torre-San-Vicent.jpg\",\"contentUrl\":\"https:\\\/\\\/turismo.benicassim.es\\\/wp-content\\\/uploads\\\/2025\\\/06\\\/kids25_web-Torre-San-Vicent.jpg\",\"width\":2362,\"height\":1205},{\"@type\":\"BreadcrumbList\",\"@id\":\"https:\\\/\\\/turismo.benicassim.es\\\/va\\\/producte\\\/explorant-la-torre-de-sant-vicent-dimarts-29-de-juliol-a-les-2000-h\\\/#breadcrumb\",\"itemListElement\":[{\"@type\":\"ListItem\",\"position\":1,\"name\":\"Inicio\",\"item\":\"https:\\\/\\\/turismo.benicassim.es\\\/va\\\/\"},{\"@type\":\"ListItem\",\"position\":2,\"name\":\"Tenda\",\"item\":\"https:\\\/\\\/turismo.benicassim.es\\\/va\\\/tenda\\\/\"},{\"@type\":\"ListItem\",\"position\":3,\"name\":\"Explorant la Torre de Sant Vicent. Dimarts 29 de juliol a les 20:00 h\"}]},{\"@type\":\"WebSite\",\"@id\":\"https:\\\/\\\/turismo.benicassim.es\\\/va\\\/#website\",\"url\":\"https:\\\/\\\/turismo.benicassim.es\\\/va\\\/\",\"name\":\"Benic\u00e0ssim Turismo\",\"description\":\"Web de informaci\u00f3n de Turismo en Benicasim\",\"potentialAction\":[{\"@type\":\"SearchAction\",\"target\":{\"@type\":\"EntryPoint\",\"urlTemplate\":\"https:\\\/\\\/turismo.benicassim.es\\\/va\\\/?s={search_term_string}\"},\"query-input\":{\"@type\":\"PropertyValueSpecification\",\"valueRequired\":true,\"valueName\":\"search_term_string\"}}],\"inLanguage\":\"ca-CA\"}]}<\/script>\n<!-- \/ Yoast SEO plugin. -->","yoast_head_json":{"title":"Explorant la Torre de Sant Vicent. Dimarts 29 de juliol a les 20:00 h - Benic\u00e0ssim Turismo","robots":{"index":"index","follow":"follow","max-snippet":"max-snippet:-1","max-image-preview":"max-image-preview:large","max-video-preview":"max-video-preview:-1"},"canonical":"https:\/\/turismo.benicassim.es\/va\/producte\/explorant-la-torre-de-sant-vicent-dimarts-29-de-juliol-a-les-2000-h\/","og_locale":"en_US","og_type":"article","og_title":"Explorant la Torre de Sant Vicent. Dimarts 29 de juliol a les 20:00 h - Benic\u00e0ssim Turismo","og_description":"Est\u00e0s preparat per a gaudir d&#8217;una aut\u00e8ntica aventura pirata? Si \u00e9s aix\u00ed, no et perdes aquesta fant\u00e0stica activitat dissenyada per als m\u00e9s xicotets de la casa. Un joc en el qual, a m\u00e9s de con\u00e9ixer la hist\u00f2ria i caracter\u00edstiques de la Torre de Sant Vicent, ens divertirem desxifrant els plans per a trobar un valu\u00f3s [&hellip;]","og_url":"https:\/\/turismo.benicassim.es\/va\/producte\/explorant-la-torre-de-sant-vicent-dimarts-29-de-juliol-a-les-2000-h\/","og_site_name":"Benic\u00e0ssim Turismo","article_modified_time":"2025-07-07T12:38:49+00:00","og_image":[{"width":2362,"height":1205,"url":"https:\/\/turismo.benicassim.es\/wp-content\/uploads\/2025\/06\/kids25_web-Torre-San-Vicent.jpg","type":"image\/jpeg"}],"twitter_card":"summary_large_image","twitter_misc":{"Est. reading time":"1 minute"},"schema":{"@context":"https:\/\/schema.org","@graph":[{"@type":"WebPage","@id":"https:\/\/turismo.benicassim.es\/va\/producte\/explorant-la-torre-de-sant-vicent-dimarts-29-de-juliol-a-les-2000-h\/","url":"https:\/\/turismo.benicassim.es\/va\/producte\/explorant-la-torre-de-sant-vicent-dimarts-29-de-juliol-a-les-2000-h\/","name":"Explorant la Torre de Sant Vicent. Dimarts 29 de juliol a les 20:00 h - Benic\u00e0ssim Turismo","isPartOf":{"@id":"https:\/\/turismo.benicassim.es\/va\/#website"},"primaryImageOfPage":{"@id":"https:\/\/turismo.benicassim.es\/va\/producte\/explorant-la-torre-de-sant-vicent-dimarts-29-de-juliol-a-les-2000-h\/#primaryimage"},"image":{"@id":"https:\/\/turismo.benicassim.es\/va\/producte\/explorant-la-torre-de-sant-vicent-dimarts-29-de-juliol-a-les-2000-h\/#primaryimage"},"thumbnailUrl":"https:\/\/turismo.benicassim.es\/wp-content\/uploads\/2025\/06\/kids25_web-Torre-San-Vicent.jpg","datePublished":"2025-07-07T12:36:10+00:00","dateModified":"2025-07-07T12:38:49+00:00","breadcrumb":{"@id":"https:\/\/turismo.benicassim.es\/va\/producte\/explorant-la-torre-de-sant-vicent-dimarts-29-de-juliol-a-les-2000-h\/#breadcrumb"},"inLanguage":"ca-CA","potentialAction":[{"@type":"ReadAction","target":["https:\/\/turismo.benicassim.es\/va\/producte\/explorant-la-torre-de-sant-vicent-dimarts-29-de-juliol-a-les-2000-h\/"]}]},{"@type":"ImageObject","inLanguage":"ca-CA","@id":"https:\/\/turismo.benicassim.es\/va\/producte\/explorant-la-torre-de-sant-vicent-dimarts-29-de-juliol-a-les-2000-h\/#primaryimage","url":"https:\/\/turismo.benicassim.es\/wp-content\/uploads\/2025\/06\/kids25_web-Torre-San-Vicent.jpg","contentUrl":"https:\/\/turismo.benicassim.es\/wp-content\/uploads\/2025\/06\/kids25_web-Torre-San-Vicent.jpg","width":2362,"height":1205},{"@type":"BreadcrumbList","@id":"https:\/\/turismo.benicassim.es\/va\/producte\/explorant-la-torre-de-sant-vicent-dimarts-29-de-juliol-a-les-2000-h\/#breadcrumb","itemListElement":[{"@type":"ListItem","position":1,"name":"Inicio","item":"https:\/\/turismo.benicassim.es\/va\/"},{"@type":"ListItem","position":2,"name":"Tenda","item":"https:\/\/turismo.benicassim.es\/va\/tenda\/"},{"@type":"ListItem","position":3,"name":"Explorant la Torre de Sant Vicent. Dimarts 29 de juliol a les 20:00 h"}]},{"@type":"WebSite","@id":"https:\/\/turismo.benicassim.es\/va\/#website","url":"https:\/\/turismo.benicassim.es\/va\/","name":"Benic\u00e0ssim Turismo","description":"Web de informaci\u00f3n de Turismo en Benicasim","potentialAction":[{"@type":"SearchAction","target":{"@type":"EntryPoint","urlTemplate":"https:\/\/turismo.benicassim.es\/va\/?s={search_term_string}"},"query-input":{"@type":"PropertyValueSpecification","valueRequired":true,"valueName":"search_term_string"}}],"inLanguage":"ca-CA"}]}},"_links":{"self":[{"href":"https:\/\/turismo.benicassim.es\/va\/wp-json\/wp\/v2\/product\/82589","targetHints":{"allow":["GET"]}}],"collection":[{"href":"https:\/\/turismo.benicassim.es\/va\/wp-json\/wp\/v2\/product"}],"about":[{"href":"https:\/\/turismo.benicassim.es\/va\/wp-json\/wp\/v2\/types\/product"}],"wp:featuredmedia":[{"embeddable":true,"href":"https:\/\/turismo.benicassim.es\/va\/wp-json\/wp\/v2\/media\/82048"}],"wp:attachment":[{"href":"https:\/\/turismo.benicassim.es\/va\/wp-json\/wp\/v2\/media?parent=82589"}],"wp:term":[{"taxonomy":"product_brand","embeddable":true,"href":"https:\/\/turismo.benicassim.es\/va\/wp-json\/wp\/v2\/product_brand?post=82589"},{"taxonomy":"product_cat","embeddable":true,"href":"https:\/\/turismo.benicassim.es\/va\/wp-json\/wp\/v2\/product_cat?post=82589"},{"taxonomy":"product_tag","embeddable":true,"href":"https:\/\/turismo.benicassim.es\/va\/wp-json\/wp\/v2\/product_tag?post=82589"}],"curies":[{"name":"wp","href":"https:\/\/api.w.org\/{rel}","templated":true}]}}