{"id":82981,"date":"2025-07-25T12:38:20","date_gmt":"2025-07-25T10:38:20","guid":{"rendered":"https:\/\/turismo.benicassim.es\/?post_type=product&#038;p=82981"},"modified":"2025-07-25T13:11:48","modified_gmt":"2025-07-25T11:11:48","slug":"una-historia-damor-entre-la-mar-i-el-tren-dissabte-16-dagost-de-2025","status":"publish","type":"product","link":"https:\/\/turismo.benicassim.es\/va\/producte\/una-historia-damor-entre-la-mar-i-el-tren-dissabte-16-dagost-de-2025\/","title":{"rendered":"Una hist\u00f2ria d&#8217;amor entre la mar i el tren. Dissabte, 16 d&#8217;agost de 2025"},"content":{"rendered":"<p align=\"left\"><span style=\"color: #000000;\"><span style=\"font-family: Liberation Serif, serif;\"><span style=\"font-size: medium;\"><strong><span style=\"color: #222222;\"><span lang=\"ca-ES\">Dissabte, 16 d&#8217;agost de 2025<br \/>\n<\/span><\/span><\/strong><\/span><\/span><\/span><span style=\"color: #000000;\"><span style=\"font-family: Liberation Serif, serif;\"><span style=\"font-size: large;\"><strong><span style=\"color: #222222;\"><span style=\"font-size: medium;\"><span lang=\"ca-ES\">Horari aprox.: 19:00 \u2013 21:30 h<br \/>\n<\/span><\/span><\/span><\/strong><\/span><\/span><\/span><span style=\"color: #000000;\"><span style=\"font-family: Liberation Serif, serif;\"><span style=\"font-size: medium;\"><strong><span style=\"color: #222222;\"><span lang=\"ca-ES\">Lloc: Hotel Voramar. <\/span><\/span><\/strong><strong><span style=\"color: #222222;\"><span lang=\"ca-ES\">P<\/span><\/span><\/strong><strong><span style=\"color: #222222;\"><span lang=\"ca-ES\">asseig<\/span><\/span><\/strong><strong><span style=\"color: #222222;\"><span lang=\"ca-ES\"> Pilar Coloma, 1.<br \/>\n<\/span><\/span><\/strong><\/span><\/span><\/span><span style=\"color: #000000;\"><span style=\"font-family: Liberation Serif, serif;\"><span style=\"font-size: medium;\"><strong><span style=\"color: #222222;\"><span lang=\"ca-ES\">Dist\u00e0ncia: 4 km<br \/>\n<\/span><\/span><\/strong><\/span><\/span><\/span><span style=\"color: #000000;\"><span style=\"font-family: Liberation Serif, serif;\"><span style=\"font-size: medium;\"><strong><span style=\"color: #222222;\"><span lang=\"ca-ES\">Dificultat: Baixa<br \/>\n<\/span><\/span><\/strong><\/span><\/span><\/span><span style=\"color: #000000;\"><span style=\"font-family: Liberation Serif, serif;\"><span style=\"font-size: medium;\"><strong><span style=\"color: #222222;\"><span lang=\"ca-ES\">P\u00fablic recomanat: <\/span><\/span><\/strong><strong><span style=\"color: #222222;\"><span lang=\"ca-ES\">Adults<br \/>\n<\/span><\/span><\/strong><\/span><\/span><\/span><span style=\"color: #000000;\"><span style=\"font-family: Liberation Serif, serif;\"><span style=\"font-size: medium;\"><strong><span style=\"color: #222222;\"><span lang=\"ca-ES\">Preu: 3 \u20ac (1,5 \u20ac redu\u00efda).<br \/>\n<\/span><\/span><\/strong><\/span><\/span><\/span><span style=\"color: #000000;\"><span style=\"font-family: Liberation Serif, serif;\"><span style=\"font-size: medium;\"><strong><span style=\"color: #222222;\"><span lang=\"ca-ES\">Descripci\u00f3: El c\u00e8lebre Joaqu\u00edn Coloma, pioner del turisme burg\u00e9s valenci\u00e0, al costat de la seua dona Pilar Fortis, no sols es van quedar a Benic\u00e0ssim per admirar les vies de tren que ell dissenyava, sin\u00f3 tamb\u00e9 per haver observat en la nostra badia un parad\u00eds natural que els va enamorar.<br \/>\n<\/span><\/span><\/strong><\/span><\/span><\/span><span style=\"color: #000000;\"><span style=\"font-family: Liberation Serif, serif;\"><span style=\"font-size: medium;\"><strong><span style=\"color: #222222;\"><span lang=\"ca-ES\">Mar i muntanya, intr\u00e8pids picapedrers i torres guaita, es funden al costat del fantasma del baluern ferroviari en un dels \u00faltims trams de costa salvatge que queden en el litoral castellonenc. Acompanyeu-nos a redescobrir les narracions de la hist\u00f2ria de la cara oculta i salvatge del Biarritz <\/span><\/span><\/strong><strong><span style=\"color: #222222;\"><span lang=\"ca-ES\">valenci\u00e0<\/span><\/span><\/strong><strong><span style=\"color: #222222;\"><span lang=\"ca-ES\">.<br \/>\nA m\u00e9s, en aquesta visita ens acompanyar\u00e0 un int\u00e8rpret en llengua de signes, amb la finalitat de afavorir la comunicaci\u00f3 entre les persones sordes, amb discapacitat auditiva i sordcegues, i les persones oients. La necessitat de disposar d\u2019aquest servei s\u2019haur\u00e0 de confirmar 48 hores abans de la visita. Tamb\u00e9 \u00e9s accessible per a cadira de rodes.<br \/>\n<\/span><\/span><\/strong><\/span><\/span><\/span><span style=\"color: #000000;\"><span style=\"font-family: Liberation Serif, serif;\"><span style=\"font-size: medium;\"><strong><span style=\"color: #222222;\"><span lang=\"ca-ES\">Recomanacions: Cal\u00e7at i roba esportiva lleugera i aigua. <\/span><\/span><\/strong><\/span><\/span><\/span><\/p>\n","protected":false},"excerpt":{"rendered":"<p>Dissabte, 16 d&#8217;agost de 2025 Horari aprox.: 19:00 \u2013 21:30 h Lloc: Hotel Voramar. Passeig Pilar Coloma, 1. Dist\u00e0ncia: 4 km Dificultat: Baixa P\u00fablic recomanat: Adults Preu: 3 \u20ac (1,5 \u20ac redu\u00efda). Descripci\u00f3: El c\u00e8lebre Joaqu\u00edn Coloma, pioner del turisme burg\u00e9s valenci\u00e0, al costat de la seua dona Pilar Fortis, no sols es van quedar [&hellip;]<\/p>\n","protected":false},"featured_media":77228,"template":"","meta":{"_acf_changed":false},"product_brand":[],"product_cat":[1242],"product_tag":[497,607,339,729,623,735,1152],"class_list":{"0":"post-82981","1":"product","2":"type-product","3":"status-publish","4":"has-post-thumbnail","6":"product_cat-historia-de-amor-entre-el-mar-y-el-tren-va","7":"product_tag-benicassim-va","8":"product_tag-benicassim-guided-tours-va","9":"product_tag-programa-oficial-de-visitas-guiadas-va","10":"product_tag-programa-oficial-de-visitas-guiadas-benicasim-va","11":"product_tag-rutas-guiadas-benicassim-va","12":"product_tag-senderismo-benicasim-va","13":"product_tag-via-verde-del-mar-va","15":"first","16":"instock","17":"shipping-taxable","18":"purchasable","19":"product-type-variable"},"acf":[],"yoast_head":"<!-- This site is optimized with the Yoast SEO plugin v27.4 - https:\/\/yoast.com\/product\/yoast-seo-wordpress\/ -->\n<title>Una hist\u00f2ria d&#039;amor entre la mar i el tren. Dissabte, 16 d&#039;agost de 2025 - Benic\u00e0ssim Turismo<\/title>\n<meta name=\"robots\" content=\"index, follow, max-snippet:-1, max-image-preview:large, max-video-preview:-1\" \/>\n<link rel=\"canonical\" href=\"https:\/\/turismo.benicassim.es\/va\/producte\/una-historia-damor-entre-la-mar-i-el-tren-dissabte-16-dagost-de-2025\/\" \/>\n<meta property=\"og:locale\" content=\"en_US\" \/>\n<meta property=\"og:type\" content=\"article\" \/>\n<meta property=\"og:title\" content=\"Una hist\u00f2ria d&#039;amor entre la mar i el tren. Dissabte, 16 d&#039;agost de 2025 - Benic\u00e0ssim Turismo\" \/>\n<meta property=\"og:description\" content=\"Dissabte, 16 d&#8217;agost de 2025 Horari aprox.: 19:00 \u2013 21:30 h Lloc: Hotel Voramar. Passeig Pilar Coloma, 1. Dist\u00e0ncia: 4 km Dificultat: Baixa P\u00fablic recomanat: Adults Preu: 3 \u20ac (1,5 \u20ac redu\u00efda). Descripci\u00f3: El c\u00e8lebre Joaqu\u00edn Coloma, pioner del turisme burg\u00e9s valenci\u00e0, al costat de la seua dona Pilar Fortis, no sols es van quedar [&hellip;]\" \/>\n<meta property=\"og:url\" content=\"https:\/\/turismo.benicassim.es\/va\/producte\/una-historia-damor-entre-la-mar-i-el-tren-dissabte-16-dagost-de-2025\/\" \/>\n<meta property=\"og:site_name\" content=\"Benic\u00e0ssim Turismo\" \/>\n<meta property=\"article:modified_time\" content=\"2025-07-25T11:11:48+00:00\" \/>\n<meta property=\"og:image\" content=\"https:\/\/turismo.benicassim.es\/wp-content\/uploads\/2024\/07\/Una-historia-de-amor-entre-el-mar-y-el-tren.png\" \/>\n\t<meta property=\"og:image:width\" content=\"934\" \/>\n\t<meta property=\"og:image:height\" content=\"726\" \/>\n\t<meta property=\"og:image:type\" content=\"image\/png\" \/>\n<meta name=\"twitter:card\" content=\"summary_large_image\" \/>\n<meta name=\"twitter:label1\" content=\"Est. reading time\" \/>\n\t<meta name=\"twitter:data1\" content=\"2 minutes\" \/>\n<script type=\"application\/ld+json\" class=\"yoast-schema-graph\">{\"@context\":\"https:\\\/\\\/schema.org\",\"@graph\":[{\"@type\":\"WebPage\",\"@id\":\"https:\\\/\\\/turismo.benicassim.es\\\/va\\\/producte\\\/una-historia-damor-entre-la-mar-i-el-tren-dissabte-16-dagost-de-2025\\\/\",\"url\":\"https:\\\/\\\/turismo.benicassim.es\\\/va\\\/producte\\\/una-historia-damor-entre-la-mar-i-el-tren-dissabte-16-dagost-de-2025\\\/\",\"name\":\"Una hist\u00f2ria d'amor entre la mar i el tren. Dissabte, 16 d'agost de 2025 - Benic\u00e0ssim Turismo\",\"isPartOf\":{\"@id\":\"https:\\\/\\\/turismo.benicassim.es\\\/va\\\/#website\"},\"primaryImageOfPage\":{\"@id\":\"https:\\\/\\\/turismo.benicassim.es\\\/va\\\/producte\\\/una-historia-damor-entre-la-mar-i-el-tren-dissabte-16-dagost-de-2025\\\/#primaryimage\"},\"image\":{\"@id\":\"https:\\\/\\\/turismo.benicassim.es\\\/va\\\/producte\\\/una-historia-damor-entre-la-mar-i-el-tren-dissabte-16-dagost-de-2025\\\/#primaryimage\"},\"thumbnailUrl\":\"https:\\\/\\\/turismo.benicassim.es\\\/wp-content\\\/uploads\\\/2024\\\/07\\\/Una-historia-de-amor-entre-el-mar-y-el-tren.png\",\"datePublished\":\"2025-07-25T10:38:20+00:00\",\"dateModified\":\"2025-07-25T11:11:48+00:00\",\"breadcrumb\":{\"@id\":\"https:\\\/\\\/turismo.benicassim.es\\\/va\\\/producte\\\/una-historia-damor-entre-la-mar-i-el-tren-dissabte-16-dagost-de-2025\\\/#breadcrumb\"},\"inLanguage\":\"ca-CA\",\"potentialAction\":[{\"@type\":\"ReadAction\",\"target\":[\"https:\\\/\\\/turismo.benicassim.es\\\/va\\\/producte\\\/una-historia-damor-entre-la-mar-i-el-tren-dissabte-16-dagost-de-2025\\\/\"]}]},{\"@type\":\"ImageObject\",\"inLanguage\":\"ca-CA\",\"@id\":\"https:\\\/\\\/turismo.benicassim.es\\\/va\\\/producte\\\/una-historia-damor-entre-la-mar-i-el-tren-dissabte-16-dagost-de-2025\\\/#primaryimage\",\"url\":\"https:\\\/\\\/turismo.benicassim.es\\\/wp-content\\\/uploads\\\/2024\\\/07\\\/Una-historia-de-amor-entre-el-mar-y-el-tren.png\",\"contentUrl\":\"https:\\\/\\\/turismo.benicassim.es\\\/wp-content\\\/uploads\\\/2024\\\/07\\\/Una-historia-de-amor-entre-el-mar-y-el-tren.png\",\"width\":934,\"height\":726},{\"@type\":\"BreadcrumbList\",\"@id\":\"https:\\\/\\\/turismo.benicassim.es\\\/va\\\/producte\\\/una-historia-damor-entre-la-mar-i-el-tren-dissabte-16-dagost-de-2025\\\/#breadcrumb\",\"itemListElement\":[{\"@type\":\"ListItem\",\"position\":1,\"name\":\"Inicio\",\"item\":\"https:\\\/\\\/turismo.benicassim.es\\\/va\\\/\"},{\"@type\":\"ListItem\",\"position\":2,\"name\":\"Tenda\",\"item\":\"https:\\\/\\\/turismo.benicassim.es\\\/va\\\/tenda\\\/\"},{\"@type\":\"ListItem\",\"position\":3,\"name\":\"Una hist\u00f2ria d&#8217;amor entre la mar i el tren. Dissabte, 16 d&#8217;agost de 2025\"}]},{\"@type\":\"WebSite\",\"@id\":\"https:\\\/\\\/turismo.benicassim.es\\\/va\\\/#website\",\"url\":\"https:\\\/\\\/turismo.benicassim.es\\\/va\\\/\",\"name\":\"Benic\u00e0ssim Turismo\",\"description\":\"Web de informaci\u00f3n de Turismo en Benicasim\",\"potentialAction\":[{\"@type\":\"SearchAction\",\"target\":{\"@type\":\"EntryPoint\",\"urlTemplate\":\"https:\\\/\\\/turismo.benicassim.es\\\/va\\\/?s={search_term_string}\"},\"query-input\":{\"@type\":\"PropertyValueSpecification\",\"valueRequired\":true,\"valueName\":\"search_term_string\"}}],\"inLanguage\":\"ca-CA\"}]}<\/script>\n<!-- \/ Yoast SEO plugin. -->","yoast_head_json":{"title":"Una hist\u00f2ria d'amor entre la mar i el tren. Dissabte, 16 d'agost de 2025 - Benic\u00e0ssim Turismo","robots":{"index":"index","follow":"follow","max-snippet":"max-snippet:-1","max-image-preview":"max-image-preview:large","max-video-preview":"max-video-preview:-1"},"canonical":"https:\/\/turismo.benicassim.es\/va\/producte\/una-historia-damor-entre-la-mar-i-el-tren-dissabte-16-dagost-de-2025\/","og_locale":"en_US","og_type":"article","og_title":"Una hist\u00f2ria d'amor entre la mar i el tren. Dissabte, 16 d'agost de 2025 - Benic\u00e0ssim Turismo","og_description":"Dissabte, 16 d&#8217;agost de 2025 Horari aprox.: 19:00 \u2013 21:30 h Lloc: Hotel Voramar. Passeig Pilar Coloma, 1. Dist\u00e0ncia: 4 km Dificultat: Baixa P\u00fablic recomanat: Adults Preu: 3 \u20ac (1,5 \u20ac redu\u00efda). Descripci\u00f3: El c\u00e8lebre Joaqu\u00edn Coloma, pioner del turisme burg\u00e9s valenci\u00e0, al costat de la seua dona Pilar Fortis, no sols es van quedar [&hellip;]","og_url":"https:\/\/turismo.benicassim.es\/va\/producte\/una-historia-damor-entre-la-mar-i-el-tren-dissabte-16-dagost-de-2025\/","og_site_name":"Benic\u00e0ssim Turismo","article_modified_time":"2025-07-25T11:11:48+00:00","og_image":[{"width":934,"height":726,"url":"https:\/\/turismo.benicassim.es\/wp-content\/uploads\/2024\/07\/Una-historia-de-amor-entre-el-mar-y-el-tren.png","type":"image\/png"}],"twitter_card":"summary_large_image","twitter_misc":{"Est. reading time":"2 minutes"},"schema":{"@context":"https:\/\/schema.org","@graph":[{"@type":"WebPage","@id":"https:\/\/turismo.benicassim.es\/va\/producte\/una-historia-damor-entre-la-mar-i-el-tren-dissabte-16-dagost-de-2025\/","url":"https:\/\/turismo.benicassim.es\/va\/producte\/una-historia-damor-entre-la-mar-i-el-tren-dissabte-16-dagost-de-2025\/","name":"Una hist\u00f2ria d'amor entre la mar i el tren. Dissabte, 16 d'agost de 2025 - Benic\u00e0ssim Turismo","isPartOf":{"@id":"https:\/\/turismo.benicassim.es\/va\/#website"},"primaryImageOfPage":{"@id":"https:\/\/turismo.benicassim.es\/va\/producte\/una-historia-damor-entre-la-mar-i-el-tren-dissabte-16-dagost-de-2025\/#primaryimage"},"image":{"@id":"https:\/\/turismo.benicassim.es\/va\/producte\/una-historia-damor-entre-la-mar-i-el-tren-dissabte-16-dagost-de-2025\/#primaryimage"},"thumbnailUrl":"https:\/\/turismo.benicassim.es\/wp-content\/uploads\/2024\/07\/Una-historia-de-amor-entre-el-mar-y-el-tren.png","datePublished":"2025-07-25T10:38:20+00:00","dateModified":"2025-07-25T11:11:48+00:00","breadcrumb":{"@id":"https:\/\/turismo.benicassim.es\/va\/producte\/una-historia-damor-entre-la-mar-i-el-tren-dissabte-16-dagost-de-2025\/#breadcrumb"},"inLanguage":"ca-CA","potentialAction":[{"@type":"ReadAction","target":["https:\/\/turismo.benicassim.es\/va\/producte\/una-historia-damor-entre-la-mar-i-el-tren-dissabte-16-dagost-de-2025\/"]}]},{"@type":"ImageObject","inLanguage":"ca-CA","@id":"https:\/\/turismo.benicassim.es\/va\/producte\/una-historia-damor-entre-la-mar-i-el-tren-dissabte-16-dagost-de-2025\/#primaryimage","url":"https:\/\/turismo.benicassim.es\/wp-content\/uploads\/2024\/07\/Una-historia-de-amor-entre-el-mar-y-el-tren.png","contentUrl":"https:\/\/turismo.benicassim.es\/wp-content\/uploads\/2024\/07\/Una-historia-de-amor-entre-el-mar-y-el-tren.png","width":934,"height":726},{"@type":"BreadcrumbList","@id":"https:\/\/turismo.benicassim.es\/va\/producte\/una-historia-damor-entre-la-mar-i-el-tren-dissabte-16-dagost-de-2025\/#breadcrumb","itemListElement":[{"@type":"ListItem","position":1,"name":"Inicio","item":"https:\/\/turismo.benicassim.es\/va\/"},{"@type":"ListItem","position":2,"name":"Tenda","item":"https:\/\/turismo.benicassim.es\/va\/tenda\/"},{"@type":"ListItem","position":3,"name":"Una hist\u00f2ria d&#8217;amor entre la mar i el tren. Dissabte, 16 d&#8217;agost de 2025"}]},{"@type":"WebSite","@id":"https:\/\/turismo.benicassim.es\/va\/#website","url":"https:\/\/turismo.benicassim.es\/va\/","name":"Benic\u00e0ssim Turismo","description":"Web de informaci\u00f3n de Turismo en Benicasim","potentialAction":[{"@type":"SearchAction","target":{"@type":"EntryPoint","urlTemplate":"https:\/\/turismo.benicassim.es\/va\/?s={search_term_string}"},"query-input":{"@type":"PropertyValueSpecification","valueRequired":true,"valueName":"search_term_string"}}],"inLanguage":"ca-CA"}]}},"_links":{"self":[{"href":"https:\/\/turismo.benicassim.es\/va\/wp-json\/wp\/v2\/product\/82981","targetHints":{"allow":["GET"]}}],"collection":[{"href":"https:\/\/turismo.benicassim.es\/va\/wp-json\/wp\/v2\/product"}],"about":[{"href":"https:\/\/turismo.benicassim.es\/va\/wp-json\/wp\/v2\/types\/product"}],"wp:featuredmedia":[{"embeddable":true,"href":"https:\/\/turismo.benicassim.es\/va\/wp-json\/wp\/v2\/media\/77228"}],"wp:attachment":[{"href":"https:\/\/turismo.benicassim.es\/va\/wp-json\/wp\/v2\/media?parent=82981"}],"wp:term":[{"taxonomy":"product_brand","embeddable":true,"href":"https:\/\/turismo.benicassim.es\/va\/wp-json\/wp\/v2\/product_brand?post=82981"},{"taxonomy":"product_cat","embeddable":true,"href":"https:\/\/turismo.benicassim.es\/va\/wp-json\/wp\/v2\/product_cat?post=82981"},{"taxonomy":"product_tag","embeddable":true,"href":"https:\/\/turismo.benicassim.es\/va\/wp-json\/wp\/v2\/product_tag?post=82981"}],"curies":[{"name":"wp","href":"https:\/\/api.w.org\/{rel}","templated":true}]}}