{"id":83435,"date":"2025-08-07T12:01:09","date_gmt":"2025-08-07T10:01:09","guid":{"rendered":"https:\/\/turismo.benicassim.es\/producto\/el-fantasma-de-mechain-y-el-meridiano-de-paris-teatralizada-martes-19-de-agosto-de-2025\/"},"modified":"2025-08-19T17:54:14","modified_gmt":"2025-08-19T15:54:14","slug":"el-fantasma-de-mechain-y-el-meridiano-de-paris-teatralizada-martes-19-de-agosto-de-2025","status":"publish","type":"product","link":"https:\/\/turismo.benicassim.es\/va\/producte\/el-fantasma-de-mechain-y-el-meridiano-de-paris-teatralizada-martes-19-de-agosto-de-2025\/","title":{"rendered":"El fantasma de M\u00e9chain i el meridi\u00e0 de Par\u00eds (teatralitzada).  Dimarts, 26 d\u2019agost de 2025"},"content":{"rendered":"<p align=\"left\"><span style=\"color: #222222;\"><span style=\"font-family: Liberation Serif, serif;\"><span style=\"font-size: medium;\">Dimarts, 26 d\u2019agost de 2025<br \/>\n<\/span><\/span><\/span><span style=\"color: #222222;\"><span style=\"font-family: Liberation Serif, serif;\"><span style=\"font-size: medium;\"><strong>Horari aprox.:<\/strong> 19.00 \u2013 21.30 h<br \/>\n<\/span><\/span><\/span><span style=\"color: #222222;\"><span style=\"font-family: Liberation Serif, serif;\"><span style=\"font-size: medium;\"><strong>Lloc: <\/strong>P\u00e0rquing del Monestir del Desert de les Palmes<br \/>\n<\/span><\/span><\/span><span style=\"color: #2b2a99;\"><span style=\"font-family: Liberation Serif, serif;\"><span style=\"font-size: medium;\"><a href=\"https:\/\/goo.gl\/maps\/pkYhn3xpNoG61QWh6\">https:\/\/goo.gl\/maps\/pkYhn3xpNoG61QWh6<\/a><br \/>\n<\/span><\/span><\/span><span style=\"color: #222222;\"><span style=\"font-family: Liberation Serif, serif;\"><span style=\"font-size: medium;\"><strong>Dist\u00e0ncia:<\/strong> 4 km<br \/>\n<\/span><\/span><\/span><span style=\"color: #222222;\"><span style=\"font-family: Liberation Serif, serif;\"><span style=\"font-size: medium;\"><strong>Dificultat:<\/strong> Baixa<br \/>\n<\/span><\/span><\/span><span style=\"color: #222222;\"><span style=\"font-family: Liberation Serif, serif;\"><span style=\"font-size: medium;\"><strong>P\u00fablic recomanat:<\/strong> p\u00fablic familiar amb lleugera experi\u00e8ncia senderista pr\u00e8via.<br \/>\n<\/span><\/span><\/span><span style=\"color: #222222;\"><span style=\"font-family: Liberation Serif, serif;\"><span style=\"font-size: medium;\"><strong>Preu<\/strong>: 5 \u20ac (2,5 \u20ac redu\u00efda).<br \/>\n<\/span><\/span><\/span><span style=\"color: #222222;\"><span style=\"font-family: Liberation Serif, serif;\"><span style=\"font-size: medium;\"><strong>Descripci\u00f3:<\/strong> Poca gent ho sap, per\u00f2 un dels art\u00edfexs del sistema m\u00e8tric, l&#8217;astr\u00f2nom Pierre M\u00e9chain va desenrotllar les seues teories al Parc Natural del Desert de les Palmes. A m\u00e9s, va morir d&#8217;una malaltia transmesa per un mosquit i va ser enterrat a Castell\u00f3. No obstant aix\u00f2, es rumoreja que el seu fantasma continua visitant les muntanyes de Benic\u00e0ssim i intentant travessar-les per a tornar a Fran\u00e7a, la seua terra natal.<br \/>\n<\/span><\/span><\/span><span style=\"color: #222222;\"><span style=\"font-family: Liberation Serif, serif;\"><span style=\"font-size: medium;\"><strong>Recomanacions<\/strong>: Cal\u00e7at i roba esportiva i aigua. <\/span><\/span><\/span><\/p>\n","protected":false},"excerpt":{"rendered":"<p>Dimarts, 26 d\u2019agost de 2025 Horari aprox.: 19.00 \u2013 21.30 h Lloc: P\u00e0rquing del Monestir del Desert de les Palmes https:\/\/goo.gl\/maps\/pkYhn3xpNoG61QWh6 Dist\u00e0ncia: 4 km Dificultat: Baixa P\u00fablic recomanat: p\u00fablic familiar amb lleugera experi\u00e8ncia senderista pr\u00e8via. Preu: 5 \u20ac (2,5 \u20ac redu\u00efda). Descripci\u00f3: Poca gent ho sap, per\u00f2 un dels art\u00edfexs del sistema m\u00e8tric, l&#8217;astr\u00f2nom Pierre [&hellip;]<\/p>\n","protected":false},"featured_media":77453,"template":"","meta":{"_acf_changed":false},"product_brand":[],"product_cat":[384],"product_tag":[647,674,649,497,607,339,729,551,1164],"class_list":{"0":"post-83435","1":"product","2":"type-product","3":"status-publish","4":"has-post-thumbnail","6":"product_cat-el-fantasma-de-pierre-mechain-y-el-meridiano-de-greenwich-teatralizada-va","7":"product_tag-actividades-con-ninos-en-benicasim-va","8":"product_tag-actividades-infantiles-va","9":"product_tag-activitats-amb-xiquets-a-benicassim-va","10":"product_tag-benicassim-va","11":"product_tag-benicassim-guided-tours-va","12":"product_tag-programa-oficial-de-visitas-guiadas-va","13":"product_tag-programa-oficial-de-visitas-guiadas-benicasim-va","14":"product_tag-programa-oficial-visitas-guiadas-benicasim-va","15":"product_tag-what-can-i-do-with-children-in-benicasim-va","17":"first","18":"instock","19":"shipping-taxable","20":"purchasable","21":"product-type-variable"},"acf":[],"yoast_head":"<!-- This site is optimized with the Yoast SEO plugin v27.4 - https:\/\/yoast.com\/product\/yoast-seo-wordpress\/ -->\n<title>El fantasma de M\u00e9chain i el meridi\u00e0 de Par\u00eds (teatralitzada). Dimarts, 26 d\u2019agost de 2025 - Benic\u00e0ssim Turismo<\/title>\n<meta name=\"robots\" content=\"index, follow, max-snippet:-1, max-image-preview:large, max-video-preview:-1\" \/>\n<link rel=\"canonical\" href=\"https:\/\/turismo.benicassim.es\/va\/producte\/el-fantasma-de-mechain-y-el-meridiano-de-paris-teatralizada-martes-19-de-agosto-de-2025\/\" \/>\n<meta property=\"og:locale\" content=\"en_US\" \/>\n<meta property=\"og:type\" content=\"article\" \/>\n<meta property=\"og:title\" content=\"El fantasma de M\u00e9chain i el meridi\u00e0 de Par\u00eds (teatralitzada). Dimarts, 26 d\u2019agost de 2025 - Benic\u00e0ssim Turismo\" \/>\n<meta property=\"og:description\" content=\"Dimarts, 26 d\u2019agost de 2025 Horari aprox.: 19.00 \u2013 21.30 h Lloc: P\u00e0rquing del Monestir del Desert de les Palmes https:\/\/goo.gl\/maps\/pkYhn3xpNoG61QWh6 Dist\u00e0ncia: 4 km Dificultat: Baixa P\u00fablic recomanat: p\u00fablic familiar amb lleugera experi\u00e8ncia senderista pr\u00e8via. Preu: 5 \u20ac (2,5 \u20ac redu\u00efda). Descripci\u00f3: Poca gent ho sap, per\u00f2 un dels art\u00edfexs del sistema m\u00e8tric, l&#8217;astr\u00f2nom Pierre [&hellip;]\" \/>\n<meta property=\"og:url\" content=\"https:\/\/turismo.benicassim.es\/va\/producte\/el-fantasma-de-mechain-y-el-meridiano-de-paris-teatralizada-martes-19-de-agosto-de-2025\/\" \/>\n<meta property=\"og:site_name\" content=\"Benic\u00e0ssim Turismo\" \/>\n<meta property=\"article:modified_time\" content=\"2025-08-19T15:54:14+00:00\" \/>\n<meta property=\"og:image\" content=\"https:\/\/turismo.benicassim.es\/wp-content\/uploads\/2024\/07\/Fantasma-Mechain.jpg\" \/>\n\t<meta property=\"og:image:width\" content=\"1772\" \/>\n\t<meta property=\"og:image:height\" content=\"1182\" \/>\n\t<meta property=\"og:image:type\" content=\"image\/jpeg\" \/>\n<meta name=\"twitter:card\" content=\"summary_large_image\" \/>\n<meta name=\"twitter:label1\" content=\"Est. reading time\" \/>\n\t<meta name=\"twitter:data1\" content=\"1 minute\" \/>\n<script type=\"application\/ld+json\" class=\"yoast-schema-graph\">{\"@context\":\"https:\\\/\\\/schema.org\",\"@graph\":[{\"@type\":\"WebPage\",\"@id\":\"https:\\\/\\\/turismo.benicassim.es\\\/va\\\/producte\\\/el-fantasma-de-mechain-y-el-meridiano-de-paris-teatralizada-martes-19-de-agosto-de-2025\\\/\",\"url\":\"https:\\\/\\\/turismo.benicassim.es\\\/va\\\/producte\\\/el-fantasma-de-mechain-y-el-meridiano-de-paris-teatralizada-martes-19-de-agosto-de-2025\\\/\",\"name\":\"El fantasma de M\u00e9chain i el meridi\u00e0 de Par\u00eds (teatralitzada). Dimarts, 26 d\u2019agost de 2025 - Benic\u00e0ssim Turismo\",\"isPartOf\":{\"@id\":\"https:\\\/\\\/turismo.benicassim.es\\\/va\\\/#website\"},\"primaryImageOfPage\":{\"@id\":\"https:\\\/\\\/turismo.benicassim.es\\\/va\\\/producte\\\/el-fantasma-de-mechain-y-el-meridiano-de-paris-teatralizada-martes-19-de-agosto-de-2025\\\/#primaryimage\"},\"image\":{\"@id\":\"https:\\\/\\\/turismo.benicassim.es\\\/va\\\/producte\\\/el-fantasma-de-mechain-y-el-meridiano-de-paris-teatralizada-martes-19-de-agosto-de-2025\\\/#primaryimage\"},\"thumbnailUrl\":\"https:\\\/\\\/turismo.benicassim.es\\\/wp-content\\\/uploads\\\/2024\\\/07\\\/Fantasma-Mechain.jpg\",\"datePublished\":\"2025-08-07T10:01:09+00:00\",\"dateModified\":\"2025-08-19T15:54:14+00:00\",\"breadcrumb\":{\"@id\":\"https:\\\/\\\/turismo.benicassim.es\\\/va\\\/producte\\\/el-fantasma-de-mechain-y-el-meridiano-de-paris-teatralizada-martes-19-de-agosto-de-2025\\\/#breadcrumb\"},\"inLanguage\":\"ca-CA\",\"potentialAction\":[{\"@type\":\"ReadAction\",\"target\":[\"https:\\\/\\\/turismo.benicassim.es\\\/va\\\/producte\\\/el-fantasma-de-mechain-y-el-meridiano-de-paris-teatralizada-martes-19-de-agosto-de-2025\\\/\"]}]},{\"@type\":\"ImageObject\",\"inLanguage\":\"ca-CA\",\"@id\":\"https:\\\/\\\/turismo.benicassim.es\\\/va\\\/producte\\\/el-fantasma-de-mechain-y-el-meridiano-de-paris-teatralizada-martes-19-de-agosto-de-2025\\\/#primaryimage\",\"url\":\"https:\\\/\\\/turismo.benicassim.es\\\/wp-content\\\/uploads\\\/2024\\\/07\\\/Fantasma-Mechain.jpg\",\"contentUrl\":\"https:\\\/\\\/turismo.benicassim.es\\\/wp-content\\\/uploads\\\/2024\\\/07\\\/Fantasma-Mechain.jpg\",\"width\":1772,\"height\":1182},{\"@type\":\"BreadcrumbList\",\"@id\":\"https:\\\/\\\/turismo.benicassim.es\\\/va\\\/producte\\\/el-fantasma-de-mechain-y-el-meridiano-de-paris-teatralizada-martes-19-de-agosto-de-2025\\\/#breadcrumb\",\"itemListElement\":[{\"@type\":\"ListItem\",\"position\":1,\"name\":\"Inicio\",\"item\":\"https:\\\/\\\/turismo.benicassim.es\\\/va\\\/\"},{\"@type\":\"ListItem\",\"position\":2,\"name\":\"Tenda\",\"item\":\"https:\\\/\\\/turismo.benicassim.es\\\/va\\\/tenda\\\/\"},{\"@type\":\"ListItem\",\"position\":3,\"name\":\"El fantasma de M\u00e9chain i el meridi\u00e0 de Par\u00eds (teatralitzada). Dimarts, 26 d\u2019agost de 2025\"}]},{\"@type\":\"WebSite\",\"@id\":\"https:\\\/\\\/turismo.benicassim.es\\\/va\\\/#website\",\"url\":\"https:\\\/\\\/turismo.benicassim.es\\\/va\\\/\",\"name\":\"Benic\u00e0ssim Turismo\",\"description\":\"Web de informaci\u00f3n de Turismo en Benicasim\",\"potentialAction\":[{\"@type\":\"SearchAction\",\"target\":{\"@type\":\"EntryPoint\",\"urlTemplate\":\"https:\\\/\\\/turismo.benicassim.es\\\/va\\\/?s={search_term_string}\"},\"query-input\":{\"@type\":\"PropertyValueSpecification\",\"valueRequired\":true,\"valueName\":\"search_term_string\"}}],\"inLanguage\":\"ca-CA\"}]}<\/script>\n<!-- \/ Yoast SEO plugin. -->","yoast_head_json":{"title":"El fantasma de M\u00e9chain i el meridi\u00e0 de Par\u00eds (teatralitzada). Dimarts, 26 d\u2019agost de 2025 - Benic\u00e0ssim Turismo","robots":{"index":"index","follow":"follow","max-snippet":"max-snippet:-1","max-image-preview":"max-image-preview:large","max-video-preview":"max-video-preview:-1"},"canonical":"https:\/\/turismo.benicassim.es\/va\/producte\/el-fantasma-de-mechain-y-el-meridiano-de-paris-teatralizada-martes-19-de-agosto-de-2025\/","og_locale":"en_US","og_type":"article","og_title":"El fantasma de M\u00e9chain i el meridi\u00e0 de Par\u00eds (teatralitzada). Dimarts, 26 d\u2019agost de 2025 - Benic\u00e0ssim Turismo","og_description":"Dimarts, 26 d\u2019agost de 2025 Horari aprox.: 19.00 \u2013 21.30 h Lloc: P\u00e0rquing del Monestir del Desert de les Palmes https:\/\/goo.gl\/maps\/pkYhn3xpNoG61QWh6 Dist\u00e0ncia: 4 km Dificultat: Baixa P\u00fablic recomanat: p\u00fablic familiar amb lleugera experi\u00e8ncia senderista pr\u00e8via. Preu: 5 \u20ac (2,5 \u20ac redu\u00efda). Descripci\u00f3: Poca gent ho sap, per\u00f2 un dels art\u00edfexs del sistema m\u00e8tric, l&#8217;astr\u00f2nom Pierre [&hellip;]","og_url":"https:\/\/turismo.benicassim.es\/va\/producte\/el-fantasma-de-mechain-y-el-meridiano-de-paris-teatralizada-martes-19-de-agosto-de-2025\/","og_site_name":"Benic\u00e0ssim Turismo","article_modified_time":"2025-08-19T15:54:14+00:00","og_image":[{"width":1772,"height":1182,"url":"https:\/\/turismo.benicassim.es\/wp-content\/uploads\/2024\/07\/Fantasma-Mechain.jpg","type":"image\/jpeg"}],"twitter_card":"summary_large_image","twitter_misc":{"Est. reading time":"1 minute"},"schema":{"@context":"https:\/\/schema.org","@graph":[{"@type":"WebPage","@id":"https:\/\/turismo.benicassim.es\/va\/producte\/el-fantasma-de-mechain-y-el-meridiano-de-paris-teatralizada-martes-19-de-agosto-de-2025\/","url":"https:\/\/turismo.benicassim.es\/va\/producte\/el-fantasma-de-mechain-y-el-meridiano-de-paris-teatralizada-martes-19-de-agosto-de-2025\/","name":"El fantasma de M\u00e9chain i el meridi\u00e0 de Par\u00eds (teatralitzada). Dimarts, 26 d\u2019agost de 2025 - Benic\u00e0ssim Turismo","isPartOf":{"@id":"https:\/\/turismo.benicassim.es\/va\/#website"},"primaryImageOfPage":{"@id":"https:\/\/turismo.benicassim.es\/va\/producte\/el-fantasma-de-mechain-y-el-meridiano-de-paris-teatralizada-martes-19-de-agosto-de-2025\/#primaryimage"},"image":{"@id":"https:\/\/turismo.benicassim.es\/va\/producte\/el-fantasma-de-mechain-y-el-meridiano-de-paris-teatralizada-martes-19-de-agosto-de-2025\/#primaryimage"},"thumbnailUrl":"https:\/\/turismo.benicassim.es\/wp-content\/uploads\/2024\/07\/Fantasma-Mechain.jpg","datePublished":"2025-08-07T10:01:09+00:00","dateModified":"2025-08-19T15:54:14+00:00","breadcrumb":{"@id":"https:\/\/turismo.benicassim.es\/va\/producte\/el-fantasma-de-mechain-y-el-meridiano-de-paris-teatralizada-martes-19-de-agosto-de-2025\/#breadcrumb"},"inLanguage":"ca-CA","potentialAction":[{"@type":"ReadAction","target":["https:\/\/turismo.benicassim.es\/va\/producte\/el-fantasma-de-mechain-y-el-meridiano-de-paris-teatralizada-martes-19-de-agosto-de-2025\/"]}]},{"@type":"ImageObject","inLanguage":"ca-CA","@id":"https:\/\/turismo.benicassim.es\/va\/producte\/el-fantasma-de-mechain-y-el-meridiano-de-paris-teatralizada-martes-19-de-agosto-de-2025\/#primaryimage","url":"https:\/\/turismo.benicassim.es\/wp-content\/uploads\/2024\/07\/Fantasma-Mechain.jpg","contentUrl":"https:\/\/turismo.benicassim.es\/wp-content\/uploads\/2024\/07\/Fantasma-Mechain.jpg","width":1772,"height":1182},{"@type":"BreadcrumbList","@id":"https:\/\/turismo.benicassim.es\/va\/producte\/el-fantasma-de-mechain-y-el-meridiano-de-paris-teatralizada-martes-19-de-agosto-de-2025\/#breadcrumb","itemListElement":[{"@type":"ListItem","position":1,"name":"Inicio","item":"https:\/\/turismo.benicassim.es\/va\/"},{"@type":"ListItem","position":2,"name":"Tenda","item":"https:\/\/turismo.benicassim.es\/va\/tenda\/"},{"@type":"ListItem","position":3,"name":"El fantasma de M\u00e9chain i el meridi\u00e0 de Par\u00eds (teatralitzada). Dimarts, 26 d\u2019agost de 2025"}]},{"@type":"WebSite","@id":"https:\/\/turismo.benicassim.es\/va\/#website","url":"https:\/\/turismo.benicassim.es\/va\/","name":"Benic\u00e0ssim Turismo","description":"Web de informaci\u00f3n de Turismo en Benicasim","potentialAction":[{"@type":"SearchAction","target":{"@type":"EntryPoint","urlTemplate":"https:\/\/turismo.benicassim.es\/va\/?s={search_term_string}"},"query-input":{"@type":"PropertyValueSpecification","valueRequired":true,"valueName":"search_term_string"}}],"inLanguage":"ca-CA"}]}},"_links":{"self":[{"href":"https:\/\/turismo.benicassim.es\/va\/wp-json\/wp\/v2\/product\/83435","targetHints":{"allow":["GET"]}}],"collection":[{"href":"https:\/\/turismo.benicassim.es\/va\/wp-json\/wp\/v2\/product"}],"about":[{"href":"https:\/\/turismo.benicassim.es\/va\/wp-json\/wp\/v2\/types\/product"}],"wp:featuredmedia":[{"embeddable":true,"href":"https:\/\/turismo.benicassim.es\/va\/wp-json\/wp\/v2\/media\/77453"}],"wp:attachment":[{"href":"https:\/\/turismo.benicassim.es\/va\/wp-json\/wp\/v2\/media?parent=83435"}],"wp:term":[{"taxonomy":"product_brand","embeddable":true,"href":"https:\/\/turismo.benicassim.es\/va\/wp-json\/wp\/v2\/product_brand?post=83435"},{"taxonomy":"product_cat","embeddable":true,"href":"https:\/\/turismo.benicassim.es\/va\/wp-json\/wp\/v2\/product_cat?post=83435"},{"taxonomy":"product_tag","embeddable":true,"href":"https:\/\/turismo.benicassim.es\/va\/wp-json\/wp\/v2\/product_tag?post=83435"}],"curies":[{"name":"wp","href":"https:\/\/api.w.org\/{rel}","templated":true}]}}