{"id":83481,"date":"2025-08-08T11:01:05","date_gmt":"2025-08-08T09:01:05","guid":{"rendered":"https:\/\/turismo.benicassim.es\/producto\/family-fest-geocaching-musical-en-las-calles-del-pueblo-sabado-30-de-agosto-2025\/"},"modified":"2025-08-08T11:19:44","modified_gmt":"2025-08-08T09:19:44","slug":"family-fest-geocaching-musical-en-las-calles-del-pueblo-sabado-30-de-agosto-2025","status":"publish","type":"product","link":"https:\/\/turismo.benicassim.es\/va\/producte\/family-fest-geocaching-musical-en-las-calles-del-pueblo-sabado-30-de-agosto-2025\/","title":{"rendered":"Family Fest. Geocaching musical pels carrers del poble. Dissabte, 30 d&#8217;agost 2025."},"content":{"rendered":"<p align=\"left\"><strong><span style=\"color: #222222;\"><span style=\"font-family: Liberation Serif, serif;\"><span style=\"font-size: medium;\"><span lang=\"es-ES\">Dia: <\/span><\/span><\/span><\/span><\/strong><span style=\"color: #222222;\"><span style=\"font-family: Liberation Serif, serif;\"><span style=\"font-size: medium;\"><span lang=\"es-ES\">Dissabte 30 d&#8217;agost<\/span><\/span><\/span><\/span><strong><span style=\"color: #222222;\"><span style=\"font-family: Liberation Serif, serif;\"><span style=\"font-size: medium;\"><span lang=\"es-ES\"><br \/>\nHorari aprox.:<\/span><\/span><\/span><\/span><\/strong><span style=\"color: #222222;\"><span style=\"font-family: Liberation Serif, serif;\"><span style=\"font-size: medium;\"><span lang=\"es-ES\"> 18:30 \u2013 20:00 h<\/span><\/span><\/span><\/span><strong><span style=\"color: #222222;\"><span style=\"font-family: Liberation Serif, serif;\"><span style=\"font-size: medium;\"><span lang=\"es-ES\"><br \/>\n<\/span><\/span><\/span><\/span><\/strong><strong><span style=\"color: #222222;\"><span style=\"font-family: Liberation Serif, serif;\"><span style=\"font-size: medium;\"><span lang=\"es-ES\">Lloc:<\/span><\/span><\/span><\/span><\/strong><span style=\"color: #222222;\"><span style=\"font-family: Liberation Serif, serif;\"><span style=\"font-size: medium;\"><span lang=\"es-ES\"> Pla\u00e7a Constituci\u00f3 (darrere de l&#8217;esgl\u00e9sia <\/span><\/span><\/span><\/span><span style=\"color: #222222;\"><span style=\"font-family: Liberation Serif, serif;\"><span style=\"font-size: medium;\"><span lang=\"ca-ES-valencia\">Santo Tom\u00e1s<\/span><\/span><\/span><\/span><span style=\"color: #222222;\"><span style=\"font-family: Liberation Serif, serif;\"><span style=\"font-size: medium;\"><span lang=\"es-ES\">) <\/span><\/span><\/span><\/span><a href=\"https:\/\/maps.app.goo.gl\/4BN9evjHtrtgKy848\"><span style=\"color: #222222;\"><span style=\"font-family: Liberation Serif, serif;\"><span style=\"font-size: medium;\">https:\/\/maps.app.goo.gl\/4BN9evjHtrtgKy848<\/span><\/span><\/span><\/a><strong><span style=\"color: #222222;\"><span style=\"font-family: Liberation Serif, serif;\"><span style=\"font-size: medium;\"><span lang=\"es-ES\"><br \/>\nDist\u00e0ncia: <\/span><\/span><\/span><\/span><\/strong><span style=\"color: #222222;\"><span style=\"font-family: Liberation Serif, serif;\"><span style=\"font-size: medium;\"><span lang=\"es-ES\">2 km<\/span><\/span><\/span><\/span><strong><span style=\"color: #222222;\"><span style=\"font-family: Liberation Serif, serif;\"><span style=\"font-size: medium;\"><span lang=\"es-ES\"><br \/>\nDificultat: <\/span><\/span><\/span><\/span><\/strong><span style=\"color: #222222;\"><span style=\"font-family: Liberation Serif, serif;\"><span style=\"font-size: medium;\"><span lang=\"es-ES\">Baixa<\/span><\/span><\/span><\/span><strong><span style=\"color: #222222;\"><span style=\"font-family: Liberation Serif, serif;\"><span style=\"font-size: medium;\"><span lang=\"es-ES\"><br \/>\nP\u00fablic recomanat: <\/span><\/span><\/span><\/span><\/strong><span style=\"color: #222222;\"><span style=\"font-family: Liberation Serif, serif;\"><span style=\"font-size: medium;\"><span lang=\"es-ES\">Tem\u00e0tica per a fam\u00edlies<\/span><\/span><\/span><\/span><strong><span style=\"color: #222222;\"><span style=\"font-family: Liberation Serif, serif;\"><span style=\"font-size: medium;\"><span lang=\"es-ES\"><br \/>\nPreu: <\/span><\/span><\/span><\/span><\/strong><span style=\"color: #222222;\"><span style=\"font-family: Liberation Serif, serif;\"><span style=\"font-size: medium;\"><span lang=\"es-ES\">3 \u20ac (1.50 \u20ac redu\u00efda).<\/span><\/span><\/span><\/span><strong><span style=\"color: #222222;\"><span style=\"font-family: Liberation Serif, serif;\"><span style=\"font-size: medium;\"><span lang=\"es-ES\"><br \/>\nDescripci\u00f3: <\/span><\/span><\/span><\/span><\/strong><span style=\"color: #222222;\"><span style=\"font-family: Liberation Serif, serif;\"><span style=\"font-size: medium;\"><span lang=\"es-ES\">Benic\u00e0ssim \u00e9s sin\u00f2nim de m\u00fasica: flamenc, jazz, blues, guitarra cl\u00e0ssica, rock and roll, pop independent, reggae i moltes m\u00e9s es donen cita al llarg de l&#8217;any als seus carrers i en el recinte de festivals de l&#8217;arxiconegut dest\u00ed musical. Amb una emocionant i sonora activitat introduirem a grans i xicotets en una de les cultures m\u00e9s sanes que existeixen: la de l&#8217;amor incondicional a la m\u00fasica.<\/span><\/span><\/span><\/span><span style=\"color: #222222;\"><span style=\"font-family: Liberation Serif, serif;\"><span style=\"font-size: medium;\"><span lang=\"es-ES\"><br \/>\nRecomanacions: Cal\u00e7at i roba esportiva i aigua.<\/span><\/span><\/span><\/span><\/p>\n<p><span style=\"color: #222222;\"><span style=\"font-family: Liberation Serif, serif;\"><span style=\"font-size: medium;\">\u00a0<\/span><\/span><\/span><\/p>\n","protected":false},"excerpt":{"rendered":"<p>Dia: Dissabte 30 d&#8217;agost Horari aprox.: 18:30 \u2013 20:00 h Lloc: Pla\u00e7a Constituci\u00f3 (darrere de l&#8217;esgl\u00e9sia Santo Tom\u00e1s) https:\/\/maps.app.goo.gl\/4BN9evjHtrtgKy848 Dist\u00e0ncia: 2 km Dificultat: Baixa P\u00fablic recomanat: Tem\u00e0tica per a fam\u00edlies Preu: 3 \u20ac (1.50 \u20ac redu\u00efda). Descripci\u00f3: Benic\u00e0ssim \u00e9s sin\u00f2nim de m\u00fasica: flamenc, jazz, blues, guitarra cl\u00e0ssica, rock and roll, pop independent, reggae i moltes [&hellip;]<\/p>\n","protected":false},"featured_media":83482,"template":"","meta":{"_acf_changed":false},"product_brand":[],"product_cat":[1250],"product_tag":[647,1088,674,649,607,339,739,623,593,1164],"class_list":{"0":"post-83481","1":"product","2":"type-product","3":"status-publish","4":"has-post-thumbnail","6":"product_cat-family-fest-geocaching-musical-en-las-calles-del-pueblo-va","7":"product_tag-actividades-con-ninos-en-benicasim-va","8":"product_tag-actividades-familiares-en-benicasim-va","9":"product_tag-actividades-infantiles-va","10":"product_tag-activitats-amb-xiquets-a-benicassim-va","11":"product_tag-benicassim-guided-tours-va","12":"product_tag-programa-oficial-de-visitas-guiadas-va","13":"product_tag-programa-oficial-de-visites-guiades-benicassim-va","14":"product_tag-rutas-guiadas-benicassim-va","15":"product_tag-visitas-benicasim-va","16":"product_tag-what-can-i-do-with-children-in-benicasim-va","18":"first","19":"outofstock","20":"shipping-taxable","21":"purchasable","22":"product-type-variable"},"acf":[],"yoast_head":"<!-- This site is optimized with the Yoast SEO plugin v27.4 - https:\/\/yoast.com\/product\/yoast-seo-wordpress\/ -->\n<title>Family Fest. Geocaching musical pels carrers del poble. Dissabte, 30 d&#039;agost 2025. - Benic\u00e0ssim Turismo<\/title>\n<meta name=\"robots\" content=\"index, follow, max-snippet:-1, max-image-preview:large, max-video-preview:-1\" \/>\n<link rel=\"canonical\" href=\"https:\/\/turismo.benicassim.es\/va\/producte\/family-fest-geocaching-musical-en-las-calles-del-pueblo-sabado-30-de-agosto-2025\/\" \/>\n<meta property=\"og:locale\" content=\"en_US\" \/>\n<meta property=\"og:type\" content=\"article\" \/>\n<meta property=\"og:title\" content=\"Family Fest. Geocaching musical pels carrers del poble. Dissabte, 30 d&#039;agost 2025. - Benic\u00e0ssim Turismo\" \/>\n<meta property=\"og:description\" content=\"Dia: Dissabte 30 d&#8217;agost Horari aprox.: 18:30 \u2013 20:00 h Lloc: Pla\u00e7a Constituci\u00f3 (darrere de l&#8217;esgl\u00e9sia Santo Tom\u00e1s) https:\/\/maps.app.goo.gl\/4BN9evjHtrtgKy848 Dist\u00e0ncia: 2 km Dificultat: Baixa P\u00fablic recomanat: Tem\u00e0tica per a fam\u00edlies Preu: 3 \u20ac (1.50 \u20ac redu\u00efda). Descripci\u00f3: Benic\u00e0ssim \u00e9s sin\u00f2nim de m\u00fasica: flamenc, jazz, blues, guitarra cl\u00e0ssica, rock and roll, pop independent, reggae i moltes [&hellip;]\" \/>\n<meta property=\"og:url\" content=\"https:\/\/turismo.benicassim.es\/va\/producte\/family-fest-geocaching-musical-en-las-calles-del-pueblo-sabado-30-de-agosto-2025\/\" \/>\n<meta property=\"og:site_name\" content=\"Benic\u00e0ssim Turismo\" \/>\n<meta property=\"article:modified_time\" content=\"2025-08-08T09:19:44+00:00\" \/>\n<meta property=\"og:image\" content=\"https:\/\/turismo.benicassim.es\/wp-content\/uploads\/2025\/08\/Family-fest.jpeg\" \/>\n\t<meta property=\"og:image:width\" content=\"1066\" \/>\n\t<meta property=\"og:image:height\" content=\"1600\" \/>\n\t<meta property=\"og:image:type\" content=\"image\/jpeg\" \/>\n<meta name=\"twitter:card\" content=\"summary_large_image\" \/>\n<meta name=\"twitter:label1\" content=\"Est. reading time\" \/>\n\t<meta name=\"twitter:data1\" content=\"1 minute\" \/>\n<script type=\"application\/ld+json\" class=\"yoast-schema-graph\">{\"@context\":\"https:\\\/\\\/schema.org\",\"@graph\":[{\"@type\":\"WebPage\",\"@id\":\"https:\\\/\\\/turismo.benicassim.es\\\/va\\\/producte\\\/family-fest-geocaching-musical-en-las-calles-del-pueblo-sabado-30-de-agosto-2025\\\/\",\"url\":\"https:\\\/\\\/turismo.benicassim.es\\\/va\\\/producte\\\/family-fest-geocaching-musical-en-las-calles-del-pueblo-sabado-30-de-agosto-2025\\\/\",\"name\":\"Family Fest. Geocaching musical pels carrers del poble. Dissabte, 30 d'agost 2025. - Benic\u00e0ssim Turismo\",\"isPartOf\":{\"@id\":\"https:\\\/\\\/turismo.benicassim.es\\\/va\\\/#website\"},\"primaryImageOfPage\":{\"@id\":\"https:\\\/\\\/turismo.benicassim.es\\\/va\\\/producte\\\/family-fest-geocaching-musical-en-las-calles-del-pueblo-sabado-30-de-agosto-2025\\\/#primaryimage\"},\"image\":{\"@id\":\"https:\\\/\\\/turismo.benicassim.es\\\/va\\\/producte\\\/family-fest-geocaching-musical-en-las-calles-del-pueblo-sabado-30-de-agosto-2025\\\/#primaryimage\"},\"thumbnailUrl\":\"https:\\\/\\\/turismo.benicassim.es\\\/wp-content\\\/uploads\\\/2025\\\/08\\\/Family-fest.jpeg\",\"datePublished\":\"2025-08-08T09:01:05+00:00\",\"dateModified\":\"2025-08-08T09:19:44+00:00\",\"breadcrumb\":{\"@id\":\"https:\\\/\\\/turismo.benicassim.es\\\/va\\\/producte\\\/family-fest-geocaching-musical-en-las-calles-del-pueblo-sabado-30-de-agosto-2025\\\/#breadcrumb\"},\"inLanguage\":\"ca-CA\",\"potentialAction\":[{\"@type\":\"ReadAction\",\"target\":[\"https:\\\/\\\/turismo.benicassim.es\\\/va\\\/producte\\\/family-fest-geocaching-musical-en-las-calles-del-pueblo-sabado-30-de-agosto-2025\\\/\"]}]},{\"@type\":\"ImageObject\",\"inLanguage\":\"ca-CA\",\"@id\":\"https:\\\/\\\/turismo.benicassim.es\\\/va\\\/producte\\\/family-fest-geocaching-musical-en-las-calles-del-pueblo-sabado-30-de-agosto-2025\\\/#primaryimage\",\"url\":\"https:\\\/\\\/turismo.benicassim.es\\\/wp-content\\\/uploads\\\/2025\\\/08\\\/Family-fest.jpeg\",\"contentUrl\":\"https:\\\/\\\/turismo.benicassim.es\\\/wp-content\\\/uploads\\\/2025\\\/08\\\/Family-fest.jpeg\",\"width\":1066,\"height\":1600},{\"@type\":\"BreadcrumbList\",\"@id\":\"https:\\\/\\\/turismo.benicassim.es\\\/va\\\/producte\\\/family-fest-geocaching-musical-en-las-calles-del-pueblo-sabado-30-de-agosto-2025\\\/#breadcrumb\",\"itemListElement\":[{\"@type\":\"ListItem\",\"position\":1,\"name\":\"Inicio\",\"item\":\"https:\\\/\\\/turismo.benicassim.es\\\/va\\\/\"},{\"@type\":\"ListItem\",\"position\":2,\"name\":\"Tenda\",\"item\":\"https:\\\/\\\/turismo.benicassim.es\\\/va\\\/tenda\\\/\"},{\"@type\":\"ListItem\",\"position\":3,\"name\":\"Family Fest. Geocaching musical pels carrers del poble. Dissabte, 30 d&#8217;agost 2025.\"}]},{\"@type\":\"WebSite\",\"@id\":\"https:\\\/\\\/turismo.benicassim.es\\\/va\\\/#website\",\"url\":\"https:\\\/\\\/turismo.benicassim.es\\\/va\\\/\",\"name\":\"Benic\u00e0ssim Turismo\",\"description\":\"Web de informaci\u00f3n de Turismo en Benicasim\",\"potentialAction\":[{\"@type\":\"SearchAction\",\"target\":{\"@type\":\"EntryPoint\",\"urlTemplate\":\"https:\\\/\\\/turismo.benicassim.es\\\/va\\\/?s={search_term_string}\"},\"query-input\":{\"@type\":\"PropertyValueSpecification\",\"valueRequired\":true,\"valueName\":\"search_term_string\"}}],\"inLanguage\":\"ca-CA\"}]}<\/script>\n<!-- \/ Yoast SEO plugin. -->","yoast_head_json":{"title":"Family Fest. Geocaching musical pels carrers del poble. Dissabte, 30 d'agost 2025. - Benic\u00e0ssim Turismo","robots":{"index":"index","follow":"follow","max-snippet":"max-snippet:-1","max-image-preview":"max-image-preview:large","max-video-preview":"max-video-preview:-1"},"canonical":"https:\/\/turismo.benicassim.es\/va\/producte\/family-fest-geocaching-musical-en-las-calles-del-pueblo-sabado-30-de-agosto-2025\/","og_locale":"en_US","og_type":"article","og_title":"Family Fest. Geocaching musical pels carrers del poble. Dissabte, 30 d'agost 2025. - Benic\u00e0ssim Turismo","og_description":"Dia: Dissabte 30 d&#8217;agost Horari aprox.: 18:30 \u2013 20:00 h Lloc: Pla\u00e7a Constituci\u00f3 (darrere de l&#8217;esgl\u00e9sia Santo Tom\u00e1s) https:\/\/maps.app.goo.gl\/4BN9evjHtrtgKy848 Dist\u00e0ncia: 2 km Dificultat: Baixa P\u00fablic recomanat: Tem\u00e0tica per a fam\u00edlies Preu: 3 \u20ac (1.50 \u20ac redu\u00efda). Descripci\u00f3: Benic\u00e0ssim \u00e9s sin\u00f2nim de m\u00fasica: flamenc, jazz, blues, guitarra cl\u00e0ssica, rock and roll, pop independent, reggae i moltes [&hellip;]","og_url":"https:\/\/turismo.benicassim.es\/va\/producte\/family-fest-geocaching-musical-en-las-calles-del-pueblo-sabado-30-de-agosto-2025\/","og_site_name":"Benic\u00e0ssim Turismo","article_modified_time":"2025-08-08T09:19:44+00:00","og_image":[{"width":1066,"height":1600,"url":"https:\/\/turismo.benicassim.es\/wp-content\/uploads\/2025\/08\/Family-fest.jpeg","type":"image\/jpeg"}],"twitter_card":"summary_large_image","twitter_misc":{"Est. reading time":"1 minute"},"schema":{"@context":"https:\/\/schema.org","@graph":[{"@type":"WebPage","@id":"https:\/\/turismo.benicassim.es\/va\/producte\/family-fest-geocaching-musical-en-las-calles-del-pueblo-sabado-30-de-agosto-2025\/","url":"https:\/\/turismo.benicassim.es\/va\/producte\/family-fest-geocaching-musical-en-las-calles-del-pueblo-sabado-30-de-agosto-2025\/","name":"Family Fest. Geocaching musical pels carrers del poble. Dissabte, 30 d'agost 2025. - Benic\u00e0ssim Turismo","isPartOf":{"@id":"https:\/\/turismo.benicassim.es\/va\/#website"},"primaryImageOfPage":{"@id":"https:\/\/turismo.benicassim.es\/va\/producte\/family-fest-geocaching-musical-en-las-calles-del-pueblo-sabado-30-de-agosto-2025\/#primaryimage"},"image":{"@id":"https:\/\/turismo.benicassim.es\/va\/producte\/family-fest-geocaching-musical-en-las-calles-del-pueblo-sabado-30-de-agosto-2025\/#primaryimage"},"thumbnailUrl":"https:\/\/turismo.benicassim.es\/wp-content\/uploads\/2025\/08\/Family-fest.jpeg","datePublished":"2025-08-08T09:01:05+00:00","dateModified":"2025-08-08T09:19:44+00:00","breadcrumb":{"@id":"https:\/\/turismo.benicassim.es\/va\/producte\/family-fest-geocaching-musical-en-las-calles-del-pueblo-sabado-30-de-agosto-2025\/#breadcrumb"},"inLanguage":"ca-CA","potentialAction":[{"@type":"ReadAction","target":["https:\/\/turismo.benicassim.es\/va\/producte\/family-fest-geocaching-musical-en-las-calles-del-pueblo-sabado-30-de-agosto-2025\/"]}]},{"@type":"ImageObject","inLanguage":"ca-CA","@id":"https:\/\/turismo.benicassim.es\/va\/producte\/family-fest-geocaching-musical-en-las-calles-del-pueblo-sabado-30-de-agosto-2025\/#primaryimage","url":"https:\/\/turismo.benicassim.es\/wp-content\/uploads\/2025\/08\/Family-fest.jpeg","contentUrl":"https:\/\/turismo.benicassim.es\/wp-content\/uploads\/2025\/08\/Family-fest.jpeg","width":1066,"height":1600},{"@type":"BreadcrumbList","@id":"https:\/\/turismo.benicassim.es\/va\/producte\/family-fest-geocaching-musical-en-las-calles-del-pueblo-sabado-30-de-agosto-2025\/#breadcrumb","itemListElement":[{"@type":"ListItem","position":1,"name":"Inicio","item":"https:\/\/turismo.benicassim.es\/va\/"},{"@type":"ListItem","position":2,"name":"Tenda","item":"https:\/\/turismo.benicassim.es\/va\/tenda\/"},{"@type":"ListItem","position":3,"name":"Family Fest. Geocaching musical pels carrers del poble. Dissabte, 30 d&#8217;agost 2025."}]},{"@type":"WebSite","@id":"https:\/\/turismo.benicassim.es\/va\/#website","url":"https:\/\/turismo.benicassim.es\/va\/","name":"Benic\u00e0ssim Turismo","description":"Web de informaci\u00f3n de Turismo en Benicasim","potentialAction":[{"@type":"SearchAction","target":{"@type":"EntryPoint","urlTemplate":"https:\/\/turismo.benicassim.es\/va\/?s={search_term_string}"},"query-input":{"@type":"PropertyValueSpecification","valueRequired":true,"valueName":"search_term_string"}}],"inLanguage":"ca-CA"}]}},"_links":{"self":[{"href":"https:\/\/turismo.benicassim.es\/va\/wp-json\/wp\/v2\/product\/83481","targetHints":{"allow":["GET"]}}],"collection":[{"href":"https:\/\/turismo.benicassim.es\/va\/wp-json\/wp\/v2\/product"}],"about":[{"href":"https:\/\/turismo.benicassim.es\/va\/wp-json\/wp\/v2\/types\/product"}],"wp:featuredmedia":[{"embeddable":true,"href":"https:\/\/turismo.benicassim.es\/va\/wp-json\/wp\/v2\/media\/83482"}],"wp:attachment":[{"href":"https:\/\/turismo.benicassim.es\/va\/wp-json\/wp\/v2\/media?parent=83481"}],"wp:term":[{"taxonomy":"product_brand","embeddable":true,"href":"https:\/\/turismo.benicassim.es\/va\/wp-json\/wp\/v2\/product_brand?post=83481"},{"taxonomy":"product_cat","embeddable":true,"href":"https:\/\/turismo.benicassim.es\/va\/wp-json\/wp\/v2\/product_cat?post=83481"},{"taxonomy":"product_tag","embeddable":true,"href":"https:\/\/turismo.benicassim.es\/va\/wp-json\/wp\/v2\/product_tag?post=83481"}],"curies":[{"name":"wp","href":"https:\/\/api.w.org\/{rel}","templated":true}]}}