{"id":83796,"date":"2025-08-21T14:41:43","date_gmt":"2025-08-21T12:41:43","guid":{"rendered":"https:\/\/turismo.benicassim.es\/producto\/una-locura-de-fiesta-en-las-villas-de-benicassim-teatralizada-sabado-27-de-septiembre-de-2025\/"},"modified":"2025-08-21T14:44:29","modified_gmt":"2025-08-21T12:44:29","slug":"una-locura-de-fiesta-en-las-villas-de-benicassim-teatralizada-sabado-27-de-septiembre-de-2025","status":"publish","type":"product","link":"https:\/\/turismo.benicassim.es\/va\/producte\/una-locura-de-fiesta-en-las-villas-de-benicassim-teatralizada-sabado-27-de-septiembre-de-2025\/","title":{"rendered":"Una bogeria de festa en les Vil\u00b7les de Benic\u00e0ssim (teatralitzada). Dissabte 27 de setembre de 2025."},"content":{"rendered":"<p><span style=\"font-family: Montserrat, sans-serif;\"><span style=\"font-size: small;\"><span style=\"color: #373737;\">Dissabte<\/span> <span style=\"color: #373737;\">27<\/span><span style=\"color: #373737;\"> d<\/span><span style=\"color: #373737;\">e setembre<\/span><span style=\"color: #373737;\"> de 202<\/span><span style=\"color: #373737;\">5<\/span><br \/>\n<span style=\"color: #373737;\"><b>Horari aprox.:<\/b><\/span><span style=\"color: #373737;\"> 1<\/span><span style=\"color: #373737;\">8:00<\/span><span style=\"color: #373737;\">-19:<\/span><span style=\"color: #373737;\">3<\/span><span style=\"color: #373737;\">0 h<\/span><br \/>\n<span style=\"color: #373737;\"><b>Lloc<\/b><\/span><span style=\"color: #373737;\">: <\/span><span style=\"color: #373737;\">Hotel Voramar<\/span><br \/>\n<span style=\"color: #373737;\"><b>Dist\u00e0ncia:<\/b><\/span><span style=\"color: #373737;\"> 1 km<\/span><br \/>\n<span style=\"color: #373737;\"><b>Dificultat<\/b><\/span><span style=\"color: #373737;\">: Baixa<\/span><br \/>\n<span style=\"color: #373737;\"><b>P\u00fablic recomanat:<\/b><\/span><span style=\"color: #373737;\"> Tots els p\u00fablics.<\/span><br \/>\n<span style=\"color: #373737;\"><b>Preu<\/b><\/span><span style=\"color: #373737;\">: 5 \u20ac (2,5 \u20ac redu\u00efda).<\/span><br \/>\n<span style=\"color: #373737;\"><b>Descripci\u00f3<\/b><\/span><span style=\"color: #373737;\">: La zona de les Vil<\/span><span style=\"color: #373737;\">\u00b7l<\/span><span style=\"color: #373737;\">es, en particular la coneguda popularment com l&#8217;Infern, era famosa a principis del segle XX per les animades celebracions que organitzaven els seus rics propietaris. Assistirem a la preparaci\u00f3 d&#8217;una d&#8217;eixes boges festes de la m\u00e0 d&#8217;un servent que, molt al seu pesar, haur\u00e0 de fer cas a les infinites <\/span><span style=\"color: #373737;\">bogeries<\/span><span style=\"color: #373737;\"> d&#8217;una mani\u00e0tica mestressa amb \u00ednfules, propiet\u00e0ria de Vil<\/span><span style=\"color: #373737;\">\u00b7l<\/span><span style=\"color: #373737;\">a Elisa, on tindran lloc diverses de les escenes.<\/span><br \/>\n<span style=\"color: #373737;\"><b>Recomanacions<\/b><\/span><span style=\"color: #373737;\">: Durant la prestaci\u00f3 del servei no est\u00e0 perm\u00e9s l&#8217;acc\u00e9s amb animals (excepte gossos guia o d&#8217;assist\u00e8ncia).<\/span> <\/span><\/span><\/p>\n","protected":false},"excerpt":{"rendered":"<p>Dissabte 27 de setembre de 2025 Horari aprox.: 18:00-19:30 h Lloc: Hotel Voramar Dist\u00e0ncia: 1 km Dificultat: Baixa P\u00fablic recomanat: Tots els p\u00fablics. Preu: 5 \u20ac (2,5 \u20ac redu\u00efda). Descripci\u00f3: La zona de les Vil\u00b7les, en particular la coneguda popularment com l&#8217;Infern, era famosa a principis del segle XX per les animades celebracions que organitzaven [&hellip;]<\/p>\n","protected":false},"featured_media":83797,"template":"","meta":{"_acf_changed":false},"product_brand":[],"product_cat":[1335],"product_tag":[607,339,713,553,555],"class_list":{"0":"post-83796","1":"product","2":"type-product","3":"status-publish","4":"has-post-thumbnail","6":"product_cat-una-locura-de-fiesta-en-las-villas-de-benicassim-va","7":"product_tag-benicassim-guided-tours-va","8":"product_tag-programa-oficial-de-visitas-guiadas-va","9":"product_tag-visita-teatralizada-benicasim-va","10":"product_tag-visitas-guiadas-benicasim-va","11":"product_tag-visites-guiades-benicassim","13":"first","14":"outofstock","15":"shipping-taxable","16":"purchasable","17":"product-type-variable"},"acf":[],"yoast_head":"<!-- This site is optimized with the Yoast SEO plugin v27.4 - https:\/\/yoast.com\/product\/yoast-seo-wordpress\/ -->\n<title>Una bogeria de festa en les Vil\u00b7les de Benic\u00e0ssim (teatralitzada). Dissabte 27 de setembre de 2025. - Benic\u00e0ssim Turismo<\/title>\n<meta name=\"robots\" content=\"index, follow, max-snippet:-1, max-image-preview:large, max-video-preview:-1\" \/>\n<link rel=\"canonical\" href=\"https:\/\/turismo.benicassim.es\/va\/producte\/una-locura-de-fiesta-en-las-villas-de-benicassim-teatralizada-sabado-27-de-septiembre-de-2025\/\" \/>\n<meta property=\"og:locale\" content=\"en_US\" \/>\n<meta property=\"og:type\" content=\"article\" \/>\n<meta property=\"og:title\" content=\"Una bogeria de festa en les Vil\u00b7les de Benic\u00e0ssim (teatralitzada). Dissabte 27 de setembre de 2025. - Benic\u00e0ssim Turismo\" \/>\n<meta property=\"og:description\" content=\"Dissabte 27 de setembre de 2025 Horari aprox.: 18:00-19:30 h Lloc: Hotel Voramar Dist\u00e0ncia: 1 km Dificultat: Baixa P\u00fablic recomanat: Tots els p\u00fablics. Preu: 5 \u20ac (2,5 \u20ac redu\u00efda). Descripci\u00f3: La zona de les Vil\u00b7les, en particular la coneguda popularment com l&#8217;Infern, era famosa a principis del segle XX per les animades celebracions que organitzaven [&hellip;]\" \/>\n<meta property=\"og:url\" content=\"https:\/\/turismo.benicassim.es\/va\/producte\/una-locura-de-fiesta-en-las-villas-de-benicassim-teatralizada-sabado-27-de-septiembre-de-2025\/\" \/>\n<meta property=\"og:site_name\" content=\"Benic\u00e0ssim Turismo\" \/>\n<meta property=\"article:modified_time\" content=\"2025-08-21T12:44:29+00:00\" \/>\n<meta property=\"og:image\" content=\"https:\/\/turismo.benicassim.es\/wp-content\/uploads\/2025\/08\/Una-locura-de-fiesta-en-las-villas-de-Benicassim.jpg\" \/>\n\t<meta property=\"og:image:width\" content=\"2400\" \/>\n\t<meta property=\"og:image:height\" content=\"1600\" \/>\n\t<meta property=\"og:image:type\" content=\"image\/jpeg\" \/>\n<meta name=\"twitter:card\" content=\"summary_large_image\" \/>\n<meta name=\"twitter:label1\" content=\"Est. reading time\" \/>\n\t<meta name=\"twitter:data1\" content=\"1 minute\" \/>\n<script type=\"application\/ld+json\" class=\"yoast-schema-graph\">{\"@context\":\"https:\\\/\\\/schema.org\",\"@graph\":[{\"@type\":\"WebPage\",\"@id\":\"https:\\\/\\\/turismo.benicassim.es\\\/va\\\/producte\\\/una-locura-de-fiesta-en-las-villas-de-benicassim-teatralizada-sabado-27-de-septiembre-de-2025\\\/\",\"url\":\"https:\\\/\\\/turismo.benicassim.es\\\/va\\\/producte\\\/una-locura-de-fiesta-en-las-villas-de-benicassim-teatralizada-sabado-27-de-septiembre-de-2025\\\/\",\"name\":\"Una bogeria de festa en les Vil\u00b7les de Benic\u00e0ssim (teatralitzada). Dissabte 27 de setembre de 2025. - Benic\u00e0ssim Turismo\",\"isPartOf\":{\"@id\":\"https:\\\/\\\/turismo.benicassim.es\\\/va\\\/#website\"},\"primaryImageOfPage\":{\"@id\":\"https:\\\/\\\/turismo.benicassim.es\\\/va\\\/producte\\\/una-locura-de-fiesta-en-las-villas-de-benicassim-teatralizada-sabado-27-de-septiembre-de-2025\\\/#primaryimage\"},\"image\":{\"@id\":\"https:\\\/\\\/turismo.benicassim.es\\\/va\\\/producte\\\/una-locura-de-fiesta-en-las-villas-de-benicassim-teatralizada-sabado-27-de-septiembre-de-2025\\\/#primaryimage\"},\"thumbnailUrl\":\"https:\\\/\\\/turismo.benicassim.es\\\/wp-content\\\/uploads\\\/2025\\\/08\\\/Una-locura-de-fiesta-en-las-villas-de-Benicassim.jpg\",\"datePublished\":\"2025-08-21T12:41:43+00:00\",\"dateModified\":\"2025-08-21T12:44:29+00:00\",\"breadcrumb\":{\"@id\":\"https:\\\/\\\/turismo.benicassim.es\\\/va\\\/producte\\\/una-locura-de-fiesta-en-las-villas-de-benicassim-teatralizada-sabado-27-de-septiembre-de-2025\\\/#breadcrumb\"},\"inLanguage\":\"ca-CA\",\"potentialAction\":[{\"@type\":\"ReadAction\",\"target\":[\"https:\\\/\\\/turismo.benicassim.es\\\/va\\\/producte\\\/una-locura-de-fiesta-en-las-villas-de-benicassim-teatralizada-sabado-27-de-septiembre-de-2025\\\/\"]}]},{\"@type\":\"ImageObject\",\"inLanguage\":\"ca-CA\",\"@id\":\"https:\\\/\\\/turismo.benicassim.es\\\/va\\\/producte\\\/una-locura-de-fiesta-en-las-villas-de-benicassim-teatralizada-sabado-27-de-septiembre-de-2025\\\/#primaryimage\",\"url\":\"https:\\\/\\\/turismo.benicassim.es\\\/wp-content\\\/uploads\\\/2025\\\/08\\\/Una-locura-de-fiesta-en-las-villas-de-Benicassim.jpg\",\"contentUrl\":\"https:\\\/\\\/turismo.benicassim.es\\\/wp-content\\\/uploads\\\/2025\\\/08\\\/Una-locura-de-fiesta-en-las-villas-de-Benicassim.jpg\",\"width\":2400,\"height\":1600},{\"@type\":\"BreadcrumbList\",\"@id\":\"https:\\\/\\\/turismo.benicassim.es\\\/va\\\/producte\\\/una-locura-de-fiesta-en-las-villas-de-benicassim-teatralizada-sabado-27-de-septiembre-de-2025\\\/#breadcrumb\",\"itemListElement\":[{\"@type\":\"ListItem\",\"position\":1,\"name\":\"Inicio\",\"item\":\"https:\\\/\\\/turismo.benicassim.es\\\/va\\\/\"},{\"@type\":\"ListItem\",\"position\":2,\"name\":\"Tenda\",\"item\":\"https:\\\/\\\/turismo.benicassim.es\\\/va\\\/tenda\\\/\"},{\"@type\":\"ListItem\",\"position\":3,\"name\":\"Una bogeria de festa en les Vil\u00b7les de Benic\u00e0ssim (teatralitzada). Dissabte 27 de setembre de 2025.\"}]},{\"@type\":\"WebSite\",\"@id\":\"https:\\\/\\\/turismo.benicassim.es\\\/va\\\/#website\",\"url\":\"https:\\\/\\\/turismo.benicassim.es\\\/va\\\/\",\"name\":\"Benic\u00e0ssim Turismo\",\"description\":\"Web de informaci\u00f3n de Turismo en Benicasim\",\"potentialAction\":[{\"@type\":\"SearchAction\",\"target\":{\"@type\":\"EntryPoint\",\"urlTemplate\":\"https:\\\/\\\/turismo.benicassim.es\\\/va\\\/?s={search_term_string}\"},\"query-input\":{\"@type\":\"PropertyValueSpecification\",\"valueRequired\":true,\"valueName\":\"search_term_string\"}}],\"inLanguage\":\"ca-CA\"}]}<\/script>\n<!-- \/ Yoast SEO plugin. -->","yoast_head_json":{"title":"Una bogeria de festa en les Vil\u00b7les de Benic\u00e0ssim (teatralitzada). Dissabte 27 de setembre de 2025. - Benic\u00e0ssim Turismo","robots":{"index":"index","follow":"follow","max-snippet":"max-snippet:-1","max-image-preview":"max-image-preview:large","max-video-preview":"max-video-preview:-1"},"canonical":"https:\/\/turismo.benicassim.es\/va\/producte\/una-locura-de-fiesta-en-las-villas-de-benicassim-teatralizada-sabado-27-de-septiembre-de-2025\/","og_locale":"en_US","og_type":"article","og_title":"Una bogeria de festa en les Vil\u00b7les de Benic\u00e0ssim (teatralitzada). Dissabte 27 de setembre de 2025. - Benic\u00e0ssim Turismo","og_description":"Dissabte 27 de setembre de 2025 Horari aprox.: 18:00-19:30 h Lloc: Hotel Voramar Dist\u00e0ncia: 1 km Dificultat: Baixa P\u00fablic recomanat: Tots els p\u00fablics. Preu: 5 \u20ac (2,5 \u20ac redu\u00efda). Descripci\u00f3: La zona de les Vil\u00b7les, en particular la coneguda popularment com l&#8217;Infern, era famosa a principis del segle XX per les animades celebracions que organitzaven [&hellip;]","og_url":"https:\/\/turismo.benicassim.es\/va\/producte\/una-locura-de-fiesta-en-las-villas-de-benicassim-teatralizada-sabado-27-de-septiembre-de-2025\/","og_site_name":"Benic\u00e0ssim Turismo","article_modified_time":"2025-08-21T12:44:29+00:00","og_image":[{"width":2400,"height":1600,"url":"https:\/\/turismo.benicassim.es\/wp-content\/uploads\/2025\/08\/Una-locura-de-fiesta-en-las-villas-de-Benicassim.jpg","type":"image\/jpeg"}],"twitter_card":"summary_large_image","twitter_misc":{"Est. reading time":"1 minute"},"schema":{"@context":"https:\/\/schema.org","@graph":[{"@type":"WebPage","@id":"https:\/\/turismo.benicassim.es\/va\/producte\/una-locura-de-fiesta-en-las-villas-de-benicassim-teatralizada-sabado-27-de-septiembre-de-2025\/","url":"https:\/\/turismo.benicassim.es\/va\/producte\/una-locura-de-fiesta-en-las-villas-de-benicassim-teatralizada-sabado-27-de-septiembre-de-2025\/","name":"Una bogeria de festa en les Vil\u00b7les de Benic\u00e0ssim (teatralitzada). Dissabte 27 de setembre de 2025. - Benic\u00e0ssim Turismo","isPartOf":{"@id":"https:\/\/turismo.benicassim.es\/va\/#website"},"primaryImageOfPage":{"@id":"https:\/\/turismo.benicassim.es\/va\/producte\/una-locura-de-fiesta-en-las-villas-de-benicassim-teatralizada-sabado-27-de-septiembre-de-2025\/#primaryimage"},"image":{"@id":"https:\/\/turismo.benicassim.es\/va\/producte\/una-locura-de-fiesta-en-las-villas-de-benicassim-teatralizada-sabado-27-de-septiembre-de-2025\/#primaryimage"},"thumbnailUrl":"https:\/\/turismo.benicassim.es\/wp-content\/uploads\/2025\/08\/Una-locura-de-fiesta-en-las-villas-de-Benicassim.jpg","datePublished":"2025-08-21T12:41:43+00:00","dateModified":"2025-08-21T12:44:29+00:00","breadcrumb":{"@id":"https:\/\/turismo.benicassim.es\/va\/producte\/una-locura-de-fiesta-en-las-villas-de-benicassim-teatralizada-sabado-27-de-septiembre-de-2025\/#breadcrumb"},"inLanguage":"ca-CA","potentialAction":[{"@type":"ReadAction","target":["https:\/\/turismo.benicassim.es\/va\/producte\/una-locura-de-fiesta-en-las-villas-de-benicassim-teatralizada-sabado-27-de-septiembre-de-2025\/"]}]},{"@type":"ImageObject","inLanguage":"ca-CA","@id":"https:\/\/turismo.benicassim.es\/va\/producte\/una-locura-de-fiesta-en-las-villas-de-benicassim-teatralizada-sabado-27-de-septiembre-de-2025\/#primaryimage","url":"https:\/\/turismo.benicassim.es\/wp-content\/uploads\/2025\/08\/Una-locura-de-fiesta-en-las-villas-de-Benicassim.jpg","contentUrl":"https:\/\/turismo.benicassim.es\/wp-content\/uploads\/2025\/08\/Una-locura-de-fiesta-en-las-villas-de-Benicassim.jpg","width":2400,"height":1600},{"@type":"BreadcrumbList","@id":"https:\/\/turismo.benicassim.es\/va\/producte\/una-locura-de-fiesta-en-las-villas-de-benicassim-teatralizada-sabado-27-de-septiembre-de-2025\/#breadcrumb","itemListElement":[{"@type":"ListItem","position":1,"name":"Inicio","item":"https:\/\/turismo.benicassim.es\/va\/"},{"@type":"ListItem","position":2,"name":"Tenda","item":"https:\/\/turismo.benicassim.es\/va\/tenda\/"},{"@type":"ListItem","position":3,"name":"Una bogeria de festa en les Vil\u00b7les de Benic\u00e0ssim (teatralitzada). Dissabte 27 de setembre de 2025."}]},{"@type":"WebSite","@id":"https:\/\/turismo.benicassim.es\/va\/#website","url":"https:\/\/turismo.benicassim.es\/va\/","name":"Benic\u00e0ssim Turismo","description":"Web de informaci\u00f3n de Turismo en Benicasim","potentialAction":[{"@type":"SearchAction","target":{"@type":"EntryPoint","urlTemplate":"https:\/\/turismo.benicassim.es\/va\/?s={search_term_string}"},"query-input":{"@type":"PropertyValueSpecification","valueRequired":true,"valueName":"search_term_string"}}],"inLanguage":"ca-CA"}]}},"_links":{"self":[{"href":"https:\/\/turismo.benicassim.es\/va\/wp-json\/wp\/v2\/product\/83796","targetHints":{"allow":["GET"]}}],"collection":[{"href":"https:\/\/turismo.benicassim.es\/va\/wp-json\/wp\/v2\/product"}],"about":[{"href":"https:\/\/turismo.benicassim.es\/va\/wp-json\/wp\/v2\/types\/product"}],"wp:featuredmedia":[{"embeddable":true,"href":"https:\/\/turismo.benicassim.es\/va\/wp-json\/wp\/v2\/media\/83797"}],"wp:attachment":[{"href":"https:\/\/turismo.benicassim.es\/va\/wp-json\/wp\/v2\/media?parent=83796"}],"wp:term":[{"taxonomy":"product_brand","embeddable":true,"href":"https:\/\/turismo.benicassim.es\/va\/wp-json\/wp\/v2\/product_brand?post=83796"},{"taxonomy":"product_cat","embeddable":true,"href":"https:\/\/turismo.benicassim.es\/va\/wp-json\/wp\/v2\/product_cat?post=83796"},{"taxonomy":"product_tag","embeddable":true,"href":"https:\/\/turismo.benicassim.es\/va\/wp-json\/wp\/v2\/product_tag?post=83796"}],"curies":[{"name":"wp","href":"https:\/\/api.w.org\/{rel}","templated":true}]}}