{"id":84110,"date":"2025-09-24T13:13:11","date_gmt":"2025-09-24T11:13:11","guid":{"rendered":"https:\/\/turismo.benicassim.es\/producto\/cuando-unos-duermen-otros-despiertan-jueves-9-de-octubre-de-2025\/"},"modified":"2025-10-07T12:24:50","modified_gmt":"2025-10-07T10:24:50","slug":"cuando-unos-duermen-otros-despiertan-jueves-9-de-octubre-de-2025","status":"publish","type":"product","link":"https:\/\/turismo.benicassim.es\/va\/producte\/cuando-unos-duermen-otros-despiertan-jueves-9-de-octubre-de-2025\/","title":{"rendered":"Quan uns dormen, altres desperten. Divendres, 24 d&#8217;octubre de 2025."},"content":{"rendered":"<p><span style=\"color: #222222;\"><span style=\"font-family: Arial, Helvetica, sans-serif;\"><span style=\"font-size: medium;\">Data: Divendres, 24 d&#8217;octubre (18:00h \u2013 21:00h).<br \/>\n<\/span><\/span><\/span><span style=\"color: #222222;\"><span style=\"font-family: Arial, Helvetica, sans-serif;\"><span style=\"font-size: medium;\">Lloc: P\u00e0rquing Mirador de l&#8217;Antic Monestir. Parc Natural Desert de les Palmes.<br \/>\nDist\u00e0ncia: 5 km.<br \/>\nDificultat: Moderada.<br \/>\nP\u00fablic recomanat: A partir de 8 anys.<br \/>\nPreu: 3\u20ac (1,5\u20ac redu\u00efda).<br \/>\nDescripci\u00f3: Coneixerem el Desert de les Palmes des d&#8217;un punt de vista nou: el dels seus habitants nocturns. A cada parada al recorregut ens donarem cita amb un h\u00e0bitat diferent en qu\u00e8 viuen molt\u00edssims animals que, pel seu car\u00e0cter nocturn i malgrat la seva bellesa, passen completament desapercebuts per a la majoria de nosaltres. Per\u00f2 no ho oblides: encara que tu no els veges, ells hi s\u00f3n.<br \/>\nRecomanacions: Cal\u00e7at, roba esportiva lleugera, m\u00e0niga llarga, aigua, sopar i llanterna.<\/span><\/span><\/span><\/p>\n","protected":false},"excerpt":{"rendered":"<p>Data: Divendres, 24 d&#8217;octubre (18:00h \u2013 21:00h). Lloc: P\u00e0rquing Mirador de l&#8217;Antic Monestir. Parc Natural Desert de les Palmes. Dist\u00e0ncia: 5 km. Dificultat: Moderada. P\u00fablic recomanat: A partir de 8 anys. Preu: 3\u20ac (1,5\u20ac redu\u00efda). Descripci\u00f3: Coneixerem el Desert de les Palmes des d&#8217;un punt de vista nou: el dels seus habitants nocturns. A cada [&hellip;]<\/p>\n","protected":false},"featured_media":77433,"template":"","meta":{"_acf_changed":false},"product_brand":[],"product_cat":[1227],"product_tag":[647,1088,497,607,1104,339,556,1148,735,1164],"class_list":{"0":"post-84110","1":"product","2":"type-product","3":"status-publish","4":"has-post-thumbnail","6":"product_cat-cuando-unos-duermen-otros-despiertan-va","7":"product_tag-actividades-con-ninos-en-benicasim-va","8":"product_tag-actividades-familiares-en-benicasim-va","9":"product_tag-benicassim-va","10":"product_tag-benicassim-guided-tours-va","11":"product_tag-desert-de-les-palmes-va","12":"product_tag-programa-oficial-de-visitas-guiadas-va","13":"product_tag-rutes-guiades-benicassim","14":"product_tag-senderismo-va","15":"product_tag-senderismo-benicasim-va","16":"product_tag-what-can-i-do-with-children-in-benicasim-va","18":"first","19":"instock","20":"shipping-taxable","21":"purchasable","22":"product-type-variable"},"acf":[],"yoast_head":"<!-- This site is optimized with the Yoast SEO plugin v27.4 - https:\/\/yoast.com\/product\/yoast-seo-wordpress\/ -->\n<title>Quan uns dormen, altres desperten. Divendres, 24 d&#039;octubre de 2025. - Benic\u00e0ssim Turismo<\/title>\n<meta name=\"robots\" content=\"index, follow, max-snippet:-1, max-image-preview:large, max-video-preview:-1\" \/>\n<link rel=\"canonical\" href=\"https:\/\/turismo.benicassim.es\/va\/producte\/cuando-unos-duermen-otros-despiertan-jueves-9-de-octubre-de-2025\/\" \/>\n<meta property=\"og:locale\" content=\"en_US\" \/>\n<meta property=\"og:type\" content=\"article\" \/>\n<meta property=\"og:title\" content=\"Quan uns dormen, altres desperten. Divendres, 24 d&#039;octubre de 2025. - Benic\u00e0ssim Turismo\" \/>\n<meta property=\"og:description\" content=\"Data: Divendres, 24 d&#8217;octubre (18:00h \u2013 21:00h). Lloc: P\u00e0rquing Mirador de l&#8217;Antic Monestir. Parc Natural Desert de les Palmes. Dist\u00e0ncia: 5 km. Dificultat: Moderada. P\u00fablic recomanat: A partir de 8 anys. Preu: 3\u20ac (1,5\u20ac redu\u00efda). Descripci\u00f3: Coneixerem el Desert de les Palmes des d&#8217;un punt de vista nou: el dels seus habitants nocturns. A cada [&hellip;]\" \/>\n<meta property=\"og:url\" content=\"https:\/\/turismo.benicassim.es\/va\/producte\/cuando-unos-duermen-otros-despiertan-jueves-9-de-octubre-de-2025\/\" \/>\n<meta property=\"og:site_name\" content=\"Benic\u00e0ssim Turismo\" \/>\n<meta property=\"article:modified_time\" content=\"2025-10-07T10:24:50+00:00\" \/>\n<meta property=\"og:image\" content=\"https:\/\/turismo.benicassim.es\/wp-content\/uploads\/2024\/07\/Cuando-unos-duermen-red.jpg\" \/>\n\t<meta property=\"og:image:width\" content=\"1708\" \/>\n\t<meta property=\"og:image:height\" content=\"2172\" \/>\n\t<meta property=\"og:image:type\" content=\"image\/jpeg\" \/>\n<meta name=\"twitter:card\" content=\"summary_large_image\" \/>\n<meta name=\"twitter:label1\" content=\"Est. reading time\" \/>\n\t<meta name=\"twitter:data1\" content=\"1 minute\" \/>\n<script type=\"application\/ld+json\" class=\"yoast-schema-graph\">{\"@context\":\"https:\\\/\\\/schema.org\",\"@graph\":[{\"@type\":\"WebPage\",\"@id\":\"https:\\\/\\\/turismo.benicassim.es\\\/va\\\/producte\\\/cuando-unos-duermen-otros-despiertan-jueves-9-de-octubre-de-2025\\\/\",\"url\":\"https:\\\/\\\/turismo.benicassim.es\\\/va\\\/producte\\\/cuando-unos-duermen-otros-despiertan-jueves-9-de-octubre-de-2025\\\/\",\"name\":\"Quan uns dormen, altres desperten. Divendres, 24 d'octubre de 2025. - Benic\u00e0ssim Turismo\",\"isPartOf\":{\"@id\":\"https:\\\/\\\/turismo.benicassim.es\\\/va\\\/#website\"},\"primaryImageOfPage\":{\"@id\":\"https:\\\/\\\/turismo.benicassim.es\\\/va\\\/producte\\\/cuando-unos-duermen-otros-despiertan-jueves-9-de-octubre-de-2025\\\/#primaryimage\"},\"image\":{\"@id\":\"https:\\\/\\\/turismo.benicassim.es\\\/va\\\/producte\\\/cuando-unos-duermen-otros-despiertan-jueves-9-de-octubre-de-2025\\\/#primaryimage\"},\"thumbnailUrl\":\"https:\\\/\\\/turismo.benicassim.es\\\/wp-content\\\/uploads\\\/2024\\\/07\\\/Cuando-unos-duermen-red.jpg\",\"datePublished\":\"2025-09-24T11:13:11+00:00\",\"dateModified\":\"2025-10-07T10:24:50+00:00\",\"breadcrumb\":{\"@id\":\"https:\\\/\\\/turismo.benicassim.es\\\/va\\\/producte\\\/cuando-unos-duermen-otros-despiertan-jueves-9-de-octubre-de-2025\\\/#breadcrumb\"},\"inLanguage\":\"ca-CA\",\"potentialAction\":[{\"@type\":\"ReadAction\",\"target\":[\"https:\\\/\\\/turismo.benicassim.es\\\/va\\\/producte\\\/cuando-unos-duermen-otros-despiertan-jueves-9-de-octubre-de-2025\\\/\"]}]},{\"@type\":\"ImageObject\",\"inLanguage\":\"ca-CA\",\"@id\":\"https:\\\/\\\/turismo.benicassim.es\\\/va\\\/producte\\\/cuando-unos-duermen-otros-despiertan-jueves-9-de-octubre-de-2025\\\/#primaryimage\",\"url\":\"https:\\\/\\\/turismo.benicassim.es\\\/wp-content\\\/uploads\\\/2024\\\/07\\\/Cuando-unos-duermen-red.jpg\",\"contentUrl\":\"https:\\\/\\\/turismo.benicassim.es\\\/wp-content\\\/uploads\\\/2024\\\/07\\\/Cuando-unos-duermen-red.jpg\",\"width\":1708,\"height\":2172},{\"@type\":\"BreadcrumbList\",\"@id\":\"https:\\\/\\\/turismo.benicassim.es\\\/va\\\/producte\\\/cuando-unos-duermen-otros-despiertan-jueves-9-de-octubre-de-2025\\\/#breadcrumb\",\"itemListElement\":[{\"@type\":\"ListItem\",\"position\":1,\"name\":\"Inicio\",\"item\":\"https:\\\/\\\/turismo.benicassim.es\\\/va\\\/\"},{\"@type\":\"ListItem\",\"position\":2,\"name\":\"Tenda\",\"item\":\"https:\\\/\\\/turismo.benicassim.es\\\/va\\\/tenda\\\/\"},{\"@type\":\"ListItem\",\"position\":3,\"name\":\"Quan uns dormen, altres desperten. Divendres, 24 d&#8217;octubre de 2025.\"}]},{\"@type\":\"WebSite\",\"@id\":\"https:\\\/\\\/turismo.benicassim.es\\\/va\\\/#website\",\"url\":\"https:\\\/\\\/turismo.benicassim.es\\\/va\\\/\",\"name\":\"Benic\u00e0ssim Turismo\",\"description\":\"Web de informaci\u00f3n de Turismo en Benicasim\",\"potentialAction\":[{\"@type\":\"SearchAction\",\"target\":{\"@type\":\"EntryPoint\",\"urlTemplate\":\"https:\\\/\\\/turismo.benicassim.es\\\/va\\\/?s={search_term_string}\"},\"query-input\":{\"@type\":\"PropertyValueSpecification\",\"valueRequired\":true,\"valueName\":\"search_term_string\"}}],\"inLanguage\":\"ca-CA\"}]}<\/script>\n<!-- \/ Yoast SEO plugin. -->","yoast_head_json":{"title":"Quan uns dormen, altres desperten. Divendres, 24 d'octubre de 2025. - Benic\u00e0ssim Turismo","robots":{"index":"index","follow":"follow","max-snippet":"max-snippet:-1","max-image-preview":"max-image-preview:large","max-video-preview":"max-video-preview:-1"},"canonical":"https:\/\/turismo.benicassim.es\/va\/producte\/cuando-unos-duermen-otros-despiertan-jueves-9-de-octubre-de-2025\/","og_locale":"en_US","og_type":"article","og_title":"Quan uns dormen, altres desperten. Divendres, 24 d'octubre de 2025. - Benic\u00e0ssim Turismo","og_description":"Data: Divendres, 24 d&#8217;octubre (18:00h \u2013 21:00h). Lloc: P\u00e0rquing Mirador de l&#8217;Antic Monestir. Parc Natural Desert de les Palmes. Dist\u00e0ncia: 5 km. Dificultat: Moderada. P\u00fablic recomanat: A partir de 8 anys. Preu: 3\u20ac (1,5\u20ac redu\u00efda). Descripci\u00f3: Coneixerem el Desert de les Palmes des d&#8217;un punt de vista nou: el dels seus habitants nocturns. A cada [&hellip;]","og_url":"https:\/\/turismo.benicassim.es\/va\/producte\/cuando-unos-duermen-otros-despiertan-jueves-9-de-octubre-de-2025\/","og_site_name":"Benic\u00e0ssim Turismo","article_modified_time":"2025-10-07T10:24:50+00:00","og_image":[{"width":1708,"height":2172,"url":"https:\/\/turismo.benicassim.es\/wp-content\/uploads\/2024\/07\/Cuando-unos-duermen-red.jpg","type":"image\/jpeg"}],"twitter_card":"summary_large_image","twitter_misc":{"Est. reading time":"1 minute"},"schema":{"@context":"https:\/\/schema.org","@graph":[{"@type":"WebPage","@id":"https:\/\/turismo.benicassim.es\/va\/producte\/cuando-unos-duermen-otros-despiertan-jueves-9-de-octubre-de-2025\/","url":"https:\/\/turismo.benicassim.es\/va\/producte\/cuando-unos-duermen-otros-despiertan-jueves-9-de-octubre-de-2025\/","name":"Quan uns dormen, altres desperten. Divendres, 24 d'octubre de 2025. - Benic\u00e0ssim Turismo","isPartOf":{"@id":"https:\/\/turismo.benicassim.es\/va\/#website"},"primaryImageOfPage":{"@id":"https:\/\/turismo.benicassim.es\/va\/producte\/cuando-unos-duermen-otros-despiertan-jueves-9-de-octubre-de-2025\/#primaryimage"},"image":{"@id":"https:\/\/turismo.benicassim.es\/va\/producte\/cuando-unos-duermen-otros-despiertan-jueves-9-de-octubre-de-2025\/#primaryimage"},"thumbnailUrl":"https:\/\/turismo.benicassim.es\/wp-content\/uploads\/2024\/07\/Cuando-unos-duermen-red.jpg","datePublished":"2025-09-24T11:13:11+00:00","dateModified":"2025-10-07T10:24:50+00:00","breadcrumb":{"@id":"https:\/\/turismo.benicassim.es\/va\/producte\/cuando-unos-duermen-otros-despiertan-jueves-9-de-octubre-de-2025\/#breadcrumb"},"inLanguage":"ca-CA","potentialAction":[{"@type":"ReadAction","target":["https:\/\/turismo.benicassim.es\/va\/producte\/cuando-unos-duermen-otros-despiertan-jueves-9-de-octubre-de-2025\/"]}]},{"@type":"ImageObject","inLanguage":"ca-CA","@id":"https:\/\/turismo.benicassim.es\/va\/producte\/cuando-unos-duermen-otros-despiertan-jueves-9-de-octubre-de-2025\/#primaryimage","url":"https:\/\/turismo.benicassim.es\/wp-content\/uploads\/2024\/07\/Cuando-unos-duermen-red.jpg","contentUrl":"https:\/\/turismo.benicassim.es\/wp-content\/uploads\/2024\/07\/Cuando-unos-duermen-red.jpg","width":1708,"height":2172},{"@type":"BreadcrumbList","@id":"https:\/\/turismo.benicassim.es\/va\/producte\/cuando-unos-duermen-otros-despiertan-jueves-9-de-octubre-de-2025\/#breadcrumb","itemListElement":[{"@type":"ListItem","position":1,"name":"Inicio","item":"https:\/\/turismo.benicassim.es\/va\/"},{"@type":"ListItem","position":2,"name":"Tenda","item":"https:\/\/turismo.benicassim.es\/va\/tenda\/"},{"@type":"ListItem","position":3,"name":"Quan uns dormen, altres desperten. Divendres, 24 d&#8217;octubre de 2025."}]},{"@type":"WebSite","@id":"https:\/\/turismo.benicassim.es\/va\/#website","url":"https:\/\/turismo.benicassim.es\/va\/","name":"Benic\u00e0ssim Turismo","description":"Web de informaci\u00f3n de Turismo en Benicasim","potentialAction":[{"@type":"SearchAction","target":{"@type":"EntryPoint","urlTemplate":"https:\/\/turismo.benicassim.es\/va\/?s={search_term_string}"},"query-input":{"@type":"PropertyValueSpecification","valueRequired":true,"valueName":"search_term_string"}}],"inLanguage":"ca-CA"}]}},"_links":{"self":[{"href":"https:\/\/turismo.benicassim.es\/va\/wp-json\/wp\/v2\/product\/84110","targetHints":{"allow":["GET"]}}],"collection":[{"href":"https:\/\/turismo.benicassim.es\/va\/wp-json\/wp\/v2\/product"}],"about":[{"href":"https:\/\/turismo.benicassim.es\/va\/wp-json\/wp\/v2\/types\/product"}],"wp:featuredmedia":[{"embeddable":true,"href":"https:\/\/turismo.benicassim.es\/va\/wp-json\/wp\/v2\/media\/77433"}],"wp:attachment":[{"href":"https:\/\/turismo.benicassim.es\/va\/wp-json\/wp\/v2\/media?parent=84110"}],"wp:term":[{"taxonomy":"product_brand","embeddable":true,"href":"https:\/\/turismo.benicassim.es\/va\/wp-json\/wp\/v2\/product_brand?post=84110"},{"taxonomy":"product_cat","embeddable":true,"href":"https:\/\/turismo.benicassim.es\/va\/wp-json\/wp\/v2\/product_cat?post=84110"},{"taxonomy":"product_tag","embeddable":true,"href":"https:\/\/turismo.benicassim.es\/va\/wp-json\/wp\/v2\/product_tag?post=84110"}],"curies":[{"name":"wp","href":"https:\/\/api.w.org\/{rel}","templated":true}]}}