{"id":84199,"date":"2025-09-24T14:40:09","date_gmt":"2025-09-24T12:40:09","guid":{"rendered":"https:\/\/turismo.benicassim.es\/producto\/terror-en-la-torre-de-sant-vicent-viernes-31-de-octubre-2025-a-las-18h\/"},"modified":"2025-10-22T15:07:26","modified_gmt":"2025-10-22T13:07:26","slug":"terror-en-la-torre-de-sant-vicent-viernes-31-de-octubre-2025-a-las-18h","status":"publish","type":"product","link":"https:\/\/turismo.benicassim.es\/va\/producte\/terror-en-la-torre-de-sant-vicent-viernes-31-de-octubre-2025-a-las-18h\/","title":{"rendered":"Terror en la Torre de Sant Vicent. Divendres, 31 d&#8217;octubre 2025 a les 18h."},"content":{"rendered":"<p><span style=\"color: #000000;\"><span style=\"font-family: Montserrat, sans-serif;\"><span style=\"font-size: small;\"><span lang=\"ca-ES-valencia\">Divendres, 31 d&#8217;octubre (3 sessions de 40 min: 18:00 h \u2013 19:00 h \u2013 20:00 h)<br \/>\nLloc: Centre d\u2019Interpretaci\u00f3 Torre de Sant Vicent. Avinguda Ferrandis Salvador, 1.<br \/>\nDist\u00e0ncia: <\/span><\/span><\/span><\/span><span style=\"color: #000000;\"><span style=\"font-family: Montserrat, sans-serif;\"><span style=\"font-size: small;\"><span lang=\"ca-ES-valencia\">Voltants <\/span><\/span><\/span><\/span><span style=\"color: #000000;\"><span style=\"font-family: Montserrat, sans-serif;\"><span style=\"font-size: small;\"><span lang=\"ca-ES-valencia\">de la torre (dificultat baixa).<br \/>\nP\u00fablic recomanat: Familiar. <\/span><\/span><\/span><\/span><span style=\"color: #000000;\"><span style=\"font-family: Montserrat, sans-serif;\"><span style=\"font-size: small;\"><span lang=\"ca-ES-valencia\"><b>Xiquets a partir de 8 anys.<\/b><\/span><\/span><\/span><\/span><span style=\"color: #000000;\"><span style=\"font-family: Montserrat, sans-serif;\"><span style=\"font-size: small;\"><span lang=\"ca-ES-valencia\"><br \/>\nPreu: 5 \u20ac (2,50 \u20ac redu\u00efda).<br \/>\nDescripci\u00f3: Conta la llegenda que, a recer dels murs de la Torre de Sant Vicent habita una parella d\u2019esperits que sol manifestar-se durant la Nit dels Difunts. I \u00e9s que la Torre de Sant Vicent, amb m\u00e9s de quatre-cents anys d\u2019hist\u00f2ria, ha sigut testimoni d\u2019infinitat de successos que encara resten per resoldre. Si no sou massa porucs o porugues, acompanyeu-nos a descobrir-ho en una de les nits m\u00e9s terror\u00edfiques de l\u2019any.<br \/>\nRecomanacions: Durant la prestaci\u00f3 del servei no est\u00e0 perm\u00e9s l\u2019acc\u00e9s amb animals (excepte gossos guia o d\u2019assist\u00e8ncia). <\/span><\/span><\/span><\/span><span style=\"color: #000000;\"><span style=\"font-family: Montserrat, sans-serif;\"><span style=\"font-size: small;\"><span lang=\"ca-ES-valencia\"><b>Els xiquets hauran d\u2019anar acompanyats, com a m\u00ednim, d\u20191 adult.<\/b><\/span><\/span><\/span><\/span><\/p>\n","protected":false},"excerpt":{"rendered":"<p>Divendres, 31 d&#8217;octubre (3 sessions de 40 min: 18:00 h \u2013 19:00 h \u2013 20:00 h) Lloc: Centre d\u2019Interpretaci\u00f3 Torre de Sant Vicent. Avinguda Ferrandis Salvador, 1. Dist\u00e0ncia: Voltants de la torre (dificultat baixa). P\u00fablic recomanat: Familiar. Xiquets a partir de 8 anys. Preu: 5 \u20ac (2,50 \u20ac redu\u00efda). Descripci\u00f3: Conta la llegenda que, a [&hellip;]<\/p>\n","protected":false},"featured_media":84200,"template":"","meta":{"_acf_changed":false},"product_brand":[],"product_cat":[1343],"product_tag":[647,1088,674,649,497,607,915,729,1163,556,982,708,1164],"class_list":{"0":"post-84199","1":"product","2":"type-product","3":"status-publish","4":"has-post-thumbnail","6":"product_cat-terror-en-la-torre-de-sant-vicent-va","7":"product_tag-actividades-con-ninos-en-benicasim-va","8":"product_tag-actividades-familiares-en-benicasim-va","9":"product_tag-actividades-infantiles-va","10":"product_tag-activitats-amb-xiquets-a-benicassim-va","11":"product_tag-benicassim-va","12":"product_tag-benicassim-guided-tours-va","13":"product_tag-halloween-benicassim-va","14":"product_tag-programa-oficial-de-visitas-guiadas-benicasim-va","15":"product_tag-que-hacer-con-ninos-en-benicassim-va","16":"product_tag-rutes-guiades-benicassim","17":"product_tag-torre-de-sant-vicent-va","18":"product_tag-visitas-teatralizadas-benicassim-va","19":"product_tag-what-can-i-do-with-children-in-benicasim-va","21":"first","22":"instock","23":"shipping-taxable","24":"purchasable","25":"product-type-variable"},"acf":[],"yoast_head":"<!-- This site is optimized with the Yoast SEO plugin v27.4 - https:\/\/yoast.com\/product\/yoast-seo-wordpress\/ -->\n<title>Terror en la Torre de Sant Vicent. Divendres, 31 d&#039;octubre 2025 a les 18h. - Benic\u00e0ssim Turismo<\/title>\n<meta name=\"robots\" content=\"index, follow, max-snippet:-1, max-image-preview:large, max-video-preview:-1\" \/>\n<link rel=\"canonical\" href=\"https:\/\/turismo.benicassim.es\/va\/producte\/terror-en-la-torre-de-sant-vicent-viernes-31-de-octubre-2025-a-las-18h\/\" \/>\n<meta property=\"og:locale\" content=\"en_US\" \/>\n<meta property=\"og:type\" content=\"article\" \/>\n<meta property=\"og:title\" content=\"Terror en la Torre de Sant Vicent. Divendres, 31 d&#039;octubre 2025 a les 18h. - Benic\u00e0ssim Turismo\" \/>\n<meta property=\"og:description\" content=\"Divendres, 31 d&#8217;octubre (3 sessions de 40 min: 18:00 h \u2013 19:00 h \u2013 20:00 h) Lloc: Centre d\u2019Interpretaci\u00f3 Torre de Sant Vicent. Avinguda Ferrandis Salvador, 1. Dist\u00e0ncia: Voltants de la torre (dificultat baixa). P\u00fablic recomanat: Familiar. Xiquets a partir de 8 anys. Preu: 5 \u20ac (2,50 \u20ac redu\u00efda). Descripci\u00f3: Conta la llegenda que, a [&hellip;]\" \/>\n<meta property=\"og:url\" content=\"https:\/\/turismo.benicassim.es\/va\/producte\/terror-en-la-torre-de-sant-vicent-viernes-31-de-octubre-2025-a-las-18h\/\" \/>\n<meta property=\"og:site_name\" content=\"Benic\u00e0ssim Turismo\" \/>\n<meta property=\"article:modified_time\" content=\"2025-10-22T13:07:26+00:00\" \/>\n<meta property=\"og:image\" content=\"https:\/\/turismo.benicassim.es\/wp-content\/uploads\/2025\/09\/Terror-en-la-Torre.jpg\" \/>\n\t<meta property=\"og:image:width\" content=\"1280\" \/>\n\t<meta property=\"og:image:height\" content=\"857\" \/>\n\t<meta property=\"og:image:type\" content=\"image\/jpeg\" \/>\n<meta name=\"twitter:card\" content=\"summary_large_image\" \/>\n<meta name=\"twitter:label1\" content=\"Est. reading time\" \/>\n\t<meta name=\"twitter:data1\" content=\"1 minute\" \/>\n<script type=\"application\/ld+json\" class=\"yoast-schema-graph\">{\"@context\":\"https:\\\/\\\/schema.org\",\"@graph\":[{\"@type\":\"WebPage\",\"@id\":\"https:\\\/\\\/turismo.benicassim.es\\\/va\\\/producte\\\/terror-en-la-torre-de-sant-vicent-viernes-31-de-octubre-2025-a-las-18h\\\/\",\"url\":\"https:\\\/\\\/turismo.benicassim.es\\\/va\\\/producte\\\/terror-en-la-torre-de-sant-vicent-viernes-31-de-octubre-2025-a-las-18h\\\/\",\"name\":\"Terror en la Torre de Sant Vicent. Divendres, 31 d'octubre 2025 a les 18h. - Benic\u00e0ssim Turismo\",\"isPartOf\":{\"@id\":\"https:\\\/\\\/turismo.benicassim.es\\\/va\\\/#website\"},\"primaryImageOfPage\":{\"@id\":\"https:\\\/\\\/turismo.benicassim.es\\\/va\\\/producte\\\/terror-en-la-torre-de-sant-vicent-viernes-31-de-octubre-2025-a-las-18h\\\/#primaryimage\"},\"image\":{\"@id\":\"https:\\\/\\\/turismo.benicassim.es\\\/va\\\/producte\\\/terror-en-la-torre-de-sant-vicent-viernes-31-de-octubre-2025-a-las-18h\\\/#primaryimage\"},\"thumbnailUrl\":\"https:\\\/\\\/turismo.benicassim.es\\\/wp-content\\\/uploads\\\/2025\\\/09\\\/Terror-en-la-Torre.jpg\",\"datePublished\":\"2025-09-24T12:40:09+00:00\",\"dateModified\":\"2025-10-22T13:07:26+00:00\",\"breadcrumb\":{\"@id\":\"https:\\\/\\\/turismo.benicassim.es\\\/va\\\/producte\\\/terror-en-la-torre-de-sant-vicent-viernes-31-de-octubre-2025-a-las-18h\\\/#breadcrumb\"},\"inLanguage\":\"ca-CA\",\"potentialAction\":[{\"@type\":\"ReadAction\",\"target\":[\"https:\\\/\\\/turismo.benicassim.es\\\/va\\\/producte\\\/terror-en-la-torre-de-sant-vicent-viernes-31-de-octubre-2025-a-las-18h\\\/\"]}]},{\"@type\":\"ImageObject\",\"inLanguage\":\"ca-CA\",\"@id\":\"https:\\\/\\\/turismo.benicassim.es\\\/va\\\/producte\\\/terror-en-la-torre-de-sant-vicent-viernes-31-de-octubre-2025-a-las-18h\\\/#primaryimage\",\"url\":\"https:\\\/\\\/turismo.benicassim.es\\\/wp-content\\\/uploads\\\/2025\\\/09\\\/Terror-en-la-Torre.jpg\",\"contentUrl\":\"https:\\\/\\\/turismo.benicassim.es\\\/wp-content\\\/uploads\\\/2025\\\/09\\\/Terror-en-la-Torre.jpg\",\"width\":1280,\"height\":857},{\"@type\":\"BreadcrumbList\",\"@id\":\"https:\\\/\\\/turismo.benicassim.es\\\/va\\\/producte\\\/terror-en-la-torre-de-sant-vicent-viernes-31-de-octubre-2025-a-las-18h\\\/#breadcrumb\",\"itemListElement\":[{\"@type\":\"ListItem\",\"position\":1,\"name\":\"Inicio\",\"item\":\"https:\\\/\\\/turismo.benicassim.es\\\/va\\\/\"},{\"@type\":\"ListItem\",\"position\":2,\"name\":\"Tenda\",\"item\":\"https:\\\/\\\/turismo.benicassim.es\\\/va\\\/tenda\\\/\"},{\"@type\":\"ListItem\",\"position\":3,\"name\":\"Terror en la Torre de Sant Vicent. Divendres, 31 d&#8217;octubre 2025 a les 18h.\"}]},{\"@type\":\"WebSite\",\"@id\":\"https:\\\/\\\/turismo.benicassim.es\\\/va\\\/#website\",\"url\":\"https:\\\/\\\/turismo.benicassim.es\\\/va\\\/\",\"name\":\"Benic\u00e0ssim Turismo\",\"description\":\"Web de informaci\u00f3n de Turismo en Benicasim\",\"potentialAction\":[{\"@type\":\"SearchAction\",\"target\":{\"@type\":\"EntryPoint\",\"urlTemplate\":\"https:\\\/\\\/turismo.benicassim.es\\\/va\\\/?s={search_term_string}\"},\"query-input\":{\"@type\":\"PropertyValueSpecification\",\"valueRequired\":true,\"valueName\":\"search_term_string\"}}],\"inLanguage\":\"ca-CA\"}]}<\/script>\n<!-- \/ Yoast SEO plugin. -->","yoast_head_json":{"title":"Terror en la Torre de Sant Vicent. Divendres, 31 d'octubre 2025 a les 18h. - Benic\u00e0ssim Turismo","robots":{"index":"index","follow":"follow","max-snippet":"max-snippet:-1","max-image-preview":"max-image-preview:large","max-video-preview":"max-video-preview:-1"},"canonical":"https:\/\/turismo.benicassim.es\/va\/producte\/terror-en-la-torre-de-sant-vicent-viernes-31-de-octubre-2025-a-las-18h\/","og_locale":"en_US","og_type":"article","og_title":"Terror en la Torre de Sant Vicent. Divendres, 31 d'octubre 2025 a les 18h. - Benic\u00e0ssim Turismo","og_description":"Divendres, 31 d&#8217;octubre (3 sessions de 40 min: 18:00 h \u2013 19:00 h \u2013 20:00 h) Lloc: Centre d\u2019Interpretaci\u00f3 Torre de Sant Vicent. Avinguda Ferrandis Salvador, 1. Dist\u00e0ncia: Voltants de la torre (dificultat baixa). P\u00fablic recomanat: Familiar. Xiquets a partir de 8 anys. Preu: 5 \u20ac (2,50 \u20ac redu\u00efda). Descripci\u00f3: Conta la llegenda que, a [&hellip;]","og_url":"https:\/\/turismo.benicassim.es\/va\/producte\/terror-en-la-torre-de-sant-vicent-viernes-31-de-octubre-2025-a-las-18h\/","og_site_name":"Benic\u00e0ssim Turismo","article_modified_time":"2025-10-22T13:07:26+00:00","og_image":[{"width":1280,"height":857,"url":"https:\/\/turismo.benicassim.es\/wp-content\/uploads\/2025\/09\/Terror-en-la-Torre.jpg","type":"image\/jpeg"}],"twitter_card":"summary_large_image","twitter_misc":{"Est. reading time":"1 minute"},"schema":{"@context":"https:\/\/schema.org","@graph":[{"@type":"WebPage","@id":"https:\/\/turismo.benicassim.es\/va\/producte\/terror-en-la-torre-de-sant-vicent-viernes-31-de-octubre-2025-a-las-18h\/","url":"https:\/\/turismo.benicassim.es\/va\/producte\/terror-en-la-torre-de-sant-vicent-viernes-31-de-octubre-2025-a-las-18h\/","name":"Terror en la Torre de Sant Vicent. Divendres, 31 d'octubre 2025 a les 18h. - Benic\u00e0ssim Turismo","isPartOf":{"@id":"https:\/\/turismo.benicassim.es\/va\/#website"},"primaryImageOfPage":{"@id":"https:\/\/turismo.benicassim.es\/va\/producte\/terror-en-la-torre-de-sant-vicent-viernes-31-de-octubre-2025-a-las-18h\/#primaryimage"},"image":{"@id":"https:\/\/turismo.benicassim.es\/va\/producte\/terror-en-la-torre-de-sant-vicent-viernes-31-de-octubre-2025-a-las-18h\/#primaryimage"},"thumbnailUrl":"https:\/\/turismo.benicassim.es\/wp-content\/uploads\/2025\/09\/Terror-en-la-Torre.jpg","datePublished":"2025-09-24T12:40:09+00:00","dateModified":"2025-10-22T13:07:26+00:00","breadcrumb":{"@id":"https:\/\/turismo.benicassim.es\/va\/producte\/terror-en-la-torre-de-sant-vicent-viernes-31-de-octubre-2025-a-las-18h\/#breadcrumb"},"inLanguage":"ca-CA","potentialAction":[{"@type":"ReadAction","target":["https:\/\/turismo.benicassim.es\/va\/producte\/terror-en-la-torre-de-sant-vicent-viernes-31-de-octubre-2025-a-las-18h\/"]}]},{"@type":"ImageObject","inLanguage":"ca-CA","@id":"https:\/\/turismo.benicassim.es\/va\/producte\/terror-en-la-torre-de-sant-vicent-viernes-31-de-octubre-2025-a-las-18h\/#primaryimage","url":"https:\/\/turismo.benicassim.es\/wp-content\/uploads\/2025\/09\/Terror-en-la-Torre.jpg","contentUrl":"https:\/\/turismo.benicassim.es\/wp-content\/uploads\/2025\/09\/Terror-en-la-Torre.jpg","width":1280,"height":857},{"@type":"BreadcrumbList","@id":"https:\/\/turismo.benicassim.es\/va\/producte\/terror-en-la-torre-de-sant-vicent-viernes-31-de-octubre-2025-a-las-18h\/#breadcrumb","itemListElement":[{"@type":"ListItem","position":1,"name":"Inicio","item":"https:\/\/turismo.benicassim.es\/va\/"},{"@type":"ListItem","position":2,"name":"Tenda","item":"https:\/\/turismo.benicassim.es\/va\/tenda\/"},{"@type":"ListItem","position":3,"name":"Terror en la Torre de Sant Vicent. Divendres, 31 d&#8217;octubre 2025 a les 18h."}]},{"@type":"WebSite","@id":"https:\/\/turismo.benicassim.es\/va\/#website","url":"https:\/\/turismo.benicassim.es\/va\/","name":"Benic\u00e0ssim Turismo","description":"Web de informaci\u00f3n de Turismo en Benicasim","potentialAction":[{"@type":"SearchAction","target":{"@type":"EntryPoint","urlTemplate":"https:\/\/turismo.benicassim.es\/va\/?s={search_term_string}"},"query-input":{"@type":"PropertyValueSpecification","valueRequired":true,"valueName":"search_term_string"}}],"inLanguage":"ca-CA"}]}},"_links":{"self":[{"href":"https:\/\/turismo.benicassim.es\/va\/wp-json\/wp\/v2\/product\/84199","targetHints":{"allow":["GET"]}}],"collection":[{"href":"https:\/\/turismo.benicassim.es\/va\/wp-json\/wp\/v2\/product"}],"about":[{"href":"https:\/\/turismo.benicassim.es\/va\/wp-json\/wp\/v2\/types\/product"}],"wp:featuredmedia":[{"embeddable":true,"href":"https:\/\/turismo.benicassim.es\/va\/wp-json\/wp\/v2\/media\/84200"}],"wp:attachment":[{"href":"https:\/\/turismo.benicassim.es\/va\/wp-json\/wp\/v2\/media?parent=84199"}],"wp:term":[{"taxonomy":"product_brand","embeddable":true,"href":"https:\/\/turismo.benicassim.es\/va\/wp-json\/wp\/v2\/product_brand?post=84199"},{"taxonomy":"product_cat","embeddable":true,"href":"https:\/\/turismo.benicassim.es\/va\/wp-json\/wp\/v2\/product_cat?post=84199"},{"taxonomy":"product_tag","embeddable":true,"href":"https:\/\/turismo.benicassim.es\/va\/wp-json\/wp\/v2\/product_tag?post=84199"}],"curies":[{"name":"wp","href":"https:\/\/api.w.org\/{rel}","templated":true}]}}