{"id":84649,"date":"2025-10-28T10:20:36","date_gmt":"2025-10-28T09:20:36","guid":{"rendered":"https:\/\/turismo.benicassim.es\/producto\/martha-y-ernest-un-idilio-en-tiempos-de-guerra-teatralizada-sabado-29-de-noviembre-de-2025-a-las-1030h\/"},"modified":"2025-10-28T10:27:16","modified_gmt":"2025-10-28T09:27:16","slug":"martha-y-ernest-un-idilio-en-tiempos-de-guerra-teatralizada-sabado-29-de-noviembre-de-2025-a-las-1030h","status":"publish","type":"product","link":"https:\/\/turismo.benicassim.es\/va\/producte\/martha-y-ernest-un-idilio-en-tiempos-de-guerra-teatralizada-sabado-29-de-noviembre-de-2025-a-las-1030h\/","title":{"rendered":"Martha i Ernest, un idil\u00b7li en temps de guerra (teatralitzada). Dissabte, 29 de novembre de 2025 a les 10:30h."},"content":{"rendered":"<p><span style=\"color: #000000;\"><span style=\"font-family: Montserrat, sans-serif;\"><span style=\"font-size: small;\">Dissabte, 29 de novembre de 2025 <\/span><\/span><span style=\"font-family: Montserrat, sans-serif;\"><span style=\"font-size: small;\">(<\/span><\/span><span style=\"font-family: Montserrat, sans-serif;\"><span style=\"font-size: small;\">1<\/span><\/span><span style=\"font-family: Montserrat, sans-serif;\"><span style=\"font-size: small;\">0<\/span><\/span><span style=\"font-family: Montserrat, sans-serif;\"><span style=\"font-size: small;\">:<\/span><\/span><span style=\"font-family: Montserrat, sans-serif;\"><span style=\"font-size: small;\">3<\/span><\/span><span style=\"font-family: Montserrat, sans-serif;\"><span style=\"font-size: small;\">0<\/span><\/span><span style=\"font-family: Montserrat, sans-serif;\"><span style=\"font-size: small;\"> \u2013 <\/span><\/span><span style=\"font-family: Montserrat, sans-serif;\"><span style=\"font-size: small;\">1<\/span><\/span><span style=\"font-family: Montserrat, sans-serif;\"><span style=\"font-size: small;\">2<\/span><\/span><span style=\"font-family: Montserrat, sans-serif;\"><span style=\"font-size: small;\">:<\/span><\/span><span style=\"font-family: Montserrat, sans-serif;\"><span style=\"font-size: small;\">3<\/span><\/span><span style=\"font-family: Montserrat, sans-serif;\"><span style=\"font-size: small;\">0h<\/span><\/span><span style=\"font-family: Montserrat, sans-serif;\"><span style=\"font-size: small;\">).<\/span><\/span><\/span><span style=\"color: #000000;\"><span style=\"font-family: Montserrat, sans-serif;\"><span style=\"font-size: large;\"><span style=\"font-size: small;\"><br \/>\nLloc: Hotel Voramar i Ruta de les Vil\u00b7les. P. Pilar Coloma, 1.<br \/>\nDist\u00e0ncia: 2 km<br \/>\nDificultat: Baixa.<br \/>\nP\u00fablic recomanat: Tem\u00e0tica per a adults.<br \/>\nPreu: 5 \u20ac (2,5 \u20ac redu\u00efda).<br \/>\nDescripci\u00f3: Les vil\u00b7les de Benic\u00e0ssim van ser requisades pel govern republic\u00e0 durant l&#8217;\u00faltima Guerra Civil espanyola, servint com a hospitals i centres log\u00edstics per a atendre els ferits de les Brigades Internacionals i de les batalles de Terol i Madrid.<br \/>\nA m\u00e9s, l&#8217;hotel Voramar va allotjar a periodistes de guerra tan reconeguts com Ernest Hemingway o la que va ser una de les seues parelles, Martha Gellhorn, considerada per molts la primera dona periodista de guerra de la hist\u00f2ria. Seran ells i la seua convulsa relaci\u00f3 els que ens guiaran al llarg d&#8217;una ruta de les Viles poques vegades vista.<br \/>\nRecomanacions: Durant la prestaci\u00f3 del servei no es permet l&#8217;acc\u00e9s amb animals (excepte gossos d&#8217;assist\u00e8ncia o guia)<\/p>\n<p><\/span><\/span><\/span><\/span><\/p>\n","protected":false},"excerpt":{"rendered":"<p>Dissabte, 29 de novembre de 2025 (10:30 \u2013 12:30h). Lloc: Hotel Voramar i Ruta de les Vil\u00b7les. P. Pilar Coloma, 1. Dist\u00e0ncia: 2 km Dificultat: Baixa. P\u00fablic recomanat: Tem\u00e0tica per a adults. Preu: 5 \u20ac (2,5 \u20ac redu\u00efda). Descripci\u00f3: Les vil\u00b7les de Benic\u00e0ssim van ser requisades pel govern republic\u00e0 durant l&#8217;\u00faltima Guerra Civil espanyola, servint [&hellip;]<\/p>\n","protected":false},"featured_media":76673,"template":"","meta":{"_acf_changed":false},"product_brand":[],"product_cat":[1178],"product_tag":[607,339,551,681,708,555],"class_list":{"0":"post-84649","1":"product","2":"type-product","3":"status-publish","4":"has-post-thumbnail","6":"product_cat-un-idilio-en-tiempos-de-guerra-va","7":"product_tag-benicassim-guided-tours-va","8":"product_tag-programa-oficial-de-visitas-guiadas-va","9":"product_tag-programa-oficial-visitas-guiadas-benicasim-va","10":"product_tag-rutas-guiadas-benicasim-va","11":"product_tag-visitas-teatralizadas-benicassim-va","12":"product_tag-visites-guiades-benicassim","14":"first","15":"instock","16":"shipping-taxable","17":"purchasable","18":"product-type-variable"},"acf":[],"yoast_head":"<!-- This site is optimized with the Yoast SEO plugin v27.4 - https:\/\/yoast.com\/product\/yoast-seo-wordpress\/ -->\n<title>Martha i Ernest, un idil\u00b7li en temps de guerra (teatralitzada). Dissabte, 29 de novembre de 2025 a les 10:30h. - Benic\u00e0ssim Turismo<\/title>\n<meta name=\"robots\" content=\"index, follow, max-snippet:-1, max-image-preview:large, max-video-preview:-1\" \/>\n<link rel=\"canonical\" href=\"https:\/\/turismo.benicassim.es\/va\/producte\/martha-y-ernest-un-idilio-en-tiempos-de-guerra-teatralizada-sabado-29-de-noviembre-de-2025-a-las-1030h\/\" \/>\n<meta property=\"og:locale\" content=\"en_US\" \/>\n<meta property=\"og:type\" content=\"article\" \/>\n<meta property=\"og:title\" content=\"Martha i Ernest, un idil\u00b7li en temps de guerra (teatralitzada). Dissabte, 29 de novembre de 2025 a les 10:30h. - Benic\u00e0ssim Turismo\" \/>\n<meta property=\"og:description\" content=\"Dissabte, 29 de novembre de 2025 (10:30 \u2013 12:30h). Lloc: Hotel Voramar i Ruta de les Vil\u00b7les. P. Pilar Coloma, 1. Dist\u00e0ncia: 2 km Dificultat: Baixa. P\u00fablic recomanat: Tem\u00e0tica per a adults. Preu: 5 \u20ac (2,5 \u20ac redu\u00efda). Descripci\u00f3: Les vil\u00b7les de Benic\u00e0ssim van ser requisades pel govern republic\u00e0 durant l&#8217;\u00faltima Guerra Civil espanyola, servint [&hellip;]\" \/>\n<meta property=\"og:url\" content=\"https:\/\/turismo.benicassim.es\/va\/producte\/martha-y-ernest-un-idilio-en-tiempos-de-guerra-teatralizada-sabado-29-de-noviembre-de-2025-a-las-1030h\/\" \/>\n<meta property=\"og:site_name\" content=\"Benic\u00e0ssim Turismo\" \/>\n<meta property=\"article:modified_time\" content=\"2025-10-28T09:27:16+00:00\" \/>\n<meta property=\"og:image\" content=\"https:\/\/turismo.benicassim.es\/wp-content\/uploads\/2024\/06\/4.-Martha-y-Ernest.png\" \/>\n\t<meta property=\"og:image:width\" content=\"407\" \/>\n\t<meta property=\"og:image:height\" content=\"595\" \/>\n\t<meta property=\"og:image:type\" content=\"image\/png\" \/>\n<meta name=\"twitter:card\" content=\"summary_large_image\" \/>\n<meta name=\"twitter:label1\" content=\"Est. reading time\" \/>\n\t<meta name=\"twitter:data1\" content=\"1 minute\" \/>\n<script type=\"application\/ld+json\" class=\"yoast-schema-graph\">{\"@context\":\"https:\\\/\\\/schema.org\",\"@graph\":[{\"@type\":\"WebPage\",\"@id\":\"https:\\\/\\\/turismo.benicassim.es\\\/va\\\/producte\\\/martha-y-ernest-un-idilio-en-tiempos-de-guerra-teatralizada-sabado-29-de-noviembre-de-2025-a-las-1030h\\\/\",\"url\":\"https:\\\/\\\/turismo.benicassim.es\\\/va\\\/producte\\\/martha-y-ernest-un-idilio-en-tiempos-de-guerra-teatralizada-sabado-29-de-noviembre-de-2025-a-las-1030h\\\/\",\"name\":\"Martha i Ernest, un idil\u00b7li en temps de guerra (teatralitzada). Dissabte, 29 de novembre de 2025 a les 10:30h. - Benic\u00e0ssim Turismo\",\"isPartOf\":{\"@id\":\"https:\\\/\\\/turismo.benicassim.es\\\/va\\\/#website\"},\"primaryImageOfPage\":{\"@id\":\"https:\\\/\\\/turismo.benicassim.es\\\/va\\\/producte\\\/martha-y-ernest-un-idilio-en-tiempos-de-guerra-teatralizada-sabado-29-de-noviembre-de-2025-a-las-1030h\\\/#primaryimage\"},\"image\":{\"@id\":\"https:\\\/\\\/turismo.benicassim.es\\\/va\\\/producte\\\/martha-y-ernest-un-idilio-en-tiempos-de-guerra-teatralizada-sabado-29-de-noviembre-de-2025-a-las-1030h\\\/#primaryimage\"},\"thumbnailUrl\":\"https:\\\/\\\/turismo.benicassim.es\\\/wp-content\\\/uploads\\\/2024\\\/06\\\/4.-Martha-y-Ernest.png\",\"datePublished\":\"2025-10-28T09:20:36+00:00\",\"dateModified\":\"2025-10-28T09:27:16+00:00\",\"breadcrumb\":{\"@id\":\"https:\\\/\\\/turismo.benicassim.es\\\/va\\\/producte\\\/martha-y-ernest-un-idilio-en-tiempos-de-guerra-teatralizada-sabado-29-de-noviembre-de-2025-a-las-1030h\\\/#breadcrumb\"},\"inLanguage\":\"ca-CA\",\"potentialAction\":[{\"@type\":\"ReadAction\",\"target\":[\"https:\\\/\\\/turismo.benicassim.es\\\/va\\\/producte\\\/martha-y-ernest-un-idilio-en-tiempos-de-guerra-teatralizada-sabado-29-de-noviembre-de-2025-a-las-1030h\\\/\"]}]},{\"@type\":\"ImageObject\",\"inLanguage\":\"ca-CA\",\"@id\":\"https:\\\/\\\/turismo.benicassim.es\\\/va\\\/producte\\\/martha-y-ernest-un-idilio-en-tiempos-de-guerra-teatralizada-sabado-29-de-noviembre-de-2025-a-las-1030h\\\/#primaryimage\",\"url\":\"https:\\\/\\\/turismo.benicassim.es\\\/wp-content\\\/uploads\\\/2024\\\/06\\\/4.-Martha-y-Ernest.png\",\"contentUrl\":\"https:\\\/\\\/turismo.benicassim.es\\\/wp-content\\\/uploads\\\/2024\\\/06\\\/4.-Martha-y-Ernest.png\",\"width\":407,\"height\":595},{\"@type\":\"BreadcrumbList\",\"@id\":\"https:\\\/\\\/turismo.benicassim.es\\\/va\\\/producte\\\/martha-y-ernest-un-idilio-en-tiempos-de-guerra-teatralizada-sabado-29-de-noviembre-de-2025-a-las-1030h\\\/#breadcrumb\",\"itemListElement\":[{\"@type\":\"ListItem\",\"position\":1,\"name\":\"Inicio\",\"item\":\"https:\\\/\\\/turismo.benicassim.es\\\/va\\\/\"},{\"@type\":\"ListItem\",\"position\":2,\"name\":\"Tenda\",\"item\":\"https:\\\/\\\/turismo.benicassim.es\\\/va\\\/tenda\\\/\"},{\"@type\":\"ListItem\",\"position\":3,\"name\":\"Martha i Ernest, un idil\u00b7li en temps de guerra (teatralitzada). Dissabte, 29 de novembre de 2025 a les 10:30h.\"}]},{\"@type\":\"WebSite\",\"@id\":\"https:\\\/\\\/turismo.benicassim.es\\\/va\\\/#website\",\"url\":\"https:\\\/\\\/turismo.benicassim.es\\\/va\\\/\",\"name\":\"Benic\u00e0ssim Turismo\",\"description\":\"Web de informaci\u00f3n de Turismo en Benicasim\",\"potentialAction\":[{\"@type\":\"SearchAction\",\"target\":{\"@type\":\"EntryPoint\",\"urlTemplate\":\"https:\\\/\\\/turismo.benicassim.es\\\/va\\\/?s={search_term_string}\"},\"query-input\":{\"@type\":\"PropertyValueSpecification\",\"valueRequired\":true,\"valueName\":\"search_term_string\"}}],\"inLanguage\":\"ca-CA\"}]}<\/script>\n<!-- \/ Yoast SEO plugin. -->","yoast_head_json":{"title":"Martha i Ernest, un idil\u00b7li en temps de guerra (teatralitzada). Dissabte, 29 de novembre de 2025 a les 10:30h. - Benic\u00e0ssim Turismo","robots":{"index":"index","follow":"follow","max-snippet":"max-snippet:-1","max-image-preview":"max-image-preview:large","max-video-preview":"max-video-preview:-1"},"canonical":"https:\/\/turismo.benicassim.es\/va\/producte\/martha-y-ernest-un-idilio-en-tiempos-de-guerra-teatralizada-sabado-29-de-noviembre-de-2025-a-las-1030h\/","og_locale":"en_US","og_type":"article","og_title":"Martha i Ernest, un idil\u00b7li en temps de guerra (teatralitzada). Dissabte, 29 de novembre de 2025 a les 10:30h. - Benic\u00e0ssim Turismo","og_description":"Dissabte, 29 de novembre de 2025 (10:30 \u2013 12:30h). Lloc: Hotel Voramar i Ruta de les Vil\u00b7les. P. Pilar Coloma, 1. Dist\u00e0ncia: 2 km Dificultat: Baixa. P\u00fablic recomanat: Tem\u00e0tica per a adults. Preu: 5 \u20ac (2,5 \u20ac redu\u00efda). Descripci\u00f3: Les vil\u00b7les de Benic\u00e0ssim van ser requisades pel govern republic\u00e0 durant l&#8217;\u00faltima Guerra Civil espanyola, servint [&hellip;]","og_url":"https:\/\/turismo.benicassim.es\/va\/producte\/martha-y-ernest-un-idilio-en-tiempos-de-guerra-teatralizada-sabado-29-de-noviembre-de-2025-a-las-1030h\/","og_site_name":"Benic\u00e0ssim Turismo","article_modified_time":"2025-10-28T09:27:16+00:00","og_image":[{"width":407,"height":595,"url":"https:\/\/turismo.benicassim.es\/wp-content\/uploads\/2024\/06\/4.-Martha-y-Ernest.png","type":"image\/png"}],"twitter_card":"summary_large_image","twitter_misc":{"Est. reading time":"1 minute"},"schema":{"@context":"https:\/\/schema.org","@graph":[{"@type":"WebPage","@id":"https:\/\/turismo.benicassim.es\/va\/producte\/martha-y-ernest-un-idilio-en-tiempos-de-guerra-teatralizada-sabado-29-de-noviembre-de-2025-a-las-1030h\/","url":"https:\/\/turismo.benicassim.es\/va\/producte\/martha-y-ernest-un-idilio-en-tiempos-de-guerra-teatralizada-sabado-29-de-noviembre-de-2025-a-las-1030h\/","name":"Martha i Ernest, un idil\u00b7li en temps de guerra (teatralitzada). Dissabte, 29 de novembre de 2025 a les 10:30h. - Benic\u00e0ssim Turismo","isPartOf":{"@id":"https:\/\/turismo.benicassim.es\/va\/#website"},"primaryImageOfPage":{"@id":"https:\/\/turismo.benicassim.es\/va\/producte\/martha-y-ernest-un-idilio-en-tiempos-de-guerra-teatralizada-sabado-29-de-noviembre-de-2025-a-las-1030h\/#primaryimage"},"image":{"@id":"https:\/\/turismo.benicassim.es\/va\/producte\/martha-y-ernest-un-idilio-en-tiempos-de-guerra-teatralizada-sabado-29-de-noviembre-de-2025-a-las-1030h\/#primaryimage"},"thumbnailUrl":"https:\/\/turismo.benicassim.es\/wp-content\/uploads\/2024\/06\/4.-Martha-y-Ernest.png","datePublished":"2025-10-28T09:20:36+00:00","dateModified":"2025-10-28T09:27:16+00:00","breadcrumb":{"@id":"https:\/\/turismo.benicassim.es\/va\/producte\/martha-y-ernest-un-idilio-en-tiempos-de-guerra-teatralizada-sabado-29-de-noviembre-de-2025-a-las-1030h\/#breadcrumb"},"inLanguage":"ca-CA","potentialAction":[{"@type":"ReadAction","target":["https:\/\/turismo.benicassim.es\/va\/producte\/martha-y-ernest-un-idilio-en-tiempos-de-guerra-teatralizada-sabado-29-de-noviembre-de-2025-a-las-1030h\/"]}]},{"@type":"ImageObject","inLanguage":"ca-CA","@id":"https:\/\/turismo.benicassim.es\/va\/producte\/martha-y-ernest-un-idilio-en-tiempos-de-guerra-teatralizada-sabado-29-de-noviembre-de-2025-a-las-1030h\/#primaryimage","url":"https:\/\/turismo.benicassim.es\/wp-content\/uploads\/2024\/06\/4.-Martha-y-Ernest.png","contentUrl":"https:\/\/turismo.benicassim.es\/wp-content\/uploads\/2024\/06\/4.-Martha-y-Ernest.png","width":407,"height":595},{"@type":"BreadcrumbList","@id":"https:\/\/turismo.benicassim.es\/va\/producte\/martha-y-ernest-un-idilio-en-tiempos-de-guerra-teatralizada-sabado-29-de-noviembre-de-2025-a-las-1030h\/#breadcrumb","itemListElement":[{"@type":"ListItem","position":1,"name":"Inicio","item":"https:\/\/turismo.benicassim.es\/va\/"},{"@type":"ListItem","position":2,"name":"Tenda","item":"https:\/\/turismo.benicassim.es\/va\/tenda\/"},{"@type":"ListItem","position":3,"name":"Martha i Ernest, un idil\u00b7li en temps de guerra (teatralitzada). Dissabte, 29 de novembre de 2025 a les 10:30h."}]},{"@type":"WebSite","@id":"https:\/\/turismo.benicassim.es\/va\/#website","url":"https:\/\/turismo.benicassim.es\/va\/","name":"Benic\u00e0ssim Turismo","description":"Web de informaci\u00f3n de Turismo en Benicasim","potentialAction":[{"@type":"SearchAction","target":{"@type":"EntryPoint","urlTemplate":"https:\/\/turismo.benicassim.es\/va\/?s={search_term_string}"},"query-input":{"@type":"PropertyValueSpecification","valueRequired":true,"valueName":"search_term_string"}}],"inLanguage":"ca-CA"}]}},"_links":{"self":[{"href":"https:\/\/turismo.benicassim.es\/va\/wp-json\/wp\/v2\/product\/84649","targetHints":{"allow":["GET"]}}],"collection":[{"href":"https:\/\/turismo.benicassim.es\/va\/wp-json\/wp\/v2\/product"}],"about":[{"href":"https:\/\/turismo.benicassim.es\/va\/wp-json\/wp\/v2\/types\/product"}],"wp:featuredmedia":[{"embeddable":true,"href":"https:\/\/turismo.benicassim.es\/va\/wp-json\/wp\/v2\/media\/76673"}],"wp:attachment":[{"href":"https:\/\/turismo.benicassim.es\/va\/wp-json\/wp\/v2\/media?parent=84649"}],"wp:term":[{"taxonomy":"product_brand","embeddable":true,"href":"https:\/\/turismo.benicassim.es\/va\/wp-json\/wp\/v2\/product_brand?post=84649"},{"taxonomy":"product_cat","embeddable":true,"href":"https:\/\/turismo.benicassim.es\/va\/wp-json\/wp\/v2\/product_cat?post=84649"},{"taxonomy":"product_tag","embeddable":true,"href":"https:\/\/turismo.benicassim.es\/va\/wp-json\/wp\/v2\/product_tag?post=84649"}],"curies":[{"name":"wp","href":"https:\/\/api.w.org\/{rel}","templated":true}]}}