{"id":85000,"date":"2025-11-25T12:11:54","date_gmt":"2025-11-25T11:11:54","guid":{"rendered":"https:\/\/turismo.benicassim.es\/producto\/paisajes-silenciosos-de-santos-y-eremitas-sabado-6-de-diciembre-de-2025\/"},"modified":"2025-11-25T12:22:31","modified_gmt":"2025-11-25T11:22:31","slug":"paisajes-silenciosos-de-santos-y-eremitas-sabado-6-de-diciembre-de-2025","status":"publish","type":"product","link":"https:\/\/turismo.benicassim.es\/va\/producte\/paisajes-silenciosos-de-santos-y-eremitas-sabado-6-de-diciembre-de-2025\/","title":{"rendered":"Paisatges silenciosos de sants i eremites. Dissabte, 6 de desembre de 2025."},"content":{"rendered":"<p><span style=\"color: #000000;\"><span style=\"font-family: Montserrat, sans-serif;\"><span style=\"font-size: large;\"><span style=\"font-size: small;\">*Inclou int\u00e8rpret en llengua de signes.<\/p>\n<p>Dissabte, 6 de desembre<\/span><\/span><span style=\"font-size: large;\">\u00a0<span style=\"font-size: small;\">(10:00h<\/span><span style=\"font-size: small;\"> \u2013 <\/span><span style=\"font-size: small;\">13<\/span><span style=\"font-size: small;\">:00h).<br \/>\n<\/span><\/span><\/span><\/span><span style=\"color: #000000;\"><span style=\"font-family: Montserrat, sans-serif;\"><span style=\"font-size: small;\">Lloc: P\u00e0rquing Mirador Antic Monestir. (CV-147 \/ km 9.)<br \/>\n<\/span><\/span><\/span><span style=\"color: #000000;\"><span style=\"font-family: Montserrat, sans-serif;\"><span style=\"font-size: small;\">Dist\u00e0ncia: 5 km (dificultat moderada).<br \/>\n<\/span><\/span><\/span><span style=\"color: #000000;\"><span style=\"font-family: Montserrat, sans-serif;\"><span style=\"font-size: small;\">Preu: 3\u20ac (1,5\u20ac, redu\u00efda).<br \/>\n<\/span><\/span><\/span><span style=\"color: #000000;\"><span style=\"font-family: Montserrat, sans-serif;\"><span style=\"font-size: small;\">P\u00fablic recomanat: Experi\u00e8ncia senderista. Xiquets a partir de 7 anys.<br \/>\n<\/span><\/span><\/span><span style=\"color: #000000;\"><span style=\"font-family: Montserrat, sans-serif;\"><span style=\"font-size: small;\">Descripci\u00f3: Els paisatges brillantment rojos i verds de les muntanyes de Benic\u00e0ssim creen les m\u00e9s boniques postals que van captivar, fa m\u00e9s de tres segles, els austers i erem\u00edtics pares carmelites. Les roques roges sagrades seran les protagonistes d&#8217;una ruta que comen\u00e7ar\u00e0 i acabar\u00e0 amb l&#8217;esperit carmelit\u00e0 sobrevolant els nostres caps.<\/span><\/span><\/span><\/p>\n<p align=\"left\"><span style=\"color: #000000;\"><span style=\"font-family: Montserrat, sans-serif;\"><span style=\"font-size: small;\">Recomanacions: Roba abrigada i cal\u00e7at de muntanya, esmorzar i aigua. No assistir si es t\u00e9 una lesi\u00f3 o malaltia greu o si se n&#8217;est\u00e0 recuperant.<\/span><\/span><\/span><\/p>\n","protected":false},"excerpt":{"rendered":"<p>*Inclou int\u00e8rpret en llengua de signes. Dissabte, 6 de desembre\u00a0(10:00h \u2013 13:00h). Lloc: P\u00e0rquing Mirador Antic Monestir. (CV-147 \/ km 9.) Dist\u00e0ncia: 5 km (dificultat moderada). Preu: 3\u20ac (1,5\u20ac, redu\u00efda). P\u00fablic recomanat: Experi\u00e8ncia senderista. Xiquets a partir de 7 anys. Descripci\u00f3: Els paisatges brillantment rojos i verds de les muntanyes de Benic\u00e0ssim creen les m\u00e9s [&hellip;]<\/p>\n","protected":false},"featured_media":77977,"template":"","meta":{"_acf_changed":false},"product_brand":[],"product_cat":[1312],"product_tag":[497,607,1104,760,739,623,1148,735],"class_list":{"0":"post-85000","1":"product","2":"type-product","3":"status-publish","4":"has-post-thumbnail","6":"product_cat-paisatges-silenciosos-de-sants-i-eremites","7":"product_tag-benicassim-va","8":"product_tag-benicassim-guided-tours-va","9":"product_tag-desert-de-les-palmes-va","10":"product_tag-programa-oficial-de-visitas-guiadas-benicassim-va","11":"product_tag-programa-oficial-de-visites-guiades-benicassim-va","12":"product_tag-rutas-guiadas-benicassim-va","13":"product_tag-senderismo-va","14":"product_tag-senderismo-benicasim-va","16":"first","17":"instock","18":"shipping-taxable","19":"purchasable","20":"product-type-variable"},"acf":[],"yoast_head":"<!-- This site is optimized with the Yoast SEO plugin v27.4 - https:\/\/yoast.com\/product\/yoast-seo-wordpress\/ -->\n<title>Paisatges silenciosos de sants i eremites. Dissabte, 6 de desembre de 2025. - Benic\u00e0ssim Turismo<\/title>\n<meta name=\"robots\" content=\"index, follow, max-snippet:-1, max-image-preview:large, max-video-preview:-1\" \/>\n<link rel=\"canonical\" href=\"https:\/\/turismo.benicassim.es\/va\/producte\/paisajes-silenciosos-de-santos-y-eremitas-sabado-6-de-diciembre-de-2025\/\" \/>\n<meta property=\"og:locale\" content=\"en_US\" \/>\n<meta property=\"og:type\" content=\"article\" \/>\n<meta property=\"og:title\" content=\"Paisatges silenciosos de sants i eremites. Dissabte, 6 de desembre de 2025. - Benic\u00e0ssim Turismo\" \/>\n<meta property=\"og:description\" content=\"*Inclou int\u00e8rpret en llengua de signes. Dissabte, 6 de desembre\u00a0(10:00h \u2013 13:00h). Lloc: P\u00e0rquing Mirador Antic Monestir. (CV-147 \/ km 9.) Dist\u00e0ncia: 5 km (dificultat moderada). Preu: 3\u20ac (1,5\u20ac, redu\u00efda). P\u00fablic recomanat: Experi\u00e8ncia senderista. Xiquets a partir de 7 anys. Descripci\u00f3: Els paisatges brillantment rojos i verds de les muntanyes de Benic\u00e0ssim creen les m\u00e9s [&hellip;]\" \/>\n<meta property=\"og:url\" content=\"https:\/\/turismo.benicassim.es\/va\/producte\/paisajes-silenciosos-de-santos-y-eremitas-sabado-6-de-diciembre-de-2025\/\" \/>\n<meta property=\"og:site_name\" content=\"Benic\u00e0ssim Turismo\" \/>\n<meta property=\"article:modified_time\" content=\"2025-11-25T11:22:31+00:00\" \/>\n<meta property=\"og:image\" content=\"https:\/\/turismo.benicassim.es\/wp-content\/uploads\/2024\/08\/28.-Paisajes-silenciosos-de-santos-y-eremitas-scaled.jpg\" \/>\n\t<meta property=\"og:image:width\" content=\"2560\" \/>\n\t<meta property=\"og:image:height\" content=\"1707\" \/>\n\t<meta property=\"og:image:type\" content=\"image\/jpeg\" \/>\n<meta name=\"twitter:card\" content=\"summary_large_image\" \/>\n<meta name=\"twitter:label1\" content=\"Est. reading time\" \/>\n\t<meta name=\"twitter:data1\" content=\"1 minute\" \/>\n<script type=\"application\/ld+json\" class=\"yoast-schema-graph\">{\"@context\":\"https:\\\/\\\/schema.org\",\"@graph\":[{\"@type\":\"WebPage\",\"@id\":\"https:\\\/\\\/turismo.benicassim.es\\\/va\\\/producte\\\/paisajes-silenciosos-de-santos-y-eremitas-sabado-6-de-diciembre-de-2025\\\/\",\"url\":\"https:\\\/\\\/turismo.benicassim.es\\\/va\\\/producte\\\/paisajes-silenciosos-de-santos-y-eremitas-sabado-6-de-diciembre-de-2025\\\/\",\"name\":\"Paisatges silenciosos de sants i eremites. Dissabte, 6 de desembre de 2025. - Benic\u00e0ssim Turismo\",\"isPartOf\":{\"@id\":\"https:\\\/\\\/turismo.benicassim.es\\\/va\\\/#website\"},\"primaryImageOfPage\":{\"@id\":\"https:\\\/\\\/turismo.benicassim.es\\\/va\\\/producte\\\/paisajes-silenciosos-de-santos-y-eremitas-sabado-6-de-diciembre-de-2025\\\/#primaryimage\"},\"image\":{\"@id\":\"https:\\\/\\\/turismo.benicassim.es\\\/va\\\/producte\\\/paisajes-silenciosos-de-santos-y-eremitas-sabado-6-de-diciembre-de-2025\\\/#primaryimage\"},\"thumbnailUrl\":\"https:\\\/\\\/turismo.benicassim.es\\\/wp-content\\\/uploads\\\/2024\\\/08\\\/28.-Paisajes-silenciosos-de-santos-y-eremitas-scaled.jpg\",\"datePublished\":\"2025-11-25T11:11:54+00:00\",\"dateModified\":\"2025-11-25T11:22:31+00:00\",\"breadcrumb\":{\"@id\":\"https:\\\/\\\/turismo.benicassim.es\\\/va\\\/producte\\\/paisajes-silenciosos-de-santos-y-eremitas-sabado-6-de-diciembre-de-2025\\\/#breadcrumb\"},\"inLanguage\":\"ca-CA\",\"potentialAction\":[{\"@type\":\"ReadAction\",\"target\":[\"https:\\\/\\\/turismo.benicassim.es\\\/va\\\/producte\\\/paisajes-silenciosos-de-santos-y-eremitas-sabado-6-de-diciembre-de-2025\\\/\"]}]},{\"@type\":\"ImageObject\",\"inLanguage\":\"ca-CA\",\"@id\":\"https:\\\/\\\/turismo.benicassim.es\\\/va\\\/producte\\\/paisajes-silenciosos-de-santos-y-eremitas-sabado-6-de-diciembre-de-2025\\\/#primaryimage\",\"url\":\"https:\\\/\\\/turismo.benicassim.es\\\/wp-content\\\/uploads\\\/2024\\\/08\\\/28.-Paisajes-silenciosos-de-santos-y-eremitas-scaled.jpg\",\"contentUrl\":\"https:\\\/\\\/turismo.benicassim.es\\\/wp-content\\\/uploads\\\/2024\\\/08\\\/28.-Paisajes-silenciosos-de-santos-y-eremitas-scaled.jpg\",\"width\":2560,\"height\":1707},{\"@type\":\"BreadcrumbList\",\"@id\":\"https:\\\/\\\/turismo.benicassim.es\\\/va\\\/producte\\\/paisajes-silenciosos-de-santos-y-eremitas-sabado-6-de-diciembre-de-2025\\\/#breadcrumb\",\"itemListElement\":[{\"@type\":\"ListItem\",\"position\":1,\"name\":\"Inicio\",\"item\":\"https:\\\/\\\/turismo.benicassim.es\\\/va\\\/\"},{\"@type\":\"ListItem\",\"position\":2,\"name\":\"Tenda\",\"item\":\"https:\\\/\\\/turismo.benicassim.es\\\/va\\\/tenda\\\/\"},{\"@type\":\"ListItem\",\"position\":3,\"name\":\"Paisatges silenciosos de sants i eremites. Dissabte, 6 de desembre de 2025.\"}]},{\"@type\":\"WebSite\",\"@id\":\"https:\\\/\\\/turismo.benicassim.es\\\/va\\\/#website\",\"url\":\"https:\\\/\\\/turismo.benicassim.es\\\/va\\\/\",\"name\":\"Benic\u00e0ssim Turismo\",\"description\":\"Web de informaci\u00f3n de Turismo en Benicasim\",\"potentialAction\":[{\"@type\":\"SearchAction\",\"target\":{\"@type\":\"EntryPoint\",\"urlTemplate\":\"https:\\\/\\\/turismo.benicassim.es\\\/va\\\/?s={search_term_string}\"},\"query-input\":{\"@type\":\"PropertyValueSpecification\",\"valueRequired\":true,\"valueName\":\"search_term_string\"}}],\"inLanguage\":\"ca-CA\"}]}<\/script>\n<!-- \/ Yoast SEO plugin. -->","yoast_head_json":{"title":"Paisatges silenciosos de sants i eremites. Dissabte, 6 de desembre de 2025. - Benic\u00e0ssim Turismo","robots":{"index":"index","follow":"follow","max-snippet":"max-snippet:-1","max-image-preview":"max-image-preview:large","max-video-preview":"max-video-preview:-1"},"canonical":"https:\/\/turismo.benicassim.es\/va\/producte\/paisajes-silenciosos-de-santos-y-eremitas-sabado-6-de-diciembre-de-2025\/","og_locale":"en_US","og_type":"article","og_title":"Paisatges silenciosos de sants i eremites. Dissabte, 6 de desembre de 2025. - Benic\u00e0ssim Turismo","og_description":"*Inclou int\u00e8rpret en llengua de signes. Dissabte, 6 de desembre\u00a0(10:00h \u2013 13:00h). Lloc: P\u00e0rquing Mirador Antic Monestir. (CV-147 \/ km 9.) Dist\u00e0ncia: 5 km (dificultat moderada). Preu: 3\u20ac (1,5\u20ac, redu\u00efda). P\u00fablic recomanat: Experi\u00e8ncia senderista. Xiquets a partir de 7 anys. Descripci\u00f3: Els paisatges brillantment rojos i verds de les muntanyes de Benic\u00e0ssim creen les m\u00e9s [&hellip;]","og_url":"https:\/\/turismo.benicassim.es\/va\/producte\/paisajes-silenciosos-de-santos-y-eremitas-sabado-6-de-diciembre-de-2025\/","og_site_name":"Benic\u00e0ssim Turismo","article_modified_time":"2025-11-25T11:22:31+00:00","og_image":[{"width":2560,"height":1707,"url":"https:\/\/turismo.benicassim.es\/wp-content\/uploads\/2024\/08\/28.-Paisajes-silenciosos-de-santos-y-eremitas-scaled.jpg","type":"image\/jpeg"}],"twitter_card":"summary_large_image","twitter_misc":{"Est. reading time":"1 minute"},"schema":{"@context":"https:\/\/schema.org","@graph":[{"@type":"WebPage","@id":"https:\/\/turismo.benicassim.es\/va\/producte\/paisajes-silenciosos-de-santos-y-eremitas-sabado-6-de-diciembre-de-2025\/","url":"https:\/\/turismo.benicassim.es\/va\/producte\/paisajes-silenciosos-de-santos-y-eremitas-sabado-6-de-diciembre-de-2025\/","name":"Paisatges silenciosos de sants i eremites. Dissabte, 6 de desembre de 2025. - Benic\u00e0ssim Turismo","isPartOf":{"@id":"https:\/\/turismo.benicassim.es\/va\/#website"},"primaryImageOfPage":{"@id":"https:\/\/turismo.benicassim.es\/va\/producte\/paisajes-silenciosos-de-santos-y-eremitas-sabado-6-de-diciembre-de-2025\/#primaryimage"},"image":{"@id":"https:\/\/turismo.benicassim.es\/va\/producte\/paisajes-silenciosos-de-santos-y-eremitas-sabado-6-de-diciembre-de-2025\/#primaryimage"},"thumbnailUrl":"https:\/\/turismo.benicassim.es\/wp-content\/uploads\/2024\/08\/28.-Paisajes-silenciosos-de-santos-y-eremitas-scaled.jpg","datePublished":"2025-11-25T11:11:54+00:00","dateModified":"2025-11-25T11:22:31+00:00","breadcrumb":{"@id":"https:\/\/turismo.benicassim.es\/va\/producte\/paisajes-silenciosos-de-santos-y-eremitas-sabado-6-de-diciembre-de-2025\/#breadcrumb"},"inLanguage":"ca-CA","potentialAction":[{"@type":"ReadAction","target":["https:\/\/turismo.benicassim.es\/va\/producte\/paisajes-silenciosos-de-santos-y-eremitas-sabado-6-de-diciembre-de-2025\/"]}]},{"@type":"ImageObject","inLanguage":"ca-CA","@id":"https:\/\/turismo.benicassim.es\/va\/producte\/paisajes-silenciosos-de-santos-y-eremitas-sabado-6-de-diciembre-de-2025\/#primaryimage","url":"https:\/\/turismo.benicassim.es\/wp-content\/uploads\/2024\/08\/28.-Paisajes-silenciosos-de-santos-y-eremitas-scaled.jpg","contentUrl":"https:\/\/turismo.benicassim.es\/wp-content\/uploads\/2024\/08\/28.-Paisajes-silenciosos-de-santos-y-eremitas-scaled.jpg","width":2560,"height":1707},{"@type":"BreadcrumbList","@id":"https:\/\/turismo.benicassim.es\/va\/producte\/paisajes-silenciosos-de-santos-y-eremitas-sabado-6-de-diciembre-de-2025\/#breadcrumb","itemListElement":[{"@type":"ListItem","position":1,"name":"Inicio","item":"https:\/\/turismo.benicassim.es\/va\/"},{"@type":"ListItem","position":2,"name":"Tenda","item":"https:\/\/turismo.benicassim.es\/va\/tenda\/"},{"@type":"ListItem","position":3,"name":"Paisatges silenciosos de sants i eremites. Dissabte, 6 de desembre de 2025."}]},{"@type":"WebSite","@id":"https:\/\/turismo.benicassim.es\/va\/#website","url":"https:\/\/turismo.benicassim.es\/va\/","name":"Benic\u00e0ssim Turismo","description":"Web de informaci\u00f3n de Turismo en Benicasim","potentialAction":[{"@type":"SearchAction","target":{"@type":"EntryPoint","urlTemplate":"https:\/\/turismo.benicassim.es\/va\/?s={search_term_string}"},"query-input":{"@type":"PropertyValueSpecification","valueRequired":true,"valueName":"search_term_string"}}],"inLanguage":"ca-CA"}]}},"_links":{"self":[{"href":"https:\/\/turismo.benicassim.es\/va\/wp-json\/wp\/v2\/product\/85000","targetHints":{"allow":["GET"]}}],"collection":[{"href":"https:\/\/turismo.benicassim.es\/va\/wp-json\/wp\/v2\/product"}],"about":[{"href":"https:\/\/turismo.benicassim.es\/va\/wp-json\/wp\/v2\/types\/product"}],"wp:featuredmedia":[{"embeddable":true,"href":"https:\/\/turismo.benicassim.es\/va\/wp-json\/wp\/v2\/media\/77977"}],"wp:attachment":[{"href":"https:\/\/turismo.benicassim.es\/va\/wp-json\/wp\/v2\/media?parent=85000"}],"wp:term":[{"taxonomy":"product_brand","embeddable":true,"href":"https:\/\/turismo.benicassim.es\/va\/wp-json\/wp\/v2\/product_brand?post=85000"},{"taxonomy":"product_cat","embeddable":true,"href":"https:\/\/turismo.benicassim.es\/va\/wp-json\/wp\/v2\/product_cat?post=85000"},{"taxonomy":"product_tag","embeddable":true,"href":"https:\/\/turismo.benicassim.es\/va\/wp-json\/wp\/v2\/product_tag?post=85000"}],"curies":[{"name":"wp","href":"https:\/\/api.w.org\/{rel}","templated":true}]}}