{"id":85019,"date":"2025-11-25T13:22:28","date_gmt":"2025-11-25T12:22:28","guid":{"rendered":"https:\/\/turismo.benicassim.es\/?post_type=product&#038;p=85019"},"modified":"2025-11-25T13:37:48","modified_gmt":"2025-11-25T12:37:48","slug":"las-calles-cantan-aves-urbanas-nuestras-grandes-aliadas-domingo-7-de-diciembre-de-2025","status":"publish","type":"product","link":"https:\/\/turismo.benicassim.es\/va\/producte\/las-calles-cantan-aves-urbanas-nuestras-grandes-aliadas-domingo-7-de-diciembre-de-2025\/","title":{"rendered":"Els carrers canten: aus urbanes, les nostres grans aliades. Diumenge, 7 de desembre de 2025."},"content":{"rendered":"<p align=\"left\"><span style=\"color: #000000;\"><span style=\"font-family: Liberation Serif, serif;\"><span style=\"font-size: medium;\"><span style=\"font-family: Montserrat, sans-serif;\"><span style=\"font-size: small;\">Diumenge, 7 de desembre (9:00h &#8211; 12:00h).<br \/>\nLloc: Tourist Info Casa Abadia. C\/ Santo Tom\u00e1s, 74-76.<br \/>\nDist\u00e0ncia: 5km (dificultat baixa).<br \/>\nP\u00fablic recomanat: Totes les edats.<br \/>\nPreu: 5\u20ac (2,50\u20ac redu\u00efda).<br \/>\nDescripci\u00f3: Benic\u00e0ssim \u00e9s molt m\u00e9s que platja, sol i estius plens de vida. Entre els seus carrers, arbres urbans i jardins amagats es desplega un paisatge sorprenentment viu per a qui s\u2019hi fixa amb atenci\u00f3. Acompanyats per un expert, farem una ruta ornitol\u00f2gica pel centre del poble per descobrir les moltes aus que fugen del fred del nord d\u2019Europa i troben refugi en teulades, parcs i hortes. Aprendrem a identificar els seus cants, els seus vols i les seues estrat\u00e8gies de superviv\u00e8ncia, descobrint un m\u00f3n alat que batega just damunt dels nostres caps.<br \/>\nRecomanacions: Durant la prestaci\u00f3 del servei no est\u00e0 perm\u00e9s l&#8217;acc\u00e9s amb animals (excepte gossos guia o d\u2019assist\u00e8ncia).<br \/>\n<\/span><\/span><\/span><\/span><\/span><\/p>\n","protected":false},"excerpt":{"rendered":"<p>Diumenge, 7 de desembre (9:00h &#8211; 12:00h). Lloc: Tourist Info Casa Abadia. C\/ Santo Tom\u00e1s, 74-76. Dist\u00e0ncia: 5km (dificultat baixa). P\u00fablic recomanat: Totes les edats. Preu: 5\u20ac (2,50\u20ac redu\u00efda). Descripci\u00f3: Benic\u00e0ssim \u00e9s molt m\u00e9s que platja, sol i estius plens de vida. Entre els seus carrers, arbres urbans i jardins amagats es desplega un paisatge [&hellip;]<\/p>\n","protected":false},"featured_media":85020,"template":"","meta":{"_acf_changed":false},"product_brand":[],"product_cat":[1521],"product_tag":[647,1088,649,607,739,551,681,1164],"class_list":{"0":"post-85019","1":"product","2":"type-product","3":"status-publish","4":"has-post-thumbnail","6":"product_cat-els-carrers-canten-aus-urbanes-les-nostres-grans-aliades","7":"product_tag-actividades-con-ninos-en-benicasim-va","8":"product_tag-actividades-familiares-en-benicasim-va","9":"product_tag-activitats-amb-xiquets-a-benicassim-va","10":"product_tag-benicassim-guided-tours-va","11":"product_tag-programa-oficial-de-visites-guiades-benicassim-va","12":"product_tag-programa-oficial-visitas-guiadas-benicasim-va","13":"product_tag-rutas-guiadas-benicasim-va","14":"product_tag-what-can-i-do-with-children-in-benicasim-va","16":"first","17":"instock","18":"shipping-taxable","19":"purchasable","20":"product-type-variable"},"acf":[],"yoast_head":"<!-- This site is optimized with the Yoast SEO plugin v27.4 - https:\/\/yoast.com\/product\/yoast-seo-wordpress\/ -->\n<title>Els carrers canten: aus urbanes, les nostres grans aliades. Diumenge, 7 de desembre de 2025. - Benic\u00e0ssim Turismo<\/title>\n<meta name=\"robots\" content=\"index, follow, max-snippet:-1, max-image-preview:large, max-video-preview:-1\" \/>\n<link rel=\"canonical\" href=\"https:\/\/turismo.benicassim.es\/va\/producte\/las-calles-cantan-aves-urbanas-nuestras-grandes-aliadas-domingo-7-de-diciembre-de-2025\/\" \/>\n<meta property=\"og:locale\" content=\"en_US\" \/>\n<meta property=\"og:type\" content=\"article\" \/>\n<meta property=\"og:title\" content=\"Els carrers canten: aus urbanes, les nostres grans aliades. Diumenge, 7 de desembre de 2025. - Benic\u00e0ssim Turismo\" \/>\n<meta property=\"og:description\" content=\"Diumenge, 7 de desembre (9:00h &#8211; 12:00h). Lloc: Tourist Info Casa Abadia. C\/ Santo Tom\u00e1s, 74-76. Dist\u00e0ncia: 5km (dificultat baixa). P\u00fablic recomanat: Totes les edats. Preu: 5\u20ac (2,50\u20ac redu\u00efda). Descripci\u00f3: Benic\u00e0ssim \u00e9s molt m\u00e9s que platja, sol i estius plens de vida. Entre els seus carrers, arbres urbans i jardins amagats es desplega un paisatge [&hellip;]\" \/>\n<meta property=\"og:url\" content=\"https:\/\/turismo.benicassim.es\/va\/producte\/las-calles-cantan-aves-urbanas-nuestras-grandes-aliadas-domingo-7-de-diciembre-de-2025\/\" \/>\n<meta property=\"og:site_name\" content=\"Benic\u00e0ssim Turismo\" \/>\n<meta property=\"article:modified_time\" content=\"2025-11-25T12:37:48+00:00\" \/>\n<meta property=\"og:image\" content=\"https:\/\/turismo.benicassim.es\/wp-content\/uploads\/2025\/11\/Abubilla.-Las-calles-cantan-2-scaled.jpg\" \/>\n\t<meta property=\"og:image:width\" content=\"1707\" \/>\n\t<meta property=\"og:image:height\" content=\"2560\" \/>\n\t<meta property=\"og:image:type\" content=\"image\/jpeg\" \/>\n<meta name=\"twitter:card\" content=\"summary_large_image\" \/>\n<meta name=\"twitter:label1\" content=\"Est. reading time\" \/>\n\t<meta name=\"twitter:data1\" content=\"1 minute\" \/>\n<script type=\"application\/ld+json\" class=\"yoast-schema-graph\">{\"@context\":\"https:\\\/\\\/schema.org\",\"@graph\":[{\"@type\":\"WebPage\",\"@id\":\"https:\\\/\\\/turismo.benicassim.es\\\/va\\\/producte\\\/las-calles-cantan-aves-urbanas-nuestras-grandes-aliadas-domingo-7-de-diciembre-de-2025\\\/\",\"url\":\"https:\\\/\\\/turismo.benicassim.es\\\/va\\\/producte\\\/las-calles-cantan-aves-urbanas-nuestras-grandes-aliadas-domingo-7-de-diciembre-de-2025\\\/\",\"name\":\"Els carrers canten: aus urbanes, les nostres grans aliades. Diumenge, 7 de desembre de 2025. - Benic\u00e0ssim Turismo\",\"isPartOf\":{\"@id\":\"https:\\\/\\\/turismo.benicassim.es\\\/va\\\/#website\"},\"primaryImageOfPage\":{\"@id\":\"https:\\\/\\\/turismo.benicassim.es\\\/va\\\/producte\\\/las-calles-cantan-aves-urbanas-nuestras-grandes-aliadas-domingo-7-de-diciembre-de-2025\\\/#primaryimage\"},\"image\":{\"@id\":\"https:\\\/\\\/turismo.benicassim.es\\\/va\\\/producte\\\/las-calles-cantan-aves-urbanas-nuestras-grandes-aliadas-domingo-7-de-diciembre-de-2025\\\/#primaryimage\"},\"thumbnailUrl\":\"https:\\\/\\\/turismo.benicassim.es\\\/wp-content\\\/uploads\\\/2025\\\/11\\\/Abubilla.-Las-calles-cantan-2-scaled.jpg\",\"datePublished\":\"2025-11-25T12:22:28+00:00\",\"dateModified\":\"2025-11-25T12:37:48+00:00\",\"breadcrumb\":{\"@id\":\"https:\\\/\\\/turismo.benicassim.es\\\/va\\\/producte\\\/las-calles-cantan-aves-urbanas-nuestras-grandes-aliadas-domingo-7-de-diciembre-de-2025\\\/#breadcrumb\"},\"inLanguage\":\"ca-CA\",\"potentialAction\":[{\"@type\":\"ReadAction\",\"target\":[\"https:\\\/\\\/turismo.benicassim.es\\\/va\\\/producte\\\/las-calles-cantan-aves-urbanas-nuestras-grandes-aliadas-domingo-7-de-diciembre-de-2025\\\/\"]}]},{\"@type\":\"ImageObject\",\"inLanguage\":\"ca-CA\",\"@id\":\"https:\\\/\\\/turismo.benicassim.es\\\/va\\\/producte\\\/las-calles-cantan-aves-urbanas-nuestras-grandes-aliadas-domingo-7-de-diciembre-de-2025\\\/#primaryimage\",\"url\":\"https:\\\/\\\/turismo.benicassim.es\\\/wp-content\\\/uploads\\\/2025\\\/11\\\/Abubilla.-Las-calles-cantan-2-scaled.jpg\",\"contentUrl\":\"https:\\\/\\\/turismo.benicassim.es\\\/wp-content\\\/uploads\\\/2025\\\/11\\\/Abubilla.-Las-calles-cantan-2-scaled.jpg\",\"width\":1707,\"height\":2560,\"caption\":\"A vertical selective focus shot of an exotic black and orange bird sitting on the branch of a tree\"},{\"@type\":\"BreadcrumbList\",\"@id\":\"https:\\\/\\\/turismo.benicassim.es\\\/va\\\/producte\\\/las-calles-cantan-aves-urbanas-nuestras-grandes-aliadas-domingo-7-de-diciembre-de-2025\\\/#breadcrumb\",\"itemListElement\":[{\"@type\":\"ListItem\",\"position\":1,\"name\":\"Inicio\",\"item\":\"https:\\\/\\\/turismo.benicassim.es\\\/va\\\/\"},{\"@type\":\"ListItem\",\"position\":2,\"name\":\"Tenda\",\"item\":\"https:\\\/\\\/turismo.benicassim.es\\\/va\\\/tenda\\\/\"},{\"@type\":\"ListItem\",\"position\":3,\"name\":\"Els carrers canten: aus urbanes, les nostres grans aliades. Diumenge, 7 de desembre de 2025.\"}]},{\"@type\":\"WebSite\",\"@id\":\"https:\\\/\\\/turismo.benicassim.es\\\/va\\\/#website\",\"url\":\"https:\\\/\\\/turismo.benicassim.es\\\/va\\\/\",\"name\":\"Benic\u00e0ssim Turismo\",\"description\":\"Web de informaci\u00f3n de Turismo en Benicasim\",\"potentialAction\":[{\"@type\":\"SearchAction\",\"target\":{\"@type\":\"EntryPoint\",\"urlTemplate\":\"https:\\\/\\\/turismo.benicassim.es\\\/va\\\/?s={search_term_string}\"},\"query-input\":{\"@type\":\"PropertyValueSpecification\",\"valueRequired\":true,\"valueName\":\"search_term_string\"}}],\"inLanguage\":\"ca-CA\"}]}<\/script>\n<!-- \/ Yoast SEO plugin. -->","yoast_head_json":{"title":"Els carrers canten: aus urbanes, les nostres grans aliades. Diumenge, 7 de desembre de 2025. - Benic\u00e0ssim Turismo","robots":{"index":"index","follow":"follow","max-snippet":"max-snippet:-1","max-image-preview":"max-image-preview:large","max-video-preview":"max-video-preview:-1"},"canonical":"https:\/\/turismo.benicassim.es\/va\/producte\/las-calles-cantan-aves-urbanas-nuestras-grandes-aliadas-domingo-7-de-diciembre-de-2025\/","og_locale":"en_US","og_type":"article","og_title":"Els carrers canten: aus urbanes, les nostres grans aliades. Diumenge, 7 de desembre de 2025. - Benic\u00e0ssim Turismo","og_description":"Diumenge, 7 de desembre (9:00h &#8211; 12:00h). Lloc: Tourist Info Casa Abadia. C\/ Santo Tom\u00e1s, 74-76. Dist\u00e0ncia: 5km (dificultat baixa). P\u00fablic recomanat: Totes les edats. Preu: 5\u20ac (2,50\u20ac redu\u00efda). Descripci\u00f3: Benic\u00e0ssim \u00e9s molt m\u00e9s que platja, sol i estius plens de vida. Entre els seus carrers, arbres urbans i jardins amagats es desplega un paisatge [&hellip;]","og_url":"https:\/\/turismo.benicassim.es\/va\/producte\/las-calles-cantan-aves-urbanas-nuestras-grandes-aliadas-domingo-7-de-diciembre-de-2025\/","og_site_name":"Benic\u00e0ssim Turismo","article_modified_time":"2025-11-25T12:37:48+00:00","og_image":[{"width":1707,"height":2560,"url":"https:\/\/turismo.benicassim.es\/wp-content\/uploads\/2025\/11\/Abubilla.-Las-calles-cantan-2-scaled.jpg","type":"image\/jpeg"}],"twitter_card":"summary_large_image","twitter_misc":{"Est. reading time":"1 minute"},"schema":{"@context":"https:\/\/schema.org","@graph":[{"@type":"WebPage","@id":"https:\/\/turismo.benicassim.es\/va\/producte\/las-calles-cantan-aves-urbanas-nuestras-grandes-aliadas-domingo-7-de-diciembre-de-2025\/","url":"https:\/\/turismo.benicassim.es\/va\/producte\/las-calles-cantan-aves-urbanas-nuestras-grandes-aliadas-domingo-7-de-diciembre-de-2025\/","name":"Els carrers canten: aus urbanes, les nostres grans aliades. Diumenge, 7 de desembre de 2025. - Benic\u00e0ssim Turismo","isPartOf":{"@id":"https:\/\/turismo.benicassim.es\/va\/#website"},"primaryImageOfPage":{"@id":"https:\/\/turismo.benicassim.es\/va\/producte\/las-calles-cantan-aves-urbanas-nuestras-grandes-aliadas-domingo-7-de-diciembre-de-2025\/#primaryimage"},"image":{"@id":"https:\/\/turismo.benicassim.es\/va\/producte\/las-calles-cantan-aves-urbanas-nuestras-grandes-aliadas-domingo-7-de-diciembre-de-2025\/#primaryimage"},"thumbnailUrl":"https:\/\/turismo.benicassim.es\/wp-content\/uploads\/2025\/11\/Abubilla.-Las-calles-cantan-2-scaled.jpg","datePublished":"2025-11-25T12:22:28+00:00","dateModified":"2025-11-25T12:37:48+00:00","breadcrumb":{"@id":"https:\/\/turismo.benicassim.es\/va\/producte\/las-calles-cantan-aves-urbanas-nuestras-grandes-aliadas-domingo-7-de-diciembre-de-2025\/#breadcrumb"},"inLanguage":"ca-CA","potentialAction":[{"@type":"ReadAction","target":["https:\/\/turismo.benicassim.es\/va\/producte\/las-calles-cantan-aves-urbanas-nuestras-grandes-aliadas-domingo-7-de-diciembre-de-2025\/"]}]},{"@type":"ImageObject","inLanguage":"ca-CA","@id":"https:\/\/turismo.benicassim.es\/va\/producte\/las-calles-cantan-aves-urbanas-nuestras-grandes-aliadas-domingo-7-de-diciembre-de-2025\/#primaryimage","url":"https:\/\/turismo.benicassim.es\/wp-content\/uploads\/2025\/11\/Abubilla.-Las-calles-cantan-2-scaled.jpg","contentUrl":"https:\/\/turismo.benicassim.es\/wp-content\/uploads\/2025\/11\/Abubilla.-Las-calles-cantan-2-scaled.jpg","width":1707,"height":2560,"caption":"A vertical selective focus shot of an exotic black and orange bird sitting on the branch of a tree"},{"@type":"BreadcrumbList","@id":"https:\/\/turismo.benicassim.es\/va\/producte\/las-calles-cantan-aves-urbanas-nuestras-grandes-aliadas-domingo-7-de-diciembre-de-2025\/#breadcrumb","itemListElement":[{"@type":"ListItem","position":1,"name":"Inicio","item":"https:\/\/turismo.benicassim.es\/va\/"},{"@type":"ListItem","position":2,"name":"Tenda","item":"https:\/\/turismo.benicassim.es\/va\/tenda\/"},{"@type":"ListItem","position":3,"name":"Els carrers canten: aus urbanes, les nostres grans aliades. Diumenge, 7 de desembre de 2025."}]},{"@type":"WebSite","@id":"https:\/\/turismo.benicassim.es\/va\/#website","url":"https:\/\/turismo.benicassim.es\/va\/","name":"Benic\u00e0ssim Turismo","description":"Web de informaci\u00f3n de Turismo en Benicasim","potentialAction":[{"@type":"SearchAction","target":{"@type":"EntryPoint","urlTemplate":"https:\/\/turismo.benicassim.es\/va\/?s={search_term_string}"},"query-input":{"@type":"PropertyValueSpecification","valueRequired":true,"valueName":"search_term_string"}}],"inLanguage":"ca-CA"}]}},"_links":{"self":[{"href":"https:\/\/turismo.benicassim.es\/va\/wp-json\/wp\/v2\/product\/85019","targetHints":{"allow":["GET"]}}],"collection":[{"href":"https:\/\/turismo.benicassim.es\/va\/wp-json\/wp\/v2\/product"}],"about":[{"href":"https:\/\/turismo.benicassim.es\/va\/wp-json\/wp\/v2\/types\/product"}],"wp:featuredmedia":[{"embeddable":true,"href":"https:\/\/turismo.benicassim.es\/va\/wp-json\/wp\/v2\/media\/85020"}],"wp:attachment":[{"href":"https:\/\/turismo.benicassim.es\/va\/wp-json\/wp\/v2\/media?parent=85019"}],"wp:term":[{"taxonomy":"product_brand","embeddable":true,"href":"https:\/\/turismo.benicassim.es\/va\/wp-json\/wp\/v2\/product_brand?post=85019"},{"taxonomy":"product_cat","embeddable":true,"href":"https:\/\/turismo.benicassim.es\/va\/wp-json\/wp\/v2\/product_cat?post=85019"},{"taxonomy":"product_tag","embeddable":true,"href":"https:\/\/turismo.benicassim.es\/va\/wp-json\/wp\/v2\/product_tag?post=85019"}],"curies":[{"name":"wp","href":"https:\/\/api.w.org\/{rel}","templated":true}]}}