{"id":85379,"date":"2025-12-22T10:29:44","date_gmt":"2025-12-22T09:29:44","guid":{"rendered":"https:\/\/turismo.benicassim.es\/producto\/entre-castillos-medievales-y-hoteles-vanguardistas-sabado-31-de-enero-de-2026\/"},"modified":"2025-12-22T10:33:49","modified_gmt":"2025-12-22T09:33:49","slug":"entre-castillos-medievales-y-hoteles-vanguardistas-sabado-31-de-enero-de-2026","status":"publish","type":"product","link":"https:\/\/turismo.benicassim.es\/va\/producte\/entre-castillos-medievales-y-hoteles-vanguardistas-sabado-31-de-enero-de-2026\/","title":{"rendered":"Entre castells medievals i hotels avantguardistes. Dissabte, 31 de gener de 2026."},"content":{"rendered":"<p><span style=\"font-family: Liberation Serif, serif;\"><span style=\"font-size: medium;\"><span style=\"color: #000000;\"><span style=\"font-family: Montserrat, sans-serif;\"><span style=\"font-size: small;\">Dissabte, 31 de gener (<\/span><\/span><\/span><span style=\"color: #000000;\"><span style=\"font-family: Montserrat, sans-serif;\"><span style=\"font-size: small;\">11:00<\/span><\/span><\/span><span style=\"color: #000000;\"><span style=\"font-family: Montserrat, sans-serif;\"><span style=\"font-size: small;\">h<\/span><\/span><\/span><span style=\"color: #000000;\"><span style=\"font-family: Montserrat, sans-serif;\"><span style=\"font-size: small;\"> \u2013 13:00h<\/span><\/span><\/span><span style=\"color: #000000;\"><span style=\"font-family: Montserrat, sans-serif;\"><span style=\"font-size: small;\">).<br \/>\n<\/span><\/span><\/span><\/span><\/span><span style=\"font-family: Liberation Serif, serif;\"><span style=\"font-size: medium;\"><span style=\"color: #000000;\"><span style=\"font-family: Montserrat, sans-serif;\"><span style=\"font-size: small;\">Lloc: Tourist Info Casa Abadia. C\/ Santo Tom\u00e1s, 74-76.<br \/>\nDist\u00e0ncia: 2,5 km.<br \/>\nDificultat: Baixa.<br \/>\nP\u00fablic recomanat: P\u00fablic general.<br \/>\nPreu: 3 \u20ac (1,50 \u20ac redu\u00efda).<br \/>\nDescripci\u00f3: Aquesta visita guiada \u00e9s \u00fanica en el seu g\u00e8nere: poques vegades es comen\u00e7a un recorregut tur\u00edstic dient que ning\u00fa volia viure en el lloc visitat. Com pot ser, si hui estem en una de les ciutats m\u00e9s cobejades? Benic\u00e0ssim amaga una enorme quantitat de secrets. Comen\u00e7ant pel seu nucli primigeni al castell del Sentinella, recorrerem els carrers i places, els personatges i les iniciatives hist\u00f2riques que, amb moltes dificultats que es desgranaran en el passeig, van donar finalment vida a un poble que, contra tot pron\u00f2stic, va acabar sent pioner en el sector del turisme en tota Espanya i conegut com el Biarritz valenci\u00e0.<br \/>\nRecomanacions: Durant la prestaci\u00f3 del servei no es permet l&#8217;acc\u00e9s amb animals (excepte gossos d&#8217;assist\u00e8ncia o guia)\u00a0<\/span><\/span><\/span><\/span><\/span><\/p>\n","protected":false},"excerpt":{"rendered":"<p>Dissabte, 31 de gener (11:00h \u2013 13:00h). Lloc: Tourist Info Casa Abadia. C\/ Santo Tom\u00e1s, 74-76. Dist\u00e0ncia: 2,5 km. Dificultat: Baixa. P\u00fablic recomanat: P\u00fablic general. Preu: 3 \u20ac (1,50 \u20ac redu\u00efda). Descripci\u00f3: Aquesta visita guiada \u00e9s \u00fanica en el seu g\u00e8nere: poques vegades es comen\u00e7a un recorregut tur\u00edstic dient que ning\u00fa volia viure en el [&hellip;]<\/p>\n","protected":false},"featured_media":80264,"template":"","meta":{"_acf_changed":false},"product_brand":[],"product_cat":[1403],"product_tag":[647,1088,497,607,339,729,739,681,556,555],"class_list":{"0":"post-85379","1":"product","2":"type-product","3":"status-publish","4":"has-post-thumbnail","6":"product_cat-entre-castells-medievals-i-hotels-avantguardistes","7":"product_tag-actividades-con-ninos-en-benicasim-va","8":"product_tag-actividades-familiares-en-benicasim-va","9":"product_tag-benicassim-va","10":"product_tag-benicassim-guided-tours-va","11":"product_tag-programa-oficial-de-visitas-guiadas-va","12":"product_tag-programa-oficial-de-visitas-guiadas-benicasim-va","13":"product_tag-programa-oficial-de-visites-guiades-benicassim-va","14":"product_tag-rutas-guiadas-benicasim-va","15":"product_tag-rutes-guiades-benicassim","16":"product_tag-visites-guiades-benicassim","18":"first","19":"instock","20":"shipping-taxable","21":"purchasable","22":"product-type-variable"},"acf":[],"yoast_head":"<!-- This site is optimized with the Yoast SEO plugin v27.4 - https:\/\/yoast.com\/product\/yoast-seo-wordpress\/ -->\n<title>Entre castells medievals i hotels avantguardistes. Dissabte, 31 de gener de 2026. - Benic\u00e0ssim Turismo<\/title>\n<meta name=\"robots\" content=\"index, follow, max-snippet:-1, max-image-preview:large, max-video-preview:-1\" \/>\n<link rel=\"canonical\" href=\"https:\/\/turismo.benicassim.es\/va\/producte\/entre-castillos-medievales-y-hoteles-vanguardistas-sabado-31-de-enero-de-2026\/\" \/>\n<meta property=\"og:locale\" content=\"en_US\" \/>\n<meta property=\"og:type\" content=\"article\" \/>\n<meta property=\"og:title\" content=\"Entre castells medievals i hotels avantguardistes. Dissabte, 31 de gener de 2026. - Benic\u00e0ssim Turismo\" \/>\n<meta property=\"og:description\" content=\"Dissabte, 31 de gener (11:00h \u2013 13:00h). Lloc: Tourist Info Casa Abadia. C\/ Santo Tom\u00e1s, 74-76. Dist\u00e0ncia: 2,5 km. Dificultat: Baixa. P\u00fablic recomanat: P\u00fablic general. Preu: 3 \u20ac (1,50 \u20ac redu\u00efda). Descripci\u00f3: Aquesta visita guiada \u00e9s \u00fanica en el seu g\u00e8nere: poques vegades es comen\u00e7a un recorregut tur\u00edstic dient que ning\u00fa volia viure en el [&hellip;]\" \/>\n<meta property=\"og:url\" content=\"https:\/\/turismo.benicassim.es\/va\/producte\/entre-castillos-medievales-y-hoteles-vanguardistas-sabado-31-de-enero-de-2026\/\" \/>\n<meta property=\"og:site_name\" content=\"Benic\u00e0ssim Turismo\" \/>\n<meta property=\"article:modified_time\" content=\"2025-12-22T09:33:49+00:00\" \/>\n<meta property=\"og:image\" content=\"https:\/\/turismo.benicassim.es\/wp-content\/uploads\/2025\/02\/Entre-castillos-medievales-y-hoteles-vanguardistas-scaled.jpg\" \/>\n\t<meta property=\"og:image:width\" content=\"1648\" \/>\n\t<meta property=\"og:image:height\" content=\"2560\" \/>\n\t<meta property=\"og:image:type\" content=\"image\/jpeg\" \/>\n<meta name=\"twitter:card\" content=\"summary_large_image\" \/>\n<meta name=\"twitter:label1\" content=\"Est. reading time\" \/>\n\t<meta name=\"twitter:data1\" content=\"1 minute\" \/>\n<script type=\"application\/ld+json\" class=\"yoast-schema-graph\">{\"@context\":\"https:\\\/\\\/schema.org\",\"@graph\":[{\"@type\":\"WebPage\",\"@id\":\"https:\\\/\\\/turismo.benicassim.es\\\/va\\\/producte\\\/entre-castillos-medievales-y-hoteles-vanguardistas-sabado-31-de-enero-de-2026\\\/\",\"url\":\"https:\\\/\\\/turismo.benicassim.es\\\/va\\\/producte\\\/entre-castillos-medievales-y-hoteles-vanguardistas-sabado-31-de-enero-de-2026\\\/\",\"name\":\"Entre castells medievals i hotels avantguardistes. Dissabte, 31 de gener de 2026. - Benic\u00e0ssim Turismo\",\"isPartOf\":{\"@id\":\"https:\\\/\\\/turismo.benicassim.es\\\/va\\\/#website\"},\"primaryImageOfPage\":{\"@id\":\"https:\\\/\\\/turismo.benicassim.es\\\/va\\\/producte\\\/entre-castillos-medievales-y-hoteles-vanguardistas-sabado-31-de-enero-de-2026\\\/#primaryimage\"},\"image\":{\"@id\":\"https:\\\/\\\/turismo.benicassim.es\\\/va\\\/producte\\\/entre-castillos-medievales-y-hoteles-vanguardistas-sabado-31-de-enero-de-2026\\\/#primaryimage\"},\"thumbnailUrl\":\"https:\\\/\\\/turismo.benicassim.es\\\/wp-content\\\/uploads\\\/2025\\\/02\\\/Entre-castillos-medievales-y-hoteles-vanguardistas-scaled.jpg\",\"datePublished\":\"2025-12-22T09:29:44+00:00\",\"dateModified\":\"2025-12-22T09:33:49+00:00\",\"breadcrumb\":{\"@id\":\"https:\\\/\\\/turismo.benicassim.es\\\/va\\\/producte\\\/entre-castillos-medievales-y-hoteles-vanguardistas-sabado-31-de-enero-de-2026\\\/#breadcrumb\"},\"inLanguage\":\"ca-CA\",\"potentialAction\":[{\"@type\":\"ReadAction\",\"target\":[\"https:\\\/\\\/turismo.benicassim.es\\\/va\\\/producte\\\/entre-castillos-medievales-y-hoteles-vanguardistas-sabado-31-de-enero-de-2026\\\/\"]}]},{\"@type\":\"ImageObject\",\"inLanguage\":\"ca-CA\",\"@id\":\"https:\\\/\\\/turismo.benicassim.es\\\/va\\\/producte\\\/entre-castillos-medievales-y-hoteles-vanguardistas-sabado-31-de-enero-de-2026\\\/#primaryimage\",\"url\":\"https:\\\/\\\/turismo.benicassim.es\\\/wp-content\\\/uploads\\\/2025\\\/02\\\/Entre-castillos-medievales-y-hoteles-vanguardistas-scaled.jpg\",\"contentUrl\":\"https:\\\/\\\/turismo.benicassim.es\\\/wp-content\\\/uploads\\\/2025\\\/02\\\/Entre-castillos-medievales-y-hoteles-vanguardistas-scaled.jpg\",\"width\":1648,\"height\":2560},{\"@type\":\"BreadcrumbList\",\"@id\":\"https:\\\/\\\/turismo.benicassim.es\\\/va\\\/producte\\\/entre-castillos-medievales-y-hoteles-vanguardistas-sabado-31-de-enero-de-2026\\\/#breadcrumb\",\"itemListElement\":[{\"@type\":\"ListItem\",\"position\":1,\"name\":\"Inicio\",\"item\":\"https:\\\/\\\/turismo.benicassim.es\\\/va\\\/\"},{\"@type\":\"ListItem\",\"position\":2,\"name\":\"Tenda\",\"item\":\"https:\\\/\\\/turismo.benicassim.es\\\/va\\\/tenda\\\/\"},{\"@type\":\"ListItem\",\"position\":3,\"name\":\"Entre castells medievals i hotels avantguardistes. Dissabte, 31 de gener de 2026.\"}]},{\"@type\":\"WebSite\",\"@id\":\"https:\\\/\\\/turismo.benicassim.es\\\/va\\\/#website\",\"url\":\"https:\\\/\\\/turismo.benicassim.es\\\/va\\\/\",\"name\":\"Benic\u00e0ssim Turismo\",\"description\":\"Web de informaci\u00f3n de Turismo en Benicasim\",\"potentialAction\":[{\"@type\":\"SearchAction\",\"target\":{\"@type\":\"EntryPoint\",\"urlTemplate\":\"https:\\\/\\\/turismo.benicassim.es\\\/va\\\/?s={search_term_string}\"},\"query-input\":{\"@type\":\"PropertyValueSpecification\",\"valueRequired\":true,\"valueName\":\"search_term_string\"}}],\"inLanguage\":\"ca-CA\"}]}<\/script>\n<!-- \/ Yoast SEO plugin. -->","yoast_head_json":{"title":"Entre castells medievals i hotels avantguardistes. Dissabte, 31 de gener de 2026. - Benic\u00e0ssim Turismo","robots":{"index":"index","follow":"follow","max-snippet":"max-snippet:-1","max-image-preview":"max-image-preview:large","max-video-preview":"max-video-preview:-1"},"canonical":"https:\/\/turismo.benicassim.es\/va\/producte\/entre-castillos-medievales-y-hoteles-vanguardistas-sabado-31-de-enero-de-2026\/","og_locale":"en_US","og_type":"article","og_title":"Entre castells medievals i hotels avantguardistes. Dissabte, 31 de gener de 2026. - Benic\u00e0ssim Turismo","og_description":"Dissabte, 31 de gener (11:00h \u2013 13:00h). Lloc: Tourist Info Casa Abadia. C\/ Santo Tom\u00e1s, 74-76. Dist\u00e0ncia: 2,5 km. Dificultat: Baixa. P\u00fablic recomanat: P\u00fablic general. Preu: 3 \u20ac (1,50 \u20ac redu\u00efda). Descripci\u00f3: Aquesta visita guiada \u00e9s \u00fanica en el seu g\u00e8nere: poques vegades es comen\u00e7a un recorregut tur\u00edstic dient que ning\u00fa volia viure en el [&hellip;]","og_url":"https:\/\/turismo.benicassim.es\/va\/producte\/entre-castillos-medievales-y-hoteles-vanguardistas-sabado-31-de-enero-de-2026\/","og_site_name":"Benic\u00e0ssim Turismo","article_modified_time":"2025-12-22T09:33:49+00:00","og_image":[{"width":1648,"height":2560,"url":"https:\/\/turismo.benicassim.es\/wp-content\/uploads\/2025\/02\/Entre-castillos-medievales-y-hoteles-vanguardistas-scaled.jpg","type":"image\/jpeg"}],"twitter_card":"summary_large_image","twitter_misc":{"Est. reading time":"1 minute"},"schema":{"@context":"https:\/\/schema.org","@graph":[{"@type":"WebPage","@id":"https:\/\/turismo.benicassim.es\/va\/producte\/entre-castillos-medievales-y-hoteles-vanguardistas-sabado-31-de-enero-de-2026\/","url":"https:\/\/turismo.benicassim.es\/va\/producte\/entre-castillos-medievales-y-hoteles-vanguardistas-sabado-31-de-enero-de-2026\/","name":"Entre castells medievals i hotels avantguardistes. Dissabte, 31 de gener de 2026. - Benic\u00e0ssim Turismo","isPartOf":{"@id":"https:\/\/turismo.benicassim.es\/va\/#website"},"primaryImageOfPage":{"@id":"https:\/\/turismo.benicassim.es\/va\/producte\/entre-castillos-medievales-y-hoteles-vanguardistas-sabado-31-de-enero-de-2026\/#primaryimage"},"image":{"@id":"https:\/\/turismo.benicassim.es\/va\/producte\/entre-castillos-medievales-y-hoteles-vanguardistas-sabado-31-de-enero-de-2026\/#primaryimage"},"thumbnailUrl":"https:\/\/turismo.benicassim.es\/wp-content\/uploads\/2025\/02\/Entre-castillos-medievales-y-hoteles-vanguardistas-scaled.jpg","datePublished":"2025-12-22T09:29:44+00:00","dateModified":"2025-12-22T09:33:49+00:00","breadcrumb":{"@id":"https:\/\/turismo.benicassim.es\/va\/producte\/entre-castillos-medievales-y-hoteles-vanguardistas-sabado-31-de-enero-de-2026\/#breadcrumb"},"inLanguage":"ca-CA","potentialAction":[{"@type":"ReadAction","target":["https:\/\/turismo.benicassim.es\/va\/producte\/entre-castillos-medievales-y-hoteles-vanguardistas-sabado-31-de-enero-de-2026\/"]}]},{"@type":"ImageObject","inLanguage":"ca-CA","@id":"https:\/\/turismo.benicassim.es\/va\/producte\/entre-castillos-medievales-y-hoteles-vanguardistas-sabado-31-de-enero-de-2026\/#primaryimage","url":"https:\/\/turismo.benicassim.es\/wp-content\/uploads\/2025\/02\/Entre-castillos-medievales-y-hoteles-vanguardistas-scaled.jpg","contentUrl":"https:\/\/turismo.benicassim.es\/wp-content\/uploads\/2025\/02\/Entre-castillos-medievales-y-hoteles-vanguardistas-scaled.jpg","width":1648,"height":2560},{"@type":"BreadcrumbList","@id":"https:\/\/turismo.benicassim.es\/va\/producte\/entre-castillos-medievales-y-hoteles-vanguardistas-sabado-31-de-enero-de-2026\/#breadcrumb","itemListElement":[{"@type":"ListItem","position":1,"name":"Inicio","item":"https:\/\/turismo.benicassim.es\/va\/"},{"@type":"ListItem","position":2,"name":"Tenda","item":"https:\/\/turismo.benicassim.es\/va\/tenda\/"},{"@type":"ListItem","position":3,"name":"Entre castells medievals i hotels avantguardistes. Dissabte, 31 de gener de 2026."}]},{"@type":"WebSite","@id":"https:\/\/turismo.benicassim.es\/va\/#website","url":"https:\/\/turismo.benicassim.es\/va\/","name":"Benic\u00e0ssim Turismo","description":"Web de informaci\u00f3n de Turismo en Benicasim","potentialAction":[{"@type":"SearchAction","target":{"@type":"EntryPoint","urlTemplate":"https:\/\/turismo.benicassim.es\/va\/?s={search_term_string}"},"query-input":{"@type":"PropertyValueSpecification","valueRequired":true,"valueName":"search_term_string"}}],"inLanguage":"ca-CA"}]}},"_links":{"self":[{"href":"https:\/\/turismo.benicassim.es\/va\/wp-json\/wp\/v2\/product\/85379","targetHints":{"allow":["GET"]}}],"collection":[{"href":"https:\/\/turismo.benicassim.es\/va\/wp-json\/wp\/v2\/product"}],"about":[{"href":"https:\/\/turismo.benicassim.es\/va\/wp-json\/wp\/v2\/types\/product"}],"wp:featuredmedia":[{"embeddable":true,"href":"https:\/\/turismo.benicassim.es\/va\/wp-json\/wp\/v2\/media\/80264"}],"wp:attachment":[{"href":"https:\/\/turismo.benicassim.es\/va\/wp-json\/wp\/v2\/media?parent=85379"}],"wp:term":[{"taxonomy":"product_brand","embeddable":true,"href":"https:\/\/turismo.benicassim.es\/va\/wp-json\/wp\/v2\/product_brand?post=85379"},{"taxonomy":"product_cat","embeddable":true,"href":"https:\/\/turismo.benicassim.es\/va\/wp-json\/wp\/v2\/product_cat?post=85379"},{"taxonomy":"product_tag","embeddable":true,"href":"https:\/\/turismo.benicassim.es\/va\/wp-json\/wp\/v2\/product_tag?post=85379"}],"curies":[{"name":"wp","href":"https:\/\/api.w.org\/{rel}","templated":true}]}}